{"id":129,"date":"2019-03-20T04:12:33","date_gmt":"2019-03-20T04:12:33","guid":{"rendered":"https:\/\/goya.everthemes.com\/demo-basic\/?page_id=129"},"modified":"2024-06-03T15:05:06","modified_gmt":"2024-06-03T15:05:06","slug":"apie","status":"publish","type":"page","link":"https:\/\/levandupieva.lt\/en\/apie\/","title":{"rendered":"Apie mus"},"content":{"rendered":"<div class=\"wpb-content-wrapper\"><div  class=\"sec_row container\"><div class=\"vc_row wpb_row vc_row-fluid\"><div class=\"wpb_column vc_column_container vc_col-sm-12 et-dark-column\"><div class=\"vc_column-inner\"><div class=\"wpb_wrapper\"><\/div><\/div><\/div><\/div><\/div><div  class=\"sec_row container\"><div class=\"vc_row wpb_row vc_row-fluid\"><div class=\"wpb_column vc_column_container vc_col-sm-2 et-dark-column\"><div class=\"vc_column-inner\"><div class=\"wpb_wrapper\"><\/div><\/div><\/div><div class=\"wpb_column vc_column_container vc_col-sm-8 et-dark-column\"><div class=\"vc_column-inner\"><div class=\"wpb_wrapper\">\n\t<div class=\"wpb_text_column wpb_content_element\" >\n\t\t<div class=\"wpb_wrapper\">\n\t\t\t<p class=\"p1\"><span class=\"s1\">Nat\u016bralios kosmetikos gamyba prad\u0117jome dom\u0117tis daugiau kaip prie\u0161 de\u0161imt met\u0173<\/span>, kaip ir pa\u010diomis levandomis, kurios u\u017eb\u016br\u0117 savo kvapu, gro\u017eiu, veiksming\u0173 savybi\u0173 ir j\u0173 panaudojimo b\u016bd\u0173 \u012fvairove. M\u016bs\u0173 kasdienyb\u0117je levandos karaliauja daugelyje sri\u010di\u0173: aromaterapijoje, kosmetikos gamyboje ir kulinarijoje. Savo kolekcijoje turime \u012fvairi\u0173 levand\u0173 ir levandin\u0173 eterini\u0173 aliej\u0173 r\u016b\u0161i\u0173 i\u0161 aplankyt\u0173 \u0161ali\u0173. Nuostabu, kaip tas pats augalas gali skirtingai kvep\u0117ti \u2013 priklausomai nuo auginimo s\u0105lyg\u0173, klimato ir daug kit\u0173 veiksni\u0173.<span class=\"Apple-converted-space\">\u00a0<\/span><\/p>\n<p class=\"p3\">Savo \u017einiomis bei i\u0161 levand\u0173 i\u0161gautais kvapais dalinam\u0117s nat\u016bralios kosmetikos gamybos u\u017esi\u0117mimuose, kuriuos galite u\u017esisakyti individualioms \u0161vent\u0117ms: mergvakariams, gimtadieniams, \u012fmoni\u0173 renginiams ir pan. U\u017esi\u0117mim\u0173 metu pasakojame kvapnias istorijas, atskleid\u017eiame kvepal\u0173 k\u016brimo meno subtilybes, pasidaliju \u017einiomis apie nat\u016bralius kvapus, naudojamus ingredientus, kosmetikos gamybos procesus. \u0160auniai leisdami laik\u0105 teorij\u0105 jungiame su praktika \u2013 degustuojame kvapus ir gaminame nat\u016brali\u0105 kosmetik\u0105.<span class=\"Apple-converted-space\">\u00a0<\/span><\/p>\n<p class=\"p1\">Keliaudami po sve\u010dias \u0161alis ie\u0161kome ne tik vietiniuose \u016bkiuose i\u0161distiliuot\u0173 levand\u0173 eterini\u0173 aliej\u0173, ta\u010diau ir kit\u0173 auk\u0161\u010diausios kokyb\u0117s \u017ealiav\u0173, kurias ir naudojame kosmetikos gamybos u\u017esi\u0117mimuose. \u0160ias \u017ealiavas ir speciali\u0105 tar\u0105 taip pat galite \u012fsigyti internetin\u0117je parduotuv\u0117je ir, pritaik\u0119 u\u017esi\u0117mim\u0173 met\u0173 \u012fgytas \u017einias, savaranki\u0161kai namuose gaminti nat\u016brali\u0105 kosmetik\u0105 sau ir savo artimiesiems.<\/p>\n<p class=\"p1\">Iki jauki\u0173 susitikim\u0173!<\/p>\n<p class=\"p1\">Su \u0161il\u010diausiais link\u0117jimais<\/p>\n<p class=\"p1\">Giedrius ir Monika<\/p>\n\n\t\t<\/div>\n\t<\/div>\n<\/div><\/div><\/div><div class=\"wpb_column vc_column_container vc_col-sm-2 et-dark-column\"><div class=\"vc_column-inner\"><div class=\"wpb_wrapper\"><\/div><\/div><\/div><\/div><\/div><div  class=\"sec_row container\"><div class=\"vc_row wpb_row vc_row-fluid\"><div class=\"wpb_column vc_column_container vc_col-sm-12 et-dark-column\"><div class=\"vc_column-inner\"><div class=\"wpb_wrapper\"><div class=\"vc_empty_space\"   style=\"height: 32px\"><span class=\"vc_empty_space_inner\"><\/span><\/div><\/div><\/div><\/div><\/div><\/div>\n<\/div>","protected":false},"excerpt":{"rendered":"Nat\u016bralios kosmetikos gamyba prad\u0117jome dom\u0117tis daugiau kaip prie\u0161 de\u0161imt met\u0173, kaip ir pa\u010diomis levandomis, kurios u\u017eb\u016br\u0117 savo kvapu, gro\u017eiu, veiksming\u0173 savybi\u0173 ir j\u0173 panaudojimo b\u016bd\u0173 \u012fvairove. M\u016bs\u0173 kasdienyb\u0117je levandos karaliauja daugelyje sri\u010di\u0173: aromaterapijoje, kosmetikos gamyboje ir kulinarijoje. Savo kolekcijoje turime \u012fvairi\u0173 levand\u0173 ir levandin\u0173 eterini\u0173 aliej\u0173 r\u016b\u0161i\u0173 i\u0161 aplankyt\u0173 \u0161ali\u0173. [...]","protected":false},"author":1,"featured_media":0,"parent":0,"menu_order":0,"comment_status":"closed","ping_status":"closed","template":"","meta":{"footnotes":""},"class_list":["post-129","page","type-page","status-publish","hentry"],"yoast_head":"<!-- This site is optimized with the Yoast SEO plugin v24.8.1 - https:\/\/yoast.com\/wordpress\/plugins\/seo\/ -->\n<title>Apie mus - Levand\u0173 pieva<\/title>\n<meta name=\"robots\" content=\"index, follow, max-snippet:-1, max-image-preview:large, max-video-preview:-1\" \/>\n<link rel=\"canonical\" href=\"https:\/\/levandupieva.lt\/en\/apie\/\" \/>\n<meta property=\"og:locale\" content=\"en_GB\" \/>\n<meta property=\"og:type\" content=\"article\" \/>\n<meta property=\"og:title\" content=\"Apie mus - Levand\u0173 pieva\" \/>\n<meta property=\"og:url\" content=\"https:\/\/levandupieva.lt\/en\/apie\/\" \/>\n<meta property=\"og:site_name\" content=\"Levand\u0173 pieva\" \/>\n<meta property=\"article:publisher\" content=\"https:\/\/www.facebook.com\/Levandupieva\" \/>\n<meta property=\"article:modified_time\" content=\"2024-06-03T15:05:06+00:00\" \/>\n<meta name=\"twitter:card\" content=\"summary_large_image\" \/>\n<meta name=\"twitter:label1\" content=\"Estimated reading time\" \/>\n\t<meta name=\"twitter:data1\" content=\"2 minutes\" \/>\n<script type=\"application\/ld+json\" class=\"yoast-schema-graph\">{\"@context\":\"https:\/\/schema.org\",\"@graph\":[{\"@type\":\"WebPage\",\"@id\":\"https:\/\/levandupieva.lt\/apie\/\",\"url\":\"https:\/\/levandupieva.lt\/apie\/\",\"name\":\"Apie mus - Levand\u0173 pieva\",\"isPartOf\":{\"@id\":\"https:\/\/levandupieva.lt\/#website\"},\"datePublished\":\"2019-03-20T04:12:33+00:00\",\"dateModified\":\"2024-06-03T15:05:06+00:00\",\"breadcrumb\":{\"@id\":\"https:\/\/levandupieva.lt\/apie\/#breadcrumb\"},\"inLanguage\":\"en-GB\",\"potentialAction\":[{\"@type\":\"ReadAction\",\"target\":[\"https:\/\/levandupieva.lt\/apie\/\"]}]},{\"@type\":\"BreadcrumbList\",\"@id\":\"https:\/\/levandupieva.lt\/apie\/#breadcrumb\",\"itemListElement\":[{\"@type\":\"ListItem\",\"position\":1,\"name\":\"Home\",\"item\":\"https:\/\/levandupieva.lt\/\"},{\"@type\":\"ListItem\",\"position\":2,\"name\":\"Apie mus\"}]},{\"@type\":\"WebSite\",\"@id\":\"https:\/\/levandupieva.lt\/#website\",\"url\":\"https:\/\/levandupieva.lt\/\",\"name\":\"Levand\u0173 pieva\",\"description\":\"\",\"publisher\":{\"@id\":\"https:\/\/levandupieva.lt\/#organization\"},\"potentialAction\":[{\"@type\":\"SearchAction\",\"target\":{\"@type\":\"EntryPoint\",\"urlTemplate\":\"https:\/\/levandupieva.lt\/?s={search_term_string}\"},\"query-input\":{\"@type\":\"PropertyValueSpecification\",\"valueRequired\":true,\"valueName\":\"search_term_string\"}}],\"inLanguage\":\"en-GB\"},{\"@type\":\"Organization\",\"@id\":\"https:\/\/levandupieva.lt\/#organization\",\"name\":\"Levan\u0173 Pieva\",\"url\":\"https:\/\/levandupieva.lt\/\",\"logo\":{\"@type\":\"ImageObject\",\"inLanguage\":\"en-GB\",\"@id\":\"https:\/\/levandupieva.lt\/#\/schema\/logo\/image\/\",\"url\":\"https:\/\/levandupieva.lt\/wp-content\/uploads\/2021\/03\/cropped-logo-e1446013442350.png\",\"contentUrl\":\"https:\/\/levandupieva.lt\/wp-content\/uploads\/2021\/03\/cropped-logo-e1446013442350.png\",\"width\":654,\"height\":287,\"caption\":\"Levan\u0173 Pieva\"},\"image\":{\"@id\":\"https:\/\/levandupieva.lt\/#\/schema\/logo\/image\/\"},\"sameAs\":[\"https:\/\/www.facebook.com\/Levandupieva\"]}]}<\/script>\n<!-- \/ Yoast SEO plugin. -->","yoast_head_json":{"title":"Apie mus - Levand\u0173 pieva","robots":{"index":"index","follow":"follow","max-snippet":"max-snippet:-1","max-image-preview":"max-image-preview:large","max-video-preview":"max-video-preview:-1"},"canonical":"https:\/\/levandupieva.lt\/en\/apie\/","og_locale":"en_GB","og_type":"article","og_title":"Apie mus - Levand\u0173 pieva","og_url":"https:\/\/levandupieva.lt\/en\/apie\/","og_site_name":"Levand\u0173 pieva","article_publisher":"https:\/\/www.facebook.com\/Levandupieva","article_modified_time":"2024-06-03T15:05:06+00:00","twitter_card":"summary_large_image","twitter_misc":{"Estimated reading time":"2 minutes"},"schema":{"@context":"https:\/\/schema.org","@graph":[{"@type":"WebPage","@id":"https:\/\/levandupieva.lt\/apie\/","url":"https:\/\/levandupieva.lt\/apie\/","name":"Apie mus - Levand\u0173 pieva","isPartOf":{"@id":"https:\/\/levandupieva.lt\/#website"},"datePublished":"2019-03-20T04:12:33+00:00","dateModified":"2024-06-03T15:05:06+00:00","breadcrumb":{"@id":"https:\/\/levandupieva.lt\/apie\/#breadcrumb"},"inLanguage":"en-GB","potentialAction":[{"@type":"ReadAction","target":["https:\/\/levandupieva.lt\/apie\/"]}]},{"@type":"BreadcrumbList","@id":"https:\/\/levandupieva.lt\/apie\/#breadcrumb","itemListElement":[{"@type":"ListItem","position":1,"name":"Home","item":"https:\/\/levandupieva.lt\/"},{"@type":"ListItem","position":2,"name":"Apie mus"}]},{"@type":"WebSite","@id":"https:\/\/levandupieva.lt\/#website","url":"https:\/\/levandupieva.lt\/","name":"Levand\u0173 pieva","description":"","publisher":{"@id":"https:\/\/levandupieva.lt\/#organization"},"potentialAction":[{"@type":"SearchAction","target":{"@type":"EntryPoint","urlTemplate":"https:\/\/levandupieva.lt\/?s={search_term_string}"},"query-input":{"@type":"PropertyValueSpecification","valueRequired":true,"valueName":"search_term_string"}}],"inLanguage":"en-GB"},{"@type":"Organization","@id":"https:\/\/levandupieva.lt\/#organization","name":"Levan\u0173 Pieva","url":"https:\/\/levandupieva.lt\/","logo":{"@type":"ImageObject","inLanguage":"en-GB","@id":"https:\/\/levandupieva.lt\/#\/schema\/logo\/image\/","url":"https:\/\/levandupieva.lt\/wp-content\/uploads\/2021\/03\/cropped-logo-e1446013442350.png","contentUrl":"https:\/\/levandupieva.lt\/wp-content\/uploads\/2021\/03\/cropped-logo-e1446013442350.png","width":654,"height":287,"caption":"Levan\u0173 Pieva"},"image":{"@id":"https:\/\/levandupieva.lt\/#\/schema\/logo\/image\/"},"sameAs":["https:\/\/www.facebook.com\/Levandupieva"]}]}},"_links":{"self":[{"href":"https:\/\/levandupieva.lt\/en\/wp-json\/wp\/v2\/pages\/129","targetHints":{"allow":["GET"]}}],"collection":[{"href":"https:\/\/levandupieva.lt\/en\/wp-json\/wp\/v2\/pages"}],"about":[{"href":"https:\/\/levandupieva.lt\/en\/wp-json\/wp\/v2\/types\/page"}],"author":[{"embeddable":true,"href":"https:\/\/levandupieva.lt\/en\/wp-json\/wp\/v2\/users\/1"}],"replies":[{"embeddable":true,"href":"https:\/\/levandupieva.lt\/en\/wp-json\/wp\/v2\/comments?post=129"}],"version-history":[{"count":17,"href":"https:\/\/levandupieva.lt\/en\/wp-json\/wp\/v2\/pages\/129\/revisions"}],"predecessor-version":[{"id":6334,"href":"https:\/\/levandupieva.lt\/en\/wp-json\/wp\/v2\/pages\/129\/revisions\/6334"}],"wp:attachment":[{"href":"https:\/\/levandupieva.lt\/en\/wp-json\/wp\/v2\/media?parent=129"}],"curies":[{"name":"wp","href":"https:\/\/api.w.org\/{rel}","templated":true}]}}