{"id":3404,"date":"2021-03-01T13:28:10","date_gmt":"2021-03-01T13:28:10","guid":{"rendered":"https:\/\/levandupieva.lt\/?page_id=3404"},"modified":"2024-03-21T18:30:37","modified_gmt":"2024-03-21T18:30:37","slug":"pristatymo-informacija","status":"publish","type":"page","link":"https:\/\/levandupieva.lt\/en\/pristatymo-informacija\/","title":{"rendered":"Pristatymo informacija"},"content":{"rendered":"<p><strong>Preki\u0173 pristatymas \u012f pasirinkt\u0105 Omniva arba LP express savitarnos pa\u0161tomat\u0105<\/strong><br> Pasirinkus \u0161\u012f pristatymo b\u016bd\u0105, prek\u0117s Jums bus pristatytos \u012f J\u016bs\u0173 pasirinkt\u0105 savitarnos pa\u0161tomat\u0105 (Omniva arba LP express), kur\u012f pasirinksite i\u0161 pa\u0161tomat\u0173 s\u0105ra\u0161o.&nbsp;<strong>Pristatymo kaina 4,50&nbsp;\u20ac.&nbsp;<\/strong> Prek\u0117s pristatomos per 1 \u2013 5 darbo dienas po apmok\u0117jimo patvirtinimo. Prekes i\u0161 pa\u0161tomato galite atsiimti bet kuriuo Jums patogiu metu 24 val. per par\u0105. Siunt\u0105 prista\u010dius \u012f pasirinkt\u0105 pa\u0161tomat\u0105 b\u016bsite informuoti SMS \u017einute, kurioje bus nurodytas dureli\u0173 atrakinimo kodas. Siuntinio neatsi\u0117mus per 7 kalendorines dienas, jis gr\u0105\u017einamas siunt\u0117jui. Galimi v\u0117lavimai d\u0117l pa\u0161tomat\u0173 darbo sutrikim\u0173, pvz. \u0161ventiniu laikotarpiu. Taip pat nesant laisviems pa\u0161tomat\u0173 skyreliams, siuntos gali b\u016bti pristatomos \u012f artimiausi\u0105 pa\u0161tomat\u0105.D\u0117m\u0117sio! Jeigu supakuota d\u0117\u017e\u0117 su u\u017esakytomis prek\u0117mis b\u016bt\u0173 itin dideli\u0173 gabarit\u0173 negu telpa \u012f Omniva ar LP express pa\u0161tomat\u0173 skyrelius, prek\u0117s gali b\u016bti siun\u010diamos per DPD pa\u0161tomatus ar kurjer\u012f. Pirk\u0117jas bus apie tai papildomai informuotas.<\/p><p><strong>Preki\u0173 atsi\u0117mimas Vilniuje (\u017dirm\u016bn\u0173 g. 5)<\/strong><br>Internetu u\u017esakytas prekes galite atsiimti nemokamai Vilniuje (\u017dirm\u016bn\u0173 g. 5). U\u017esakym\u0105 galima atsiimti tik gavus prane\u0161im\u0105 elektroniniu pa\u0161tu, kad u\u017esakymas paruo\u0161tas. D\u0117l u\u017esakymo atsi\u0117mimo laiko, pra\u0161ome i\u0161 anksto kreiptis internetin\u0117je parduotuv\u0117je nurodytais kontaktais.<\/p><p><strong>D\u0117mesio.<\/strong>\u00a0<strong>Prekes pristatant per savitarnos pa\u0161tomatus ar atsiimant prekes Vilniuje (\u017dirm\u016bn\u0173 g. 5).<\/strong><\/p><p><strong>Kiti preki\u0173 pristatymo b\u016bdai<\/strong><\/p><p>Jeigu auk\u0161\u010diau nurodyti pristatymo b\u016bdai Jums n\u0117ra tinkami <strong>(arba u\u017esakyt\u0173 preki\u0173 kiekis n\u0117ra nedidelis, tuomet  pristatymo i\u0161laidos gali kainuoti pigiau nei 4,50 \u00a0\u20ac<\/strong>), d\u0117l u\u017esakymo pra\u0161ome kreiptis internetin\u0117je parduotuv\u0117je nurodytais kontaktais.<\/p>","protected":false},"excerpt":{"rendered":"<p>Preki\u0173 pristatymas \u012f pasirinkt\u0105 Omniva arba LP express savitarnos pa\u0161tomat\u0105 Pasirinkus \u0161\u012f pristatymo b\u016bd\u0105, prek\u0117s Jums bus pristatytos \u012f J\u016bs\u0173 pasirinkt\u0105 savitarnos pa\u0161tomat\u0105 (Omniva arba LP express), kur\u012f pasirinksite i\u0161 pa\u0161tomat\u0173 s\u0105ra\u0161o.&nbsp;Pristatymo kaina 4,50&nbsp;\u20ac.&nbsp; Prek\u0117s pristatomos per 1 \u2013 5 darbo dienas po apmok\u0117jimo patvirtinimo. Prekes i\u0161 pa\u0161tomato galite atsiimti [&hellip;]<\/p>","protected":false},"author":1,"featured_media":0,"parent":0,"menu_order":0,"comment_status":"closed","ping_status":"closed","template":"","meta":{"footnotes":""},"class_list":["post-3404","page","type-page","status-publish","hentry"],"yoast_head":"<!-- This site is optimized with the Yoast SEO plugin v24.8.1 - https:\/\/yoast.com\/wordpress\/plugins\/seo\/ -->\n<title>Pristatymo informacija - Levand\u0173 pieva<\/title>\n<meta name=\"robots\" content=\"index, follow, max-snippet:-1, max-image-preview:large, max-video-preview:-1\" \/>\n<link rel=\"canonical\" href=\"https:\/\/levandupieva.lt\/en\/pristatymo-informacija\/\" \/>\n<meta property=\"og:locale\" content=\"en_GB\" \/>\n<meta property=\"og:type\" content=\"article\" \/>\n<meta property=\"og:title\" content=\"Pristatymo informacija - Levand\u0173 pieva\" \/>\n<meta property=\"og:description\" content=\"Preki\u0173 pristatymas \u012f pasirinkt\u0105 Omniva arba LP express savitarnos pa\u0161tomat\u0105 Pasirinkus \u0161\u012f pristatymo b\u016bd\u0105, prek\u0117s Jums bus pristatytos \u012f J\u016bs\u0173 pasirinkt\u0105 savitarnos pa\u0161tomat\u0105 (Omniva arba LP express), kur\u012f pasirinksite i\u0161 pa\u0161tomat\u0173 s\u0105ra\u0161o.&nbsp;Pristatymo kaina 4,50&nbsp;\u20ac.&nbsp; Prek\u0117s pristatomos per 1 \u2013 5 darbo dienas po apmok\u0117jimo patvirtinimo. Prekes i\u0161 pa\u0161tomato galite atsiimti [&hellip;]\" \/>\n<meta property=\"og:url\" content=\"https:\/\/levandupieva.lt\/en\/pristatymo-informacija\/\" \/>\n<meta property=\"og:site_name\" content=\"Levand\u0173 pieva\" \/>\n<meta property=\"article:publisher\" content=\"https:\/\/www.facebook.com\/Levandupieva\" \/>\n<meta property=\"article:modified_time\" content=\"2024-03-21T18:30:37+00:00\" \/>\n<meta name=\"twitter:card\" content=\"summary_large_image\" \/>\n<meta name=\"twitter:label1\" content=\"Estimated reading time\" \/>\n\t<meta name=\"twitter:data1\" content=\"2 minutes\" \/>\n<script type=\"application\/ld+json\" class=\"yoast-schema-graph\">{\"@context\":\"https:\/\/schema.org\",\"@graph\":[{\"@type\":\"WebPage\",\"@id\":\"https:\/\/levandupieva.lt\/pristatymo-informacija\/\",\"url\":\"https:\/\/levandupieva.lt\/pristatymo-informacija\/\",\"name\":\"Pristatymo informacija - Levand\u0173 pieva\",\"isPartOf\":{\"@id\":\"https:\/\/levandupieva.lt\/#website\"},\"datePublished\":\"2021-03-01T13:28:10+00:00\",\"dateModified\":\"2024-03-21T18:30:37+00:00\",\"breadcrumb\":{\"@id\":\"https:\/\/levandupieva.lt\/pristatymo-informacija\/#breadcrumb\"},\"inLanguage\":\"en-GB\",\"potentialAction\":[{\"@type\":\"ReadAction\",\"target\":[\"https:\/\/levandupieva.lt\/pristatymo-informacija\/\"]}]},{\"@type\":\"BreadcrumbList\",\"@id\":\"https:\/\/levandupieva.lt\/pristatymo-informacija\/#breadcrumb\",\"itemListElement\":[{\"@type\":\"ListItem\",\"position\":1,\"name\":\"Home\",\"item\":\"https:\/\/levandupieva.lt\/\"},{\"@type\":\"ListItem\",\"position\":2,\"name\":\"Pristatymo informacija\"}]},{\"@type\":\"WebSite\",\"@id\":\"https:\/\/levandupieva.lt\/#website\",\"url\":\"https:\/\/levandupieva.lt\/\",\"name\":\"Levand\u0173 pieva\",\"description\":\"\",\"publisher\":{\"@id\":\"https:\/\/levandupieva.lt\/#organization\"},\"potentialAction\":[{\"@type\":\"SearchAction\",\"target\":{\"@type\":\"EntryPoint\",\"urlTemplate\":\"https:\/\/levandupieva.lt\/?s={search_term_string}\"},\"query-input\":{\"@type\":\"PropertyValueSpecification\",\"valueRequired\":true,\"valueName\":\"search_term_string\"}}],\"inLanguage\":\"en-GB\"},{\"@type\":\"Organization\",\"@id\":\"https:\/\/levandupieva.lt\/#organization\",\"name\":\"Levan\u0173 Pieva\",\"url\":\"https:\/\/levandupieva.lt\/\",\"logo\":{\"@type\":\"ImageObject\",\"inLanguage\":\"en-GB\",\"@id\":\"https:\/\/levandupieva.lt\/#\/schema\/logo\/image\/\",\"url\":\"https:\/\/levandupieva.lt\/wp-content\/uploads\/2021\/03\/cropped-logo-e1446013442350.png\",\"contentUrl\":\"https:\/\/levandupieva.lt\/wp-content\/uploads\/2021\/03\/cropped-logo-e1446013442350.png\",\"width\":654,\"height\":287,\"caption\":\"Levan\u0173 Pieva\"},\"image\":{\"@id\":\"https:\/\/levandupieva.lt\/#\/schema\/logo\/image\/\"},\"sameAs\":[\"https:\/\/www.facebook.com\/Levandupieva\"]}]}<\/script>\n<!-- \/ Yoast SEO plugin. -->","yoast_head_json":{"title":"Pristatymo informacija - Levand\u0173 pieva","robots":{"index":"index","follow":"follow","max-snippet":"max-snippet:-1","max-image-preview":"max-image-preview:large","max-video-preview":"max-video-preview:-1"},"canonical":"https:\/\/levandupieva.lt\/en\/pristatymo-informacija\/","og_locale":"en_GB","og_type":"article","og_title":"Pristatymo informacija - Levand\u0173 pieva","og_description":"Preki\u0173 pristatymas \u012f pasirinkt\u0105 Omniva arba LP express savitarnos pa\u0161tomat\u0105 Pasirinkus \u0161\u012f pristatymo b\u016bd\u0105, prek\u0117s Jums bus pristatytos \u012f J\u016bs\u0173 pasirinkt\u0105 savitarnos pa\u0161tomat\u0105 (Omniva arba LP express), kur\u012f pasirinksite i\u0161 pa\u0161tomat\u0173 s\u0105ra\u0161o.&nbsp;Pristatymo kaina 4,50&nbsp;\u20ac.&nbsp; Prek\u0117s pristatomos per 1 \u2013 5 darbo dienas po apmok\u0117jimo patvirtinimo. Prekes i\u0161 pa\u0161tomato galite atsiimti [&hellip;]","og_url":"https:\/\/levandupieva.lt\/en\/pristatymo-informacija\/","og_site_name":"Levand\u0173 pieva","article_publisher":"https:\/\/www.facebook.com\/Levandupieva","article_modified_time":"2024-03-21T18:30:37+00:00","twitter_card":"summary_large_image","twitter_misc":{"Estimated reading time":"2 minutes"},"schema":{"@context":"https:\/\/schema.org","@graph":[{"@type":"WebPage","@id":"https:\/\/levandupieva.lt\/pristatymo-informacija\/","url":"https:\/\/levandupieva.lt\/pristatymo-informacija\/","name":"Pristatymo informacija - Levand\u0173 pieva","isPartOf":{"@id":"https:\/\/levandupieva.lt\/#website"},"datePublished":"2021-03-01T13:28:10+00:00","dateModified":"2024-03-21T18:30:37+00:00","breadcrumb":{"@id":"https:\/\/levandupieva.lt\/pristatymo-informacija\/#breadcrumb"},"inLanguage":"en-GB","potentialAction":[{"@type":"ReadAction","target":["https:\/\/levandupieva.lt\/pristatymo-informacija\/"]}]},{"@type":"BreadcrumbList","@id":"https:\/\/levandupieva.lt\/pristatymo-informacija\/#breadcrumb","itemListElement":[{"@type":"ListItem","position":1,"name":"Home","item":"https:\/\/levandupieva.lt\/"},{"@type":"ListItem","position":2,"name":"Pristatymo informacija"}]},{"@type":"WebSite","@id":"https:\/\/levandupieva.lt\/#website","url":"https:\/\/levandupieva.lt\/","name":"Levand\u0173 pieva","description":"","publisher":{"@id":"https:\/\/levandupieva.lt\/#organization"},"potentialAction":[{"@type":"SearchAction","target":{"@type":"EntryPoint","urlTemplate":"https:\/\/levandupieva.lt\/?s={search_term_string}"},"query-input":{"@type":"PropertyValueSpecification","valueRequired":true,"valueName":"search_term_string"}}],"inLanguage":"en-GB"},{"@type":"Organization","@id":"https:\/\/levandupieva.lt\/#organization","name":"Levan\u0173 Pieva","url":"https:\/\/levandupieva.lt\/","logo":{"@type":"ImageObject","inLanguage":"en-GB","@id":"https:\/\/levandupieva.lt\/#\/schema\/logo\/image\/","url":"https:\/\/levandupieva.lt\/wp-content\/uploads\/2021\/03\/cropped-logo-e1446013442350.png","contentUrl":"https:\/\/levandupieva.lt\/wp-content\/uploads\/2021\/03\/cropped-logo-e1446013442350.png","width":654,"height":287,"caption":"Levan\u0173 Pieva"},"image":{"@id":"https:\/\/levandupieva.lt\/#\/schema\/logo\/image\/"},"sameAs":["https:\/\/www.facebook.com\/Levandupieva"]}]}},"_links":{"self":[{"href":"https:\/\/levandupieva.lt\/en\/wp-json\/wp\/v2\/pages\/3404","targetHints":{"allow":["GET"]}}],"collection":[{"href":"https:\/\/levandupieva.lt\/en\/wp-json\/wp\/v2\/pages"}],"about":[{"href":"https:\/\/levandupieva.lt\/en\/wp-json\/wp\/v2\/types\/page"}],"author":[{"embeddable":true,"href":"https:\/\/levandupieva.lt\/en\/wp-json\/wp\/v2\/users\/1"}],"replies":[{"embeddable":true,"href":"https:\/\/levandupieva.lt\/en\/wp-json\/wp\/v2\/comments?post=3404"}],"version-history":[{"count":7,"href":"https:\/\/levandupieva.lt\/en\/wp-json\/wp\/v2\/pages\/3404\/revisions"}],"predecessor-version":[{"id":6096,"href":"https:\/\/levandupieva.lt\/en\/wp-json\/wp\/v2\/pages\/3404\/revisions\/6096"}],"wp:attachment":[{"href":"https:\/\/levandupieva.lt\/en\/wp-json\/wp\/v2\/media?parent=3404"}],"curies":[{"name":"wp","href":"https:\/\/api.w.org\/{rel}","templated":true}]}}