{"id":3853,"date":"2021-04-07T07:42:39","date_gmt":"2021-04-07T07:42:39","guid":{"rendered":"https:\/\/levandupieva.lt\/?page_id=3853"},"modified":"2024-06-03T11:37:01","modified_gmt":"2024-06-03T11:37:01","slug":"mokejimo-budai","status":"publish","type":"page","link":"https:\/\/levandupieva.lt\/en\/mokejimo-budai\/","title":{"rendered":"Mok\u0117jimo b\u016bdai"},"content":{"rendered":"<p>M\u016bs\u0173 internetin\u0117je parduotuv\u0117je galima atsiskaityti \u0161iais b\u016bdais:<br \/>\n\u2022 Internetine bankininkyste per\u00a0atsiskaitymo sistem\u0105 (suformavus u\u017esakymo krep\u0161el\u012f ir u\u017ebaigus apsipirkimo proces\u0105, J\u016bs\u0173 nurodytu el. pa\u0161tu sistema i\u0161si\u0173s patvirtinimo lai\u0161k\u0105);<br \/>\n\u2022 pavedimu (suformavus u\u017esakymo krep\u0161el\u012f J\u016bs\u0173 nurodytu el. pa\u0161tu sistema i\u0161si\u0173s lai\u0161k\u0105 su apmok\u0117jimo informacija. Gav\u0119 J\u016bs\u0173 mok\u0117jim\u0105, el. pa\u0161tu i\u0161si\u0173sime patvirtinimo lai\u0161k\u0105. Mok\u0117jimai atlikti pavedimu, u\u017eskaitomi iki 24 val.)<\/p>\n<p><strong>SVARBU:<\/strong>\u00a0negav\u0119 patvirtinimo lai\u0161ko, patikrinkite \u0161lam\u0161to (\u201eSpam\u201c) skyrel\u012f.<\/p>\n<p>Jeigu Jums reikalinga s\u0105skaita fakt\u016bra, \u012fra\u0161ykite tai pildydami u\u017esakym\u0105 laukelyje \u201ePapildoma informacija\u201c arba, atlikus u\u017esakym\u0105, para\u0161ykite info@levandupieva.lt. S\u0105skait\u0105 fakt\u016br\u0105 atsi\u0173sime elektroniniu pa\u0161tu.<\/p>\n<p>Mok\u0117jim\u0173 operatorius<br \/>\nUAB \u201ePaysera LT\u201c| \u012emon\u0117s kodas: 300060819 | Adresas: Pilait\u0117s per. 16, Vilnius, Lietuva | Pa\u0161to kodas: LT-04352<\/p>\n<p>Mok\u0117jimas pavedimu \u012f Seb s\u0105skait\u0105: LT89 7044 0901 1150 7512 (gav\u0117jas Giedrius Mark\u016bnas)<\/p>","protected":false},"excerpt":{"rendered":"<p>M\u016bs\u0173 internetin\u0117je parduotuv\u0117je galima atsiskaityti \u0161iais b\u016bdais: \u2022 Internetine bankininkyste per\u00a0atsiskaitymo sistem\u0105 (suformavus u\u017esakymo krep\u0161el\u012f ir u\u017ebaigus apsipirkimo proces\u0105, J\u016bs\u0173 nurodytu el. pa\u0161tu sistema i\u0161si\u0173s patvirtinimo lai\u0161k\u0105); \u2022 pavedimu (suformavus u\u017esakymo krep\u0161el\u012f J\u016bs\u0173 nurodytu el. pa\u0161tu sistema i\u0161si\u0173s lai\u0161k\u0105 su apmok\u0117jimo informacija. Gav\u0119 J\u016bs\u0173 mok\u0117jim\u0105, el. pa\u0161tu i\u0161si\u0173sime patvirtinimo lai\u0161k\u0105. [&hellip;]<\/p>","protected":false},"author":1,"featured_media":0,"parent":0,"menu_order":0,"comment_status":"closed","ping_status":"closed","template":"","meta":{"footnotes":""},"class_list":["post-3853","page","type-page","status-publish","hentry"],"yoast_head":"<!-- This site is optimized with the Yoast SEO plugin v24.8.1 - https:\/\/yoast.com\/wordpress\/plugins\/seo\/ -->\n<title>Mok\u0117jimo b\u016bdai - Levand\u0173 pieva<\/title>\n<meta name=\"robots\" content=\"index, follow, max-snippet:-1, max-image-preview:large, max-video-preview:-1\" \/>\n<link rel=\"canonical\" href=\"https:\/\/levandupieva.lt\/en\/mokejimo-budai\/\" \/>\n<meta property=\"og:locale\" content=\"en_GB\" \/>\n<meta property=\"og:type\" content=\"article\" \/>\n<meta property=\"og:title\" content=\"Mok\u0117jimo b\u016bdai - Levand\u0173 pieva\" \/>\n<meta property=\"og:description\" content=\"M\u016bs\u0173 internetin\u0117je parduotuv\u0117je galima atsiskaityti \u0161iais b\u016bdais: \u2022 Internetine bankininkyste per\u00a0atsiskaitymo sistem\u0105 (suformavus u\u017esakymo krep\u0161el\u012f ir u\u017ebaigus apsipirkimo proces\u0105, J\u016bs\u0173 nurodytu el. pa\u0161tu sistema i\u0161si\u0173s patvirtinimo lai\u0161k\u0105); \u2022 pavedimu (suformavus u\u017esakymo krep\u0161el\u012f J\u016bs\u0173 nurodytu el. pa\u0161tu sistema i\u0161si\u0173s lai\u0161k\u0105 su apmok\u0117jimo informacija. Gav\u0119 J\u016bs\u0173 mok\u0117jim\u0105, el. pa\u0161tu i\u0161si\u0173sime patvirtinimo lai\u0161k\u0105. [&hellip;]\" \/>\n<meta property=\"og:url\" content=\"https:\/\/levandupieva.lt\/en\/mokejimo-budai\/\" \/>\n<meta property=\"og:site_name\" content=\"Levand\u0173 pieva\" \/>\n<meta property=\"article:publisher\" content=\"https:\/\/www.facebook.com\/Levandupieva\" \/>\n<meta property=\"article:modified_time\" content=\"2024-06-03T11:37:01+00:00\" \/>\n<meta name=\"twitter:card\" content=\"summary_large_image\" \/>\n<meta name=\"twitter:label1\" content=\"Estimated reading time\" \/>\n\t<meta name=\"twitter:data1\" content=\"1 minute\" \/>\n<script type=\"application\/ld+json\" class=\"yoast-schema-graph\">{\"@context\":\"https:\/\/schema.org\",\"@graph\":[{\"@type\":\"WebPage\",\"@id\":\"https:\/\/levandupieva.lt\/mokejimo-budai\/\",\"url\":\"https:\/\/levandupieva.lt\/mokejimo-budai\/\",\"name\":\"Mok\u0117jimo b\u016bdai - Levand\u0173 pieva\",\"isPartOf\":{\"@id\":\"https:\/\/levandupieva.lt\/#website\"},\"datePublished\":\"2021-04-07T07:42:39+00:00\",\"dateModified\":\"2024-06-03T11:37:01+00:00\",\"breadcrumb\":{\"@id\":\"https:\/\/levandupieva.lt\/mokejimo-budai\/#breadcrumb\"},\"inLanguage\":\"en-GB\",\"potentialAction\":[{\"@type\":\"ReadAction\",\"target\":[\"https:\/\/levandupieva.lt\/mokejimo-budai\/\"]}]},{\"@type\":\"BreadcrumbList\",\"@id\":\"https:\/\/levandupieva.lt\/mokejimo-budai\/#breadcrumb\",\"itemListElement\":[{\"@type\":\"ListItem\",\"position\":1,\"name\":\"Home\",\"item\":\"https:\/\/levandupieva.lt\/\"},{\"@type\":\"ListItem\",\"position\":2,\"name\":\"Mok\u0117jimo b\u016bdai\"}]},{\"@type\":\"WebSite\",\"@id\":\"https:\/\/levandupieva.lt\/#website\",\"url\":\"https:\/\/levandupieva.lt\/\",\"name\":\"Levand\u0173 pieva\",\"description\":\"\",\"publisher\":{\"@id\":\"https:\/\/levandupieva.lt\/#organization\"},\"potentialAction\":[{\"@type\":\"SearchAction\",\"target\":{\"@type\":\"EntryPoint\",\"urlTemplate\":\"https:\/\/levandupieva.lt\/?s={search_term_string}\"},\"query-input\":{\"@type\":\"PropertyValueSpecification\",\"valueRequired\":true,\"valueName\":\"search_term_string\"}}],\"inLanguage\":\"en-GB\"},{\"@type\":\"Organization\",\"@id\":\"https:\/\/levandupieva.lt\/#organization\",\"name\":\"Levan\u0173 Pieva\",\"url\":\"https:\/\/levandupieva.lt\/\",\"logo\":{\"@type\":\"ImageObject\",\"inLanguage\":\"en-GB\",\"@id\":\"https:\/\/levandupieva.lt\/#\/schema\/logo\/image\/\",\"url\":\"https:\/\/levandupieva.lt\/wp-content\/uploads\/2021\/03\/cropped-logo-e1446013442350.png\",\"contentUrl\":\"https:\/\/levandupieva.lt\/wp-content\/uploads\/2021\/03\/cropped-logo-e1446013442350.png\",\"width\":654,\"height\":287,\"caption\":\"Levan\u0173 Pieva\"},\"image\":{\"@id\":\"https:\/\/levandupieva.lt\/#\/schema\/logo\/image\/\"},\"sameAs\":[\"https:\/\/www.facebook.com\/Levandupieva\"]}]}<\/script>\n<!-- \/ Yoast SEO plugin. -->","yoast_head_json":{"title":"Mok\u0117jimo b\u016bdai - Levand\u0173 pieva","robots":{"index":"index","follow":"follow","max-snippet":"max-snippet:-1","max-image-preview":"max-image-preview:large","max-video-preview":"max-video-preview:-1"},"canonical":"https:\/\/levandupieva.lt\/en\/mokejimo-budai\/","og_locale":"en_GB","og_type":"article","og_title":"Mok\u0117jimo b\u016bdai - Levand\u0173 pieva","og_description":"M\u016bs\u0173 internetin\u0117je parduotuv\u0117je galima atsiskaityti \u0161iais b\u016bdais: \u2022 Internetine bankininkyste per\u00a0atsiskaitymo sistem\u0105 (suformavus u\u017esakymo krep\u0161el\u012f ir u\u017ebaigus apsipirkimo proces\u0105, J\u016bs\u0173 nurodytu el. pa\u0161tu sistema i\u0161si\u0173s patvirtinimo lai\u0161k\u0105); \u2022 pavedimu (suformavus u\u017esakymo krep\u0161el\u012f J\u016bs\u0173 nurodytu el. pa\u0161tu sistema i\u0161si\u0173s lai\u0161k\u0105 su apmok\u0117jimo informacija. Gav\u0119 J\u016bs\u0173 mok\u0117jim\u0105, el. pa\u0161tu i\u0161si\u0173sime patvirtinimo lai\u0161k\u0105. [&hellip;]","og_url":"https:\/\/levandupieva.lt\/en\/mokejimo-budai\/","og_site_name":"Levand\u0173 pieva","article_publisher":"https:\/\/www.facebook.com\/Levandupieva","article_modified_time":"2024-06-03T11:37:01+00:00","twitter_card":"summary_large_image","twitter_misc":{"Estimated reading time":"1 minute"},"schema":{"@context":"https:\/\/schema.org","@graph":[{"@type":"WebPage","@id":"https:\/\/levandupieva.lt\/mokejimo-budai\/","url":"https:\/\/levandupieva.lt\/mokejimo-budai\/","name":"Mok\u0117jimo b\u016bdai - Levand\u0173 pieva","isPartOf":{"@id":"https:\/\/levandupieva.lt\/#website"},"datePublished":"2021-04-07T07:42:39+00:00","dateModified":"2024-06-03T11:37:01+00:00","breadcrumb":{"@id":"https:\/\/levandupieva.lt\/mokejimo-budai\/#breadcrumb"},"inLanguage":"en-GB","potentialAction":[{"@type":"ReadAction","target":["https:\/\/levandupieva.lt\/mokejimo-budai\/"]}]},{"@type":"BreadcrumbList","@id":"https:\/\/levandupieva.lt\/mokejimo-budai\/#breadcrumb","itemListElement":[{"@type":"ListItem","position":1,"name":"Home","item":"https:\/\/levandupieva.lt\/"},{"@type":"ListItem","position":2,"name":"Mok\u0117jimo b\u016bdai"}]},{"@type":"WebSite","@id":"https:\/\/levandupieva.lt\/#website","url":"https:\/\/levandupieva.lt\/","name":"Levand\u0173 pieva","description":"","publisher":{"@id":"https:\/\/levandupieva.lt\/#organization"},"potentialAction":[{"@type":"SearchAction","target":{"@type":"EntryPoint","urlTemplate":"https:\/\/levandupieva.lt\/?s={search_term_string}"},"query-input":{"@type":"PropertyValueSpecification","valueRequired":true,"valueName":"search_term_string"}}],"inLanguage":"en-GB"},{"@type":"Organization","@id":"https:\/\/levandupieva.lt\/#organization","name":"Levan\u0173 Pieva","url":"https:\/\/levandupieva.lt\/","logo":{"@type":"ImageObject","inLanguage":"en-GB","@id":"https:\/\/levandupieva.lt\/#\/schema\/logo\/image\/","url":"https:\/\/levandupieva.lt\/wp-content\/uploads\/2021\/03\/cropped-logo-e1446013442350.png","contentUrl":"https:\/\/levandupieva.lt\/wp-content\/uploads\/2021\/03\/cropped-logo-e1446013442350.png","width":654,"height":287,"caption":"Levan\u0173 Pieva"},"image":{"@id":"https:\/\/levandupieva.lt\/#\/schema\/logo\/image\/"},"sameAs":["https:\/\/www.facebook.com\/Levandupieva"]}]}},"_links":{"self":[{"href":"https:\/\/levandupieva.lt\/en\/wp-json\/wp\/v2\/pages\/3853","targetHints":{"allow":["GET"]}}],"collection":[{"href":"https:\/\/levandupieva.lt\/en\/wp-json\/wp\/v2\/pages"}],"about":[{"href":"https:\/\/levandupieva.lt\/en\/wp-json\/wp\/v2\/types\/page"}],"author":[{"embeddable":true,"href":"https:\/\/levandupieva.lt\/en\/wp-json\/wp\/v2\/users\/1"}],"replies":[{"embeddable":true,"href":"https:\/\/levandupieva.lt\/en\/wp-json\/wp\/v2\/comments?post=3853"}],"version-history":[{"count":3,"href":"https:\/\/levandupieva.lt\/en\/wp-json\/wp\/v2\/pages\/3853\/revisions"}],"predecessor-version":[{"id":6328,"href":"https:\/\/levandupieva.lt\/en\/wp-json\/wp\/v2\/pages\/3853\/revisions\/6328"}],"wp:attachment":[{"href":"https:\/\/levandupieva.lt\/en\/wp-json\/wp\/v2\/media?parent=3853"}],"curies":[{"name":"wp","href":"https:\/\/api.w.org\/{rel}","templated":true}]}}