{"id":72,"date":"2019-03-17T17:19:40","date_gmt":"2019-03-17T17:19:40","guid":{"rendered":"https:\/\/goya.everthemes.com\/demo-basic\/?page_id=72"},"modified":"2025-10-23T06:59:34","modified_gmt":"2025-10-23T06:59:34","slug":"taisykles-salygos","status":"publish","type":"page","link":"https:\/\/levandupieva.lt\/en\/taisykles-salygos\/","title":{"rendered":"Pirkimo taisykl\u0117s ir s\u0105lygos"},"content":{"rendered":"<div class=\"wpb-content-wrapper\"><div  class=\"sec_row container\"><div class=\"vc_row wpb_row vc_row-fluid\"><div class=\"wpb_column vc_column_container vc_col-sm-2 et-dark-column\"><div class=\"vc_column-inner\"><div class=\"wpb_wrapper\"><\/div><\/div><\/div><div class=\"wpb_column vc_column_container vc_col-sm-8 et-dark-column\"><div class=\"vc_column-inner\"><div class=\"wpb_wrapper\">\n\t<div class=\"wpb_text_column wpb_content_element\" >\n\t\t<div class=\"wpb_wrapper\">\n\t\t\t<p><strong>1. Bendrosios nuostatos<\/strong><\/p>\n<p>1.1. \u0160ios pirkimo ir pardavimo taisykl\u0117s (toliau \u2013 Taisykl\u0117s) nustato asmens, \u012fsigyjan\u010dio prekes internetin\u0117je parduotuv\u0117je <em>www.levandupieva.lt<\/em>(toliau \u2013 Pirk\u0117jas) ir Giedriaus Mark\u016bno (toliau \u2013 Pardav\u0117jas) tarpusavio teises, pareigas ir atsakomyb\u0119. \u012esigydamas prekes Pirk\u0117jas sutinka \u0161i\u0173 Taisykli\u0173 laikytis.<\/p>\n<p><strong>2. Pirkimo ir pardavimo sutarties sudarymas<\/strong><\/p>\n<p>2.1. Pirkimo ir pardavimo sutartis tarp Pirk\u0117jo ir Pardav\u0117jo laikoma sudaryta nuo to momento, kai Pirk\u0117jas elektronin\u0117je parduotuv\u0117je suformav\u0119s preki\u0173 krep\u0161el\u012f, nurod\u0119s pristatymo b\u016bd\u0105, pasirink\u0119s apmok\u0117jimo b\u016bd\u0105 ir susipa\u017ein\u0119s su \u0161iomis Taisykl\u0117mis, paspaud\u017eia mygtuk\u0105 \u201eU\u017esakyti\u201c, ir galioja iki visi\u0161ko pareig\u0173 pagal \u0161i\u0105 sutart\u012f \u012fvykdymo.<\/p>\n<p><strong>3. Pirk\u0117jo teis\u0117s ir \u012fsipareigojimai.<\/strong><\/p>\n<p>3.1. U\u017esakymo formoje pateikti piln\u0105, i\u0161sami\u0105 ir teising\u0105 informacij\u0105. Jeigu u\u017esakymo formoje Pirk\u0117jas pateikia netikslius, melagingus ar klaidinan\u010dius duomenis, <a href=\"https:\/\/levandupieva.lt\/en\/\">www.levandupieva.lt<\/a> turi teis\u0119 anuliuoti Pirk\u0117jo u\u017esakym\u0105.<\/p>\n<p>3.2. Pasikeitus Pirk\u0117jo duomenims, pateiktiems u\u017esakymo formoje, Pirk\u0117jas privalo nedelsiant informuoti Pardav\u0117j\u0105.<\/p>\n<p>3.3. Pirk\u0117jas, pateikdamas u\u017esakym\u0105 patvirtina, kad sutinka su \u0161iomis Taisykl\u0117mis.<\/p>\n<p>3.4. Pirk\u0117jas turi teis\u0119 atsisakyti elektronin\u0117je parduotuv\u0117je sudarytos preki\u0173 pirkimo ir pardavimo sutarties su Pardav\u0117ju, apie tai ra\u0161tu prane\u0161damas Pardav\u0117jui\u00a0per 14 (keturiolika) dien\u0173\u00a0nuo preki\u0173 pristatymo dienos. Pirk\u0117jas turi teis\u0119 atsisakyti preki\u0173 pirkimo ir pardavimo sutarties su Pardav\u0117ju\u00a0tik tuo atveju, jei prek\u0117 nebuvo sugadinta ir i\u0161 esm\u0117s nepasikeit\u0117 jos i\u0161vaizda.<\/p>\n<p><strong>4. Pardav\u0117jo teis\u0117s ir \u012fsipareigojimai.<\/strong><\/p>\n<p>4.1. Pardav\u0117jas \u012fsipareigoja \u0161iose Taisykl\u0117se ir internetin\u0117je parduotuv\u0117je <a href=\"https:\/\/levandupieva.lt\/en\/\">www.levandupieva.lt<\/a> nustatytomis s\u0105lygomis sudaryti Pirk\u0117jui galimyb\u0119 naudotis internetin\u0117s parduotuv\u0117s teikiamomis paslaugomis.<\/p>\n<p>4.2. Jei Pirk\u0117jas bando pakenkti elektronin\u0117s parduotuv\u0117s darbui ar stabiliam veikimui ar pa\u017eeid\u017eia savo \u012fsipareigojimus, Pardav\u0117jas gali be i\u0161ankstinio persp\u0117jimo apriboti, sustabdyti jam galimyb\u0119 naudotis elektronine parduotuve ir neatsako u\u017e jokius su tuo susijusius Pirk\u0117jo nuostolius.<\/p>\n<p>4.3. Pardav\u0117jas \u012fsipareigoja pristatyti Pirk\u0117jo u\u017esakytas prekes jo nurodytu pristatymo adresu ir \u0161iose Taisykl\u0117se nurodytomis s\u0105lygomis.<\/p>\n<p>4.4. Pardav\u0117jas d\u0117l svarbi\u0173 aplinkybi\u0173 negal\u0117damas pristatyti Pirk\u0117jui u\u017esakytos prek\u0117s, \u012fsipareigoja pasi\u016blyti analogi\u0161k\u0105 ar kiek \u012fmanoma savo savyb\u0117mis pana\u0161esn\u0119 prek\u0119. Pirk\u0117jui atsisakius priimti analogi\u0161k\u0105 ar savo savyb\u0117mis pana\u0161iausi\u0105 prek\u0119, arba Pardav\u0117jui neturint alternatyvos pasi\u016blymo, Pardav\u0117jas \u012fsipareigoja gr\u0105\u017einti Pirk\u0117jui sumok\u0117tus pinigus per 3 (tris) darbo dienas.<\/p>\n<p>4.5. Pardav\u0117jas \u012fsipareigoja gerbti Pirk\u0117jo privatumo teis\u0119 \u012f jam priklausan\u010di\u0105 asmenin\u0119 informacij\u0105, nurodyt\u0105 internetin\u0117s parduotuv\u0117s registracijos formoje, i\u0161skyrus Lietuvos Respublikos \u012fstatymuose nustatytus atvejus.<\/p>\n<p>4.6. \u00a0Pardav\u0117jas turi teis\u0119 laikinai arba neterminuotai nutraukti elektronin\u0117s parduotuv\u0117s veikl\u0105 \u00a0apie tai i\u0161 anksto neprane\u0161\u0119s Pirk\u0117jui.<\/p>\n<p>4.7. Pardav\u0117jas pasilieka teis\u0119 bet kuriuo metu pakeisti, pataisyti ar papildyti Taisykles.<\/p>\n<p>4.8. Jei Pirk\u0117jas po \u0161i\u0173 s\u0105lyg\u0173 pasikeitim\u0173 naudojasi\u00a0<a href=\"https:\/\/levandupieva.lt\/en\/\">www.levandupieva.lt<\/a> \u00a0teikiamomis paslaugomis, laikoma, kad Pirk\u0117jas sutiko su Taisykli\u0173 pakeitimu.<\/p>\n<p><strong>5. Preki\u0173 kainos, apmok\u0117jimo tvarka ir terminai<\/strong><\/p>\n<p>5.1. Pardav\u0117jas n\u0117ra registruotas PVM mok\u0117tojas.<\/p>\n<p>5.2. Preki\u0173 kainos internetin\u0117je parduotuv\u0117je ir suformuotame u\u017esakyme nurodomos eurais su visais mokes\u010diais.<\/p>\n<p>5.3. Pirk\u0117jas atsiskaito u\u017e prekes vienu i\u0161 \u0161i\u0173 b\u016bd\u0173:<\/p>\n<p>5.3.1. Atsiskaitymas pasinaudojus mok\u0117jim\u0173 operatoriaus Contomobile, UAB paslauga \u2013 tai i\u0161ankstinis apmok\u0117jimas, kai Pirk\u0117jas, pasinaudoj\u0119s internetin\u0117s bankininkyst\u0117s sistema, perveda pinigus \u012f www.levandupieva.lt s\u0105skait\u0105.<\/p>\n<p>5.3.2. Atsiskaitymas pavedimu \u2013 tai i\u0161ankstinis apmok\u0117jimas, kai Pirk\u0117jas pasinaudoj\u0119s internetin\u0117s bankininkyst\u0117s sistema, perveda pinigus \u012f www.levandupieva.lt s\u0105skait\u0105.<\/p>\n<p>5.4. Atsiskaitydamas 5.3.2 punkte numatytu apmok\u0117jimo b\u016bdu, Pirk\u0117jas \u012fsipareigoja sumok\u0117ti nedelsiant. Min\u0117taisiais atvejais, tik gavus apmok\u0117jim\u0105 u\u017e prekes pradedamas ruo\u0161ti preki\u0173 siuntinys ir pradedamas skai\u010diuoti preki\u0173 pristatymo terminas.<\/p>\n<p>5.5. Jeigu apmok\u0117jimas gautas darbo dien\u0105 iki 12 val., \u0161i diena skai\u010diuojama kaip pirma u\u017esakymo vykdymo diena. Jeigu apmok\u0117jimas gautas po 12 val. (taip pat savaitgaliais ar \u0161ven\u010di\u0173 dienomis), tuomet pirma u\u017esakymo vykdymo ir preki\u0173 pristatymo diena yra sekanti darbo diena.<\/p>\n<p>5.6. Pirk\u0117jas \u012fsipareigoja apmok\u0117ti u\u017esakym\u0105 per 2 (dvi) darbo dienas nuo u\u017esakymo patvirtinimo dienos. Siuntinys pradedamas ruo\u0161ti tik gavus apmok\u0117jim\u0105 u\u017e prekes.<\/p>\n<p>5.7. Pirk\u0117jui ne\u012fvykd\u017eius mok\u0117jimo per 2 (dvi) darbo dienas, u\u017esakymas anuliuojamas..<\/p>\n<p><strong>5.8. S\u0105skaita fakt\u016bra i\u0161ra\u0161oma ir siun\u010diama tik klientui papra\u0161ius (tai galima nurodyti pastabose atliekant u\u017esakym\u0105 arba informuojant el. pa\u0161tu <a class=\"decorated-link cursor-pointer\" rel=\"noopener\" data-start=\"645\" data-end=\"665\">info@levandupieva.lt<\/a>).<\/strong><\/p>\n<p><strong>6. Preki\u0173 pristatymas<\/strong><\/p>\n<p>6.1. \u00a0Pirk\u0117jas, u\u017esakydamas prekes, \u012fsipareigoja nurodyti tiksli\u0105 preki\u0173 pristatymo viet\u0105.<\/p>\n<p>6.2. Prek\u0117s Pirk\u0117jui i\u0161siun\u010diamos per 2 (dvi) darbo dienas nuo gauto apmok\u0117jimo.<\/p>\n<p>6.3. Pasirenkant preki\u0173 atsi\u0117mim\u0105 Vilniuje (\u017dirm\u016bn\u0173 g. 5), u\u017esakymas suruo\u0161iamas per 2 (dvi) darbo dienas nuo gauto apmok\u0117jimo.<\/p>\n<p>6.4. Preki\u0173 pristatymo mokestis ir detalesn\u0117 informacija, susijusi su preki\u0173 pristatymu, pateikiama internetin\u0117s parduotuv\u0117s \u201ePristatymas\u201c skyriuje. \u0160ie preki\u0173 pristatymo terminai netaikomi tais atvejais, kai Pardav\u0117jo sand\u0117lyje n\u0117ra reikiam\u0173 preki\u0173, o Pirk\u0117jas informuojamas apie jo u\u017esakyt\u0173 preki\u0173 tr\u016bkum\u0105. Kartu Pirk\u0117jas sutinka, jog i\u0161imtinais atvejais preki\u0173 pristatymas gali v\u0117luoti d\u0117l Force Majeure aplinkybi\u0173.<\/p>\n<p>6.5. Jei u\u017esakymas skubus, d\u0117l trumpesnio u\u017esakymo termino kreipkit\u0117s Internetin\u0117je parduotuv\u0117je nurodytais kontaktais.<\/p>\n<p>6.6. Pirk\u0117jas \u012fsipareigoja prekes priimti pats. Tuo atveju, kai jis preki\u0173 pats priimti negali, o prek\u0117s pristatytos nurodytu adresu ir remiantis kitais Pirk\u0117jo pateiktais duomenimis, Pirk\u0117jas neturi teis\u0117s reik\u0161ti Pardav\u0117jui pretenzij\u0173 d\u0117l preki\u0173 pristatymo netinkamam subjektui.<\/p>\n<p>6.7. Tuo atveju, kai Pirk\u0117jas, remdamasis \u0161iomis Taisykl\u0117mis, atsisako pirkimo \u2013 pardavimo sutarties, jam tenka pareiga apmok\u0117ti visas tiesiogines preki\u0173 gr\u0105\u017einimo Pardav\u0117jui i\u0161laidas. \u0160i\u0173 Pardav\u0117jo i\u0161laid\u0173 suma i\u0161skai\u010diuojama i\u0161 gr\u0105\u017eintin\u0173 Pirk\u0117jui u\u017e prekes sumok\u0117t\u0173 pinig\u0173.<\/p>\n<p>6.8. Pirk\u0117jas privalo nedelsiant informuoti Pardav\u0117j\u0105, jeigu siunta gaunama pa\u017eeistoje pakuot\u0117je, jeigu siuntoje gautos neu\u017esakytos prek\u0117s arba netinkamas j\u0173 kiekis, nepilna prek\u0117s komplektacija.<\/p>\n<p>6.9. Jei Pirk\u0117jas nurodo neteising\u0105 adres\u0105, telefon\u0105 ir siunta negali b\u016bti jam pristatyta, arba siunta neb\u016bna atsiimta per kurjerio tarnybos nurodyt\u0105 laik\u0105 i\u0161 siunt\u0173 pa\u0161tomato, ir d\u0117l nurodyt\u0173 prie\u017eas\u010di\u0173 yra\u00a0peradresuojama ar gr\u0105\u017einama Pardav\u0117jui, siunta pristatoma tik\u00a0papildomai pirk\u0117jui sumok\u0117jus 6 eurus.\u00a0Pirk\u0117jui atsisakius sumok\u0117ti priemok\u0105, siunta n\u0117ra pristatoma, o pirk\u0117jui gr\u0105\u017einama\u00a0sumok\u0117ta suma minusavus siuntimo mokes\u010dius.<\/p>\n<p><strong>7. Preki\u0173 kokyb\u0117s garantija<\/strong><\/p>\n<p>7.1. Kiekvienos internetin\u0117je parduotuv\u0117je parduodamos prek\u0117s savyb\u0117s bendrai nurodomos prie kiekvienos prek\u0117s esan\u010diame prek\u0117s apra\u0161yme.<\/p>\n<p>7.2. Pardav\u0117jas neatsako u\u017e tai, kad internetin\u0117je parduotuv\u0117je esan\u010dios prek\u0117s savo spalva, forma ar kitais parametrais gali neatitikti realaus preki\u0173 dyd\u017eio, form\u0173 ir spalvos d\u0117l Pirk\u0117jo naudojamo vaizduoklio ypatybi\u0173.<\/p>\n<p>7.3. Pardav\u0117jas \u012fsipareigoja prekes parduoti Pirk\u0117jui taip, kad jam b\u016bt\u0173 suteikta reali galimyb\u0117 tokiomis prek\u0117mis pasinaudoti iki tinkamumo naudoti termino pabaigos. Esant ypatingai trumpiems garantiniams terminams prek\u0117s internetin\u0117je parduotuv\u0117je yra pa\u017eymimos specialiu persp\u0117jamuoju \u017eenklu.<\/p>\n<p>7.4. Pardav\u0117jo teikiama kokyb\u0117s garantija neapriboja ir nevar\u017eo Pirk\u0117jo teisi\u0173, kurias, \u012fsigijus netinkamos kokyb\u0117s prek\u0119 ar paslaugas, jam nustato teis\u0117s aktai.<\/p>\n<p><strong>8. Preki\u0173 gr\u0105\u017einimas ir keitimas<\/strong><\/p>\n<p>8.1. Preki\u0173 gr\u0105\u017einimas vyksta vadovaujantis 2001 m. bir\u017eelio 29 d. Lietuvos Respublikos \u016akio ministro \u012fsakymu Nr. 217 &#8222;D\u0117l daikt\u0173 gr\u0105\u017einimo ir keitimo taisykli\u0173 patvirtinimo&#8221; ir\u00a0Lietuvos Respublikos \u016akio ministro \u012fsakymu Nr. 258 patvirtin\u0173 \u201eDaikt\u0173 pardavimo ir paslaug\u0173 teikimo, kai sutartys sudaromos naudojant ry\u0161io priemones, taisykli\u0173\u201c numatyta tvarka.<\/p>\n<p>8.2. \u00a0Preki\u0173 gr\u0105\u017einimo ir keitimo numatyta teise Pirk\u0117jas gali pasinaudoti per 14 (keturiolika) dien\u0173 nuo preki\u0173 pristatymo jam dienos, informuodamas apie tai Pardav\u0117j\u0105 3.4. Taisykli\u0173 punkte numatyta tvarka.<\/p>\n<p>8.3. Gr\u0105\u017einama prek\u0117 turi b\u016bti originalioje tvarkingoje pakuot\u0117je. Pirk\u0117jo nesugadinta, nenaudota, nepraradusi prekin\u0117s i\u0161vaizdos (nepa\u017eeistos etiket\u0117s, nenupl\u0117\u0161tos apsaugin\u0117s pl\u0117vel\u0117s ir kt. (\u0161is punktas netaikomas tuo atveju, kai gr\u0105\u017einama nekokybi\u0161ka prek\u0117), tos pa\u010dios komplektacijos, kokios buvo Pirk\u0117jo gauta. U\u017e gr\u0105\u017einamos prek\u0117s tinkam\u0105 sukomplektavim\u0105 ir supakavim\u0105 atsako Pirk\u0117jas.\u00a0 D\u016b\u017etan\u010dios prek\u0117s turi b\u016bti supakuotos taip, jog b\u016bt\u0173 galima saugiai transportuoti.<\/p>\n<p>8.4. \u00a0Gr\u0105\u017einam\u0105 prek\u0119 Pirk\u0117jas gali pristatyti pats Pardav\u0117jo nurodytu adresu arba atsi\u0173sti naudojantis kurjerio paslaugomis. Tuo atveju, kai prek\u0117 gr\u0105\u017einama remiantis 3.4. punkte numatyta teise, Pirk\u0117jui tenka preki\u0173 gr\u0105\u017einimo i\u0161laidos. Kai gr\u0105\u017einama gauta ne ta prek\u0117 ir\/ar nekokybi\u0161ka prek\u0117, Pardav\u0117jas \u012fsipareigoja pasiimti toki\u0105 prek\u0119 ir j\u0105 pakeisti analogi\u0161ka tinkama preke arba gr\u0105\u017einti Pirk\u0117jui pinigus.<\/p>\n<p>8.5. Pardav\u0117jas turi teis\u0119 nepriimti Pirk\u0117jo gr\u0105\u017einam\u0173 preki\u0173, jei Pirk\u0117jas nesilaiko \u0161iame straipsnyje nustatytos preki\u0173 gr\u0105\u017einimo tvarkos.<\/p>\n<p><strong>9. Tvarumo politika<\/strong><\/p>\n<p>9.1. Siekiant ma\u017einti pakuo\u010di\u0173 atliek\u0173 kiek\u012f, u\u017esakytoms prek\u0117ms supakuoti gali b\u016bti naudojamos pakartotinio naudojimo pakuot\u0117s (d\u0117\u017e\u0117s, mai\u0161eliai ar kt. med\u017eiagos).<\/p>\n<p><strong>10. Apsikeitimas informacija<\/strong><\/p>\n<p>10.1. Pardav\u0117jas visus prane\u0161imus siun\u010dia Pirk\u0117jo registracijos formoje pateiktu elektroninio pa\u0161to adresu.<\/p>\n<p>10.2. Pirk\u0117jas visus prane\u0161imus ir klausimus siun\u010dia Pardav\u0117jo internetin\u0117s parduotuv\u0117s skyriuje \u201eKontaktai\u201c nurodytomis susisiekimo priemon\u0117mis.<\/p>\n<p><strong>11. Asmens duomen\u0173 apsauga<\/strong><\/p>\n<p>11.1. Paspausdamas mygtuk\u0105 \u201eU\u017esakyti\u201c, Pirk\u0117jas patvirtina, kad jis sutinka pateikti Pardav\u0117jui savo asmens duomenis bei neprie\u0161tarauja, kad jo pateiktus asmens duomenis Pardav\u0117jas tvarkyt\u0173 tiek Pirk\u0117jo identifikavimo, sutar\u010di\u0173 sudarymo, vykdymo (internetin\u0117s prekybos), tiek tiesiogin\u0117s rinkodaros tikslais.<\/p>\n<p>11.2. U\u017ed\u0117damas varnel\u0119 ties \u201eNaujien\u0173 prenumerata\u201c, Pirk\u0117jas nurodo, kad jis sutinka gauti informacin\u0119 ir reklamin\u0119 med\u017eiag\u0105 apie paslaugas, prekes i\u0161 Pardav\u0117jo ir (ar) i\u0161 jo pasirinkt\u0173 tre\u010di\u0173j\u0173 asmen\u0173 registracijos formoje nurodytu ir (arba) kitu Pirk\u0117jo ir (arba) jo atstov\u0173 pateiktu adresu ir (arba) SMS \u017einute ir (arba) skambu\u010diu \u012f nurodyt\u0105 mobiliojo telefono numer\u012f, ir (arba) elektroniniu pa\u0161tu.<\/p>\n<p>11.3. Paspausdamas mygtuk\u0105 \u201eU\u017esakyti\u201c, Pirk\u0117jas patvirtina, kad jis ir jo atstovai \u017eino turintys teis\u0119 atsisakyti pateikti savo asmens duomenis, ta\u010diau supranta, kad asmens duomenys yra reikalingi ir b\u016btini siekiant vienareik\u0161miai identifikuoti Pirk\u0117j\u0105 ir (ar) jo atstovus sutar\u010di\u0173 sudarymo, vykdymo (internetin\u0117s prekybos) tikslais ir nepateikus asmens duomen\u0173 ir (ar) nesutikus, kad jie b\u016bt\u0173 tvarkomi auk\u0161\u010diau nurodytais tikslais, negal\u0117s sudaryti ir (ar) vykdyti sutarties.<\/p>\n<p><strong>12. Baigiamosios nuostatos<\/strong><\/p>\n<p>12.1. \u0160i\u0173 taisykli\u0173 pagrindu kylantiems santykiams taikoma Lietuvos Respublikos teis\u0117s aktai.<\/p>\n<p>12.2. Visi nesutarimai, kil\u0119 d\u0117l \u0161i\u0173 taisykli\u0173 vykdymo, sprend\u017eiami deryb\u0173 b\u016bdu. Nepavykus susitarti, gin\u010dai sprend\u017eiami Lietuvos Respublikos teis\u0117s akt\u0173 nustatyta tvarka.<\/p>\n<p>\u00a0<\/p>\n<p>\u00a0<\/p>\n\n\t\t<\/div>\n\t<\/div>\n<\/div><\/div><\/div><div class=\"wpb_column vc_column_container vc_col-sm-2 et-dark-column\"><div class=\"vc_column-inner\"><div class=\"wpb_wrapper\"><\/div><\/div><\/div><\/div><\/div><\/div>","protected":false},"excerpt":{"rendered":"1. Bendrosios nuostatos 1.1. \u0160ios pirkimo ir pardavimo taisykl\u0117s (toliau \u2013 Taisykl\u0117s) nustato asmens, \u012fsigyjan\u010dio prekes internetin\u0117je parduotuv\u0117je www.levandupieva.lt(toliau \u2013 Pirk\u0117jas) ir Giedriaus Mark\u016bno (toliau \u2013 Pardav\u0117jas) tarpusavio teises, pareigas ir atsakomyb\u0119. \u012esigydamas prekes Pirk\u0117jas sutinka \u0161i\u0173 Taisykli\u0173 laikytis. 2. Pirkimo ir pardavimo sutarties sudarymas 2.1. Pirkimo ir pardavimo sutartis [...]","protected":false},"author":1,"featured_media":0,"parent":0,"menu_order":0,"comment_status":"closed","ping_status":"closed","template":"","meta":{"footnotes":""},"class_list":["post-72","page","type-page","status-publish","hentry"],"yoast_head":"<!-- This site is optimized with the Yoast SEO plugin v24.8.1 - https:\/\/yoast.com\/wordpress\/plugins\/seo\/ -->\n<title>Pirkimo taisykl\u0117s ir s\u0105lygos - Levand\u0173 pieva<\/title>\n<meta name=\"robots\" content=\"index, follow, max-snippet:-1, max-image-preview:large, max-video-preview:-1\" \/>\n<link rel=\"canonical\" href=\"https:\/\/levandupieva.lt\/en\/taisykles-salygos\/\" \/>\n<meta property=\"og:locale\" content=\"en_GB\" \/>\n<meta property=\"og:type\" content=\"article\" \/>\n<meta property=\"og:title\" content=\"Pirkimo taisykl\u0117s ir s\u0105lygos - Levand\u0173 pieva\" \/>\n<meta property=\"og:url\" content=\"https:\/\/levandupieva.lt\/en\/taisykles-salygos\/\" \/>\n<meta property=\"og:site_name\" content=\"Levand\u0173 pieva\" \/>\n<meta property=\"article:publisher\" content=\"https:\/\/www.facebook.com\/Levandupieva\" \/>\n<meta property=\"article:modified_time\" content=\"2025-10-23T06:59:34+00:00\" \/>\n<meta name=\"twitter:card\" content=\"summary_large_image\" \/>\n<meta name=\"twitter:label1\" content=\"Estimated reading time\" \/>\n\t<meta name=\"twitter:data1\" content=\"8 minutes\" \/>\n<script type=\"application\/ld+json\" class=\"yoast-schema-graph\">{\"@context\":\"https:\/\/schema.org\",\"@graph\":[{\"@type\":\"WebPage\",\"@id\":\"https:\/\/levandupieva.lt\/taisykles-salygos\/\",\"url\":\"https:\/\/levandupieva.lt\/taisykles-salygos\/\",\"name\":\"Pirkimo taisykl\u0117s ir s\u0105lygos - Levand\u0173 pieva\",\"isPartOf\":{\"@id\":\"https:\/\/levandupieva.lt\/#website\"},\"datePublished\":\"2019-03-17T17:19:40+00:00\",\"dateModified\":\"2025-10-23T06:59:34+00:00\",\"breadcrumb\":{\"@id\":\"https:\/\/levandupieva.lt\/taisykles-salygos\/#breadcrumb\"},\"inLanguage\":\"en-GB\",\"potentialAction\":[{\"@type\":\"ReadAction\",\"target\":[\"https:\/\/levandupieva.lt\/taisykles-salygos\/\"]}]},{\"@type\":\"BreadcrumbList\",\"@id\":\"https:\/\/levandupieva.lt\/taisykles-salygos\/#breadcrumb\",\"itemListElement\":[{\"@type\":\"ListItem\",\"position\":1,\"name\":\"Home\",\"item\":\"https:\/\/levandupieva.lt\/\"},{\"@type\":\"ListItem\",\"position\":2,\"name\":\"Pirkimo taisykl\u0117s ir s\u0105lygos\"}]},{\"@type\":\"WebSite\",\"@id\":\"https:\/\/levandupieva.lt\/#website\",\"url\":\"https:\/\/levandupieva.lt\/\",\"name\":\"Levand\u0173 pieva\",\"description\":\"\",\"publisher\":{\"@id\":\"https:\/\/levandupieva.lt\/#organization\"},\"potentialAction\":[{\"@type\":\"SearchAction\",\"target\":{\"@type\":\"EntryPoint\",\"urlTemplate\":\"https:\/\/levandupieva.lt\/?s={search_term_string}\"},\"query-input\":{\"@type\":\"PropertyValueSpecification\",\"valueRequired\":true,\"valueName\":\"search_term_string\"}}],\"inLanguage\":\"en-GB\"},{\"@type\":\"Organization\",\"@id\":\"https:\/\/levandupieva.lt\/#organization\",\"name\":\"Levan\u0173 Pieva\",\"url\":\"https:\/\/levandupieva.lt\/\",\"logo\":{\"@type\":\"ImageObject\",\"inLanguage\":\"en-GB\",\"@id\":\"https:\/\/levandupieva.lt\/#\/schema\/logo\/image\/\",\"url\":\"https:\/\/levandupieva.lt\/wp-content\/uploads\/2021\/03\/cropped-logo-e1446013442350.png\",\"contentUrl\":\"https:\/\/levandupieva.lt\/wp-content\/uploads\/2021\/03\/cropped-logo-e1446013442350.png\",\"width\":654,\"height\":287,\"caption\":\"Levan\u0173 Pieva\"},\"image\":{\"@id\":\"https:\/\/levandupieva.lt\/#\/schema\/logo\/image\/\"},\"sameAs\":[\"https:\/\/www.facebook.com\/Levandupieva\"]}]}<\/script>\n<!-- \/ Yoast SEO plugin. -->","yoast_head_json":{"title":"Pirkimo taisykl\u0117s ir s\u0105lygos - Levand\u0173 pieva","robots":{"index":"index","follow":"follow","max-snippet":"max-snippet:-1","max-image-preview":"max-image-preview:large","max-video-preview":"max-video-preview:-1"},"canonical":"https:\/\/levandupieva.lt\/en\/taisykles-salygos\/","og_locale":"en_GB","og_type":"article","og_title":"Pirkimo taisykl\u0117s ir s\u0105lygos - Levand\u0173 pieva","og_url":"https:\/\/levandupieva.lt\/en\/taisykles-salygos\/","og_site_name":"Levand\u0173 pieva","article_publisher":"https:\/\/www.facebook.com\/Levandupieva","article_modified_time":"2025-10-23T06:59:34+00:00","twitter_card":"summary_large_image","twitter_misc":{"Estimated reading time":"8 minutes"},"schema":{"@context":"https:\/\/schema.org","@graph":[{"@type":"WebPage","@id":"https:\/\/levandupieva.lt\/taisykles-salygos\/","url":"https:\/\/levandupieva.lt\/taisykles-salygos\/","name":"Pirkimo taisykl\u0117s ir s\u0105lygos - Levand\u0173 pieva","isPartOf":{"@id":"https:\/\/levandupieva.lt\/#website"},"datePublished":"2019-03-17T17:19:40+00:00","dateModified":"2025-10-23T06:59:34+00:00","breadcrumb":{"@id":"https:\/\/levandupieva.lt\/taisykles-salygos\/#breadcrumb"},"inLanguage":"en-GB","potentialAction":[{"@type":"ReadAction","target":["https:\/\/levandupieva.lt\/taisykles-salygos\/"]}]},{"@type":"BreadcrumbList","@id":"https:\/\/levandupieva.lt\/taisykles-salygos\/#breadcrumb","itemListElement":[{"@type":"ListItem","position":1,"name":"Home","item":"https:\/\/levandupieva.lt\/"},{"@type":"ListItem","position":2,"name":"Pirkimo taisykl\u0117s ir s\u0105lygos"}]},{"@type":"WebSite","@id":"https:\/\/levandupieva.lt\/#website","url":"https:\/\/levandupieva.lt\/","name":"Levand\u0173 pieva","description":"","publisher":{"@id":"https:\/\/levandupieva.lt\/#organization"},"potentialAction":[{"@type":"SearchAction","target":{"@type":"EntryPoint","urlTemplate":"https:\/\/levandupieva.lt\/?s={search_term_string}"},"query-input":{"@type":"PropertyValueSpecification","valueRequired":true,"valueName":"search_term_string"}}],"inLanguage":"en-GB"},{"@type":"Organization","@id":"https:\/\/levandupieva.lt\/#organization","name":"Levan\u0173 Pieva","url":"https:\/\/levandupieva.lt\/","logo":{"@type":"ImageObject","inLanguage":"en-GB","@id":"https:\/\/levandupieva.lt\/#\/schema\/logo\/image\/","url":"https:\/\/levandupieva.lt\/wp-content\/uploads\/2021\/03\/cropped-logo-e1446013442350.png","contentUrl":"https:\/\/levandupieva.lt\/wp-content\/uploads\/2021\/03\/cropped-logo-e1446013442350.png","width":654,"height":287,"caption":"Levan\u0173 Pieva"},"image":{"@id":"https:\/\/levandupieva.lt\/#\/schema\/logo\/image\/"},"sameAs":["https:\/\/www.facebook.com\/Levandupieva"]}]}},"_links":{"self":[{"href":"https:\/\/levandupieva.lt\/en\/wp-json\/wp\/v2\/pages\/72","targetHints":{"allow":["GET"]}}],"collection":[{"href":"https:\/\/levandupieva.lt\/en\/wp-json\/wp\/v2\/pages"}],"about":[{"href":"https:\/\/levandupieva.lt\/en\/wp-json\/wp\/v2\/types\/page"}],"author":[{"embeddable":true,"href":"https:\/\/levandupieva.lt\/en\/wp-json\/wp\/v2\/users\/1"}],"replies":[{"embeddable":true,"href":"https:\/\/levandupieva.lt\/en\/wp-json\/wp\/v2\/comments?post=72"}],"version-history":[{"count":18,"href":"https:\/\/levandupieva.lt\/en\/wp-json\/wp\/v2\/pages\/72\/revisions"}],"predecessor-version":[{"id":8087,"href":"https:\/\/levandupieva.lt\/en\/wp-json\/wp\/v2\/pages\/72\/revisions\/8087"}],"wp:attachment":[{"href":"https:\/\/levandupieva.lt\/en\/wp-json\/wp\/v2\/media?parent=72"}],"curies":[{"name":"wp","href":"https:\/\/api.w.org\/{rel}","templated":true}]}}