{"id":861,"date":"2019-04-12T03:24:27","date_gmt":"2019-04-12T03:24:27","guid":{"rendered":"https:\/\/goya.everthemes.com\/demo-basic\/?page_id=861"},"modified":"2026-03-02T09:11:03","modified_gmt":"2026-03-02T09:11:03","slug":"pradzia","status":"publish","type":"page","link":"https:\/\/levandupieva.lt\/en\/","title":{"rendered":"Prad\u017eia"},"content":{"rendered":"<div class=\"wpb-content-wrapper\"><div  class=\"sec_row container-fluid\"><div class=\"vc_row wpb_row vc_row-fluid no-padding align-center vc_custom_1614608253518\"><div class=\"wpb_column vc_column_container vc_col-sm-12 vc_col-lg-11 et-dark-column\"><div class=\"vc_column-inner\"><div class=\"wpb_wrapper\"><div id=\"et-banner-slider-69de5b2ce4739\" class=\"et-banner-slider slick slick-slider slick-controls-gray slick-dots-inside\" data-navigation=\"true\" data-pagination=\"true\" data-autoplay=\"true\" data-autoplay-speed=\"4000\" data-infinite=\"true\" data-pause=\"true\" data-columns=\"1\" >\r\n\t\t<div class=\"et-banner-69de5b2ce47d1 et-banner content-full  image-type-fluid text-color-dark hover-effect  slide\" ><a href=\"https:\/\/levandupieva.lt\/en\/naturalios-kosmetikos-gamybos-dirbtuves-ir-poilsis-zasliu-ezero-pakranteje\/\" class=\"et-banner-link et-banner-link-full\"><img loading=\"lazy\" decoding=\"async\" width=\"2560\" height=\"1094\" src=\"https:\/\/levandupieva.lt\/wp-content\/uploads\/2021\/03\/mergvakariai.jpg\" class=\"et-banner-main-image\" alt=\"Gimtadieniai\" sizes=\"auto, (max-width: 2560px) 100vw, 2560px\" srcset=\"https:\/\/levandupieva.lt\/wp-content\/uploads\/2021\/03\/mergvakariai.jpg 2560w, https:\/\/levandupieva.lt\/wp-content\/uploads\/2021\/03\/mergvakariai-1000x427.jpg 1000w, https:\/\/levandupieva.lt\/wp-content\/uploads\/2021\/03\/mergvakariai-300x128.jpg 300w, https:\/\/levandupieva.lt\/wp-content\/uploads\/2021\/03\/mergvakariai-1024x438.jpg 1024w, https:\/\/levandupieva.lt\/wp-content\/uploads\/2021\/03\/mergvakariai-768x328.jpg 768w, https:\/\/levandupieva.lt\/wp-content\/uploads\/2021\/03\/mergvakariai-1536x656.jpg 1536w, https:\/\/levandupieva.lt\/wp-content\/uploads\/2021\/03\/mergvakariai-2048x875.jpg 2048w, https:\/\/levandupieva.lt\/wp-content\/uploads\/2021\/03\/mergvakariai-150x64.jpg 150w\" \/>\r\n\t\t\t<div class=\"et-banner-content\">\r\n\t\t\t\t<div class=\"et-banner-content-inner container\">\r\n\t\t\t\t\t<div class=\"et-banner-text h_left v_top align_left\">\r\n\t\t\t\t\t\t<div class=\"et-banner-text-inner\"><h2 class=\"et-banner-title color-custom xlarge\">Gimtadieniai<\/h2><\/div>\r\n\t\t\t\t\t<\/div>\r\n\t\t\t\t<\/div>\r\n\t\t\t<\/div><\/a>\r\n\t\t<\/div>\r\n\t\t<div class=\"et-banner-69de5b2ce4bee et-banner content-full  image-type-fluid text-color-dark hover-effect  slide\" ><a href=\"https:\/\/levandupieva.lt\/en\/naturalios-kosmetikos-gamybos-dirbtuves-ir-poilsis-zasliu-ezero-pakranteje\/\" class=\"et-banner-link et-banner-link-full\"><img loading=\"lazy\" decoding=\"async\" width=\"2560\" height=\"1094\" src=\"https:\/\/levandupieva.lt\/wp-content\/uploads\/2021\/03\/2.jpg\" class=\"et-banner-main-image\" alt=\"\u012emoni\u0173 renginiai\" sizes=\"auto, (max-width: 2560px) 100vw, 2560px\" srcset=\"https:\/\/levandupieva.lt\/wp-content\/uploads\/2021\/03\/2.jpg 2560w, https:\/\/levandupieva.lt\/wp-content\/uploads\/2021\/03\/2-1000x427.jpg 1000w, https:\/\/levandupieva.lt\/wp-content\/uploads\/2021\/03\/2-300x128.jpg 300w, https:\/\/levandupieva.lt\/wp-content\/uploads\/2021\/03\/2-1024x438.jpg 1024w, https:\/\/levandupieva.lt\/wp-content\/uploads\/2021\/03\/2-768x328.jpg 768w, https:\/\/levandupieva.lt\/wp-content\/uploads\/2021\/03\/2-1536x656.jpg 1536w, https:\/\/levandupieva.lt\/wp-content\/uploads\/2021\/03\/2-2048x875.jpg 2048w, https:\/\/levandupieva.lt\/wp-content\/uploads\/2021\/03\/2-150x64.jpg 150w\" \/>\r\n\t\t\t<div class=\"et-banner-content\">\r\n\t\t\t\t<div class=\"et-banner-content-inner container\">\r\n\t\t\t\t\t<div class=\"et-banner-text h_left v_top align_left\">\r\n\t\t\t\t\t\t<div class=\"et-banner-text-inner\"><h2 class=\"et-banner-title color-custom xlarge\">\u012emoni\u0173 renginiai<\/h2><\/div>\r\n\t\t\t\t\t<\/div>\r\n\t\t\t\t<\/div>\r\n\t\t\t<\/div><\/a>\r\n\t\t<\/div>\r\n\t\t<div class=\"et-banner-69de5b2ce4ed8 et-banner content-full  image-type-fluid text-color-dark hover-effect  slide\" ><a href=\"https:\/\/levandupieva.lt\/en\/naturalios-kosmetikos-gamybos-dirbtuves-ir-poilsis-zasliu-ezero-pakranteje\/\" class=\"et-banner-link et-banner-link-full\"><img loading=\"lazy\" decoding=\"async\" width=\"2560\" height=\"1094\" src=\"https:\/\/levandupieva.lt\/wp-content\/uploads\/2021\/03\/slider-scaled.jpg\" class=\"et-banner-main-image\" alt=\"Mergvakariai\" sizes=\"auto, (max-width: 2560px) 100vw, 2560px\" srcset=\"https:\/\/levandupieva.lt\/wp-content\/uploads\/2021\/03\/slider-scaled.jpg 2560w, https:\/\/levandupieva.lt\/wp-content\/uploads\/2021\/03\/slider-scaled-1000x427.jpg 1000w, https:\/\/levandupieva.lt\/wp-content\/uploads\/2021\/03\/slider-300x128.jpg 300w, https:\/\/levandupieva.lt\/wp-content\/uploads\/2021\/03\/slider-1024x438.jpg 1024w, https:\/\/levandupieva.lt\/wp-content\/uploads\/2021\/03\/slider-768x328.jpg 768w, https:\/\/levandupieva.lt\/wp-content\/uploads\/2021\/03\/slider-1536x657.jpg 1536w, https:\/\/levandupieva.lt\/wp-content\/uploads\/2021\/03\/slider-2048x875.jpg 2048w, https:\/\/levandupieva.lt\/wp-content\/uploads\/2021\/03\/slider-150x64.jpg 150w\" \/>\r\n\t\t\t<div class=\"et-banner-content\">\r\n\t\t\t\t<div class=\"et-banner-content-inner container\">\r\n\t\t\t\t\t<div class=\"et-banner-text h_left v_top align_left\">\r\n\t\t\t\t\t\t<div class=\"et-banner-text-inner\"><h2 class=\"et-banner-title color-custom xlarge\">Mergvakariai<\/h2><\/div>\r\n\t\t\t\t\t<\/div>\r\n\t\t\t\t<\/div>\r\n\t\t\t<\/div><\/a>\r\n\t\t<\/div><\/div><div class=\"vc_row wpb_row vc_inner vc_row-fluid max_width front-categories\"><div class=\"wpb_column vc_column_container vc_col-sm-6 et-dark-column\"><div class=\"vc_column-inner\"><div class=\"wpb_wrapper\">\r\n\t\t<div class=\"et-banner-69de5b2ce54a5 et-banner content-full  image-type-fluid text-color-dark hover-effect  title-background\" ><a href=\"https:\/\/levandupieva.lt\/en\/kvepalu-gamyba\/\" class=\"et-banner-link et-banner-link-full\"><img loading=\"lazy\" decoding=\"async\" width=\"562\" height=\"326\" src=\"https:\/\/levandupieva.lt\/wp-content\/uploads\/2021\/03\/cloud.png\" class=\"et-banner-main-image\" alt=\"Levand\u0173 pieva\" sizes=\"auto, (max-width: 562px) 100vw, 562px\" srcset=\"https:\/\/levandupieva.lt\/wp-content\/uploads\/2021\/03\/cloud.png 562w, https:\/\/levandupieva.lt\/wp-content\/uploads\/2021\/03\/cloud-300x174.png 300w, https:\/\/levandupieva.lt\/wp-content\/uploads\/2021\/03\/cloud-150x87.png 150w\" \/>\r\n\t\t\t<div class=\"et-banner-content\">\r\n\t\t\t\t<div class=\"et-banner-content-inner container\">\r\n\t\t\t\t\t<div class=\"et-banner-text h_center v_center align_center\">\r\n\t\t\t\t\t\t<div class=\"et-banner-text-inner\"><h2 class=\"et-banner-title color- small\">Nat\u016bralios kosmetikos gamybos dirbtuv\u0117s ir poilsis \u017dasli\u0173 e\u017eero pakrant\u0117je<\/h2><\/div>\r\n\t\t\t\t\t<\/div>\r\n\t\t\t\t<\/div>\r\n\t\t\t<\/div><\/a>\r\n\t\t<\/div>\n\t<div  class=\"wpb_single_image wpb_content_element vc_align_center\">\n\t\t\n\t\t<figure class=\"wpb_wrapper vc_figure\">\n\t\t\t<a href=\"https:\/\/levandupieva.lt\/en\/kvepalu-gamyba\/\" target=\"_self\" class=\"vc_single_image-wrapper   vc_box_border_grey\"><img loading=\"lazy\" decoding=\"async\" width=\"1024\" height=\"708\" src=\"https:\/\/levandupieva.lt\/wp-content\/uploads\/2021\/03\/naturaliokosmetikosuzsiemima-1-1024x708.jpg\" class=\"vc_single_image-img attachment-large\" alt=\"Nat\u016bralios kosmetikos gamybos u\u017esi\u0117mimai\" title=\"naturaliokosmetikosuzsiemima\" srcset=\"https:\/\/levandupieva.lt\/wp-content\/uploads\/2021\/03\/naturaliokosmetikosuzsiemima-1-1024x708.jpg 1024w, https:\/\/levandupieva.lt\/wp-content\/uploads\/2021\/03\/naturaliokosmetikosuzsiemima-1-1000x692.jpg 1000w, https:\/\/levandupieva.lt\/wp-content\/uploads\/2021\/03\/naturaliokosmetikosuzsiemima-1-300x208.jpg 300w, https:\/\/levandupieva.lt\/wp-content\/uploads\/2021\/03\/naturaliokosmetikosuzsiemima-1-768x531.jpg 768w, https:\/\/levandupieva.lt\/wp-content\/uploads\/2021\/03\/naturaliokosmetikosuzsiemima-1-150x104.jpg 150w, https:\/\/levandupieva.lt\/wp-content\/uploads\/2021\/03\/naturaliokosmetikosuzsiemima-1.jpg 1200w\" sizes=\"auto, (max-width: 1024px) 100vw, 1024px\" \/><\/a>\n\t\t<\/figure>\n\t<\/div>\n\r\n\t\t<div class=\"et-banner-69de5b2ce5f72 et-banner content-full  image-type-fluid text-color-dark hover-effect  title-background\" ><a href=\"https:\/\/levandupieva.lt\/en\/product-category\/zaliava\/\" class=\"et-banner-link et-banner-link-full\"><img loading=\"lazy\" decoding=\"async\" width=\"562\" height=\"326\" src=\"https:\/\/levandupieva.lt\/wp-content\/uploads\/2021\/03\/cloud.png\" class=\"et-banner-main-image\" alt=\"Levand\u0173 pieva\" sizes=\"auto, (max-width: 562px) 100vw, 562px\" srcset=\"https:\/\/levandupieva.lt\/wp-content\/uploads\/2021\/03\/cloud.png 562w, https:\/\/levandupieva.lt\/wp-content\/uploads\/2021\/03\/cloud-300x174.png 300w, https:\/\/levandupieva.lt\/wp-content\/uploads\/2021\/03\/cloud-150x87.png 150w\" \/>\r\n\t\t\t<div class=\"et-banner-content\">\r\n\t\t\t\t<div class=\"et-banner-content-inner container\">\r\n\t\t\t\t\t<div class=\"et-banner-text h_center v_center align_center\">\r\n\t\t\t\t\t\t<div class=\"et-banner-text-inner\"><h2 class=\"et-banner-title color- small\">\u017daliava<\/h2><\/div>\r\n\t\t\t\t\t<\/div>\r\n\t\t\t\t<\/div>\r\n\t\t\t<\/div><\/a>\r\n\t\t<\/div>\n\t<div  class=\"wpb_single_image wpb_content_element vc_align_center\">\n\t\t\n\t\t<figure class=\"wpb_wrapper vc_figure\">\n\t\t\t<a href=\"https:\/\/levandupieva.lt\/en\/product-category\/zaliava\/\" target=\"_self\" class=\"vc_single_image-wrapper   vc_box_border_grey\"><img loading=\"lazy\" decoding=\"async\" width=\"1024\" height=\"681\" src=\"https:\/\/levandupieva.lt\/wp-content\/uploads\/2022\/11\/Maria-Zafra.-8-de-19-scaled-e1669286193146-1024x681.jpg\" class=\"vc_single_image-img attachment-large\" alt=\"\" title=\"Maria Zafra. (8 de 19)\" srcset=\"https:\/\/levandupieva.lt\/wp-content\/uploads\/2022\/11\/Maria-Zafra.-8-de-19-scaled-e1669286193146-1024x681.jpg 1024w, https:\/\/levandupieva.lt\/wp-content\/uploads\/2022\/11\/Maria-Zafra.-8-de-19-scaled-e1669286193146-300x199.jpg 300w, https:\/\/levandupieva.lt\/wp-content\/uploads\/2022\/11\/Maria-Zafra.-8-de-19-scaled-e1669286193146-768x511.jpg 768w, https:\/\/levandupieva.lt\/wp-content\/uploads\/2022\/11\/Maria-Zafra.-8-de-19-scaled-e1669286193146-1536x1021.jpg 1536w, https:\/\/levandupieva.lt\/wp-content\/uploads\/2022\/11\/Maria-Zafra.-8-de-19-scaled-e1669286193146-2048x1362.jpg 2048w, https:\/\/levandupieva.lt\/wp-content\/uploads\/2022\/11\/Maria-Zafra.-8-de-19-scaled-e1669286193146-150x100.jpg 150w, https:\/\/levandupieva.lt\/wp-content\/uploads\/2022\/11\/Maria-Zafra.-8-de-19-scaled-e1669286193146-1000x665.jpg 1000w\" sizes=\"auto, (max-width: 1024px) 100vw, 1024px\" \/><\/a>\n\t\t<\/figure>\n\t<\/div>\n<\/div><\/div><\/div><div class=\"wpb_column vc_column_container vc_col-sm-6 et-dark-column\"><div class=\"vc_column-inner\"><div class=\"wpb_wrapper\">\r\n\t\t<div class=\"et-banner-69de5b2ce653f et-banner content-full  image-type-fluid text-color-dark hover-effect  title-background\" ><a href=\"https:\/\/levandupieva.lt\/en\/product-category\/tara\/\" class=\"et-banner-link et-banner-link-full\"><img loading=\"lazy\" decoding=\"async\" width=\"562\" height=\"326\" src=\"https:\/\/levandupieva.lt\/wp-content\/uploads\/2021\/03\/cloud.png\" class=\"et-banner-main-image\" alt=\"Levand\u0173 pieva\" sizes=\"auto, (max-width: 562px) 100vw, 562px\" srcset=\"https:\/\/levandupieva.lt\/wp-content\/uploads\/2021\/03\/cloud.png 562w, https:\/\/levandupieva.lt\/wp-content\/uploads\/2021\/03\/cloud-300x174.png 300w, https:\/\/levandupieva.lt\/wp-content\/uploads\/2021\/03\/cloud-150x87.png 150w\" \/>\r\n\t\t\t<div class=\"et-banner-content\">\r\n\t\t\t\t<div class=\"et-banner-content-inner container\">\r\n\t\t\t\t\t<div class=\"et-banner-text h_center v_center align_center\">\r\n\t\t\t\t\t\t<div class=\"et-banner-text-inner\"><h2 class=\"et-banner-title color- small\">Tara kosmetikai<\/h2><\/div>\r\n\t\t\t\t\t<\/div>\r\n\t\t\t\t<\/div>\r\n\t\t\t<\/div><\/a>\r\n\t\t<\/div>\n\t<div  class=\"wpb_single_image wpb_content_element vc_align_center\">\n\t\t\n\t\t<figure class=\"wpb_wrapper vc_figure\">\n\t\t\t<a href=\"https:\/\/levandupieva.lt\/en\/product-category\/tara\/\" target=\"_self\" class=\"vc_single_image-wrapper   vc_box_border_grey\"><img loading=\"lazy\" decoding=\"async\" width=\"1024\" height=\"708\" src=\"https:\/\/levandupieva.lt\/wp-content\/uploads\/2021\/03\/naturaliokosmetikosuzsiemima-1024x708.jpg\" class=\"vc_single_image-img attachment-large\" alt=\"\" title=\"naturaliokosmetikosuzsiemima\" srcset=\"https:\/\/levandupieva.lt\/wp-content\/uploads\/2021\/03\/naturaliokosmetikosuzsiemima-1024x708.jpg 1024w, https:\/\/levandupieva.lt\/wp-content\/uploads\/2021\/03\/naturaliokosmetikosuzsiemima-1000x692.jpg 1000w, https:\/\/levandupieva.lt\/wp-content\/uploads\/2021\/03\/naturaliokosmetikosuzsiemima-300x208.jpg 300w, https:\/\/levandupieva.lt\/wp-content\/uploads\/2021\/03\/naturaliokosmetikosuzsiemima-768x531.jpg 768w, https:\/\/levandupieva.lt\/wp-content\/uploads\/2021\/03\/naturaliokosmetikosuzsiemima-150x104.jpg 150w, https:\/\/levandupieva.lt\/wp-content\/uploads\/2021\/03\/naturaliokosmetikosuzsiemima.jpg 1200w\" sizes=\"auto, (max-width: 1024px) 100vw, 1024px\" \/><\/a>\n\t\t<\/figure>\n\t<\/div>\n\r\n\t\t<div class=\"et-banner-69de5b2ce69ca et-banner content-full  image-type-fluid text-color-dark hover-effect  title-background\" ><a href=\"https:\/\/levandupieva.lt\/en\/product-category\/kuryba\/\" class=\"et-banner-link et-banner-link-full\"><img loading=\"lazy\" decoding=\"async\" width=\"562\" height=\"326\" src=\"https:\/\/levandupieva.lt\/wp-content\/uploads\/2021\/03\/cloud.png\" class=\"et-banner-main-image\" alt=\"Levand\u0173 pieva\" sizes=\"auto, (max-width: 562px) 100vw, 562px\" srcset=\"https:\/\/levandupieva.lt\/wp-content\/uploads\/2021\/03\/cloud.png 562w, https:\/\/levandupieva.lt\/wp-content\/uploads\/2021\/03\/cloud-300x174.png 300w, https:\/\/levandupieva.lt\/wp-content\/uploads\/2021\/03\/cloud-150x87.png 150w\" \/>\r\n\t\t\t<div class=\"et-banner-content\">\r\n\t\t\t\t<div class=\"et-banner-content-inner container\">\r\n\t\t\t\t\t<div class=\"et-banner-text h_center v_center align_center\">\r\n\t\t\t\t\t\t<div class=\"et-banner-text-inner\"><h2 class=\"et-banner-title color- small\">K\u016bryba<\/h2><\/div>\r\n\t\t\t\t\t<\/div>\r\n\t\t\t\t<\/div>\r\n\t\t\t<\/div><\/a>\r\n\t\t<\/div>\n\t<div  class=\"wpb_single_image wpb_content_element vc_align_center\">\n\t\t\n\t\t<figure class=\"wpb_wrapper vc_figure\">\n\t\t\t<a href=\"https:\/\/levandupieva.lt\/en\/product-category\/kuryba\/\" target=\"_self\" class=\"vc_single_image-wrapper   vc_box_border_grey\"><img loading=\"lazy\" decoding=\"async\" width=\"1024\" height=\"679\" src=\"https:\/\/levandupieva.lt\/wp-content\/uploads\/2022\/11\/pagalvei-3-rotated-e1669286047793-1024x679.jpg\" class=\"vc_single_image-img attachment-large\" alt=\"\" title=\"pagalvei\" srcset=\"https:\/\/levandupieva.lt\/wp-content\/uploads\/2022\/11\/pagalvei-3-rotated-e1669286047793-1024x679.jpg 1024w, https:\/\/levandupieva.lt\/wp-content\/uploads\/2022\/11\/pagalvei-3-rotated-e1669286047793-300x199.jpg 300w, https:\/\/levandupieva.lt\/wp-content\/uploads\/2022\/11\/pagalvei-3-rotated-e1669286047793-768x510.jpg 768w, https:\/\/levandupieva.lt\/wp-content\/uploads\/2022\/11\/pagalvei-3-rotated-e1669286047793-150x100.jpg 150w, https:\/\/levandupieva.lt\/wp-content\/uploads\/2022\/11\/pagalvei-3-rotated-e1669286047793-1000x664.jpg 1000w, https:\/\/levandupieva.lt\/wp-content\/uploads\/2022\/11\/pagalvei-3-rotated-e1669286047793.jpg 1370w\" sizes=\"auto, (max-width: 1024px) 100vw, 1024px\" \/><\/a>\n\t\t<\/figure>\n\t<\/div>\n<\/div><\/div><\/div><\/div><\/div><\/div><\/div><\/div><\/div>\n<\/div>","protected":false},"excerpt":{"rendered":"Gimtadieniai \u012emoni\u0173 renginiai Mergvakariai Nat\u016bralios kosmetikos gamybos dirbtuv\u0117s ir poilsis \u017dasli\u0173 e\u017eero pakrant\u0117je \u017daliava Tara kosmetikai K\u016bryba","protected":false},"author":1,"featured_media":0,"parent":0,"menu_order":0,"comment_status":"closed","ping_status":"closed","template":"","meta":{"footnotes":""},"class_list":["post-861","page","type-page","status-publish","hentry"],"yoast_head":"<!-- This site is optimized with the Yoast SEO plugin v24.8.1 - https:\/\/yoast.com\/wordpress\/plugins\/seo\/ -->\n<title>Levand\u0173 pieva Kvepal\u0173 gamyba, poilsis ant e\u017eero kranto, tara kosmetikai<\/title>\n<meta name=\"description\" content=\"Tara kosmetikai. Ro\u017ei\u0173 ir levand\u0173 vanduo (hidrolatai), bi\u010di\u0173 va\u0161kas. Levand\u0173 produkcija. Nat\u016bralios kosmetikos gamybos u\u017esi\u0117mimai (mergvakariams, gimtadieniams, \u012fmoni\u0173 renginiams).\" \/>\n<meta name=\"robots\" content=\"index, follow, max-snippet:-1, max-image-preview:large, max-video-preview:-1\" \/>\n<link rel=\"canonical\" href=\"https:\/\/levandupieva.lt\/en\/\" \/>\n<meta property=\"og:locale\" content=\"en_GB\" \/>\n<meta property=\"og:type\" content=\"article\" \/>\n<meta property=\"og:title\" content=\"Levand\u0173 pieva Kvepal\u0173 gamyba, poilsis ant e\u017eero kranto, tara kosmetikai\" \/>\n<meta property=\"og:description\" content=\"Tara kosmetikai. Ro\u017ei\u0173 ir levand\u0173 vanduo (hidrolatai), bi\u010di\u0173 va\u0161kas. Levand\u0173 produkcija. Nat\u016bralios kosmetikos gamybos u\u017esi\u0117mimai (mergvakariams, gimtadieniams, \u012fmoni\u0173 renginiams).\" \/>\n<meta property=\"og:url\" content=\"https:\/\/levandupieva.lt\/en\/\" \/>\n<meta property=\"og:site_name\" content=\"Levand\u0173 pieva\" \/>\n<meta property=\"article:publisher\" content=\"https:\/\/www.facebook.com\/Levandupieva\" \/>\n<meta property=\"article:modified_time\" content=\"2026-03-02T09:11:03+00:00\" \/>\n<meta name=\"twitter:card\" content=\"summary_large_image\" \/>\n<meta name=\"twitter:label1\" content=\"Estimated reading time\" \/>\n\t<meta name=\"twitter:data1\" content=\"3 minutes\" \/>\n<script type=\"application\/ld+json\" class=\"yoast-schema-graph\">{\"@context\":\"https:\/\/schema.org\",\"@graph\":[{\"@type\":\"WebPage\",\"@id\":\"https:\/\/levandupieva.lt\/\",\"url\":\"https:\/\/levandupieva.lt\/\",\"name\":\"Levand\u0173 pieva Kvepal\u0173 gamyba, poilsis ant e\u017eero kranto, tara kosmetikai\",\"isPartOf\":{\"@id\":\"https:\/\/levandupieva.lt\/#website\"},\"datePublished\":\"2019-04-12T03:24:27+00:00\",\"dateModified\":\"2026-03-02T09:11:03+00:00\",\"description\":\"Tara kosmetikai. Ro\u017ei\u0173 ir levand\u0173 vanduo (hidrolatai), bi\u010di\u0173 va\u0161kas. Levand\u0173 produkcija. Nat\u016bralios kosmetikos gamybos u\u017esi\u0117mimai (mergvakariams, gimtadieniams, \u012fmoni\u0173 renginiams).\",\"breadcrumb\":{\"@id\":\"https:\/\/levandupieva.lt\/#breadcrumb\"},\"inLanguage\":\"en-GB\",\"potentialAction\":[{\"@type\":\"ReadAction\",\"target\":[\"https:\/\/levandupieva.lt\/\"]}]},{\"@type\":\"BreadcrumbList\",\"@id\":\"https:\/\/levandupieva.lt\/#breadcrumb\",\"itemListElement\":[{\"@type\":\"ListItem\",\"position\":1,\"name\":\"Home\",\"item\":\"https:\/\/levandupieva.lt\/\"},{\"@type\":\"ListItem\",\"position\":2,\"name\":\"Prad\u017eia\"}]},{\"@type\":\"WebSite\",\"@id\":\"https:\/\/levandupieva.lt\/#website\",\"url\":\"https:\/\/levandupieva.lt\/\",\"name\":\"Levand\u0173 pieva\",\"description\":\"\",\"publisher\":{\"@id\":\"https:\/\/levandupieva.lt\/#organization\"},\"potentialAction\":[{\"@type\":\"SearchAction\",\"target\":{\"@type\":\"EntryPoint\",\"urlTemplate\":\"https:\/\/levandupieva.lt\/?s={search_term_string}\"},\"query-input\":{\"@type\":\"PropertyValueSpecification\",\"valueRequired\":true,\"valueName\":\"search_term_string\"}}],\"inLanguage\":\"en-GB\"},{\"@type\":\"Organization\",\"@id\":\"https:\/\/levandupieva.lt\/#organization\",\"name\":\"Levan\u0173 Pieva\",\"url\":\"https:\/\/levandupieva.lt\/\",\"logo\":{\"@type\":\"ImageObject\",\"inLanguage\":\"en-GB\",\"@id\":\"https:\/\/levandupieva.lt\/#\/schema\/logo\/image\/\",\"url\":\"https:\/\/levandupieva.lt\/wp-content\/uploads\/2021\/03\/cropped-logo-e1446013442350.png\",\"contentUrl\":\"https:\/\/levandupieva.lt\/wp-content\/uploads\/2021\/03\/cropped-logo-e1446013442350.png\",\"width\":654,\"height\":287,\"caption\":\"Levan\u0173 Pieva\"},\"image\":{\"@id\":\"https:\/\/levandupieva.lt\/#\/schema\/logo\/image\/\"},\"sameAs\":[\"https:\/\/www.facebook.com\/Levandupieva\"]}]}<\/script>\n<!-- \/ Yoast SEO plugin. -->","yoast_head_json":{"title":"Levand\u0173 pieva Kvepal\u0173 gamyba, poilsis ant e\u017eero kranto, tara kosmetikai","description":"Tara kosmetikai. Ro\u017ei\u0173 ir levand\u0173 vanduo (hidrolatai), bi\u010di\u0173 va\u0161kas. Levand\u0173 produkcija. Nat\u016bralios kosmetikos gamybos u\u017esi\u0117mimai (mergvakariams, gimtadieniams, \u012fmoni\u0173 renginiams).","robots":{"index":"index","follow":"follow","max-snippet":"max-snippet:-1","max-image-preview":"max-image-preview:large","max-video-preview":"max-video-preview:-1"},"canonical":"https:\/\/levandupieva.lt\/en\/","og_locale":"en_GB","og_type":"article","og_title":"Levand\u0173 pieva Kvepal\u0173 gamyba, poilsis ant e\u017eero kranto, tara kosmetikai","og_description":"Tara kosmetikai. Ro\u017ei\u0173 ir levand\u0173 vanduo (hidrolatai), bi\u010di\u0173 va\u0161kas. Levand\u0173 produkcija. Nat\u016bralios kosmetikos gamybos u\u017esi\u0117mimai (mergvakariams, gimtadieniams, \u012fmoni\u0173 renginiams).","og_url":"https:\/\/levandupieva.lt\/en\/","og_site_name":"Levand\u0173 pieva","article_publisher":"https:\/\/www.facebook.com\/Levandupieva","article_modified_time":"2026-03-02T09:11:03+00:00","twitter_card":"summary_large_image","twitter_misc":{"Estimated reading time":"3 minutes"},"schema":{"@context":"https:\/\/schema.org","@graph":[{"@type":"WebPage","@id":"https:\/\/levandupieva.lt\/","url":"https:\/\/levandupieva.lt\/","name":"Levand\u0173 pieva Kvepal\u0173 gamyba, poilsis ant e\u017eero kranto, tara kosmetikai","isPartOf":{"@id":"https:\/\/levandupieva.lt\/#website"},"datePublished":"2019-04-12T03:24:27+00:00","dateModified":"2026-03-02T09:11:03+00:00","description":"Tara kosmetikai. Ro\u017ei\u0173 ir levand\u0173 vanduo (hidrolatai), bi\u010di\u0173 va\u0161kas. Levand\u0173 produkcija. Nat\u016bralios kosmetikos gamybos u\u017esi\u0117mimai (mergvakariams, gimtadieniams, \u012fmoni\u0173 renginiams).","breadcrumb":{"@id":"https:\/\/levandupieva.lt\/#breadcrumb"},"inLanguage":"en-GB","potentialAction":[{"@type":"ReadAction","target":["https:\/\/levandupieva.lt\/"]}]},{"@type":"BreadcrumbList","@id":"https:\/\/levandupieva.lt\/#breadcrumb","itemListElement":[{"@type":"ListItem","position":1,"name":"Home","item":"https:\/\/levandupieva.lt\/"},{"@type":"ListItem","position":2,"name":"Prad\u017eia"}]},{"@type":"WebSite","@id":"https:\/\/levandupieva.lt\/#website","url":"https:\/\/levandupieva.lt\/","name":"Levand\u0173 pieva","description":"","publisher":{"@id":"https:\/\/levandupieva.lt\/#organization"},"potentialAction":[{"@type":"SearchAction","target":{"@type":"EntryPoint","urlTemplate":"https:\/\/levandupieva.lt\/?s={search_term_string}"},"query-input":{"@type":"PropertyValueSpecification","valueRequired":true,"valueName":"search_term_string"}}],"inLanguage":"en-GB"},{"@type":"Organization","@id":"https:\/\/levandupieva.lt\/#organization","name":"Levan\u0173 Pieva","url":"https:\/\/levandupieva.lt\/","logo":{"@type":"ImageObject","inLanguage":"en-GB","@id":"https:\/\/levandupieva.lt\/#\/schema\/logo\/image\/","url":"https:\/\/levandupieva.lt\/wp-content\/uploads\/2021\/03\/cropped-logo-e1446013442350.png","contentUrl":"https:\/\/levandupieva.lt\/wp-content\/uploads\/2021\/03\/cropped-logo-e1446013442350.png","width":654,"height":287,"caption":"Levan\u0173 Pieva"},"image":{"@id":"https:\/\/levandupieva.lt\/#\/schema\/logo\/image\/"},"sameAs":["https:\/\/www.facebook.com\/Levandupieva"]}]}},"_links":{"self":[{"href":"https:\/\/levandupieva.lt\/en\/wp-json\/wp\/v2\/pages\/861","targetHints":{"allow":["GET"]}}],"collection":[{"href":"https:\/\/levandupieva.lt\/en\/wp-json\/wp\/v2\/pages"}],"about":[{"href":"https:\/\/levandupieva.lt\/en\/wp-json\/wp\/v2\/types\/page"}],"author":[{"embeddable":true,"href":"https:\/\/levandupieva.lt\/en\/wp-json\/wp\/v2\/users\/1"}],"replies":[{"embeddable":true,"href":"https:\/\/levandupieva.lt\/en\/wp-json\/wp\/v2\/comments?post=861"}],"version-history":[{"count":65,"href":"https:\/\/levandupieva.lt\/en\/wp-json\/wp\/v2\/pages\/861\/revisions"}],"predecessor-version":[{"id":8382,"href":"https:\/\/levandupieva.lt\/en\/wp-json\/wp\/v2\/pages\/861\/revisions\/8382"}],"wp:attachment":[{"href":"https:\/\/levandupieva.lt\/en\/wp-json\/wp\/v2\/media?parent=861"}],"curies":[{"name":"wp","href":"https:\/\/api.w.org\/{rel}","templated":true}]}}