{"id":3803,"date":"2021-04-05T09:20:01","date_gmt":"2021-04-05T09:20:01","guid":{"rendered":"https:\/\/levandupieva.lt\/?post_type=product&#038;p=3803"},"modified":"2026-02-13T19:12:30","modified_gmt":"2026-02-13T19:12:30","slug":"skaidraus-stiklo-buteliukai-4-ml-arba-10-ml-su-purkstuku","status":"publish","type":"product","link":"https:\/\/levandupieva.lt\/en\/product\/skaidraus-stiklo-buteliukai-4-ml-arba-10-ml-su-purkstuku\/","title":{"rendered":"Skaidraus stiklo buteliukai (10 ml arba 4 ml) su purk\u0161tuku"},"content":{"rendered":"","protected":false},"excerpt":{"rendered":"<p><span data-sheets-value=\"{&quot;1&quot;:2,&quot;2&quot;:&quot;Skaidraus stiklo buteliukas su plastikiniu purk\u0161tuku (buteliuko vidus skaidraus stiklo) 10 ml talpos, buteliuko auk\u0161tis 12,2 cm. Puikiai tinka naudoti pur\u0161kiamiems kvepalams, kt. pana\u0161ios tekst\u016bros gaminiams. &quot;}\" data-sheets-userformat=\"{&quot;2&quot;:14847,&quot;3&quot;:{&quot;1&quot;:0,&quot;3&quot;:1},&quot;4&quot;:[null,2,16777215],&quot;5&quot;:{&quot;1&quot;:[{&quot;1&quot;:2,&quot;2&quot;:0,&quot;5&quot;:[null,2,0]},{&quot;1&quot;:0,&quot;2&quot;:0,&quot;3&quot;:3},{&quot;1&quot;:1,&quot;2&quot;:0,&quot;4&quot;:1}]},&quot;6&quot;:{&quot;1&quot;:[{&quot;1&quot;:2,&quot;2&quot;:0,&quot;5&quot;:[null,2,0]},{&quot;1&quot;:0,&quot;2&quot;:0,&quot;3&quot;:3},{&quot;1&quot;:1,&quot;2&quot;:0,&quot;4&quot;:1}]},&quot;7&quot;:{&quot;1&quot;:[{&quot;1&quot;:2,&quot;2&quot;:0,&quot;5&quot;:[null,2,0]},{&quot;1&quot;:0,&quot;2&quot;:0,&quot;3&quot;:3},{&quot;1&quot;:1,&quot;2&quot;:0,&quot;4&quot;:1}]},&quot;8&quot;:{&quot;1&quot;:[{&quot;1&quot;:2,&quot;2&quot;:0,&quot;5&quot;:[null,2,0]},{&quot;1&quot;:0,&quot;2&quot;:0,&quot;3&quot;:3},{&quot;1&quot;:1,&quot;2&quot;:0,&quot;4&quot;:1}]},&quot;9&quot;:0,&quot;10&quot;:1,&quot;11&quot;:4,&quot;14&quot;:[null,2,0],&quot;15&quot;:&quot;Arial&quot;,&quot;16&quot;:11}\">Skaidraus stiklo buteliukai su plastikiniu purk\u0161tuku (buteliuko vidus skaidraus stiklo) 10 ml arba 4 ml talpos. Puikiai tinka naudoti pur\u0161kiamiems kvepalams, kt. pana\u0161ios tekst\u016bros gaminiams. <\/span><\/p>","protected":false},"featured_media":4296,"comment_status":"open","ping_status":"closed","template":"","meta":[],"product_brand":[],"product_cat":[73],"product_tag":[],"class_list":{"0":"post-3803","1":"product","2":"type-product","3":"status-publish","4":"has-post-thumbnail","6":"product_cat-stiklo-tara","8":"first","9":"instock","10":"shipping-taxable","11":"purchasable","12":"product-type-variable","13":"has-default-attributes"},"yoast_head":"<!-- This site is optimized with the Yoast SEO plugin v24.8.1 - https:\/\/yoast.com\/wordpress\/plugins\/seo\/ -->\n<title>Skaidraus stiklo buteliukai (10 ml arba 4 ml) su purk\u0161tuku - Levand\u0173 pieva<\/title>\n<meta name=\"robots\" content=\"index, follow, max-snippet:-1, max-image-preview:large, max-video-preview:-1\" \/>\n<link rel=\"canonical\" href=\"https:\/\/levandupieva.lt\/en\/product\/skaidraus-stiklo-buteliukai-4-ml-arba-10-ml-su-purkstuku\/\" \/>\n<meta property=\"og:locale\" content=\"en_GB\" \/>\n<meta property=\"og:type\" content=\"article\" \/>\n<meta property=\"og:title\" content=\"Skaidraus stiklo buteliukai (10 ml arba 4 ml) su purk\u0161tuku - Levand\u0173 pieva\" \/>\n<meta property=\"og:description\" content=\"Skaidraus stiklo buteliukai su plastikiniu purk\u0161tuku (buteliuko vidus skaidraus stiklo) 10 ml arba 4 ml talpos. Puikiai tinka naudoti pur\u0161kiamiems kvepalams, kt. pana\u0161ios tekst\u016bros gaminiams.\" \/>\n<meta property=\"og:url\" content=\"https:\/\/levandupieva.lt\/en\/product\/skaidraus-stiklo-buteliukai-4-ml-arba-10-ml-su-purkstuku\/\" \/>\n<meta property=\"og:site_name\" content=\"Levand\u0173 pieva\" \/>\n<meta property=\"article:publisher\" content=\"https:\/\/www.facebook.com\/Levandupieva\" \/>\n<meta property=\"article:modified_time\" content=\"2026-02-13T19:12:30+00:00\" \/>\n<meta property=\"og:image\" content=\"https:\/\/levandupieva.lt\/wp-content\/uploads\/2021\/03\/stikliniai-purskiami.jpeg\" \/>\n\t<meta property=\"og:image:width\" content=\"1536\" \/>\n\t<meta property=\"og:image:height\" content=\"2048\" \/>\n\t<meta property=\"og:image:type\" content=\"image\/jpeg\" \/>\n<meta name=\"twitter:card\" content=\"summary_large_image\" \/>\n<meta name=\"twitter:label1\" content=\"Estimated reading time\" \/>\n\t<meta name=\"twitter:data1\" content=\"1 minute\" \/>\n<script type=\"application\/ld+json\" class=\"yoast-schema-graph\">{\"@context\":\"https:\/\/schema.org\",\"@graph\":[{\"@type\":\"WebPage\",\"@id\":\"https:\/\/levandupieva.lt\/produktas\/skaidraus-stiklo-buteliukai-4-ml-arba-10-ml-su-purkstuku\/\",\"url\":\"https:\/\/levandupieva.lt\/produktas\/skaidraus-stiklo-buteliukai-4-ml-arba-10-ml-su-purkstuku\/\",\"name\":\"Skaidraus stiklo buteliukai (10 ml arba 4 ml) su purk\u0161tuku - Levand\u0173 pieva\",\"isPartOf\":{\"@id\":\"https:\/\/levandupieva.lt\/#website\"},\"primaryImageOfPage\":{\"@id\":\"https:\/\/levandupieva.lt\/produktas\/skaidraus-stiklo-buteliukai-4-ml-arba-10-ml-su-purkstuku\/#primaryimage\"},\"image\":{\"@id\":\"https:\/\/levandupieva.lt\/produktas\/skaidraus-stiklo-buteliukai-4-ml-arba-10-ml-su-purkstuku\/#primaryimage\"},\"thumbnailUrl\":\"https:\/\/levandupieva.lt\/wp-content\/uploads\/2021\/03\/stikliniai-purskiami.jpeg\",\"datePublished\":\"2021-04-05T09:20:01+00:00\",\"dateModified\":\"2026-02-13T19:12:30+00:00\",\"breadcrumb\":{\"@id\":\"https:\/\/levandupieva.lt\/produktas\/skaidraus-stiklo-buteliukai-4-ml-arba-10-ml-su-purkstuku\/#breadcrumb\"},\"inLanguage\":\"en-GB\",\"potentialAction\":[{\"@type\":\"ReadAction\",\"target\":[\"https:\/\/levandupieva.lt\/produktas\/skaidraus-stiklo-buteliukai-4-ml-arba-10-ml-su-purkstuku\/\"]}]},{\"@type\":\"ImageObject\",\"inLanguage\":\"en-GB\",\"@id\":\"https:\/\/levandupieva.lt\/produktas\/skaidraus-stiklo-buteliukai-4-ml-arba-10-ml-su-purkstuku\/#primaryimage\",\"url\":\"https:\/\/levandupieva.lt\/wp-content\/uploads\/2021\/03\/stikliniai-purskiami.jpeg\",\"contentUrl\":\"https:\/\/levandupieva.lt\/wp-content\/uploads\/2021\/03\/stikliniai-purskiami.jpeg\",\"width\":1536,\"height\":2048},{\"@type\":\"BreadcrumbList\",\"@id\":\"https:\/\/levandupieva.lt\/produktas\/skaidraus-stiklo-buteliukai-4-ml-arba-10-ml-su-purkstuku\/#breadcrumb\",\"itemListElement\":[{\"@type\":\"ListItem\",\"position\":1,\"name\":\"Home\",\"item\":\"https:\/\/levandupieva.lt\/\"},{\"@type\":\"ListItem\",\"position\":2,\"name\":\"Parduotuv\u0117\",\"item\":\"https:\/\/levandupieva.lt\/parduotuve\/\"},{\"@type\":\"ListItem\",\"position\":3,\"name\":\"Skaidraus stiklo buteliukai (10 ml arba 4 ml) su purk\u0161tuku\"}]},{\"@type\":\"WebSite\",\"@id\":\"https:\/\/levandupieva.lt\/#website\",\"url\":\"https:\/\/levandupieva.lt\/\",\"name\":\"Levand\u0173 pieva\",\"description\":\"\",\"publisher\":{\"@id\":\"https:\/\/levandupieva.lt\/#organization\"},\"potentialAction\":[{\"@type\":\"SearchAction\",\"target\":{\"@type\":\"EntryPoint\",\"urlTemplate\":\"https:\/\/levandupieva.lt\/?s={search_term_string}\"},\"query-input\":{\"@type\":\"PropertyValueSpecification\",\"valueRequired\":true,\"valueName\":\"search_term_string\"}}],\"inLanguage\":\"en-GB\"},{\"@type\":\"Organization\",\"@id\":\"https:\/\/levandupieva.lt\/#organization\",\"name\":\"Levan\u0173 Pieva\",\"url\":\"https:\/\/levandupieva.lt\/\",\"logo\":{\"@type\":\"ImageObject\",\"inLanguage\":\"en-GB\",\"@id\":\"https:\/\/levandupieva.lt\/#\/schema\/logo\/image\/\",\"url\":\"https:\/\/levandupieva.lt\/wp-content\/uploads\/2021\/03\/cropped-logo-e1446013442350.png\",\"contentUrl\":\"https:\/\/levandupieva.lt\/wp-content\/uploads\/2021\/03\/cropped-logo-e1446013442350.png\",\"width\":654,\"height\":287,\"caption\":\"Levan\u0173 Pieva\"},\"image\":{\"@id\":\"https:\/\/levandupieva.lt\/#\/schema\/logo\/image\/\"},\"sameAs\":[\"https:\/\/www.facebook.com\/Levandupieva\"]}]}<\/script>\n<!-- \/ Yoast SEO plugin. -->","yoast_head_json":{"title":"Skaidraus stiklo buteliukai (10 ml arba 4 ml) su purk\u0161tuku - Levand\u0173 pieva","robots":{"index":"index","follow":"follow","max-snippet":"max-snippet:-1","max-image-preview":"max-image-preview:large","max-video-preview":"max-video-preview:-1"},"canonical":"https:\/\/levandupieva.lt\/en\/product\/skaidraus-stiklo-buteliukai-4-ml-arba-10-ml-su-purkstuku\/","og_locale":"en_GB","og_type":"article","og_title":"Skaidraus stiklo buteliukai (10 ml arba 4 ml) su purk\u0161tuku - Levand\u0173 pieva","og_description":"Skaidraus stiklo buteliukai su plastikiniu purk\u0161tuku (buteliuko vidus skaidraus stiklo) 10 ml arba 4 ml talpos. Puikiai tinka naudoti pur\u0161kiamiems kvepalams, kt. pana\u0161ios tekst\u016bros gaminiams.","og_url":"https:\/\/levandupieva.lt\/en\/product\/skaidraus-stiklo-buteliukai-4-ml-arba-10-ml-su-purkstuku\/","og_site_name":"Levand\u0173 pieva","article_publisher":"https:\/\/www.facebook.com\/Levandupieva","article_modified_time":"2026-02-13T19:12:30+00:00","og_image":[{"width":1536,"height":2048,"url":"https:\/\/levandupieva.lt\/wp-content\/uploads\/2021\/03\/stikliniai-purskiami.jpeg","type":"image\/jpeg"}],"twitter_card":"summary_large_image","twitter_misc":{"Estimated reading time":"1 minute"},"schema":{"@context":"https:\/\/schema.org","@graph":[{"@type":"WebPage","@id":"https:\/\/levandupieva.lt\/produktas\/skaidraus-stiklo-buteliukai-4-ml-arba-10-ml-su-purkstuku\/","url":"https:\/\/levandupieva.lt\/produktas\/skaidraus-stiklo-buteliukai-4-ml-arba-10-ml-su-purkstuku\/","name":"Skaidraus stiklo buteliukai (10 ml arba 4 ml) su purk\u0161tuku - Levand\u0173 pieva","isPartOf":{"@id":"https:\/\/levandupieva.lt\/#website"},"primaryImageOfPage":{"@id":"https:\/\/levandupieva.lt\/produktas\/skaidraus-stiklo-buteliukai-4-ml-arba-10-ml-su-purkstuku\/#primaryimage"},"image":{"@id":"https:\/\/levandupieva.lt\/produktas\/skaidraus-stiklo-buteliukai-4-ml-arba-10-ml-su-purkstuku\/#primaryimage"},"thumbnailUrl":"https:\/\/levandupieva.lt\/wp-content\/uploads\/2021\/03\/stikliniai-purskiami.jpeg","datePublished":"2021-04-05T09:20:01+00:00","dateModified":"2026-02-13T19:12:30+00:00","breadcrumb":{"@id":"https:\/\/levandupieva.lt\/produktas\/skaidraus-stiklo-buteliukai-4-ml-arba-10-ml-su-purkstuku\/#breadcrumb"},"inLanguage":"en-GB","potentialAction":[{"@type":"ReadAction","target":["https:\/\/levandupieva.lt\/produktas\/skaidraus-stiklo-buteliukai-4-ml-arba-10-ml-su-purkstuku\/"]}]},{"@type":"ImageObject","inLanguage":"en-GB","@id":"https:\/\/levandupieva.lt\/produktas\/skaidraus-stiklo-buteliukai-4-ml-arba-10-ml-su-purkstuku\/#primaryimage","url":"https:\/\/levandupieva.lt\/wp-content\/uploads\/2021\/03\/stikliniai-purskiami.jpeg","contentUrl":"https:\/\/levandupieva.lt\/wp-content\/uploads\/2021\/03\/stikliniai-purskiami.jpeg","width":1536,"height":2048},{"@type":"BreadcrumbList","@id":"https:\/\/levandupieva.lt\/produktas\/skaidraus-stiklo-buteliukai-4-ml-arba-10-ml-su-purkstuku\/#breadcrumb","itemListElement":[{"@type":"ListItem","position":1,"name":"Home","item":"https:\/\/levandupieva.lt\/"},{"@type":"ListItem","position":2,"name":"Parduotuv\u0117","item":"https:\/\/levandupieva.lt\/parduotuve\/"},{"@type":"ListItem","position":3,"name":"Skaidraus stiklo buteliukai (10 ml arba 4 ml) su purk\u0161tuku"}]},{"@type":"WebSite","@id":"https:\/\/levandupieva.lt\/#website","url":"https:\/\/levandupieva.lt\/","name":"Levand\u0173 pieva","description":"","publisher":{"@id":"https:\/\/levandupieva.lt\/#organization"},"potentialAction":[{"@type":"SearchAction","target":{"@type":"EntryPoint","urlTemplate":"https:\/\/levandupieva.lt\/?s={search_term_string}"},"query-input":{"@type":"PropertyValueSpecification","valueRequired":true,"valueName":"search_term_string"}}],"inLanguage":"en-GB"},{"@type":"Organization","@id":"https:\/\/levandupieva.lt\/#organization","name":"Levan\u0173 Pieva","url":"https:\/\/levandupieva.lt\/","logo":{"@type":"ImageObject","inLanguage":"en-GB","@id":"https:\/\/levandupieva.lt\/#\/schema\/logo\/image\/","url":"https:\/\/levandupieva.lt\/wp-content\/uploads\/2021\/03\/cropped-logo-e1446013442350.png","contentUrl":"https:\/\/levandupieva.lt\/wp-content\/uploads\/2021\/03\/cropped-logo-e1446013442350.png","width":654,"height":287,"caption":"Levan\u0173 Pieva"},"image":{"@id":"https:\/\/levandupieva.lt\/#\/schema\/logo\/image\/"},"sameAs":["https:\/\/www.facebook.com\/Levandupieva"]}]}},"_links":{"self":[{"href":"https:\/\/levandupieva.lt\/en\/wp-json\/wp\/v2\/product\/3803","targetHints":{"allow":["GET"]}}],"collection":[{"href":"https:\/\/levandupieva.lt\/en\/wp-json\/wp\/v2\/product"}],"about":[{"href":"https:\/\/levandupieva.lt\/en\/wp-json\/wp\/v2\/types\/product"}],"replies":[{"embeddable":true,"href":"https:\/\/levandupieva.lt\/en\/wp-json\/wp\/v2\/comments?post=3803"}],"wp:featuredmedia":[{"embeddable":true,"href":"https:\/\/levandupieva.lt\/en\/wp-json\/wp\/v2\/media\/4296"}],"wp:attachment":[{"href":"https:\/\/levandupieva.lt\/en\/wp-json\/wp\/v2\/media?parent=3803"}],"wp:term":[{"taxonomy":"product_brand","embeddable":true,"href":"https:\/\/levandupieva.lt\/en\/wp-json\/wp\/v2\/product_brand?post=3803"},{"taxonomy":"product_cat","embeddable":true,"href":"https:\/\/levandupieva.lt\/en\/wp-json\/wp\/v2\/product_cat?post=3803"},{"taxonomy":"product_tag","embeddable":true,"href":"https:\/\/levandupieva.lt\/en\/wp-json\/wp\/v2\/product_tag?post=3803"}],"curies":[{"name":"wp","href":"https:\/\/api.w.org\/{rel}","templated":true}]}}