{"id":3820,"date":"2021-04-05T09:39:40","date_gmt":"2021-04-05T09:39:40","guid":{"rendered":"https:\/\/levandupieva.lt\/?post_type=product&#038;p=3820"},"modified":"2025-11-30T21:20:17","modified_gmt":"2025-11-30T21:20:17","slug":"putu-buteliuko-komplektas-60-ml","status":"publish","type":"product","link":"https:\/\/levandupieva.lt\/en\/product\/putu-buteliuko-komplektas-60-ml\/","title":{"rendered":"Put\u0173 buteliuko komplektas 60 ml."},"content":{"rendered":"","protected":false},"excerpt":{"rendered":"<p><span data-sheets-value=\"{&quot;1&quot;:2,&quot;2&quot;:&quot;Skaidraus plastiko 60 ml talpos buteliukas, pagamintas i\u0161 PET plastiko, su baltos spalvos dozatoriumi ir skaidriaus plastiko dangteliu. \u0160is put\u0173 buteliukas kosmetikos priemon\u0119, kurioje yra bent truput\u012f putoklio, paver\u010dia putomis. Puikiai tinka naudoti veido prausikliams, dant\u0173 skalavimo putoms, skutimosi putoms, kt. pana\u0161ios tekst\u016bros gaminiams. &quot;}\" data-sheets-userformat=\"{&quot;2&quot;:14847,&quot;3&quot;:{&quot;1&quot;:0,&quot;3&quot;:1},&quot;4&quot;:[null,2,16777215],&quot;5&quot;:{&quot;1&quot;:[{&quot;1&quot;:2,&quot;2&quot;:0,&quot;5&quot;:[null,2,0]},{&quot;1&quot;:0,&quot;2&quot;:0,&quot;3&quot;:3},{&quot;1&quot;:1,&quot;2&quot;:0,&quot;4&quot;:1}]},&quot;6&quot;:{&quot;1&quot;:[{&quot;1&quot;:2,&quot;2&quot;:0,&quot;5&quot;:[null,2,0]},{&quot;1&quot;:0,&quot;2&quot;:0,&quot;3&quot;:3},{&quot;1&quot;:1,&quot;2&quot;:0,&quot;4&quot;:1}]},&quot;7&quot;:{&quot;1&quot;:[{&quot;1&quot;:2,&quot;2&quot;:0,&quot;5&quot;:[null,2,0]},{&quot;1&quot;:0,&quot;2&quot;:0,&quot;3&quot;:3},{&quot;1&quot;:1,&quot;2&quot;:0,&quot;4&quot;:1}]},&quot;8&quot;:{&quot;1&quot;:[{&quot;1&quot;:2,&quot;2&quot;:0,&quot;5&quot;:[null,2,0]},{&quot;1&quot;:0,&quot;2&quot;:0,&quot;3&quot;:3},{&quot;1&quot;:1,&quot;2&quot;:0,&quot;4&quot;:1}]},&quot;9&quot;:0,&quot;10&quot;:1,&quot;11&quot;:4,&quot;14&quot;:[null,2,0],&quot;15&quot;:&quot;Arial&quot;,&quot;16&quot;:11}\">Skaidraus plastiko 60 ml talpos buteliukas, pagamintas i\u0161 PET plastiko, su baltos spalvos dozatoriumi ir skaidriaus plastiko dangteliu. \u0160is put\u0173 buteliukas kosmetikos priemon\u0119, kurioje yra bent truput\u012f putoklio, paver\u010dia putomis. Puikiai tinka naudoti veido prausikliams, dant\u0173 skalavimo putoms, skutimosi putoms, kt. pana\u0161ios tekst\u016bros gaminiams. <\/span><\/p>","protected":false},"featured_media":3821,"comment_status":"open","ping_status":"closed","template":"","meta":[],"product_brand":[],"product_cat":[90],"product_tag":[],"class_list":{"0":"post-3820","1":"product","2":"type-product","3":"status-publish","4":"has-post-thumbnail","6":"product_cat-plastiko-tara","8":"first","9":"instock","10":"shipping-taxable","11":"purchasable","12":"product-type-simple"},"yoast_head":"<!-- This site is optimized with the Yoast SEO plugin v24.8.1 - https:\/\/yoast.com\/wordpress\/plugins\/seo\/ -->\n<title>Put\u0173 buteliuko komplektas 60 ml. - Levand\u0173 pieva<\/title>\n<meta name=\"robots\" content=\"index, follow, max-snippet:-1, max-image-preview:large, max-video-preview:-1\" \/>\n<link rel=\"canonical\" href=\"https:\/\/levandupieva.lt\/en\/product\/putu-buteliuko-komplektas-60-ml\/\" \/>\n<meta property=\"og:locale\" content=\"en_GB\" \/>\n<meta property=\"og:type\" content=\"article\" \/>\n<meta property=\"og:title\" content=\"Put\u0173 buteliuko komplektas 60 ml. - Levand\u0173 pieva\" \/>\n<meta property=\"og:description\" content=\"Skaidraus plastiko 60 ml talpos buteliukas, pagamintas i\u0161 PET plastiko, su baltos spalvos dozatoriumi ir skaidriaus plastiko dangteliu. \u0160is put\u0173 buteliukas kosmetikos priemon\u0119, kurioje yra bent truput\u012f putoklio, paver\u010dia putomis. Puikiai tinka naudoti veido prausikliams, dant\u0173 skalavimo putoms, skutimosi putoms, kt. pana\u0161ios tekst\u016bros gaminiams.\" \/>\n<meta property=\"og:url\" content=\"https:\/\/levandupieva.lt\/en\/product\/putu-buteliuko-komplektas-60-ml\/\" \/>\n<meta property=\"og:site_name\" content=\"Levand\u0173 pieva\" \/>\n<meta property=\"article:publisher\" content=\"https:\/\/www.facebook.com\/Levandupieva\" \/>\n<meta property=\"article:modified_time\" content=\"2025-11-30T21:20:17+00:00\" \/>\n<meta property=\"og:image\" content=\"https:\/\/levandupieva.lt\/wp-content\/uploads\/2021\/04\/PL05-scaled.jpg\" \/>\n\t<meta property=\"og:image:width\" content=\"2075\" \/>\n\t<meta property=\"og:image:height\" content=\"2560\" \/>\n\t<meta property=\"og:image:type\" content=\"image\/jpeg\" \/>\n<meta name=\"twitter:card\" content=\"summary_large_image\" \/>\n<meta name=\"twitter:label1\" content=\"Estimated reading time\" \/>\n\t<meta name=\"twitter:data1\" content=\"1 minute\" \/>\n<script type=\"application\/ld+json\" class=\"yoast-schema-graph\">{\"@context\":\"https:\/\/schema.org\",\"@graph\":[{\"@type\":\"WebPage\",\"@id\":\"https:\/\/levandupieva.lt\/produktas\/putu-buteliuko-komplektas-60-ml\/\",\"url\":\"https:\/\/levandupieva.lt\/produktas\/putu-buteliuko-komplektas-60-ml\/\",\"name\":\"Put\u0173 buteliuko komplektas 60 ml. - Levand\u0173 pieva\",\"isPartOf\":{\"@id\":\"https:\/\/levandupieva.lt\/#website\"},\"primaryImageOfPage\":{\"@id\":\"https:\/\/levandupieva.lt\/produktas\/putu-buteliuko-komplektas-60-ml\/#primaryimage\"},\"image\":{\"@id\":\"https:\/\/levandupieva.lt\/produktas\/putu-buteliuko-komplektas-60-ml\/#primaryimage\"},\"thumbnailUrl\":\"https:\/\/levandupieva.lt\/wp-content\/uploads\/2021\/04\/PL05-scaled.jpg\",\"datePublished\":\"2021-04-05T09:39:40+00:00\",\"dateModified\":\"2025-11-30T21:20:17+00:00\",\"breadcrumb\":{\"@id\":\"https:\/\/levandupieva.lt\/produktas\/putu-buteliuko-komplektas-60-ml\/#breadcrumb\"},\"inLanguage\":\"en-GB\",\"potentialAction\":[{\"@type\":\"ReadAction\",\"target\":[\"https:\/\/levandupieva.lt\/produktas\/putu-buteliuko-komplektas-60-ml\/\"]}]},{\"@type\":\"ImageObject\",\"inLanguage\":\"en-GB\",\"@id\":\"https:\/\/levandupieva.lt\/produktas\/putu-buteliuko-komplektas-60-ml\/#primaryimage\",\"url\":\"https:\/\/levandupieva.lt\/wp-content\/uploads\/2021\/04\/PL05-scaled.jpg\",\"contentUrl\":\"https:\/\/levandupieva.lt\/wp-content\/uploads\/2021\/04\/PL05-scaled.jpg\",\"width\":2075,\"height\":2560,\"caption\":\"Put\u0173 buteliuko komplektas 60 ml.\"},{\"@type\":\"BreadcrumbList\",\"@id\":\"https:\/\/levandupieva.lt\/produktas\/putu-buteliuko-komplektas-60-ml\/#breadcrumb\",\"itemListElement\":[{\"@type\":\"ListItem\",\"position\":1,\"name\":\"Home\",\"item\":\"https:\/\/levandupieva.lt\/\"},{\"@type\":\"ListItem\",\"position\":2,\"name\":\"Parduotuv\u0117\",\"item\":\"https:\/\/levandupieva.lt\/parduotuve\/\"},{\"@type\":\"ListItem\",\"position\":3,\"name\":\"Put\u0173 buteliuko komplektas 60 ml.\"}]},{\"@type\":\"WebSite\",\"@id\":\"https:\/\/levandupieva.lt\/#website\",\"url\":\"https:\/\/levandupieva.lt\/\",\"name\":\"Levand\u0173 pieva\",\"description\":\"\",\"publisher\":{\"@id\":\"https:\/\/levandupieva.lt\/#organization\"},\"potentialAction\":[{\"@type\":\"SearchAction\",\"target\":{\"@type\":\"EntryPoint\",\"urlTemplate\":\"https:\/\/levandupieva.lt\/?s={search_term_string}\"},\"query-input\":{\"@type\":\"PropertyValueSpecification\",\"valueRequired\":true,\"valueName\":\"search_term_string\"}}],\"inLanguage\":\"en-GB\"},{\"@type\":\"Organization\",\"@id\":\"https:\/\/levandupieva.lt\/#organization\",\"name\":\"Levan\u0173 Pieva\",\"url\":\"https:\/\/levandupieva.lt\/\",\"logo\":{\"@type\":\"ImageObject\",\"inLanguage\":\"en-GB\",\"@id\":\"https:\/\/levandupieva.lt\/#\/schema\/logo\/image\/\",\"url\":\"https:\/\/levandupieva.lt\/wp-content\/uploads\/2021\/03\/cropped-logo-e1446013442350.png\",\"contentUrl\":\"https:\/\/levandupieva.lt\/wp-content\/uploads\/2021\/03\/cropped-logo-e1446013442350.png\",\"width\":654,\"height\":287,\"caption\":\"Levan\u0173 Pieva\"},\"image\":{\"@id\":\"https:\/\/levandupieva.lt\/#\/schema\/logo\/image\/\"},\"sameAs\":[\"https:\/\/www.facebook.com\/Levandupieva\"]}]}<\/script>\n<!-- \/ Yoast SEO plugin. -->","yoast_head_json":{"title":"Put\u0173 buteliuko komplektas 60 ml. - Levand\u0173 pieva","robots":{"index":"index","follow":"follow","max-snippet":"max-snippet:-1","max-image-preview":"max-image-preview:large","max-video-preview":"max-video-preview:-1"},"canonical":"https:\/\/levandupieva.lt\/en\/product\/putu-buteliuko-komplektas-60-ml\/","og_locale":"en_GB","og_type":"article","og_title":"Put\u0173 buteliuko komplektas 60 ml. - Levand\u0173 pieva","og_description":"Skaidraus plastiko 60 ml talpos buteliukas, pagamintas i\u0161 PET plastiko, su baltos spalvos dozatoriumi ir skaidriaus plastiko dangteliu. \u0160is put\u0173 buteliukas kosmetikos priemon\u0119, kurioje yra bent truput\u012f putoklio, paver\u010dia putomis. Puikiai tinka naudoti veido prausikliams, dant\u0173 skalavimo putoms, skutimosi putoms, kt. pana\u0161ios tekst\u016bros gaminiams.","og_url":"https:\/\/levandupieva.lt\/en\/product\/putu-buteliuko-komplektas-60-ml\/","og_site_name":"Levand\u0173 pieva","article_publisher":"https:\/\/www.facebook.com\/Levandupieva","article_modified_time":"2025-11-30T21:20:17+00:00","og_image":[{"width":2075,"height":2560,"url":"https:\/\/levandupieva.lt\/wp-content\/uploads\/2021\/04\/PL05-scaled.jpg","type":"image\/jpeg"}],"twitter_card":"summary_large_image","twitter_misc":{"Estimated reading time":"1 minute"},"schema":{"@context":"https:\/\/schema.org","@graph":[{"@type":"WebPage","@id":"https:\/\/levandupieva.lt\/produktas\/putu-buteliuko-komplektas-60-ml\/","url":"https:\/\/levandupieva.lt\/produktas\/putu-buteliuko-komplektas-60-ml\/","name":"Put\u0173 buteliuko komplektas 60 ml. - Levand\u0173 pieva","isPartOf":{"@id":"https:\/\/levandupieva.lt\/#website"},"primaryImageOfPage":{"@id":"https:\/\/levandupieva.lt\/produktas\/putu-buteliuko-komplektas-60-ml\/#primaryimage"},"image":{"@id":"https:\/\/levandupieva.lt\/produktas\/putu-buteliuko-komplektas-60-ml\/#primaryimage"},"thumbnailUrl":"https:\/\/levandupieva.lt\/wp-content\/uploads\/2021\/04\/PL05-scaled.jpg","datePublished":"2021-04-05T09:39:40+00:00","dateModified":"2025-11-30T21:20:17+00:00","breadcrumb":{"@id":"https:\/\/levandupieva.lt\/produktas\/putu-buteliuko-komplektas-60-ml\/#breadcrumb"},"inLanguage":"en-GB","potentialAction":[{"@type":"ReadAction","target":["https:\/\/levandupieva.lt\/produktas\/putu-buteliuko-komplektas-60-ml\/"]}]},{"@type":"ImageObject","inLanguage":"en-GB","@id":"https:\/\/levandupieva.lt\/produktas\/putu-buteliuko-komplektas-60-ml\/#primaryimage","url":"https:\/\/levandupieva.lt\/wp-content\/uploads\/2021\/04\/PL05-scaled.jpg","contentUrl":"https:\/\/levandupieva.lt\/wp-content\/uploads\/2021\/04\/PL05-scaled.jpg","width":2075,"height":2560,"caption":"Put\u0173 buteliuko komplektas 60 ml."},{"@type":"BreadcrumbList","@id":"https:\/\/levandupieva.lt\/produktas\/putu-buteliuko-komplektas-60-ml\/#breadcrumb","itemListElement":[{"@type":"ListItem","position":1,"name":"Home","item":"https:\/\/levandupieva.lt\/"},{"@type":"ListItem","position":2,"name":"Parduotuv\u0117","item":"https:\/\/levandupieva.lt\/parduotuve\/"},{"@type":"ListItem","position":3,"name":"Put\u0173 buteliuko komplektas 60 ml."}]},{"@type":"WebSite","@id":"https:\/\/levandupieva.lt\/#website","url":"https:\/\/levandupieva.lt\/","name":"Levand\u0173 pieva","description":"","publisher":{"@id":"https:\/\/levandupieva.lt\/#organization"},"potentialAction":[{"@type":"SearchAction","target":{"@type":"EntryPoint","urlTemplate":"https:\/\/levandupieva.lt\/?s={search_term_string}"},"query-input":{"@type":"PropertyValueSpecification","valueRequired":true,"valueName":"search_term_string"}}],"inLanguage":"en-GB"},{"@type":"Organization","@id":"https:\/\/levandupieva.lt\/#organization","name":"Levan\u0173 Pieva","url":"https:\/\/levandupieva.lt\/","logo":{"@type":"ImageObject","inLanguage":"en-GB","@id":"https:\/\/levandupieva.lt\/#\/schema\/logo\/image\/","url":"https:\/\/levandupieva.lt\/wp-content\/uploads\/2021\/03\/cropped-logo-e1446013442350.png","contentUrl":"https:\/\/levandupieva.lt\/wp-content\/uploads\/2021\/03\/cropped-logo-e1446013442350.png","width":654,"height":287,"caption":"Levan\u0173 Pieva"},"image":{"@id":"https:\/\/levandupieva.lt\/#\/schema\/logo\/image\/"},"sameAs":["https:\/\/www.facebook.com\/Levandupieva"]}]}},"_links":{"self":[{"href":"https:\/\/levandupieva.lt\/en\/wp-json\/wp\/v2\/product\/3820","targetHints":{"allow":["GET"]}}],"collection":[{"href":"https:\/\/levandupieva.lt\/en\/wp-json\/wp\/v2\/product"}],"about":[{"href":"https:\/\/levandupieva.lt\/en\/wp-json\/wp\/v2\/types\/product"}],"replies":[{"embeddable":true,"href":"https:\/\/levandupieva.lt\/en\/wp-json\/wp\/v2\/comments?post=3820"}],"wp:featuredmedia":[{"embeddable":true,"href":"https:\/\/levandupieva.lt\/en\/wp-json\/wp\/v2\/media\/3821"}],"wp:attachment":[{"href":"https:\/\/levandupieva.lt\/en\/wp-json\/wp\/v2\/media?parent=3820"}],"wp:term":[{"taxonomy":"product_brand","embeddable":true,"href":"https:\/\/levandupieva.lt\/en\/wp-json\/wp\/v2\/product_brand?post=3820"},{"taxonomy":"product_cat","embeddable":true,"href":"https:\/\/levandupieva.lt\/en\/wp-json\/wp\/v2\/product_cat?post=3820"},{"taxonomy":"product_tag","embeddable":true,"href":"https:\/\/levandupieva.lt\/en\/wp-json\/wp\/v2\/product_tag?post=3820"}],"curies":[{"name":"wp","href":"https:\/\/api.w.org\/{rel}","templated":true}]}}