{"id":3822,"date":"2021-04-05T09:40:56","date_gmt":"2021-04-05T09:40:56","guid":{"rendered":"https:\/\/levandupieva.lt\/?post_type=product&#038;p=3822"},"modified":"2026-04-07T13:39:55","modified_gmt":"2026-04-07T13:39:55","slug":"lupu-balzamu-tubele-talpa-5-ml","status":"publish","type":"product","link":"https:\/\/levandupieva.lt\/en\/product\/lupu-balzamu-tubele-talpa-5-ml\/","title":{"rendered":"L\u016bp\u0173 balzam\u0173 t\u016bbel\u0117, talpa 5 ml."},"content":{"rendered":"","protected":false},"excerpt":{"rendered":"<p><span data-sheets-value=\"{&quot;1&quot;:2,&quot;2&quot;:&quot;L\u016bp\u0173 balzam\u0173 t\u016bbel\u0117s talpa 5 ml, auk\u0161tis 65 mm. Puikiai tinka naudoti: l\u016bp\u0173 balzamams, l\u016bpda\u017eiams, kt. pana\u0161ios tekst\u016bros gaminiams. &quot;}\" data-sheets-userformat=\"{&quot;2&quot;:14847,&quot;3&quot;:{&quot;1&quot;:0,&quot;3&quot;:1},&quot;4&quot;:[null,2,16777215],&quot;5&quot;:{&quot;1&quot;:[{&quot;1&quot;:2,&quot;2&quot;:0,&quot;5&quot;:[null,2,0]},{&quot;1&quot;:0,&quot;2&quot;:0,&quot;3&quot;:3},{&quot;1&quot;:1,&quot;2&quot;:0,&quot;4&quot;:1}]},&quot;6&quot;:{&quot;1&quot;:[{&quot;1&quot;:2,&quot;2&quot;:0,&quot;5&quot;:[null,2,0]},{&quot;1&quot;:0,&quot;2&quot;:0,&quot;3&quot;:3},{&quot;1&quot;:1,&quot;2&quot;:0,&quot;4&quot;:1}]},&quot;7&quot;:{&quot;1&quot;:[{&quot;1&quot;:2,&quot;2&quot;:0,&quot;5&quot;:[null,2,0]},{&quot;1&quot;:0,&quot;2&quot;:0,&quot;3&quot;:3},{&quot;1&quot;:1,&quot;2&quot;:0,&quot;4&quot;:1}]},&quot;8&quot;:{&quot;1&quot;:[{&quot;1&quot;:2,&quot;2&quot;:0,&quot;5&quot;:[null,2,0]},{&quot;1&quot;:0,&quot;2&quot;:0,&quot;3&quot;:3},{&quot;1&quot;:1,&quot;2&quot;:0,&quot;4&quot;:1}]},&quot;9&quot;:0,&quot;10&quot;:1,&quot;11&quot;:4,&quot;14&quot;:[null,2,0],&quot;15&quot;:&quot;Arial&quot;,&quot;16&quot;:11}\" data-sheets-textstyleruns=\"{&quot;1&quot;:0}\uee10[null,132,[null,null,[null,2,16711680],&quot;Arial&quot;,11]]\">L\u016bp\u0173 balzam\u0173 t\u016bbel\u0117s talpa 5 ml, auk\u0161tis 65 mm. Puikiai tinka naudoti: l\u016bp\u0173 balzamams, l\u016bpda\u017eiams, kt. pana\u0161ios tekst\u016bros gaminiams.<\/span><\/p>\n<p>&nbsp;<\/p>\n<p><strong>D\u0117mesio. Planuojame tur\u0117ti l\u016bp\u0173 balzam\u0173 t\u016bbeli\u0173 kovo m\u0117n. gale.<\/strong><\/p>\n<p>&nbsp;<\/p>\n<p>&nbsp;<\/p>","protected":false},"featured_media":3823,"comment_status":"open","ping_status":"closed","template":"","meta":[],"product_brand":[],"product_cat":[90],"product_tag":[],"class_list":{"0":"post-3822","1":"product","2":"type-product","3":"status-publish","4":"has-post-thumbnail","6":"product_cat-plastiko-tara","8":"first","9":"instock","10":"sale","11":"shipping-taxable","12":"purchasable","13":"product-type-variable","14":"has-default-attributes"},"yoast_head":"<!-- This site is optimized with the Yoast SEO plugin v24.8.1 - https:\/\/yoast.com\/wordpress\/plugins\/seo\/ -->\n<title>L\u016bp\u0173 balzam\u0173 t\u016bbel\u0117, talpa 5 ml. - Levand\u0173 pieva<\/title>\n<meta name=\"robots\" content=\"index, follow, max-snippet:-1, max-image-preview:large, max-video-preview:-1\" \/>\n<link rel=\"canonical\" href=\"https:\/\/levandupieva.lt\/en\/product\/lupu-balzamu-tubele-talpa-5-ml\/\" \/>\n<meta property=\"og:locale\" content=\"en_GB\" \/>\n<meta property=\"og:type\" content=\"article\" \/>\n<meta property=\"og:title\" content=\"L\u016bp\u0173 balzam\u0173 t\u016bbel\u0117, talpa 5 ml. - Levand\u0173 pieva\" \/>\n<meta property=\"og:description\" content=\"L\u016bp\u0173 balzam\u0173 t\u016bbel\u0117s talpa 5 ml, auk\u0161tis 65 mm. Puikiai tinka naudoti: l\u016bp\u0173 balzamams, l\u016bpda\u017eiams, kt. pana\u0161ios tekst\u016bros gaminiams.  &nbsp;  D\u0117mesio. Planuojame tur\u0117ti l\u016bp\u0173 balzam\u0173 t\u016bbeli\u0173 kovo m\u0117n. gale.  &nbsp;  &nbsp;\" \/>\n<meta property=\"og:url\" content=\"https:\/\/levandupieva.lt\/en\/product\/lupu-balzamu-tubele-talpa-5-ml\/\" \/>\n<meta property=\"og:site_name\" content=\"Levand\u0173 pieva\" \/>\n<meta property=\"article:publisher\" content=\"https:\/\/www.facebook.com\/Levandupieva\" \/>\n<meta property=\"article:modified_time\" content=\"2026-04-07T13:39:55+00:00\" \/>\n<meta property=\"og:image\" content=\"https:\/\/levandupieva.lt\/wp-content\/uploads\/2021\/04\/PL06-1024x990.jpg\" \/>\n\t<meta property=\"og:image:width\" content=\"1024\" \/>\n\t<meta property=\"og:image:height\" content=\"990\" \/>\n\t<meta property=\"og:image:type\" content=\"image\/jpeg\" \/>\n<meta name=\"twitter:card\" content=\"summary_large_image\" \/>\n<meta name=\"twitter:label1\" content=\"Estimated reading time\" \/>\n\t<meta name=\"twitter:data1\" content=\"1 minute\" \/>\n<script type=\"application\/ld+json\" class=\"yoast-schema-graph\">{\"@context\":\"https:\/\/schema.org\",\"@graph\":[{\"@type\":\"WebPage\",\"@id\":\"https:\/\/levandupieva.lt\/produktas\/lupu-balzamu-tubele-talpa-5-ml\/\",\"url\":\"https:\/\/levandupieva.lt\/produktas\/lupu-balzamu-tubele-talpa-5-ml\/\",\"name\":\"L\u016bp\u0173 balzam\u0173 t\u016bbel\u0117, talpa 5 ml. - Levand\u0173 pieva\",\"isPartOf\":{\"@id\":\"https:\/\/levandupieva.lt\/#website\"},\"primaryImageOfPage\":{\"@id\":\"https:\/\/levandupieva.lt\/produktas\/lupu-balzamu-tubele-talpa-5-ml\/#primaryimage\"},\"image\":{\"@id\":\"https:\/\/levandupieva.lt\/produktas\/lupu-balzamu-tubele-talpa-5-ml\/#primaryimage\"},\"thumbnailUrl\":\"https:\/\/levandupieva.lt\/wp-content\/uploads\/2021\/04\/PL06.jpg\",\"datePublished\":\"2021-04-05T09:40:56+00:00\",\"dateModified\":\"2026-04-07T13:39:55+00:00\",\"breadcrumb\":{\"@id\":\"https:\/\/levandupieva.lt\/produktas\/lupu-balzamu-tubele-talpa-5-ml\/#breadcrumb\"},\"inLanguage\":\"en-GB\",\"potentialAction\":[{\"@type\":\"ReadAction\",\"target\":[\"https:\/\/levandupieva.lt\/produktas\/lupu-balzamu-tubele-talpa-5-ml\/\"]}]},{\"@type\":\"ImageObject\",\"inLanguage\":\"en-GB\",\"@id\":\"https:\/\/levandupieva.lt\/produktas\/lupu-balzamu-tubele-talpa-5-ml\/#primaryimage\",\"url\":\"https:\/\/levandupieva.lt\/wp-content\/uploads\/2021\/04\/PL06.jpg\",\"contentUrl\":\"https:\/\/levandupieva.lt\/wp-content\/uploads\/2021\/04\/PL06.jpg\",\"width\":2290,\"height\":2214,\"caption\":\"L\u016bp\u0173 balzamo t\u016bbel\u0117\"},{\"@type\":\"BreadcrumbList\",\"@id\":\"https:\/\/levandupieva.lt\/produktas\/lupu-balzamu-tubele-talpa-5-ml\/#breadcrumb\",\"itemListElement\":[{\"@type\":\"ListItem\",\"position\":1,\"name\":\"Home\",\"item\":\"https:\/\/levandupieva.lt\/\"},{\"@type\":\"ListItem\",\"position\":2,\"name\":\"Parduotuv\u0117\",\"item\":\"https:\/\/levandupieva.lt\/parduotuve\/\"},{\"@type\":\"ListItem\",\"position\":3,\"name\":\"L\u016bp\u0173 balzam\u0173 t\u016bbel\u0117, talpa 5 ml.\"}]},{\"@type\":\"WebSite\",\"@id\":\"https:\/\/levandupieva.lt\/#website\",\"url\":\"https:\/\/levandupieva.lt\/\",\"name\":\"Levand\u0173 pieva\",\"description\":\"\",\"publisher\":{\"@id\":\"https:\/\/levandupieva.lt\/#organization\"},\"potentialAction\":[{\"@type\":\"SearchAction\",\"target\":{\"@type\":\"EntryPoint\",\"urlTemplate\":\"https:\/\/levandupieva.lt\/?s={search_term_string}\"},\"query-input\":{\"@type\":\"PropertyValueSpecification\",\"valueRequired\":true,\"valueName\":\"search_term_string\"}}],\"inLanguage\":\"en-GB\"},{\"@type\":\"Organization\",\"@id\":\"https:\/\/levandupieva.lt\/#organization\",\"name\":\"Levan\u0173 Pieva\",\"url\":\"https:\/\/levandupieva.lt\/\",\"logo\":{\"@type\":\"ImageObject\",\"inLanguage\":\"en-GB\",\"@id\":\"https:\/\/levandupieva.lt\/#\/schema\/logo\/image\/\",\"url\":\"https:\/\/levandupieva.lt\/wp-content\/uploads\/2021\/03\/cropped-logo-e1446013442350.png\",\"contentUrl\":\"https:\/\/levandupieva.lt\/wp-content\/uploads\/2021\/03\/cropped-logo-e1446013442350.png\",\"width\":654,\"height\":287,\"caption\":\"Levan\u0173 Pieva\"},\"image\":{\"@id\":\"https:\/\/levandupieva.lt\/#\/schema\/logo\/image\/\"},\"sameAs\":[\"https:\/\/www.facebook.com\/Levandupieva\"]}]}<\/script>\n<!-- \/ Yoast SEO plugin. -->","yoast_head_json":{"title":"L\u016bp\u0173 balzam\u0173 t\u016bbel\u0117, talpa 5 ml. - Levand\u0173 pieva","robots":{"index":"index","follow":"follow","max-snippet":"max-snippet:-1","max-image-preview":"max-image-preview:large","max-video-preview":"max-video-preview:-1"},"canonical":"https:\/\/levandupieva.lt\/en\/product\/lupu-balzamu-tubele-talpa-5-ml\/","og_locale":"en_GB","og_type":"article","og_title":"L\u016bp\u0173 balzam\u0173 t\u016bbel\u0117, talpa 5 ml. - Levand\u0173 pieva","og_description":"L\u016bp\u0173 balzam\u0173 t\u016bbel\u0117s talpa 5 ml, auk\u0161tis 65 mm. Puikiai tinka naudoti: l\u016bp\u0173 balzamams, l\u016bpda\u017eiams, kt. pana\u0161ios tekst\u016bros gaminiams.  &nbsp;  D\u0117mesio. Planuojame tur\u0117ti l\u016bp\u0173 balzam\u0173 t\u016bbeli\u0173 kovo m\u0117n. gale.  &nbsp;  &nbsp;","og_url":"https:\/\/levandupieva.lt\/en\/product\/lupu-balzamu-tubele-talpa-5-ml\/","og_site_name":"Levand\u0173 pieva","article_publisher":"https:\/\/www.facebook.com\/Levandupieva","article_modified_time":"2026-04-07T13:39:55+00:00","og_image":[{"width":1024,"height":990,"url":"https:\/\/levandupieva.lt\/wp-content\/uploads\/2021\/04\/PL06-1024x990.jpg","type":"image\/jpeg"}],"twitter_card":"summary_large_image","twitter_misc":{"Estimated reading time":"1 minute"},"schema":{"@context":"https:\/\/schema.org","@graph":[{"@type":"WebPage","@id":"https:\/\/levandupieva.lt\/produktas\/lupu-balzamu-tubele-talpa-5-ml\/","url":"https:\/\/levandupieva.lt\/produktas\/lupu-balzamu-tubele-talpa-5-ml\/","name":"L\u016bp\u0173 balzam\u0173 t\u016bbel\u0117, talpa 5 ml. - Levand\u0173 pieva","isPartOf":{"@id":"https:\/\/levandupieva.lt\/#website"},"primaryImageOfPage":{"@id":"https:\/\/levandupieva.lt\/produktas\/lupu-balzamu-tubele-talpa-5-ml\/#primaryimage"},"image":{"@id":"https:\/\/levandupieva.lt\/produktas\/lupu-balzamu-tubele-talpa-5-ml\/#primaryimage"},"thumbnailUrl":"https:\/\/levandupieva.lt\/wp-content\/uploads\/2021\/04\/PL06.jpg","datePublished":"2021-04-05T09:40:56+00:00","dateModified":"2026-04-07T13:39:55+00:00","breadcrumb":{"@id":"https:\/\/levandupieva.lt\/produktas\/lupu-balzamu-tubele-talpa-5-ml\/#breadcrumb"},"inLanguage":"en-GB","potentialAction":[{"@type":"ReadAction","target":["https:\/\/levandupieva.lt\/produktas\/lupu-balzamu-tubele-talpa-5-ml\/"]}]},{"@type":"ImageObject","inLanguage":"en-GB","@id":"https:\/\/levandupieva.lt\/produktas\/lupu-balzamu-tubele-talpa-5-ml\/#primaryimage","url":"https:\/\/levandupieva.lt\/wp-content\/uploads\/2021\/04\/PL06.jpg","contentUrl":"https:\/\/levandupieva.lt\/wp-content\/uploads\/2021\/04\/PL06.jpg","width":2290,"height":2214,"caption":"L\u016bp\u0173 balzamo t\u016bbel\u0117"},{"@type":"BreadcrumbList","@id":"https:\/\/levandupieva.lt\/produktas\/lupu-balzamu-tubele-talpa-5-ml\/#breadcrumb","itemListElement":[{"@type":"ListItem","position":1,"name":"Home","item":"https:\/\/levandupieva.lt\/"},{"@type":"ListItem","position":2,"name":"Parduotuv\u0117","item":"https:\/\/levandupieva.lt\/parduotuve\/"},{"@type":"ListItem","position":3,"name":"L\u016bp\u0173 balzam\u0173 t\u016bbel\u0117, talpa 5 ml."}]},{"@type":"WebSite","@id":"https:\/\/levandupieva.lt\/#website","url":"https:\/\/levandupieva.lt\/","name":"Levand\u0173 pieva","description":"","publisher":{"@id":"https:\/\/levandupieva.lt\/#organization"},"potentialAction":[{"@type":"SearchAction","target":{"@type":"EntryPoint","urlTemplate":"https:\/\/levandupieva.lt\/?s={search_term_string}"},"query-input":{"@type":"PropertyValueSpecification","valueRequired":true,"valueName":"search_term_string"}}],"inLanguage":"en-GB"},{"@type":"Organization","@id":"https:\/\/levandupieva.lt\/#organization","name":"Levan\u0173 Pieva","url":"https:\/\/levandupieva.lt\/","logo":{"@type":"ImageObject","inLanguage":"en-GB","@id":"https:\/\/levandupieva.lt\/#\/schema\/logo\/image\/","url":"https:\/\/levandupieva.lt\/wp-content\/uploads\/2021\/03\/cropped-logo-e1446013442350.png","contentUrl":"https:\/\/levandupieva.lt\/wp-content\/uploads\/2021\/03\/cropped-logo-e1446013442350.png","width":654,"height":287,"caption":"Levan\u0173 Pieva"},"image":{"@id":"https:\/\/levandupieva.lt\/#\/schema\/logo\/image\/"},"sameAs":["https:\/\/www.facebook.com\/Levandupieva"]}]}},"_links":{"self":[{"href":"https:\/\/levandupieva.lt\/en\/wp-json\/wp\/v2\/product\/3822","targetHints":{"allow":["GET"]}}],"collection":[{"href":"https:\/\/levandupieva.lt\/en\/wp-json\/wp\/v2\/product"}],"about":[{"href":"https:\/\/levandupieva.lt\/en\/wp-json\/wp\/v2\/types\/product"}],"replies":[{"embeddable":true,"href":"https:\/\/levandupieva.lt\/en\/wp-json\/wp\/v2\/comments?post=3822"}],"wp:featuredmedia":[{"embeddable":true,"href":"https:\/\/levandupieva.lt\/en\/wp-json\/wp\/v2\/media\/3823"}],"wp:attachment":[{"href":"https:\/\/levandupieva.lt\/en\/wp-json\/wp\/v2\/media?parent=3822"}],"wp:term":[{"taxonomy":"product_brand","embeddable":true,"href":"https:\/\/levandupieva.lt\/en\/wp-json\/wp\/v2\/product_brand?post=3822"},{"taxonomy":"product_cat","embeddable":true,"href":"https:\/\/levandupieva.lt\/en\/wp-json\/wp\/v2\/product_cat?post=3822"},{"taxonomy":"product_tag","embeddable":true,"href":"https:\/\/levandupieva.lt\/en\/wp-json\/wp\/v2\/product_tag?post=3822"}],"curies":[{"name":"wp","href":"https:\/\/api.w.org\/{rel}","templated":true}]}}