{"id":3827,"date":"2021-04-05T09:46:29","date_gmt":"2021-04-05T09:46:29","guid":{"rendered":"https:\/\/levandupieva.lt\/?post_type=product&#038;p=3827"},"modified":"2025-11-24T16:02:48","modified_gmt":"2025-11-24T16:02:48","slug":"provanso-levandu-hidrolatas","status":"publish","type":"product","link":"https:\/\/levandupieva.lt\/en\/product\/provanso-levandu-hidrolatas\/","title":{"rendered":"Provanso levand\u0173 hidrolatas"},"content":{"rendered":"<p><strong><em>bot. Lavandula angustifolia.<\/em> Ekologi\u0161kas levand\u0173 hidrolatas Kilm\u0117s vieta: Pranc\u016bzija, Provansas. Distiliuota: 2024 m, bir\u017eelio m\u0117nes\u012f. \u0160is produktas i\u0161distiliuotas i\u0161 levand\u0173, auginam\u0173 de La Gabelle pilies apylink\u0117se.<\/strong><\/p>\n<p>PIlies \u017eem\u0117se auginamos sertifikuotos ekologi\u0161kos levandos, levandinai. Levandos \u010dia buvo auginamos nuo 1838 m., kai apsigyveno Blanc \u0161eima. V\u0117liau Roux \u0161eimai, kai Fran\u00e7ois-Xavier \u012fsigijo \u0161\u012f Provanso pastat\u0105. Tada\u00a0 pilies \u017eem\u0117je buvo prad\u0117tos gaminti levandos.. B\u0117gant metams \u0161eima apsigyveno Buis-les-Baronnies. Pilis liko apleista, bet ne \u017eem\u0117s. \u0160eima toliau augino levandas. J\u0173 auginimo b\u016bdas laikui b\u0117gant labai keit\u0117si, ta\u010diau perduota tradicin\u0117 patirtis leido jiems sukurti i\u0161tobulintus levand\u0173 produkcijos gamybos metodus. \u0160iandien j\u0173 asortimentas sudarytas i\u0161 g\u0117li\u0173 vandens (hidrolato), eterinio aliejaus, d\u017eiovint\u0173 g\u0117li\u0173 ar puok\u0161\u010di\u0173.<\/p>\n<p><strong>\ud83d\udc9c\u00a0 D\u0117mesio! Tai antro distiliavimo levand\u0173 vanduo (hidrolatas), kuris kiek ma\u017eiau kvapnus nei pirmo disitiliavimo. Kiekis ribotas. \ud83d\udc9c<\/strong><\/p>\n<p>Galima u\u017esakyti m\u0117ginukus (testerius) 50 ml arba 100 ml, taip pat galima u\u017esakyti 1 litr\u0105 levand\u0173 hidrolato.<\/p>","protected":false},"excerpt":{"rendered":"[embed]https:\/\/levandupieva.lt\/2021\/11\/02\/levandu-hidrolato-nauda\/[\/embed]\n<p><strong><em>bot. Lavandula angustifolia.<\/em> Ekologi\u0161kas levand\u0173 hidrolatas Kilm\u0117s vieta: Pranc\u016bzija, Provansas. Distiliuota: 2024 m, bir\u017eelio m\u0117nes\u012f. \u0160is produktas i\u0161distiliuotas i\u0161 levand\u0173, auginam\u0173 de La Gabelle pilies apylink\u0117se.<\/strong><\/p>\n<p>Pilies \u017eem\u0117se auginamos sertifikuotos ekologi\u0161kos levandos, levandinai. Levandos \u010dia buvo auginamos nuo 1838 m., kai apsigyveno Blanc \u0161eima. V\u0117liau jas augino Roux \u0161eima, kai Fran\u00e7ois-Xavier \u012fsigijo \u0161\u012f Provanso pastat\u0105. Tada pilies \u017eem\u0117je buvo prad\u0117ta gaminti levand\u0173 produkcija. B\u0117gant metams \u0161eima apsigyveno Buis-les-Baronnies. Pilis liko apleista, bet ne \u017eem\u0117s. \u0160eima toliau augino levandas. J\u0173 auginimo b\u016bdas laikui b\u0117gant labai keit\u0117si, ta\u010diau perduota tradicin\u0117 patirtis leido jiems sukurti i\u0161tobulintus levand\u0173 produkcijos gamybos metodus. \u0160iandien j\u0173 asortimentas sudarytas i\u0161 g\u0117li\u0173 vandens (hidrolato), eterinio aliejaus, d\u017eiovint\u0173 g\u0117li\u0173 ar puok\u0161\u010di\u0173.<\/p>\n<p><strong>\ud83d\udc9c\u00a0 D\u0117mesio! Tai antro distiliavimo levand\u0173 vanduo (hidrolatas), kuris kiek ma\u017eiau kvapnus nei pirmo disitiliavimo. Kiekis ribotas. \ud83d\udc9c<\/strong><\/p>\n<p>Galima u\u017esakyti m\u0117ginukus (testerius) 50 ml arba 100 ml, taip pat galima u\u017esakyti 1 litr\u0105 levand\u0173 hidrolato.<\/p>","protected":false},"featured_media":7414,"comment_status":"open","ping_status":"closed","template":"","meta":[],"product_brand":[],"product_cat":[70],"product_tag":[114,113],"class_list":{"0":"post-3827","1":"product","2":"type-product","3":"status-publish","4":"has-post-thumbnail","6":"product_cat-zaliava","7":"product_tag-levandu-hidrolatas","8":"product_tag-levandu-vanduo","10":"first","11":"outofstock","12":"shipping-taxable","13":"purchasable","14":"product-type-variable","15":"has-default-attributes"},"yoast_head":"<!-- This site is optimized with the Yoast SEO plugin v24.8.1 - https:\/\/yoast.com\/wordpress\/plugins\/seo\/ -->\n<title>Provanso levand\u0173 hidrolatas - Levand\u0173 pieva<\/title>\n<meta name=\"description\" content=\"bot. Lavandula angustifolia. Ekologi\u0161kas levand\u0173 hidrolatas Kilm\u0117s vieta: Pranc\u016bzija, Provansas. Distiliuota: 2024 m, bir\u017eelio m\u0117nes\u012f. \u0160is produktas i\u0161distiliuotas i\u0161 levand\u0173, auginam\u0173 de La Gabelle pilies apylink\u0117se.\" \/>\n<meta name=\"robots\" content=\"index, follow, max-snippet:-1, max-image-preview:large, max-video-preview:-1\" \/>\n<link rel=\"canonical\" href=\"https:\/\/levandupieva.lt\/en\/product\/provanso-levandu-hidrolatas\/\" \/>\n<meta property=\"og:locale\" content=\"en_GB\" \/>\n<meta property=\"og:type\" content=\"article\" \/>\n<meta property=\"og:title\" content=\"Provanso levand\u0173 hidrolatas - Levand\u0173 pieva\" \/>\n<meta property=\"og:description\" content=\"bot. Lavandula angustifolia. Ekologi\u0161kas levand\u0173 hidrolatas Kilm\u0117s vieta: Pranc\u016bzija, Provansas. Distiliuota: 2024 m, bir\u017eelio m\u0117nes\u012f. \u0160is produktas i\u0161distiliuotas i\u0161 levand\u0173, auginam\u0173 de La Gabelle pilies apylink\u0117se.\" \/>\n<meta property=\"og:url\" content=\"https:\/\/levandupieva.lt\/en\/product\/provanso-levandu-hidrolatas\/\" \/>\n<meta property=\"og:site_name\" content=\"Levand\u0173 pieva\" \/>\n<meta property=\"article:publisher\" content=\"https:\/\/www.facebook.com\/Levandupieva\" \/>\n<meta property=\"article:modified_time\" content=\"2025-11-24T16:02:48+00:00\" \/>\n<meta property=\"og:image\" content=\"https:\/\/levandupieva.lt\/wp-content\/uploads\/2021\/04\/levandos-1.jpg\" \/>\n\t<meta property=\"og:image:width\" content=\"1263\" \/>\n\t<meta property=\"og:image:height\" content=\"1329\" \/>\n\t<meta property=\"og:image:type\" content=\"image\/jpeg\" \/>\n<meta name=\"twitter:card\" content=\"summary_large_image\" \/>\n<meta name=\"twitter:label1\" content=\"Estimated reading time\" \/>\n\t<meta name=\"twitter:data1\" content=\"1 minute\" \/>\n<script type=\"application\/ld+json\" class=\"yoast-schema-graph\">{\"@context\":\"https:\/\/schema.org\",\"@graph\":[{\"@type\":\"WebPage\",\"@id\":\"https:\/\/levandupieva.lt\/produktas\/provanso-levandu-hidrolatas\/\",\"url\":\"https:\/\/levandupieva.lt\/produktas\/provanso-levandu-hidrolatas\/\",\"name\":\"Provanso levand\u0173 hidrolatas - Levand\u0173 pieva\",\"isPartOf\":{\"@id\":\"https:\/\/levandupieva.lt\/#website\"},\"primaryImageOfPage\":{\"@id\":\"https:\/\/levandupieva.lt\/produktas\/provanso-levandu-hidrolatas\/#primaryimage\"},\"image\":{\"@id\":\"https:\/\/levandupieva.lt\/produktas\/provanso-levandu-hidrolatas\/#primaryimage\"},\"thumbnailUrl\":\"https:\/\/levandupieva.lt\/wp-content\/uploads\/2021\/04\/levandos-1.jpg\",\"datePublished\":\"2021-04-05T09:46:29+00:00\",\"dateModified\":\"2025-11-24T16:02:48+00:00\",\"description\":\"bot. Lavandula angustifolia. Ekologi\u0161kas levand\u0173 hidrolatas Kilm\u0117s vieta: Pranc\u016bzija, Provansas. Distiliuota: 2024 m, bir\u017eelio m\u0117nes\u012f. \u0160is produktas i\u0161distiliuotas i\u0161 levand\u0173, auginam\u0173 de La Gabelle pilies apylink\u0117se.\",\"breadcrumb\":{\"@id\":\"https:\/\/levandupieva.lt\/produktas\/provanso-levandu-hidrolatas\/#breadcrumb\"},\"inLanguage\":\"en-GB\",\"potentialAction\":[{\"@type\":\"ReadAction\",\"target\":[\"https:\/\/levandupieva.lt\/produktas\/provanso-levandu-hidrolatas\/\"]}]},{\"@type\":\"ImageObject\",\"inLanguage\":\"en-GB\",\"@id\":\"https:\/\/levandupieva.lt\/produktas\/provanso-levandu-hidrolatas\/#primaryimage\",\"url\":\"https:\/\/levandupieva.lt\/wp-content\/uploads\/2021\/04\/levandos-1.jpg\",\"contentUrl\":\"https:\/\/levandupieva.lt\/wp-content\/uploads\/2021\/04\/levandos-1.jpg\",\"width\":1263,\"height\":1329},{\"@type\":\"BreadcrumbList\",\"@id\":\"https:\/\/levandupieva.lt\/produktas\/provanso-levandu-hidrolatas\/#breadcrumb\",\"itemListElement\":[{\"@type\":\"ListItem\",\"position\":1,\"name\":\"Home\",\"item\":\"https:\/\/levandupieva.lt\/\"},{\"@type\":\"ListItem\",\"position\":2,\"name\":\"Parduotuv\u0117\",\"item\":\"https:\/\/levandupieva.lt\/parduotuve\/\"},{\"@type\":\"ListItem\",\"position\":3,\"name\":\"Provanso levand\u0173 hidrolatas\"}]},{\"@type\":\"WebSite\",\"@id\":\"https:\/\/levandupieva.lt\/#website\",\"url\":\"https:\/\/levandupieva.lt\/\",\"name\":\"Levand\u0173 pieva\",\"description\":\"\",\"publisher\":{\"@id\":\"https:\/\/levandupieva.lt\/#organization\"},\"potentialAction\":[{\"@type\":\"SearchAction\",\"target\":{\"@type\":\"EntryPoint\",\"urlTemplate\":\"https:\/\/levandupieva.lt\/?s={search_term_string}\"},\"query-input\":{\"@type\":\"PropertyValueSpecification\",\"valueRequired\":true,\"valueName\":\"search_term_string\"}}],\"inLanguage\":\"en-GB\"},{\"@type\":\"Organization\",\"@id\":\"https:\/\/levandupieva.lt\/#organization\",\"name\":\"Levan\u0173 Pieva\",\"url\":\"https:\/\/levandupieva.lt\/\",\"logo\":{\"@type\":\"ImageObject\",\"inLanguage\":\"en-GB\",\"@id\":\"https:\/\/levandupieva.lt\/#\/schema\/logo\/image\/\",\"url\":\"https:\/\/levandupieva.lt\/wp-content\/uploads\/2021\/03\/cropped-logo-e1446013442350.png\",\"contentUrl\":\"https:\/\/levandupieva.lt\/wp-content\/uploads\/2021\/03\/cropped-logo-e1446013442350.png\",\"width\":654,\"height\":287,\"caption\":\"Levan\u0173 Pieva\"},\"image\":{\"@id\":\"https:\/\/levandupieva.lt\/#\/schema\/logo\/image\/\"},\"sameAs\":[\"https:\/\/www.facebook.com\/Levandupieva\"]}]}<\/script>\n<!-- \/ Yoast SEO plugin. -->","yoast_head_json":{"title":"Provanso levand\u0173 hidrolatas - Levand\u0173 pieva","description":"bot. Lavandula angustifolia. Ekologi\u0161kas levand\u0173 hidrolatas Kilm\u0117s vieta: Pranc\u016bzija, Provansas. Distiliuota: 2024 m, bir\u017eelio m\u0117nes\u012f. \u0160is produktas i\u0161distiliuotas i\u0161 levand\u0173, auginam\u0173 de La Gabelle pilies apylink\u0117se.","robots":{"index":"index","follow":"follow","max-snippet":"max-snippet:-1","max-image-preview":"max-image-preview:large","max-video-preview":"max-video-preview:-1"},"canonical":"https:\/\/levandupieva.lt\/en\/product\/provanso-levandu-hidrolatas\/","og_locale":"en_GB","og_type":"article","og_title":"Provanso levand\u0173 hidrolatas - Levand\u0173 pieva","og_description":"bot. Lavandula angustifolia. Ekologi\u0161kas levand\u0173 hidrolatas Kilm\u0117s vieta: Pranc\u016bzija, Provansas. Distiliuota: 2024 m, bir\u017eelio m\u0117nes\u012f. \u0160is produktas i\u0161distiliuotas i\u0161 levand\u0173, auginam\u0173 de La Gabelle pilies apylink\u0117se.","og_url":"https:\/\/levandupieva.lt\/en\/product\/provanso-levandu-hidrolatas\/","og_site_name":"Levand\u0173 pieva","article_publisher":"https:\/\/www.facebook.com\/Levandupieva","article_modified_time":"2025-11-24T16:02:48+00:00","og_image":[{"width":1263,"height":1329,"url":"https:\/\/levandupieva.lt\/wp-content\/uploads\/2021\/04\/levandos-1.jpg","type":"image\/jpeg"}],"twitter_card":"summary_large_image","twitter_misc":{"Estimated reading time":"1 minute"},"schema":{"@context":"https:\/\/schema.org","@graph":[{"@type":"WebPage","@id":"https:\/\/levandupieva.lt\/produktas\/provanso-levandu-hidrolatas\/","url":"https:\/\/levandupieva.lt\/produktas\/provanso-levandu-hidrolatas\/","name":"Provanso levand\u0173 hidrolatas - Levand\u0173 pieva","isPartOf":{"@id":"https:\/\/levandupieva.lt\/#website"},"primaryImageOfPage":{"@id":"https:\/\/levandupieva.lt\/produktas\/provanso-levandu-hidrolatas\/#primaryimage"},"image":{"@id":"https:\/\/levandupieva.lt\/produktas\/provanso-levandu-hidrolatas\/#primaryimage"},"thumbnailUrl":"https:\/\/levandupieva.lt\/wp-content\/uploads\/2021\/04\/levandos-1.jpg","datePublished":"2021-04-05T09:46:29+00:00","dateModified":"2025-11-24T16:02:48+00:00","description":"bot. Lavandula angustifolia. Ekologi\u0161kas levand\u0173 hidrolatas Kilm\u0117s vieta: Pranc\u016bzija, Provansas. Distiliuota: 2024 m, bir\u017eelio m\u0117nes\u012f. \u0160is produktas i\u0161distiliuotas i\u0161 levand\u0173, auginam\u0173 de La Gabelle pilies apylink\u0117se.","breadcrumb":{"@id":"https:\/\/levandupieva.lt\/produktas\/provanso-levandu-hidrolatas\/#breadcrumb"},"inLanguage":"en-GB","potentialAction":[{"@type":"ReadAction","target":["https:\/\/levandupieva.lt\/produktas\/provanso-levandu-hidrolatas\/"]}]},{"@type":"ImageObject","inLanguage":"en-GB","@id":"https:\/\/levandupieva.lt\/produktas\/provanso-levandu-hidrolatas\/#primaryimage","url":"https:\/\/levandupieva.lt\/wp-content\/uploads\/2021\/04\/levandos-1.jpg","contentUrl":"https:\/\/levandupieva.lt\/wp-content\/uploads\/2021\/04\/levandos-1.jpg","width":1263,"height":1329},{"@type":"BreadcrumbList","@id":"https:\/\/levandupieva.lt\/produktas\/provanso-levandu-hidrolatas\/#breadcrumb","itemListElement":[{"@type":"ListItem","position":1,"name":"Home","item":"https:\/\/levandupieva.lt\/"},{"@type":"ListItem","position":2,"name":"Parduotuv\u0117","item":"https:\/\/levandupieva.lt\/parduotuve\/"},{"@type":"ListItem","position":3,"name":"Provanso levand\u0173 hidrolatas"}]},{"@type":"WebSite","@id":"https:\/\/levandupieva.lt\/#website","url":"https:\/\/levandupieva.lt\/","name":"Levand\u0173 pieva","description":"","publisher":{"@id":"https:\/\/levandupieva.lt\/#organization"},"potentialAction":[{"@type":"SearchAction","target":{"@type":"EntryPoint","urlTemplate":"https:\/\/levandupieva.lt\/?s={search_term_string}"},"query-input":{"@type":"PropertyValueSpecification","valueRequired":true,"valueName":"search_term_string"}}],"inLanguage":"en-GB"},{"@type":"Organization","@id":"https:\/\/levandupieva.lt\/#organization","name":"Levan\u0173 Pieva","url":"https:\/\/levandupieva.lt\/","logo":{"@type":"ImageObject","inLanguage":"en-GB","@id":"https:\/\/levandupieva.lt\/#\/schema\/logo\/image\/","url":"https:\/\/levandupieva.lt\/wp-content\/uploads\/2021\/03\/cropped-logo-e1446013442350.png","contentUrl":"https:\/\/levandupieva.lt\/wp-content\/uploads\/2021\/03\/cropped-logo-e1446013442350.png","width":654,"height":287,"caption":"Levan\u0173 Pieva"},"image":{"@id":"https:\/\/levandupieva.lt\/#\/schema\/logo\/image\/"},"sameAs":["https:\/\/www.facebook.com\/Levandupieva"]}]}},"_links":{"self":[{"href":"https:\/\/levandupieva.lt\/en\/wp-json\/wp\/v2\/product\/3827","targetHints":{"allow":["GET"]}}],"collection":[{"href":"https:\/\/levandupieva.lt\/en\/wp-json\/wp\/v2\/product"}],"about":[{"href":"https:\/\/levandupieva.lt\/en\/wp-json\/wp\/v2\/types\/product"}],"replies":[{"embeddable":true,"href":"https:\/\/levandupieva.lt\/en\/wp-json\/wp\/v2\/comments?post=3827"}],"wp:featuredmedia":[{"embeddable":true,"href":"https:\/\/levandupieva.lt\/en\/wp-json\/wp\/v2\/media\/7414"}],"wp:attachment":[{"href":"https:\/\/levandupieva.lt\/en\/wp-json\/wp\/v2\/media?parent=3827"}],"wp:term":[{"taxonomy":"product_brand","embeddable":true,"href":"https:\/\/levandupieva.lt\/en\/wp-json\/wp\/v2\/product_brand?post=3827"},{"taxonomy":"product_cat","embeddable":true,"href":"https:\/\/levandupieva.lt\/en\/wp-json\/wp\/v2\/product_cat?post=3827"},{"taxonomy":"product_tag","embeddable":true,"href":"https:\/\/levandupieva.lt\/en\/wp-json\/wp\/v2\/product_tag?post=3827"}],"curies":[{"name":"wp","href":"https:\/\/api.w.org\/{rel}","templated":true}]}}