{"id":3834,"date":"2021-04-05T09:56:27","date_gmt":"2021-04-05T09:56:27","guid":{"rendered":"https:\/\/levandupieva.lt\/?post_type=product&#038;p=3834"},"modified":"2026-04-14T07:54:19","modified_gmt":"2026-04-14T07:54:19","slug":"damaskiniu-roziu-hidrolatas","status":"publish","type":"product","link":"https:\/\/levandupieva.lt\/en\/product\/damaskiniu-roziu-hidrolatas\/","title":{"rendered":"Damaskini\u0173 ro\u017ei\u0173 hidrolatas"},"content":{"rendered":"<p class=\"p1\"><span data-sheets-value=\"{&quot;1&quot;:2,&quot;2&quot;:&quot;Damaskini\u0173 ro\u017ei\u0173 vanduo (hidrolatas). Kilm\u0117s \u0161alis - Bulgarija. \u0160eimos \u016bkio g\u0117li\u0173 sodai driekiasi Kazanlako sl\u0117nyje, kaln\u0173 pap\u0117d\u0117je, distiliuoja savo turimoje distiliatorin\u0117je, kur \u017eiedai distiliuojami i\u0161karto nuskynus juos. Tai ne pramoninis skynimas, o rankomis skinami \u017eiedai. \u0160io \u016bkio prioritetai yra aplinkosauga, saugios darbo s\u0105lygos bei auk\u0161\u010diausios kokyb\u0117s produktai. Pasirinkti: (100 ml (su purk\u0161tuku)- 7 Eur, 1 litras - 47 Eur,)&quot;}\" data-sheets-userformat=\"{&quot;2&quot;:15359,&quot;3&quot;:{&quot;1&quot;:0},&quot;4&quot;:[null,2,16777215],&quot;5&quot;:{&quot;1&quot;:[{&quot;1&quot;:2,&quot;2&quot;:0,&quot;5&quot;:[null,2,0]},{&quot;1&quot;:0,&quot;2&quot;:0,&quot;3&quot;:3},{&quot;1&quot;:1,&quot;2&quot;:0,&quot;4&quot;:1}]},&quot;6&quot;:{&quot;1&quot;:[{&quot;1&quot;:2,&quot;2&quot;:0,&quot;5&quot;:[null,2,0]},{&quot;1&quot;:0,&quot;2&quot;:0,&quot;3&quot;:3},{&quot;1&quot;:1,&quot;2&quot;:0,&quot;4&quot;:1}]},&quot;7&quot;:{&quot;1&quot;:[{&quot;1&quot;:2,&quot;2&quot;:0,&quot;5&quot;:[null,2,0]},{&quot;1&quot;:0,&quot;2&quot;:0,&quot;3&quot;:3},{&quot;1&quot;:1,&quot;2&quot;:0,&quot;4&quot;:1}]},&quot;8&quot;:{&quot;1&quot;:[{&quot;1&quot;:2,&quot;2&quot;:0,&quot;5&quot;:[null,2,0]},{&quot;1&quot;:0,&quot;2&quot;:0,&quot;3&quot;:3},{&quot;1&quot;:1,&quot;2&quot;:0,&quot;4&quot;:1}]},&quot;9&quot;:0,&quot;10&quot;:1,&quot;11&quot;:4,&quot;12&quot;:0,&quot;14&quot;:[null,2,0],&quot;15&quot;:&quot;Arial&quot;,&quot;16&quot;:11}\">Damaskini\u0173 ro\u017ei\u0173 vanduo (hidrolatas). Kilm\u0117s \u0161alis &#8211; Bulgarija. <strong>\u0160i\u0173 met\u0173 derlius!<\/strong>\u00a0 \u0160io \u0161eimos \u016bkio g\u0117li\u0173 sodai yra sertifikuoti, driekiasi Kazanlako sl\u0117nyje, kaln\u0173 pap\u0117d\u0117je, Patys distiliuoja savo turimame nedideliame distiliatoriuje, esan\u010diame pa\u010diame ro\u017eyne i\u0161 karto nuskynus juos. Ro\u017ei\u0173 \u017eiedai skinami ne pramoniniu b\u016bdu, bet rankomis. \u0160io \u016bkio prioritetai yra aplinkosauga, saugios darbo s\u0105lygos bei auk\u0161\u010diausios kokyb\u0117s produktai. Distiliavimui naudojamas po\u017eeminis vanduo i\u0161 Balkan\u0173 kaln\u0173, pumpuojamas i\u0161 75 m po \u017eeme. \u0160io \u016bkio ro\u017ei\u0173 vandens kokyb\u0117 yra i\u0161ties i\u0161skirtin\u0117! Tikrai verta i\u0161bandyti.<\/span><\/p>\n<p><span data-sheets-value=\"{&quot;1&quot;:2,&quot;2&quot;:&quot;Levand\u0173 vanduo (hidrolatas). Kilm\u0117s \u0161alis - Bulgarija. \u0160eimos \u016bkio g\u0117li\u0173 sodai driekiasi Kazanlako sl\u0117nyje, kaln\u0173 pap\u0117d\u0117je, distiliuoja savo turimoje distiliatorin\u0117je, kur \u017eiedai distiliuojami i\u0161karto nuskynus juos. Tai ne pramoninis skynimas, o rankomis skinami \u017eiedai. \u0160io \u016bkio prioritetai yra aplinkosauga, saugios darbo s\u0105lygos bei auk\u0161\u010diausios kokyb\u0117s produktai. \\nPasirinkti: (100 ml (su purk\u0161tuku) - 6 Eur, 1 litras - 30 Eur)&quot;}\" data-sheets-userformat=\"{&quot;2&quot;:15359,&quot;3&quot;:{&quot;1&quot;:0},&quot;4&quot;:[null,2,16777215],&quot;5&quot;:{&quot;1&quot;:[{&quot;1&quot;:2,&quot;2&quot;:0,&quot;5&quot;:[null,2,0]},{&quot;1&quot;:0,&quot;2&quot;:0,&quot;3&quot;:3},{&quot;1&quot;:1,&quot;2&quot;:0,&quot;4&quot;:1}]},&quot;6&quot;:{&quot;1&quot;:[{&quot;1&quot;:2,&quot;2&quot;:0,&quot;5&quot;:[null,2,0]},{&quot;1&quot;:0,&quot;2&quot;:0,&quot;3&quot;:3},{&quot;1&quot;:1,&quot;2&quot;:0,&quot;4&quot;:1}]},&quot;7&quot;:{&quot;1&quot;:[{&quot;1&quot;:2,&quot;2&quot;:0,&quot;5&quot;:[null,2,0]},{&quot;1&quot;:0,&quot;2&quot;:0,&quot;3&quot;:3},{&quot;1&quot;:1,&quot;2&quot;:0,&quot;4&quot;:1}]},&quot;8&quot;:{&quot;1&quot;:[{&quot;1&quot;:2,&quot;2&quot;:0,&quot;5&quot;:[null,2,0]},{&quot;1&quot;:0,&quot;2&quot;:0,&quot;3&quot;:3},{&quot;1&quot;:1,&quot;2&quot;:0,&quot;4&quot;:1}]},&quot;9&quot;:0,&quot;10&quot;:1,&quot;11&quot;:4,&quot;12&quot;:0,&quot;14&quot;:[null,2,0],&quot;15&quot;:&quot;Arial&quot;,&quot;16&quot;:11}\">100 ml hidrolatas fasuojamas \u012f rudo stiklo buteliuk\u0105 su purk\u0161tuku.\u00a0 1 litro hidrolatas fasuojamas \u012f bute<\/span><span data-sheets-value=\"{&quot;1&quot;:2,&quot;2&quot;:&quot;Levand\u0173 vanduo (hidrolatas). Kilm\u0117s \u0161alis - Bulgarija. \u0160eimos \u016bkio g\u0117li\u0173 sodai driekiasi Kazanlako sl\u0117nyje, kaln\u0173 pap\u0117d\u0117je, distiliuoja savo turimoje distiliatorin\u0117je, kur \u017eiedai distiliuojami i\u0161karto nuskynus juos. Tai ne pramoninis skynimas, o rankomis skinami \u017eiedai. \u0160io \u016bkio prioritetai yra aplinkosauga, saugios darbo s\u0105lygos bei auk\u0161\u010diausios kokyb\u0117s produktai. \\nPasirinkti: (100 ml (su purk\u0161tuku) - 6 Eur, 1 litras - 30 Eur)&quot;}\" data-sheets-userformat=\"{&quot;2&quot;:15359,&quot;3&quot;:{&quot;1&quot;:0},&quot;4&quot;:[null,2,16777215],&quot;5&quot;:{&quot;1&quot;:[{&quot;1&quot;:2,&quot;2&quot;:0,&quot;5&quot;:[null,2,0]},{&quot;1&quot;:0,&quot;2&quot;:0,&quot;3&quot;:3},{&quot;1&quot;:1,&quot;2&quot;:0,&quot;4&quot;:1}]},&quot;6&quot;:{&quot;1&quot;:[{&quot;1&quot;:2,&quot;2&quot;:0,&quot;5&quot;:[null,2,0]},{&quot;1&quot;:0,&quot;2&quot;:0,&quot;3&quot;:3},{&quot;1&quot;:1,&quot;2&quot;:0,&quot;4&quot;:1}]},&quot;7&quot;:{&quot;1&quot;:[{&quot;1&quot;:2,&quot;2&quot;:0,&quot;5&quot;:[null,2,0]},{&quot;1&quot;:0,&quot;2&quot;:0,&quot;3&quot;:3},{&quot;1&quot;:1,&quot;2&quot;:0,&quot;4&quot;:1}]},&quot;8&quot;:{&quot;1&quot;:[{&quot;1&quot;:2,&quot;2&quot;:0,&quot;5&quot;:[null,2,0]},{&quot;1&quot;:0,&quot;2&quot;:0,&quot;3&quot;:3},{&quot;1&quot;:1,&quot;2&quot;:0,&quot;4&quot;:1}]},&quot;9&quot;:0,&quot;10&quot;:1,&quot;11&quot;:4,&quot;12&quot;:0,&quot;14&quot;:[null,2,0],&quot;15&quot;:&quot;Arial&quot;,&quot;16&quot;:11}\">l\u012f su gaubteliu, 250 ml fasuojamas \u012f plastikin\u012f rud\u0105 butel\u012f, 300\u00a0 ml hidrolatas fasuojamas \u012f tams\u0173 stiklin\u012f butel\u012f su gaubteliu. N<\/span>orint u\u017esakyti papildomai buteliuk\u0105 su purk\u0161tuku, reikia atskirai u\u017esakyti parduotuv\u0117s &#8222;Tara&#8221; kategorijoje.<\/p>\n<p><strong>G\u0117li\u0173 vanden\u012f geriausia laikyti v\u0117sioje vietoje.<\/strong><\/p>\n<p>&nbsp;<\/p>\n<p>&nbsp;<\/p>\n<p>&nbsp;<\/p>","protected":false},"excerpt":{"rendered":"<p class=\"p1\"><span data-sheets-value=\"{&quot;1&quot;:2,&quot;2&quot;:&quot;Damaskini\u0173 ro\u017ei\u0173 vanduo (hidrolatas). Kilm\u0117s \u0161alis - Bulgarija. \u0160eimos \u016bkio g\u0117li\u0173 sodai driekiasi Kazanlako sl\u0117nyje, kaln\u0173 pap\u0117d\u0117je, distiliuoja savo turimoje distiliatorin\u0117je, kur \u017eiedai distiliuojami i\u0161karto nuskynus juos. Tai ne pramoninis skynimas, o rankomis skinami \u017eiedai. \u0160io \u016bkio prioritetai yra aplinkosauga, saugios darbo s\u0105lygos bei auk\u0161\u010diausios kokyb\u0117s produktai. Pasirinkti: (100 ml (su purk\u0161tuku)- 7 Eur, 1 litras - 47 Eur,)&quot;}\" data-sheets-userformat=\"{&quot;2&quot;:15359,&quot;3&quot;:{&quot;1&quot;:0},&quot;4&quot;:[null,2,16777215],&quot;5&quot;:{&quot;1&quot;:[{&quot;1&quot;:2,&quot;2&quot;:0,&quot;5&quot;:[null,2,0]},{&quot;1&quot;:0,&quot;2&quot;:0,&quot;3&quot;:3},{&quot;1&quot;:1,&quot;2&quot;:0,&quot;4&quot;:1}]},&quot;6&quot;:{&quot;1&quot;:[{&quot;1&quot;:2,&quot;2&quot;:0,&quot;5&quot;:[null,2,0]},{&quot;1&quot;:0,&quot;2&quot;:0,&quot;3&quot;:3},{&quot;1&quot;:1,&quot;2&quot;:0,&quot;4&quot;:1}]},&quot;7&quot;:{&quot;1&quot;:[{&quot;1&quot;:2,&quot;2&quot;:0,&quot;5&quot;:[null,2,0]},{&quot;1&quot;:0,&quot;2&quot;:0,&quot;3&quot;:3},{&quot;1&quot;:1,&quot;2&quot;:0,&quot;4&quot;:1}]},&quot;8&quot;:{&quot;1&quot;:[{&quot;1&quot;:2,&quot;2&quot;:0,&quot;5&quot;:[null,2,0]},{&quot;1&quot;:0,&quot;2&quot;:0,&quot;3&quot;:3},{&quot;1&quot;:1,&quot;2&quot;:0,&quot;4&quot;:1}]},&quot;9&quot;:0,&quot;10&quot;:1,&quot;11&quot;:4,&quot;12&quot;:0,&quot;14&quot;:[null,2,0],&quot;15&quot;:&quot;Arial&quot;,&quot;16&quot;:11}\">Damaskini\u0173 ro\u017ei\u0173 vanduo (hidrolatas). Kilm\u0117s \u0161alis &#8211; Bulgarija. \u00a0\u0160io \u016bkio g\u0117li\u0173 sodai driekiasi Kazanlako sl\u0117nyje, kaln\u0173 pap\u0117d\u0117je, distiliuoja savo turimame nedideliame distiliatoriuje, esan\u010diame pa\u010diame ro\u017eyne. Ro\u017ei\u0173 \u017eiedai skinami ne pramoniniu b\u016bdu, bet rankomis. Distiliavimui naudojamas po\u017eeminis vanduo i\u0161 Balkan\u0173 kaln\u0173, pumpuojamas i\u0161 75 m po \u017eeme.<\/span><\/p>\n<p><span data-sheets-value=\"{&quot;1&quot;:2,&quot;2&quot;:&quot;Levand\u0173 vanduo (hidrolatas). Kilm\u0117s \u0161alis - Bulgarija. \u0160eimos \u016bkio g\u0117li\u0173 sodai driekiasi Kazanlako sl\u0117nyje, kaln\u0173 pap\u0117d\u0117je, distiliuoja savo turimoje distiliatorin\u0117je, kur \u017eiedai distiliuojami i\u0161karto nuskynus juos. Tai ne pramoninis skynimas, o rankomis skinami \u017eiedai. \u0160io \u016bkio prioritetai yra aplinkosauga, saugios darbo s\u0105lygos bei auk\u0161\u010diausios kokyb\u0117s produktai. \\nPasirinkti: (100 ml (su purk\u0161tuku) - 6 Eur, 1 litras - 30 Eur)&quot;}\" data-sheets-userformat=\"{&quot;2&quot;:15359,&quot;3&quot;:{&quot;1&quot;:0},&quot;4&quot;:[null,2,16777215],&quot;5&quot;:{&quot;1&quot;:[{&quot;1&quot;:2,&quot;2&quot;:0,&quot;5&quot;:[null,2,0]},{&quot;1&quot;:0,&quot;2&quot;:0,&quot;3&quot;:3},{&quot;1&quot;:1,&quot;2&quot;:0,&quot;4&quot;:1}]},&quot;6&quot;:{&quot;1&quot;:[{&quot;1&quot;:2,&quot;2&quot;:0,&quot;5&quot;:[null,2,0]},{&quot;1&quot;:0,&quot;2&quot;:0,&quot;3&quot;:3},{&quot;1&quot;:1,&quot;2&quot;:0,&quot;4&quot;:1}]},&quot;7&quot;:{&quot;1&quot;:[{&quot;1&quot;:2,&quot;2&quot;:0,&quot;5&quot;:[null,2,0]},{&quot;1&quot;:0,&quot;2&quot;:0,&quot;3&quot;:3},{&quot;1&quot;:1,&quot;2&quot;:0,&quot;4&quot;:1}]},&quot;8&quot;:{&quot;1&quot;:[{&quot;1&quot;:2,&quot;2&quot;:0,&quot;5&quot;:[null,2,0]},{&quot;1&quot;:0,&quot;2&quot;:0,&quot;3&quot;:3},{&quot;1&quot;:1,&quot;2&quot;:0,&quot;4&quot;:1}]},&quot;9&quot;:0,&quot;10&quot;:1,&quot;11&quot;:4,&quot;12&quot;:0,&quot;14&quot;:[null,2,0],&quot;15&quot;:&quot;Arial&quot;,&quot;16&quot;:11}\">100 ml hidrolatas fasuojamas \u012f rudo stiklo buteliuk\u0105 su purk\u0161tuku.\u00a0 1 litro hidrolatas fasuojamas \u012f bute<\/span><span data-sheets-value=\"{&quot;1&quot;:2,&quot;2&quot;:&quot;Levand\u0173 vanduo (hidrolatas). Kilm\u0117s \u0161alis - Bulgarija. \u0160eimos \u016bkio g\u0117li\u0173 sodai driekiasi Kazanlako sl\u0117nyje, kaln\u0173 pap\u0117d\u0117je, distiliuoja savo turimoje distiliatorin\u0117je, kur \u017eiedai distiliuojami i\u0161karto nuskynus juos. Tai ne pramoninis skynimas, o rankomis skinami \u017eiedai. \u0160io \u016bkio prioritetai yra aplinkosauga, saugios darbo s\u0105lygos bei auk\u0161\u010diausios kokyb\u0117s produktai. \\nPasirinkti: (100 ml (su purk\u0161tuku) - 6 Eur, 1 litras - 30 Eur)&quot;}\" data-sheets-userformat=\"{&quot;2&quot;:15359,&quot;3&quot;:{&quot;1&quot;:0},&quot;4&quot;:[null,2,16777215],&quot;5&quot;:{&quot;1&quot;:[{&quot;1&quot;:2,&quot;2&quot;:0,&quot;5&quot;:[null,2,0]},{&quot;1&quot;:0,&quot;2&quot;:0,&quot;3&quot;:3},{&quot;1&quot;:1,&quot;2&quot;:0,&quot;4&quot;:1}]},&quot;6&quot;:{&quot;1&quot;:[{&quot;1&quot;:2,&quot;2&quot;:0,&quot;5&quot;:[null,2,0]},{&quot;1&quot;:0,&quot;2&quot;:0,&quot;3&quot;:3},{&quot;1&quot;:1,&quot;2&quot;:0,&quot;4&quot;:1}]},&quot;7&quot;:{&quot;1&quot;:[{&quot;1&quot;:2,&quot;2&quot;:0,&quot;5&quot;:[null,2,0]},{&quot;1&quot;:0,&quot;2&quot;:0,&quot;3&quot;:3},{&quot;1&quot;:1,&quot;2&quot;:0,&quot;4&quot;:1}]},&quot;8&quot;:{&quot;1&quot;:[{&quot;1&quot;:2,&quot;2&quot;:0,&quot;5&quot;:[null,2,0]},{&quot;1&quot;:0,&quot;2&quot;:0,&quot;3&quot;:3},{&quot;1&quot;:1,&quot;2&quot;:0,&quot;4&quot;:1}]},&quot;9&quot;:0,&quot;10&quot;:1,&quot;11&quot;:4,&quot;12&quot;:0,&quot;14&quot;:[null,2,0],&quot;15&quot;:&quot;Arial&quot;,&quot;16&quot;:11}\">l\u012f su gaubteliu, 250 ml fasuojamas \u012f plastikin\u012f rud\u0105 butel\u012f, 300\u00a0 ml hidrolatas fasuojamas \u012f tams\u0173 stiklin\u012f butel\u012f su gaubteliu. N<\/span>orint u\u017esakyti papildomai buteliuk\u0105 su purk\u0161tuku, reikia atskirai u\u017esakyti parduotuv\u0117s &#8222;Tara&#8221; kategorijoje.<\/p>\n<p><strong>G\u0117li\u0173 vanden\u012f geriausia laikyti v\u0117sioje vietoje.<\/strong><\/p>\n<p>&nbsp;<\/p>\n<p>&nbsp;<\/p>","protected":false},"featured_media":5330,"comment_status":"open","ping_status":"closed","template":"","meta":[],"product_brand":[],"product_cat":[70],"product_tag":[112,111],"class_list":{"0":"post-3834","1":"product","2":"type-product","3":"status-publish","4":"has-post-thumbnail","6":"product_cat-zaliava","7":"product_tag-roziu-hidrolatas","8":"product_tag-roziu-vanduo","10":"first","11":"instock","12":"shipping-taxable","13":"purchasable","14":"product-type-variable","15":"has-default-attributes"},"yoast_head":"<!-- This site is optimized with the Yoast SEO plugin v24.8.1 - https:\/\/yoast.com\/wordpress\/plugins\/seo\/ -->\n<title>Damaskini\u0173 ro\u017ei\u0173 hidrolatas - Levand\u0173 pieva<\/title>\n<meta name=\"robots\" content=\"index, follow, max-snippet:-1, max-image-preview:large, max-video-preview:-1\" \/>\n<link rel=\"canonical\" href=\"https:\/\/levandupieva.lt\/en\/product\/damaskiniu-roziu-hidrolatas\/\" \/>\n<meta property=\"og:locale\" content=\"en_GB\" \/>\n<meta property=\"og:type\" content=\"article\" \/>\n<meta property=\"og:title\" content=\"Damaskini\u0173 ro\u017ei\u0173 hidrolatas - Levand\u0173 pieva\" \/>\n<meta property=\"og:description\" content=\"Damaskini\u0173 ro\u017ei\u0173 vanduo (hidrolatas). Kilm\u0117s \u0161alis - Bulgarija. \u00a0\u0160io \u016bkio g\u0117li\u0173 sodai driekiasi Kazanlako sl\u0117nyje, kaln\u0173 pap\u0117d\u0117je, distiliuoja savo turimame nedideliame distiliatoriuje, esan\u010diame pa\u010diame ro\u017eyne. Ro\u017ei\u0173 \u017eiedai skinami ne pramoniniu b\u016bdu, bet rankomis. Distiliavimui naudojamas po\u017eeminis vanduo i\u0161 Balkan\u0173 kaln\u0173, pumpuojamas i\u0161 75 m po \u017eeme. 100 ml hidrolatas fasuojamas \u012f rudo stiklo buteliuk\u0105 su purk\u0161tuku.\u00a0 1 litro hidrolatas fasuojamas \u012f butel\u012f su gaubteliu, 250 ml fasuojamas \u012f plastikin\u012f rud\u0105 butel\u012f, 300\u00a0 ml hidrolatas fasuojamas \u012f tams\u0173 stiklin\u012f butel\u012f su gaubteliu. Norint u\u017esakyti papildomai buteliuk\u0105 su purk\u0161tuku, reikia atskirai u\u017esakyti parduotuv\u0117s &quot;Tara&quot; kategorijoje.  G\u0117li\u0173 vanden\u012f geriausia laikyti v\u0117sioje vietoje.  &nbsp;  &nbsp;\" \/>\n<meta property=\"og:url\" content=\"https:\/\/levandupieva.lt\/en\/product\/damaskiniu-roziu-hidrolatas\/\" \/>\n<meta property=\"og:site_name\" content=\"Levand\u0173 pieva\" \/>\n<meta property=\"article:publisher\" content=\"https:\/\/www.facebook.com\/Levandupieva\" \/>\n<meta property=\"article:modified_time\" content=\"2026-04-14T07:54:19+00:00\" \/>\n<meta property=\"og:image\" content=\"https:\/\/levandupieva.lt\/wp-content\/uploads\/2021\/04\/rozes9.jpg\" \/>\n\t<meta property=\"og:image:width\" content=\"800\" \/>\n\t<meta property=\"og:image:height\" content=\"1200\" \/>\n\t<meta property=\"og:image:type\" content=\"image\/jpeg\" \/>\n<meta name=\"twitter:card\" content=\"summary_large_image\" \/>\n<meta name=\"twitter:label1\" content=\"Estimated reading time\" \/>\n\t<meta name=\"twitter:data1\" content=\"1 minute\" \/>\n<script type=\"application\/ld+json\" class=\"yoast-schema-graph\">{\"@context\":\"https:\/\/schema.org\",\"@graph\":[{\"@type\":\"WebPage\",\"@id\":\"https:\/\/levandupieva.lt\/produktas\/damaskiniu-roziu-hidrolatas\/\",\"url\":\"https:\/\/levandupieva.lt\/produktas\/damaskiniu-roziu-hidrolatas\/\",\"name\":\"Damaskini\u0173 ro\u017ei\u0173 hidrolatas - Levand\u0173 pieva\",\"isPartOf\":{\"@id\":\"https:\/\/levandupieva.lt\/#website\"},\"primaryImageOfPage\":{\"@id\":\"https:\/\/levandupieva.lt\/produktas\/damaskiniu-roziu-hidrolatas\/#primaryimage\"},\"image\":{\"@id\":\"https:\/\/levandupieva.lt\/produktas\/damaskiniu-roziu-hidrolatas\/#primaryimage\"},\"thumbnailUrl\":\"https:\/\/levandupieva.lt\/wp-content\/uploads\/2021\/04\/rozes9.jpg\",\"datePublished\":\"2021-04-05T09:56:27+00:00\",\"dateModified\":\"2026-04-14T07:54:19+00:00\",\"breadcrumb\":{\"@id\":\"https:\/\/levandupieva.lt\/produktas\/damaskiniu-roziu-hidrolatas\/#breadcrumb\"},\"inLanguage\":\"en-GB\",\"potentialAction\":[{\"@type\":\"ReadAction\",\"target\":[\"https:\/\/levandupieva.lt\/produktas\/damaskiniu-roziu-hidrolatas\/\"]}]},{\"@type\":\"ImageObject\",\"inLanguage\":\"en-GB\",\"@id\":\"https:\/\/levandupieva.lt\/produktas\/damaskiniu-roziu-hidrolatas\/#primaryimage\",\"url\":\"https:\/\/levandupieva.lt\/wp-content\/uploads\/2021\/04\/rozes9.jpg\",\"contentUrl\":\"https:\/\/levandupieva.lt\/wp-content\/uploads\/2021\/04\/rozes9.jpg\",\"width\":800,\"height\":1200},{\"@type\":\"BreadcrumbList\",\"@id\":\"https:\/\/levandupieva.lt\/produktas\/damaskiniu-roziu-hidrolatas\/#breadcrumb\",\"itemListElement\":[{\"@type\":\"ListItem\",\"position\":1,\"name\":\"Home\",\"item\":\"https:\/\/levandupieva.lt\/\"},{\"@type\":\"ListItem\",\"position\":2,\"name\":\"Parduotuv\u0117\",\"item\":\"https:\/\/levandupieva.lt\/parduotuve\/\"},{\"@type\":\"ListItem\",\"position\":3,\"name\":\"Damaskini\u0173 ro\u017ei\u0173 hidrolatas\"}]},{\"@type\":\"WebSite\",\"@id\":\"https:\/\/levandupieva.lt\/#website\",\"url\":\"https:\/\/levandupieva.lt\/\",\"name\":\"Levand\u0173 pieva\",\"description\":\"\",\"publisher\":{\"@id\":\"https:\/\/levandupieva.lt\/#organization\"},\"potentialAction\":[{\"@type\":\"SearchAction\",\"target\":{\"@type\":\"EntryPoint\",\"urlTemplate\":\"https:\/\/levandupieva.lt\/?s={search_term_string}\"},\"query-input\":{\"@type\":\"PropertyValueSpecification\",\"valueRequired\":true,\"valueName\":\"search_term_string\"}}],\"inLanguage\":\"en-GB\"},{\"@type\":\"Organization\",\"@id\":\"https:\/\/levandupieva.lt\/#organization\",\"name\":\"Levan\u0173 Pieva\",\"url\":\"https:\/\/levandupieva.lt\/\",\"logo\":{\"@type\":\"ImageObject\",\"inLanguage\":\"en-GB\",\"@id\":\"https:\/\/levandupieva.lt\/#\/schema\/logo\/image\/\",\"url\":\"https:\/\/levandupieva.lt\/wp-content\/uploads\/2021\/03\/cropped-logo-e1446013442350.png\",\"contentUrl\":\"https:\/\/levandupieva.lt\/wp-content\/uploads\/2021\/03\/cropped-logo-e1446013442350.png\",\"width\":654,\"height\":287,\"caption\":\"Levan\u0173 Pieva\"},\"image\":{\"@id\":\"https:\/\/levandupieva.lt\/#\/schema\/logo\/image\/\"},\"sameAs\":[\"https:\/\/www.facebook.com\/Levandupieva\"]}]}<\/script>\n<!-- \/ Yoast SEO plugin. -->","yoast_head_json":{"title":"Damaskini\u0173 ro\u017ei\u0173 hidrolatas - Levand\u0173 pieva","robots":{"index":"index","follow":"follow","max-snippet":"max-snippet:-1","max-image-preview":"max-image-preview:large","max-video-preview":"max-video-preview:-1"},"canonical":"https:\/\/levandupieva.lt\/en\/product\/damaskiniu-roziu-hidrolatas\/","og_locale":"en_GB","og_type":"article","og_title":"Damaskini\u0173 ro\u017ei\u0173 hidrolatas - Levand\u0173 pieva","og_description":"Damaskini\u0173 ro\u017ei\u0173 vanduo (hidrolatas). Kilm\u0117s \u0161alis - Bulgarija. \u00a0\u0160io \u016bkio g\u0117li\u0173 sodai driekiasi Kazanlako sl\u0117nyje, kaln\u0173 pap\u0117d\u0117je, distiliuoja savo turimame nedideliame distiliatoriuje, esan\u010diame pa\u010diame ro\u017eyne. Ro\u017ei\u0173 \u017eiedai skinami ne pramoniniu b\u016bdu, bet rankomis. Distiliavimui naudojamas po\u017eeminis vanduo i\u0161 Balkan\u0173 kaln\u0173, pumpuojamas i\u0161 75 m po \u017eeme. 100 ml hidrolatas fasuojamas \u012f rudo stiklo buteliuk\u0105 su purk\u0161tuku.\u00a0 1 litro hidrolatas fasuojamas \u012f butel\u012f su gaubteliu, 250 ml fasuojamas \u012f plastikin\u012f rud\u0105 butel\u012f, 300\u00a0 ml hidrolatas fasuojamas \u012f tams\u0173 stiklin\u012f butel\u012f su gaubteliu. Norint u\u017esakyti papildomai buteliuk\u0105 su purk\u0161tuku, reikia atskirai u\u017esakyti parduotuv\u0117s \"Tara\" kategorijoje.  G\u0117li\u0173 vanden\u012f geriausia laikyti v\u0117sioje vietoje.  &nbsp;  &nbsp;","og_url":"https:\/\/levandupieva.lt\/en\/product\/damaskiniu-roziu-hidrolatas\/","og_site_name":"Levand\u0173 pieva","article_publisher":"https:\/\/www.facebook.com\/Levandupieva","article_modified_time":"2026-04-14T07:54:19+00:00","og_image":[{"width":800,"height":1200,"url":"https:\/\/levandupieva.lt\/wp-content\/uploads\/2021\/04\/rozes9.jpg","type":"image\/jpeg"}],"twitter_card":"summary_large_image","twitter_misc":{"Estimated reading time":"1 minute"},"schema":{"@context":"https:\/\/schema.org","@graph":[{"@type":"WebPage","@id":"https:\/\/levandupieva.lt\/produktas\/damaskiniu-roziu-hidrolatas\/","url":"https:\/\/levandupieva.lt\/produktas\/damaskiniu-roziu-hidrolatas\/","name":"Damaskini\u0173 ro\u017ei\u0173 hidrolatas - Levand\u0173 pieva","isPartOf":{"@id":"https:\/\/levandupieva.lt\/#website"},"primaryImageOfPage":{"@id":"https:\/\/levandupieva.lt\/produktas\/damaskiniu-roziu-hidrolatas\/#primaryimage"},"image":{"@id":"https:\/\/levandupieva.lt\/produktas\/damaskiniu-roziu-hidrolatas\/#primaryimage"},"thumbnailUrl":"https:\/\/levandupieva.lt\/wp-content\/uploads\/2021\/04\/rozes9.jpg","datePublished":"2021-04-05T09:56:27+00:00","dateModified":"2026-04-14T07:54:19+00:00","breadcrumb":{"@id":"https:\/\/levandupieva.lt\/produktas\/damaskiniu-roziu-hidrolatas\/#breadcrumb"},"inLanguage":"en-GB","potentialAction":[{"@type":"ReadAction","target":["https:\/\/levandupieva.lt\/produktas\/damaskiniu-roziu-hidrolatas\/"]}]},{"@type":"ImageObject","inLanguage":"en-GB","@id":"https:\/\/levandupieva.lt\/produktas\/damaskiniu-roziu-hidrolatas\/#primaryimage","url":"https:\/\/levandupieva.lt\/wp-content\/uploads\/2021\/04\/rozes9.jpg","contentUrl":"https:\/\/levandupieva.lt\/wp-content\/uploads\/2021\/04\/rozes9.jpg","width":800,"height":1200},{"@type":"BreadcrumbList","@id":"https:\/\/levandupieva.lt\/produktas\/damaskiniu-roziu-hidrolatas\/#breadcrumb","itemListElement":[{"@type":"ListItem","position":1,"name":"Home","item":"https:\/\/levandupieva.lt\/"},{"@type":"ListItem","position":2,"name":"Parduotuv\u0117","item":"https:\/\/levandupieva.lt\/parduotuve\/"},{"@type":"ListItem","position":3,"name":"Damaskini\u0173 ro\u017ei\u0173 hidrolatas"}]},{"@type":"WebSite","@id":"https:\/\/levandupieva.lt\/#website","url":"https:\/\/levandupieva.lt\/","name":"Levand\u0173 pieva","description":"","publisher":{"@id":"https:\/\/levandupieva.lt\/#organization"},"potentialAction":[{"@type":"SearchAction","target":{"@type":"EntryPoint","urlTemplate":"https:\/\/levandupieva.lt\/?s={search_term_string}"},"query-input":{"@type":"PropertyValueSpecification","valueRequired":true,"valueName":"search_term_string"}}],"inLanguage":"en-GB"},{"@type":"Organization","@id":"https:\/\/levandupieva.lt\/#organization","name":"Levan\u0173 Pieva","url":"https:\/\/levandupieva.lt\/","logo":{"@type":"ImageObject","inLanguage":"en-GB","@id":"https:\/\/levandupieva.lt\/#\/schema\/logo\/image\/","url":"https:\/\/levandupieva.lt\/wp-content\/uploads\/2021\/03\/cropped-logo-e1446013442350.png","contentUrl":"https:\/\/levandupieva.lt\/wp-content\/uploads\/2021\/03\/cropped-logo-e1446013442350.png","width":654,"height":287,"caption":"Levan\u0173 Pieva"},"image":{"@id":"https:\/\/levandupieva.lt\/#\/schema\/logo\/image\/"},"sameAs":["https:\/\/www.facebook.com\/Levandupieva"]}]}},"_links":{"self":[{"href":"https:\/\/levandupieva.lt\/en\/wp-json\/wp\/v2\/product\/3834","targetHints":{"allow":["GET"]}}],"collection":[{"href":"https:\/\/levandupieva.lt\/en\/wp-json\/wp\/v2\/product"}],"about":[{"href":"https:\/\/levandupieva.lt\/en\/wp-json\/wp\/v2\/types\/product"}],"replies":[{"embeddable":true,"href":"https:\/\/levandupieva.lt\/en\/wp-json\/wp\/v2\/comments?post=3834"}],"wp:featuredmedia":[{"embeddable":true,"href":"https:\/\/levandupieva.lt\/en\/wp-json\/wp\/v2\/media\/5330"}],"wp:attachment":[{"href":"https:\/\/levandupieva.lt\/en\/wp-json\/wp\/v2\/media?parent=3834"}],"wp:term":[{"taxonomy":"product_brand","embeddable":true,"href":"https:\/\/levandupieva.lt\/en\/wp-json\/wp\/v2\/product_brand?post=3834"},{"taxonomy":"product_cat","embeddable":true,"href":"https:\/\/levandupieva.lt\/en\/wp-json\/wp\/v2\/product_cat?post=3834"},{"taxonomy":"product_tag","embeddable":true,"href":"https:\/\/levandupieva.lt\/en\/wp-json\/wp\/v2\/product_tag?post=3834"}],"curies":[{"name":"wp","href":"https:\/\/api.w.org\/{rel}","templated":true}]}}