{"id":3842,"date":"2021-04-05T10:02:32","date_gmt":"2021-04-05T10:02:32","guid":{"rendered":"https:\/\/levandupieva.lt\/?post_type=product&#038;p=3842"},"modified":"2025-01-11T14:38:55","modified_gmt":"2025-01-11T14:38:55","slug":"levandu-kvapu-maiselis","status":"publish","type":"product","link":"https:\/\/levandupieva.lt\/en\/product\/levandu-kvapu-maiselis\/","title":{"rendered":"Levand\u0173 kvap\u0173 mai\u0161elis."},"content":{"rendered":"<p><span data-sheets-value=\"{&quot;1&quot;:2,&quot;2&quot;:&quot;Rank\u0173 darbo kvapusis mai\u0161elis pripildytas levand\u0173 (lot. lavandula angustifolia) \u017eiedais i\u0161 saul\u0117tojo Kipro bei papuo\u0161tas er\u0161k\u0117tuogi\u0173 bei ro\u017ei\u0173 \u017eiedlapiais. Tinka kv\u0117pinti J\u016bs\u0173 spintas, skalbini\u0173 ar bat\u0173 spintel\u0117s, lagaminus, stal\u010dius, pad\u0117ti \u0161alia vaik\u0173 lovy\u010di\u0173 - vaikai ramiau miegos, ar tiesiog pasikabinti automobilyje. Mai\u0161el\u012f reik\u0117t\u0173 karts nuo karto pakedenti, kad levand\u0173 \u017eieduose esantys eteriniai aliejai v\u0117l gal\u0117t\u0173 \u0161velniai atsiskleisti. Mai\u0161iuko: ilgis: 11 cm, plotis: 6 cm.&quot;}\" data-sheets-userformat=\"{&quot;2&quot;:14847,&quot;3&quot;:{&quot;1&quot;:0,&quot;3&quot;:1},&quot;4&quot;:[null,2,16777215],&quot;5&quot;:{&quot;1&quot;:[{&quot;1&quot;:2,&quot;2&quot;:0,&quot;5&quot;:[null,2,0]},{&quot;1&quot;:0,&quot;2&quot;:0,&quot;3&quot;:3},{&quot;1&quot;:1,&quot;2&quot;:0,&quot;4&quot;:1}]},&quot;6&quot;:{&quot;1&quot;:[{&quot;1&quot;:2,&quot;2&quot;:0,&quot;5&quot;:[null,2,0]},{&quot;1&quot;:0,&quot;2&quot;:0,&quot;3&quot;:3},{&quot;1&quot;:1,&quot;2&quot;:0,&quot;4&quot;:1}]},&quot;7&quot;:{&quot;1&quot;:[{&quot;1&quot;:2,&quot;2&quot;:0,&quot;5&quot;:[null,2,0]},{&quot;1&quot;:0,&quot;2&quot;:0,&quot;3&quot;:3},{&quot;1&quot;:1,&quot;2&quot;:0,&quot;4&quot;:1}]},&quot;8&quot;:{&quot;1&quot;:[{&quot;1&quot;:2,&quot;2&quot;:0,&quot;5&quot;:[null,2,0]},{&quot;1&quot;:0,&quot;2&quot;:0,&quot;3&quot;:3},{&quot;1&quot;:1,&quot;2&quot;:0,&quot;4&quot;:1}]},&quot;9&quot;:0,&quot;10&quot;:1,&quot;11&quot;:4,&quot;14&quot;:[null,2,0],&quot;15&quot;:&quot;Arial&quot;,&quot;16&quot;:11}\">Rank\u0173 darbo kvapusis mai\u0161elis pripildytas levand\u0173 (lot. lavandula angustifolia) \u017eiedais i\u0161 saul\u0117tojo Kipro <\/span>bei papuo\u0161tas er\u0161k\u0117tuogi\u0173 bei ro\u017ei\u0173 \u017eiedlapiais <span data-sheets-value=\"{&quot;1&quot;:2,&quot;2&quot;:&quot;Rank\u0173 darbo kvapusis mai\u0161elis pripildytas levand\u0173 (lot. lavandula angustifolia) \u017eiedais i\u0161 saul\u0117tojo Kipro bei papuo\u0161tas er\u0161k\u0117tuogi\u0173 bei ro\u017ei\u0173 \u017eiedlapiais. Tinka kv\u0117pinti J\u016bs\u0173 spintas, skalbini\u0173 ar bat\u0173 spintel\u0117s, lagaminus, stal\u010dius, pad\u0117ti \u0161alia vaik\u0173 lovy\u010di\u0173 - vaikai ramiau miegos, ar tiesiog pasikabinti automobilyje. Mai\u0161el\u012f reik\u0117t\u0173 karts nuo karto pakedenti, kad levand\u0173 \u017eieduose esantys eteriniai aliejai v\u0117l gal\u0117t\u0173 \u0161velniai atsiskleisti. Mai\u0161iuko: ilgis: 11 cm, plotis: 6 cm.&quot;}\" data-sheets-userformat=\"{&quot;2&quot;:14847,&quot;3&quot;:{&quot;1&quot;:0,&quot;3&quot;:1},&quot;4&quot;:[null,2,16777215],&quot;5&quot;:{&quot;1&quot;:[{&quot;1&quot;:2,&quot;2&quot;:0,&quot;5&quot;:[null,2,0]},{&quot;1&quot;:0,&quot;2&quot;:0,&quot;3&quot;:3},{&quot;1&quot;:1,&quot;2&quot;:0,&quot;4&quot;:1}]},&quot;6&quot;:{&quot;1&quot;:[{&quot;1&quot;:2,&quot;2&quot;:0,&quot;5&quot;:[null,2,0]},{&quot;1&quot;:0,&quot;2&quot;:0,&quot;3&quot;:3},{&quot;1&quot;:1,&quot;2&quot;:0,&quot;4&quot;:1}]},&quot;7&quot;:{&quot;1&quot;:[{&quot;1&quot;:2,&quot;2&quot;:0,&quot;5&quot;:[null,2,0]},{&quot;1&quot;:0,&quot;2&quot;:0,&quot;3&quot;:3},{&quot;1&quot;:1,&quot;2&quot;:0,&quot;4&quot;:1}]},&quot;8&quot;:{&quot;1&quot;:[{&quot;1&quot;:2,&quot;2&quot;:0,&quot;5&quot;:[null,2,0]},{&quot;1&quot;:0,&quot;2&quot;:0,&quot;3&quot;:3},{&quot;1&quot;:1,&quot;2&quot;:0,&quot;4&quot;:1}]},&quot;9&quot;:0,&quot;10&quot;:1,&quot;11&quot;:4,&quot;14&quot;:[null,2,0],&quot;15&quot;:&quot;Arial&quot;,&quot;16&quot;:11}\"><strong>(\u0161ios \u0161alies levandos a\u0161tresnio kvapo nei lietuvi\u0161kos levandos).<\/strong> Tinka kv\u0117pinti J\u016bs\u0173 spintas, skalbini\u0173 ar bat\u0173 spintel\u0117s, lagaminus, stal\u010dius, pad\u0117ti \u0161alia vaik\u0173 lovy\u010di\u0173 &#8211; vaikai ramiau miegos <strong>(miegui dar labiau tinka pagalvi\u0173 \u012fd\u0117kliukai su \u0161velnesnio kvapo lietuvi\u0161komis levandomis (\u017er. produkt\u0105 prie k\u016brybos &#8222;Levand\u0173 kvap\u0173 pagalv\u0117s \u012fd\u0117kliukas&#8221;))<\/strong><\/span><span data-sheets-value=\"{&quot;1&quot;:2,&quot;2&quot;:&quot;Rank\u0173 darbo kvapusis mai\u0161elis pripildytas levand\u0173 (lot. lavandula angustifolia) \u017eiedais i\u0161 saul\u0117tojo Kipro bei papuo\u0161tas er\u0161k\u0117tuogi\u0173 bei ro\u017ei\u0173 \u017eiedlapiais. Tinka kv\u0117pinti J\u016bs\u0173 spintas, skalbini\u0173 ar bat\u0173 spintel\u0117s, lagaminus, stal\u010dius, pad\u0117ti \u0161alia vaik\u0173 lovy\u010di\u0173 - vaikai ramiau miegos, ar tiesiog pasikabinti automobilyje. Mai\u0161el\u012f reik\u0117t\u0173 karts nuo karto pakedenti, kad levand\u0173 \u017eieduose esantys eteriniai aliejai v\u0117l gal\u0117t\u0173 \u0161velniai atsiskleisti. Mai\u0161iuko: ilgis: 11 cm, plotis: 6 cm.&quot;}\" data-sheets-userformat=\"{&quot;2&quot;:14847,&quot;3&quot;:{&quot;1&quot;:0,&quot;3&quot;:1},&quot;4&quot;:[null,2,16777215],&quot;5&quot;:{&quot;1&quot;:[{&quot;1&quot;:2,&quot;2&quot;:0,&quot;5&quot;:[null,2,0]},{&quot;1&quot;:0,&quot;2&quot;:0,&quot;3&quot;:3},{&quot;1&quot;:1,&quot;2&quot;:0,&quot;4&quot;:1}]},&quot;6&quot;:{&quot;1&quot;:[{&quot;1&quot;:2,&quot;2&quot;:0,&quot;5&quot;:[null,2,0]},{&quot;1&quot;:0,&quot;2&quot;:0,&quot;3&quot;:3},{&quot;1&quot;:1,&quot;2&quot;:0,&quot;4&quot;:1}]},&quot;7&quot;:{&quot;1&quot;:[{&quot;1&quot;:2,&quot;2&quot;:0,&quot;5&quot;:[null,2,0]},{&quot;1&quot;:0,&quot;2&quot;:0,&quot;3&quot;:3},{&quot;1&quot;:1,&quot;2&quot;:0,&quot;4&quot;:1}]},&quot;8&quot;:{&quot;1&quot;:[{&quot;1&quot;:2,&quot;2&quot;:0,&quot;5&quot;:[null,2,0]},{&quot;1&quot;:0,&quot;2&quot;:0,&quot;3&quot;:3},{&quot;1&quot;:1,&quot;2&quot;:0,&quot;4&quot;:1}]},&quot;9&quot;:0,&quot;10&quot;:1,&quot;11&quot;:4,&quot;14&quot;:[null,2,0],&quot;15&quot;:&quot;Arial&quot;,&quot;16&quot;:11}\">, ar tiesiog pasikabinti automobilyje. Mai\u0161el\u012f reik\u0117t\u0173 karts nuo karto pakedenti, kad levand\u0173 \u017eieduose esantys eteriniai aliejai v\u0117l gal\u0117t\u0173 \u0161velniai atsiskleisti. Mai\u0161iuko: ilgis: 12 cm, plotis: 6 cm.<\/span><\/p>\n<p><em>Reali preki\u0173 i\u0161vaizda gali skirtis nuo nuotraukoje pavaizduotos prek\u0117s.<\/em><\/p>","protected":false},"excerpt":{"rendered":"<p><span data-sheets-value=\"{&quot;1&quot;:2,&quot;2&quot;:&quot;Rank\u0173 darbo kvapusis mai\u0161elis pripildytas levand\u0173 (lot. lavandula angustifolia) \u017eiedais i\u0161 saul\u0117tojo Kipro bei papuo\u0161tas er\u0161k\u0117tuogi\u0173 bei ro\u017ei\u0173 \u017eiedlapiais. Tinka kv\u0117pinti J\u016bs\u0173 spintas, skalbini\u0173 ar bat\u0173 spintel\u0117s, lagaminus, stal\u010dius, pad\u0117ti \u0161alia vaik\u0173 lovy\u010di\u0173 - vaikai ramiau miegos, ar tiesiog pasikabinti automobilyje. Mai\u0161el\u012f reik\u0117t\u0173 karts nuo karto pakedenti, kad levand\u0173 \u017eieduose esantys eteriniai aliejai v\u0117l gal\u0117t\u0173 \u0161velniai atsiskleisti. Mai\u0161iuko: ilgis: 11 cm, plotis: 6 cm.&quot;}\" data-sheets-userformat=\"{&quot;2&quot;:14847,&quot;3&quot;:{&quot;1&quot;:0,&quot;3&quot;:1},&quot;4&quot;:[null,2,16777215],&quot;5&quot;:{&quot;1&quot;:[{&quot;1&quot;:2,&quot;2&quot;:0,&quot;5&quot;:[null,2,0]},{&quot;1&quot;:0,&quot;2&quot;:0,&quot;3&quot;:3},{&quot;1&quot;:1,&quot;2&quot;:0,&quot;4&quot;:1}]},&quot;6&quot;:{&quot;1&quot;:[{&quot;1&quot;:2,&quot;2&quot;:0,&quot;5&quot;:[null,2,0]},{&quot;1&quot;:0,&quot;2&quot;:0,&quot;3&quot;:3},{&quot;1&quot;:1,&quot;2&quot;:0,&quot;4&quot;:1}]},&quot;7&quot;:{&quot;1&quot;:[{&quot;1&quot;:2,&quot;2&quot;:0,&quot;5&quot;:[null,2,0]},{&quot;1&quot;:0,&quot;2&quot;:0,&quot;3&quot;:3},{&quot;1&quot;:1,&quot;2&quot;:0,&quot;4&quot;:1}]},&quot;8&quot;:{&quot;1&quot;:[{&quot;1&quot;:2,&quot;2&quot;:0,&quot;5&quot;:[null,2,0]},{&quot;1&quot;:0,&quot;2&quot;:0,&quot;3&quot;:3},{&quot;1&quot;:1,&quot;2&quot;:0,&quot;4&quot;:1}]},&quot;9&quot;:0,&quot;10&quot;:1,&quot;11&quot;:4,&quot;14&quot;:[null,2,0],&quot;15&quot;:&quot;Arial&quot;,&quot;16&quot;:11}\">Rank\u0173 darbo kvapusis mai\u0161elis pripildytas levand\u0173 (lot. lavandula angustifolia) \u017eiedais i\u0161 saul\u0117tojo Kipro <\/span>bei papuo\u0161tas er\u0161k\u0117tuogi\u0173 bei ro\u017ei\u0173 \u017eiedlapiais <span data-sheets-value=\"{&quot;1&quot;:2,&quot;2&quot;:&quot;Rank\u0173 darbo kvapusis mai\u0161elis pripildytas levand\u0173 (lot. lavandula angustifolia) \u017eiedais i\u0161 saul\u0117tojo Kipro bei papuo\u0161tas er\u0161k\u0117tuogi\u0173 bei ro\u017ei\u0173 \u017eiedlapiais. Tinka kv\u0117pinti J\u016bs\u0173 spintas, skalbini\u0173 ar bat\u0173 spintel\u0117s, lagaminus, stal\u010dius, pad\u0117ti \u0161alia vaik\u0173 lovy\u010di\u0173 - vaikai ramiau miegos, ar tiesiog pasikabinti automobilyje. Mai\u0161el\u012f reik\u0117t\u0173 karts nuo karto pakedenti, kad levand\u0173 \u017eieduose esantys eteriniai aliejai v\u0117l gal\u0117t\u0173 \u0161velniai atsiskleisti. Mai\u0161iuko: ilgis: 11 cm, plotis: 6 cm.&quot;}\" data-sheets-userformat=\"{&quot;2&quot;:14847,&quot;3&quot;:{&quot;1&quot;:0,&quot;3&quot;:1},&quot;4&quot;:[null,2,16777215],&quot;5&quot;:{&quot;1&quot;:[{&quot;1&quot;:2,&quot;2&quot;:0,&quot;5&quot;:[null,2,0]},{&quot;1&quot;:0,&quot;2&quot;:0,&quot;3&quot;:3},{&quot;1&quot;:1,&quot;2&quot;:0,&quot;4&quot;:1}]},&quot;6&quot;:{&quot;1&quot;:[{&quot;1&quot;:2,&quot;2&quot;:0,&quot;5&quot;:[null,2,0]},{&quot;1&quot;:0,&quot;2&quot;:0,&quot;3&quot;:3},{&quot;1&quot;:1,&quot;2&quot;:0,&quot;4&quot;:1}]},&quot;7&quot;:{&quot;1&quot;:[{&quot;1&quot;:2,&quot;2&quot;:0,&quot;5&quot;:[null,2,0]},{&quot;1&quot;:0,&quot;2&quot;:0,&quot;3&quot;:3},{&quot;1&quot;:1,&quot;2&quot;:0,&quot;4&quot;:1}]},&quot;8&quot;:{&quot;1&quot;:[{&quot;1&quot;:2,&quot;2&quot;:0,&quot;5&quot;:[null,2,0]},{&quot;1&quot;:0,&quot;2&quot;:0,&quot;3&quot;:3},{&quot;1&quot;:1,&quot;2&quot;:0,&quot;4&quot;:1}]},&quot;9&quot;:0,&quot;10&quot;:1,&quot;11&quot;:4,&quot;14&quot;:[null,2,0],&quot;15&quot;:&quot;Arial&quot;,&quot;16&quot;:11}\"><strong>(\u0161ios \u0161alies levandos a\u0161tresnio kvapo nei lietuvi\u0161kos levandos).<\/strong> Tinka kv\u0117pinti J\u016bs\u0173 spintas, skalbini\u0173 ar bat\u0173 spintel\u0117s, lagaminus, stal\u010dius, pad\u0117ti \u0161alia vaik\u0173 lovy\u010di\u0173 &#8211; vaikai ramiau miegos <strong>(miegui dar labiau tinka pagalvi\u0173 \u012fd\u0117kliukai su \u0161velnesnio kvapo lietuvi\u0161komis levandomis (\u017er. produkt\u0105 prie k\u016brybos &#8222;Levand\u0173 kvap\u0173 pagalv\u0117s \u012fd\u0117kliukas&#8221;))<\/strong><\/span><span data-sheets-value=\"{&quot;1&quot;:2,&quot;2&quot;:&quot;Rank\u0173 darbo kvapusis mai\u0161elis pripildytas levand\u0173 (lot. lavandula angustifolia) \u017eiedais i\u0161 saul\u0117tojo Kipro bei papuo\u0161tas er\u0161k\u0117tuogi\u0173 bei ro\u017ei\u0173 \u017eiedlapiais. Tinka kv\u0117pinti J\u016bs\u0173 spintas, skalbini\u0173 ar bat\u0173 spintel\u0117s, lagaminus, stal\u010dius, pad\u0117ti \u0161alia vaik\u0173 lovy\u010di\u0173 - vaikai ramiau miegos, ar tiesiog pasikabinti automobilyje. Mai\u0161el\u012f reik\u0117t\u0173 karts nuo karto pakedenti, kad levand\u0173 \u017eieduose esantys eteriniai aliejai v\u0117l gal\u0117t\u0173 \u0161velniai atsiskleisti. Mai\u0161iuko: ilgis: 11 cm, plotis: 6 cm.&quot;}\" data-sheets-userformat=\"{&quot;2&quot;:14847,&quot;3&quot;:{&quot;1&quot;:0,&quot;3&quot;:1},&quot;4&quot;:[null,2,16777215],&quot;5&quot;:{&quot;1&quot;:[{&quot;1&quot;:2,&quot;2&quot;:0,&quot;5&quot;:[null,2,0]},{&quot;1&quot;:0,&quot;2&quot;:0,&quot;3&quot;:3},{&quot;1&quot;:1,&quot;2&quot;:0,&quot;4&quot;:1}]},&quot;6&quot;:{&quot;1&quot;:[{&quot;1&quot;:2,&quot;2&quot;:0,&quot;5&quot;:[null,2,0]},{&quot;1&quot;:0,&quot;2&quot;:0,&quot;3&quot;:3},{&quot;1&quot;:1,&quot;2&quot;:0,&quot;4&quot;:1}]},&quot;7&quot;:{&quot;1&quot;:[{&quot;1&quot;:2,&quot;2&quot;:0,&quot;5&quot;:[null,2,0]},{&quot;1&quot;:0,&quot;2&quot;:0,&quot;3&quot;:3},{&quot;1&quot;:1,&quot;2&quot;:0,&quot;4&quot;:1}]},&quot;8&quot;:{&quot;1&quot;:[{&quot;1&quot;:2,&quot;2&quot;:0,&quot;5&quot;:[null,2,0]},{&quot;1&quot;:0,&quot;2&quot;:0,&quot;3&quot;:3},{&quot;1&quot;:1,&quot;2&quot;:0,&quot;4&quot;:1}]},&quot;9&quot;:0,&quot;10&quot;:1,&quot;11&quot;:4,&quot;14&quot;:[null,2,0],&quot;15&quot;:&quot;Arial&quot;,&quot;16&quot;:11}\">, ar tiesiog pasikabinti automobilyje. Mai\u0161el\u012f reik\u0117t\u0173 karts nuo karto pakedenti, kad levand\u0173 \u017eieduose esantys eteriniai aliejai v\u0117l gal\u0117t\u0173 \u0161velniai atsiskleisti. Mai\u0161iuko: ilgis: 12 cm, plotis: 6 cm.<\/span><\/p>\n<p><em>Reali preki\u0173 i\u0161vaizda gali skirtis nuo nuotraukoje pavaizduotos prek\u0117s.<\/em><\/p>","protected":false},"featured_media":3843,"comment_status":"open","ping_status":"closed","template":"","meta":[],"product_brand":[],"product_cat":[71],"product_tag":[],"class_list":{"0":"post-3842","1":"product","2":"type-product","3":"status-publish","4":"has-post-thumbnail","6":"product_cat-kuryba","8":"first","9":"instock","10":"shipping-taxable","11":"purchasable","12":"product-type-simple"},"yoast_head":"<!-- This site is optimized with the Yoast SEO plugin v24.8.1 - https:\/\/yoast.com\/wordpress\/plugins\/seo\/ -->\n<title>Levand\u0173 kvap\u0173 mai\u0161elis. - Levand\u0173 pieva<\/title>\n<meta name=\"robots\" content=\"index, follow, max-snippet:-1, max-image-preview:large, max-video-preview:-1\" \/>\n<link rel=\"canonical\" href=\"https:\/\/levandupieva.lt\/en\/product\/levandu-kvapu-maiselis\/\" \/>\n<meta property=\"og:locale\" content=\"en_GB\" \/>\n<meta property=\"og:type\" content=\"article\" \/>\n<meta property=\"og:title\" content=\"Levand\u0173 kvap\u0173 mai\u0161elis. - Levand\u0173 pieva\" \/>\n<meta property=\"og:description\" content=\"Rank\u0173 darbo kvapusis mai\u0161elis pripildytas levand\u0173 (lot. lavandula angustifolia) \u017eiedais i\u0161 saul\u0117tojo Kipro bei papuo\u0161tas er\u0161k\u0117tuogi\u0173 bei ro\u017ei\u0173 \u017eiedlapiais (\u0161ios \u0161alies levandos a\u0161tresnio kvapo nei lietuvi\u0161kos levandos). Tinka kv\u0117pinti J\u016bs\u0173 spintas, skalbini\u0173 ar bat\u0173 spintel\u0117s, lagaminus, stal\u010dius, pad\u0117ti \u0161alia vaik\u0173 lovy\u010di\u0173 - vaikai ramiau miegos (miegui dar labiau tinka pagalvi\u0173 \u012fd\u0117kliukai su \u0161velnesnio kvapo lietuvi\u0161komis levandomis (\u017er. produkt\u0105 prie k\u016brybos &quot;Levand\u0173 kvap\u0173 pagalv\u0117s \u012fd\u0117kliukas&quot;)), ar tiesiog pasikabinti automobilyje. Mai\u0161el\u012f reik\u0117t\u0173 karts nuo karto pakedenti, kad levand\u0173 \u017eieduose esantys eteriniai aliejai v\u0117l gal\u0117t\u0173 \u0161velniai atsiskleisti. Mai\u0161iuko: ilgis: 12 cm, plotis: 6 cm.  Reali preki\u0173 i\u0161vaizda gali skirtis nuo nuotraukoje pavaizduotos prek\u0117s.\" \/>\n<meta property=\"og:url\" content=\"https:\/\/levandupieva.lt\/en\/product\/levandu-kvapu-maiselis\/\" \/>\n<meta property=\"og:site_name\" content=\"Levand\u0173 pieva\" \/>\n<meta property=\"article:publisher\" content=\"https:\/\/www.facebook.com\/Levandupieva\" \/>\n<meta property=\"article:modified_time\" content=\"2025-01-11T14:38:55+00:00\" \/>\n<meta property=\"og:image\" content=\"https:\/\/levandupieva.lt\/wp-content\/uploads\/2021\/04\/levandu-kvapu-maiselis-e1619352473413.jpg\" \/>\n\t<meta property=\"og:image:width\" content=\"1080\" \/>\n\t<meta property=\"og:image:height\" content=\"1440\" \/>\n\t<meta property=\"og:image:type\" content=\"image\/jpeg\" \/>\n<meta name=\"twitter:card\" content=\"summary_large_image\" \/>\n<meta name=\"twitter:label1\" content=\"Estimated reading time\" \/>\n\t<meta name=\"twitter:data1\" content=\"1 minute\" \/>\n<script type=\"application\/ld+json\" class=\"yoast-schema-graph\">{\"@context\":\"https:\/\/schema.org\",\"@graph\":[{\"@type\":\"WebPage\",\"@id\":\"https:\/\/levandupieva.lt\/produktas\/levandu-kvapu-maiselis\/\",\"url\":\"https:\/\/levandupieva.lt\/produktas\/levandu-kvapu-maiselis\/\",\"name\":\"Levand\u0173 kvap\u0173 mai\u0161elis. - Levand\u0173 pieva\",\"isPartOf\":{\"@id\":\"https:\/\/levandupieva.lt\/#website\"},\"primaryImageOfPage\":{\"@id\":\"https:\/\/levandupieva.lt\/produktas\/levandu-kvapu-maiselis\/#primaryimage\"},\"image\":{\"@id\":\"https:\/\/levandupieva.lt\/produktas\/levandu-kvapu-maiselis\/#primaryimage\"},\"thumbnailUrl\":\"https:\/\/levandupieva.lt\/wp-content\/uploads\/2021\/04\/levandu-kvapu-maiselis-e1619352473413.jpg\",\"datePublished\":\"2021-04-05T10:02:32+00:00\",\"dateModified\":\"2025-01-11T14:38:55+00:00\",\"breadcrumb\":{\"@id\":\"https:\/\/levandupieva.lt\/produktas\/levandu-kvapu-maiselis\/#breadcrumb\"},\"inLanguage\":\"en-GB\",\"potentialAction\":[{\"@type\":\"ReadAction\",\"target\":[\"https:\/\/levandupieva.lt\/produktas\/levandu-kvapu-maiselis\/\"]}]},{\"@type\":\"ImageObject\",\"inLanguage\":\"en-GB\",\"@id\":\"https:\/\/levandupieva.lt\/produktas\/levandu-kvapu-maiselis\/#primaryimage\",\"url\":\"https:\/\/levandupieva.lt\/wp-content\/uploads\/2021\/04\/levandu-kvapu-maiselis-e1619352473413.jpg\",\"contentUrl\":\"https:\/\/levandupieva.lt\/wp-content\/uploads\/2021\/04\/levandu-kvapu-maiselis-e1619352473413.jpg\",\"width\":1080,\"height\":1440,\"caption\":\"Levand\u0173 kvap\u0173 mai\u0161elis\"},{\"@type\":\"BreadcrumbList\",\"@id\":\"https:\/\/levandupieva.lt\/produktas\/levandu-kvapu-maiselis\/#breadcrumb\",\"itemListElement\":[{\"@type\":\"ListItem\",\"position\":1,\"name\":\"Home\",\"item\":\"https:\/\/levandupieva.lt\/\"},{\"@type\":\"ListItem\",\"position\":2,\"name\":\"Parduotuv\u0117\",\"item\":\"https:\/\/levandupieva.lt\/parduotuve\/\"},{\"@type\":\"ListItem\",\"position\":3,\"name\":\"Levand\u0173 kvap\u0173 mai\u0161elis.\"}]},{\"@type\":\"WebSite\",\"@id\":\"https:\/\/levandupieva.lt\/#website\",\"url\":\"https:\/\/levandupieva.lt\/\",\"name\":\"Levand\u0173 pieva\",\"description\":\"\",\"publisher\":{\"@id\":\"https:\/\/levandupieva.lt\/#organization\"},\"potentialAction\":[{\"@type\":\"SearchAction\",\"target\":{\"@type\":\"EntryPoint\",\"urlTemplate\":\"https:\/\/levandupieva.lt\/?s={search_term_string}\"},\"query-input\":{\"@type\":\"PropertyValueSpecification\",\"valueRequired\":true,\"valueName\":\"search_term_string\"}}],\"inLanguage\":\"en-GB\"},{\"@type\":\"Organization\",\"@id\":\"https:\/\/levandupieva.lt\/#organization\",\"name\":\"Levan\u0173 Pieva\",\"url\":\"https:\/\/levandupieva.lt\/\",\"logo\":{\"@type\":\"ImageObject\",\"inLanguage\":\"en-GB\",\"@id\":\"https:\/\/levandupieva.lt\/#\/schema\/logo\/image\/\",\"url\":\"https:\/\/levandupieva.lt\/wp-content\/uploads\/2021\/03\/cropped-logo-e1446013442350.png\",\"contentUrl\":\"https:\/\/levandupieva.lt\/wp-content\/uploads\/2021\/03\/cropped-logo-e1446013442350.png\",\"width\":654,\"height\":287,\"caption\":\"Levan\u0173 Pieva\"},\"image\":{\"@id\":\"https:\/\/levandupieva.lt\/#\/schema\/logo\/image\/\"},\"sameAs\":[\"https:\/\/www.facebook.com\/Levandupieva\"]}]}<\/script>\n<!-- \/ Yoast SEO plugin. -->","yoast_head_json":{"title":"Levand\u0173 kvap\u0173 mai\u0161elis. - Levand\u0173 pieva","robots":{"index":"index","follow":"follow","max-snippet":"max-snippet:-1","max-image-preview":"max-image-preview:large","max-video-preview":"max-video-preview:-1"},"canonical":"https:\/\/levandupieva.lt\/en\/product\/levandu-kvapu-maiselis\/","og_locale":"en_GB","og_type":"article","og_title":"Levand\u0173 kvap\u0173 mai\u0161elis. - Levand\u0173 pieva","og_description":"Rank\u0173 darbo kvapusis mai\u0161elis pripildytas levand\u0173 (lot. lavandula angustifolia) \u017eiedais i\u0161 saul\u0117tojo Kipro bei papuo\u0161tas er\u0161k\u0117tuogi\u0173 bei ro\u017ei\u0173 \u017eiedlapiais (\u0161ios \u0161alies levandos a\u0161tresnio kvapo nei lietuvi\u0161kos levandos). Tinka kv\u0117pinti J\u016bs\u0173 spintas, skalbini\u0173 ar bat\u0173 spintel\u0117s, lagaminus, stal\u010dius, pad\u0117ti \u0161alia vaik\u0173 lovy\u010di\u0173 - vaikai ramiau miegos (miegui dar labiau tinka pagalvi\u0173 \u012fd\u0117kliukai su \u0161velnesnio kvapo lietuvi\u0161komis levandomis (\u017er. produkt\u0105 prie k\u016brybos \"Levand\u0173 kvap\u0173 pagalv\u0117s \u012fd\u0117kliukas\")), ar tiesiog pasikabinti automobilyje. Mai\u0161el\u012f reik\u0117t\u0173 karts nuo karto pakedenti, kad levand\u0173 \u017eieduose esantys eteriniai aliejai v\u0117l gal\u0117t\u0173 \u0161velniai atsiskleisti. Mai\u0161iuko: ilgis: 12 cm, plotis: 6 cm.  Reali preki\u0173 i\u0161vaizda gali skirtis nuo nuotraukoje pavaizduotos prek\u0117s.","og_url":"https:\/\/levandupieva.lt\/en\/product\/levandu-kvapu-maiselis\/","og_site_name":"Levand\u0173 pieva","article_publisher":"https:\/\/www.facebook.com\/Levandupieva","article_modified_time":"2025-01-11T14:38:55+00:00","og_image":[{"width":1080,"height":1440,"url":"https:\/\/levandupieva.lt\/wp-content\/uploads\/2021\/04\/levandu-kvapu-maiselis-e1619352473413.jpg","type":"image\/jpeg"}],"twitter_card":"summary_large_image","twitter_misc":{"Estimated reading time":"1 minute"},"schema":{"@context":"https:\/\/schema.org","@graph":[{"@type":"WebPage","@id":"https:\/\/levandupieva.lt\/produktas\/levandu-kvapu-maiselis\/","url":"https:\/\/levandupieva.lt\/produktas\/levandu-kvapu-maiselis\/","name":"Levand\u0173 kvap\u0173 mai\u0161elis. - Levand\u0173 pieva","isPartOf":{"@id":"https:\/\/levandupieva.lt\/#website"},"primaryImageOfPage":{"@id":"https:\/\/levandupieva.lt\/produktas\/levandu-kvapu-maiselis\/#primaryimage"},"image":{"@id":"https:\/\/levandupieva.lt\/produktas\/levandu-kvapu-maiselis\/#primaryimage"},"thumbnailUrl":"https:\/\/levandupieva.lt\/wp-content\/uploads\/2021\/04\/levandu-kvapu-maiselis-e1619352473413.jpg","datePublished":"2021-04-05T10:02:32+00:00","dateModified":"2025-01-11T14:38:55+00:00","breadcrumb":{"@id":"https:\/\/levandupieva.lt\/produktas\/levandu-kvapu-maiselis\/#breadcrumb"},"inLanguage":"en-GB","potentialAction":[{"@type":"ReadAction","target":["https:\/\/levandupieva.lt\/produktas\/levandu-kvapu-maiselis\/"]}]},{"@type":"ImageObject","inLanguage":"en-GB","@id":"https:\/\/levandupieva.lt\/produktas\/levandu-kvapu-maiselis\/#primaryimage","url":"https:\/\/levandupieva.lt\/wp-content\/uploads\/2021\/04\/levandu-kvapu-maiselis-e1619352473413.jpg","contentUrl":"https:\/\/levandupieva.lt\/wp-content\/uploads\/2021\/04\/levandu-kvapu-maiselis-e1619352473413.jpg","width":1080,"height":1440,"caption":"Levand\u0173 kvap\u0173 mai\u0161elis"},{"@type":"BreadcrumbList","@id":"https:\/\/levandupieva.lt\/produktas\/levandu-kvapu-maiselis\/#breadcrumb","itemListElement":[{"@type":"ListItem","position":1,"name":"Home","item":"https:\/\/levandupieva.lt\/"},{"@type":"ListItem","position":2,"name":"Parduotuv\u0117","item":"https:\/\/levandupieva.lt\/parduotuve\/"},{"@type":"ListItem","position":3,"name":"Levand\u0173 kvap\u0173 mai\u0161elis."}]},{"@type":"WebSite","@id":"https:\/\/levandupieva.lt\/#website","url":"https:\/\/levandupieva.lt\/","name":"Levand\u0173 pieva","description":"","publisher":{"@id":"https:\/\/levandupieva.lt\/#organization"},"potentialAction":[{"@type":"SearchAction","target":{"@type":"EntryPoint","urlTemplate":"https:\/\/levandupieva.lt\/?s={search_term_string}"},"query-input":{"@type":"PropertyValueSpecification","valueRequired":true,"valueName":"search_term_string"}}],"inLanguage":"en-GB"},{"@type":"Organization","@id":"https:\/\/levandupieva.lt\/#organization","name":"Levan\u0173 Pieva","url":"https:\/\/levandupieva.lt\/","logo":{"@type":"ImageObject","inLanguage":"en-GB","@id":"https:\/\/levandupieva.lt\/#\/schema\/logo\/image\/","url":"https:\/\/levandupieva.lt\/wp-content\/uploads\/2021\/03\/cropped-logo-e1446013442350.png","contentUrl":"https:\/\/levandupieva.lt\/wp-content\/uploads\/2021\/03\/cropped-logo-e1446013442350.png","width":654,"height":287,"caption":"Levan\u0173 Pieva"},"image":{"@id":"https:\/\/levandupieva.lt\/#\/schema\/logo\/image\/"},"sameAs":["https:\/\/www.facebook.com\/Levandupieva"]}]}},"_links":{"self":[{"href":"https:\/\/levandupieva.lt\/en\/wp-json\/wp\/v2\/product\/3842","targetHints":{"allow":["GET"]}}],"collection":[{"href":"https:\/\/levandupieva.lt\/en\/wp-json\/wp\/v2\/product"}],"about":[{"href":"https:\/\/levandupieva.lt\/en\/wp-json\/wp\/v2\/types\/product"}],"replies":[{"embeddable":true,"href":"https:\/\/levandupieva.lt\/en\/wp-json\/wp\/v2\/comments?post=3842"}],"wp:featuredmedia":[{"embeddable":true,"href":"https:\/\/levandupieva.lt\/en\/wp-json\/wp\/v2\/media\/3843"}],"wp:attachment":[{"href":"https:\/\/levandupieva.lt\/en\/wp-json\/wp\/v2\/media?parent=3842"}],"wp:term":[{"taxonomy":"product_brand","embeddable":true,"href":"https:\/\/levandupieva.lt\/en\/wp-json\/wp\/v2\/product_brand?post=3842"},{"taxonomy":"product_cat","embeddable":true,"href":"https:\/\/levandupieva.lt\/en\/wp-json\/wp\/v2\/product_cat?post=3842"},{"taxonomy":"product_tag","embeddable":true,"href":"https:\/\/levandupieva.lt\/en\/wp-json\/wp\/v2\/product_tag?post=3842"}],"curies":[{"name":"wp","href":"https:\/\/api.w.org\/{rel}","templated":true}]}}