{"id":4026,"date":"2021-04-25T11:38:29","date_gmt":"2021-04-25T11:38:29","guid":{"rendered":"https:\/\/levandupieva.lt\/?post_type=product&#038;p=4026"},"modified":"2025-01-11T14:38:10","modified_gmt":"2025-01-11T14:38:10","slug":"tikrosios-levandos-ziedai","status":"publish","type":"product","link":"https:\/\/levandupieva.lt\/en\/product\/tikrosios-levandos-ziedai\/","title":{"rendered":"Tikrosios levandos \u017eiedai"},"content":{"rendered":"<p>Tikrosos levandos <em>(lot. Lavandula angustifolia)<\/em> \u017eiedai i\u0161 lietuvi\u0161kos levand\u0173 pievos, malonaus \u0161velnaus kvapo. Puikiai tinka arbatai, \u0161i arbata turi raminam\u0105j\u012f poveik\u012f, padeda atsipalaiduoti ir pagerinti nuotaik\u0105, padeda gerinti miego kokyb\u0119, levand\u0173 arbata gali pad\u0117ti suma\u017einti vir\u0161kinimo sutrikimus, tokius kaip pilvo p\u016btimas, spazmai ar dujos, taip pat gali pad\u0117ti nuraminti sudirgusi\u0105 skrand\u017eio gleivin\u0119, gali pad\u0117ti palengvinti galvos skausm\u0105, stiprinti imunin\u0119 sistem\u0105.<\/p>\n<p>Pakuot\u0117je 6 g. Kilm\u0117s \u0161alis \u2013 Lietuva (Levand\u0173 pieva).<\/p>\n<p><em>Reali preki\u0173 i\u0161vaizda gali skirtis nuo nuotraukoje pavaizduotos prek\u0117s.<\/em><\/p>","protected":false},"excerpt":{"rendered":"<p>Tikrosos levandos <em>(lot. Lavandula angustifolia)<\/em> \u017eiedai i\u0161 lietuvi\u0161kos levand\u0173 pievos, malonaus \u0161velnaus kvapo. Puikiai tinka arbatai, \u0161i arbata turi raminam\u0105j\u012f poveik\u012f, padeda atsipalaiduoti ir pagerinti nuotaik\u0105, padeda gerinti miego kokyb\u0119, levand\u0173 arbata gali pad\u0117ti suma\u017einti vir\u0161kinimo sutrikimus, tokius kaip pilvo p\u016btimas, spazmai ar dujos, taip pat gali pad\u0117ti nuraminti sudirgusi\u0105 skrand\u017eio gleivin\u0119, gali pad\u0117ti palengvinti galvos skausm\u0105, stiprinti imunin\u0119 sistem\u0105.<\/p>\n<p>Pakuot\u0117je 6 g. Kilm\u0117s \u0161alis \u2013 Lietuva (Levand\u0173 pieva).<\/p>\n<p><em>Reali preki\u0173 i\u0161vaizda gali skirtis nuo nuotraukoje pavaizduotos prek\u0117s<\/em><\/p>","protected":false},"featured_media":4027,"comment_status":"open","ping_status":"closed","template":"","meta":[],"product_brand":[],"product_cat":[71],"product_tag":[],"class_list":{"0":"post-4026","1":"product","2":"type-product","3":"status-publish","4":"has-post-thumbnail","6":"product_cat-kuryba","8":"first","9":"instock","10":"shipping-taxable","11":"purchasable","12":"product-type-simple"},"yoast_head":"<!-- This site is optimized with the Yoast SEO plugin v24.8.1 - https:\/\/yoast.com\/wordpress\/plugins\/seo\/ -->\n<title>Tikrosios levandos \u017eiedai - Levand\u0173 pieva<\/title>\n<meta name=\"robots\" content=\"index, follow, max-snippet:-1, max-image-preview:large, max-video-preview:-1\" \/>\n<link rel=\"canonical\" href=\"https:\/\/levandupieva.lt\/en\/product\/tikrosios-levandos-ziedai\/\" \/>\n<meta property=\"og:locale\" content=\"en_GB\" \/>\n<meta property=\"og:type\" content=\"article\" \/>\n<meta property=\"og:title\" content=\"Tikrosios levandos \u017eiedai - Levand\u0173 pieva\" \/>\n<meta property=\"og:description\" content=\"Tikrosos levandos (lot. Lavandula angustifolia) \u017eiedai i\u0161 lietuvi\u0161kos levand\u0173 pievos, malonaus \u0161velnaus kvapo. Puikiai tinka arbatai, \u0161i arbata turi raminam\u0105j\u012f poveik\u012f, padeda atsipalaiduoti ir pagerinti nuotaik\u0105, padeda gerinti miego kokyb\u0119, levand\u0173 arbata gali pad\u0117ti suma\u017einti vir\u0161kinimo sutrikimus, tokius kaip pilvo p\u016btimas, spazmai ar dujos, taip pat gali pad\u0117ti nuraminti sudirgusi\u0105 skrand\u017eio gleivin\u0119, gali pad\u0117ti palengvinti galvos skausm\u0105, stiprinti imunin\u0119 sistem\u0105.  Pakuot\u0117je 6 g. Kilm\u0117s \u0161alis \u2013 Lietuva (Levand\u0173 pieva).  Reali preki\u0173 i\u0161vaizda gali skirtis nuo nuotraukoje pavaizduotos prek\u0117s\" \/>\n<meta property=\"og:url\" content=\"https:\/\/levandupieva.lt\/en\/product\/tikrosios-levandos-ziedai\/\" \/>\n<meta property=\"og:site_name\" content=\"Levand\u0173 pieva\" \/>\n<meta property=\"article:publisher\" content=\"https:\/\/www.facebook.com\/Levandupieva\" \/>\n<meta property=\"article:modified_time\" content=\"2025-01-11T14:38:10+00:00\" \/>\n<meta property=\"og:image\" content=\"https:\/\/levandupieva.lt\/wp-content\/uploads\/2021\/04\/IMG_20210425_140123-e1619461248353.jpg\" \/>\n\t<meta property=\"og:image:width\" content=\"1920\" \/>\n\t<meta property=\"og:image:height\" content=\"1964\" \/>\n\t<meta property=\"og:image:type\" content=\"image\/jpeg\" \/>\n<meta name=\"twitter:card\" content=\"summary_large_image\" \/>\n<meta name=\"twitter:label1\" content=\"Estimated reading time\" \/>\n\t<meta name=\"twitter:data1\" content=\"1 minute\" \/>\n<script type=\"application\/ld+json\" class=\"yoast-schema-graph\">{\"@context\":\"https:\/\/schema.org\",\"@graph\":[{\"@type\":\"WebPage\",\"@id\":\"https:\/\/levandupieva.lt\/produktas\/tikrosios-levandos-ziedai\/\",\"url\":\"https:\/\/levandupieva.lt\/produktas\/tikrosios-levandos-ziedai\/\",\"name\":\"Tikrosios levandos \u017eiedai - Levand\u0173 pieva\",\"isPartOf\":{\"@id\":\"https:\/\/levandupieva.lt\/#website\"},\"primaryImageOfPage\":{\"@id\":\"https:\/\/levandupieva.lt\/produktas\/tikrosios-levandos-ziedai\/#primaryimage\"},\"image\":{\"@id\":\"https:\/\/levandupieva.lt\/produktas\/tikrosios-levandos-ziedai\/#primaryimage\"},\"thumbnailUrl\":\"https:\/\/levandupieva.lt\/wp-content\/uploads\/2021\/04\/IMG_20210425_140123-e1619461248353.jpg\",\"datePublished\":\"2021-04-25T11:38:29+00:00\",\"dateModified\":\"2025-01-11T14:38:10+00:00\",\"breadcrumb\":{\"@id\":\"https:\/\/levandupieva.lt\/produktas\/tikrosios-levandos-ziedai\/#breadcrumb\"},\"inLanguage\":\"en-GB\",\"potentialAction\":[{\"@type\":\"ReadAction\",\"target\":[\"https:\/\/levandupieva.lt\/produktas\/tikrosios-levandos-ziedai\/\"]}]},{\"@type\":\"ImageObject\",\"inLanguage\":\"en-GB\",\"@id\":\"https:\/\/levandupieva.lt\/produktas\/tikrosios-levandos-ziedai\/#primaryimage\",\"url\":\"https:\/\/levandupieva.lt\/wp-content\/uploads\/2021\/04\/IMG_20210425_140123-e1619461248353.jpg\",\"contentUrl\":\"https:\/\/levandupieva.lt\/wp-content\/uploads\/2021\/04\/IMG_20210425_140123-e1619461248353.jpg\",\"width\":1920,\"height\":1964,\"caption\":\"Tikrosios levandos \u017eiemai\"},{\"@type\":\"BreadcrumbList\",\"@id\":\"https:\/\/levandupieva.lt\/produktas\/tikrosios-levandos-ziedai\/#breadcrumb\",\"itemListElement\":[{\"@type\":\"ListItem\",\"position\":1,\"name\":\"Home\",\"item\":\"https:\/\/levandupieva.lt\/\"},{\"@type\":\"ListItem\",\"position\":2,\"name\":\"Parduotuv\u0117\",\"item\":\"https:\/\/levandupieva.lt\/parduotuve\/\"},{\"@type\":\"ListItem\",\"position\":3,\"name\":\"Tikrosios levandos \u017eiedai\"}]},{\"@type\":\"WebSite\",\"@id\":\"https:\/\/levandupieva.lt\/#website\",\"url\":\"https:\/\/levandupieva.lt\/\",\"name\":\"Levand\u0173 pieva\",\"description\":\"\",\"publisher\":{\"@id\":\"https:\/\/levandupieva.lt\/#organization\"},\"potentialAction\":[{\"@type\":\"SearchAction\",\"target\":{\"@type\":\"EntryPoint\",\"urlTemplate\":\"https:\/\/levandupieva.lt\/?s={search_term_string}\"},\"query-input\":{\"@type\":\"PropertyValueSpecification\",\"valueRequired\":true,\"valueName\":\"search_term_string\"}}],\"inLanguage\":\"en-GB\"},{\"@type\":\"Organization\",\"@id\":\"https:\/\/levandupieva.lt\/#organization\",\"name\":\"Levan\u0173 Pieva\",\"url\":\"https:\/\/levandupieva.lt\/\",\"logo\":{\"@type\":\"ImageObject\",\"inLanguage\":\"en-GB\",\"@id\":\"https:\/\/levandupieva.lt\/#\/schema\/logo\/image\/\",\"url\":\"https:\/\/levandupieva.lt\/wp-content\/uploads\/2021\/03\/cropped-logo-e1446013442350.png\",\"contentUrl\":\"https:\/\/levandupieva.lt\/wp-content\/uploads\/2021\/03\/cropped-logo-e1446013442350.png\",\"width\":654,\"height\":287,\"caption\":\"Levan\u0173 Pieva\"},\"image\":{\"@id\":\"https:\/\/levandupieva.lt\/#\/schema\/logo\/image\/\"},\"sameAs\":[\"https:\/\/www.facebook.com\/Levandupieva\"]}]}<\/script>\n<!-- \/ Yoast SEO plugin. -->","yoast_head_json":{"title":"Tikrosios levandos \u017eiedai - Levand\u0173 pieva","robots":{"index":"index","follow":"follow","max-snippet":"max-snippet:-1","max-image-preview":"max-image-preview:large","max-video-preview":"max-video-preview:-1"},"canonical":"https:\/\/levandupieva.lt\/en\/product\/tikrosios-levandos-ziedai\/","og_locale":"en_GB","og_type":"article","og_title":"Tikrosios levandos \u017eiedai - Levand\u0173 pieva","og_description":"Tikrosos levandos (lot. Lavandula angustifolia) \u017eiedai i\u0161 lietuvi\u0161kos levand\u0173 pievos, malonaus \u0161velnaus kvapo. Puikiai tinka arbatai, \u0161i arbata turi raminam\u0105j\u012f poveik\u012f, padeda atsipalaiduoti ir pagerinti nuotaik\u0105, padeda gerinti miego kokyb\u0119, levand\u0173 arbata gali pad\u0117ti suma\u017einti vir\u0161kinimo sutrikimus, tokius kaip pilvo p\u016btimas, spazmai ar dujos, taip pat gali pad\u0117ti nuraminti sudirgusi\u0105 skrand\u017eio gleivin\u0119, gali pad\u0117ti palengvinti galvos skausm\u0105, stiprinti imunin\u0119 sistem\u0105.  Pakuot\u0117je 6 g. Kilm\u0117s \u0161alis \u2013 Lietuva (Levand\u0173 pieva).  Reali preki\u0173 i\u0161vaizda gali skirtis nuo nuotraukoje pavaizduotos prek\u0117s","og_url":"https:\/\/levandupieva.lt\/en\/product\/tikrosios-levandos-ziedai\/","og_site_name":"Levand\u0173 pieva","article_publisher":"https:\/\/www.facebook.com\/Levandupieva","article_modified_time":"2025-01-11T14:38:10+00:00","og_image":[{"width":1920,"height":1964,"url":"https:\/\/levandupieva.lt\/wp-content\/uploads\/2021\/04\/IMG_20210425_140123-e1619461248353.jpg","type":"image\/jpeg"}],"twitter_card":"summary_large_image","twitter_misc":{"Estimated reading time":"1 minute"},"schema":{"@context":"https:\/\/schema.org","@graph":[{"@type":"WebPage","@id":"https:\/\/levandupieva.lt\/produktas\/tikrosios-levandos-ziedai\/","url":"https:\/\/levandupieva.lt\/produktas\/tikrosios-levandos-ziedai\/","name":"Tikrosios levandos \u017eiedai - Levand\u0173 pieva","isPartOf":{"@id":"https:\/\/levandupieva.lt\/#website"},"primaryImageOfPage":{"@id":"https:\/\/levandupieva.lt\/produktas\/tikrosios-levandos-ziedai\/#primaryimage"},"image":{"@id":"https:\/\/levandupieva.lt\/produktas\/tikrosios-levandos-ziedai\/#primaryimage"},"thumbnailUrl":"https:\/\/levandupieva.lt\/wp-content\/uploads\/2021\/04\/IMG_20210425_140123-e1619461248353.jpg","datePublished":"2021-04-25T11:38:29+00:00","dateModified":"2025-01-11T14:38:10+00:00","breadcrumb":{"@id":"https:\/\/levandupieva.lt\/produktas\/tikrosios-levandos-ziedai\/#breadcrumb"},"inLanguage":"en-GB","potentialAction":[{"@type":"ReadAction","target":["https:\/\/levandupieva.lt\/produktas\/tikrosios-levandos-ziedai\/"]}]},{"@type":"ImageObject","inLanguage":"en-GB","@id":"https:\/\/levandupieva.lt\/produktas\/tikrosios-levandos-ziedai\/#primaryimage","url":"https:\/\/levandupieva.lt\/wp-content\/uploads\/2021\/04\/IMG_20210425_140123-e1619461248353.jpg","contentUrl":"https:\/\/levandupieva.lt\/wp-content\/uploads\/2021\/04\/IMG_20210425_140123-e1619461248353.jpg","width":1920,"height":1964,"caption":"Tikrosios levandos \u017eiemai"},{"@type":"BreadcrumbList","@id":"https:\/\/levandupieva.lt\/produktas\/tikrosios-levandos-ziedai\/#breadcrumb","itemListElement":[{"@type":"ListItem","position":1,"name":"Home","item":"https:\/\/levandupieva.lt\/"},{"@type":"ListItem","position":2,"name":"Parduotuv\u0117","item":"https:\/\/levandupieva.lt\/parduotuve\/"},{"@type":"ListItem","position":3,"name":"Tikrosios levandos \u017eiedai"}]},{"@type":"WebSite","@id":"https:\/\/levandupieva.lt\/#website","url":"https:\/\/levandupieva.lt\/","name":"Levand\u0173 pieva","description":"","publisher":{"@id":"https:\/\/levandupieva.lt\/#organization"},"potentialAction":[{"@type":"SearchAction","target":{"@type":"EntryPoint","urlTemplate":"https:\/\/levandupieva.lt\/?s={search_term_string}"},"query-input":{"@type":"PropertyValueSpecification","valueRequired":true,"valueName":"search_term_string"}}],"inLanguage":"en-GB"},{"@type":"Organization","@id":"https:\/\/levandupieva.lt\/#organization","name":"Levan\u0173 Pieva","url":"https:\/\/levandupieva.lt\/","logo":{"@type":"ImageObject","inLanguage":"en-GB","@id":"https:\/\/levandupieva.lt\/#\/schema\/logo\/image\/","url":"https:\/\/levandupieva.lt\/wp-content\/uploads\/2021\/03\/cropped-logo-e1446013442350.png","contentUrl":"https:\/\/levandupieva.lt\/wp-content\/uploads\/2021\/03\/cropped-logo-e1446013442350.png","width":654,"height":287,"caption":"Levan\u0173 Pieva"},"image":{"@id":"https:\/\/levandupieva.lt\/#\/schema\/logo\/image\/"},"sameAs":["https:\/\/www.facebook.com\/Levandupieva"]}]}},"_links":{"self":[{"href":"https:\/\/levandupieva.lt\/en\/wp-json\/wp\/v2\/product\/4026","targetHints":{"allow":["GET"]}}],"collection":[{"href":"https:\/\/levandupieva.lt\/en\/wp-json\/wp\/v2\/product"}],"about":[{"href":"https:\/\/levandupieva.lt\/en\/wp-json\/wp\/v2\/types\/product"}],"replies":[{"embeddable":true,"href":"https:\/\/levandupieva.lt\/en\/wp-json\/wp\/v2\/comments?post=4026"}],"wp:featuredmedia":[{"embeddable":true,"href":"https:\/\/levandupieva.lt\/en\/wp-json\/wp\/v2\/media\/4027"}],"wp:attachment":[{"href":"https:\/\/levandupieva.lt\/en\/wp-json\/wp\/v2\/media?parent=4026"}],"wp:term":[{"taxonomy":"product_brand","embeddable":true,"href":"https:\/\/levandupieva.lt\/en\/wp-json\/wp\/v2\/product_brand?post=4026"},{"taxonomy":"product_cat","embeddable":true,"href":"https:\/\/levandupieva.lt\/en\/wp-json\/wp\/v2\/product_cat?post=4026"},{"taxonomy":"product_tag","embeddable":true,"href":"https:\/\/levandupieva.lt\/en\/wp-json\/wp\/v2\/product_tag?post=4026"}],"curies":[{"name":"wp","href":"https:\/\/api.w.org\/{rel}","templated":true}]}}