{"id":4146,"date":"2021-07-09T08:27:35","date_gmt":"2021-07-09T08:27:35","guid":{"rendered":"https:\/\/levandupieva.lt\/?post_type=product&#038;p=4146"},"modified":"2026-04-07T07:09:42","modified_gmt":"2026-04-07T07:09:42","slug":"levandu-sodinukai-treciameciai-20-25-cm","status":"publish","type":"product","link":"https:\/\/levandupieva.lt\/en\/product\/levandu-sodinukai-treciameciai-20-25-cm\/","title":{"rendered":"Levand\u0173 sodinukai (apie 20-25 cm diametro) tre\u010diame\u010diai"},"content":{"rendered":"<p>Atvirame grunte Levand\u0173 pievoje sudyg\u0119 ir aug\u0119 levand\u0173 sodinukai. Lietuvi\u0161k\u0173 \u0161aln\u0173 nebijo. Galite rinktis i\u0161 dviej\u0173 por\u016b\u0161i\u0173:<\/p>\n<p>-lot. Lavandula angustifolia hidcote blue &#8211; <strong>gali b\u016bti skirtingo atspalvio \u017eiedynai, nuo \u0161viesesni\u0173 m\u0117lyn\u0173 iki tamsesni\u0173 m\u0117lyn\u0173, didesni kr\u016bmeliai negu Blue scent, ilgesni koteliai \u017eiedyn\u0173.<\/strong><\/p>\n<p>arba<\/p>\n<p>Lavandula angustifolia blue Scent &#8211; <strong>ry\u0161kesn\u0117s vienodos m\u0117lynos spalvos \u017eiedynai, bet \u0161iek tiek kompakti\u0161kesnio dyd\u017eio kr\u016bmeliai, trumpesni koteliai \u017eiedyn\u0173.<\/strong><\/p>\n<p>Jeigu norite konkretaus por\u016b\u0161io, \u012fra\u0161ykite komentare prie u\u017esakymo. Levand\u0173 \u017eiedynai pagal por\u016b\u0161is pavaizduoti nuotraukoje prie \u0161io produkto.<\/p>\n<p>&nbsp;<\/p>","protected":false},"excerpt":{"rendered":"<p>Atvirame grunte Levand\u0173 pievoje sudyg\u0119 ir aug\u0119 levand\u0173 sodinukai. Lietuvi\u0161k\u0173 \u0161aln\u0173 nebijo. Galite rinktis i\u0161 dviej\u0173 por\u016b\u0161i\u0173:<\/p>\n<p>-lot. Lavandula angustifolia hidcote blue &#8211; <strong>gali b\u016bti skirtingo atspalvio \u017eiedynai, nuo \u0161viesesni\u0173 m\u0117lyn\u0173 iki tamsesni\u0173 m\u0117lyn\u0173, didesni kr\u016bmeliai negu Blue scent, ilgesni koteliai \u017eiedyn\u0173.<\/strong><\/p>\n<p>arba<\/p>\n<p>Lavandula angustifolia blue Scent &#8211; <strong>ry\u0161kesn\u0117s vienodos m\u0117lynos spalvos \u017eiedynai, bet \u0161iek tiek kompakti\u0161kesnio dyd\u017eio kr\u016bmeliai, trumpesni koteliai \u017eiedyn\u0173.<\/strong><\/p>\n<p>Jeigu norite konkretaus por\u016b\u0161io, \u012fra\u0161ykite komentare prie u\u017esakymo. Levand\u0173 \u017eiedynai pagal por\u016b\u0161is pavaizduoti nuotraukoje prie \u0161io produkto.<\/p>\n<p>&nbsp;<\/p>","protected":false},"featured_media":7743,"comment_status":"open","ping_status":"closed","template":"","meta":[],"product_brand":[],"product_cat":[70],"product_tag":[159,158],"class_list":{"0":"post-4146","1":"product","2":"type-product","3":"status-publish","4":"has-post-thumbnail","6":"product_cat-zaliava","7":"product_tag-levandos","8":"product_tag-levandu-sodinukai","10":"first","11":"outofstock","12":"shipping-taxable","13":"purchasable","14":"product-type-simple"},"yoast_head":"<!-- This site is optimized with the Yoast SEO plugin v24.8.1 - https:\/\/yoast.com\/wordpress\/plugins\/seo\/ -->\n<title>Levand\u0173 sodinukai (apie 20-25 cm diametro) tre\u010diame\u010diai - Levand\u0173 pieva<\/title>\n<meta name=\"robots\" content=\"index, follow, max-snippet:-1, max-image-preview:large, max-video-preview:-1\" \/>\n<link rel=\"canonical\" href=\"https:\/\/levandupieva.lt\/en\/product\/levandu-sodinukai-treciameciai-20-25-cm\/\" \/>\n<meta property=\"og:locale\" content=\"en_GB\" \/>\n<meta property=\"og:type\" content=\"article\" \/>\n<meta property=\"og:title\" content=\"Levand\u0173 sodinukai (apie 20-25 cm diametro) tre\u010diame\u010diai - Levand\u0173 pieva\" \/>\n<meta property=\"og:description\" content=\"Atvirame grunte Levand\u0173 pievoje sudyg\u0119 ir aug\u0119 levand\u0173 sodinukai. Lietuvi\u0161k\u0173 \u0161aln\u0173 nebijo. Galite rinktis i\u0161 dviej\u0173 por\u016b\u0161i\u0173:  -lot. Lavandula angustifolia hidcote blue - gali b\u016bti skirtingo atspalvio \u017eiedynai, nuo \u0161viesesni\u0173 m\u0117lyn\u0173 iki tamsesni\u0173 m\u0117lyn\u0173, didesni kr\u016bmeliai negu Blue scent, ilgesni koteliai \u017eiedyn\u0173.  arba  Lavandula angustifolia blue Scent - ry\u0161kesn\u0117s vienodos m\u0117lynos spalvos \u017eiedynai, bet \u0161iek tiek kompakti\u0161kesnio dyd\u017eio kr\u016bmeliai, trumpesni koteliai \u017eiedyn\u0173.  Jeigu norite konkretaus por\u016b\u0161io, \u012fra\u0161ykite komentare prie u\u017esakymo. Levand\u0173 \u017eiedynai pagal por\u016b\u0161is pavaizduoti nuotraukoje prie \u0161io produkto.  &nbsp;\" \/>\n<meta property=\"og:url\" content=\"https:\/\/levandupieva.lt\/en\/product\/levandu-sodinukai-treciameciai-20-25-cm\/\" \/>\n<meta property=\"og:site_name\" content=\"Levand\u0173 pieva\" \/>\n<meta property=\"article:publisher\" content=\"https:\/\/www.facebook.com\/Levandupieva\" \/>\n<meta property=\"article:modified_time\" content=\"2026-04-07T07:09:42+00:00\" \/>\n<meta property=\"og:image\" content=\"https:\/\/levandupieva.lt\/wp-content\/uploads\/2021\/07\/blue-scent1-scaled.jpg\" \/>\n\t<meta property=\"og:image:width\" content=\"1920\" \/>\n\t<meta property=\"og:image:height\" content=\"2560\" \/>\n\t<meta property=\"og:image:type\" content=\"image\/jpeg\" \/>\n<meta name=\"twitter:card\" content=\"summary_large_image\" \/>\n<meta name=\"twitter:label1\" content=\"Estimated reading time\" \/>\n\t<meta name=\"twitter:data1\" content=\"1 minute\" \/>\n<script type=\"application\/ld+json\" class=\"yoast-schema-graph\">{\"@context\":\"https:\/\/schema.org\",\"@graph\":[{\"@type\":\"WebPage\",\"@id\":\"https:\/\/levandupieva.lt\/produktas\/levandu-sodinukai-treciameciai-20-25-cm\/\",\"url\":\"https:\/\/levandupieva.lt\/produktas\/levandu-sodinukai-treciameciai-20-25-cm\/\",\"name\":\"Levand\u0173 sodinukai (apie 20-25 cm diametro) tre\u010diame\u010diai - Levand\u0173 pieva\",\"isPartOf\":{\"@id\":\"https:\/\/levandupieva.lt\/#website\"},\"primaryImageOfPage\":{\"@id\":\"https:\/\/levandupieva.lt\/produktas\/levandu-sodinukai-treciameciai-20-25-cm\/#primaryimage\"},\"image\":{\"@id\":\"https:\/\/levandupieva.lt\/produktas\/levandu-sodinukai-treciameciai-20-25-cm\/#primaryimage\"},\"thumbnailUrl\":\"https:\/\/levandupieva.lt\/wp-content\/uploads\/2021\/07\/blue-scent1-scaled.jpg\",\"datePublished\":\"2021-07-09T08:27:35+00:00\",\"dateModified\":\"2026-04-07T07:09:42+00:00\",\"breadcrumb\":{\"@id\":\"https:\/\/levandupieva.lt\/produktas\/levandu-sodinukai-treciameciai-20-25-cm\/#breadcrumb\"},\"inLanguage\":\"en-GB\",\"potentialAction\":[{\"@type\":\"ReadAction\",\"target\":[\"https:\/\/levandupieva.lt\/produktas\/levandu-sodinukai-treciameciai-20-25-cm\/\"]}]},{\"@type\":\"ImageObject\",\"inLanguage\":\"en-GB\",\"@id\":\"https:\/\/levandupieva.lt\/produktas\/levandu-sodinukai-treciameciai-20-25-cm\/#primaryimage\",\"url\":\"https:\/\/levandupieva.lt\/wp-content\/uploads\/2021\/07\/blue-scent1-scaled.jpg\",\"contentUrl\":\"https:\/\/levandupieva.lt\/wp-content\/uploads\/2021\/07\/blue-scent1-scaled.jpg\",\"width\":1920,\"height\":2560},{\"@type\":\"BreadcrumbList\",\"@id\":\"https:\/\/levandupieva.lt\/produktas\/levandu-sodinukai-treciameciai-20-25-cm\/#breadcrumb\",\"itemListElement\":[{\"@type\":\"ListItem\",\"position\":1,\"name\":\"Home\",\"item\":\"https:\/\/levandupieva.lt\/\"},{\"@type\":\"ListItem\",\"position\":2,\"name\":\"Parduotuv\u0117\",\"item\":\"https:\/\/levandupieva.lt\/parduotuve\/\"},{\"@type\":\"ListItem\",\"position\":3,\"name\":\"Levand\u0173 sodinukai (apie 20-25 cm diametro) tre\u010diame\u010diai\"}]},{\"@type\":\"WebSite\",\"@id\":\"https:\/\/levandupieva.lt\/#website\",\"url\":\"https:\/\/levandupieva.lt\/\",\"name\":\"Levand\u0173 pieva\",\"description\":\"\",\"publisher\":{\"@id\":\"https:\/\/levandupieva.lt\/#organization\"},\"potentialAction\":[{\"@type\":\"SearchAction\",\"target\":{\"@type\":\"EntryPoint\",\"urlTemplate\":\"https:\/\/levandupieva.lt\/?s={search_term_string}\"},\"query-input\":{\"@type\":\"PropertyValueSpecification\",\"valueRequired\":true,\"valueName\":\"search_term_string\"}}],\"inLanguage\":\"en-GB\"},{\"@type\":\"Organization\",\"@id\":\"https:\/\/levandupieva.lt\/#organization\",\"name\":\"Levan\u0173 Pieva\",\"url\":\"https:\/\/levandupieva.lt\/\",\"logo\":{\"@type\":\"ImageObject\",\"inLanguage\":\"en-GB\",\"@id\":\"https:\/\/levandupieva.lt\/#\/schema\/logo\/image\/\",\"url\":\"https:\/\/levandupieva.lt\/wp-content\/uploads\/2021\/03\/cropped-logo-e1446013442350.png\",\"contentUrl\":\"https:\/\/levandupieva.lt\/wp-content\/uploads\/2021\/03\/cropped-logo-e1446013442350.png\",\"width\":654,\"height\":287,\"caption\":\"Levan\u0173 Pieva\"},\"image\":{\"@id\":\"https:\/\/levandupieva.lt\/#\/schema\/logo\/image\/\"},\"sameAs\":[\"https:\/\/www.facebook.com\/Levandupieva\"]}]}<\/script>\n<!-- \/ Yoast SEO plugin. -->","yoast_head_json":{"title":"Levand\u0173 sodinukai (apie 20-25 cm diametro) tre\u010diame\u010diai - Levand\u0173 pieva","robots":{"index":"index","follow":"follow","max-snippet":"max-snippet:-1","max-image-preview":"max-image-preview:large","max-video-preview":"max-video-preview:-1"},"canonical":"https:\/\/levandupieva.lt\/en\/product\/levandu-sodinukai-treciameciai-20-25-cm\/","og_locale":"en_GB","og_type":"article","og_title":"Levand\u0173 sodinukai (apie 20-25 cm diametro) tre\u010diame\u010diai - Levand\u0173 pieva","og_description":"Atvirame grunte Levand\u0173 pievoje sudyg\u0119 ir aug\u0119 levand\u0173 sodinukai. Lietuvi\u0161k\u0173 \u0161aln\u0173 nebijo. Galite rinktis i\u0161 dviej\u0173 por\u016b\u0161i\u0173:  -lot. Lavandula angustifolia hidcote blue - gali b\u016bti skirtingo atspalvio \u017eiedynai, nuo \u0161viesesni\u0173 m\u0117lyn\u0173 iki tamsesni\u0173 m\u0117lyn\u0173, didesni kr\u016bmeliai negu Blue scent, ilgesni koteliai \u017eiedyn\u0173.  arba  Lavandula angustifolia blue Scent - ry\u0161kesn\u0117s vienodos m\u0117lynos spalvos \u017eiedynai, bet \u0161iek tiek kompakti\u0161kesnio dyd\u017eio kr\u016bmeliai, trumpesni koteliai \u017eiedyn\u0173.  Jeigu norite konkretaus por\u016b\u0161io, \u012fra\u0161ykite komentare prie u\u017esakymo. Levand\u0173 \u017eiedynai pagal por\u016b\u0161is pavaizduoti nuotraukoje prie \u0161io produkto.  &nbsp;","og_url":"https:\/\/levandupieva.lt\/en\/product\/levandu-sodinukai-treciameciai-20-25-cm\/","og_site_name":"Levand\u0173 pieva","article_publisher":"https:\/\/www.facebook.com\/Levandupieva","article_modified_time":"2026-04-07T07:09:42+00:00","og_image":[{"width":1920,"height":2560,"url":"https:\/\/levandupieva.lt\/wp-content\/uploads\/2021\/07\/blue-scent1-scaled.jpg","type":"image\/jpeg"}],"twitter_card":"summary_large_image","twitter_misc":{"Estimated reading time":"1 minute"},"schema":{"@context":"https:\/\/schema.org","@graph":[{"@type":"WebPage","@id":"https:\/\/levandupieva.lt\/produktas\/levandu-sodinukai-treciameciai-20-25-cm\/","url":"https:\/\/levandupieva.lt\/produktas\/levandu-sodinukai-treciameciai-20-25-cm\/","name":"Levand\u0173 sodinukai (apie 20-25 cm diametro) tre\u010diame\u010diai - Levand\u0173 pieva","isPartOf":{"@id":"https:\/\/levandupieva.lt\/#website"},"primaryImageOfPage":{"@id":"https:\/\/levandupieva.lt\/produktas\/levandu-sodinukai-treciameciai-20-25-cm\/#primaryimage"},"image":{"@id":"https:\/\/levandupieva.lt\/produktas\/levandu-sodinukai-treciameciai-20-25-cm\/#primaryimage"},"thumbnailUrl":"https:\/\/levandupieva.lt\/wp-content\/uploads\/2021\/07\/blue-scent1-scaled.jpg","datePublished":"2021-07-09T08:27:35+00:00","dateModified":"2026-04-07T07:09:42+00:00","breadcrumb":{"@id":"https:\/\/levandupieva.lt\/produktas\/levandu-sodinukai-treciameciai-20-25-cm\/#breadcrumb"},"inLanguage":"en-GB","potentialAction":[{"@type":"ReadAction","target":["https:\/\/levandupieva.lt\/produktas\/levandu-sodinukai-treciameciai-20-25-cm\/"]}]},{"@type":"ImageObject","inLanguage":"en-GB","@id":"https:\/\/levandupieva.lt\/produktas\/levandu-sodinukai-treciameciai-20-25-cm\/#primaryimage","url":"https:\/\/levandupieva.lt\/wp-content\/uploads\/2021\/07\/blue-scent1-scaled.jpg","contentUrl":"https:\/\/levandupieva.lt\/wp-content\/uploads\/2021\/07\/blue-scent1-scaled.jpg","width":1920,"height":2560},{"@type":"BreadcrumbList","@id":"https:\/\/levandupieva.lt\/produktas\/levandu-sodinukai-treciameciai-20-25-cm\/#breadcrumb","itemListElement":[{"@type":"ListItem","position":1,"name":"Home","item":"https:\/\/levandupieva.lt\/"},{"@type":"ListItem","position":2,"name":"Parduotuv\u0117","item":"https:\/\/levandupieva.lt\/parduotuve\/"},{"@type":"ListItem","position":3,"name":"Levand\u0173 sodinukai (apie 20-25 cm diametro) tre\u010diame\u010diai"}]},{"@type":"WebSite","@id":"https:\/\/levandupieva.lt\/#website","url":"https:\/\/levandupieva.lt\/","name":"Levand\u0173 pieva","description":"","publisher":{"@id":"https:\/\/levandupieva.lt\/#organization"},"potentialAction":[{"@type":"SearchAction","target":{"@type":"EntryPoint","urlTemplate":"https:\/\/levandupieva.lt\/?s={search_term_string}"},"query-input":{"@type":"PropertyValueSpecification","valueRequired":true,"valueName":"search_term_string"}}],"inLanguage":"en-GB"},{"@type":"Organization","@id":"https:\/\/levandupieva.lt\/#organization","name":"Levan\u0173 Pieva","url":"https:\/\/levandupieva.lt\/","logo":{"@type":"ImageObject","inLanguage":"en-GB","@id":"https:\/\/levandupieva.lt\/#\/schema\/logo\/image\/","url":"https:\/\/levandupieva.lt\/wp-content\/uploads\/2021\/03\/cropped-logo-e1446013442350.png","contentUrl":"https:\/\/levandupieva.lt\/wp-content\/uploads\/2021\/03\/cropped-logo-e1446013442350.png","width":654,"height":287,"caption":"Levan\u0173 Pieva"},"image":{"@id":"https:\/\/levandupieva.lt\/#\/schema\/logo\/image\/"},"sameAs":["https:\/\/www.facebook.com\/Levandupieva"]}]}},"_links":{"self":[{"href":"https:\/\/levandupieva.lt\/en\/wp-json\/wp\/v2\/product\/4146","targetHints":{"allow":["GET"]}}],"collection":[{"href":"https:\/\/levandupieva.lt\/en\/wp-json\/wp\/v2\/product"}],"about":[{"href":"https:\/\/levandupieva.lt\/en\/wp-json\/wp\/v2\/types\/product"}],"replies":[{"embeddable":true,"href":"https:\/\/levandupieva.lt\/en\/wp-json\/wp\/v2\/comments?post=4146"}],"wp:featuredmedia":[{"embeddable":true,"href":"https:\/\/levandupieva.lt\/en\/wp-json\/wp\/v2\/media\/7743"}],"wp:attachment":[{"href":"https:\/\/levandupieva.lt\/en\/wp-json\/wp\/v2\/media?parent=4146"}],"wp:term":[{"taxonomy":"product_brand","embeddable":true,"href":"https:\/\/levandupieva.lt\/en\/wp-json\/wp\/v2\/product_brand?post=4146"},{"taxonomy":"product_cat","embeddable":true,"href":"https:\/\/levandupieva.lt\/en\/wp-json\/wp\/v2\/product_cat?post=4146"},{"taxonomy":"product_tag","embeddable":true,"href":"https:\/\/levandupieva.lt\/en\/wp-json\/wp\/v2\/product_tag?post=4146"}],"curies":[{"name":"wp","href":"https:\/\/api.w.org\/{rel}","templated":true}]}}