{"id":4152,"date":"2021-07-09T08:43:20","date_gmt":"2021-07-09T08:43:20","guid":{"rendered":"https:\/\/levandupieva.lt\/?post_type=product&#038;p=4152"},"modified":"2025-08-20T08:03:16","modified_gmt":"2025-08-20T08:03:16","slug":"svieziu-levandu-puokste","status":"publish","type":"product","link":"https:\/\/levandupieva.lt\/en\/product\/svieziu-levandu-puokste\/","title":{"rendered":"\u0160vie\u017ei\u0173 levand\u0173 puok\u0161t\u0117"},"content":{"rendered":"<p>\u0160vie\u017ei\u0173 levand\u0173 puok\u0161t\u0117. Norint u\u017esakyti konkre\u010diai dienai, pra\u0161ome kreiptis.<\/p>","protected":false},"excerpt":{"rendered":"<p>\u0160vie\u017ei\u0173 levand\u0173 puok\u0161t\u0117. Norint u\u017esakyti konkre\u010diai dienai, pra\u0161ome kreiptis.<\/p>\n<p><strong>\ud83d\udc9c Levand\u0173 puok\u0161t\u0117s nereik\u0117t\u0173 merkti \u012f vanden\u012f (jeigu nor\u0117site v\u0117liau jas d\u017eiovinti), nes jos daugiau byra. Jeigu norite, kad jos i\u0161likt\u0173 \u0161vie\u017eesn\u0117s ilgesn\u012f laik\u0105 (pavyzd\u017eiui dovanosite v\u0117liau), tuomet galite palaikyti kelet\u0105 dien\u0173 \u0161aldytuve, tokiu atveju jos nebyr\u0117s. D\u017eiovinti reik\u0117t\u0173 apvertus puok\u0161t\u0119 koteliais \u012f vir\u0161\u0173. Norint, kad v\u0117liau kvapas atsiskleist\u0173 reik\u0117t\u0173 vien\u0105 kit\u0105 \u017eiedel\u012f tarp pir\u0161t\u0173 patrinti &#8211; taip eteriniai aliejai i\u0161siskiria. \ud83d\udc9c<\/strong><\/p>","protected":false},"featured_media":4153,"comment_status":"open","ping_status":"closed","template":"","meta":[],"product_brand":[],"product_cat":[70],"product_tag":[],"class_list":{"0":"post-4152","1":"product","2":"type-product","3":"status-publish","4":"has-post-thumbnail","6":"product_cat-zaliava","8":"first","9":"outofstock","10":"shipping-taxable","11":"purchasable","12":"product-type-simple"},"yoast_head":"<!-- This site is optimized with the Yoast SEO plugin v24.8.1 - https:\/\/yoast.com\/wordpress\/plugins\/seo\/ -->\n<title>\u0160vie\u017ei\u0173 levand\u0173 puok\u0161t\u0117 - Levand\u0173 pieva<\/title>\n<meta name=\"robots\" content=\"index, follow, max-snippet:-1, max-image-preview:large, max-video-preview:-1\" \/>\n<link rel=\"canonical\" href=\"https:\/\/levandupieva.lt\/en\/product\/svieziu-levandu-puokste\/\" \/>\n<meta property=\"og:locale\" content=\"en_GB\" \/>\n<meta property=\"og:type\" content=\"article\" \/>\n<meta property=\"og:title\" content=\"\u0160vie\u017ei\u0173 levand\u0173 puok\u0161t\u0117 - Levand\u0173 pieva\" \/>\n<meta property=\"og:description\" content=\"\u0160vie\u017ei\u0173 levand\u0173 puok\u0161t\u0117. Norint u\u017esakyti konkre\u010diai dienai, pra\u0161ome kreiptis.  \ud83d\udc9c Levand\u0173 puok\u0161t\u0117s nereik\u0117t\u0173 merkti \u012f vanden\u012f (jeigu nor\u0117site v\u0117liau jas d\u017eiovinti), nes jos daugiau byra. Jeigu norite, kad jos i\u0161likt\u0173 \u0161vie\u017eesn\u0117s ilgesn\u012f laik\u0105 (pavyzd\u017eiui dovanosite v\u0117liau), tuomet galite palaikyti kelet\u0105 dien\u0173 \u0161aldytuve, tokiu atveju jos nebyr\u0117s. D\u017eiovinti reik\u0117t\u0173 apvertus puok\u0161t\u0119 koteliais \u012f vir\u0161\u0173. Norint, kad v\u0117liau kvapas atsiskleist\u0173 reik\u0117t\u0173 vien\u0105 kit\u0105 \u017eiedel\u012f tarp pir\u0161t\u0173 patrinti - taip eteriniai aliejai i\u0161siskiria. \ud83d\udc9c\" \/>\n<meta property=\"og:url\" content=\"https:\/\/levandupieva.lt\/en\/product\/svieziu-levandu-puokste\/\" \/>\n<meta property=\"og:site_name\" content=\"Levand\u0173 pieva\" \/>\n<meta property=\"article:publisher\" content=\"https:\/\/www.facebook.com\/Levandupieva\" \/>\n<meta property=\"article:modified_time\" content=\"2025-08-20T08:03:16+00:00\" \/>\n<meta property=\"og:image\" content=\"https:\/\/levandupieva.lt\/wp-content\/uploads\/2021\/07\/FB_IMG_1625233403982.jpg\" \/>\n\t<meta property=\"og:image:width\" content=\"720\" \/>\n\t<meta property=\"og:image:height\" content=\"960\" \/>\n\t<meta property=\"og:image:type\" content=\"image\/jpeg\" \/>\n<meta name=\"twitter:card\" content=\"summary_large_image\" \/>\n<meta name=\"twitter:label1\" content=\"Estimated reading time\" \/>\n\t<meta name=\"twitter:data1\" content=\"1 minute\" \/>\n<script type=\"application\/ld+json\" class=\"yoast-schema-graph\">{\"@context\":\"https:\/\/schema.org\",\"@graph\":[{\"@type\":\"WebPage\",\"@id\":\"https:\/\/levandupieva.lt\/produktas\/svieziu-levandu-puokste\/\",\"url\":\"https:\/\/levandupieva.lt\/produktas\/svieziu-levandu-puokste\/\",\"name\":\"\u0160vie\u017ei\u0173 levand\u0173 puok\u0161t\u0117 - Levand\u0173 pieva\",\"isPartOf\":{\"@id\":\"https:\/\/levandupieva.lt\/#website\"},\"primaryImageOfPage\":{\"@id\":\"https:\/\/levandupieva.lt\/produktas\/svieziu-levandu-puokste\/#primaryimage\"},\"image\":{\"@id\":\"https:\/\/levandupieva.lt\/produktas\/svieziu-levandu-puokste\/#primaryimage\"},\"thumbnailUrl\":\"https:\/\/levandupieva.lt\/wp-content\/uploads\/2021\/07\/FB_IMG_1625233403982.jpg\",\"datePublished\":\"2021-07-09T08:43:20+00:00\",\"dateModified\":\"2025-08-20T08:03:16+00:00\",\"breadcrumb\":{\"@id\":\"https:\/\/levandupieva.lt\/produktas\/svieziu-levandu-puokste\/#breadcrumb\"},\"inLanguage\":\"en-GB\",\"potentialAction\":[{\"@type\":\"ReadAction\",\"target\":[\"https:\/\/levandupieva.lt\/produktas\/svieziu-levandu-puokste\/\"]}]},{\"@type\":\"ImageObject\",\"inLanguage\":\"en-GB\",\"@id\":\"https:\/\/levandupieva.lt\/produktas\/svieziu-levandu-puokste\/#primaryimage\",\"url\":\"https:\/\/levandupieva.lt\/wp-content\/uploads\/2021\/07\/FB_IMG_1625233403982.jpg\",\"contentUrl\":\"https:\/\/levandupieva.lt\/wp-content\/uploads\/2021\/07\/FB_IMG_1625233403982.jpg\",\"width\":720,\"height\":960,\"caption\":\"\u0160vie\u017ei\u0173 levand\u0173 puok\u0161t\u0117\"},{\"@type\":\"BreadcrumbList\",\"@id\":\"https:\/\/levandupieva.lt\/produktas\/svieziu-levandu-puokste\/#breadcrumb\",\"itemListElement\":[{\"@type\":\"ListItem\",\"position\":1,\"name\":\"Home\",\"item\":\"https:\/\/levandupieva.lt\/\"},{\"@type\":\"ListItem\",\"position\":2,\"name\":\"Parduotuv\u0117\",\"item\":\"https:\/\/levandupieva.lt\/parduotuve\/\"},{\"@type\":\"ListItem\",\"position\":3,\"name\":\"\u0160vie\u017ei\u0173 levand\u0173 puok\u0161t\u0117\"}]},{\"@type\":\"WebSite\",\"@id\":\"https:\/\/levandupieva.lt\/#website\",\"url\":\"https:\/\/levandupieva.lt\/\",\"name\":\"Levand\u0173 pieva\",\"description\":\"\",\"publisher\":{\"@id\":\"https:\/\/levandupieva.lt\/#organization\"},\"potentialAction\":[{\"@type\":\"SearchAction\",\"target\":{\"@type\":\"EntryPoint\",\"urlTemplate\":\"https:\/\/levandupieva.lt\/?s={search_term_string}\"},\"query-input\":{\"@type\":\"PropertyValueSpecification\",\"valueRequired\":true,\"valueName\":\"search_term_string\"}}],\"inLanguage\":\"en-GB\"},{\"@type\":\"Organization\",\"@id\":\"https:\/\/levandupieva.lt\/#organization\",\"name\":\"Levan\u0173 Pieva\",\"url\":\"https:\/\/levandupieva.lt\/\",\"logo\":{\"@type\":\"ImageObject\",\"inLanguage\":\"en-GB\",\"@id\":\"https:\/\/levandupieva.lt\/#\/schema\/logo\/image\/\",\"url\":\"https:\/\/levandupieva.lt\/wp-content\/uploads\/2021\/03\/cropped-logo-e1446013442350.png\",\"contentUrl\":\"https:\/\/levandupieva.lt\/wp-content\/uploads\/2021\/03\/cropped-logo-e1446013442350.png\",\"width\":654,\"height\":287,\"caption\":\"Levan\u0173 Pieva\"},\"image\":{\"@id\":\"https:\/\/levandupieva.lt\/#\/schema\/logo\/image\/\"},\"sameAs\":[\"https:\/\/www.facebook.com\/Levandupieva\"]}]}<\/script>\n<!-- \/ Yoast SEO plugin. -->","yoast_head_json":{"title":"\u0160vie\u017ei\u0173 levand\u0173 puok\u0161t\u0117 - Levand\u0173 pieva","robots":{"index":"index","follow":"follow","max-snippet":"max-snippet:-1","max-image-preview":"max-image-preview:large","max-video-preview":"max-video-preview:-1"},"canonical":"https:\/\/levandupieva.lt\/en\/product\/svieziu-levandu-puokste\/","og_locale":"en_GB","og_type":"article","og_title":"\u0160vie\u017ei\u0173 levand\u0173 puok\u0161t\u0117 - Levand\u0173 pieva","og_description":"\u0160vie\u017ei\u0173 levand\u0173 puok\u0161t\u0117. Norint u\u017esakyti konkre\u010diai dienai, pra\u0161ome kreiptis.  \ud83d\udc9c Levand\u0173 puok\u0161t\u0117s nereik\u0117t\u0173 merkti \u012f vanden\u012f (jeigu nor\u0117site v\u0117liau jas d\u017eiovinti), nes jos daugiau byra. Jeigu norite, kad jos i\u0161likt\u0173 \u0161vie\u017eesn\u0117s ilgesn\u012f laik\u0105 (pavyzd\u017eiui dovanosite v\u0117liau), tuomet galite palaikyti kelet\u0105 dien\u0173 \u0161aldytuve, tokiu atveju jos nebyr\u0117s. D\u017eiovinti reik\u0117t\u0173 apvertus puok\u0161t\u0119 koteliais \u012f vir\u0161\u0173. Norint, kad v\u0117liau kvapas atsiskleist\u0173 reik\u0117t\u0173 vien\u0105 kit\u0105 \u017eiedel\u012f tarp pir\u0161t\u0173 patrinti - taip eteriniai aliejai i\u0161siskiria. \ud83d\udc9c","og_url":"https:\/\/levandupieva.lt\/en\/product\/svieziu-levandu-puokste\/","og_site_name":"Levand\u0173 pieva","article_publisher":"https:\/\/www.facebook.com\/Levandupieva","article_modified_time":"2025-08-20T08:03:16+00:00","og_image":[{"width":720,"height":960,"url":"https:\/\/levandupieva.lt\/wp-content\/uploads\/2021\/07\/FB_IMG_1625233403982.jpg","type":"image\/jpeg"}],"twitter_card":"summary_large_image","twitter_misc":{"Estimated reading time":"1 minute"},"schema":{"@context":"https:\/\/schema.org","@graph":[{"@type":"WebPage","@id":"https:\/\/levandupieva.lt\/produktas\/svieziu-levandu-puokste\/","url":"https:\/\/levandupieva.lt\/produktas\/svieziu-levandu-puokste\/","name":"\u0160vie\u017ei\u0173 levand\u0173 puok\u0161t\u0117 - Levand\u0173 pieva","isPartOf":{"@id":"https:\/\/levandupieva.lt\/#website"},"primaryImageOfPage":{"@id":"https:\/\/levandupieva.lt\/produktas\/svieziu-levandu-puokste\/#primaryimage"},"image":{"@id":"https:\/\/levandupieva.lt\/produktas\/svieziu-levandu-puokste\/#primaryimage"},"thumbnailUrl":"https:\/\/levandupieva.lt\/wp-content\/uploads\/2021\/07\/FB_IMG_1625233403982.jpg","datePublished":"2021-07-09T08:43:20+00:00","dateModified":"2025-08-20T08:03:16+00:00","breadcrumb":{"@id":"https:\/\/levandupieva.lt\/produktas\/svieziu-levandu-puokste\/#breadcrumb"},"inLanguage":"en-GB","potentialAction":[{"@type":"ReadAction","target":["https:\/\/levandupieva.lt\/produktas\/svieziu-levandu-puokste\/"]}]},{"@type":"ImageObject","inLanguage":"en-GB","@id":"https:\/\/levandupieva.lt\/produktas\/svieziu-levandu-puokste\/#primaryimage","url":"https:\/\/levandupieva.lt\/wp-content\/uploads\/2021\/07\/FB_IMG_1625233403982.jpg","contentUrl":"https:\/\/levandupieva.lt\/wp-content\/uploads\/2021\/07\/FB_IMG_1625233403982.jpg","width":720,"height":960,"caption":"\u0160vie\u017ei\u0173 levand\u0173 puok\u0161t\u0117"},{"@type":"BreadcrumbList","@id":"https:\/\/levandupieva.lt\/produktas\/svieziu-levandu-puokste\/#breadcrumb","itemListElement":[{"@type":"ListItem","position":1,"name":"Home","item":"https:\/\/levandupieva.lt\/"},{"@type":"ListItem","position":2,"name":"Parduotuv\u0117","item":"https:\/\/levandupieva.lt\/parduotuve\/"},{"@type":"ListItem","position":3,"name":"\u0160vie\u017ei\u0173 levand\u0173 puok\u0161t\u0117"}]},{"@type":"WebSite","@id":"https:\/\/levandupieva.lt\/#website","url":"https:\/\/levandupieva.lt\/","name":"Levand\u0173 pieva","description":"","publisher":{"@id":"https:\/\/levandupieva.lt\/#organization"},"potentialAction":[{"@type":"SearchAction","target":{"@type":"EntryPoint","urlTemplate":"https:\/\/levandupieva.lt\/?s={search_term_string}"},"query-input":{"@type":"PropertyValueSpecification","valueRequired":true,"valueName":"search_term_string"}}],"inLanguage":"en-GB"},{"@type":"Organization","@id":"https:\/\/levandupieva.lt\/#organization","name":"Levan\u0173 Pieva","url":"https:\/\/levandupieva.lt\/","logo":{"@type":"ImageObject","inLanguage":"en-GB","@id":"https:\/\/levandupieva.lt\/#\/schema\/logo\/image\/","url":"https:\/\/levandupieva.lt\/wp-content\/uploads\/2021\/03\/cropped-logo-e1446013442350.png","contentUrl":"https:\/\/levandupieva.lt\/wp-content\/uploads\/2021\/03\/cropped-logo-e1446013442350.png","width":654,"height":287,"caption":"Levan\u0173 Pieva"},"image":{"@id":"https:\/\/levandupieva.lt\/#\/schema\/logo\/image\/"},"sameAs":["https:\/\/www.facebook.com\/Levandupieva"]}]}},"_links":{"self":[{"href":"https:\/\/levandupieva.lt\/en\/wp-json\/wp\/v2\/product\/4152","targetHints":{"allow":["GET"]}}],"collection":[{"href":"https:\/\/levandupieva.lt\/en\/wp-json\/wp\/v2\/product"}],"about":[{"href":"https:\/\/levandupieva.lt\/en\/wp-json\/wp\/v2\/types\/product"}],"replies":[{"embeddable":true,"href":"https:\/\/levandupieva.lt\/en\/wp-json\/wp\/v2\/comments?post=4152"}],"wp:featuredmedia":[{"embeddable":true,"href":"https:\/\/levandupieva.lt\/en\/wp-json\/wp\/v2\/media\/4153"}],"wp:attachment":[{"href":"https:\/\/levandupieva.lt\/en\/wp-json\/wp\/v2\/media?parent=4152"}],"wp:term":[{"taxonomy":"product_brand","embeddable":true,"href":"https:\/\/levandupieva.lt\/en\/wp-json\/wp\/v2\/product_brand?post=4152"},{"taxonomy":"product_cat","embeddable":true,"href":"https:\/\/levandupieva.lt\/en\/wp-json\/wp\/v2\/product_cat?post=4152"},{"taxonomy":"product_tag","embeddable":true,"href":"https:\/\/levandupieva.lt\/en\/wp-json\/wp\/v2\/product_tag?post=4152"}],"curies":[{"name":"wp","href":"https:\/\/api.w.org\/{rel}","templated":true}]}}