{"id":4335,"date":"2021-10-20T16:54:23","date_gmt":"2021-10-20T16:54:23","guid":{"rendered":"https:\/\/levandupieva.lt\/?post_type=product&#038;p=4335"},"modified":"2025-12-17T06:30:56","modified_gmt":"2025-12-17T06:30:56","slug":"ersketuogiu-seklu-aliejus","status":"publish","type":"product","link":"https:\/\/levandupieva.lt\/en\/product\/ersketuogiu-seklu-aliejus\/","title":{"rendered":"Er\u0161k\u0117tuogi\u0173 s\u0117kl\u0173 aliejus"},"content":{"rendered":"<p>Ypatingos kokyb\u0117s nat\u016bralus nerafinuotas er\u0161k\u0117tuogi\u0173 s\u0117kl\u0173 aliejus, spaustas \u0161altuoju b\u016bdu, taip i\u0161saugant verting\u0105sias aliejaus savybes. \u0160is aliejus i\u0161 Bulgarijos kalnuose augan\u010di\u0173 laukini\u0173 er\u0161k\u0117tuogi\u0173 s\u0117kl\u0173. Aliejus ry\u0161kiai oran\u017ein\u0117s (link raudonumo) spalvos, \u0161i nat\u016brali spalva patvirtina, kad aliejuje yra didelis kiekis karotinoid\u0173. Karotinoidai padeda apsaugoti l\u0105steles nuo pa\u017eeidim\u0173 ir sen\u0117jimo, taip pat skatina odos l\u0105steli\u0173 atsinaujinim\u0105.<\/p>\n<p><strong>Jau turime \u0161io \u0161vie\u017eiai spausto aliejaus papildym\u0105. Geriausia iki 2026\/03.\u00a0<\/strong><\/p>\n<p>Daugiau apie er\u0161k\u0117tuogi\u0173 aliejaus naud\u0105 skaitykite:<\/p>\n<blockquote class=\"wp-embedded-content\" data-secret=\"YJr8z8APkl\"><p><a href=\"https:\/\/levandupieva.lt\/en\/2022\/01\/04\/ersketuogiu-seklu-aliejaus-nauda\/\">Er\u0161k\u0117tuogi\u0173 s\u0117kl\u0173 aliejaus nauda<\/a><\/p><\/blockquote>\n<p><iframe loading=\"lazy\" class=\"wp-embedded-content\" sandbox=\"allow-scripts\" security=\"restricted\" style=\"position: absolute; visibility: hidden;\" title=\"&#8220;Er\u0161k\u0117tuogi\u0173 s\u0117kl\u0173 aliejaus nauda&#8221; &#8212; Levand\u0173 pieva\" src=\"https:\/\/levandupieva.lt\/2022\/01\/04\/ersketuogiu-seklu-aliejaus-nauda\/embed\/#?secret=ncKCrRW9KH#?secret=YJr8z8APkl\" data-secret=\"YJr8z8APkl\" width=\"600\" height=\"338\" frameborder=\"0\" marginwidth=\"0\" marginheight=\"0\" scrolling=\"no\"><\/iframe><\/p>\n<p>&nbsp;<\/p>\n<p>INCI: Rosa Canina Seed Oil. Kilm\u0117s \u0161alis &#8211; Bulgarija.<\/p>\n<p>Aliej\u0173 laikykite v\u0117sioje, tamsioje vietoje (geriausia \u0161aldytuve), saugoti nuo tiesiogini\u0173 saul\u0117s spinduli\u0173.<\/p>\n<p>15 ml ir 30 ml talpos aliejus fasuojamas \u012f tamsaus stiklo buteliukus su pipet\u0117mis,\u00a0 50 ml ir 100 ml talpos aliejus fasuojamas \u012f tamsaus stiklo buteliukus su gaubteliais, o 300 ml\u00a0 talpos aliejus fasuojamas \u012f tamsaus stiklo butelius su gaubteliais, turin\u010diais garantin\u012f \u017eied\u0105, apsaugos nuo pakartotinio \u012fpylimo mechanizm\u0105, piltuv\u0117l\u012f. Norint u\u017esakyti\u00a0 100 ml produkt\u0105 vietoje gaubtelio &#8211; su pipete, reik\u0117t\u0173 papildomai pipet\u0119 pasirinkti prie taros skilties.<\/p>","protected":false},"excerpt":{"rendered":"<p>Ypatingos kokyb\u0117s nat\u016bralus nerafinuotas er\u0161k\u0117tuogi\u0173 s\u0117kl\u0173 aliejus, spaustas \u0161altuoju b\u016bdu, taip i\u0161saugant verting\u0105sias aliejaus savybes. \u0160is aliejus i\u0161 Bulgarijos kalnuose augan\u010di\u0173 laukini\u0173 er\u0161k\u0117tuogi\u0173 s\u0117kl\u0173. Aliejus ry\u0161kiai oran\u017ein\u0117s (link raudonumo) spalvos, \u0161i nat\u016brali spalva patvirtina, kad aliejuje yra didelis kiekis karotinoid\u0173. Karotinoidai padeda apsaugoti l\u0105steles nuo pa\u017eeidim\u0173 ir sen\u0117jimo, taip pat skatina odos l\u0105steli\u0173 atsinaujinim\u0105.<\/p>\n<p><strong>Geriausia iki 2026\/03.\u00a0<\/strong><\/p>\n<p>Daugiau apie er\u0161k\u0117tuogi\u0173 aliejaus naud\u0105 skaitykite:<\/p>\n<p>https:\/\/levandupieva.lt\/2022\/01\/04\/ersketuogiu-seklu-aliejaus-nauda\/<\/p>\n<p>INCI: Rosa Canina Seed Oil. Kilm\u0117s \u0161alis &#8211; Bulgarija.<\/p>\n<p>Aliej\u0173 laikykite v\u0117sioje, tamsioje vietoje (geriausia \u0161aldytuve), saugoti nuo tiesiogini\u0173 saul\u0117s spinduli\u0173.<\/p>\n<p>15 ml ir 30 ml talpos aliejus fasuojamas \u012f tamsaus stiklo buteliukus su pipet\u0117mis,\u00a0 50 ml ir 100 ml talpos aliejus fasuojamas \u012f tamsaus stiklo buteliukus su gaubteliais, o 300 ml\u00a0 talpos aliejus fasuojamas \u012f tamsaus stiklo butelius su gaubteliais, turin\u010diais garantin\u012f \u017eied\u0105, apsaugos nuo pakartotinio \u012fpylimo mechanizm\u0105, piltuv\u0117l\u012f. Norint u\u017esakyti\u00a0 100 ml produkt\u0105 vietoje gaubtelio &#8211; su pipete, reik\u0117t\u0173 papildomai pipet\u0119 pasirinkti prie taros skilties.<\/p>\n<p>&nbsp;<\/p>","protected":false},"featured_media":5335,"comment_status":"open","ping_status":"closed","template":"","meta":[],"product_brand":[],"product_cat":[70],"product_tag":[229],"class_list":{"0":"post-4335","1":"product","2":"type-product","3":"status-publish","4":"has-post-thumbnail","6":"product_cat-zaliava","7":"product_tag-ersketuogiu-seklu-aliejus","9":"first","10":"outofstock","11":"shipping-taxable","12":"purchasable","13":"product-type-variable","14":"has-default-attributes"},"yoast_head":"<!-- This site is optimized with the Yoast SEO plugin v24.8.1 - https:\/\/yoast.com\/wordpress\/plugins\/seo\/ -->\n<title>Er\u0161k\u0117tuogi\u0173 s\u0117kl\u0173 aliejus - Levand\u0173 pieva<\/title>\n<meta name=\"robots\" content=\"index, follow, max-snippet:-1, max-image-preview:large, max-video-preview:-1\" \/>\n<link rel=\"canonical\" href=\"https:\/\/levandupieva.lt\/en\/product\/ersketuogiu-seklu-aliejus\/\" \/>\n<meta property=\"og:locale\" content=\"en_GB\" \/>\n<meta property=\"og:type\" content=\"article\" \/>\n<meta property=\"og:title\" content=\"Er\u0161k\u0117tuogi\u0173 s\u0117kl\u0173 aliejus - Levand\u0173 pieva\" \/>\n<meta property=\"og:description\" content=\"Ypatingos kokyb\u0117s nat\u016bralus nerafinuotas er\u0161k\u0117tuogi\u0173 s\u0117kl\u0173 aliejus, spaustas \u0161altuoju b\u016bdu, taip i\u0161saugant verting\u0105sias aliejaus savybes. \u0160is aliejus i\u0161 Bulgarijos kalnuose augan\u010di\u0173 laukini\u0173 er\u0161k\u0117tuogi\u0173 s\u0117kl\u0173. Aliejus ry\u0161kiai oran\u017ein\u0117s (link raudonumo) spalvos, \u0161i nat\u016brali spalva patvirtina, kad aliejuje yra didelis kiekis karotinoid\u0173. Karotinoidai padeda apsaugoti l\u0105steles nuo pa\u017eeidim\u0173 ir sen\u0117jimo, taip pat skatina odos l\u0105steli\u0173 atsinaujinim\u0105.  Geriausia iki 2026\/03.\u00a0  Daugiau apie er\u0161k\u0117tuogi\u0173 aliejaus naud\u0105 skaitykite:  https:\/\/levandupieva.lt\/2022\/01\/04\/ersketuogiu-seklu-aliejaus-nauda\/  INCI: Rosa Canina Seed Oil. Kilm\u0117s \u0161alis - Bulgarija.  Aliej\u0173 laikykite v\u0117sioje, tamsioje vietoje (geriausia \u0161aldytuve), saugoti nuo tiesiogini\u0173 saul\u0117s spinduli\u0173.  15 ml ir 30 ml talpos aliejus fasuojamas \u012f tamsaus stiklo buteliukus su pipet\u0117mis,\u00a0 50 ml ir 100 ml talpos aliejus fasuojamas \u012f tamsaus stiklo buteliukus su gaubteliais, o 300 ml\u00a0 talpos aliejus fasuojamas \u012f tamsaus stiklo butelius su gaubteliais, turin\u010diais garantin\u012f \u017eied\u0105, apsaugos nuo pakartotinio \u012fpylimo mechanizm\u0105, piltuv\u0117l\u012f. Norint u\u017esakyti\u00a0 100 ml produkt\u0105 vietoje gaubtelio - su pipete, reik\u0117t\u0173 papildomai pipet\u0119 pasirinkti prie taros skilties.  &nbsp;\" \/>\n<meta property=\"og:url\" content=\"https:\/\/levandupieva.lt\/en\/product\/ersketuogiu-seklu-aliejus\/\" \/>\n<meta property=\"og:site_name\" content=\"Levand\u0173 pieva\" \/>\n<meta property=\"article:publisher\" content=\"https:\/\/www.facebook.com\/Levandupieva\" \/>\n<meta property=\"article:modified_time\" content=\"2025-12-17T06:30:56+00:00\" \/>\n<meta property=\"og:image\" content=\"https:\/\/levandupieva.lt\/wp-content\/uploads\/2021\/10\/189028032120143-bor8826-\u0430jpg-scaled.jpg\" \/>\n\t<meta property=\"og:image:width\" content=\"2560\" \/>\n\t<meta property=\"og:image:height\" content=\"1936\" \/>\n\t<meta property=\"og:image:type\" content=\"image\/jpeg\" \/>\n<meta name=\"twitter:card\" content=\"summary_large_image\" \/>\n<meta name=\"twitter:label1\" content=\"Estimated reading time\" \/>\n\t<meta name=\"twitter:data1\" content=\"2 minutes\" \/>\n<script type=\"application\/ld+json\" class=\"yoast-schema-graph\">{\"@context\":\"https:\/\/schema.org\",\"@graph\":[{\"@type\":\"WebPage\",\"@id\":\"https:\/\/levandupieva.lt\/produktas\/ersketuogiu-seklu-aliejus\/\",\"url\":\"https:\/\/levandupieva.lt\/produktas\/ersketuogiu-seklu-aliejus\/\",\"name\":\"Er\u0161k\u0117tuogi\u0173 s\u0117kl\u0173 aliejus - Levand\u0173 pieva\",\"isPartOf\":{\"@id\":\"https:\/\/levandupieva.lt\/#website\"},\"primaryImageOfPage\":{\"@id\":\"https:\/\/levandupieva.lt\/produktas\/ersketuogiu-seklu-aliejus\/#primaryimage\"},\"image\":{\"@id\":\"https:\/\/levandupieva.lt\/produktas\/ersketuogiu-seklu-aliejus\/#primaryimage\"},\"thumbnailUrl\":\"https:\/\/levandupieva.lt\/wp-content\/uploads\/2021\/10\/189028032120143-bor8826-\u0430jpg-scaled.jpg\",\"datePublished\":\"2021-10-20T16:54:23+00:00\",\"dateModified\":\"2025-12-17T06:30:56+00:00\",\"breadcrumb\":{\"@id\":\"https:\/\/levandupieva.lt\/produktas\/ersketuogiu-seklu-aliejus\/#breadcrumb\"},\"inLanguage\":\"en-GB\",\"potentialAction\":[{\"@type\":\"ReadAction\",\"target\":[\"https:\/\/levandupieva.lt\/produktas\/ersketuogiu-seklu-aliejus\/\"]}]},{\"@type\":\"ImageObject\",\"inLanguage\":\"en-GB\",\"@id\":\"https:\/\/levandupieva.lt\/produktas\/ersketuogiu-seklu-aliejus\/#primaryimage\",\"url\":\"https:\/\/levandupieva.lt\/wp-content\/uploads\/2021\/10\/189028032120143-bor8826-\u0430jpg-scaled.jpg\",\"contentUrl\":\"https:\/\/levandupieva.lt\/wp-content\/uploads\/2021\/10\/189028032120143-bor8826-\u0430jpg-scaled.jpg\",\"width\":2560,\"height\":1936},{\"@type\":\"BreadcrumbList\",\"@id\":\"https:\/\/levandupieva.lt\/produktas\/ersketuogiu-seklu-aliejus\/#breadcrumb\",\"itemListElement\":[{\"@type\":\"ListItem\",\"position\":1,\"name\":\"Home\",\"item\":\"https:\/\/levandupieva.lt\/\"},{\"@type\":\"ListItem\",\"position\":2,\"name\":\"Parduotuv\u0117\",\"item\":\"https:\/\/levandupieva.lt\/parduotuve\/\"},{\"@type\":\"ListItem\",\"position\":3,\"name\":\"Er\u0161k\u0117tuogi\u0173 s\u0117kl\u0173 aliejus\"}]},{\"@type\":\"WebSite\",\"@id\":\"https:\/\/levandupieva.lt\/#website\",\"url\":\"https:\/\/levandupieva.lt\/\",\"name\":\"Levand\u0173 pieva\",\"description\":\"\",\"publisher\":{\"@id\":\"https:\/\/levandupieva.lt\/#organization\"},\"potentialAction\":[{\"@type\":\"SearchAction\",\"target\":{\"@type\":\"EntryPoint\",\"urlTemplate\":\"https:\/\/levandupieva.lt\/?s={search_term_string}\"},\"query-input\":{\"@type\":\"PropertyValueSpecification\",\"valueRequired\":true,\"valueName\":\"search_term_string\"}}],\"inLanguage\":\"en-GB\"},{\"@type\":\"Organization\",\"@id\":\"https:\/\/levandupieva.lt\/#organization\",\"name\":\"Levan\u0173 Pieva\",\"url\":\"https:\/\/levandupieva.lt\/\",\"logo\":{\"@type\":\"ImageObject\",\"inLanguage\":\"en-GB\",\"@id\":\"https:\/\/levandupieva.lt\/#\/schema\/logo\/image\/\",\"url\":\"https:\/\/levandupieva.lt\/wp-content\/uploads\/2021\/03\/cropped-logo-e1446013442350.png\",\"contentUrl\":\"https:\/\/levandupieva.lt\/wp-content\/uploads\/2021\/03\/cropped-logo-e1446013442350.png\",\"width\":654,\"height\":287,\"caption\":\"Levan\u0173 Pieva\"},\"image\":{\"@id\":\"https:\/\/levandupieva.lt\/#\/schema\/logo\/image\/\"},\"sameAs\":[\"https:\/\/www.facebook.com\/Levandupieva\"]}]}<\/script>\n<!-- \/ Yoast SEO plugin. -->","yoast_head_json":{"title":"Er\u0161k\u0117tuogi\u0173 s\u0117kl\u0173 aliejus - Levand\u0173 pieva","robots":{"index":"index","follow":"follow","max-snippet":"max-snippet:-1","max-image-preview":"max-image-preview:large","max-video-preview":"max-video-preview:-1"},"canonical":"https:\/\/levandupieva.lt\/en\/product\/ersketuogiu-seklu-aliejus\/","og_locale":"en_GB","og_type":"article","og_title":"Er\u0161k\u0117tuogi\u0173 s\u0117kl\u0173 aliejus - Levand\u0173 pieva","og_description":"Ypatingos kokyb\u0117s nat\u016bralus nerafinuotas er\u0161k\u0117tuogi\u0173 s\u0117kl\u0173 aliejus, spaustas \u0161altuoju b\u016bdu, taip i\u0161saugant verting\u0105sias aliejaus savybes. \u0160is aliejus i\u0161 Bulgarijos kalnuose augan\u010di\u0173 laukini\u0173 er\u0161k\u0117tuogi\u0173 s\u0117kl\u0173. Aliejus ry\u0161kiai oran\u017ein\u0117s (link raudonumo) spalvos, \u0161i nat\u016brali spalva patvirtina, kad aliejuje yra didelis kiekis karotinoid\u0173. Karotinoidai padeda apsaugoti l\u0105steles nuo pa\u017eeidim\u0173 ir sen\u0117jimo, taip pat skatina odos l\u0105steli\u0173 atsinaujinim\u0105.  Geriausia iki 2026\/03.\u00a0  Daugiau apie er\u0161k\u0117tuogi\u0173 aliejaus naud\u0105 skaitykite:  https:\/\/levandupieva.lt\/2022\/01\/04\/ersketuogiu-seklu-aliejaus-nauda\/  INCI: Rosa Canina Seed Oil. Kilm\u0117s \u0161alis - Bulgarija.  Aliej\u0173 laikykite v\u0117sioje, tamsioje vietoje (geriausia \u0161aldytuve), saugoti nuo tiesiogini\u0173 saul\u0117s spinduli\u0173.  15 ml ir 30 ml talpos aliejus fasuojamas \u012f tamsaus stiklo buteliukus su pipet\u0117mis,\u00a0 50 ml ir 100 ml talpos aliejus fasuojamas \u012f tamsaus stiklo buteliukus su gaubteliais, o 300 ml\u00a0 talpos aliejus fasuojamas \u012f tamsaus stiklo butelius su gaubteliais, turin\u010diais garantin\u012f \u017eied\u0105, apsaugos nuo pakartotinio \u012fpylimo mechanizm\u0105, piltuv\u0117l\u012f. Norint u\u017esakyti\u00a0 100 ml produkt\u0105 vietoje gaubtelio - su pipete, reik\u0117t\u0173 papildomai pipet\u0119 pasirinkti prie taros skilties.  &nbsp;","og_url":"https:\/\/levandupieva.lt\/en\/product\/ersketuogiu-seklu-aliejus\/","og_site_name":"Levand\u0173 pieva","article_publisher":"https:\/\/www.facebook.com\/Levandupieva","article_modified_time":"2025-12-17T06:30:56+00:00","og_image":[{"width":2560,"height":1936,"url":"https:\/\/levandupieva.lt\/wp-content\/uploads\/2021\/10\/189028032120143-bor8826-\u0430jpg-scaled.jpg","type":"image\/jpeg"}],"twitter_card":"summary_large_image","twitter_misc":{"Estimated reading time":"2 minutes"},"schema":{"@context":"https:\/\/schema.org","@graph":[{"@type":"WebPage","@id":"https:\/\/levandupieva.lt\/produktas\/ersketuogiu-seklu-aliejus\/","url":"https:\/\/levandupieva.lt\/produktas\/ersketuogiu-seklu-aliejus\/","name":"Er\u0161k\u0117tuogi\u0173 s\u0117kl\u0173 aliejus - Levand\u0173 pieva","isPartOf":{"@id":"https:\/\/levandupieva.lt\/#website"},"primaryImageOfPage":{"@id":"https:\/\/levandupieva.lt\/produktas\/ersketuogiu-seklu-aliejus\/#primaryimage"},"image":{"@id":"https:\/\/levandupieva.lt\/produktas\/ersketuogiu-seklu-aliejus\/#primaryimage"},"thumbnailUrl":"https:\/\/levandupieva.lt\/wp-content\/uploads\/2021\/10\/189028032120143-bor8826-\u0430jpg-scaled.jpg","datePublished":"2021-10-20T16:54:23+00:00","dateModified":"2025-12-17T06:30:56+00:00","breadcrumb":{"@id":"https:\/\/levandupieva.lt\/produktas\/ersketuogiu-seklu-aliejus\/#breadcrumb"},"inLanguage":"en-GB","potentialAction":[{"@type":"ReadAction","target":["https:\/\/levandupieva.lt\/produktas\/ersketuogiu-seklu-aliejus\/"]}]},{"@type":"ImageObject","inLanguage":"en-GB","@id":"https:\/\/levandupieva.lt\/produktas\/ersketuogiu-seklu-aliejus\/#primaryimage","url":"https:\/\/levandupieva.lt\/wp-content\/uploads\/2021\/10\/189028032120143-bor8826-\u0430jpg-scaled.jpg","contentUrl":"https:\/\/levandupieva.lt\/wp-content\/uploads\/2021\/10\/189028032120143-bor8826-\u0430jpg-scaled.jpg","width":2560,"height":1936},{"@type":"BreadcrumbList","@id":"https:\/\/levandupieva.lt\/produktas\/ersketuogiu-seklu-aliejus\/#breadcrumb","itemListElement":[{"@type":"ListItem","position":1,"name":"Home","item":"https:\/\/levandupieva.lt\/"},{"@type":"ListItem","position":2,"name":"Parduotuv\u0117","item":"https:\/\/levandupieva.lt\/parduotuve\/"},{"@type":"ListItem","position":3,"name":"Er\u0161k\u0117tuogi\u0173 s\u0117kl\u0173 aliejus"}]},{"@type":"WebSite","@id":"https:\/\/levandupieva.lt\/#website","url":"https:\/\/levandupieva.lt\/","name":"Levand\u0173 pieva","description":"","publisher":{"@id":"https:\/\/levandupieva.lt\/#organization"},"potentialAction":[{"@type":"SearchAction","target":{"@type":"EntryPoint","urlTemplate":"https:\/\/levandupieva.lt\/?s={search_term_string}"},"query-input":{"@type":"PropertyValueSpecification","valueRequired":true,"valueName":"search_term_string"}}],"inLanguage":"en-GB"},{"@type":"Organization","@id":"https:\/\/levandupieva.lt\/#organization","name":"Levan\u0173 Pieva","url":"https:\/\/levandupieva.lt\/","logo":{"@type":"ImageObject","inLanguage":"en-GB","@id":"https:\/\/levandupieva.lt\/#\/schema\/logo\/image\/","url":"https:\/\/levandupieva.lt\/wp-content\/uploads\/2021\/03\/cropped-logo-e1446013442350.png","contentUrl":"https:\/\/levandupieva.lt\/wp-content\/uploads\/2021\/03\/cropped-logo-e1446013442350.png","width":654,"height":287,"caption":"Levan\u0173 Pieva"},"image":{"@id":"https:\/\/levandupieva.lt\/#\/schema\/logo\/image\/"},"sameAs":["https:\/\/www.facebook.com\/Levandupieva"]}]}},"_links":{"self":[{"href":"https:\/\/levandupieva.lt\/en\/wp-json\/wp\/v2\/product\/4335","targetHints":{"allow":["GET"]}}],"collection":[{"href":"https:\/\/levandupieva.lt\/en\/wp-json\/wp\/v2\/product"}],"about":[{"href":"https:\/\/levandupieva.lt\/en\/wp-json\/wp\/v2\/types\/product"}],"replies":[{"embeddable":true,"href":"https:\/\/levandupieva.lt\/en\/wp-json\/wp\/v2\/comments?post=4335"}],"wp:featuredmedia":[{"embeddable":true,"href":"https:\/\/levandupieva.lt\/en\/wp-json\/wp\/v2\/media\/5335"}],"wp:attachment":[{"href":"https:\/\/levandupieva.lt\/en\/wp-json\/wp\/v2\/media?parent=4335"}],"wp:term":[{"taxonomy":"product_brand","embeddable":true,"href":"https:\/\/levandupieva.lt\/en\/wp-json\/wp\/v2\/product_brand?post=4335"},{"taxonomy":"product_cat","embeddable":true,"href":"https:\/\/levandupieva.lt\/en\/wp-json\/wp\/v2\/product_cat?post=4335"},{"taxonomy":"product_tag","embeddable":true,"href":"https:\/\/levandupieva.lt\/en\/wp-json\/wp\/v2\/product_tag?post=4335"}],"curies":[{"name":"wp","href":"https:\/\/api.w.org\/{rel}","templated":true}]}}