{"id":4352,"date":"2021-10-20T18:08:12","date_gmt":"2021-10-20T18:08:12","guid":{"rendered":"https:\/\/levandupieva.lt\/?post_type=product&#038;p=4352"},"modified":"2024-08-23T09:11:50","modified_gmt":"2024-08-23T09:11:50","slug":"metu-vanduo","status":"publish","type":"product","link":"https:\/\/levandupieva.lt\/en\/product\/metu-vanduo\/","title":{"rendered":"M\u0117t\u0173 hidrolatas"},"content":{"rendered":"<p>M\u0117t\u0173 vanduo (hidrolatas). Kilm\u0117s \u0161alis \u2013 Lietuva.\u00a0 Gaivaus aromato nat\u016bralus produktas. 50 ml arba 100 ml talpos stiklinis buteliukas su purk\u0161tuku. 300\u00a0 ml hidrolatas fasuojamas \u012f tams\u0173 butel\u012f su gaubteliu.<\/p>\n<p><strong>Jau turime 2024 m. derliaus m\u0117t\u0173 hidrolato!<\/strong><\/p>","protected":false},"excerpt":{"rendered":"<p>M\u0117t\u0173 vanduo (hidrolatas). Kilm\u0117s \u0161alis \u2013 Lietuva.\u00a0 Gaivaus aromato nat\u016bralus produktas. 50 ml arba 100 ml talpos stiklinis buteliukas su purk\u0161tuku. 300\u00a0 ml hidrolatas fasuojamas \u012f tams\u0173 butel\u012f su gaubteliu.<\/p>\n<p><strong>Jau turime 2024 m. derliaus m\u0117t\u0173 hidrolato!<\/strong><\/p>","protected":false},"featured_media":4353,"comment_status":"open","ping_status":"closed","template":"","meta":[],"product_brand":[],"product_cat":[70],"product_tag":[145],"class_list":{"0":"post-4352","1":"product","2":"type-product","3":"status-publish","4":"has-post-thumbnail","6":"product_cat-zaliava","7":"product_tag-metu-vanduo","9":"first","10":"instock","11":"shipping-taxable","12":"purchasable","13":"product-type-variable","14":"has-default-attributes"},"yoast_head":"<!-- This site is optimized with the Yoast SEO plugin v24.8.1 - https:\/\/yoast.com\/wordpress\/plugins\/seo\/ -->\n<title>M\u0117t\u0173 hidrolatas - Levand\u0173 pieva<\/title>\n<meta name=\"robots\" content=\"index, follow, max-snippet:-1, max-image-preview:large, max-video-preview:-1\" \/>\n<link rel=\"canonical\" href=\"https:\/\/levandupieva.lt\/en\/product\/metu-vanduo\/\" \/>\n<meta property=\"og:locale\" content=\"en_GB\" \/>\n<meta property=\"og:type\" content=\"article\" \/>\n<meta property=\"og:title\" content=\"M\u0117t\u0173 hidrolatas - Levand\u0173 pieva\" \/>\n<meta property=\"og:description\" content=\"M\u0117t\u0173 vanduo (hidrolatas). Kilm\u0117s \u0161alis \u2013 Lietuva.\u00a0 Gaivaus aromato nat\u016bralus produktas. 50 ml arba 100 ml talpos stiklinis buteliukas su purk\u0161tuku. 300\u00a0 ml hidrolatas fasuojamas \u012f tams\u0173 butel\u012f su gaubteliu.  Jau turime 2024 m. derliaus m\u0117t\u0173 hidrolato!\" \/>\n<meta property=\"og:url\" content=\"https:\/\/levandupieva.lt\/en\/product\/metu-vanduo\/\" \/>\n<meta property=\"og:site_name\" content=\"Levand\u0173 pieva\" \/>\n<meta property=\"article:publisher\" content=\"https:\/\/www.facebook.com\/Levandupieva\" \/>\n<meta property=\"article:modified_time\" content=\"2024-08-23T09:11:50+00:00\" \/>\n<meta property=\"og:image\" content=\"https:\/\/levandupieva.lt\/wp-content\/uploads\/2021\/10\/meta-scaled.jpg\" \/>\n\t<meta property=\"og:image:width\" content=\"1963\" \/>\n\t<meta property=\"og:image:height\" content=\"2560\" \/>\n\t<meta property=\"og:image:type\" content=\"image\/jpeg\" \/>\n<meta name=\"twitter:card\" content=\"summary_large_image\" \/>\n<meta name=\"twitter:label1\" content=\"Estimated reading time\" \/>\n\t<meta name=\"twitter:data1\" content=\"1 minute\" \/>\n<script type=\"application\/ld+json\" class=\"yoast-schema-graph\">{\"@context\":\"https:\/\/schema.org\",\"@graph\":[{\"@type\":\"WebPage\",\"@id\":\"https:\/\/levandupieva.lt\/produktas\/metu-vanduo\/\",\"url\":\"https:\/\/levandupieva.lt\/produktas\/metu-vanduo\/\",\"name\":\"M\u0117t\u0173 hidrolatas - Levand\u0173 pieva\",\"isPartOf\":{\"@id\":\"https:\/\/levandupieva.lt\/#website\"},\"primaryImageOfPage\":{\"@id\":\"https:\/\/levandupieva.lt\/produktas\/metu-vanduo\/#primaryimage\"},\"image\":{\"@id\":\"https:\/\/levandupieva.lt\/produktas\/metu-vanduo\/#primaryimage\"},\"thumbnailUrl\":\"https:\/\/levandupieva.lt\/wp-content\/uploads\/2021\/10\/meta-scaled.jpg\",\"datePublished\":\"2021-10-20T18:08:12+00:00\",\"dateModified\":\"2024-08-23T09:11:50+00:00\",\"breadcrumb\":{\"@id\":\"https:\/\/levandupieva.lt\/produktas\/metu-vanduo\/#breadcrumb\"},\"inLanguage\":\"en-GB\",\"potentialAction\":[{\"@type\":\"ReadAction\",\"target\":[\"https:\/\/levandupieva.lt\/produktas\/metu-vanduo\/\"]}]},{\"@type\":\"ImageObject\",\"inLanguage\":\"en-GB\",\"@id\":\"https:\/\/levandupieva.lt\/produktas\/metu-vanduo\/#primaryimage\",\"url\":\"https:\/\/levandupieva.lt\/wp-content\/uploads\/2021\/10\/meta-scaled.jpg\",\"contentUrl\":\"https:\/\/levandupieva.lt\/wp-content\/uploads\/2021\/10\/meta-scaled.jpg\",\"width\":1963,\"height\":2560,\"caption\":\"sdr_vivi\"},{\"@type\":\"BreadcrumbList\",\"@id\":\"https:\/\/levandupieva.lt\/produktas\/metu-vanduo\/#breadcrumb\",\"itemListElement\":[{\"@type\":\"ListItem\",\"position\":1,\"name\":\"Home\",\"item\":\"https:\/\/levandupieva.lt\/\"},{\"@type\":\"ListItem\",\"position\":2,\"name\":\"Parduotuv\u0117\",\"item\":\"https:\/\/levandupieva.lt\/parduotuve\/\"},{\"@type\":\"ListItem\",\"position\":3,\"name\":\"M\u0117t\u0173 hidrolatas\"}]},{\"@type\":\"WebSite\",\"@id\":\"https:\/\/levandupieva.lt\/#website\",\"url\":\"https:\/\/levandupieva.lt\/\",\"name\":\"Levand\u0173 pieva\",\"description\":\"\",\"publisher\":{\"@id\":\"https:\/\/levandupieva.lt\/#organization\"},\"potentialAction\":[{\"@type\":\"SearchAction\",\"target\":{\"@type\":\"EntryPoint\",\"urlTemplate\":\"https:\/\/levandupieva.lt\/?s={search_term_string}\"},\"query-input\":{\"@type\":\"PropertyValueSpecification\",\"valueRequired\":true,\"valueName\":\"search_term_string\"}}],\"inLanguage\":\"en-GB\"},{\"@type\":\"Organization\",\"@id\":\"https:\/\/levandupieva.lt\/#organization\",\"name\":\"Levan\u0173 Pieva\",\"url\":\"https:\/\/levandupieva.lt\/\",\"logo\":{\"@type\":\"ImageObject\",\"inLanguage\":\"en-GB\",\"@id\":\"https:\/\/levandupieva.lt\/#\/schema\/logo\/image\/\",\"url\":\"https:\/\/levandupieva.lt\/wp-content\/uploads\/2021\/03\/cropped-logo-e1446013442350.png\",\"contentUrl\":\"https:\/\/levandupieva.lt\/wp-content\/uploads\/2021\/03\/cropped-logo-e1446013442350.png\",\"width\":654,\"height\":287,\"caption\":\"Levan\u0173 Pieva\"},\"image\":{\"@id\":\"https:\/\/levandupieva.lt\/#\/schema\/logo\/image\/\"},\"sameAs\":[\"https:\/\/www.facebook.com\/Levandupieva\"]}]}<\/script>\n<!-- \/ Yoast SEO plugin. -->","yoast_head_json":{"title":"M\u0117t\u0173 hidrolatas - Levand\u0173 pieva","robots":{"index":"index","follow":"follow","max-snippet":"max-snippet:-1","max-image-preview":"max-image-preview:large","max-video-preview":"max-video-preview:-1"},"canonical":"https:\/\/levandupieva.lt\/en\/product\/metu-vanduo\/","og_locale":"en_GB","og_type":"article","og_title":"M\u0117t\u0173 hidrolatas - Levand\u0173 pieva","og_description":"M\u0117t\u0173 vanduo (hidrolatas). Kilm\u0117s \u0161alis \u2013 Lietuva.\u00a0 Gaivaus aromato nat\u016bralus produktas. 50 ml arba 100 ml talpos stiklinis buteliukas su purk\u0161tuku. 300\u00a0 ml hidrolatas fasuojamas \u012f tams\u0173 butel\u012f su gaubteliu.  Jau turime 2024 m. derliaus m\u0117t\u0173 hidrolato!","og_url":"https:\/\/levandupieva.lt\/en\/product\/metu-vanduo\/","og_site_name":"Levand\u0173 pieva","article_publisher":"https:\/\/www.facebook.com\/Levandupieva","article_modified_time":"2024-08-23T09:11:50+00:00","og_image":[{"width":1963,"height":2560,"url":"https:\/\/levandupieva.lt\/wp-content\/uploads\/2021\/10\/meta-scaled.jpg","type":"image\/jpeg"}],"twitter_card":"summary_large_image","twitter_misc":{"Estimated reading time":"1 minute"},"schema":{"@context":"https:\/\/schema.org","@graph":[{"@type":"WebPage","@id":"https:\/\/levandupieva.lt\/produktas\/metu-vanduo\/","url":"https:\/\/levandupieva.lt\/produktas\/metu-vanduo\/","name":"M\u0117t\u0173 hidrolatas - Levand\u0173 pieva","isPartOf":{"@id":"https:\/\/levandupieva.lt\/#website"},"primaryImageOfPage":{"@id":"https:\/\/levandupieva.lt\/produktas\/metu-vanduo\/#primaryimage"},"image":{"@id":"https:\/\/levandupieva.lt\/produktas\/metu-vanduo\/#primaryimage"},"thumbnailUrl":"https:\/\/levandupieva.lt\/wp-content\/uploads\/2021\/10\/meta-scaled.jpg","datePublished":"2021-10-20T18:08:12+00:00","dateModified":"2024-08-23T09:11:50+00:00","breadcrumb":{"@id":"https:\/\/levandupieva.lt\/produktas\/metu-vanduo\/#breadcrumb"},"inLanguage":"en-GB","potentialAction":[{"@type":"ReadAction","target":["https:\/\/levandupieva.lt\/produktas\/metu-vanduo\/"]}]},{"@type":"ImageObject","inLanguage":"en-GB","@id":"https:\/\/levandupieva.lt\/produktas\/metu-vanduo\/#primaryimage","url":"https:\/\/levandupieva.lt\/wp-content\/uploads\/2021\/10\/meta-scaled.jpg","contentUrl":"https:\/\/levandupieva.lt\/wp-content\/uploads\/2021\/10\/meta-scaled.jpg","width":1963,"height":2560,"caption":"sdr_vivi"},{"@type":"BreadcrumbList","@id":"https:\/\/levandupieva.lt\/produktas\/metu-vanduo\/#breadcrumb","itemListElement":[{"@type":"ListItem","position":1,"name":"Home","item":"https:\/\/levandupieva.lt\/"},{"@type":"ListItem","position":2,"name":"Parduotuv\u0117","item":"https:\/\/levandupieva.lt\/parduotuve\/"},{"@type":"ListItem","position":3,"name":"M\u0117t\u0173 hidrolatas"}]},{"@type":"WebSite","@id":"https:\/\/levandupieva.lt\/#website","url":"https:\/\/levandupieva.lt\/","name":"Levand\u0173 pieva","description":"","publisher":{"@id":"https:\/\/levandupieva.lt\/#organization"},"potentialAction":[{"@type":"SearchAction","target":{"@type":"EntryPoint","urlTemplate":"https:\/\/levandupieva.lt\/?s={search_term_string}"},"query-input":{"@type":"PropertyValueSpecification","valueRequired":true,"valueName":"search_term_string"}}],"inLanguage":"en-GB"},{"@type":"Organization","@id":"https:\/\/levandupieva.lt\/#organization","name":"Levan\u0173 Pieva","url":"https:\/\/levandupieva.lt\/","logo":{"@type":"ImageObject","inLanguage":"en-GB","@id":"https:\/\/levandupieva.lt\/#\/schema\/logo\/image\/","url":"https:\/\/levandupieva.lt\/wp-content\/uploads\/2021\/03\/cropped-logo-e1446013442350.png","contentUrl":"https:\/\/levandupieva.lt\/wp-content\/uploads\/2021\/03\/cropped-logo-e1446013442350.png","width":654,"height":287,"caption":"Levan\u0173 Pieva"},"image":{"@id":"https:\/\/levandupieva.lt\/#\/schema\/logo\/image\/"},"sameAs":["https:\/\/www.facebook.com\/Levandupieva"]}]}},"_links":{"self":[{"href":"https:\/\/levandupieva.lt\/en\/wp-json\/wp\/v2\/product\/4352","targetHints":{"allow":["GET"]}}],"collection":[{"href":"https:\/\/levandupieva.lt\/en\/wp-json\/wp\/v2\/product"}],"about":[{"href":"https:\/\/levandupieva.lt\/en\/wp-json\/wp\/v2\/types\/product"}],"replies":[{"embeddable":true,"href":"https:\/\/levandupieva.lt\/en\/wp-json\/wp\/v2\/comments?post=4352"}],"wp:featuredmedia":[{"embeddable":true,"href":"https:\/\/levandupieva.lt\/en\/wp-json\/wp\/v2\/media\/4353"}],"wp:attachment":[{"href":"https:\/\/levandupieva.lt\/en\/wp-json\/wp\/v2\/media?parent=4352"}],"wp:term":[{"taxonomy":"product_brand","embeddable":true,"href":"https:\/\/levandupieva.lt\/en\/wp-json\/wp\/v2\/product_brand?post=4352"},{"taxonomy":"product_cat","embeddable":true,"href":"https:\/\/levandupieva.lt\/en\/wp-json\/wp\/v2\/product_cat?post=4352"},{"taxonomy":"product_tag","embeddable":true,"href":"https:\/\/levandupieva.lt\/en\/wp-json\/wp\/v2\/product_tag?post=4352"}],"curies":[{"name":"wp","href":"https:\/\/api.w.org\/{rel}","templated":true}]}}