{"id":4546,"date":"2021-12-27T12:19:44","date_gmt":"2021-12-27T12:19:44","guid":{"rendered":"https:\/\/levandupieva.lt\/?post_type=product&#038;p=4546"},"modified":"2026-03-24T15:59:31","modified_gmt":"2026-03-24T15:59:31","slug":"matinio-stiklo-buteliukas-30-ml-su-pipete","status":"publish","type":"product","link":"https:\/\/levandupieva.lt\/en\/product\/matinio-stiklo-buteliukas-30-ml-su-pipete\/","title":{"rendered":"Matinio stiklo buteliukas 30 ml su sidabrine pipete"},"content":{"rendered":"<p>Matinio stiklo buteliukas su stikline pipete, kuri dozuojama paspausdus vir\u0161uje esan\u010diu i\u0161siki\u0161usiu paspaudimu (pipet\u0117 dengta sidabro spalvos aliuminiu), 30 ml talpos. Puikiai tinka naudoti fitoliams, aliejams, serumams, aliejiniams kvepalams, kt. pana\u0161ios tekst\u016bros gaminiams.<\/p>","protected":false},"excerpt":{"rendered":"<p>Matinio stiklo buteliukas su stikline pipete, kuri dozuojama paspausdus vir\u0161uje esan\u010diu i\u0161siki\u0161usiu paspaudimu (pipet\u0117 dengta sidabro spalvos aliuminiu), 30 ml talpos. Puikiai tinka naudoti fitoliams, aliejams, serumams, aliejiniams kvepalams, kt. pana\u0161ios tekst\u016bros gaminiams.<\/p>","protected":false},"featured_media":4547,"comment_status":"open","ping_status":"closed","template":"","meta":[],"product_brand":[],"product_cat":[69,73],"product_tag":[],"class_list":{"0":"post-4546","1":"product","2":"type-product","3":"status-publish","4":"has-post-thumbnail","6":"product_cat-tara","7":"product_cat-stiklo-tara","9":"first","10":"instock","11":"sale","12":"shipping-taxable","13":"purchasable","14":"product-type-simple"},"yoast_head":"<!-- This site is optimized with the Yoast SEO plugin v24.8.1 - https:\/\/yoast.com\/wordpress\/plugins\/seo\/ -->\n<title>Matinio stiklo buteliukas 30 ml su sidabrine pipete - Levand\u0173 pieva<\/title>\n<meta name=\"robots\" content=\"index, follow, max-snippet:-1, max-image-preview:large, max-video-preview:-1\" \/>\n<link rel=\"canonical\" href=\"https:\/\/levandupieva.lt\/en\/product\/matinio-stiklo-buteliukas-30-ml-su-pipete\/\" \/>\n<meta property=\"og:locale\" content=\"en_GB\" \/>\n<meta property=\"og:type\" content=\"article\" \/>\n<meta property=\"og:title\" content=\"Matinio stiklo buteliukas 30 ml su sidabrine pipete - Levand\u0173 pieva\" \/>\n<meta property=\"og:description\" content=\"Matinio stiklo buteliukas su stikline pipete, kuri dozuojama paspausdus vir\u0161uje esan\u010diu i\u0161siki\u0161usiu paspaudimu (pipet\u0117 dengta sidabro spalvos aliuminiu), 30 ml talpos. Puikiai tinka naudoti fitoliams, aliejams, serumams, aliejiniams kvepalams, kt. pana\u0161ios tekst\u016bros gaminiams.\" \/>\n<meta property=\"og:url\" content=\"https:\/\/levandupieva.lt\/en\/product\/matinio-stiklo-buteliukas-30-ml-su-pipete\/\" \/>\n<meta property=\"og:site_name\" content=\"Levand\u0173 pieva\" \/>\n<meta property=\"article:publisher\" content=\"https:\/\/www.facebook.com\/Levandupieva\" \/>\n<meta property=\"article:modified_time\" content=\"2026-03-24T15:59:31+00:00\" \/>\n<meta property=\"og:image\" content=\"https:\/\/levandupieva.lt\/wp-content\/uploads\/2021\/12\/matinis-sidabrinis-.jpeg\" \/>\n\t<meta property=\"og:image:width\" content=\"1536\" \/>\n\t<meta property=\"og:image:height\" content=\"2048\" \/>\n\t<meta property=\"og:image:type\" content=\"image\/jpeg\" \/>\n<meta name=\"twitter:card\" content=\"summary_large_image\" \/>\n<meta name=\"twitter:label1\" content=\"Estimated reading time\" \/>\n\t<meta name=\"twitter:data1\" content=\"1 minute\" \/>\n<script type=\"application\/ld+json\" class=\"yoast-schema-graph\">{\"@context\":\"https:\/\/schema.org\",\"@graph\":[{\"@type\":\"WebPage\",\"@id\":\"https:\/\/levandupieva.lt\/produktas\/matinio-stiklo-buteliukas-30-ml-su-pipete\/\",\"url\":\"https:\/\/levandupieva.lt\/produktas\/matinio-stiklo-buteliukas-30-ml-su-pipete\/\",\"name\":\"Matinio stiklo buteliukas 30 ml su sidabrine pipete - Levand\u0173 pieva\",\"isPartOf\":{\"@id\":\"https:\/\/levandupieva.lt\/#website\"},\"primaryImageOfPage\":{\"@id\":\"https:\/\/levandupieva.lt\/produktas\/matinio-stiklo-buteliukas-30-ml-su-pipete\/#primaryimage\"},\"image\":{\"@id\":\"https:\/\/levandupieva.lt\/produktas\/matinio-stiklo-buteliukas-30-ml-su-pipete\/#primaryimage\"},\"thumbnailUrl\":\"https:\/\/levandupieva.lt\/wp-content\/uploads\/2021\/12\/matinis-sidabrinis-.jpeg\",\"datePublished\":\"2021-12-27T12:19:44+00:00\",\"dateModified\":\"2026-03-24T15:59:31+00:00\",\"breadcrumb\":{\"@id\":\"https:\/\/levandupieva.lt\/produktas\/matinio-stiklo-buteliukas-30-ml-su-pipete\/#breadcrumb\"},\"inLanguage\":\"en-GB\",\"potentialAction\":[{\"@type\":\"ReadAction\",\"target\":[\"https:\/\/levandupieva.lt\/produktas\/matinio-stiklo-buteliukas-30-ml-su-pipete\/\"]}]},{\"@type\":\"ImageObject\",\"inLanguage\":\"en-GB\",\"@id\":\"https:\/\/levandupieva.lt\/produktas\/matinio-stiklo-buteliukas-30-ml-su-pipete\/#primaryimage\",\"url\":\"https:\/\/levandupieva.lt\/wp-content\/uploads\/2021\/12\/matinis-sidabrinis-.jpeg\",\"contentUrl\":\"https:\/\/levandupieva.lt\/wp-content\/uploads\/2021\/12\/matinis-sidabrinis-.jpeg\",\"width\":1536,\"height\":2048},{\"@type\":\"BreadcrumbList\",\"@id\":\"https:\/\/levandupieva.lt\/produktas\/matinio-stiklo-buteliukas-30-ml-su-pipete\/#breadcrumb\",\"itemListElement\":[{\"@type\":\"ListItem\",\"position\":1,\"name\":\"Home\",\"item\":\"https:\/\/levandupieva.lt\/\"},{\"@type\":\"ListItem\",\"position\":2,\"name\":\"Parduotuv\u0117\",\"item\":\"https:\/\/levandupieva.lt\/parduotuve\/\"},{\"@type\":\"ListItem\",\"position\":3,\"name\":\"Matinio stiklo buteliukas 30 ml su sidabrine pipete\"}]},{\"@type\":\"WebSite\",\"@id\":\"https:\/\/levandupieva.lt\/#website\",\"url\":\"https:\/\/levandupieva.lt\/\",\"name\":\"Levand\u0173 pieva\",\"description\":\"\",\"publisher\":{\"@id\":\"https:\/\/levandupieva.lt\/#organization\"},\"potentialAction\":[{\"@type\":\"SearchAction\",\"target\":{\"@type\":\"EntryPoint\",\"urlTemplate\":\"https:\/\/levandupieva.lt\/?s={search_term_string}\"},\"query-input\":{\"@type\":\"PropertyValueSpecification\",\"valueRequired\":true,\"valueName\":\"search_term_string\"}}],\"inLanguage\":\"en-GB\"},{\"@type\":\"Organization\",\"@id\":\"https:\/\/levandupieva.lt\/#organization\",\"name\":\"Levan\u0173 Pieva\",\"url\":\"https:\/\/levandupieva.lt\/\",\"logo\":{\"@type\":\"ImageObject\",\"inLanguage\":\"en-GB\",\"@id\":\"https:\/\/levandupieva.lt\/#\/schema\/logo\/image\/\",\"url\":\"https:\/\/levandupieva.lt\/wp-content\/uploads\/2021\/03\/cropped-logo-e1446013442350.png\",\"contentUrl\":\"https:\/\/levandupieva.lt\/wp-content\/uploads\/2021\/03\/cropped-logo-e1446013442350.png\",\"width\":654,\"height\":287,\"caption\":\"Levan\u0173 Pieva\"},\"image\":{\"@id\":\"https:\/\/levandupieva.lt\/#\/schema\/logo\/image\/\"},\"sameAs\":[\"https:\/\/www.facebook.com\/Levandupieva\"]}]}<\/script>\n<!-- \/ Yoast SEO plugin. -->","yoast_head_json":{"title":"Matinio stiklo buteliukas 30 ml su sidabrine pipete - Levand\u0173 pieva","robots":{"index":"index","follow":"follow","max-snippet":"max-snippet:-1","max-image-preview":"max-image-preview:large","max-video-preview":"max-video-preview:-1"},"canonical":"https:\/\/levandupieva.lt\/en\/product\/matinio-stiklo-buteliukas-30-ml-su-pipete\/","og_locale":"en_GB","og_type":"article","og_title":"Matinio stiklo buteliukas 30 ml su sidabrine pipete - Levand\u0173 pieva","og_description":"Matinio stiklo buteliukas su stikline pipete, kuri dozuojama paspausdus vir\u0161uje esan\u010diu i\u0161siki\u0161usiu paspaudimu (pipet\u0117 dengta sidabro spalvos aliuminiu), 30 ml talpos. Puikiai tinka naudoti fitoliams, aliejams, serumams, aliejiniams kvepalams, kt. pana\u0161ios tekst\u016bros gaminiams.","og_url":"https:\/\/levandupieva.lt\/en\/product\/matinio-stiklo-buteliukas-30-ml-su-pipete\/","og_site_name":"Levand\u0173 pieva","article_publisher":"https:\/\/www.facebook.com\/Levandupieva","article_modified_time":"2026-03-24T15:59:31+00:00","og_image":[{"width":1536,"height":2048,"url":"https:\/\/levandupieva.lt\/wp-content\/uploads\/2021\/12\/matinis-sidabrinis-.jpeg","type":"image\/jpeg"}],"twitter_card":"summary_large_image","twitter_misc":{"Estimated reading time":"1 minute"},"schema":{"@context":"https:\/\/schema.org","@graph":[{"@type":"WebPage","@id":"https:\/\/levandupieva.lt\/produktas\/matinio-stiklo-buteliukas-30-ml-su-pipete\/","url":"https:\/\/levandupieva.lt\/produktas\/matinio-stiklo-buteliukas-30-ml-su-pipete\/","name":"Matinio stiklo buteliukas 30 ml su sidabrine pipete - Levand\u0173 pieva","isPartOf":{"@id":"https:\/\/levandupieva.lt\/#website"},"primaryImageOfPage":{"@id":"https:\/\/levandupieva.lt\/produktas\/matinio-stiklo-buteliukas-30-ml-su-pipete\/#primaryimage"},"image":{"@id":"https:\/\/levandupieva.lt\/produktas\/matinio-stiklo-buteliukas-30-ml-su-pipete\/#primaryimage"},"thumbnailUrl":"https:\/\/levandupieva.lt\/wp-content\/uploads\/2021\/12\/matinis-sidabrinis-.jpeg","datePublished":"2021-12-27T12:19:44+00:00","dateModified":"2026-03-24T15:59:31+00:00","breadcrumb":{"@id":"https:\/\/levandupieva.lt\/produktas\/matinio-stiklo-buteliukas-30-ml-su-pipete\/#breadcrumb"},"inLanguage":"en-GB","potentialAction":[{"@type":"ReadAction","target":["https:\/\/levandupieva.lt\/produktas\/matinio-stiklo-buteliukas-30-ml-su-pipete\/"]}]},{"@type":"ImageObject","inLanguage":"en-GB","@id":"https:\/\/levandupieva.lt\/produktas\/matinio-stiklo-buteliukas-30-ml-su-pipete\/#primaryimage","url":"https:\/\/levandupieva.lt\/wp-content\/uploads\/2021\/12\/matinis-sidabrinis-.jpeg","contentUrl":"https:\/\/levandupieva.lt\/wp-content\/uploads\/2021\/12\/matinis-sidabrinis-.jpeg","width":1536,"height":2048},{"@type":"BreadcrumbList","@id":"https:\/\/levandupieva.lt\/produktas\/matinio-stiklo-buteliukas-30-ml-su-pipete\/#breadcrumb","itemListElement":[{"@type":"ListItem","position":1,"name":"Home","item":"https:\/\/levandupieva.lt\/"},{"@type":"ListItem","position":2,"name":"Parduotuv\u0117","item":"https:\/\/levandupieva.lt\/parduotuve\/"},{"@type":"ListItem","position":3,"name":"Matinio stiklo buteliukas 30 ml su sidabrine pipete"}]},{"@type":"WebSite","@id":"https:\/\/levandupieva.lt\/#website","url":"https:\/\/levandupieva.lt\/","name":"Levand\u0173 pieva","description":"","publisher":{"@id":"https:\/\/levandupieva.lt\/#organization"},"potentialAction":[{"@type":"SearchAction","target":{"@type":"EntryPoint","urlTemplate":"https:\/\/levandupieva.lt\/?s={search_term_string}"},"query-input":{"@type":"PropertyValueSpecification","valueRequired":true,"valueName":"search_term_string"}}],"inLanguage":"en-GB"},{"@type":"Organization","@id":"https:\/\/levandupieva.lt\/#organization","name":"Levan\u0173 Pieva","url":"https:\/\/levandupieva.lt\/","logo":{"@type":"ImageObject","inLanguage":"en-GB","@id":"https:\/\/levandupieva.lt\/#\/schema\/logo\/image\/","url":"https:\/\/levandupieva.lt\/wp-content\/uploads\/2021\/03\/cropped-logo-e1446013442350.png","contentUrl":"https:\/\/levandupieva.lt\/wp-content\/uploads\/2021\/03\/cropped-logo-e1446013442350.png","width":654,"height":287,"caption":"Levan\u0173 Pieva"},"image":{"@id":"https:\/\/levandupieva.lt\/#\/schema\/logo\/image\/"},"sameAs":["https:\/\/www.facebook.com\/Levandupieva"]}]}},"_links":{"self":[{"href":"https:\/\/levandupieva.lt\/en\/wp-json\/wp\/v2\/product\/4546","targetHints":{"allow":["GET"]}}],"collection":[{"href":"https:\/\/levandupieva.lt\/en\/wp-json\/wp\/v2\/product"}],"about":[{"href":"https:\/\/levandupieva.lt\/en\/wp-json\/wp\/v2\/types\/product"}],"replies":[{"embeddable":true,"href":"https:\/\/levandupieva.lt\/en\/wp-json\/wp\/v2\/comments?post=4546"}],"wp:featuredmedia":[{"embeddable":true,"href":"https:\/\/levandupieva.lt\/en\/wp-json\/wp\/v2\/media\/4547"}],"wp:attachment":[{"href":"https:\/\/levandupieva.lt\/en\/wp-json\/wp\/v2\/media?parent=4546"}],"wp:term":[{"taxonomy":"product_brand","embeddable":true,"href":"https:\/\/levandupieva.lt\/en\/wp-json\/wp\/v2\/product_brand?post=4546"},{"taxonomy":"product_cat","embeddable":true,"href":"https:\/\/levandupieva.lt\/en\/wp-json\/wp\/v2\/product_cat?post=4546"},{"taxonomy":"product_tag","embeddable":true,"href":"https:\/\/levandupieva.lt\/en\/wp-json\/wp\/v2\/product_tag?post=4546"}],"curies":[{"name":"wp","href":"https:\/\/api.w.org\/{rel}","templated":true}]}}