{"id":4549,"date":"2021-12-27T12:33:26","date_gmt":"2021-12-27T12:33:26","guid":{"rendered":"https:\/\/levandupieva.lt\/?post_type=product&#038;p=4549"},"modified":"2026-01-14T11:40:15","modified_gmt":"2026-01-14T11:40:15","slug":"juodos-spalvos-purkstukas-gl18-buteliukams-iki-100-ml-su-auksiniu","status":"publish","type":"product","link":"https:\/\/levandupieva.lt\/en\/product\/juodos-spalvos-purkstukas-gl18-buteliukams-iki-100-ml-su-auksiniu\/","title":{"rendered":"Juodos spalvos purk\u0161tukas GL18 buteliukams iki 100 ml (su auksiniu)"},"content":{"rendered":"<p>Juodos spalvos plastikinis purk\u0161tukas (dengtas aukso spalvos aliuminiu)\u00a0 su matin\u0117s juodos spalvos gaubteliu, tinkantis buteliukams (5-100 ml talpos), turintiems srieg\u012f GL18 <strong>(i\u0161skyrus kvadratinius rudo stiklo)<\/strong>. Vamzdelis lengvai pjaunamas ir pritaikomas pagal buteliuko gyl\u012f. Puikiai tinka naudoti: g\u0117li\u0173 vandeniui (hidrolatams), kt. pana\u0161ios tekst\u016bros gaminiams.<\/p>","protected":false},"excerpt":{"rendered":"<p>Juodos spalvos plastikinis purk\u0161tukas (dengtas aukso spalvos aliuminiu)\u00a0 su matin\u0117s juodos spalvos gaubteliu, tinkantis buteliukams (5-100 ml talpos), turintiems srieg\u012f GL18 <strong>(i\u0161skyrus kvadratinius rudo stiklo)<\/strong>. Vamzdelis lengvai pjaunamas ir pritaikomas pagal buteliuko gyl\u012f. Puikiai tinka naudoti: g\u0117li\u0173 vandeniui (hidrolatams), kt. pana\u0161ios tekst\u016bros gaminiams.<\/p>","protected":false},"featured_media":4551,"comment_status":"open","ping_status":"closed","template":"","meta":[],"product_brand":[],"product_cat":[69,78],"product_tag":[],"class_list":{"0":"post-4549","1":"product","2":"type-product","3":"status-publish","4":"has-post-thumbnail","6":"product_cat-tara","7":"product_cat-priedai-tarai","9":"first","10":"instock","11":"shipping-taxable","12":"purchasable","13":"product-type-variable","14":"has-default-attributes"},"yoast_head":"<!-- This site is optimized with the Yoast SEO plugin v24.8.1 - https:\/\/yoast.com\/wordpress\/plugins\/seo\/ -->\n<title>Juodos spalvos purk\u0161tukas GL18 buteliukams iki 100 ml (su auksiniu) - Levand\u0173 pieva<\/title>\n<meta name=\"robots\" content=\"index, follow, max-snippet:-1, max-image-preview:large, max-video-preview:-1\" \/>\n<link rel=\"canonical\" href=\"https:\/\/levandupieva.lt\/en\/product\/juodos-spalvos-purkstukas-gl18-buteliukams-iki-100-ml-su-auksiniu\/\" \/>\n<meta property=\"og:locale\" content=\"en_GB\" \/>\n<meta property=\"og:type\" content=\"article\" \/>\n<meta property=\"og:title\" content=\"Juodos spalvos purk\u0161tukas GL18 buteliukams iki 100 ml (su auksiniu) - Levand\u0173 pieva\" \/>\n<meta property=\"og:description\" content=\"Juodos spalvos plastikinis purk\u0161tukas (dengtas aukso spalvos aliuminiu)\u00a0 su matin\u0117s juodos spalvos gaubteliu, tinkantis buteliukams (5-100 ml talpos), turintiems srieg\u012f GL18 (i\u0161skyrus kvadratinius rudo stiklo). Vamzdelis lengvai pjaunamas ir pritaikomas pagal buteliuko gyl\u012f. Puikiai tinka naudoti: g\u0117li\u0173 vandeniui (hidrolatams), kt. pana\u0161ios tekst\u016bros gaminiams.\" \/>\n<meta property=\"og:url\" content=\"https:\/\/levandupieva.lt\/en\/product\/juodos-spalvos-purkstukas-gl18-buteliukams-iki-100-ml-su-auksiniu\/\" \/>\n<meta property=\"og:site_name\" content=\"Levand\u0173 pieva\" \/>\n<meta property=\"article:publisher\" content=\"https:\/\/www.facebook.com\/Levandupieva\" \/>\n<meta property=\"article:modified_time\" content=\"2026-01-14T11:40:15+00:00\" \/>\n<meta property=\"og:image\" content=\"https:\/\/levandupieva.lt\/wp-content\/uploads\/2021\/12\/j-purkstukas-su-auksiniu-scaled.jpg\" \/>\n\t<meta property=\"og:image:width\" content=\"1920\" \/>\n\t<meta property=\"og:image:height\" content=\"2560\" \/>\n\t<meta property=\"og:image:type\" content=\"image\/jpeg\" \/>\n<meta name=\"twitter:card\" content=\"summary_large_image\" \/>\n<meta name=\"twitter:label1\" content=\"Estimated reading time\" \/>\n\t<meta name=\"twitter:data1\" content=\"1 minute\" \/>\n<script type=\"application\/ld+json\" class=\"yoast-schema-graph\">{\"@context\":\"https:\/\/schema.org\",\"@graph\":[{\"@type\":\"WebPage\",\"@id\":\"https:\/\/levandupieva.lt\/produktas\/juodos-spalvos-purkstukas-gl18-buteliukams-iki-100-ml-su-auksiniu\/\",\"url\":\"https:\/\/levandupieva.lt\/produktas\/juodos-spalvos-purkstukas-gl18-buteliukams-iki-100-ml-su-auksiniu\/\",\"name\":\"Juodos spalvos purk\u0161tukas GL18 buteliukams iki 100 ml (su auksiniu) - Levand\u0173 pieva\",\"isPartOf\":{\"@id\":\"https:\/\/levandupieva.lt\/#website\"},\"primaryImageOfPage\":{\"@id\":\"https:\/\/levandupieva.lt\/produktas\/juodos-spalvos-purkstukas-gl18-buteliukams-iki-100-ml-su-auksiniu\/#primaryimage\"},\"image\":{\"@id\":\"https:\/\/levandupieva.lt\/produktas\/juodos-spalvos-purkstukas-gl18-buteliukams-iki-100-ml-su-auksiniu\/#primaryimage\"},\"thumbnailUrl\":\"https:\/\/levandupieva.lt\/wp-content\/uploads\/2021\/12\/j-purkstukas-su-auksiniu-scaled.jpg\",\"datePublished\":\"2021-12-27T12:33:26+00:00\",\"dateModified\":\"2026-01-14T11:40:15+00:00\",\"breadcrumb\":{\"@id\":\"https:\/\/levandupieva.lt\/produktas\/juodos-spalvos-purkstukas-gl18-buteliukams-iki-100-ml-su-auksiniu\/#breadcrumb\"},\"inLanguage\":\"en-GB\",\"potentialAction\":[{\"@type\":\"ReadAction\",\"target\":[\"https:\/\/levandupieva.lt\/produktas\/juodos-spalvos-purkstukas-gl18-buteliukams-iki-100-ml-su-auksiniu\/\"]}]},{\"@type\":\"ImageObject\",\"inLanguage\":\"en-GB\",\"@id\":\"https:\/\/levandupieva.lt\/produktas\/juodos-spalvos-purkstukas-gl18-buteliukams-iki-100-ml-su-auksiniu\/#primaryimage\",\"url\":\"https:\/\/levandupieva.lt\/wp-content\/uploads\/2021\/12\/j-purkstukas-su-auksiniu-scaled.jpg\",\"contentUrl\":\"https:\/\/levandupieva.lt\/wp-content\/uploads\/2021\/12\/j-purkstukas-su-auksiniu-scaled.jpg\",\"width\":1920,\"height\":2560},{\"@type\":\"BreadcrumbList\",\"@id\":\"https:\/\/levandupieva.lt\/produktas\/juodos-spalvos-purkstukas-gl18-buteliukams-iki-100-ml-su-auksiniu\/#breadcrumb\",\"itemListElement\":[{\"@type\":\"ListItem\",\"position\":1,\"name\":\"Home\",\"item\":\"https:\/\/levandupieva.lt\/\"},{\"@type\":\"ListItem\",\"position\":2,\"name\":\"Parduotuv\u0117\",\"item\":\"https:\/\/levandupieva.lt\/parduotuve\/\"},{\"@type\":\"ListItem\",\"position\":3,\"name\":\"Juodos spalvos purk\u0161tukas GL18 buteliukams iki 100 ml (su auksiniu)\"}]},{\"@type\":\"WebSite\",\"@id\":\"https:\/\/levandupieva.lt\/#website\",\"url\":\"https:\/\/levandupieva.lt\/\",\"name\":\"Levand\u0173 pieva\",\"description\":\"\",\"publisher\":{\"@id\":\"https:\/\/levandupieva.lt\/#organization\"},\"potentialAction\":[{\"@type\":\"SearchAction\",\"target\":{\"@type\":\"EntryPoint\",\"urlTemplate\":\"https:\/\/levandupieva.lt\/?s={search_term_string}\"},\"query-input\":{\"@type\":\"PropertyValueSpecification\",\"valueRequired\":true,\"valueName\":\"search_term_string\"}}],\"inLanguage\":\"en-GB\"},{\"@type\":\"Organization\",\"@id\":\"https:\/\/levandupieva.lt\/#organization\",\"name\":\"Levan\u0173 Pieva\",\"url\":\"https:\/\/levandupieva.lt\/\",\"logo\":{\"@type\":\"ImageObject\",\"inLanguage\":\"en-GB\",\"@id\":\"https:\/\/levandupieva.lt\/#\/schema\/logo\/image\/\",\"url\":\"https:\/\/levandupieva.lt\/wp-content\/uploads\/2021\/03\/cropped-logo-e1446013442350.png\",\"contentUrl\":\"https:\/\/levandupieva.lt\/wp-content\/uploads\/2021\/03\/cropped-logo-e1446013442350.png\",\"width\":654,\"height\":287,\"caption\":\"Levan\u0173 Pieva\"},\"image\":{\"@id\":\"https:\/\/levandupieva.lt\/#\/schema\/logo\/image\/\"},\"sameAs\":[\"https:\/\/www.facebook.com\/Levandupieva\"]}]}<\/script>\n<!-- \/ Yoast SEO plugin. -->","yoast_head_json":{"title":"Juodos spalvos purk\u0161tukas GL18 buteliukams iki 100 ml (su auksiniu) - Levand\u0173 pieva","robots":{"index":"index","follow":"follow","max-snippet":"max-snippet:-1","max-image-preview":"max-image-preview:large","max-video-preview":"max-video-preview:-1"},"canonical":"https:\/\/levandupieva.lt\/en\/product\/juodos-spalvos-purkstukas-gl18-buteliukams-iki-100-ml-su-auksiniu\/","og_locale":"en_GB","og_type":"article","og_title":"Juodos spalvos purk\u0161tukas GL18 buteliukams iki 100 ml (su auksiniu) - Levand\u0173 pieva","og_description":"Juodos spalvos plastikinis purk\u0161tukas (dengtas aukso spalvos aliuminiu)\u00a0 su matin\u0117s juodos spalvos gaubteliu, tinkantis buteliukams (5-100 ml talpos), turintiems srieg\u012f GL18 (i\u0161skyrus kvadratinius rudo stiklo). Vamzdelis lengvai pjaunamas ir pritaikomas pagal buteliuko gyl\u012f. Puikiai tinka naudoti: g\u0117li\u0173 vandeniui (hidrolatams), kt. pana\u0161ios tekst\u016bros gaminiams.","og_url":"https:\/\/levandupieva.lt\/en\/product\/juodos-spalvos-purkstukas-gl18-buteliukams-iki-100-ml-su-auksiniu\/","og_site_name":"Levand\u0173 pieva","article_publisher":"https:\/\/www.facebook.com\/Levandupieva","article_modified_time":"2026-01-14T11:40:15+00:00","og_image":[{"width":1920,"height":2560,"url":"https:\/\/levandupieva.lt\/wp-content\/uploads\/2021\/12\/j-purkstukas-su-auksiniu-scaled.jpg","type":"image\/jpeg"}],"twitter_card":"summary_large_image","twitter_misc":{"Estimated reading time":"1 minute"},"schema":{"@context":"https:\/\/schema.org","@graph":[{"@type":"WebPage","@id":"https:\/\/levandupieva.lt\/produktas\/juodos-spalvos-purkstukas-gl18-buteliukams-iki-100-ml-su-auksiniu\/","url":"https:\/\/levandupieva.lt\/produktas\/juodos-spalvos-purkstukas-gl18-buteliukams-iki-100-ml-su-auksiniu\/","name":"Juodos spalvos purk\u0161tukas GL18 buteliukams iki 100 ml (su auksiniu) - Levand\u0173 pieva","isPartOf":{"@id":"https:\/\/levandupieva.lt\/#website"},"primaryImageOfPage":{"@id":"https:\/\/levandupieva.lt\/produktas\/juodos-spalvos-purkstukas-gl18-buteliukams-iki-100-ml-su-auksiniu\/#primaryimage"},"image":{"@id":"https:\/\/levandupieva.lt\/produktas\/juodos-spalvos-purkstukas-gl18-buteliukams-iki-100-ml-su-auksiniu\/#primaryimage"},"thumbnailUrl":"https:\/\/levandupieva.lt\/wp-content\/uploads\/2021\/12\/j-purkstukas-su-auksiniu-scaled.jpg","datePublished":"2021-12-27T12:33:26+00:00","dateModified":"2026-01-14T11:40:15+00:00","breadcrumb":{"@id":"https:\/\/levandupieva.lt\/produktas\/juodos-spalvos-purkstukas-gl18-buteliukams-iki-100-ml-su-auksiniu\/#breadcrumb"},"inLanguage":"en-GB","potentialAction":[{"@type":"ReadAction","target":["https:\/\/levandupieva.lt\/produktas\/juodos-spalvos-purkstukas-gl18-buteliukams-iki-100-ml-su-auksiniu\/"]}]},{"@type":"ImageObject","inLanguage":"en-GB","@id":"https:\/\/levandupieva.lt\/produktas\/juodos-spalvos-purkstukas-gl18-buteliukams-iki-100-ml-su-auksiniu\/#primaryimage","url":"https:\/\/levandupieva.lt\/wp-content\/uploads\/2021\/12\/j-purkstukas-su-auksiniu-scaled.jpg","contentUrl":"https:\/\/levandupieva.lt\/wp-content\/uploads\/2021\/12\/j-purkstukas-su-auksiniu-scaled.jpg","width":1920,"height":2560},{"@type":"BreadcrumbList","@id":"https:\/\/levandupieva.lt\/produktas\/juodos-spalvos-purkstukas-gl18-buteliukams-iki-100-ml-su-auksiniu\/#breadcrumb","itemListElement":[{"@type":"ListItem","position":1,"name":"Home","item":"https:\/\/levandupieva.lt\/"},{"@type":"ListItem","position":2,"name":"Parduotuv\u0117","item":"https:\/\/levandupieva.lt\/parduotuve\/"},{"@type":"ListItem","position":3,"name":"Juodos spalvos purk\u0161tukas GL18 buteliukams iki 100 ml (su auksiniu)"}]},{"@type":"WebSite","@id":"https:\/\/levandupieva.lt\/#website","url":"https:\/\/levandupieva.lt\/","name":"Levand\u0173 pieva","description":"","publisher":{"@id":"https:\/\/levandupieva.lt\/#organization"},"potentialAction":[{"@type":"SearchAction","target":{"@type":"EntryPoint","urlTemplate":"https:\/\/levandupieva.lt\/?s={search_term_string}"},"query-input":{"@type":"PropertyValueSpecification","valueRequired":true,"valueName":"search_term_string"}}],"inLanguage":"en-GB"},{"@type":"Organization","@id":"https:\/\/levandupieva.lt\/#organization","name":"Levan\u0173 Pieva","url":"https:\/\/levandupieva.lt\/","logo":{"@type":"ImageObject","inLanguage":"en-GB","@id":"https:\/\/levandupieva.lt\/#\/schema\/logo\/image\/","url":"https:\/\/levandupieva.lt\/wp-content\/uploads\/2021\/03\/cropped-logo-e1446013442350.png","contentUrl":"https:\/\/levandupieva.lt\/wp-content\/uploads\/2021\/03\/cropped-logo-e1446013442350.png","width":654,"height":287,"caption":"Levan\u0173 Pieva"},"image":{"@id":"https:\/\/levandupieva.lt\/#\/schema\/logo\/image\/"},"sameAs":["https:\/\/www.facebook.com\/Levandupieva"]}]}},"_links":{"self":[{"href":"https:\/\/levandupieva.lt\/en\/wp-json\/wp\/v2\/product\/4549","targetHints":{"allow":["GET"]}}],"collection":[{"href":"https:\/\/levandupieva.lt\/en\/wp-json\/wp\/v2\/product"}],"about":[{"href":"https:\/\/levandupieva.lt\/en\/wp-json\/wp\/v2\/types\/product"}],"replies":[{"embeddable":true,"href":"https:\/\/levandupieva.lt\/en\/wp-json\/wp\/v2\/comments?post=4549"}],"wp:featuredmedia":[{"embeddable":true,"href":"https:\/\/levandupieva.lt\/en\/wp-json\/wp\/v2\/media\/4551"}],"wp:attachment":[{"href":"https:\/\/levandupieva.lt\/en\/wp-json\/wp\/v2\/media?parent=4549"}],"wp:term":[{"taxonomy":"product_brand","embeddable":true,"href":"https:\/\/levandupieva.lt\/en\/wp-json\/wp\/v2\/product_brand?post=4549"},{"taxonomy":"product_cat","embeddable":true,"href":"https:\/\/levandupieva.lt\/en\/wp-json\/wp\/v2\/product_cat?post=4549"},{"taxonomy":"product_tag","embeddable":true,"href":"https:\/\/levandupieva.lt\/en\/wp-json\/wp\/v2\/product_tag?post=4549"}],"curies":[{"name":"wp","href":"https:\/\/api.w.org\/{rel}","templated":true}]}}