{"id":4700,"date":"2022-04-19T17:39:11","date_gmt":"2022-04-19T17:39:11","guid":{"rendered":"https:\/\/levandupieva.lt\/?post_type=product&#038;p=4700"},"modified":"2026-04-13T07:06:19","modified_gmt":"2026-04-13T07:06:19","slug":"50-ml-rudo-stiklo-buteliuko-gl18-su-baltu-purkstuku-komplektas","status":"publish","type":"product","link":"https:\/\/levandupieva.lt\/en\/product\/50-ml-rudo-stiklo-buteliuko-gl18-su-baltu-purkstuku-komplektas\/","title":{"rendered":"50 ml rudo stiklo buteliuko GL18 su baltu purk\u0161tuku komplektas (pakuot\u0117mis)"},"content":{"rendered":"<p>50 ml talpos rudo stiklo GL18 sriegio buteliukas, komplektuojamas kartu su baltos spalvos purk\u0161tuku. Purk\u0161tukas turi nuimam\u0105 skaidraus plastiko gaubtel\u012f.<\/p>","protected":false},"excerpt":{"rendered":"<p>50 ml talpos rudo stiklo GL18 sriegio buteliukas, komplektuojamas kartu su baltos spalvos purk\u0161tuku. Purk\u0161tukas turi nuimam\u0105 skaidraus plastiko gaubtel\u012f.<\/p>\n<p><em><strong>Perkant didesniais kiekiais (daugiau negu dvi pakuotes), d\u0117l didesn\u0117s nuolaidos pra\u0161ome susisiekti individualiai.<\/strong><\/em><\/p>\n<p><strong>Galite u\u017esakyti atskirai buteliukus ir atskirai priedus jiems.<\/strong><\/p>","protected":false},"featured_media":4703,"comment_status":"open","ping_status":"closed","template":"","meta":[],"product_brand":[],"product_cat":[69,73],"product_tag":[130],"class_list":{"0":"post-4700","1":"product","2":"type-product","3":"status-publish","4":"has-post-thumbnail","6":"product_cat-tara","7":"product_cat-stiklo-tara","8":"product_tag-rudo-stiklo-buteliukas","10":"first","11":"instock","12":"shipping-taxable","13":"purchasable","14":"product-type-variable","15":"has-default-attributes"},"yoast_head":"<!-- This site is optimized with the Yoast SEO plugin v24.8.1 - https:\/\/yoast.com\/wordpress\/plugins\/seo\/ -->\n<title>50 ml rudo stiklo buteliuko GL18 su baltu purk\u0161tuku komplektas (pakuot\u0117mis) - Levand\u0173 pieva<\/title>\n<meta name=\"robots\" content=\"index, follow, max-snippet:-1, max-image-preview:large, max-video-preview:-1\" \/>\n<link rel=\"canonical\" href=\"https:\/\/levandupieva.lt\/en\/product\/50-ml-rudo-stiklo-buteliuko-gl18-su-baltu-purkstuku-komplektas\/\" \/>\n<meta property=\"og:locale\" content=\"en_GB\" \/>\n<meta property=\"og:type\" content=\"article\" \/>\n<meta property=\"og:title\" content=\"50 ml rudo stiklo buteliuko GL18 su baltu purk\u0161tuku komplektas (pakuot\u0117mis) - Levand\u0173 pieva\" \/>\n<meta property=\"og:description\" content=\"50 ml talpos rudo stiklo GL18 sriegio buteliukas, komplektuojamas kartu su baltos spalvos purk\u0161tuku. Purk\u0161tukas turi nuimam\u0105 skaidraus plastiko gaubtel\u012f.  Perkant didesniais kiekiais (daugiau negu dvi pakuotes), d\u0117l didesn\u0117s nuolaidos pra\u0161ome susisiekti individualiai.  Galite u\u017esakyti atskirai buteliukus ir atskirai priedus jiems.\" \/>\n<meta property=\"og:url\" content=\"https:\/\/levandupieva.lt\/en\/product\/50-ml-rudo-stiklo-buteliuko-gl18-su-baltu-purkstuku-komplektas\/\" \/>\n<meta property=\"og:site_name\" content=\"Levand\u0173 pieva\" \/>\n<meta property=\"article:publisher\" content=\"https:\/\/www.facebook.com\/Levandupieva\" \/>\n<meta property=\"article:modified_time\" content=\"2026-04-13T07:06:19+00:00\" \/>\n<meta property=\"og:image\" content=\"https:\/\/levandupieva.lt\/wp-content\/uploads\/2022\/04\/50-ml-rudo-su-baltu-scaled-e1650390488107.jpg\" \/>\n\t<meta property=\"og:image:width\" content=\"1898\" \/>\n\t<meta property=\"og:image:height\" content=\"1981\" \/>\n\t<meta property=\"og:image:type\" content=\"image\/jpeg\" \/>\n<meta name=\"twitter:card\" content=\"summary_large_image\" \/>\n<meta name=\"twitter:label1\" content=\"Estimated reading time\" \/>\n\t<meta name=\"twitter:data1\" content=\"1 minute\" \/>\n<script type=\"application\/ld+json\" class=\"yoast-schema-graph\">{\"@context\":\"https:\/\/schema.org\",\"@graph\":[{\"@type\":\"WebPage\",\"@id\":\"https:\/\/levandupieva.lt\/produktas\/50-ml-rudo-stiklo-buteliuko-gl18-su-baltu-purkstuku-komplektas\/\",\"url\":\"https:\/\/levandupieva.lt\/produktas\/50-ml-rudo-stiklo-buteliuko-gl18-su-baltu-purkstuku-komplektas\/\",\"name\":\"50 ml rudo stiklo buteliuko GL18 su baltu purk\u0161tuku komplektas (pakuot\u0117mis) - Levand\u0173 pieva\",\"isPartOf\":{\"@id\":\"https:\/\/levandupieva.lt\/#website\"},\"primaryImageOfPage\":{\"@id\":\"https:\/\/levandupieva.lt\/produktas\/50-ml-rudo-stiklo-buteliuko-gl18-su-baltu-purkstuku-komplektas\/#primaryimage\"},\"image\":{\"@id\":\"https:\/\/levandupieva.lt\/produktas\/50-ml-rudo-stiklo-buteliuko-gl18-su-baltu-purkstuku-komplektas\/#primaryimage\"},\"thumbnailUrl\":\"https:\/\/levandupieva.lt\/wp-content\/uploads\/2022\/04\/50-ml-rudo-su-baltu-scaled-e1650390488107.jpg\",\"datePublished\":\"2022-04-19T17:39:11+00:00\",\"dateModified\":\"2026-04-13T07:06:19+00:00\",\"breadcrumb\":{\"@id\":\"https:\/\/levandupieva.lt\/produktas\/50-ml-rudo-stiklo-buteliuko-gl18-su-baltu-purkstuku-komplektas\/#breadcrumb\"},\"inLanguage\":\"en-GB\",\"potentialAction\":[{\"@type\":\"ReadAction\",\"target\":[\"https:\/\/levandupieva.lt\/produktas\/50-ml-rudo-stiklo-buteliuko-gl18-su-baltu-purkstuku-komplektas\/\"]}]},{\"@type\":\"ImageObject\",\"inLanguage\":\"en-GB\",\"@id\":\"https:\/\/levandupieva.lt\/produktas\/50-ml-rudo-stiklo-buteliuko-gl18-su-baltu-purkstuku-komplektas\/#primaryimage\",\"url\":\"https:\/\/levandupieva.lt\/wp-content\/uploads\/2022\/04\/50-ml-rudo-su-baltu-scaled-e1650390488107.jpg\",\"contentUrl\":\"https:\/\/levandupieva.lt\/wp-content\/uploads\/2022\/04\/50-ml-rudo-su-baltu-scaled-e1650390488107.jpg\",\"width\":1898,\"height\":1981},{\"@type\":\"BreadcrumbList\",\"@id\":\"https:\/\/levandupieva.lt\/produktas\/50-ml-rudo-stiklo-buteliuko-gl18-su-baltu-purkstuku-komplektas\/#breadcrumb\",\"itemListElement\":[{\"@type\":\"ListItem\",\"position\":1,\"name\":\"Home\",\"item\":\"https:\/\/levandupieva.lt\/\"},{\"@type\":\"ListItem\",\"position\":2,\"name\":\"Parduotuv\u0117\",\"item\":\"https:\/\/levandupieva.lt\/parduotuve\/\"},{\"@type\":\"ListItem\",\"position\":3,\"name\":\"50 ml rudo stiklo buteliuko GL18 su baltu purk\u0161tuku komplektas (pakuot\u0117mis)\"}]},{\"@type\":\"WebSite\",\"@id\":\"https:\/\/levandupieva.lt\/#website\",\"url\":\"https:\/\/levandupieva.lt\/\",\"name\":\"Levand\u0173 pieva\",\"description\":\"\",\"publisher\":{\"@id\":\"https:\/\/levandupieva.lt\/#organization\"},\"potentialAction\":[{\"@type\":\"SearchAction\",\"target\":{\"@type\":\"EntryPoint\",\"urlTemplate\":\"https:\/\/levandupieva.lt\/?s={search_term_string}\"},\"query-input\":{\"@type\":\"PropertyValueSpecification\",\"valueRequired\":true,\"valueName\":\"search_term_string\"}}],\"inLanguage\":\"en-GB\"},{\"@type\":\"Organization\",\"@id\":\"https:\/\/levandupieva.lt\/#organization\",\"name\":\"Levan\u0173 Pieva\",\"url\":\"https:\/\/levandupieva.lt\/\",\"logo\":{\"@type\":\"ImageObject\",\"inLanguage\":\"en-GB\",\"@id\":\"https:\/\/levandupieva.lt\/#\/schema\/logo\/image\/\",\"url\":\"https:\/\/levandupieva.lt\/wp-content\/uploads\/2021\/03\/cropped-logo-e1446013442350.png\",\"contentUrl\":\"https:\/\/levandupieva.lt\/wp-content\/uploads\/2021\/03\/cropped-logo-e1446013442350.png\",\"width\":654,\"height\":287,\"caption\":\"Levan\u0173 Pieva\"},\"image\":{\"@id\":\"https:\/\/levandupieva.lt\/#\/schema\/logo\/image\/\"},\"sameAs\":[\"https:\/\/www.facebook.com\/Levandupieva\"]}]}<\/script>\n<!-- \/ Yoast SEO plugin. -->","yoast_head_json":{"title":"50 ml rudo stiklo buteliuko GL18 su baltu purk\u0161tuku komplektas (pakuot\u0117mis) - Levand\u0173 pieva","robots":{"index":"index","follow":"follow","max-snippet":"max-snippet:-1","max-image-preview":"max-image-preview:large","max-video-preview":"max-video-preview:-1"},"canonical":"https:\/\/levandupieva.lt\/en\/product\/50-ml-rudo-stiklo-buteliuko-gl18-su-baltu-purkstuku-komplektas\/","og_locale":"en_GB","og_type":"article","og_title":"50 ml rudo stiklo buteliuko GL18 su baltu purk\u0161tuku komplektas (pakuot\u0117mis) - Levand\u0173 pieva","og_description":"50 ml talpos rudo stiklo GL18 sriegio buteliukas, komplektuojamas kartu su baltos spalvos purk\u0161tuku. Purk\u0161tukas turi nuimam\u0105 skaidraus plastiko gaubtel\u012f.  Perkant didesniais kiekiais (daugiau negu dvi pakuotes), d\u0117l didesn\u0117s nuolaidos pra\u0161ome susisiekti individualiai.  Galite u\u017esakyti atskirai buteliukus ir atskirai priedus jiems.","og_url":"https:\/\/levandupieva.lt\/en\/product\/50-ml-rudo-stiklo-buteliuko-gl18-su-baltu-purkstuku-komplektas\/","og_site_name":"Levand\u0173 pieva","article_publisher":"https:\/\/www.facebook.com\/Levandupieva","article_modified_time":"2026-04-13T07:06:19+00:00","og_image":[{"width":1898,"height":1981,"url":"https:\/\/levandupieva.lt\/wp-content\/uploads\/2022\/04\/50-ml-rudo-su-baltu-scaled-e1650390488107.jpg","type":"image\/jpeg"}],"twitter_card":"summary_large_image","twitter_misc":{"Estimated reading time":"1 minute"},"schema":{"@context":"https:\/\/schema.org","@graph":[{"@type":"WebPage","@id":"https:\/\/levandupieva.lt\/produktas\/50-ml-rudo-stiklo-buteliuko-gl18-su-baltu-purkstuku-komplektas\/","url":"https:\/\/levandupieva.lt\/produktas\/50-ml-rudo-stiklo-buteliuko-gl18-su-baltu-purkstuku-komplektas\/","name":"50 ml rudo stiklo buteliuko GL18 su baltu purk\u0161tuku komplektas (pakuot\u0117mis) - Levand\u0173 pieva","isPartOf":{"@id":"https:\/\/levandupieva.lt\/#website"},"primaryImageOfPage":{"@id":"https:\/\/levandupieva.lt\/produktas\/50-ml-rudo-stiklo-buteliuko-gl18-su-baltu-purkstuku-komplektas\/#primaryimage"},"image":{"@id":"https:\/\/levandupieva.lt\/produktas\/50-ml-rudo-stiklo-buteliuko-gl18-su-baltu-purkstuku-komplektas\/#primaryimage"},"thumbnailUrl":"https:\/\/levandupieva.lt\/wp-content\/uploads\/2022\/04\/50-ml-rudo-su-baltu-scaled-e1650390488107.jpg","datePublished":"2022-04-19T17:39:11+00:00","dateModified":"2026-04-13T07:06:19+00:00","breadcrumb":{"@id":"https:\/\/levandupieva.lt\/produktas\/50-ml-rudo-stiklo-buteliuko-gl18-su-baltu-purkstuku-komplektas\/#breadcrumb"},"inLanguage":"en-GB","potentialAction":[{"@type":"ReadAction","target":["https:\/\/levandupieva.lt\/produktas\/50-ml-rudo-stiklo-buteliuko-gl18-su-baltu-purkstuku-komplektas\/"]}]},{"@type":"ImageObject","inLanguage":"en-GB","@id":"https:\/\/levandupieva.lt\/produktas\/50-ml-rudo-stiklo-buteliuko-gl18-su-baltu-purkstuku-komplektas\/#primaryimage","url":"https:\/\/levandupieva.lt\/wp-content\/uploads\/2022\/04\/50-ml-rudo-su-baltu-scaled-e1650390488107.jpg","contentUrl":"https:\/\/levandupieva.lt\/wp-content\/uploads\/2022\/04\/50-ml-rudo-su-baltu-scaled-e1650390488107.jpg","width":1898,"height":1981},{"@type":"BreadcrumbList","@id":"https:\/\/levandupieva.lt\/produktas\/50-ml-rudo-stiklo-buteliuko-gl18-su-baltu-purkstuku-komplektas\/#breadcrumb","itemListElement":[{"@type":"ListItem","position":1,"name":"Home","item":"https:\/\/levandupieva.lt\/"},{"@type":"ListItem","position":2,"name":"Parduotuv\u0117","item":"https:\/\/levandupieva.lt\/parduotuve\/"},{"@type":"ListItem","position":3,"name":"50 ml rudo stiklo buteliuko GL18 su baltu purk\u0161tuku komplektas (pakuot\u0117mis)"}]},{"@type":"WebSite","@id":"https:\/\/levandupieva.lt\/#website","url":"https:\/\/levandupieva.lt\/","name":"Levand\u0173 pieva","description":"","publisher":{"@id":"https:\/\/levandupieva.lt\/#organization"},"potentialAction":[{"@type":"SearchAction","target":{"@type":"EntryPoint","urlTemplate":"https:\/\/levandupieva.lt\/?s={search_term_string}"},"query-input":{"@type":"PropertyValueSpecification","valueRequired":true,"valueName":"search_term_string"}}],"inLanguage":"en-GB"},{"@type":"Organization","@id":"https:\/\/levandupieva.lt\/#organization","name":"Levan\u0173 Pieva","url":"https:\/\/levandupieva.lt\/","logo":{"@type":"ImageObject","inLanguage":"en-GB","@id":"https:\/\/levandupieva.lt\/#\/schema\/logo\/image\/","url":"https:\/\/levandupieva.lt\/wp-content\/uploads\/2021\/03\/cropped-logo-e1446013442350.png","contentUrl":"https:\/\/levandupieva.lt\/wp-content\/uploads\/2021\/03\/cropped-logo-e1446013442350.png","width":654,"height":287,"caption":"Levan\u0173 Pieva"},"image":{"@id":"https:\/\/levandupieva.lt\/#\/schema\/logo\/image\/"},"sameAs":["https:\/\/www.facebook.com\/Levandupieva"]}]}},"_links":{"self":[{"href":"https:\/\/levandupieva.lt\/en\/wp-json\/wp\/v2\/product\/4700","targetHints":{"allow":["GET"]}}],"collection":[{"href":"https:\/\/levandupieva.lt\/en\/wp-json\/wp\/v2\/product"}],"about":[{"href":"https:\/\/levandupieva.lt\/en\/wp-json\/wp\/v2\/types\/product"}],"replies":[{"embeddable":true,"href":"https:\/\/levandupieva.lt\/en\/wp-json\/wp\/v2\/comments?post=4700"}],"wp:featuredmedia":[{"embeddable":true,"href":"https:\/\/levandupieva.lt\/en\/wp-json\/wp\/v2\/media\/4703"}],"wp:attachment":[{"href":"https:\/\/levandupieva.lt\/en\/wp-json\/wp\/v2\/media?parent=4700"}],"wp:term":[{"taxonomy":"product_brand","embeddable":true,"href":"https:\/\/levandupieva.lt\/en\/wp-json\/wp\/v2\/product_brand?post=4700"},{"taxonomy":"product_cat","embeddable":true,"href":"https:\/\/levandupieva.lt\/en\/wp-json\/wp\/v2\/product_cat?post=4700"},{"taxonomy":"product_tag","embeddable":true,"href":"https:\/\/levandupieva.lt\/en\/wp-json\/wp\/v2\/product_tag?post=4700"}],"curies":[{"name":"wp","href":"https:\/\/api.w.org\/{rel}","templated":true}]}}