{"id":4966,"date":"2022-09-05T12:23:36","date_gmt":"2022-09-05T12:23:36","guid":{"rendered":"https:\/\/levandupieva.lt\/?post_type=product&#038;p=4966"},"modified":"2026-04-10T11:20:29","modified_gmt":"2026-04-10T11:20:29","slug":"melyno-stiklo-indelis-20-30-50-100","status":"publish","type":"product","link":"https:\/\/levandupieva.lt\/en\/product\/melyno-stiklo-indelis-20-30-50-100\/","title":{"rendered":"M\u0117lyno stiklo indelis (be dangtelio) 20ml\/30ml\/50ml\/100ml talpos"},"content":{"rendered":"<p>M\u0117lyno stiklo indelis be dangtelio <strong>(dangtelius reikalinga u\u017esakyti atskirai,\u00a0 ie\u0161koti skiltyje &#8222;Priedai tarai&#8221;).<\/strong>. Puikiai tinka naudoti: kremams, \u017evaki\u0173 gamybai, kt. pana\u0161ios tekst\u016bros gaminiams.<\/p>\n<p>20 ml indeliams tinka aliumininiai dangteliai, kodu: PR-18-20 arba juodo skaidraus plastiko dangtelis, kodu: PR-19-20.<\/p>\n<p>30 ml indeliams tinka aliumininis dangtelis, kodu: PR-18-30 arba juodo skaidraus plastiko dangtelis, kodu: PR-19-30.<\/p>\n<p>50 ml indeliams tinka aliumininis dangtelis, kodu: PR-18-50 arba juodo skaidraus plastiko dangtelis, kodu: PR-19-50.<\/p>\n<p>100 ml indeliams tinka aliumininis dangtelis, kodu: PR-18-100 arba juodo skaidraus plastiko dangtelis, kodu: PR-19-100.<\/p>\n<p>Galima taip pat atskirai \u012fsigyti &#8222;Sealed for Your Protection&#8221;\u00a0 apsaugin\u012f \u012fd\u0117kl\u0105\u00a0 ant indelio (ie\u0161koti skiltyje &#8222;Priedai tarai&#8221;). 20 ml indeliams\u00a0 kodu PR-20-20, 30 ml indeliams\u00a0 kodu PR-20-30, 50 ml indeliams\u00a0 kodu: PR-20-50, 100 ml indeliams\u00a0 kodu PR-20-100.<\/p>\n<p>20 talpos indelio skersmuo (dugno) &#8211; 46,5 \u00b1 0,8mm, i\u0161or\u0117s kaklelio skersmuo: 41 \u00b1 0,4mm, auk\u0161tis: 29,5 \u00b1 0,8mm, etiket\u0117s spausdinimo parametrai: 15x145mm.<\/p>\n<p>30 talpos indelio skersmuo (dugno) &#8211; 52 \u00b1 0,8mm, i\u0161or\u0117s kaklelio skersmuo: 46,3 \u00b1 0,3mm, auk\u0161tis: 36 \u00b1 0,8mm, etiket\u0117s spausdinimo parametrai: 20,5x160mm.<\/p>\n<p>50 ml talpos indelio skersmuo (dugno)\u2013 56 \u00b1 0,8mm, i\u0161or\u0117s kaklelio skersmuo: 51,5 \u00b1 0,3mm, auk\u0161tis: 42,5 \u00b1 0,8mm, etiket\u0117s spausdinimo parametrai: 24,5x175mm.<\/p>\n<p>100 ml talpos indelio skersmuo (dugno)\u2013 61 \u00b1 1mm, i\u0161or\u0117s kaklelio skersmuo: 56 \u00b1 0,5mm,\u00a0 auk\u0161tis: 64 \u00b1 0,7mm, etiket\u0117s spausdinimo parametrai: 45x190mm.<\/p>","protected":false},"excerpt":{"rendered":"<p>M\u0117lyno stiklo indelis be dangtelio <strong>(dangtelius reikalinga u\u017esakyti atskirai,\u00a0 ie\u0161koti skiltyje &#8222;Priedai tarai&#8221;).<\/strong>. Puikiai tinka naudoti: kremams, \u017evaki\u0173 gamybai, kt. pana\u0161ios tekst\u016bros gaminiams.<\/p>\n<p>20 ml indeliams tinka aliumininiai dangteliai, kodu: PR-18-20 arba juodo skaidraus plastiko dangtelis, kodu: PR-19-20.<\/p>\n<p>30 ml indeliams tinka aliumininis dangtelis, kodu: PR-18-30 arba juodo skaidraus plastiko dangtelis, kodu: PR-19-30.<\/p>\n<p>50 ml indeliams tinka aliumininis dangtelis, kodu: PR-18-50 arba juodo skaidraus plastiko dangtelis, kodu: PR-19-50.<\/p>\n<p>100 ml indeliams tinka aliumininis dangtelis, kodu: PR-18-100 arba juodo skaidraus plastiko dangtelis, kodu: PR-19-100.<\/p>\n<p>Galima taip pat atskirai \u012fsigyti &#8222;Sealed for Your Protection&#8221;\u00a0 apsaugin\u012f \u012fd\u0117kl\u0105\u00a0 ant indelio (ie\u0161koti skiltyje &#8222;Priedai tarai&#8221;). 20 ml indeliams\u00a0 kodu PR-20-20, 30 ml indeliams\u00a0 kodu PR-20-30, 50 ml indeliams\u00a0 kodu: PR-20-50, 100 ml indeliams\u00a0 kodu PR-20-100.<\/p>\n<p>20 talpos indelio skersmuo (dugno) &#8211; 46,5 \u00b1 0,8mm, i\u0161or\u0117s kaklelio skersmuo: 41 \u00b1 0,4mm, auk\u0161tis: 29,5 \u00b1 0,8mm, etiket\u0117s spausdinimo parametrai: 15x145mm.<\/p>\n<p>30 talpos indelio skersmuo (dugno) &#8211; 52 \u00b1 0,8mm, i\u0161or\u0117s kaklelio skersmuo: 46,3 \u00b1 0,3mm, auk\u0161tis: 36 \u00b1 0,8mm, etiket\u0117s spausdinimo parametrai: 20,5x160mm.<\/p>\n<p>50 ml talpos indelio skersmuo (dugno)\u2013 56 \u00b1 0,8mm, i\u0161or\u0117s kaklelio skersmuo: 51,5 \u00b1 0,3mm, auk\u0161tis: 42,5 \u00b1 0,8mm, etiket\u0117s spausdinimo parametrai: 24,5x175mm.<\/p>\n<p>100 ml talpos indelio skersmuo (dugno)\u2013 61 \u00b1 1mm, i\u0161or\u0117s kaklelio skersmuo: 56 \u00b1 0,5mm,\u00a0 auk\u0161tis: 64 \u00b1 0,7mm, etiket\u0117s spausdinimo parametrai: 45x190mm.<\/p>\n[embed]https:\/\/levandupieva.lt\/produktas\/aliumininis-dangtelis-melyno-arba-zalio-stiklo-indeliams-kremu-indeliai\/[\/embed]\n[embed]https:\/\/levandupieva.lt\/produktas\/juodi-dangteliai-melyno-arba-zalio-stiklo-indeliams-kremu-indeliai\/[\/embed]","protected":false},"featured_media":6398,"comment_status":"open","ping_status":"closed","template":"","meta":[],"product_brand":[],"product_cat":[69,73],"product_tag":[154],"class_list":{"0":"post-4966","1":"product","2":"type-product","3":"status-publish","4":"has-post-thumbnail","6":"product_cat-tara","7":"product_cat-stiklo-tara","8":"product_tag-melyno-stiklo-indelis-kremams","10":"first","11":"instock","12":"shipping-taxable","13":"purchasable","14":"product-type-variable","15":"has-default-attributes"},"yoast_head":"<!-- This site is optimized with the Yoast SEO plugin v24.8.1 - https:\/\/yoast.com\/wordpress\/plugins\/seo\/ -->\n<title>M\u0117lyno stiklo indelis (be dangtelio) 20ml\/30ml\/50ml\/100ml talpos - Levand\u0173 pieva<\/title>\n<meta name=\"robots\" content=\"index, follow, max-snippet:-1, max-image-preview:large, max-video-preview:-1\" \/>\n<link rel=\"canonical\" href=\"https:\/\/levandupieva.lt\/en\/product\/melyno-stiklo-indelis-20-30-50-100\/\" \/>\n<meta property=\"og:locale\" content=\"en_GB\" \/>\n<meta property=\"og:type\" content=\"article\" \/>\n<meta property=\"og:title\" content=\"M\u0117lyno stiklo indelis (be dangtelio) 20ml\/30ml\/50ml\/100ml talpos - Levand\u0173 pieva\" \/>\n<meta property=\"og:description\" content=\"M\u0117lyno stiklo indelis be dangtelio (dangtelius reikalinga u\u017esakyti atskirai,\u00a0 ie\u0161koti skiltyje &quot;Priedai tarai&quot;).. Puikiai tinka naudoti: kremams, \u017evaki\u0173 gamybai, kt. pana\u0161ios tekst\u016bros gaminiams.  20 ml indeliams tinka aliumininiai dangteliai, kodu: PR-18-20 arba juodo skaidraus plastiko dangtelis, kodu: PR-19-20.  30 ml indeliams tinka aliumininis dangtelis, kodu: PR-18-30 arba juodo skaidraus plastiko dangtelis, kodu: PR-19-30.  50 ml indeliams tinka aliumininis dangtelis, kodu: PR-18-50 arba juodo skaidraus plastiko dangtelis, kodu: PR-19-50.  100 ml indeliams tinka aliumininis dangtelis, kodu: PR-18-100 arba juodo skaidraus plastiko dangtelis, kodu: PR-19-100.  Galima taip pat atskirai \u012fsigyti &quot;Sealed for Your Protection&quot;\u00a0 apsaugin\u012f \u012fd\u0117kl\u0105\u00a0 ant indelio (ie\u0161koti skiltyje &quot;Priedai tarai&quot;). 20 ml indeliams\u00a0 kodu PR-20-20, 30 ml indeliams\u00a0 kodu PR-20-30, 50 ml indeliams\u00a0 kodu: PR-20-50, 100 ml indeliams\u00a0 kodu PR-20-100.  20 talpos indelio skersmuo (dugno) - 46,5 \u00b1 0,8mm, i\u0161or\u0117s kaklelio skersmuo: 41 \u00b1 0,4mm, auk\u0161tis: 29,5 \u00b1 0,8mm, etiket\u0117s spausdinimo parametrai: 15x145mm.  30 talpos indelio skersmuo (dugno) - 52 \u00b1 0,8mm, i\u0161or\u0117s kaklelio skersmuo: 46,3 \u00b1 0,3mm, auk\u0161tis: 36 \u00b1 0,8mm, etiket\u0117s spausdinimo parametrai: 20,5x160mm.  50 ml talpos indelio skersmuo (dugno)\u2013 56 \u00b1 0,8mm, i\u0161or\u0117s kaklelio skersmuo: 51,5 \u00b1 0,3mm, auk\u0161tis: 42,5 \u00b1 0,8mm, etiket\u0117s spausdinimo parametrai: 24,5x175mm.  100 ml talpos indelio skersmuo (dugno)\u2013 61 \u00b1 1mm, i\u0161or\u0117s kaklelio skersmuo: 56 \u00b1 0,5mm,\u00a0 auk\u0161tis: 64 \u00b1 0,7mm, etiket\u0117s spausdinimo parametrai: 45x190mm.\" \/>\n<meta property=\"og:url\" content=\"https:\/\/levandupieva.lt\/en\/product\/melyno-stiklo-indelis-20-30-50-100\/\" \/>\n<meta property=\"og:site_name\" content=\"Levand\u0173 pieva\" \/>\n<meta property=\"article:publisher\" content=\"https:\/\/www.facebook.com\/Levandupieva\" \/>\n<meta property=\"article:modified_time\" content=\"2026-04-10T11:20:29+00:00\" \/>\n<meta property=\"og:image\" content=\"https:\/\/levandupieva.lt\/wp-content\/uploads\/2022\/09\/melyni-30-ir-50-ml-scaled.jpg\" \/>\n\t<meta property=\"og:image:width\" content=\"2409\" \/>\n\t<meta property=\"og:image:height\" content=\"2560\" \/>\n\t<meta property=\"og:image:type\" content=\"image\/jpeg\" \/>\n<meta name=\"twitter:card\" content=\"summary_large_image\" \/>\n<meta name=\"twitter:label1\" content=\"Estimated reading time\" \/>\n\t<meta name=\"twitter:data1\" content=\"2 minutes\" \/>\n<script type=\"application\/ld+json\" class=\"yoast-schema-graph\">{\"@context\":\"https:\/\/schema.org\",\"@graph\":[{\"@type\":\"WebPage\",\"@id\":\"https:\/\/levandupieva.lt\/produktas\/melyno-stiklo-indelis-20-30-50-100\/\",\"url\":\"https:\/\/levandupieva.lt\/produktas\/melyno-stiklo-indelis-20-30-50-100\/\",\"name\":\"M\u0117lyno stiklo indelis (be dangtelio) 20ml\/30ml\/50ml\/100ml talpos - Levand\u0173 pieva\",\"isPartOf\":{\"@id\":\"https:\/\/levandupieva.lt\/#website\"},\"primaryImageOfPage\":{\"@id\":\"https:\/\/levandupieva.lt\/produktas\/melyno-stiklo-indelis-20-30-50-100\/#primaryimage\"},\"image\":{\"@id\":\"https:\/\/levandupieva.lt\/produktas\/melyno-stiklo-indelis-20-30-50-100\/#primaryimage\"},\"thumbnailUrl\":\"https:\/\/levandupieva.lt\/wp-content\/uploads\/2022\/09\/melyni-30-ir-50-ml-scaled.jpg\",\"datePublished\":\"2022-09-05T12:23:36+00:00\",\"dateModified\":\"2026-04-10T11:20:29+00:00\",\"breadcrumb\":{\"@id\":\"https:\/\/levandupieva.lt\/produktas\/melyno-stiklo-indelis-20-30-50-100\/#breadcrumb\"},\"inLanguage\":\"en-GB\",\"potentialAction\":[{\"@type\":\"ReadAction\",\"target\":[\"https:\/\/levandupieva.lt\/produktas\/melyno-stiklo-indelis-20-30-50-100\/\"]}]},{\"@type\":\"ImageObject\",\"inLanguage\":\"en-GB\",\"@id\":\"https:\/\/levandupieva.lt\/produktas\/melyno-stiklo-indelis-20-30-50-100\/#primaryimage\",\"url\":\"https:\/\/levandupieva.lt\/wp-content\/uploads\/2022\/09\/melyni-30-ir-50-ml-scaled.jpg\",\"contentUrl\":\"https:\/\/levandupieva.lt\/wp-content\/uploads\/2022\/09\/melyni-30-ir-50-ml-scaled.jpg\",\"width\":2409,\"height\":2560},{\"@type\":\"BreadcrumbList\",\"@id\":\"https:\/\/levandupieva.lt\/produktas\/melyno-stiklo-indelis-20-30-50-100\/#breadcrumb\",\"itemListElement\":[{\"@type\":\"ListItem\",\"position\":1,\"name\":\"Home\",\"item\":\"https:\/\/levandupieva.lt\/\"},{\"@type\":\"ListItem\",\"position\":2,\"name\":\"Parduotuv\u0117\",\"item\":\"https:\/\/levandupieva.lt\/parduotuve\/\"},{\"@type\":\"ListItem\",\"position\":3,\"name\":\"M\u0117lyno stiklo indelis (be dangtelio) 20ml\/30ml\/50ml\/100ml talpos\"}]},{\"@type\":\"WebSite\",\"@id\":\"https:\/\/levandupieva.lt\/#website\",\"url\":\"https:\/\/levandupieva.lt\/\",\"name\":\"Levand\u0173 pieva\",\"description\":\"\",\"publisher\":{\"@id\":\"https:\/\/levandupieva.lt\/#organization\"},\"potentialAction\":[{\"@type\":\"SearchAction\",\"target\":{\"@type\":\"EntryPoint\",\"urlTemplate\":\"https:\/\/levandupieva.lt\/?s={search_term_string}\"},\"query-input\":{\"@type\":\"PropertyValueSpecification\",\"valueRequired\":true,\"valueName\":\"search_term_string\"}}],\"inLanguage\":\"en-GB\"},{\"@type\":\"Organization\",\"@id\":\"https:\/\/levandupieva.lt\/#organization\",\"name\":\"Levan\u0173 Pieva\",\"url\":\"https:\/\/levandupieva.lt\/\",\"logo\":{\"@type\":\"ImageObject\",\"inLanguage\":\"en-GB\",\"@id\":\"https:\/\/levandupieva.lt\/#\/schema\/logo\/image\/\",\"url\":\"https:\/\/levandupieva.lt\/wp-content\/uploads\/2021\/03\/cropped-logo-e1446013442350.png\",\"contentUrl\":\"https:\/\/levandupieva.lt\/wp-content\/uploads\/2021\/03\/cropped-logo-e1446013442350.png\",\"width\":654,\"height\":287,\"caption\":\"Levan\u0173 Pieva\"},\"image\":{\"@id\":\"https:\/\/levandupieva.lt\/#\/schema\/logo\/image\/\"},\"sameAs\":[\"https:\/\/www.facebook.com\/Levandupieva\"]}]}<\/script>\n<!-- \/ Yoast SEO plugin. -->","yoast_head_json":{"title":"M\u0117lyno stiklo indelis (be dangtelio) 20ml\/30ml\/50ml\/100ml talpos - Levand\u0173 pieva","robots":{"index":"index","follow":"follow","max-snippet":"max-snippet:-1","max-image-preview":"max-image-preview:large","max-video-preview":"max-video-preview:-1"},"canonical":"https:\/\/levandupieva.lt\/en\/product\/melyno-stiklo-indelis-20-30-50-100\/","og_locale":"en_GB","og_type":"article","og_title":"M\u0117lyno stiklo indelis (be dangtelio) 20ml\/30ml\/50ml\/100ml talpos - Levand\u0173 pieva","og_description":"M\u0117lyno stiklo indelis be dangtelio (dangtelius reikalinga u\u017esakyti atskirai,\u00a0 ie\u0161koti skiltyje \"Priedai tarai\").. Puikiai tinka naudoti: kremams, \u017evaki\u0173 gamybai, kt. pana\u0161ios tekst\u016bros gaminiams.  20 ml indeliams tinka aliumininiai dangteliai, kodu: PR-18-20 arba juodo skaidraus plastiko dangtelis, kodu: PR-19-20.  30 ml indeliams tinka aliumininis dangtelis, kodu: PR-18-30 arba juodo skaidraus plastiko dangtelis, kodu: PR-19-30.  50 ml indeliams tinka aliumininis dangtelis, kodu: PR-18-50 arba juodo skaidraus plastiko dangtelis, kodu: PR-19-50.  100 ml indeliams tinka aliumininis dangtelis, kodu: PR-18-100 arba juodo skaidraus plastiko dangtelis, kodu: PR-19-100.  Galima taip pat atskirai \u012fsigyti \"Sealed for Your Protection\"\u00a0 apsaugin\u012f \u012fd\u0117kl\u0105\u00a0 ant indelio (ie\u0161koti skiltyje \"Priedai tarai\"). 20 ml indeliams\u00a0 kodu PR-20-20, 30 ml indeliams\u00a0 kodu PR-20-30, 50 ml indeliams\u00a0 kodu: PR-20-50, 100 ml indeliams\u00a0 kodu PR-20-100.  20 talpos indelio skersmuo (dugno) - 46,5 \u00b1 0,8mm, i\u0161or\u0117s kaklelio skersmuo: 41 \u00b1 0,4mm, auk\u0161tis: 29,5 \u00b1 0,8mm, etiket\u0117s spausdinimo parametrai: 15x145mm.  30 talpos indelio skersmuo (dugno) - 52 \u00b1 0,8mm, i\u0161or\u0117s kaklelio skersmuo: 46,3 \u00b1 0,3mm, auk\u0161tis: 36 \u00b1 0,8mm, etiket\u0117s spausdinimo parametrai: 20,5x160mm.  50 ml talpos indelio skersmuo (dugno)\u2013 56 \u00b1 0,8mm, i\u0161or\u0117s kaklelio skersmuo: 51,5 \u00b1 0,3mm, auk\u0161tis: 42,5 \u00b1 0,8mm, etiket\u0117s spausdinimo parametrai: 24,5x175mm.  100 ml talpos indelio skersmuo (dugno)\u2013 61 \u00b1 1mm, i\u0161or\u0117s kaklelio skersmuo: 56 \u00b1 0,5mm,\u00a0 auk\u0161tis: 64 \u00b1 0,7mm, etiket\u0117s spausdinimo parametrai: 45x190mm.","og_url":"https:\/\/levandupieva.lt\/en\/product\/melyno-stiklo-indelis-20-30-50-100\/","og_site_name":"Levand\u0173 pieva","article_publisher":"https:\/\/www.facebook.com\/Levandupieva","article_modified_time":"2026-04-10T11:20:29+00:00","og_image":[{"width":2409,"height":2560,"url":"https:\/\/levandupieva.lt\/wp-content\/uploads\/2022\/09\/melyni-30-ir-50-ml-scaled.jpg","type":"image\/jpeg"}],"twitter_card":"summary_large_image","twitter_misc":{"Estimated reading time":"2 minutes"},"schema":{"@context":"https:\/\/schema.org","@graph":[{"@type":"WebPage","@id":"https:\/\/levandupieva.lt\/produktas\/melyno-stiklo-indelis-20-30-50-100\/","url":"https:\/\/levandupieva.lt\/produktas\/melyno-stiklo-indelis-20-30-50-100\/","name":"M\u0117lyno stiklo indelis (be dangtelio) 20ml\/30ml\/50ml\/100ml talpos - Levand\u0173 pieva","isPartOf":{"@id":"https:\/\/levandupieva.lt\/#website"},"primaryImageOfPage":{"@id":"https:\/\/levandupieva.lt\/produktas\/melyno-stiklo-indelis-20-30-50-100\/#primaryimage"},"image":{"@id":"https:\/\/levandupieva.lt\/produktas\/melyno-stiklo-indelis-20-30-50-100\/#primaryimage"},"thumbnailUrl":"https:\/\/levandupieva.lt\/wp-content\/uploads\/2022\/09\/melyni-30-ir-50-ml-scaled.jpg","datePublished":"2022-09-05T12:23:36+00:00","dateModified":"2026-04-10T11:20:29+00:00","breadcrumb":{"@id":"https:\/\/levandupieva.lt\/produktas\/melyno-stiklo-indelis-20-30-50-100\/#breadcrumb"},"inLanguage":"en-GB","potentialAction":[{"@type":"ReadAction","target":["https:\/\/levandupieva.lt\/produktas\/melyno-stiklo-indelis-20-30-50-100\/"]}]},{"@type":"ImageObject","inLanguage":"en-GB","@id":"https:\/\/levandupieva.lt\/produktas\/melyno-stiklo-indelis-20-30-50-100\/#primaryimage","url":"https:\/\/levandupieva.lt\/wp-content\/uploads\/2022\/09\/melyni-30-ir-50-ml-scaled.jpg","contentUrl":"https:\/\/levandupieva.lt\/wp-content\/uploads\/2022\/09\/melyni-30-ir-50-ml-scaled.jpg","width":2409,"height":2560},{"@type":"BreadcrumbList","@id":"https:\/\/levandupieva.lt\/produktas\/melyno-stiklo-indelis-20-30-50-100\/#breadcrumb","itemListElement":[{"@type":"ListItem","position":1,"name":"Home","item":"https:\/\/levandupieva.lt\/"},{"@type":"ListItem","position":2,"name":"Parduotuv\u0117","item":"https:\/\/levandupieva.lt\/parduotuve\/"},{"@type":"ListItem","position":3,"name":"M\u0117lyno stiklo indelis (be dangtelio) 20ml\/30ml\/50ml\/100ml talpos"}]},{"@type":"WebSite","@id":"https:\/\/levandupieva.lt\/#website","url":"https:\/\/levandupieva.lt\/","name":"Levand\u0173 pieva","description":"","publisher":{"@id":"https:\/\/levandupieva.lt\/#organization"},"potentialAction":[{"@type":"SearchAction","target":{"@type":"EntryPoint","urlTemplate":"https:\/\/levandupieva.lt\/?s={search_term_string}"},"query-input":{"@type":"PropertyValueSpecification","valueRequired":true,"valueName":"search_term_string"}}],"inLanguage":"en-GB"},{"@type":"Organization","@id":"https:\/\/levandupieva.lt\/#organization","name":"Levan\u0173 Pieva","url":"https:\/\/levandupieva.lt\/","logo":{"@type":"ImageObject","inLanguage":"en-GB","@id":"https:\/\/levandupieva.lt\/#\/schema\/logo\/image\/","url":"https:\/\/levandupieva.lt\/wp-content\/uploads\/2021\/03\/cropped-logo-e1446013442350.png","contentUrl":"https:\/\/levandupieva.lt\/wp-content\/uploads\/2021\/03\/cropped-logo-e1446013442350.png","width":654,"height":287,"caption":"Levan\u0173 Pieva"},"image":{"@id":"https:\/\/levandupieva.lt\/#\/schema\/logo\/image\/"},"sameAs":["https:\/\/www.facebook.com\/Levandupieva"]}]}},"_links":{"self":[{"href":"https:\/\/levandupieva.lt\/en\/wp-json\/wp\/v2\/product\/4966","targetHints":{"allow":["GET"]}}],"collection":[{"href":"https:\/\/levandupieva.lt\/en\/wp-json\/wp\/v2\/product"}],"about":[{"href":"https:\/\/levandupieva.lt\/en\/wp-json\/wp\/v2\/types\/product"}],"replies":[{"embeddable":true,"href":"https:\/\/levandupieva.lt\/en\/wp-json\/wp\/v2\/comments?post=4966"}],"wp:featuredmedia":[{"embeddable":true,"href":"https:\/\/levandupieva.lt\/en\/wp-json\/wp\/v2\/media\/6398"}],"wp:attachment":[{"href":"https:\/\/levandupieva.lt\/en\/wp-json\/wp\/v2\/media?parent=4966"}],"wp:term":[{"taxonomy":"product_brand","embeddable":true,"href":"https:\/\/levandupieva.lt\/en\/wp-json\/wp\/v2\/product_brand?post=4966"},{"taxonomy":"product_cat","embeddable":true,"href":"https:\/\/levandupieva.lt\/en\/wp-json\/wp\/v2\/product_cat?post=4966"},{"taxonomy":"product_tag","embeddable":true,"href":"https:\/\/levandupieva.lt\/en\/wp-json\/wp\/v2\/product_tag?post=4966"}],"curies":[{"name":"wp","href":"https:\/\/api.w.org\/{rel}","templated":true}]}}