{"id":4972,"date":"2022-09-05T12:42:52","date_gmt":"2022-09-05T12:42:52","guid":{"rendered":"https:\/\/levandupieva.lt\/?post_type=product&#038;p=4972"},"modified":"2026-02-25T06:28:06","modified_gmt":"2026-02-25T06:28:06","slug":"sealed-for-your-protection-apsauginiai-ideklai-ant-melyno-stiklo-indeliu-kremams","status":"publish","type":"product","link":"https:\/\/levandupieva.lt\/en\/product\/sealed-for-your-protection-apsauginiai-ideklai-ant-melyno-stiklo-indeliu-kremams\/","title":{"rendered":"\u201eSealed for Your Protection\u201c apsauginiai \u012fd\u0117klai ant m\u0117lyno arba \u017ealio stiklo indeli\u0173 kremams"},"content":{"rendered":"<p class=\"p1\">\u201eSealed for Your Protection\u201c apsauginiai \u012fd\u0117klai ant m\u0117lyno arba \u017ealio stiklo indeli\u0173 kremams.<\/p>\n<p>Ant 20 ml m\u0117lyno arba \u017ealio stiklo krem\u0173 indeli\u0173 33,3 \u00b1 0,4mm plo\u010dio (kodas PR-20-20<strong>,<\/strong><\/p>\n<p class=\"p1\">Ant 30 ml m\u0117lyno arba \u017ealio stiklo krem\u0173 indeli\u0173 43 mm plo\u010dio (kodas PR-20-30)<strong>,<\/strong><\/p>\n<p class=\"p1\">Ant 50 ml m\u0117lyno\u00a0 arba \u017ealio stiklo krem\u0173 indeli\u0173 50 mm plo\u010dio (PR-20-50).<\/p>\n<p>Ant 100 ml m\u0117lyno\u00a0 arba \u017ealio stiklo krem\u0173 indeli\u0173 54 mm plo\u010dio (PR-20-100).<\/p>\n<p>Kaip naudoti: ant \u0161varaus indelio pavir\u0161iaus u\u017ed\u0117ti \u012fd\u0117kl\u0105, kad vir\u0161utin\u0117 dalis b\u016bt\u0173 su u\u017era\u0161u (arba \u012fd\u0117ti \u012fd\u0117kl\u0105 \u012f pa\u010dio dangelio vir\u0161\u0173, kad i\u0161orin\u0117 dalis b\u016bt\u0173 su u\u017era\u0161u) ir u\u017esukti indel\u012f, palikti bent kelioms valandoms. Taip pat galite pa\u017ei\u016br\u0117ti video:<\/p>\n<p><iframe loading=\"lazy\" title=\"Pressure Sensitive Liners | The Cary Company\" width=\"1140\" height=\"641\" src=\"https:\/\/www.youtube.com\/embed\/Wxv2dSldI4M?feature=oembed\" frameborder=\"0\" allow=\"accelerometer; autoplay; clipboard-write; encrypted-media; gyroscope; picture-in-picture; web-share\" referrerpolicy=\"strict-origin-when-cross-origin\" allowfullscreen><\/iframe><\/p>","protected":false},"excerpt":{"rendered":"<p class=\"p1\">\u201eSealed for Your Protection\u201c apsauginiai \u012fd\u0117klai ant m\u0117lyno arba \u017ealio stiklo indeli\u0173 kremams.<\/p>\n<p>Ant 20 ml m\u0117lyno arba \u017ealio stiklo krem\u0173 indeli\u0173 33,3 \u00b1 0,4mm plo\u010dio (kodas PR-20-20<strong>,<\/strong><\/p>\n<p class=\"p1\">Ant 30 ml m\u0117lyno arba \u017ealio stiklo krem\u0173 indeli\u0173 43 mm plo\u010dio (kodas PR-20-30)<strong>,<\/strong><\/p>\n<p class=\"p1\">Ant 50 ml m\u0117lyno\u00a0 arba \u017ealio stiklo krem\u0173 indeli\u0173 50 mm plo\u010dio (PR-20-50).<\/p>\n<p>Ant 100 ml m\u0117lyno\u00a0 arba \u017ealio stiklo krem\u0173 indeli\u0173 54 mm plo\u010dio (PR-20-100).<\/p>\n<p>Kaip naudoti: ant \u0161varaus indelio pavir\u0161iaus u\u017ed\u0117ti \u012fd\u0117kl\u0105, kad vir\u0161utin\u0117 dalis b\u016bt\u0173 su u\u017era\u0161u (arba \u012fd\u0117ti \u012fd\u0117kl\u0105 \u012f pa\u010dio dangelio vir\u0161\u0173, kad i\u0161orin\u0117 dalis b\u016bt\u0173 su u\u017era\u0161u) ir u\u017esukti indel\u012f, palikti bent kelioms valandoms. Taip pat galite pa\u017ei\u016br\u0117ti video:<\/p>\n<p>&nbsp;<\/p>\n<p>https:\/\/www.youtube.com\/watch?v=Wxv2dSldI4M<\/p>\n<p>&nbsp;<\/p>\n<p>&nbsp;<\/p>\n<p>&nbsp;<\/p>","protected":false},"featured_media":7363,"comment_status":"closed","ping_status":"closed","template":"","meta":[],"product_brand":[],"product_cat":[78],"product_tag":[143],"class_list":{"0":"post-4972","1":"product","2":"type-product","3":"status-publish","4":"has-post-thumbnail","6":"product_cat-priedai-tarai","7":"product_tag-sealed-for-your-protection","9":"first","10":"instock","11":"shipping-taxable","12":"purchasable","13":"product-type-variable","14":"has-default-attributes"},"yoast_head":"<!-- This site is optimized with the Yoast SEO plugin v24.8.1 - https:\/\/yoast.com\/wordpress\/plugins\/seo\/ -->\n<title>\u201eSealed for Your Protection\u201c apsauginiai \u012fd\u0117klai ant m\u0117lyno arba \u017ealio stiklo indeli\u0173 kremams - Levand\u0173 pieva<\/title>\n<meta name=\"description\" content=\"Juodos ir aukso spalvos pipet\u0117, puikiai tinka naudoti: eteriniams aliejams, fitoliams, aliejams, kt. pana\u0161ios tekst\u016bros gaminiams.\" \/>\n<meta name=\"robots\" content=\"index, follow, max-snippet:-1, max-image-preview:large, max-video-preview:-1\" \/>\n<link rel=\"canonical\" href=\"https:\/\/levandupieva.lt\/en\/product\/sealed-for-your-protection-apsauginiai-ideklai-ant-melyno-stiklo-indeliu-kremams\/\" \/>\n<meta property=\"og:locale\" content=\"en_GB\" \/>\n<meta property=\"og:type\" content=\"article\" \/>\n<meta property=\"og:title\" content=\"\u201eSealed for Your Protection\u201c apsauginiai \u012fd\u0117klai ant m\u0117lyno arba \u017ealio stiklo indeli\u0173 kremams - Levand\u0173 pieva\" \/>\n<meta property=\"og:description\" content=\"Juodos ir aukso spalvos pipet\u0117, puikiai tinka naudoti: eteriniams aliejams, fitoliams, aliejams, kt. pana\u0161ios tekst\u016bros gaminiams.\" \/>\n<meta property=\"og:url\" content=\"https:\/\/levandupieva.lt\/en\/product\/sealed-for-your-protection-apsauginiai-ideklai-ant-melyno-stiklo-indeliu-kremams\/\" \/>\n<meta property=\"og:site_name\" content=\"Levand\u0173 pieva\" \/>\n<meta property=\"article:publisher\" content=\"https:\/\/www.facebook.com\/Levandupieva\" \/>\n<meta property=\"article:modified_time\" content=\"2026-02-25T06:28:06+00:00\" \/>\n<meta property=\"og:image\" content=\"https:\/\/levandupieva.lt\/wp-content\/uploads\/2022\/09\/IMG_5382-scaled.jpg\" \/>\n\t<meta property=\"og:image:width\" content=\"2560\" \/>\n\t<meta property=\"og:image:height\" content=\"1989\" \/>\n\t<meta property=\"og:image:type\" content=\"image\/jpeg\" \/>\n<meta name=\"twitter:card\" content=\"summary_large_image\" \/>\n<meta name=\"twitter:label1\" content=\"Estimated reading time\" \/>\n\t<meta name=\"twitter:data1\" content=\"1 minute\" \/>\n<script type=\"application\/ld+json\" class=\"yoast-schema-graph\">{\"@context\":\"https:\/\/schema.org\",\"@graph\":[{\"@type\":\"WebPage\",\"@id\":\"https:\/\/levandupieva.lt\/produktas\/sealed-for-your-protection-apsauginiai-ideklai-ant-melyno-stiklo-indeliu-kremams\/\",\"url\":\"https:\/\/levandupieva.lt\/produktas\/sealed-for-your-protection-apsauginiai-ideklai-ant-melyno-stiklo-indeliu-kremams\/\",\"name\":\"\u201eSealed for Your Protection\u201c apsauginiai \u012fd\u0117klai ant m\u0117lyno arba \u017ealio stiklo indeli\u0173 kremams - Levand\u0173 pieva\",\"isPartOf\":{\"@id\":\"https:\/\/levandupieva.lt\/#website\"},\"primaryImageOfPage\":{\"@id\":\"https:\/\/levandupieva.lt\/produktas\/sealed-for-your-protection-apsauginiai-ideklai-ant-melyno-stiklo-indeliu-kremams\/#primaryimage\"},\"image\":{\"@id\":\"https:\/\/levandupieva.lt\/produktas\/sealed-for-your-protection-apsauginiai-ideklai-ant-melyno-stiklo-indeliu-kremams\/#primaryimage\"},\"thumbnailUrl\":\"https:\/\/levandupieva.lt\/wp-content\/uploads\/2022\/09\/IMG_5382-scaled.jpg\",\"datePublished\":\"2022-09-05T12:42:52+00:00\",\"dateModified\":\"2026-02-25T06:28:06+00:00\",\"description\":\"Juodos ir aukso spalvos pipet\u0117, puikiai tinka naudoti: eteriniams aliejams, fitoliams, aliejams, kt. pana\u0161ios tekst\u016bros gaminiams.\",\"breadcrumb\":{\"@id\":\"https:\/\/levandupieva.lt\/produktas\/sealed-for-your-protection-apsauginiai-ideklai-ant-melyno-stiklo-indeliu-kremams\/#breadcrumb\"},\"inLanguage\":\"en-GB\",\"potentialAction\":[{\"@type\":\"ReadAction\",\"target\":[\"https:\/\/levandupieva.lt\/produktas\/sealed-for-your-protection-apsauginiai-ideklai-ant-melyno-stiklo-indeliu-kremams\/\"]}]},{\"@type\":\"ImageObject\",\"inLanguage\":\"en-GB\",\"@id\":\"https:\/\/levandupieva.lt\/produktas\/sealed-for-your-protection-apsauginiai-ideklai-ant-melyno-stiklo-indeliu-kremams\/#primaryimage\",\"url\":\"https:\/\/levandupieva.lt\/wp-content\/uploads\/2022\/09\/IMG_5382-scaled.jpg\",\"contentUrl\":\"https:\/\/levandupieva.lt\/wp-content\/uploads\/2022\/09\/IMG_5382-scaled.jpg\",\"width\":2560,\"height\":1989},{\"@type\":\"BreadcrumbList\",\"@id\":\"https:\/\/levandupieva.lt\/produktas\/sealed-for-your-protection-apsauginiai-ideklai-ant-melyno-stiklo-indeliu-kremams\/#breadcrumb\",\"itemListElement\":[{\"@type\":\"ListItem\",\"position\":1,\"name\":\"Home\",\"item\":\"https:\/\/levandupieva.lt\/\"},{\"@type\":\"ListItem\",\"position\":2,\"name\":\"Parduotuv\u0117\",\"item\":\"https:\/\/levandupieva.lt\/parduotuve\/\"},{\"@type\":\"ListItem\",\"position\":3,\"name\":\"\u201eSealed for Your Protection\u201c apsauginiai \u012fd\u0117klai ant m\u0117lyno arba \u017ealio stiklo indeli\u0173 kremams\"}]},{\"@type\":\"WebSite\",\"@id\":\"https:\/\/levandupieva.lt\/#website\",\"url\":\"https:\/\/levandupieva.lt\/\",\"name\":\"Levand\u0173 pieva\",\"description\":\"\",\"publisher\":{\"@id\":\"https:\/\/levandupieva.lt\/#organization\"},\"potentialAction\":[{\"@type\":\"SearchAction\",\"target\":{\"@type\":\"EntryPoint\",\"urlTemplate\":\"https:\/\/levandupieva.lt\/?s={search_term_string}\"},\"query-input\":{\"@type\":\"PropertyValueSpecification\",\"valueRequired\":true,\"valueName\":\"search_term_string\"}}],\"inLanguage\":\"en-GB\"},{\"@type\":\"Organization\",\"@id\":\"https:\/\/levandupieva.lt\/#organization\",\"name\":\"Levan\u0173 Pieva\",\"url\":\"https:\/\/levandupieva.lt\/\",\"logo\":{\"@type\":\"ImageObject\",\"inLanguage\":\"en-GB\",\"@id\":\"https:\/\/levandupieva.lt\/#\/schema\/logo\/image\/\",\"url\":\"https:\/\/levandupieva.lt\/wp-content\/uploads\/2021\/03\/cropped-logo-e1446013442350.png\",\"contentUrl\":\"https:\/\/levandupieva.lt\/wp-content\/uploads\/2021\/03\/cropped-logo-e1446013442350.png\",\"width\":654,\"height\":287,\"caption\":\"Levan\u0173 Pieva\"},\"image\":{\"@id\":\"https:\/\/levandupieva.lt\/#\/schema\/logo\/image\/\"},\"sameAs\":[\"https:\/\/www.facebook.com\/Levandupieva\"]}]}<\/script>\n<!-- \/ Yoast SEO plugin. -->","yoast_head_json":{"title":"\u201eSealed for Your Protection\u201c apsauginiai \u012fd\u0117klai ant m\u0117lyno arba \u017ealio stiklo indeli\u0173 kremams - Levand\u0173 pieva","description":"Juodos ir aukso spalvos pipet\u0117, puikiai tinka naudoti: eteriniams aliejams, fitoliams, aliejams, kt. pana\u0161ios tekst\u016bros gaminiams.","robots":{"index":"index","follow":"follow","max-snippet":"max-snippet:-1","max-image-preview":"max-image-preview:large","max-video-preview":"max-video-preview:-1"},"canonical":"https:\/\/levandupieva.lt\/en\/product\/sealed-for-your-protection-apsauginiai-ideklai-ant-melyno-stiklo-indeliu-kremams\/","og_locale":"en_GB","og_type":"article","og_title":"\u201eSealed for Your Protection\u201c apsauginiai \u012fd\u0117klai ant m\u0117lyno arba \u017ealio stiklo indeli\u0173 kremams - Levand\u0173 pieva","og_description":"Juodos ir aukso spalvos pipet\u0117, puikiai tinka naudoti: eteriniams aliejams, fitoliams, aliejams, kt. pana\u0161ios tekst\u016bros gaminiams.","og_url":"https:\/\/levandupieva.lt\/en\/product\/sealed-for-your-protection-apsauginiai-ideklai-ant-melyno-stiklo-indeliu-kremams\/","og_site_name":"Levand\u0173 pieva","article_publisher":"https:\/\/www.facebook.com\/Levandupieva","article_modified_time":"2026-02-25T06:28:06+00:00","og_image":[{"width":2560,"height":1989,"url":"https:\/\/levandupieva.lt\/wp-content\/uploads\/2022\/09\/IMG_5382-scaled.jpg","type":"image\/jpeg"}],"twitter_card":"summary_large_image","twitter_misc":{"Estimated reading time":"1 minute"},"schema":{"@context":"https:\/\/schema.org","@graph":[{"@type":"WebPage","@id":"https:\/\/levandupieva.lt\/produktas\/sealed-for-your-protection-apsauginiai-ideklai-ant-melyno-stiklo-indeliu-kremams\/","url":"https:\/\/levandupieva.lt\/produktas\/sealed-for-your-protection-apsauginiai-ideklai-ant-melyno-stiklo-indeliu-kremams\/","name":"\u201eSealed for Your Protection\u201c apsauginiai \u012fd\u0117klai ant m\u0117lyno arba \u017ealio stiklo indeli\u0173 kremams - Levand\u0173 pieva","isPartOf":{"@id":"https:\/\/levandupieva.lt\/#website"},"primaryImageOfPage":{"@id":"https:\/\/levandupieva.lt\/produktas\/sealed-for-your-protection-apsauginiai-ideklai-ant-melyno-stiklo-indeliu-kremams\/#primaryimage"},"image":{"@id":"https:\/\/levandupieva.lt\/produktas\/sealed-for-your-protection-apsauginiai-ideklai-ant-melyno-stiklo-indeliu-kremams\/#primaryimage"},"thumbnailUrl":"https:\/\/levandupieva.lt\/wp-content\/uploads\/2022\/09\/IMG_5382-scaled.jpg","datePublished":"2022-09-05T12:42:52+00:00","dateModified":"2026-02-25T06:28:06+00:00","description":"Juodos ir aukso spalvos pipet\u0117, puikiai tinka naudoti: eteriniams aliejams, fitoliams, aliejams, kt. pana\u0161ios tekst\u016bros gaminiams.","breadcrumb":{"@id":"https:\/\/levandupieva.lt\/produktas\/sealed-for-your-protection-apsauginiai-ideklai-ant-melyno-stiklo-indeliu-kremams\/#breadcrumb"},"inLanguage":"en-GB","potentialAction":[{"@type":"ReadAction","target":["https:\/\/levandupieva.lt\/produktas\/sealed-for-your-protection-apsauginiai-ideklai-ant-melyno-stiklo-indeliu-kremams\/"]}]},{"@type":"ImageObject","inLanguage":"en-GB","@id":"https:\/\/levandupieva.lt\/produktas\/sealed-for-your-protection-apsauginiai-ideklai-ant-melyno-stiklo-indeliu-kremams\/#primaryimage","url":"https:\/\/levandupieva.lt\/wp-content\/uploads\/2022\/09\/IMG_5382-scaled.jpg","contentUrl":"https:\/\/levandupieva.lt\/wp-content\/uploads\/2022\/09\/IMG_5382-scaled.jpg","width":2560,"height":1989},{"@type":"BreadcrumbList","@id":"https:\/\/levandupieva.lt\/produktas\/sealed-for-your-protection-apsauginiai-ideklai-ant-melyno-stiklo-indeliu-kremams\/#breadcrumb","itemListElement":[{"@type":"ListItem","position":1,"name":"Home","item":"https:\/\/levandupieva.lt\/"},{"@type":"ListItem","position":2,"name":"Parduotuv\u0117","item":"https:\/\/levandupieva.lt\/parduotuve\/"},{"@type":"ListItem","position":3,"name":"\u201eSealed for Your Protection\u201c apsauginiai \u012fd\u0117klai ant m\u0117lyno arba \u017ealio stiklo indeli\u0173 kremams"}]},{"@type":"WebSite","@id":"https:\/\/levandupieva.lt\/#website","url":"https:\/\/levandupieva.lt\/","name":"Levand\u0173 pieva","description":"","publisher":{"@id":"https:\/\/levandupieva.lt\/#organization"},"potentialAction":[{"@type":"SearchAction","target":{"@type":"EntryPoint","urlTemplate":"https:\/\/levandupieva.lt\/?s={search_term_string}"},"query-input":{"@type":"PropertyValueSpecification","valueRequired":true,"valueName":"search_term_string"}}],"inLanguage":"en-GB"},{"@type":"Organization","@id":"https:\/\/levandupieva.lt\/#organization","name":"Levan\u0173 Pieva","url":"https:\/\/levandupieva.lt\/","logo":{"@type":"ImageObject","inLanguage":"en-GB","@id":"https:\/\/levandupieva.lt\/#\/schema\/logo\/image\/","url":"https:\/\/levandupieva.lt\/wp-content\/uploads\/2021\/03\/cropped-logo-e1446013442350.png","contentUrl":"https:\/\/levandupieva.lt\/wp-content\/uploads\/2021\/03\/cropped-logo-e1446013442350.png","width":654,"height":287,"caption":"Levan\u0173 Pieva"},"image":{"@id":"https:\/\/levandupieva.lt\/#\/schema\/logo\/image\/"},"sameAs":["https:\/\/www.facebook.com\/Levandupieva"]}]}},"_links":{"self":[{"href":"https:\/\/levandupieva.lt\/en\/wp-json\/wp\/v2\/product\/4972","targetHints":{"allow":["GET"]}}],"collection":[{"href":"https:\/\/levandupieva.lt\/en\/wp-json\/wp\/v2\/product"}],"about":[{"href":"https:\/\/levandupieva.lt\/en\/wp-json\/wp\/v2\/types\/product"}],"replies":[{"embeddable":true,"href":"https:\/\/levandupieva.lt\/en\/wp-json\/wp\/v2\/comments?post=4972"}],"wp:featuredmedia":[{"embeddable":true,"href":"https:\/\/levandupieva.lt\/en\/wp-json\/wp\/v2\/media\/7363"}],"wp:attachment":[{"href":"https:\/\/levandupieva.lt\/en\/wp-json\/wp\/v2\/media?parent=4972"}],"wp:term":[{"taxonomy":"product_brand","embeddable":true,"href":"https:\/\/levandupieva.lt\/en\/wp-json\/wp\/v2\/product_brand?post=4972"},{"taxonomy":"product_cat","embeddable":true,"href":"https:\/\/levandupieva.lt\/en\/wp-json\/wp\/v2\/product_cat?post=4972"},{"taxonomy":"product_tag","embeddable":true,"href":"https:\/\/levandupieva.lt\/en\/wp-json\/wp\/v2\/product_tag?post=4972"}],"curies":[{"name":"wp","href":"https:\/\/api.w.org\/{rel}","templated":true}]}}