{"id":4986,"date":"2022-09-05T13:37:31","date_gmt":"2022-09-05T13:37:31","guid":{"rendered":"https:\/\/levandupieva.lt\/?post_type=product&#038;p=4986"},"modified":"2026-02-28T13:58:41","modified_gmt":"2026-02-28T13:58:41","slug":"rutulinis-aliuminio-aplikatorius-su-juodos-spalvos-gaubteliu","status":"publish","type":"product","link":"https:\/\/levandupieva.lt\/en\/product\/rutulinis-aliuminio-aplikatorius-su-juodos-spalvos-gaubteliu\/","title":{"rendered":"Rutulinis aliuminio aplikatorius su juodo plastiko gaubteliu"},"content":{"rendered":"<p>Rutulinis aliuminio aplikatorius su juodo plastiko gaubteliu, tinkantis visiems GL18 buteliukams (m\u016bs\u0173 svetain\u0117je si\u016blomiems visiems GL 18 tipo 5, 100, 15, 30, 50, 100 ml talpos rudo, \u017ealio, m\u0117lyno stiklo buteliukams)<\/p>","protected":false},"excerpt":{"rendered":"<p>Rutulinis aliuminio aplikatorius su juodo plastiko gaubteliu, tinkantis visiems GL18 buteliukams (m\u016bs\u0173 svetain\u0117je si\u016blomiems visiems GL 18 tipo 5, 100, 15, 30, 50, 100 ml talpos rudo, \u017ealio, m\u0117lyno stiklo buteliukams).<\/p>","protected":false},"featured_media":4987,"comment_status":"open","ping_status":"closed","template":"","meta":[],"product_brand":[],"product_cat":[69,78],"product_tag":[],"class_list":{"0":"post-4986","1":"product","2":"type-product","3":"status-publish","4":"has-post-thumbnail","6":"product_cat-tara","7":"product_cat-priedai-tarai","9":"first","10":"instock","11":"shipping-taxable","12":"purchasable","13":"product-type-simple"},"yoast_head":"<!-- This site is optimized with the Yoast SEO plugin v24.8.1 - https:\/\/yoast.com\/wordpress\/plugins\/seo\/ -->\n<title>Rutulinis aliuminio aplikatorius su juodo plastiko gaubteliu - Levand\u0173 pieva<\/title>\n<meta name=\"robots\" content=\"index, follow, max-snippet:-1, max-image-preview:large, max-video-preview:-1\" \/>\n<link rel=\"canonical\" href=\"https:\/\/levandupieva.lt\/en\/product\/rutulinis-aliuminio-aplikatorius-su-juodos-spalvos-gaubteliu\/\" \/>\n<meta property=\"og:locale\" content=\"en_GB\" \/>\n<meta property=\"og:type\" content=\"article\" \/>\n<meta property=\"og:title\" content=\"Rutulinis aliuminio aplikatorius su juodo plastiko gaubteliu - Levand\u0173 pieva\" \/>\n<meta property=\"og:description\" content=\"Rutulinis aliuminio aplikatorius su juodo plastiko gaubteliu, tinkantis visiems GL18 buteliukams (m\u016bs\u0173 svetain\u0117je si\u016blomiems visiems GL 18 tipo 5, 100, 15, 30, 50, 100 ml talpos rudo, \u017ealio, m\u0117lyno stiklo buteliukams).\" \/>\n<meta property=\"og:url\" content=\"https:\/\/levandupieva.lt\/en\/product\/rutulinis-aliuminio-aplikatorius-su-juodos-spalvos-gaubteliu\/\" \/>\n<meta property=\"og:site_name\" content=\"Levand\u0173 pieva\" \/>\n<meta property=\"article:publisher\" content=\"https:\/\/www.facebook.com\/Levandupieva\" \/>\n<meta property=\"article:modified_time\" content=\"2026-02-28T13:58:41+00:00\" \/>\n<meta property=\"og:image\" content=\"https:\/\/levandupieva.lt\/wp-content\/uploads\/2022\/09\/IMG-3120-scaled-e1662386050301.jpg\" \/>\n\t<meta property=\"og:image:width\" content=\"1798\" \/>\n\t<meta property=\"og:image:height\" content=\"1606\" \/>\n\t<meta property=\"og:image:type\" content=\"image\/jpeg\" \/>\n<meta name=\"twitter:card\" content=\"summary_large_image\" \/>\n<meta name=\"twitter:label1\" content=\"Estimated reading time\" \/>\n\t<meta name=\"twitter:data1\" content=\"1 minute\" \/>\n<script type=\"application\/ld+json\" class=\"yoast-schema-graph\">{\"@context\":\"https:\/\/schema.org\",\"@graph\":[{\"@type\":\"WebPage\",\"@id\":\"https:\/\/levandupieva.lt\/produktas\/rutulinis-aliuminio-aplikatorius-su-juodos-spalvos-gaubteliu\/\",\"url\":\"https:\/\/levandupieva.lt\/produktas\/rutulinis-aliuminio-aplikatorius-su-juodos-spalvos-gaubteliu\/\",\"name\":\"Rutulinis aliuminio aplikatorius su juodo plastiko gaubteliu - Levand\u0173 pieva\",\"isPartOf\":{\"@id\":\"https:\/\/levandupieva.lt\/#website\"},\"primaryImageOfPage\":{\"@id\":\"https:\/\/levandupieva.lt\/produktas\/rutulinis-aliuminio-aplikatorius-su-juodos-spalvos-gaubteliu\/#primaryimage\"},\"image\":{\"@id\":\"https:\/\/levandupieva.lt\/produktas\/rutulinis-aliuminio-aplikatorius-su-juodos-spalvos-gaubteliu\/#primaryimage\"},\"thumbnailUrl\":\"https:\/\/levandupieva.lt\/wp-content\/uploads\/2022\/09\/IMG-3120-scaled-e1662386050301.jpg\",\"datePublished\":\"2022-09-05T13:37:31+00:00\",\"dateModified\":\"2026-02-28T13:58:41+00:00\",\"breadcrumb\":{\"@id\":\"https:\/\/levandupieva.lt\/produktas\/rutulinis-aliuminio-aplikatorius-su-juodos-spalvos-gaubteliu\/#breadcrumb\"},\"inLanguage\":\"en-GB\",\"potentialAction\":[{\"@type\":\"ReadAction\",\"target\":[\"https:\/\/levandupieva.lt\/produktas\/rutulinis-aliuminio-aplikatorius-su-juodos-spalvos-gaubteliu\/\"]}]},{\"@type\":\"ImageObject\",\"inLanguage\":\"en-GB\",\"@id\":\"https:\/\/levandupieva.lt\/produktas\/rutulinis-aliuminio-aplikatorius-su-juodos-spalvos-gaubteliu\/#primaryimage\",\"url\":\"https:\/\/levandupieva.lt\/wp-content\/uploads\/2022\/09\/IMG-3120-scaled-e1662386050301.jpg\",\"contentUrl\":\"https:\/\/levandupieva.lt\/wp-content\/uploads\/2022\/09\/IMG-3120-scaled-e1662386050301.jpg\",\"width\":1798,\"height\":1606},{\"@type\":\"BreadcrumbList\",\"@id\":\"https:\/\/levandupieva.lt\/produktas\/rutulinis-aliuminio-aplikatorius-su-juodos-spalvos-gaubteliu\/#breadcrumb\",\"itemListElement\":[{\"@type\":\"ListItem\",\"position\":1,\"name\":\"Home\",\"item\":\"https:\/\/levandupieva.lt\/\"},{\"@type\":\"ListItem\",\"position\":2,\"name\":\"Parduotuv\u0117\",\"item\":\"https:\/\/levandupieva.lt\/parduotuve\/\"},{\"@type\":\"ListItem\",\"position\":3,\"name\":\"Rutulinis aliuminio aplikatorius su juodo plastiko gaubteliu\"}]},{\"@type\":\"WebSite\",\"@id\":\"https:\/\/levandupieva.lt\/#website\",\"url\":\"https:\/\/levandupieva.lt\/\",\"name\":\"Levand\u0173 pieva\",\"description\":\"\",\"publisher\":{\"@id\":\"https:\/\/levandupieva.lt\/#organization\"},\"potentialAction\":[{\"@type\":\"SearchAction\",\"target\":{\"@type\":\"EntryPoint\",\"urlTemplate\":\"https:\/\/levandupieva.lt\/?s={search_term_string}\"},\"query-input\":{\"@type\":\"PropertyValueSpecification\",\"valueRequired\":true,\"valueName\":\"search_term_string\"}}],\"inLanguage\":\"en-GB\"},{\"@type\":\"Organization\",\"@id\":\"https:\/\/levandupieva.lt\/#organization\",\"name\":\"Levan\u0173 Pieva\",\"url\":\"https:\/\/levandupieva.lt\/\",\"logo\":{\"@type\":\"ImageObject\",\"inLanguage\":\"en-GB\",\"@id\":\"https:\/\/levandupieva.lt\/#\/schema\/logo\/image\/\",\"url\":\"https:\/\/levandupieva.lt\/wp-content\/uploads\/2021\/03\/cropped-logo-e1446013442350.png\",\"contentUrl\":\"https:\/\/levandupieva.lt\/wp-content\/uploads\/2021\/03\/cropped-logo-e1446013442350.png\",\"width\":654,\"height\":287,\"caption\":\"Levan\u0173 Pieva\"},\"image\":{\"@id\":\"https:\/\/levandupieva.lt\/#\/schema\/logo\/image\/\"},\"sameAs\":[\"https:\/\/www.facebook.com\/Levandupieva\"]}]}<\/script>\n<!-- \/ Yoast SEO plugin. -->","yoast_head_json":{"title":"Rutulinis aliuminio aplikatorius su juodo plastiko gaubteliu - Levand\u0173 pieva","robots":{"index":"index","follow":"follow","max-snippet":"max-snippet:-1","max-image-preview":"max-image-preview:large","max-video-preview":"max-video-preview:-1"},"canonical":"https:\/\/levandupieva.lt\/en\/product\/rutulinis-aliuminio-aplikatorius-su-juodos-spalvos-gaubteliu\/","og_locale":"en_GB","og_type":"article","og_title":"Rutulinis aliuminio aplikatorius su juodo plastiko gaubteliu - Levand\u0173 pieva","og_description":"Rutulinis aliuminio aplikatorius su juodo plastiko gaubteliu, tinkantis visiems GL18 buteliukams (m\u016bs\u0173 svetain\u0117je si\u016blomiems visiems GL 18 tipo 5, 100, 15, 30, 50, 100 ml talpos rudo, \u017ealio, m\u0117lyno stiklo buteliukams).","og_url":"https:\/\/levandupieva.lt\/en\/product\/rutulinis-aliuminio-aplikatorius-su-juodos-spalvos-gaubteliu\/","og_site_name":"Levand\u0173 pieva","article_publisher":"https:\/\/www.facebook.com\/Levandupieva","article_modified_time":"2026-02-28T13:58:41+00:00","og_image":[{"width":1798,"height":1606,"url":"https:\/\/levandupieva.lt\/wp-content\/uploads\/2022\/09\/IMG-3120-scaled-e1662386050301.jpg","type":"image\/jpeg"}],"twitter_card":"summary_large_image","twitter_misc":{"Estimated reading time":"1 minute"},"schema":{"@context":"https:\/\/schema.org","@graph":[{"@type":"WebPage","@id":"https:\/\/levandupieva.lt\/produktas\/rutulinis-aliuminio-aplikatorius-su-juodos-spalvos-gaubteliu\/","url":"https:\/\/levandupieva.lt\/produktas\/rutulinis-aliuminio-aplikatorius-su-juodos-spalvos-gaubteliu\/","name":"Rutulinis aliuminio aplikatorius su juodo plastiko gaubteliu - Levand\u0173 pieva","isPartOf":{"@id":"https:\/\/levandupieva.lt\/#website"},"primaryImageOfPage":{"@id":"https:\/\/levandupieva.lt\/produktas\/rutulinis-aliuminio-aplikatorius-su-juodos-spalvos-gaubteliu\/#primaryimage"},"image":{"@id":"https:\/\/levandupieva.lt\/produktas\/rutulinis-aliuminio-aplikatorius-su-juodos-spalvos-gaubteliu\/#primaryimage"},"thumbnailUrl":"https:\/\/levandupieva.lt\/wp-content\/uploads\/2022\/09\/IMG-3120-scaled-e1662386050301.jpg","datePublished":"2022-09-05T13:37:31+00:00","dateModified":"2026-02-28T13:58:41+00:00","breadcrumb":{"@id":"https:\/\/levandupieva.lt\/produktas\/rutulinis-aliuminio-aplikatorius-su-juodos-spalvos-gaubteliu\/#breadcrumb"},"inLanguage":"en-GB","potentialAction":[{"@type":"ReadAction","target":["https:\/\/levandupieva.lt\/produktas\/rutulinis-aliuminio-aplikatorius-su-juodos-spalvos-gaubteliu\/"]}]},{"@type":"ImageObject","inLanguage":"en-GB","@id":"https:\/\/levandupieva.lt\/produktas\/rutulinis-aliuminio-aplikatorius-su-juodos-spalvos-gaubteliu\/#primaryimage","url":"https:\/\/levandupieva.lt\/wp-content\/uploads\/2022\/09\/IMG-3120-scaled-e1662386050301.jpg","contentUrl":"https:\/\/levandupieva.lt\/wp-content\/uploads\/2022\/09\/IMG-3120-scaled-e1662386050301.jpg","width":1798,"height":1606},{"@type":"BreadcrumbList","@id":"https:\/\/levandupieva.lt\/produktas\/rutulinis-aliuminio-aplikatorius-su-juodos-spalvos-gaubteliu\/#breadcrumb","itemListElement":[{"@type":"ListItem","position":1,"name":"Home","item":"https:\/\/levandupieva.lt\/"},{"@type":"ListItem","position":2,"name":"Parduotuv\u0117","item":"https:\/\/levandupieva.lt\/parduotuve\/"},{"@type":"ListItem","position":3,"name":"Rutulinis aliuminio aplikatorius su juodo plastiko gaubteliu"}]},{"@type":"WebSite","@id":"https:\/\/levandupieva.lt\/#website","url":"https:\/\/levandupieva.lt\/","name":"Levand\u0173 pieva","description":"","publisher":{"@id":"https:\/\/levandupieva.lt\/#organization"},"potentialAction":[{"@type":"SearchAction","target":{"@type":"EntryPoint","urlTemplate":"https:\/\/levandupieva.lt\/?s={search_term_string}"},"query-input":{"@type":"PropertyValueSpecification","valueRequired":true,"valueName":"search_term_string"}}],"inLanguage":"en-GB"},{"@type":"Organization","@id":"https:\/\/levandupieva.lt\/#organization","name":"Levan\u0173 Pieva","url":"https:\/\/levandupieva.lt\/","logo":{"@type":"ImageObject","inLanguage":"en-GB","@id":"https:\/\/levandupieva.lt\/#\/schema\/logo\/image\/","url":"https:\/\/levandupieva.lt\/wp-content\/uploads\/2021\/03\/cropped-logo-e1446013442350.png","contentUrl":"https:\/\/levandupieva.lt\/wp-content\/uploads\/2021\/03\/cropped-logo-e1446013442350.png","width":654,"height":287,"caption":"Levan\u0173 Pieva"},"image":{"@id":"https:\/\/levandupieva.lt\/#\/schema\/logo\/image\/"},"sameAs":["https:\/\/www.facebook.com\/Levandupieva"]}]}},"_links":{"self":[{"href":"https:\/\/levandupieva.lt\/en\/wp-json\/wp\/v2\/product\/4986","targetHints":{"allow":["GET"]}}],"collection":[{"href":"https:\/\/levandupieva.lt\/en\/wp-json\/wp\/v2\/product"}],"about":[{"href":"https:\/\/levandupieva.lt\/en\/wp-json\/wp\/v2\/types\/product"}],"replies":[{"embeddable":true,"href":"https:\/\/levandupieva.lt\/en\/wp-json\/wp\/v2\/comments?post=4986"}],"wp:featuredmedia":[{"embeddable":true,"href":"https:\/\/levandupieva.lt\/en\/wp-json\/wp\/v2\/media\/4987"}],"wp:attachment":[{"href":"https:\/\/levandupieva.lt\/en\/wp-json\/wp\/v2\/media?parent=4986"}],"wp:term":[{"taxonomy":"product_brand","embeddable":true,"href":"https:\/\/levandupieva.lt\/en\/wp-json\/wp\/v2\/product_brand?post=4986"},{"taxonomy":"product_cat","embeddable":true,"href":"https:\/\/levandupieva.lt\/en\/wp-json\/wp\/v2\/product_cat?post=4986"},{"taxonomy":"product_tag","embeddable":true,"href":"https:\/\/levandupieva.lt\/en\/wp-json\/wp\/v2\/product_tag?post=4986"}],"curies":[{"name":"wp","href":"https:\/\/api.w.org\/{rel}","templated":true}]}}