{"id":5049,"date":"2022-09-29T05:10:59","date_gmt":"2022-09-29T05:10:59","guid":{"rendered":"https:\/\/levandupieva.lt\/?post_type=product&#038;p=5049"},"modified":"2026-03-24T13:03:27","modified_gmt":"2026-03-24T13:03:27","slug":"kvadratiniai-rudo-stiklo-buteliukai-gl18","status":"publish","type":"product","link":"https:\/\/levandupieva.lt\/en\/product\/kvadratiniai-rudo-stiklo-buteliukai-gl18\/","title":{"rendered":"Kvadratiniai rudo stiklo buteliukai GL18"},"content":{"rendered":"<p>Rudo stiklo buteliukai kvadratin\u0117s formos (GL 18), 10, 30, 45 ir 90 ml talpos.\u00a0 Buteliukams priedai tinka:\u00a0 rutulinis aliuminio aplikatorius su juodos spalvos gaubteliu, visi gaubteliai GL18, pipet\u0117s (pipetes reik\u0117t\u0173 pasirinkti: 10 ml talpos butelukams tinka 5 ml pipet\u0117s, 20 ml talpos buteliukams &#8211; 15 ml pipet\u0117s, 30 ml talpos butelukams tinka 15 ml pipet\u0117s (geriausia baltos\u00a0 arba juodos su sidabru spalvos pipet\u0117s, jos kiek ilgesn\u0117s), <strong>45 ml talpos buteliukams deja jokios pipet\u0117s netinka, nes vienos per didel\u0117s, o kitos per trumpos).<\/strong>\u00a0Gaubteliai ir pipet\u0117s jiems parduodami atskirai. Puikiai tinka naudoti: fitoliams, aliejui, losjonams, kvepalams, serumams, kt. pana\u0161ios tekst\u016bros gaminiams.<span class=\"Apple-converted-space\">\u00a0<\/span><\/p>\n<p><strong>D\u0117mesio. \u0160iems buteliukams tinka ne visi si\u016blomi purk\u0161tukai, nes prab\u0117ga hidrolatas, matomai d\u0117l to, kad buteliuk\u0173 kakleliai per \u017eemi ir gerai neu\u017esifiksuoja.<\/strong><\/p>","protected":false},"excerpt":{"rendered":"<p>Rudo stiklo buteliukai kvadratin\u0117s formos (GL 18), 10, 30, 45 ir 90 ml talpos.\u00a0 Buteliukams priedai tinka:\u00a0 rutulinis aliuminio aplikatorius su juodos spalvos gaubteliu, visi gaubteliai GL18, pipet\u0117s (pipetes reik\u0117t\u0173 pasirinkti: 10 ml talpos butelukams tinka 5 ml pipet\u0117s, 20 ml talpos buteliukams &#8211; 15 ml pipet\u0117s, 30 ml talpos butelukams tinka 15 ml pipet\u0117s (geriausia baltos\u00a0 arba juodos su sidabru spalvos pipet\u0117s, jos kiek ilgesn\u0117s), <strong>45 ml talpos buteliukams deja jokios pipet\u0117s netinka, nes vienos per didel\u0117s, o kitos per trumpos). <\/strong>Gaubteliai ir pipet\u0117s jiems parduodami atskirai. Puikiai tinka naudoti: fitoliams, aliejui, losjonams, kvepalams, serumams, kt. pana\u0161ios tekst\u016bros gaminiams.<\/p>\n<p><strong>D\u0117mesio. \u0160iems buteliukams tinka ne visi si\u016blomi purk\u0161tukai, nes prab\u0117ga hidrolatas, matomai d\u0117l to, kad buteliuk\u0173 kakleliai per \u017eemi ir gerai neu\u017esifiksuoja. Tinka \u0161ie purk\u0161tukai:<\/strong><\/p>\n[embed]https:\/\/levandupieva.lt\/produktas\/baltos-spalvos-purkstukas-gl18-buteliukams-iki-100-ml-2\/[\/embed]\n[embed]https:\/\/levandupieva.lt\/produktas\/aukso-spalvos-purkstukas-gl18-buteliukams-iki-30-ml\/[\/embed]\n<p>https:\/\/levandupieva.lt\/produktas\/juodos-spalvos-purkstukas-gl18-buteliukams-iki-100-ml\/<\/p>\n<p><strong>kiti purk\u0161tukai (su sidabrin\u0117s ar auksin\u0117s spalvos apatin\u0117mis dalimis netinka, nes buteliuk\u0173 kakleliai per \u017eemi ir gerai neu\u017esifiksuoja, \u0161ie purk\u0161tukai yra kiek prailginti). Taip pat 45 ml talpos buteliukams jokios m\u016bs\u0173 si\u016blomos pipet\u0117s netinka, nes vienos per didel\u0117s, o kitos per trumpos.\u00a0<\/strong><\/p>\n<p>&nbsp;<\/p>","protected":false},"featured_media":5449,"comment_status":"open","ping_status":"closed","template":"","meta":[],"product_brand":[],"product_cat":[69,73],"product_tag":[124],"class_list":{"0":"post-5049","1":"product","2":"type-product","3":"status-publish","4":"has-post-thumbnail","6":"product_cat-tara","7":"product_cat-stiklo-tara","8":"product_tag-rudo-stiklo-indelis","10":"first","11":"instock","12":"shipping-taxable","13":"purchasable","14":"product-type-variable","15":"has-default-attributes"},"yoast_head":"<!-- This site is optimized with the Yoast SEO plugin v24.8.1 - https:\/\/yoast.com\/wordpress\/plugins\/seo\/ -->\n<title>Kvadratiniai rudo stiklo buteliukai GL18 - Levand\u0173 pieva<\/title>\n<meta name=\"robots\" content=\"index, follow, max-snippet:-1, max-image-preview:large, max-video-preview:-1\" \/>\n<link rel=\"canonical\" href=\"https:\/\/levandupieva.lt\/en\/product\/kvadratiniai-rudo-stiklo-buteliukai-gl18\/\" \/>\n<meta property=\"og:locale\" content=\"en_GB\" \/>\n<meta property=\"og:type\" content=\"article\" \/>\n<meta property=\"og:title\" content=\"Kvadratiniai rudo stiklo buteliukai GL18 - Levand\u0173 pieva\" \/>\n<meta property=\"og:description\" content=\"Rudo stiklo buteliukai kvadratin\u0117s formos (GL 18), 10, 30, 45 ir 90 ml talpos.\u00a0 Buteliukams priedai tinka:\u00a0 rutulinis aliuminio aplikatorius su juodos spalvos gaubteliu, visi gaubteliai GL18, pipet\u0117s (pipetes reik\u0117t\u0173 pasirinkti: 10 ml talpos butelukams tinka 5 ml pipet\u0117s, 20 ml talpos buteliukams - 15 ml pipet\u0117s, 30 ml talpos butelukams tinka 15 ml pipet\u0117s (geriausia baltos\u00a0 arba juodos su sidabru spalvos pipet\u0117s, jos kiek ilgesn\u0117s), 45 ml talpos buteliukams deja jokios pipet\u0117s netinka, nes vienos per didel\u0117s, o kitos per trumpos). Gaubteliai ir pipet\u0117s jiems parduodami atskirai. Puikiai tinka naudoti: fitoliams, aliejui, losjonams, kvepalams, serumams, kt. pana\u0161ios tekst\u016bros gaminiams.  D\u0117mesio. \u0160iems buteliukams tinka ne visi si\u016blomi purk\u0161tukai, nes prab\u0117ga hidrolatas, matomai d\u0117l to, kad buteliuk\u0173 kakleliai per \u017eemi ir gerai neu\u017esifiksuoja. Tinka \u0161ie purk\u0161tukai:      https:\/\/levandupieva.lt\/produktas\/juodos-spalvos-purkstukas-gl18-buteliukams-iki-100-ml\/  kiti purk\u0161tukai (su sidabrin\u0117s ar auksin\u0117s spalvos apatin\u0117mis dalimis netinka, nes buteliuk\u0173 kakleliai per \u017eemi ir gerai neu\u017esifiksuoja, \u0161ie purk\u0161tukai yra kiek prailginti). Taip pat 45 ml talpos buteliukams jokios m\u016bs\u0173 si\u016blomos pipet\u0117s netinka, nes vienos per didel\u0117s, o kitos per trumpos.\u00a0  &nbsp;\" \/>\n<meta property=\"og:url\" content=\"https:\/\/levandupieva.lt\/en\/product\/kvadratiniai-rudo-stiklo-buteliukai-gl18\/\" \/>\n<meta property=\"og:site_name\" content=\"Levand\u0173 pieva\" \/>\n<meta property=\"article:publisher\" content=\"https:\/\/www.facebook.com\/Levandupieva\" \/>\n<meta property=\"article:modified_time\" content=\"2026-03-24T13:03:27+00:00\" \/>\n<meta property=\"og:image\" content=\"https:\/\/levandupieva.lt\/wp-content\/uploads\/2022\/09\/IMG_20230605_085027-scaled.jpg\" \/>\n\t<meta property=\"og:image:width\" content=\"2560\" \/>\n\t<meta property=\"og:image:height\" content=\"2169\" \/>\n\t<meta property=\"og:image:type\" content=\"image\/jpeg\" \/>\n<meta name=\"twitter:card\" content=\"summary_large_image\" \/>\n<meta name=\"twitter:label1\" content=\"Estimated reading time\" \/>\n\t<meta name=\"twitter:data1\" content=\"1 minute\" \/>\n<script type=\"application\/ld+json\" class=\"yoast-schema-graph\">{\"@context\":\"https:\/\/schema.org\",\"@graph\":[{\"@type\":\"WebPage\",\"@id\":\"https:\/\/levandupieva.lt\/produktas\/kvadratiniai-rudo-stiklo-buteliukai-gl18\/\",\"url\":\"https:\/\/levandupieva.lt\/produktas\/kvadratiniai-rudo-stiklo-buteliukai-gl18\/\",\"name\":\"Kvadratiniai rudo stiklo buteliukai GL18 - Levand\u0173 pieva\",\"isPartOf\":{\"@id\":\"https:\/\/levandupieva.lt\/#website\"},\"primaryImageOfPage\":{\"@id\":\"https:\/\/levandupieva.lt\/produktas\/kvadratiniai-rudo-stiklo-buteliukai-gl18\/#primaryimage\"},\"image\":{\"@id\":\"https:\/\/levandupieva.lt\/produktas\/kvadratiniai-rudo-stiklo-buteliukai-gl18\/#primaryimage\"},\"thumbnailUrl\":\"https:\/\/levandupieva.lt\/wp-content\/uploads\/2022\/09\/IMG_20230605_085027-scaled.jpg\",\"datePublished\":\"2022-09-29T05:10:59+00:00\",\"dateModified\":\"2026-03-24T13:03:27+00:00\",\"breadcrumb\":{\"@id\":\"https:\/\/levandupieva.lt\/produktas\/kvadratiniai-rudo-stiklo-buteliukai-gl18\/#breadcrumb\"},\"inLanguage\":\"en-GB\",\"potentialAction\":[{\"@type\":\"ReadAction\",\"target\":[\"https:\/\/levandupieva.lt\/produktas\/kvadratiniai-rudo-stiklo-buteliukai-gl18\/\"]}]},{\"@type\":\"ImageObject\",\"inLanguage\":\"en-GB\",\"@id\":\"https:\/\/levandupieva.lt\/produktas\/kvadratiniai-rudo-stiklo-buteliukai-gl18\/#primaryimage\",\"url\":\"https:\/\/levandupieva.lt\/wp-content\/uploads\/2022\/09\/IMG_20230605_085027-scaled.jpg\",\"contentUrl\":\"https:\/\/levandupieva.lt\/wp-content\/uploads\/2022\/09\/IMG_20230605_085027-scaled.jpg\",\"width\":2560,\"height\":2169,\"caption\":\"dav_vivi\"},{\"@type\":\"BreadcrumbList\",\"@id\":\"https:\/\/levandupieva.lt\/produktas\/kvadratiniai-rudo-stiklo-buteliukai-gl18\/#breadcrumb\",\"itemListElement\":[{\"@type\":\"ListItem\",\"position\":1,\"name\":\"Home\",\"item\":\"https:\/\/levandupieva.lt\/\"},{\"@type\":\"ListItem\",\"position\":2,\"name\":\"Parduotuv\u0117\",\"item\":\"https:\/\/levandupieva.lt\/parduotuve\/\"},{\"@type\":\"ListItem\",\"position\":3,\"name\":\"Kvadratiniai rudo stiklo buteliukai GL18\"}]},{\"@type\":\"WebSite\",\"@id\":\"https:\/\/levandupieva.lt\/#website\",\"url\":\"https:\/\/levandupieva.lt\/\",\"name\":\"Levand\u0173 pieva\",\"description\":\"\",\"publisher\":{\"@id\":\"https:\/\/levandupieva.lt\/#organization\"},\"potentialAction\":[{\"@type\":\"SearchAction\",\"target\":{\"@type\":\"EntryPoint\",\"urlTemplate\":\"https:\/\/levandupieva.lt\/?s={search_term_string}\"},\"query-input\":{\"@type\":\"PropertyValueSpecification\",\"valueRequired\":true,\"valueName\":\"search_term_string\"}}],\"inLanguage\":\"en-GB\"},{\"@type\":\"Organization\",\"@id\":\"https:\/\/levandupieva.lt\/#organization\",\"name\":\"Levan\u0173 Pieva\",\"url\":\"https:\/\/levandupieva.lt\/\",\"logo\":{\"@type\":\"ImageObject\",\"inLanguage\":\"en-GB\",\"@id\":\"https:\/\/levandupieva.lt\/#\/schema\/logo\/image\/\",\"url\":\"https:\/\/levandupieva.lt\/wp-content\/uploads\/2021\/03\/cropped-logo-e1446013442350.png\",\"contentUrl\":\"https:\/\/levandupieva.lt\/wp-content\/uploads\/2021\/03\/cropped-logo-e1446013442350.png\",\"width\":654,\"height\":287,\"caption\":\"Levan\u0173 Pieva\"},\"image\":{\"@id\":\"https:\/\/levandupieva.lt\/#\/schema\/logo\/image\/\"},\"sameAs\":[\"https:\/\/www.facebook.com\/Levandupieva\"]}]}<\/script>\n<!-- \/ Yoast SEO plugin. -->","yoast_head_json":{"title":"Kvadratiniai rudo stiklo buteliukai GL18 - Levand\u0173 pieva","robots":{"index":"index","follow":"follow","max-snippet":"max-snippet:-1","max-image-preview":"max-image-preview:large","max-video-preview":"max-video-preview:-1"},"canonical":"https:\/\/levandupieva.lt\/en\/product\/kvadratiniai-rudo-stiklo-buteliukai-gl18\/","og_locale":"en_GB","og_type":"article","og_title":"Kvadratiniai rudo stiklo buteliukai GL18 - Levand\u0173 pieva","og_description":"Rudo stiklo buteliukai kvadratin\u0117s formos (GL 18), 10, 30, 45 ir 90 ml talpos.\u00a0 Buteliukams priedai tinka:\u00a0 rutulinis aliuminio aplikatorius su juodos spalvos gaubteliu, visi gaubteliai GL18, pipet\u0117s (pipetes reik\u0117t\u0173 pasirinkti: 10 ml talpos butelukams tinka 5 ml pipet\u0117s, 20 ml talpos buteliukams - 15 ml pipet\u0117s, 30 ml talpos butelukams tinka 15 ml pipet\u0117s (geriausia baltos\u00a0 arba juodos su sidabru spalvos pipet\u0117s, jos kiek ilgesn\u0117s), 45 ml talpos buteliukams deja jokios pipet\u0117s netinka, nes vienos per didel\u0117s, o kitos per trumpos). Gaubteliai ir pipet\u0117s jiems parduodami atskirai. Puikiai tinka naudoti: fitoliams, aliejui, losjonams, kvepalams, serumams, kt. pana\u0161ios tekst\u016bros gaminiams.  D\u0117mesio. \u0160iems buteliukams tinka ne visi si\u016blomi purk\u0161tukai, nes prab\u0117ga hidrolatas, matomai d\u0117l to, kad buteliuk\u0173 kakleliai per \u017eemi ir gerai neu\u017esifiksuoja. Tinka \u0161ie purk\u0161tukai:      https:\/\/levandupieva.lt\/produktas\/juodos-spalvos-purkstukas-gl18-buteliukams-iki-100-ml\/  kiti purk\u0161tukai (su sidabrin\u0117s ar auksin\u0117s spalvos apatin\u0117mis dalimis netinka, nes buteliuk\u0173 kakleliai per \u017eemi ir gerai neu\u017esifiksuoja, \u0161ie purk\u0161tukai yra kiek prailginti). Taip pat 45 ml talpos buteliukams jokios m\u016bs\u0173 si\u016blomos pipet\u0117s netinka, nes vienos per didel\u0117s, o kitos per trumpos.\u00a0  &nbsp;","og_url":"https:\/\/levandupieva.lt\/en\/product\/kvadratiniai-rudo-stiklo-buteliukai-gl18\/","og_site_name":"Levand\u0173 pieva","article_publisher":"https:\/\/www.facebook.com\/Levandupieva","article_modified_time":"2026-03-24T13:03:27+00:00","og_image":[{"width":2560,"height":2169,"url":"https:\/\/levandupieva.lt\/wp-content\/uploads\/2022\/09\/IMG_20230605_085027-scaled.jpg","type":"image\/jpeg"}],"twitter_card":"summary_large_image","twitter_misc":{"Estimated reading time":"1 minute"},"schema":{"@context":"https:\/\/schema.org","@graph":[{"@type":"WebPage","@id":"https:\/\/levandupieva.lt\/produktas\/kvadratiniai-rudo-stiklo-buteliukai-gl18\/","url":"https:\/\/levandupieva.lt\/produktas\/kvadratiniai-rudo-stiklo-buteliukai-gl18\/","name":"Kvadratiniai rudo stiklo buteliukai GL18 - Levand\u0173 pieva","isPartOf":{"@id":"https:\/\/levandupieva.lt\/#website"},"primaryImageOfPage":{"@id":"https:\/\/levandupieva.lt\/produktas\/kvadratiniai-rudo-stiklo-buteliukai-gl18\/#primaryimage"},"image":{"@id":"https:\/\/levandupieva.lt\/produktas\/kvadratiniai-rudo-stiklo-buteliukai-gl18\/#primaryimage"},"thumbnailUrl":"https:\/\/levandupieva.lt\/wp-content\/uploads\/2022\/09\/IMG_20230605_085027-scaled.jpg","datePublished":"2022-09-29T05:10:59+00:00","dateModified":"2026-03-24T13:03:27+00:00","breadcrumb":{"@id":"https:\/\/levandupieva.lt\/produktas\/kvadratiniai-rudo-stiklo-buteliukai-gl18\/#breadcrumb"},"inLanguage":"en-GB","potentialAction":[{"@type":"ReadAction","target":["https:\/\/levandupieva.lt\/produktas\/kvadratiniai-rudo-stiklo-buteliukai-gl18\/"]}]},{"@type":"ImageObject","inLanguage":"en-GB","@id":"https:\/\/levandupieva.lt\/produktas\/kvadratiniai-rudo-stiklo-buteliukai-gl18\/#primaryimage","url":"https:\/\/levandupieva.lt\/wp-content\/uploads\/2022\/09\/IMG_20230605_085027-scaled.jpg","contentUrl":"https:\/\/levandupieva.lt\/wp-content\/uploads\/2022\/09\/IMG_20230605_085027-scaled.jpg","width":2560,"height":2169,"caption":"dav_vivi"},{"@type":"BreadcrumbList","@id":"https:\/\/levandupieva.lt\/produktas\/kvadratiniai-rudo-stiklo-buteliukai-gl18\/#breadcrumb","itemListElement":[{"@type":"ListItem","position":1,"name":"Home","item":"https:\/\/levandupieva.lt\/"},{"@type":"ListItem","position":2,"name":"Parduotuv\u0117","item":"https:\/\/levandupieva.lt\/parduotuve\/"},{"@type":"ListItem","position":3,"name":"Kvadratiniai rudo stiklo buteliukai GL18"}]},{"@type":"WebSite","@id":"https:\/\/levandupieva.lt\/#website","url":"https:\/\/levandupieva.lt\/","name":"Levand\u0173 pieva","description":"","publisher":{"@id":"https:\/\/levandupieva.lt\/#organization"},"potentialAction":[{"@type":"SearchAction","target":{"@type":"EntryPoint","urlTemplate":"https:\/\/levandupieva.lt\/?s={search_term_string}"},"query-input":{"@type":"PropertyValueSpecification","valueRequired":true,"valueName":"search_term_string"}}],"inLanguage":"en-GB"},{"@type":"Organization","@id":"https:\/\/levandupieva.lt\/#organization","name":"Levan\u0173 Pieva","url":"https:\/\/levandupieva.lt\/","logo":{"@type":"ImageObject","inLanguage":"en-GB","@id":"https:\/\/levandupieva.lt\/#\/schema\/logo\/image\/","url":"https:\/\/levandupieva.lt\/wp-content\/uploads\/2021\/03\/cropped-logo-e1446013442350.png","contentUrl":"https:\/\/levandupieva.lt\/wp-content\/uploads\/2021\/03\/cropped-logo-e1446013442350.png","width":654,"height":287,"caption":"Levan\u0173 Pieva"},"image":{"@id":"https:\/\/levandupieva.lt\/#\/schema\/logo\/image\/"},"sameAs":["https:\/\/www.facebook.com\/Levandupieva"]}]}},"_links":{"self":[{"href":"https:\/\/levandupieva.lt\/en\/wp-json\/wp\/v2\/product\/5049","targetHints":{"allow":["GET"]}}],"collection":[{"href":"https:\/\/levandupieva.lt\/en\/wp-json\/wp\/v2\/product"}],"about":[{"href":"https:\/\/levandupieva.lt\/en\/wp-json\/wp\/v2\/types\/product"}],"replies":[{"embeddable":true,"href":"https:\/\/levandupieva.lt\/en\/wp-json\/wp\/v2\/comments?post=5049"}],"wp:featuredmedia":[{"embeddable":true,"href":"https:\/\/levandupieva.lt\/en\/wp-json\/wp\/v2\/media\/5449"}],"wp:attachment":[{"href":"https:\/\/levandupieva.lt\/en\/wp-json\/wp\/v2\/media?parent=5049"}],"wp:term":[{"taxonomy":"product_brand","embeddable":true,"href":"https:\/\/levandupieva.lt\/en\/wp-json\/wp\/v2\/product_brand?post=5049"},{"taxonomy":"product_cat","embeddable":true,"href":"https:\/\/levandupieva.lt\/en\/wp-json\/wp\/v2\/product_cat?post=5049"},{"taxonomy":"product_tag","embeddable":true,"href":"https:\/\/levandupieva.lt\/en\/wp-json\/wp\/v2\/product_tag?post=5049"}],"curies":[{"name":"wp","href":"https:\/\/api.w.org\/{rel}","templated":true}]}}