{"id":5227,"date":"2022-12-13T15:09:57","date_gmt":"2022-12-13T15:09:57","guid":{"rendered":"https:\/\/levandupieva.lt\/?post_type=product&#038;p=5227"},"modified":"2025-10-23T06:21:50","modified_gmt":"2025-10-23T06:21:50","slug":"24-410-juodos-spalvos-purkstukas","status":"publish","type":"product","link":"https:\/\/levandupieva.lt\/en\/product\/24-410-juodos-spalvos-purkstukas\/","title":{"rendered":"24\/410 juodos spalvos purk\u0161tukas (netinka stikliniams GL18 buteliukams)"},"content":{"rendered":"<p>Juodas plastiko purk\u0161tukas su skaidriu\u00a0 gaubteliu ir 155\u00a0 mm ilgio vamzdeliu. Tinka buteliukams, turintiems 24\/410 srieg\u012f. Vamzdelis lengvai pjaunamas ir pritaikomas pagal buteliuko gyl\u012f. Puikiai tinka g\u0117li\u0173 vandeniui (hidrolatams), pur\u0161kiamiems nam\u0173 kvapams, kvepalams, kt. pana\u0161ios tekst\u016bros gaminiams.<\/p>\n<p>&nbsp;<\/p>","protected":false},"excerpt":{"rendered":"<p>Juodas plastiko purk\u0161tukas su skaidriu\u00a0 gaubteliu ir 155\u00a0 mm ilgio vamzdeliu. Tinka buteliukams, turintiems 24\/410 srieg\u012f. Vamzdelis lengvai pjaunamas ir pritaikomas pagal buteliuko gyl\u012f. Puikiai tinka g\u0117li\u0173 vandeniui (hidrolatams), pur\u0161kiamiems nam\u0173 kvapams, kvepalams, kt. pana\u0161ios tekst\u016bros gaminiams.<\/p>\n<p><strong>D\u0116MESIO! netinka stikliniams (rudo, m\u0117lyno, \u017ealio) GL18 sriegio buteliukams<\/strong><\/p>","protected":false},"featured_media":5230,"comment_status":"closed","ping_status":"closed","template":"","meta":[],"product_brand":[],"product_cat":[78],"product_tag":[],"class_list":{"0":"post-5227","1":"product","2":"type-product","3":"status-publish","4":"has-post-thumbnail","6":"product_cat-priedai-tarai","8":"first","9":"instock","10":"shipping-taxable","11":"purchasable","12":"product-type-simple"},"yoast_head":"<!-- This site is optimized with the Yoast SEO plugin v24.8.1 - https:\/\/yoast.com\/wordpress\/plugins\/seo\/ -->\n<title>24\/410 juodos spalvos purk\u0161tukas (netinka stikliniams GL18 buteliukams) - Levand\u0173 pieva<\/title>\n<meta name=\"robots\" content=\"index, follow, max-snippet:-1, max-image-preview:large, max-video-preview:-1\" \/>\n<link rel=\"canonical\" href=\"https:\/\/levandupieva.lt\/en\/product\/24-410-juodos-spalvos-purkstukas\/\" \/>\n<meta property=\"og:locale\" content=\"en_GB\" \/>\n<meta property=\"og:type\" content=\"article\" \/>\n<meta property=\"og:title\" content=\"24\/410 juodos spalvos purk\u0161tukas (netinka stikliniams GL18 buteliukams) - Levand\u0173 pieva\" \/>\n<meta property=\"og:description\" content=\"Juodas plastiko purk\u0161tukas su skaidriu\u00a0 gaubteliu ir 155\u00a0 mm ilgio vamzdeliu. Tinka buteliukams, turintiems 24\/410 srieg\u012f. Vamzdelis lengvai pjaunamas ir pritaikomas pagal buteliuko gyl\u012f. Puikiai tinka g\u0117li\u0173 vandeniui (hidrolatams), pur\u0161kiamiems nam\u0173 kvapams, kvepalams, kt. pana\u0161ios tekst\u016bros gaminiams.  D\u0116MESIO! netinka stikliniams (rudo, m\u0117lyno, \u017ealio) GL18 sriegio buteliukams\" \/>\n<meta property=\"og:url\" content=\"https:\/\/levandupieva.lt\/en\/product\/24-410-juodos-spalvos-purkstukas\/\" \/>\n<meta property=\"og:site_name\" content=\"Levand\u0173 pieva\" \/>\n<meta property=\"article:publisher\" content=\"https:\/\/www.facebook.com\/Levandupieva\" \/>\n<meta property=\"article:modified_time\" content=\"2025-10-23T06:21:50+00:00\" \/>\n<meta property=\"og:image\" content=\"https:\/\/levandupieva.lt\/wp-content\/uploads\/2022\/12\/juodas-24_410-scaled.jpg\" \/>\n\t<meta property=\"og:image:width\" content=\"1920\" \/>\n\t<meta property=\"og:image:height\" content=\"2560\" \/>\n\t<meta property=\"og:image:type\" content=\"image\/jpeg\" \/>\n<meta name=\"twitter:card\" content=\"summary_large_image\" \/>\n<meta name=\"twitter:label1\" content=\"Estimated reading time\" \/>\n\t<meta name=\"twitter:data1\" content=\"1 minute\" \/>\n<script type=\"application\/ld+json\" class=\"yoast-schema-graph\">{\"@context\":\"https:\/\/schema.org\",\"@graph\":[{\"@type\":\"WebPage\",\"@id\":\"https:\/\/levandupieva.lt\/produktas\/24-410-juodos-spalvos-purkstukas\/\",\"url\":\"https:\/\/levandupieva.lt\/produktas\/24-410-juodos-spalvos-purkstukas\/\",\"name\":\"24\/410 juodos spalvos purk\u0161tukas (netinka stikliniams GL18 buteliukams) - Levand\u0173 pieva\",\"isPartOf\":{\"@id\":\"https:\/\/levandupieva.lt\/#website\"},\"primaryImageOfPage\":{\"@id\":\"https:\/\/levandupieva.lt\/produktas\/24-410-juodos-spalvos-purkstukas\/#primaryimage\"},\"image\":{\"@id\":\"https:\/\/levandupieva.lt\/produktas\/24-410-juodos-spalvos-purkstukas\/#primaryimage\"},\"thumbnailUrl\":\"https:\/\/levandupieva.lt\/wp-content\/uploads\/2022\/12\/juodas-24_410-scaled.jpg\",\"datePublished\":\"2022-12-13T15:09:57+00:00\",\"dateModified\":\"2025-10-23T06:21:50+00:00\",\"breadcrumb\":{\"@id\":\"https:\/\/levandupieva.lt\/produktas\/24-410-juodos-spalvos-purkstukas\/#breadcrumb\"},\"inLanguage\":\"en-GB\",\"potentialAction\":[{\"@type\":\"ReadAction\",\"target\":[\"https:\/\/levandupieva.lt\/produktas\/24-410-juodos-spalvos-purkstukas\/\"]}]},{\"@type\":\"ImageObject\",\"inLanguage\":\"en-GB\",\"@id\":\"https:\/\/levandupieva.lt\/produktas\/24-410-juodos-spalvos-purkstukas\/#primaryimage\",\"url\":\"https:\/\/levandupieva.lt\/wp-content\/uploads\/2022\/12\/juodas-24_410-scaled.jpg\",\"contentUrl\":\"https:\/\/levandupieva.lt\/wp-content\/uploads\/2022\/12\/juodas-24_410-scaled.jpg\",\"width\":1920,\"height\":2560},{\"@type\":\"BreadcrumbList\",\"@id\":\"https:\/\/levandupieva.lt\/produktas\/24-410-juodos-spalvos-purkstukas\/#breadcrumb\",\"itemListElement\":[{\"@type\":\"ListItem\",\"position\":1,\"name\":\"Home\",\"item\":\"https:\/\/levandupieva.lt\/\"},{\"@type\":\"ListItem\",\"position\":2,\"name\":\"Parduotuv\u0117\",\"item\":\"https:\/\/levandupieva.lt\/parduotuve\/\"},{\"@type\":\"ListItem\",\"position\":3,\"name\":\"24\/410 juodos spalvos purk\u0161tukas (netinka stikliniams GL18 buteliukams)\"}]},{\"@type\":\"WebSite\",\"@id\":\"https:\/\/levandupieva.lt\/#website\",\"url\":\"https:\/\/levandupieva.lt\/\",\"name\":\"Levand\u0173 pieva\",\"description\":\"\",\"publisher\":{\"@id\":\"https:\/\/levandupieva.lt\/#organization\"},\"potentialAction\":[{\"@type\":\"SearchAction\",\"target\":{\"@type\":\"EntryPoint\",\"urlTemplate\":\"https:\/\/levandupieva.lt\/?s={search_term_string}\"},\"query-input\":{\"@type\":\"PropertyValueSpecification\",\"valueRequired\":true,\"valueName\":\"search_term_string\"}}],\"inLanguage\":\"en-GB\"},{\"@type\":\"Organization\",\"@id\":\"https:\/\/levandupieva.lt\/#organization\",\"name\":\"Levan\u0173 Pieva\",\"url\":\"https:\/\/levandupieva.lt\/\",\"logo\":{\"@type\":\"ImageObject\",\"inLanguage\":\"en-GB\",\"@id\":\"https:\/\/levandupieva.lt\/#\/schema\/logo\/image\/\",\"url\":\"https:\/\/levandupieva.lt\/wp-content\/uploads\/2021\/03\/cropped-logo-e1446013442350.png\",\"contentUrl\":\"https:\/\/levandupieva.lt\/wp-content\/uploads\/2021\/03\/cropped-logo-e1446013442350.png\",\"width\":654,\"height\":287,\"caption\":\"Levan\u0173 Pieva\"},\"image\":{\"@id\":\"https:\/\/levandupieva.lt\/#\/schema\/logo\/image\/\"},\"sameAs\":[\"https:\/\/www.facebook.com\/Levandupieva\"]}]}<\/script>\n<!-- \/ Yoast SEO plugin. -->","yoast_head_json":{"title":"24\/410 juodos spalvos purk\u0161tukas (netinka stikliniams GL18 buteliukams) - Levand\u0173 pieva","robots":{"index":"index","follow":"follow","max-snippet":"max-snippet:-1","max-image-preview":"max-image-preview:large","max-video-preview":"max-video-preview:-1"},"canonical":"https:\/\/levandupieva.lt\/en\/product\/24-410-juodos-spalvos-purkstukas\/","og_locale":"en_GB","og_type":"article","og_title":"24\/410 juodos spalvos purk\u0161tukas (netinka stikliniams GL18 buteliukams) - Levand\u0173 pieva","og_description":"Juodas plastiko purk\u0161tukas su skaidriu\u00a0 gaubteliu ir 155\u00a0 mm ilgio vamzdeliu. Tinka buteliukams, turintiems 24\/410 srieg\u012f. Vamzdelis lengvai pjaunamas ir pritaikomas pagal buteliuko gyl\u012f. Puikiai tinka g\u0117li\u0173 vandeniui (hidrolatams), pur\u0161kiamiems nam\u0173 kvapams, kvepalams, kt. pana\u0161ios tekst\u016bros gaminiams.  D\u0116MESIO! netinka stikliniams (rudo, m\u0117lyno, \u017ealio) GL18 sriegio buteliukams","og_url":"https:\/\/levandupieva.lt\/en\/product\/24-410-juodos-spalvos-purkstukas\/","og_site_name":"Levand\u0173 pieva","article_publisher":"https:\/\/www.facebook.com\/Levandupieva","article_modified_time":"2025-10-23T06:21:50+00:00","og_image":[{"width":1920,"height":2560,"url":"https:\/\/levandupieva.lt\/wp-content\/uploads\/2022\/12\/juodas-24_410-scaled.jpg","type":"image\/jpeg"}],"twitter_card":"summary_large_image","twitter_misc":{"Estimated reading time":"1 minute"},"schema":{"@context":"https:\/\/schema.org","@graph":[{"@type":"WebPage","@id":"https:\/\/levandupieva.lt\/produktas\/24-410-juodos-spalvos-purkstukas\/","url":"https:\/\/levandupieva.lt\/produktas\/24-410-juodos-spalvos-purkstukas\/","name":"24\/410 juodos spalvos purk\u0161tukas (netinka stikliniams GL18 buteliukams) - Levand\u0173 pieva","isPartOf":{"@id":"https:\/\/levandupieva.lt\/#website"},"primaryImageOfPage":{"@id":"https:\/\/levandupieva.lt\/produktas\/24-410-juodos-spalvos-purkstukas\/#primaryimage"},"image":{"@id":"https:\/\/levandupieva.lt\/produktas\/24-410-juodos-spalvos-purkstukas\/#primaryimage"},"thumbnailUrl":"https:\/\/levandupieva.lt\/wp-content\/uploads\/2022\/12\/juodas-24_410-scaled.jpg","datePublished":"2022-12-13T15:09:57+00:00","dateModified":"2025-10-23T06:21:50+00:00","breadcrumb":{"@id":"https:\/\/levandupieva.lt\/produktas\/24-410-juodos-spalvos-purkstukas\/#breadcrumb"},"inLanguage":"en-GB","potentialAction":[{"@type":"ReadAction","target":["https:\/\/levandupieva.lt\/produktas\/24-410-juodos-spalvos-purkstukas\/"]}]},{"@type":"ImageObject","inLanguage":"en-GB","@id":"https:\/\/levandupieva.lt\/produktas\/24-410-juodos-spalvos-purkstukas\/#primaryimage","url":"https:\/\/levandupieva.lt\/wp-content\/uploads\/2022\/12\/juodas-24_410-scaled.jpg","contentUrl":"https:\/\/levandupieva.lt\/wp-content\/uploads\/2022\/12\/juodas-24_410-scaled.jpg","width":1920,"height":2560},{"@type":"BreadcrumbList","@id":"https:\/\/levandupieva.lt\/produktas\/24-410-juodos-spalvos-purkstukas\/#breadcrumb","itemListElement":[{"@type":"ListItem","position":1,"name":"Home","item":"https:\/\/levandupieva.lt\/"},{"@type":"ListItem","position":2,"name":"Parduotuv\u0117","item":"https:\/\/levandupieva.lt\/parduotuve\/"},{"@type":"ListItem","position":3,"name":"24\/410 juodos spalvos purk\u0161tukas (netinka stikliniams GL18 buteliukams)"}]},{"@type":"WebSite","@id":"https:\/\/levandupieva.lt\/#website","url":"https:\/\/levandupieva.lt\/","name":"Levand\u0173 pieva","description":"","publisher":{"@id":"https:\/\/levandupieva.lt\/#organization"},"potentialAction":[{"@type":"SearchAction","target":{"@type":"EntryPoint","urlTemplate":"https:\/\/levandupieva.lt\/?s={search_term_string}"},"query-input":{"@type":"PropertyValueSpecification","valueRequired":true,"valueName":"search_term_string"}}],"inLanguage":"en-GB"},{"@type":"Organization","@id":"https:\/\/levandupieva.lt\/#organization","name":"Levan\u0173 Pieva","url":"https:\/\/levandupieva.lt\/","logo":{"@type":"ImageObject","inLanguage":"en-GB","@id":"https:\/\/levandupieva.lt\/#\/schema\/logo\/image\/","url":"https:\/\/levandupieva.lt\/wp-content\/uploads\/2021\/03\/cropped-logo-e1446013442350.png","contentUrl":"https:\/\/levandupieva.lt\/wp-content\/uploads\/2021\/03\/cropped-logo-e1446013442350.png","width":654,"height":287,"caption":"Levan\u0173 Pieva"},"image":{"@id":"https:\/\/levandupieva.lt\/#\/schema\/logo\/image\/"},"sameAs":["https:\/\/www.facebook.com\/Levandupieva"]}]}},"_links":{"self":[{"href":"https:\/\/levandupieva.lt\/en\/wp-json\/wp\/v2\/product\/5227","targetHints":{"allow":["GET"]}}],"collection":[{"href":"https:\/\/levandupieva.lt\/en\/wp-json\/wp\/v2\/product"}],"about":[{"href":"https:\/\/levandupieva.lt\/en\/wp-json\/wp\/v2\/types\/product"}],"replies":[{"embeddable":true,"href":"https:\/\/levandupieva.lt\/en\/wp-json\/wp\/v2\/comments?post=5227"}],"wp:featuredmedia":[{"embeddable":true,"href":"https:\/\/levandupieva.lt\/en\/wp-json\/wp\/v2\/media\/5230"}],"wp:attachment":[{"href":"https:\/\/levandupieva.lt\/en\/wp-json\/wp\/v2\/media?parent=5227"}],"wp:term":[{"taxonomy":"product_brand","embeddable":true,"href":"https:\/\/levandupieva.lt\/en\/wp-json\/wp\/v2\/product_brand?post=5227"},{"taxonomy":"product_cat","embeddable":true,"href":"https:\/\/levandupieva.lt\/en\/wp-json\/wp\/v2\/product_cat?post=5227"},{"taxonomy":"product_tag","embeddable":true,"href":"https:\/\/levandupieva.lt\/en\/wp-json\/wp\/v2\/product_tag?post=5227"}],"curies":[{"name":"wp","href":"https:\/\/api.w.org\/{rel}","templated":true}]}}