{"id":5411,"date":"2023-05-29T12:41:39","date_gmt":"2023-05-29T12:41:39","guid":{"rendered":"https:\/\/levandupieva.lt\/?post_type=product&#038;p=5411"},"modified":"2026-04-13T07:10:20","modified_gmt":"2026-04-13T07:10:20","slug":"baltos-spalvos-purkstukas-gl18-buteliukams-iki-100-ml-2","status":"publish","type":"product","link":"https:\/\/levandupieva.lt\/en\/product\/baltos-spalvos-purkstukas-gl18-buteliukams-iki-100-ml-2\/","title":{"rendered":"Baltos spalvos purk\u0161tukas GL18 buteliukams iki 100 ml."},"content":{"rendered":"<p>Baltos spalvos plastikinis purk\u0161tukas su skaidriu gaubteliu, tinkantis buteliukams (5-100 ml talpos), turintiems srieg\u012f GL18. Vamzdelis pjaunamas ir pritaikomas pagal buteliuko gyl\u012f (pa\u017eym\u0117tina, kad pats vamzdelis yra kiek storesnis nei \u012fprasta, ta\u010diau purk\u0161kimo kokyb\u0117 yra labai gera. Puikiai tinka naudoti: g\u0117li\u0173 vandeniui (hidrolatams).<\/p>\n<p>&nbsp;<\/p>","protected":false},"excerpt":{"rendered":"<p>Baltos spalvos plastikinis purk\u0161tukas su skaidriu gaubteliu, tinkantis buteliukams (5-100 ml talpos), turintiems srieg\u012f GL18. Vamzdelis pjaunamas ir pritaikomas pagal buteliuko gyl\u012f. Puikiai tinka naudoti: g\u0117li\u0173 vandeniui (hidrolatams).<\/p>\n<p>&nbsp;<\/p>","protected":false},"featured_media":3542,"comment_status":"closed","ping_status":"closed","template":"","meta":[],"product_brand":[],"product_cat":[78],"product_tag":[],"class_list":{"0":"post-5411","1":"product","2":"type-product","3":"status-publish","4":"has-post-thumbnail","6":"product_cat-priedai-tarai","8":"first","9":"instock","10":"shipping-taxable","11":"purchasable","12":"product-type-variable","13":"has-default-attributes"},"yoast_head":"<!-- This site is optimized with the Yoast SEO plugin v24.8.1 - https:\/\/yoast.com\/wordpress\/plugins\/seo\/ -->\n<title>Baltos spalvos purk\u0161tukas GL18 buteliukams iki 100 ml. - Levand\u0173 pieva<\/title>\n<meta name=\"robots\" content=\"index, follow, max-snippet:-1, max-image-preview:large, max-video-preview:-1\" \/>\n<link rel=\"canonical\" href=\"https:\/\/levandupieva.lt\/en\/product\/baltos-spalvos-purkstukas-gl18-buteliukams-iki-100-ml-2\/\" \/>\n<meta property=\"og:locale\" content=\"en_GB\" \/>\n<meta property=\"og:type\" content=\"article\" \/>\n<meta property=\"og:title\" content=\"Baltos spalvos purk\u0161tukas GL18 buteliukams iki 100 ml. - Levand\u0173 pieva\" \/>\n<meta property=\"og:description\" content=\"Baltos spalvos plastikinis purk\u0161tukas su skaidriu gaubteliu, tinkantis buteliukams (5-100 ml talpos), turintiems srieg\u012f GL18. Vamzdelis pjaunamas ir pritaikomas pagal buteliuko gyl\u012f. Puikiai tinka naudoti: g\u0117li\u0173 vandeniui (hidrolatams).  &nbsp;\" \/>\n<meta property=\"og:url\" content=\"https:\/\/levandupieva.lt\/en\/product\/baltos-spalvos-purkstukas-gl18-buteliukams-iki-100-ml-2\/\" \/>\n<meta property=\"og:site_name\" content=\"Levand\u0173 pieva\" \/>\n<meta property=\"article:publisher\" content=\"https:\/\/www.facebook.com\/Levandupieva\" \/>\n<meta property=\"article:modified_time\" content=\"2026-04-13T07:10:20+00:00\" \/>\n<meta property=\"og:image\" content=\"https:\/\/levandupieva.lt\/wp-content\/uploads\/2021\/03\/PR01-foto1.jpg\" \/>\n\t<meta property=\"og:image:width\" content=\"1800\" \/>\n\t<meta property=\"og:image:height\" content=\"1829\" \/>\n\t<meta property=\"og:image:type\" content=\"image\/jpeg\" \/>\n<meta name=\"twitter:card\" content=\"summary_large_image\" \/>\n<meta name=\"twitter:label1\" content=\"Estimated reading time\" \/>\n\t<meta name=\"twitter:data1\" content=\"1 minute\" \/>\n<script type=\"application\/ld+json\" class=\"yoast-schema-graph\">{\"@context\":\"https:\/\/schema.org\",\"@graph\":[{\"@type\":\"WebPage\",\"@id\":\"https:\/\/levandupieva.lt\/produktas\/baltos-spalvos-purkstukas-gl18-buteliukams-iki-100-ml-2\/\",\"url\":\"https:\/\/levandupieva.lt\/produktas\/baltos-spalvos-purkstukas-gl18-buteliukams-iki-100-ml-2\/\",\"name\":\"Baltos spalvos purk\u0161tukas GL18 buteliukams iki 100 ml. - Levand\u0173 pieva\",\"isPartOf\":{\"@id\":\"https:\/\/levandupieva.lt\/#website\"},\"primaryImageOfPage\":{\"@id\":\"https:\/\/levandupieva.lt\/produktas\/baltos-spalvos-purkstukas-gl18-buteliukams-iki-100-ml-2\/#primaryimage\"},\"image\":{\"@id\":\"https:\/\/levandupieva.lt\/produktas\/baltos-spalvos-purkstukas-gl18-buteliukams-iki-100-ml-2\/#primaryimage\"},\"thumbnailUrl\":\"https:\/\/levandupieva.lt\/wp-content\/uploads\/2021\/03\/PR01-foto1.jpg\",\"datePublished\":\"2023-05-29T12:41:39+00:00\",\"dateModified\":\"2026-04-13T07:10:20+00:00\",\"breadcrumb\":{\"@id\":\"https:\/\/levandupieva.lt\/produktas\/baltos-spalvos-purkstukas-gl18-buteliukams-iki-100-ml-2\/#breadcrumb\"},\"inLanguage\":\"en-GB\",\"potentialAction\":[{\"@type\":\"ReadAction\",\"target\":[\"https:\/\/levandupieva.lt\/produktas\/baltos-spalvos-purkstukas-gl18-buteliukams-iki-100-ml-2\/\"]}]},{\"@type\":\"ImageObject\",\"inLanguage\":\"en-GB\",\"@id\":\"https:\/\/levandupieva.lt\/produktas\/baltos-spalvos-purkstukas-gl18-buteliukams-iki-100-ml-2\/#primaryimage\",\"url\":\"https:\/\/levandupieva.lt\/wp-content\/uploads\/2021\/03\/PR01-foto1.jpg\",\"contentUrl\":\"https:\/\/levandupieva.lt\/wp-content\/uploads\/2021\/03\/PR01-foto1.jpg\",\"width\":1800,\"height\":1829,\"caption\":\"Baltos spalvos purk\u0161tukas GL18 buteliukams iki 100 ml\"},{\"@type\":\"BreadcrumbList\",\"@id\":\"https:\/\/levandupieva.lt\/produktas\/baltos-spalvos-purkstukas-gl18-buteliukams-iki-100-ml-2\/#breadcrumb\",\"itemListElement\":[{\"@type\":\"ListItem\",\"position\":1,\"name\":\"Home\",\"item\":\"https:\/\/levandupieva.lt\/\"},{\"@type\":\"ListItem\",\"position\":2,\"name\":\"Parduotuv\u0117\",\"item\":\"https:\/\/levandupieva.lt\/parduotuve\/\"},{\"@type\":\"ListItem\",\"position\":3,\"name\":\"Baltos spalvos purk\u0161tukas GL18 buteliukams iki 100 ml.\"}]},{\"@type\":\"WebSite\",\"@id\":\"https:\/\/levandupieva.lt\/#website\",\"url\":\"https:\/\/levandupieva.lt\/\",\"name\":\"Levand\u0173 pieva\",\"description\":\"\",\"publisher\":{\"@id\":\"https:\/\/levandupieva.lt\/#organization\"},\"potentialAction\":[{\"@type\":\"SearchAction\",\"target\":{\"@type\":\"EntryPoint\",\"urlTemplate\":\"https:\/\/levandupieva.lt\/?s={search_term_string}\"},\"query-input\":{\"@type\":\"PropertyValueSpecification\",\"valueRequired\":true,\"valueName\":\"search_term_string\"}}],\"inLanguage\":\"en-GB\"},{\"@type\":\"Organization\",\"@id\":\"https:\/\/levandupieva.lt\/#organization\",\"name\":\"Levan\u0173 Pieva\",\"url\":\"https:\/\/levandupieva.lt\/\",\"logo\":{\"@type\":\"ImageObject\",\"inLanguage\":\"en-GB\",\"@id\":\"https:\/\/levandupieva.lt\/#\/schema\/logo\/image\/\",\"url\":\"https:\/\/levandupieva.lt\/wp-content\/uploads\/2021\/03\/cropped-logo-e1446013442350.png\",\"contentUrl\":\"https:\/\/levandupieva.lt\/wp-content\/uploads\/2021\/03\/cropped-logo-e1446013442350.png\",\"width\":654,\"height\":287,\"caption\":\"Levan\u0173 Pieva\"},\"image\":{\"@id\":\"https:\/\/levandupieva.lt\/#\/schema\/logo\/image\/\"},\"sameAs\":[\"https:\/\/www.facebook.com\/Levandupieva\"]}]}<\/script>\n<!-- \/ Yoast SEO plugin. -->","yoast_head_json":{"title":"Baltos spalvos purk\u0161tukas GL18 buteliukams iki 100 ml. - Levand\u0173 pieva","robots":{"index":"index","follow":"follow","max-snippet":"max-snippet:-1","max-image-preview":"max-image-preview:large","max-video-preview":"max-video-preview:-1"},"canonical":"https:\/\/levandupieva.lt\/en\/product\/baltos-spalvos-purkstukas-gl18-buteliukams-iki-100-ml-2\/","og_locale":"en_GB","og_type":"article","og_title":"Baltos spalvos purk\u0161tukas GL18 buteliukams iki 100 ml. - Levand\u0173 pieva","og_description":"Baltos spalvos plastikinis purk\u0161tukas su skaidriu gaubteliu, tinkantis buteliukams (5-100 ml talpos), turintiems srieg\u012f GL18. Vamzdelis pjaunamas ir pritaikomas pagal buteliuko gyl\u012f. Puikiai tinka naudoti: g\u0117li\u0173 vandeniui (hidrolatams).  &nbsp;","og_url":"https:\/\/levandupieva.lt\/en\/product\/baltos-spalvos-purkstukas-gl18-buteliukams-iki-100-ml-2\/","og_site_name":"Levand\u0173 pieva","article_publisher":"https:\/\/www.facebook.com\/Levandupieva","article_modified_time":"2026-04-13T07:10:20+00:00","og_image":[{"width":1800,"height":1829,"url":"https:\/\/levandupieva.lt\/wp-content\/uploads\/2021\/03\/PR01-foto1.jpg","type":"image\/jpeg"}],"twitter_card":"summary_large_image","twitter_misc":{"Estimated reading time":"1 minute"},"schema":{"@context":"https:\/\/schema.org","@graph":[{"@type":"WebPage","@id":"https:\/\/levandupieva.lt\/produktas\/baltos-spalvos-purkstukas-gl18-buteliukams-iki-100-ml-2\/","url":"https:\/\/levandupieva.lt\/produktas\/baltos-spalvos-purkstukas-gl18-buteliukams-iki-100-ml-2\/","name":"Baltos spalvos purk\u0161tukas GL18 buteliukams iki 100 ml. - Levand\u0173 pieva","isPartOf":{"@id":"https:\/\/levandupieva.lt\/#website"},"primaryImageOfPage":{"@id":"https:\/\/levandupieva.lt\/produktas\/baltos-spalvos-purkstukas-gl18-buteliukams-iki-100-ml-2\/#primaryimage"},"image":{"@id":"https:\/\/levandupieva.lt\/produktas\/baltos-spalvos-purkstukas-gl18-buteliukams-iki-100-ml-2\/#primaryimage"},"thumbnailUrl":"https:\/\/levandupieva.lt\/wp-content\/uploads\/2021\/03\/PR01-foto1.jpg","datePublished":"2023-05-29T12:41:39+00:00","dateModified":"2026-04-13T07:10:20+00:00","breadcrumb":{"@id":"https:\/\/levandupieva.lt\/produktas\/baltos-spalvos-purkstukas-gl18-buteliukams-iki-100-ml-2\/#breadcrumb"},"inLanguage":"en-GB","potentialAction":[{"@type":"ReadAction","target":["https:\/\/levandupieva.lt\/produktas\/baltos-spalvos-purkstukas-gl18-buteliukams-iki-100-ml-2\/"]}]},{"@type":"ImageObject","inLanguage":"en-GB","@id":"https:\/\/levandupieva.lt\/produktas\/baltos-spalvos-purkstukas-gl18-buteliukams-iki-100-ml-2\/#primaryimage","url":"https:\/\/levandupieva.lt\/wp-content\/uploads\/2021\/03\/PR01-foto1.jpg","contentUrl":"https:\/\/levandupieva.lt\/wp-content\/uploads\/2021\/03\/PR01-foto1.jpg","width":1800,"height":1829,"caption":"Baltos spalvos purk\u0161tukas GL18 buteliukams iki 100 ml"},{"@type":"BreadcrumbList","@id":"https:\/\/levandupieva.lt\/produktas\/baltos-spalvos-purkstukas-gl18-buteliukams-iki-100-ml-2\/#breadcrumb","itemListElement":[{"@type":"ListItem","position":1,"name":"Home","item":"https:\/\/levandupieva.lt\/"},{"@type":"ListItem","position":2,"name":"Parduotuv\u0117","item":"https:\/\/levandupieva.lt\/parduotuve\/"},{"@type":"ListItem","position":3,"name":"Baltos spalvos purk\u0161tukas GL18 buteliukams iki 100 ml."}]},{"@type":"WebSite","@id":"https:\/\/levandupieva.lt\/#website","url":"https:\/\/levandupieva.lt\/","name":"Levand\u0173 pieva","description":"","publisher":{"@id":"https:\/\/levandupieva.lt\/#organization"},"potentialAction":[{"@type":"SearchAction","target":{"@type":"EntryPoint","urlTemplate":"https:\/\/levandupieva.lt\/?s={search_term_string}"},"query-input":{"@type":"PropertyValueSpecification","valueRequired":true,"valueName":"search_term_string"}}],"inLanguage":"en-GB"},{"@type":"Organization","@id":"https:\/\/levandupieva.lt\/#organization","name":"Levan\u0173 Pieva","url":"https:\/\/levandupieva.lt\/","logo":{"@type":"ImageObject","inLanguage":"en-GB","@id":"https:\/\/levandupieva.lt\/#\/schema\/logo\/image\/","url":"https:\/\/levandupieva.lt\/wp-content\/uploads\/2021\/03\/cropped-logo-e1446013442350.png","contentUrl":"https:\/\/levandupieva.lt\/wp-content\/uploads\/2021\/03\/cropped-logo-e1446013442350.png","width":654,"height":287,"caption":"Levan\u0173 Pieva"},"image":{"@id":"https:\/\/levandupieva.lt\/#\/schema\/logo\/image\/"},"sameAs":["https:\/\/www.facebook.com\/Levandupieva"]}]}},"_links":{"self":[{"href":"https:\/\/levandupieva.lt\/en\/wp-json\/wp\/v2\/product\/5411","targetHints":{"allow":["GET"]}}],"collection":[{"href":"https:\/\/levandupieva.lt\/en\/wp-json\/wp\/v2\/product"}],"about":[{"href":"https:\/\/levandupieva.lt\/en\/wp-json\/wp\/v2\/types\/product"}],"replies":[{"embeddable":true,"href":"https:\/\/levandupieva.lt\/en\/wp-json\/wp\/v2\/comments?post=5411"}],"wp:featuredmedia":[{"embeddable":true,"href":"https:\/\/levandupieva.lt\/en\/wp-json\/wp\/v2\/media\/3542"}],"wp:attachment":[{"href":"https:\/\/levandupieva.lt\/en\/wp-json\/wp\/v2\/media?parent=5411"}],"wp:term":[{"taxonomy":"product_brand","embeddable":true,"href":"https:\/\/levandupieva.lt\/en\/wp-json\/wp\/v2\/product_brand?post=5411"},{"taxonomy":"product_cat","embeddable":true,"href":"https:\/\/levandupieva.lt\/en\/wp-json\/wp\/v2\/product_cat?post=5411"},{"taxonomy":"product_tag","embeddable":true,"href":"https:\/\/levandupieva.lt\/en\/wp-json\/wp\/v2\/product_tag?post=5411"}],"curies":[{"name":"wp","href":"https:\/\/api.w.org\/{rel}","templated":true}]}}