{"id":5908,"date":"2024-01-14T11:11:04","date_gmt":"2024-01-14T11:11:04","guid":{"rendered":"https:\/\/levandupieva.lt\/?post_type=product&#038;p=5908"},"modified":"2025-12-15T18:33:56","modified_gmt":"2025-12-15T18:33:56","slug":"stikline-zema-menzura-150-ml-talpos","status":"publish","type":"product","link":"https:\/\/levandupieva.lt\/en\/product\/stikline-zema-menzura-150-ml-talpos\/","title":{"rendered":"Stiklin\u0117 \u017eema (menz\u016bra) 150 ml talpos"},"content":{"rendered":"<p>Stiklin\u0117 \u017eema (150 ml talpos) su snapeliu, graduota (gradavimo paklaida apie 2 ml). Pagaminta i\u0161 borosilikatinio 3.3 klas\u0117s stiklo. Gali b\u016bti kaitinama. Skermuo &#8211; 6 cm, auk\u0161tis &#8211; 8 cm.<\/p>","protected":false},"excerpt":{"rendered":"<p>Stiklin\u0117 \u017eema (150 ml talpos) su snapeliu, graduota (gradavimo paklaida apie 2 ml). Pagaminta i\u0161 borosilikatinio 3.3 klas\u0117s stiklo. Gali b\u016bti kaitinama. Skermuo &#8211; 6 cm, auk\u0161tis &#8211; 8 cm.<\/p>","protected":false},"featured_media":5909,"comment_status":"open","ping_status":"closed","template":"","meta":[],"product_brand":[],"product_cat":[167],"product_tag":[161],"class_list":{"0":"post-5908","1":"product","2":"type-product","3":"status-publish","4":"has-post-thumbnail","6":"product_cat-laboratoriju-priemones","7":"product_tag-menzura","9":"first","10":"instock","11":"shipping-taxable","12":"purchasable","13":"product-type-simple"},"yoast_head":"<!-- This site is optimized with the Yoast SEO plugin v24.8.1 - https:\/\/yoast.com\/wordpress\/plugins\/seo\/ -->\n<title>Stiklin\u0117 \u017eema (menz\u016bra) 150 ml talpos - Levand\u0173 pieva<\/title>\n<meta name=\"robots\" content=\"index, follow, max-snippet:-1, max-image-preview:large, max-video-preview:-1\" \/>\n<link rel=\"canonical\" href=\"https:\/\/levandupieva.lt\/en\/product\/stikline-zema-menzura-150-ml-talpos\/\" \/>\n<meta property=\"og:locale\" content=\"en_GB\" \/>\n<meta property=\"og:type\" content=\"article\" \/>\n<meta property=\"og:title\" content=\"Stiklin\u0117 \u017eema (menz\u016bra) 150 ml talpos - Levand\u0173 pieva\" \/>\n<meta property=\"og:description\" content=\"Stiklin\u0117 \u017eema (150 ml talpos) su snapeliu, graduota (gradavimo paklaida apie 2 ml). Pagaminta i\u0161 borosilikatinio 3.3 klas\u0117s stiklo. Gali b\u016bti kaitinama. Skermuo - 6 cm, auk\u0161tis - 8 cm.\" \/>\n<meta property=\"og:url\" content=\"https:\/\/levandupieva.lt\/en\/product\/stikline-zema-menzura-150-ml-talpos\/\" \/>\n<meta property=\"og:site_name\" content=\"Levand\u0173 pieva\" \/>\n<meta property=\"article:publisher\" content=\"https:\/\/www.facebook.com\/Levandupieva\" \/>\n<meta property=\"article:modified_time\" content=\"2025-12-15T18:33:56+00:00\" \/>\n<meta property=\"og:image\" content=\"https:\/\/levandupieva.lt\/wp-content\/uploads\/2024\/01\/IMG_1065-scaled.jpg\" \/>\n\t<meta property=\"og:image:width\" content=\"1920\" \/>\n\t<meta property=\"og:image:height\" content=\"2560\" \/>\n\t<meta property=\"og:image:type\" content=\"image\/jpeg\" \/>\n<meta name=\"twitter:card\" content=\"summary_large_image\" \/>\n<meta name=\"twitter:label1\" content=\"Estimated reading time\" \/>\n\t<meta name=\"twitter:data1\" content=\"1 minute\" \/>\n<script type=\"application\/ld+json\" class=\"yoast-schema-graph\">{\"@context\":\"https:\/\/schema.org\",\"@graph\":[{\"@type\":\"WebPage\",\"@id\":\"https:\/\/levandupieva.lt\/produktas\/stikline-zema-menzura-150-ml-talpos\/\",\"url\":\"https:\/\/levandupieva.lt\/produktas\/stikline-zema-menzura-150-ml-talpos\/\",\"name\":\"Stiklin\u0117 \u017eema (menz\u016bra) 150 ml talpos - Levand\u0173 pieva\",\"isPartOf\":{\"@id\":\"https:\/\/levandupieva.lt\/#website\"},\"primaryImageOfPage\":{\"@id\":\"https:\/\/levandupieva.lt\/produktas\/stikline-zema-menzura-150-ml-talpos\/#primaryimage\"},\"image\":{\"@id\":\"https:\/\/levandupieva.lt\/produktas\/stikline-zema-menzura-150-ml-talpos\/#primaryimage\"},\"thumbnailUrl\":\"https:\/\/levandupieva.lt\/wp-content\/uploads\/2024\/01\/IMG_1065-scaled.jpg\",\"datePublished\":\"2024-01-14T11:11:04+00:00\",\"dateModified\":\"2025-12-15T18:33:56+00:00\",\"breadcrumb\":{\"@id\":\"https:\/\/levandupieva.lt\/produktas\/stikline-zema-menzura-150-ml-talpos\/#breadcrumb\"},\"inLanguage\":\"en-GB\",\"potentialAction\":[{\"@type\":\"ReadAction\",\"target\":[\"https:\/\/levandupieva.lt\/produktas\/stikline-zema-menzura-150-ml-talpos\/\"]}]},{\"@type\":\"ImageObject\",\"inLanguage\":\"en-GB\",\"@id\":\"https:\/\/levandupieva.lt\/produktas\/stikline-zema-menzura-150-ml-talpos\/#primaryimage\",\"url\":\"https:\/\/levandupieva.lt\/wp-content\/uploads\/2024\/01\/IMG_1065-scaled.jpg\",\"contentUrl\":\"https:\/\/levandupieva.lt\/wp-content\/uploads\/2024\/01\/IMG_1065-scaled.jpg\",\"width\":1920,\"height\":2560},{\"@type\":\"BreadcrumbList\",\"@id\":\"https:\/\/levandupieva.lt\/produktas\/stikline-zema-menzura-150-ml-talpos\/#breadcrumb\",\"itemListElement\":[{\"@type\":\"ListItem\",\"position\":1,\"name\":\"Home\",\"item\":\"https:\/\/levandupieva.lt\/\"},{\"@type\":\"ListItem\",\"position\":2,\"name\":\"Parduotuv\u0117\",\"item\":\"https:\/\/levandupieva.lt\/parduotuve\/\"},{\"@type\":\"ListItem\",\"position\":3,\"name\":\"Stiklin\u0117 \u017eema (menz\u016bra) 150 ml talpos\"}]},{\"@type\":\"WebSite\",\"@id\":\"https:\/\/levandupieva.lt\/#website\",\"url\":\"https:\/\/levandupieva.lt\/\",\"name\":\"Levand\u0173 pieva\",\"description\":\"\",\"publisher\":{\"@id\":\"https:\/\/levandupieva.lt\/#organization\"},\"potentialAction\":[{\"@type\":\"SearchAction\",\"target\":{\"@type\":\"EntryPoint\",\"urlTemplate\":\"https:\/\/levandupieva.lt\/?s={search_term_string}\"},\"query-input\":{\"@type\":\"PropertyValueSpecification\",\"valueRequired\":true,\"valueName\":\"search_term_string\"}}],\"inLanguage\":\"en-GB\"},{\"@type\":\"Organization\",\"@id\":\"https:\/\/levandupieva.lt\/#organization\",\"name\":\"Levan\u0173 Pieva\",\"url\":\"https:\/\/levandupieva.lt\/\",\"logo\":{\"@type\":\"ImageObject\",\"inLanguage\":\"en-GB\",\"@id\":\"https:\/\/levandupieva.lt\/#\/schema\/logo\/image\/\",\"url\":\"https:\/\/levandupieva.lt\/wp-content\/uploads\/2021\/03\/cropped-logo-e1446013442350.png\",\"contentUrl\":\"https:\/\/levandupieva.lt\/wp-content\/uploads\/2021\/03\/cropped-logo-e1446013442350.png\",\"width\":654,\"height\":287,\"caption\":\"Levan\u0173 Pieva\"},\"image\":{\"@id\":\"https:\/\/levandupieva.lt\/#\/schema\/logo\/image\/\"},\"sameAs\":[\"https:\/\/www.facebook.com\/Levandupieva\"]}]}<\/script>\n<!-- \/ Yoast SEO plugin. -->","yoast_head_json":{"title":"Stiklin\u0117 \u017eema (menz\u016bra) 150 ml talpos - Levand\u0173 pieva","robots":{"index":"index","follow":"follow","max-snippet":"max-snippet:-1","max-image-preview":"max-image-preview:large","max-video-preview":"max-video-preview:-1"},"canonical":"https:\/\/levandupieva.lt\/en\/product\/stikline-zema-menzura-150-ml-talpos\/","og_locale":"en_GB","og_type":"article","og_title":"Stiklin\u0117 \u017eema (menz\u016bra) 150 ml talpos - Levand\u0173 pieva","og_description":"Stiklin\u0117 \u017eema (150 ml talpos) su snapeliu, graduota (gradavimo paklaida apie 2 ml). Pagaminta i\u0161 borosilikatinio 3.3 klas\u0117s stiklo. Gali b\u016bti kaitinama. Skermuo - 6 cm, auk\u0161tis - 8 cm.","og_url":"https:\/\/levandupieva.lt\/en\/product\/stikline-zema-menzura-150-ml-talpos\/","og_site_name":"Levand\u0173 pieva","article_publisher":"https:\/\/www.facebook.com\/Levandupieva","article_modified_time":"2025-12-15T18:33:56+00:00","og_image":[{"width":1920,"height":2560,"url":"https:\/\/levandupieva.lt\/wp-content\/uploads\/2024\/01\/IMG_1065-scaled.jpg","type":"image\/jpeg"}],"twitter_card":"summary_large_image","twitter_misc":{"Estimated reading time":"1 minute"},"schema":{"@context":"https:\/\/schema.org","@graph":[{"@type":"WebPage","@id":"https:\/\/levandupieva.lt\/produktas\/stikline-zema-menzura-150-ml-talpos\/","url":"https:\/\/levandupieva.lt\/produktas\/stikline-zema-menzura-150-ml-talpos\/","name":"Stiklin\u0117 \u017eema (menz\u016bra) 150 ml talpos - Levand\u0173 pieva","isPartOf":{"@id":"https:\/\/levandupieva.lt\/#website"},"primaryImageOfPage":{"@id":"https:\/\/levandupieva.lt\/produktas\/stikline-zema-menzura-150-ml-talpos\/#primaryimage"},"image":{"@id":"https:\/\/levandupieva.lt\/produktas\/stikline-zema-menzura-150-ml-talpos\/#primaryimage"},"thumbnailUrl":"https:\/\/levandupieva.lt\/wp-content\/uploads\/2024\/01\/IMG_1065-scaled.jpg","datePublished":"2024-01-14T11:11:04+00:00","dateModified":"2025-12-15T18:33:56+00:00","breadcrumb":{"@id":"https:\/\/levandupieva.lt\/produktas\/stikline-zema-menzura-150-ml-talpos\/#breadcrumb"},"inLanguage":"en-GB","potentialAction":[{"@type":"ReadAction","target":["https:\/\/levandupieva.lt\/produktas\/stikline-zema-menzura-150-ml-talpos\/"]}]},{"@type":"ImageObject","inLanguage":"en-GB","@id":"https:\/\/levandupieva.lt\/produktas\/stikline-zema-menzura-150-ml-talpos\/#primaryimage","url":"https:\/\/levandupieva.lt\/wp-content\/uploads\/2024\/01\/IMG_1065-scaled.jpg","contentUrl":"https:\/\/levandupieva.lt\/wp-content\/uploads\/2024\/01\/IMG_1065-scaled.jpg","width":1920,"height":2560},{"@type":"BreadcrumbList","@id":"https:\/\/levandupieva.lt\/produktas\/stikline-zema-menzura-150-ml-talpos\/#breadcrumb","itemListElement":[{"@type":"ListItem","position":1,"name":"Home","item":"https:\/\/levandupieva.lt\/"},{"@type":"ListItem","position":2,"name":"Parduotuv\u0117","item":"https:\/\/levandupieva.lt\/parduotuve\/"},{"@type":"ListItem","position":3,"name":"Stiklin\u0117 \u017eema (menz\u016bra) 150 ml talpos"}]},{"@type":"WebSite","@id":"https:\/\/levandupieva.lt\/#website","url":"https:\/\/levandupieva.lt\/","name":"Levand\u0173 pieva","description":"","publisher":{"@id":"https:\/\/levandupieva.lt\/#organization"},"potentialAction":[{"@type":"SearchAction","target":{"@type":"EntryPoint","urlTemplate":"https:\/\/levandupieva.lt\/?s={search_term_string}"},"query-input":{"@type":"PropertyValueSpecification","valueRequired":true,"valueName":"search_term_string"}}],"inLanguage":"en-GB"},{"@type":"Organization","@id":"https:\/\/levandupieva.lt\/#organization","name":"Levan\u0173 Pieva","url":"https:\/\/levandupieva.lt\/","logo":{"@type":"ImageObject","inLanguage":"en-GB","@id":"https:\/\/levandupieva.lt\/#\/schema\/logo\/image\/","url":"https:\/\/levandupieva.lt\/wp-content\/uploads\/2021\/03\/cropped-logo-e1446013442350.png","contentUrl":"https:\/\/levandupieva.lt\/wp-content\/uploads\/2021\/03\/cropped-logo-e1446013442350.png","width":654,"height":287,"caption":"Levan\u0173 Pieva"},"image":{"@id":"https:\/\/levandupieva.lt\/#\/schema\/logo\/image\/"},"sameAs":["https:\/\/www.facebook.com\/Levandupieva"]}]}},"_links":{"self":[{"href":"https:\/\/levandupieva.lt\/en\/wp-json\/wp\/v2\/product\/5908","targetHints":{"allow":["GET"]}}],"collection":[{"href":"https:\/\/levandupieva.lt\/en\/wp-json\/wp\/v2\/product"}],"about":[{"href":"https:\/\/levandupieva.lt\/en\/wp-json\/wp\/v2\/types\/product"}],"replies":[{"embeddable":true,"href":"https:\/\/levandupieva.lt\/en\/wp-json\/wp\/v2\/comments?post=5908"}],"wp:featuredmedia":[{"embeddable":true,"href":"https:\/\/levandupieva.lt\/en\/wp-json\/wp\/v2\/media\/5909"}],"wp:attachment":[{"href":"https:\/\/levandupieva.lt\/en\/wp-json\/wp\/v2\/media?parent=5908"}],"wp:term":[{"taxonomy":"product_brand","embeddable":true,"href":"https:\/\/levandupieva.lt\/en\/wp-json\/wp\/v2\/product_brand?post=5908"},{"taxonomy":"product_cat","embeddable":true,"href":"https:\/\/levandupieva.lt\/en\/wp-json\/wp\/v2\/product_cat?post=5908"},{"taxonomy":"product_tag","embeddable":true,"href":"https:\/\/levandupieva.lt\/en\/wp-json\/wp\/v2\/product_tag?post=5908"}],"curies":[{"name":"wp","href":"https:\/\/api.w.org\/{rel}","templated":true}]}}