{"id":5946,"date":"2024-01-20T10:01:50","date_gmt":"2024-01-20T10:01:50","guid":{"rendered":"https:\/\/levandupieva.lt\/?post_type=product&#038;p=5946"},"modified":"2026-04-08T19:32:39","modified_gmt":"2026-04-08T19:32:39","slug":"rudo-stiklo-buteliukas-150-ml-arba-300-ml-su-juodu-plastikiniu-gaubteliu","status":"publish","type":"product","link":"https:\/\/levandupieva.lt\/en\/product\/rudo-stiklo-buteliukas-150-ml-arba-300-ml-su-juodu-plastikiniu-gaubteliu\/","title":{"rendered":"Rudo stiklo buteliukas 150 ml \/ 300 ml \/ 500 ml su juodu plastikiniu gaubteliu."},"content":{"rendered":"<p>Rudo stiklo buteliukas 150 ml \/ 300 ml \/ 500 talpos su juodu plastikiniu gaubteliu su garantiniu \u017eiedu . Kakliuko sriegis &#8211; PP 28 S,<\/p>\n<p>150 ml buteliuko\u00a0\u00a0skersmuo &#8211; apie 5 cm, auk\u0161tis &#8211; 12,3 cm;<\/p>\n<p>300 ml buteliuko skersmuo &#8211; apie 6 cm, auk\u0161tis 15 cm;<\/p>\n<p>500 ml buteliuko skersmuo &#8211; apie 7,7 cm, auk\u0161tis 17,7 cm.<\/p>\n<p>&nbsp;<\/p>","protected":false},"excerpt":{"rendered":"<p>Rudo stiklo buteliukas 150 ml \/ 300 ml \/ 500 talpos su juodu plastikiniu gaubteliu su garantiniu \u017eiedu . Kakliuko sriegis &#8211; PP 28 S,<\/p>\n<p>150 ml buteliuko\u00a0\u00a0skersmuo &#8211; apie 5 cm, auk\u0161tis &#8211; 12,3 cm;<\/p>\n<p>300 ml buteliuko skersmuo &#8211; apie 6 cm, auk\u0161tis 15 cm;<\/p>\n<p>500 ml buteliuko skersmuo &#8211; apie 7,7 cm, auk\u0161tis 17,7 cm.<\/p>\n<p>&nbsp;<\/p>\n<p>&nbsp;<\/p>\n<p>&nbsp;<\/p>","protected":false},"featured_media":5951,"comment_status":"open","ping_status":"closed","template":"","meta":[],"product_brand":[],"product_cat":[69,73],"product_tag":[203,202,124],"class_list":{"0":"post-5946","1":"product","2":"type-product","3":"status-publish","4":"has-post-thumbnail","6":"product_cat-tara","7":"product_cat-stiklo-tara","8":"product_tag-butelys-hidrolatams","9":"product_tag-rudo-stiklo-butelys","10":"product_tag-rudo-stiklo-indelis","12":"first","13":"instock","14":"sale","15":"shipping-taxable","16":"purchasable","17":"product-type-variable","18":"has-default-attributes"},"yoast_head":"<!-- This site is optimized with the Yoast SEO plugin v24.8.1 - https:\/\/yoast.com\/wordpress\/plugins\/seo\/ -->\n<title>Rudo stiklo buteliukas 150 ml \/ 300 ml \/ 500 ml su juodu plastikiniu gaubteliu. - Levand\u0173 pieva<\/title>\n<meta name=\"robots\" content=\"index, follow, max-snippet:-1, max-image-preview:large, max-video-preview:-1\" \/>\n<link rel=\"canonical\" href=\"https:\/\/levandupieva.lt\/en\/product\/rudo-stiklo-buteliukas-150-ml-arba-300-ml-su-juodu-plastikiniu-gaubteliu\/\" \/>\n<meta property=\"og:locale\" content=\"en_GB\" \/>\n<meta property=\"og:type\" content=\"article\" \/>\n<meta property=\"og:title\" content=\"Rudo stiklo buteliukas 150 ml \/ 300 ml \/ 500 ml su juodu plastikiniu gaubteliu. - Levand\u0173 pieva\" \/>\n<meta property=\"og:description\" content=\"Rudo stiklo buteliukas 150 ml \/ 300 ml \/ 500 talpos su juodu plastikiniu gaubteliu su garantiniu \u017eiedu . Kakliuko sriegis - PP 28 S,  150 ml buteliuko\u00a0\u00a0skersmuo - apie 5 cm, auk\u0161tis - 12,3 cm;  300 ml buteliuko skersmuo - apie 6 cm, auk\u0161tis 15 cm;  500 ml buteliuko skersmuo - apie 7,7 cm, auk\u0161tis 17,7 cm.  &nbsp;  &nbsp;  &nbsp;\" \/>\n<meta property=\"og:url\" content=\"https:\/\/levandupieva.lt\/en\/product\/rudo-stiklo-buteliukas-150-ml-arba-300-ml-su-juodu-plastikiniu-gaubteliu\/\" \/>\n<meta property=\"og:site_name\" content=\"Levand\u0173 pieva\" \/>\n<meta property=\"article:publisher\" content=\"https:\/\/www.facebook.com\/Levandupieva\" \/>\n<meta property=\"article:modified_time\" content=\"2026-04-08T19:32:39+00:00\" \/>\n<meta property=\"og:image\" content=\"https:\/\/levandupieva.lt\/wp-content\/uploads\/2024\/01\/300-ml-scaled.jpeg\" \/>\n\t<meta property=\"og:image:width\" content=\"1920\" \/>\n\t<meta property=\"og:image:height\" content=\"2560\" \/>\n\t<meta property=\"og:image:type\" content=\"image\/jpeg\" \/>\n<meta name=\"twitter:card\" content=\"summary_large_image\" \/>\n<meta name=\"twitter:label1\" content=\"Estimated reading time\" \/>\n\t<meta name=\"twitter:data1\" content=\"1 minute\" \/>\n<script type=\"application\/ld+json\" class=\"yoast-schema-graph\">{\"@context\":\"https:\/\/schema.org\",\"@graph\":[{\"@type\":\"WebPage\",\"@id\":\"https:\/\/levandupieva.lt\/produktas\/rudo-stiklo-buteliukas-150-ml-arba-300-ml-su-juodu-plastikiniu-gaubteliu\/\",\"url\":\"https:\/\/levandupieva.lt\/produktas\/rudo-stiklo-buteliukas-150-ml-arba-300-ml-su-juodu-plastikiniu-gaubteliu\/\",\"name\":\"Rudo stiklo buteliukas 150 ml \/ 300 ml \/ 500 ml su juodu plastikiniu gaubteliu. - Levand\u0173 pieva\",\"isPartOf\":{\"@id\":\"https:\/\/levandupieva.lt\/#website\"},\"primaryImageOfPage\":{\"@id\":\"https:\/\/levandupieva.lt\/produktas\/rudo-stiklo-buteliukas-150-ml-arba-300-ml-su-juodu-plastikiniu-gaubteliu\/#primaryimage\"},\"image\":{\"@id\":\"https:\/\/levandupieva.lt\/produktas\/rudo-stiklo-buteliukas-150-ml-arba-300-ml-su-juodu-plastikiniu-gaubteliu\/#primaryimage\"},\"thumbnailUrl\":\"https:\/\/levandupieva.lt\/wp-content\/uploads\/2024\/01\/300-ml-scaled.jpeg\",\"datePublished\":\"2024-01-20T10:01:50+00:00\",\"dateModified\":\"2026-04-08T19:32:39+00:00\",\"breadcrumb\":{\"@id\":\"https:\/\/levandupieva.lt\/produktas\/rudo-stiklo-buteliukas-150-ml-arba-300-ml-su-juodu-plastikiniu-gaubteliu\/#breadcrumb\"},\"inLanguage\":\"en-GB\",\"potentialAction\":[{\"@type\":\"ReadAction\",\"target\":[\"https:\/\/levandupieva.lt\/produktas\/rudo-stiklo-buteliukas-150-ml-arba-300-ml-su-juodu-plastikiniu-gaubteliu\/\"]}]},{\"@type\":\"ImageObject\",\"inLanguage\":\"en-GB\",\"@id\":\"https:\/\/levandupieva.lt\/produktas\/rudo-stiklo-buteliukas-150-ml-arba-300-ml-su-juodu-plastikiniu-gaubteliu\/#primaryimage\",\"url\":\"https:\/\/levandupieva.lt\/wp-content\/uploads\/2024\/01\/300-ml-scaled.jpeg\",\"contentUrl\":\"https:\/\/levandupieva.lt\/wp-content\/uploads\/2024\/01\/300-ml-scaled.jpeg\",\"width\":1920,\"height\":2560},{\"@type\":\"BreadcrumbList\",\"@id\":\"https:\/\/levandupieva.lt\/produktas\/rudo-stiklo-buteliukas-150-ml-arba-300-ml-su-juodu-plastikiniu-gaubteliu\/#breadcrumb\",\"itemListElement\":[{\"@type\":\"ListItem\",\"position\":1,\"name\":\"Home\",\"item\":\"https:\/\/levandupieva.lt\/\"},{\"@type\":\"ListItem\",\"position\":2,\"name\":\"Parduotuv\u0117\",\"item\":\"https:\/\/levandupieva.lt\/parduotuve\/\"},{\"@type\":\"ListItem\",\"position\":3,\"name\":\"Rudo stiklo buteliukas 150 ml \/ 300 ml \/ 500 ml su juodu plastikiniu gaubteliu.\"}]},{\"@type\":\"WebSite\",\"@id\":\"https:\/\/levandupieva.lt\/#website\",\"url\":\"https:\/\/levandupieva.lt\/\",\"name\":\"Levand\u0173 pieva\",\"description\":\"\",\"publisher\":{\"@id\":\"https:\/\/levandupieva.lt\/#organization\"},\"potentialAction\":[{\"@type\":\"SearchAction\",\"target\":{\"@type\":\"EntryPoint\",\"urlTemplate\":\"https:\/\/levandupieva.lt\/?s={search_term_string}\"},\"query-input\":{\"@type\":\"PropertyValueSpecification\",\"valueRequired\":true,\"valueName\":\"search_term_string\"}}],\"inLanguage\":\"en-GB\"},{\"@type\":\"Organization\",\"@id\":\"https:\/\/levandupieva.lt\/#organization\",\"name\":\"Levan\u0173 Pieva\",\"url\":\"https:\/\/levandupieva.lt\/\",\"logo\":{\"@type\":\"ImageObject\",\"inLanguage\":\"en-GB\",\"@id\":\"https:\/\/levandupieva.lt\/#\/schema\/logo\/image\/\",\"url\":\"https:\/\/levandupieva.lt\/wp-content\/uploads\/2021\/03\/cropped-logo-e1446013442350.png\",\"contentUrl\":\"https:\/\/levandupieva.lt\/wp-content\/uploads\/2021\/03\/cropped-logo-e1446013442350.png\",\"width\":654,\"height\":287,\"caption\":\"Levan\u0173 Pieva\"},\"image\":{\"@id\":\"https:\/\/levandupieva.lt\/#\/schema\/logo\/image\/\"},\"sameAs\":[\"https:\/\/www.facebook.com\/Levandupieva\"]}]}<\/script>\n<!-- \/ Yoast SEO plugin. -->","yoast_head_json":{"title":"Rudo stiklo buteliukas 150 ml \/ 300 ml \/ 500 ml su juodu plastikiniu gaubteliu. - Levand\u0173 pieva","robots":{"index":"index","follow":"follow","max-snippet":"max-snippet:-1","max-image-preview":"max-image-preview:large","max-video-preview":"max-video-preview:-1"},"canonical":"https:\/\/levandupieva.lt\/en\/product\/rudo-stiklo-buteliukas-150-ml-arba-300-ml-su-juodu-plastikiniu-gaubteliu\/","og_locale":"en_GB","og_type":"article","og_title":"Rudo stiklo buteliukas 150 ml \/ 300 ml \/ 500 ml su juodu plastikiniu gaubteliu. - Levand\u0173 pieva","og_description":"Rudo stiklo buteliukas 150 ml \/ 300 ml \/ 500 talpos su juodu plastikiniu gaubteliu su garantiniu \u017eiedu . Kakliuko sriegis - PP 28 S,  150 ml buteliuko\u00a0\u00a0skersmuo - apie 5 cm, auk\u0161tis - 12,3 cm;  300 ml buteliuko skersmuo - apie 6 cm, auk\u0161tis 15 cm;  500 ml buteliuko skersmuo - apie 7,7 cm, auk\u0161tis 17,7 cm.  &nbsp;  &nbsp;  &nbsp;","og_url":"https:\/\/levandupieva.lt\/en\/product\/rudo-stiklo-buteliukas-150-ml-arba-300-ml-su-juodu-plastikiniu-gaubteliu\/","og_site_name":"Levand\u0173 pieva","article_publisher":"https:\/\/www.facebook.com\/Levandupieva","article_modified_time":"2026-04-08T19:32:39+00:00","og_image":[{"width":1920,"height":2560,"url":"https:\/\/levandupieva.lt\/wp-content\/uploads\/2024\/01\/300-ml-scaled.jpeg","type":"image\/jpeg"}],"twitter_card":"summary_large_image","twitter_misc":{"Estimated reading time":"1 minute"},"schema":{"@context":"https:\/\/schema.org","@graph":[{"@type":"WebPage","@id":"https:\/\/levandupieva.lt\/produktas\/rudo-stiklo-buteliukas-150-ml-arba-300-ml-su-juodu-plastikiniu-gaubteliu\/","url":"https:\/\/levandupieva.lt\/produktas\/rudo-stiklo-buteliukas-150-ml-arba-300-ml-su-juodu-plastikiniu-gaubteliu\/","name":"Rudo stiklo buteliukas 150 ml \/ 300 ml \/ 500 ml su juodu plastikiniu gaubteliu. - Levand\u0173 pieva","isPartOf":{"@id":"https:\/\/levandupieva.lt\/#website"},"primaryImageOfPage":{"@id":"https:\/\/levandupieva.lt\/produktas\/rudo-stiklo-buteliukas-150-ml-arba-300-ml-su-juodu-plastikiniu-gaubteliu\/#primaryimage"},"image":{"@id":"https:\/\/levandupieva.lt\/produktas\/rudo-stiklo-buteliukas-150-ml-arba-300-ml-su-juodu-plastikiniu-gaubteliu\/#primaryimage"},"thumbnailUrl":"https:\/\/levandupieva.lt\/wp-content\/uploads\/2024\/01\/300-ml-scaled.jpeg","datePublished":"2024-01-20T10:01:50+00:00","dateModified":"2026-04-08T19:32:39+00:00","breadcrumb":{"@id":"https:\/\/levandupieva.lt\/produktas\/rudo-stiklo-buteliukas-150-ml-arba-300-ml-su-juodu-plastikiniu-gaubteliu\/#breadcrumb"},"inLanguage":"en-GB","potentialAction":[{"@type":"ReadAction","target":["https:\/\/levandupieva.lt\/produktas\/rudo-stiklo-buteliukas-150-ml-arba-300-ml-su-juodu-plastikiniu-gaubteliu\/"]}]},{"@type":"ImageObject","inLanguage":"en-GB","@id":"https:\/\/levandupieva.lt\/produktas\/rudo-stiklo-buteliukas-150-ml-arba-300-ml-su-juodu-plastikiniu-gaubteliu\/#primaryimage","url":"https:\/\/levandupieva.lt\/wp-content\/uploads\/2024\/01\/300-ml-scaled.jpeg","contentUrl":"https:\/\/levandupieva.lt\/wp-content\/uploads\/2024\/01\/300-ml-scaled.jpeg","width":1920,"height":2560},{"@type":"BreadcrumbList","@id":"https:\/\/levandupieva.lt\/produktas\/rudo-stiklo-buteliukas-150-ml-arba-300-ml-su-juodu-plastikiniu-gaubteliu\/#breadcrumb","itemListElement":[{"@type":"ListItem","position":1,"name":"Home","item":"https:\/\/levandupieva.lt\/"},{"@type":"ListItem","position":2,"name":"Parduotuv\u0117","item":"https:\/\/levandupieva.lt\/parduotuve\/"},{"@type":"ListItem","position":3,"name":"Rudo stiklo buteliukas 150 ml \/ 300 ml \/ 500 ml su juodu plastikiniu gaubteliu."}]},{"@type":"WebSite","@id":"https:\/\/levandupieva.lt\/#website","url":"https:\/\/levandupieva.lt\/","name":"Levand\u0173 pieva","description":"","publisher":{"@id":"https:\/\/levandupieva.lt\/#organization"},"potentialAction":[{"@type":"SearchAction","target":{"@type":"EntryPoint","urlTemplate":"https:\/\/levandupieva.lt\/?s={search_term_string}"},"query-input":{"@type":"PropertyValueSpecification","valueRequired":true,"valueName":"search_term_string"}}],"inLanguage":"en-GB"},{"@type":"Organization","@id":"https:\/\/levandupieva.lt\/#organization","name":"Levan\u0173 Pieva","url":"https:\/\/levandupieva.lt\/","logo":{"@type":"ImageObject","inLanguage":"en-GB","@id":"https:\/\/levandupieva.lt\/#\/schema\/logo\/image\/","url":"https:\/\/levandupieva.lt\/wp-content\/uploads\/2021\/03\/cropped-logo-e1446013442350.png","contentUrl":"https:\/\/levandupieva.lt\/wp-content\/uploads\/2021\/03\/cropped-logo-e1446013442350.png","width":654,"height":287,"caption":"Levan\u0173 Pieva"},"image":{"@id":"https:\/\/levandupieva.lt\/#\/schema\/logo\/image\/"},"sameAs":["https:\/\/www.facebook.com\/Levandupieva"]}]}},"_links":{"self":[{"href":"https:\/\/levandupieva.lt\/en\/wp-json\/wp\/v2\/product\/5946","targetHints":{"allow":["GET"]}}],"collection":[{"href":"https:\/\/levandupieva.lt\/en\/wp-json\/wp\/v2\/product"}],"about":[{"href":"https:\/\/levandupieva.lt\/en\/wp-json\/wp\/v2\/types\/product"}],"replies":[{"embeddable":true,"href":"https:\/\/levandupieva.lt\/en\/wp-json\/wp\/v2\/comments?post=5946"}],"wp:featuredmedia":[{"embeddable":true,"href":"https:\/\/levandupieva.lt\/en\/wp-json\/wp\/v2\/media\/5951"}],"wp:attachment":[{"href":"https:\/\/levandupieva.lt\/en\/wp-json\/wp\/v2\/media?parent=5946"}],"wp:term":[{"taxonomy":"product_brand","embeddable":true,"href":"https:\/\/levandupieva.lt\/en\/wp-json\/wp\/v2\/product_brand?post=5946"},{"taxonomy":"product_cat","embeddable":true,"href":"https:\/\/levandupieva.lt\/en\/wp-json\/wp\/v2\/product_cat?post=5946"},{"taxonomy":"product_tag","embeddable":true,"href":"https:\/\/levandupieva.lt\/en\/wp-json\/wp\/v2\/product_tag?post=5946"}],"curies":[{"name":"wp","href":"https:\/\/api.w.org\/{rel}","templated":true}]}}