{"id":6041,"date":"2024-02-28T08:43:09","date_gmt":"2024-02-28T08:43:09","guid":{"rendered":"https:\/\/levandupieva.lt\/?post_type=product&#038;p=6041"},"modified":"2025-08-24T19:21:08","modified_gmt":"2025-08-24T19:21:08","slug":"rudo-plastiko-pet-buteliukas","status":"publish","type":"product","link":"https:\/\/levandupieva.lt\/en\/product\/rudo-plastiko-pet-buteliukas\/","title":{"rendered":"Rudo plastiko PET buteliukas 200 ml talpos"},"content":{"rendered":"<p><span data-sheets-value=\"{&quot;1&quot;:2,&quot;2&quot;:&quot;Skaidrus buteliukas 100 ml talpos, pagamintas i\u0161 PET plastiko (kakliuko sriegis 24\/410) su baltu kam\u0161teliu, vieno pir\u0161to paspaudimu atsidaran\u010diu vir\u0161umi. Buteliuko skersmuo - 40 mm, auk\u0161tis - 108 mm. Puikiai tinka naudoti \u0161amp\u016bnams, du\u0161o \u017eel\u0117ms, losjonams, kt. pana\u0161ios tekst\u016bros gaminiams. &quot;}\" data-sheets-userformat=\"{&quot;2&quot;:14847,&quot;3&quot;:{&quot;1&quot;:0,&quot;3&quot;:1},&quot;4&quot;:[null,2,16777215],&quot;5&quot;:{&quot;1&quot;:[{&quot;1&quot;:2,&quot;2&quot;:0,&quot;5&quot;:[null,2,0]},{&quot;1&quot;:0,&quot;2&quot;:0,&quot;3&quot;:3},{&quot;1&quot;:1,&quot;2&quot;:0,&quot;4&quot;:1}]},&quot;6&quot;:{&quot;1&quot;:[{&quot;1&quot;:2,&quot;2&quot;:0,&quot;5&quot;:[null,2,0]},{&quot;1&quot;:0,&quot;2&quot;:0,&quot;3&quot;:3},{&quot;1&quot;:1,&quot;2&quot;:0,&quot;4&quot;:1}]},&quot;7&quot;:{&quot;1&quot;:[{&quot;1&quot;:2,&quot;2&quot;:0,&quot;5&quot;:[null,2,0]},{&quot;1&quot;:0,&quot;2&quot;:0,&quot;3&quot;:3},{&quot;1&quot;:1,&quot;2&quot;:0,&quot;4&quot;:1}]},&quot;8&quot;:{&quot;1&quot;:[{&quot;1&quot;:2,&quot;2&quot;:0,&quot;5&quot;:[null,2,0]},{&quot;1&quot;:0,&quot;2&quot;:0,&quot;3&quot;:3},{&quot;1&quot;:1,&quot;2&quot;:0,&quot;4&quot;:1}]},&quot;9&quot;:0,&quot;10&quot;:1,&quot;11&quot;:4,&quot;14&quot;:[null,2,0],&quot;15&quot;:&quot;Arial&quot;,&quot;16&quot;:11}\">Rudas buteliukas 200 ml talpos, pagamintas i\u0161 PET plastiko (kakliuko sriegis 24\/410). <\/span><span data-sheets-value=\"{&quot;1&quot;:2,&quot;2&quot;:&quot;Skaidrus buteliukas 100 ml talpos, pagamintas i\u0161 PET plastiko (kakliuko sriegis 24\/410) su baltu kam\u0161teliu, vieno pir\u0161to paspaudimu atsidaran\u010diu vir\u0161umi. Buteliuko skersmuo - 40 mm, auk\u0161tis - 108 mm. Puikiai tinka naudoti \u0161amp\u016bnams, du\u0161o \u017eel\u0117ms, losjonams, kt. pana\u0161ios tekst\u016bros gaminiams. &quot;}\" data-sheets-userformat=\"{&quot;2&quot;:14847,&quot;3&quot;:{&quot;1&quot;:0,&quot;3&quot;:1},&quot;4&quot;:[null,2,16777215],&quot;5&quot;:{&quot;1&quot;:[{&quot;1&quot;:2,&quot;2&quot;:0,&quot;5&quot;:[null,2,0]},{&quot;1&quot;:0,&quot;2&quot;:0,&quot;3&quot;:3},{&quot;1&quot;:1,&quot;2&quot;:0,&quot;4&quot;:1}]},&quot;6&quot;:{&quot;1&quot;:[{&quot;1&quot;:2,&quot;2&quot;:0,&quot;5&quot;:[null,2,0]},{&quot;1&quot;:0,&quot;2&quot;:0,&quot;3&quot;:3},{&quot;1&quot;:1,&quot;2&quot;:0,&quot;4&quot;:1}]},&quot;7&quot;:{&quot;1&quot;:[{&quot;1&quot;:2,&quot;2&quot;:0,&quot;5&quot;:[null,2,0]},{&quot;1&quot;:0,&quot;2&quot;:0,&quot;3&quot;:3},{&quot;1&quot;:1,&quot;2&quot;:0,&quot;4&quot;:1}]},&quot;8&quot;:{&quot;1&quot;:[{&quot;1&quot;:2,&quot;2&quot;:0,&quot;5&quot;:[null,2,0]},{&quot;1&quot;:0,&quot;2&quot;:0,&quot;3&quot;:3},{&quot;1&quot;:1,&quot;2&quot;:0,&quot;4&quot;:1}]},&quot;9&quot;:0,&quot;10&quot;:1,&quot;11&quot;:4,&quot;14&quot;:[null,2,0],&quot;15&quot;:&quot;Arial&quot;,&quot;16&quot;:11}\">Buteliuko skersmuo &#8211; 50 mm, auk\u0161tis &#8211; 130 mm. Puikiai tinka naudoti pur\u0161kiamiems nam\u0173 kvapams,\u00a0 kt. pana\u0161ios tekst\u016bros gaminiams.<\/span><\/p>\n<p>Buteliukams tinka visi gaubteliai ir purk\u0161tukai, kuri\u0173 sriegis yra 24\/410. Gaubteliai ir purk\u0161tukai jiems parduodami atskirai.<\/p>","protected":false},"excerpt":{"rendered":"<p><span data-sheets-value=\"{&quot;1&quot;:2,&quot;2&quot;:&quot;Skaidrus buteliukas 100 ml talpos, pagamintas i\u0161 PET plastiko (kakliuko sriegis 24\/410) su baltu kam\u0161teliu, vieno pir\u0161to paspaudimu atsidaran\u010diu vir\u0161umi. Buteliuko skersmuo - 40 mm, auk\u0161tis - 108 mm. Puikiai tinka naudoti \u0161amp\u016bnams, du\u0161o \u017eel\u0117ms, losjonams, kt. pana\u0161ios tekst\u016bros gaminiams. &quot;}\" data-sheets-userformat=\"{&quot;2&quot;:14847,&quot;3&quot;:{&quot;1&quot;:0,&quot;3&quot;:1},&quot;4&quot;:[null,2,16777215],&quot;5&quot;:{&quot;1&quot;:[{&quot;1&quot;:2,&quot;2&quot;:0,&quot;5&quot;:[null,2,0]},{&quot;1&quot;:0,&quot;2&quot;:0,&quot;3&quot;:3},{&quot;1&quot;:1,&quot;2&quot;:0,&quot;4&quot;:1}]},&quot;6&quot;:{&quot;1&quot;:[{&quot;1&quot;:2,&quot;2&quot;:0,&quot;5&quot;:[null,2,0]},{&quot;1&quot;:0,&quot;2&quot;:0,&quot;3&quot;:3},{&quot;1&quot;:1,&quot;2&quot;:0,&quot;4&quot;:1}]},&quot;7&quot;:{&quot;1&quot;:[{&quot;1&quot;:2,&quot;2&quot;:0,&quot;5&quot;:[null,2,0]},{&quot;1&quot;:0,&quot;2&quot;:0,&quot;3&quot;:3},{&quot;1&quot;:1,&quot;2&quot;:0,&quot;4&quot;:1}]},&quot;8&quot;:{&quot;1&quot;:[{&quot;1&quot;:2,&quot;2&quot;:0,&quot;5&quot;:[null,2,0]},{&quot;1&quot;:0,&quot;2&quot;:0,&quot;3&quot;:3},{&quot;1&quot;:1,&quot;2&quot;:0,&quot;4&quot;:1}]},&quot;9&quot;:0,&quot;10&quot;:1,&quot;11&quot;:4,&quot;14&quot;:[null,2,0],&quot;15&quot;:&quot;Arial&quot;,&quot;16&quot;:11}\">Rudas buteliukas 200 ml talpos, pagamintas i\u0161 PET plastiko (kakliuko sriegis 24\/410). <\/span><span data-sheets-value=\"{&quot;1&quot;:2,&quot;2&quot;:&quot;Skaidrus buteliukas 100 ml talpos, pagamintas i\u0161 PET plastiko (kakliuko sriegis 24\/410) su baltu kam\u0161teliu, vieno pir\u0161to paspaudimu atsidaran\u010diu vir\u0161umi. Buteliuko skersmuo - 40 mm, auk\u0161tis - 108 mm. Puikiai tinka naudoti \u0161amp\u016bnams, du\u0161o \u017eel\u0117ms, losjonams, kt. pana\u0161ios tekst\u016bros gaminiams. &quot;}\" data-sheets-userformat=\"{&quot;2&quot;:14847,&quot;3&quot;:{&quot;1&quot;:0,&quot;3&quot;:1},&quot;4&quot;:[null,2,16777215],&quot;5&quot;:{&quot;1&quot;:[{&quot;1&quot;:2,&quot;2&quot;:0,&quot;5&quot;:[null,2,0]},{&quot;1&quot;:0,&quot;2&quot;:0,&quot;3&quot;:3},{&quot;1&quot;:1,&quot;2&quot;:0,&quot;4&quot;:1}]},&quot;6&quot;:{&quot;1&quot;:[{&quot;1&quot;:2,&quot;2&quot;:0,&quot;5&quot;:[null,2,0]},{&quot;1&quot;:0,&quot;2&quot;:0,&quot;3&quot;:3},{&quot;1&quot;:1,&quot;2&quot;:0,&quot;4&quot;:1}]},&quot;7&quot;:{&quot;1&quot;:[{&quot;1&quot;:2,&quot;2&quot;:0,&quot;5&quot;:[null,2,0]},{&quot;1&quot;:0,&quot;2&quot;:0,&quot;3&quot;:3},{&quot;1&quot;:1,&quot;2&quot;:0,&quot;4&quot;:1}]},&quot;8&quot;:{&quot;1&quot;:[{&quot;1&quot;:2,&quot;2&quot;:0,&quot;5&quot;:[null,2,0]},{&quot;1&quot;:0,&quot;2&quot;:0,&quot;3&quot;:3},{&quot;1&quot;:1,&quot;2&quot;:0,&quot;4&quot;:1}]},&quot;9&quot;:0,&quot;10&quot;:1,&quot;11&quot;:4,&quot;14&quot;:[null,2,0],&quot;15&quot;:&quot;Arial&quot;,&quot;16&quot;:11}\">Buteliuko skersmuo &#8211; 50 mm, auk\u0161tis &#8211; 130 mm. Puikiai tinka naudoti pur\u0161kiamiems nam\u0173 kvapams,\u00a0 kt. pana\u0161ios tekst\u016bros gaminiams.<\/span><\/p>\n<p>Buteliukams tinka visi gaubteliai ir purk\u0161tukai, kuri\u0173 sriegis yra 24\/410. Gaubteliai ir purk\u0161tukai jiems parduodami atskirai.<\/p>","protected":false},"featured_media":6042,"comment_status":"open","ping_status":"closed","template":"","meta":[],"product_brand":[],"product_cat":[90],"product_tag":[],"class_list":{"0":"post-6041","1":"product","2":"type-product","3":"status-publish","4":"has-post-thumbnail","6":"product_cat-plastiko-tara","8":"first","9":"instock","10":"shipping-taxable","11":"purchasable","12":"product-type-simple"},"yoast_head":"<!-- This site is optimized with the Yoast SEO plugin v24.8.1 - https:\/\/yoast.com\/wordpress\/plugins\/seo\/ -->\n<title>Rudo plastiko PET buteliukas 200 ml talpos - Levand\u0173 pieva<\/title>\n<meta name=\"robots\" content=\"index, follow, max-snippet:-1, max-image-preview:large, max-video-preview:-1\" \/>\n<link rel=\"canonical\" href=\"https:\/\/levandupieva.lt\/en\/product\/rudo-plastiko-pet-buteliukas\/\" \/>\n<meta property=\"og:locale\" content=\"en_GB\" \/>\n<meta property=\"og:type\" content=\"article\" \/>\n<meta property=\"og:title\" content=\"Rudo plastiko PET buteliukas 200 ml talpos - Levand\u0173 pieva\" \/>\n<meta property=\"og:description\" content=\"Rudas buteliukas 200 ml talpos, pagamintas i\u0161 PET plastiko (kakliuko sriegis 24\/410). Buteliuko skersmuo - 50 mm, auk\u0161tis - 130 mm. Puikiai tinka naudoti pur\u0161kiamiems nam\u0173 kvapams,\u00a0 kt. pana\u0161ios tekst\u016bros gaminiams.  Buteliukams tinka visi gaubteliai ir purk\u0161tukai, kuri\u0173 sriegis yra 24\/410. Gaubteliai ir purk\u0161tukai jiems parduodami atskirai.\" \/>\n<meta property=\"og:url\" content=\"https:\/\/levandupieva.lt\/en\/product\/rudo-plastiko-pet-buteliukas\/\" \/>\n<meta property=\"og:site_name\" content=\"Levand\u0173 pieva\" \/>\n<meta property=\"article:publisher\" content=\"https:\/\/www.facebook.com\/Levandupieva\" \/>\n<meta property=\"article:modified_time\" content=\"2025-08-24T19:21:08+00:00\" \/>\n<meta property=\"og:image\" content=\"https:\/\/levandupieva.lt\/wp-content\/uploads\/2024\/02\/200-ml-plastikinis-butel.jpg\" \/>\n\t<meta property=\"og:image:width\" content=\"1080\" \/>\n\t<meta property=\"og:image:height\" content=\"720\" \/>\n\t<meta property=\"og:image:type\" content=\"image\/jpeg\" \/>\n<meta name=\"twitter:card\" content=\"summary_large_image\" \/>\n<meta name=\"twitter:label1\" content=\"Estimated reading time\" \/>\n\t<meta name=\"twitter:data1\" content=\"1 minute\" \/>\n<script type=\"application\/ld+json\" class=\"yoast-schema-graph\">{\"@context\":\"https:\/\/schema.org\",\"@graph\":[{\"@type\":\"WebPage\",\"@id\":\"https:\/\/levandupieva.lt\/produktas\/rudo-plastiko-pet-buteliukas\/\",\"url\":\"https:\/\/levandupieva.lt\/produktas\/rudo-plastiko-pet-buteliukas\/\",\"name\":\"Rudo plastiko PET buteliukas 200 ml talpos - Levand\u0173 pieva\",\"isPartOf\":{\"@id\":\"https:\/\/levandupieva.lt\/#website\"},\"primaryImageOfPage\":{\"@id\":\"https:\/\/levandupieva.lt\/produktas\/rudo-plastiko-pet-buteliukas\/#primaryimage\"},\"image\":{\"@id\":\"https:\/\/levandupieva.lt\/produktas\/rudo-plastiko-pet-buteliukas\/#primaryimage\"},\"thumbnailUrl\":\"https:\/\/levandupieva.lt\/wp-content\/uploads\/2024\/02\/200-ml-plastikinis-butel.jpg\",\"datePublished\":\"2024-02-28T08:43:09+00:00\",\"dateModified\":\"2025-08-24T19:21:08+00:00\",\"breadcrumb\":{\"@id\":\"https:\/\/levandupieva.lt\/produktas\/rudo-plastiko-pet-buteliukas\/#breadcrumb\"},\"inLanguage\":\"en-GB\",\"potentialAction\":[{\"@type\":\"ReadAction\",\"target\":[\"https:\/\/levandupieva.lt\/produktas\/rudo-plastiko-pet-buteliukas\/\"]}]},{\"@type\":\"ImageObject\",\"inLanguage\":\"en-GB\",\"@id\":\"https:\/\/levandupieva.lt\/produktas\/rudo-plastiko-pet-buteliukas\/#primaryimage\",\"url\":\"https:\/\/levandupieva.lt\/wp-content\/uploads\/2024\/02\/200-ml-plastikinis-butel.jpg\",\"contentUrl\":\"https:\/\/levandupieva.lt\/wp-content\/uploads\/2024\/02\/200-ml-plastikinis-butel.jpg\",\"width\":1080,\"height\":720},{\"@type\":\"BreadcrumbList\",\"@id\":\"https:\/\/levandupieva.lt\/produktas\/rudo-plastiko-pet-buteliukas\/#breadcrumb\",\"itemListElement\":[{\"@type\":\"ListItem\",\"position\":1,\"name\":\"Home\",\"item\":\"https:\/\/levandupieva.lt\/\"},{\"@type\":\"ListItem\",\"position\":2,\"name\":\"Parduotuv\u0117\",\"item\":\"https:\/\/levandupieva.lt\/parduotuve\/\"},{\"@type\":\"ListItem\",\"position\":3,\"name\":\"Rudo plastiko PET buteliukas 200 ml talpos\"}]},{\"@type\":\"WebSite\",\"@id\":\"https:\/\/levandupieva.lt\/#website\",\"url\":\"https:\/\/levandupieva.lt\/\",\"name\":\"Levand\u0173 pieva\",\"description\":\"\",\"publisher\":{\"@id\":\"https:\/\/levandupieva.lt\/#organization\"},\"potentialAction\":[{\"@type\":\"SearchAction\",\"target\":{\"@type\":\"EntryPoint\",\"urlTemplate\":\"https:\/\/levandupieva.lt\/?s={search_term_string}\"},\"query-input\":{\"@type\":\"PropertyValueSpecification\",\"valueRequired\":true,\"valueName\":\"search_term_string\"}}],\"inLanguage\":\"en-GB\"},{\"@type\":\"Organization\",\"@id\":\"https:\/\/levandupieva.lt\/#organization\",\"name\":\"Levan\u0173 Pieva\",\"url\":\"https:\/\/levandupieva.lt\/\",\"logo\":{\"@type\":\"ImageObject\",\"inLanguage\":\"en-GB\",\"@id\":\"https:\/\/levandupieva.lt\/#\/schema\/logo\/image\/\",\"url\":\"https:\/\/levandupieva.lt\/wp-content\/uploads\/2021\/03\/cropped-logo-e1446013442350.png\",\"contentUrl\":\"https:\/\/levandupieva.lt\/wp-content\/uploads\/2021\/03\/cropped-logo-e1446013442350.png\",\"width\":654,\"height\":287,\"caption\":\"Levan\u0173 Pieva\"},\"image\":{\"@id\":\"https:\/\/levandupieva.lt\/#\/schema\/logo\/image\/\"},\"sameAs\":[\"https:\/\/www.facebook.com\/Levandupieva\"]}]}<\/script>\n<!-- \/ Yoast SEO plugin. -->","yoast_head_json":{"title":"Rudo plastiko PET buteliukas 200 ml talpos - Levand\u0173 pieva","robots":{"index":"index","follow":"follow","max-snippet":"max-snippet:-1","max-image-preview":"max-image-preview:large","max-video-preview":"max-video-preview:-1"},"canonical":"https:\/\/levandupieva.lt\/en\/product\/rudo-plastiko-pet-buteliukas\/","og_locale":"en_GB","og_type":"article","og_title":"Rudo plastiko PET buteliukas 200 ml talpos - Levand\u0173 pieva","og_description":"Rudas buteliukas 200 ml talpos, pagamintas i\u0161 PET plastiko (kakliuko sriegis 24\/410). Buteliuko skersmuo - 50 mm, auk\u0161tis - 130 mm. Puikiai tinka naudoti pur\u0161kiamiems nam\u0173 kvapams,\u00a0 kt. pana\u0161ios tekst\u016bros gaminiams.  Buteliukams tinka visi gaubteliai ir purk\u0161tukai, kuri\u0173 sriegis yra 24\/410. Gaubteliai ir purk\u0161tukai jiems parduodami atskirai.","og_url":"https:\/\/levandupieva.lt\/en\/product\/rudo-plastiko-pet-buteliukas\/","og_site_name":"Levand\u0173 pieva","article_publisher":"https:\/\/www.facebook.com\/Levandupieva","article_modified_time":"2025-08-24T19:21:08+00:00","og_image":[{"width":1080,"height":720,"url":"https:\/\/levandupieva.lt\/wp-content\/uploads\/2024\/02\/200-ml-plastikinis-butel.jpg","type":"image\/jpeg"}],"twitter_card":"summary_large_image","twitter_misc":{"Estimated reading time":"1 minute"},"schema":{"@context":"https:\/\/schema.org","@graph":[{"@type":"WebPage","@id":"https:\/\/levandupieva.lt\/produktas\/rudo-plastiko-pet-buteliukas\/","url":"https:\/\/levandupieva.lt\/produktas\/rudo-plastiko-pet-buteliukas\/","name":"Rudo plastiko PET buteliukas 200 ml talpos - Levand\u0173 pieva","isPartOf":{"@id":"https:\/\/levandupieva.lt\/#website"},"primaryImageOfPage":{"@id":"https:\/\/levandupieva.lt\/produktas\/rudo-plastiko-pet-buteliukas\/#primaryimage"},"image":{"@id":"https:\/\/levandupieva.lt\/produktas\/rudo-plastiko-pet-buteliukas\/#primaryimage"},"thumbnailUrl":"https:\/\/levandupieva.lt\/wp-content\/uploads\/2024\/02\/200-ml-plastikinis-butel.jpg","datePublished":"2024-02-28T08:43:09+00:00","dateModified":"2025-08-24T19:21:08+00:00","breadcrumb":{"@id":"https:\/\/levandupieva.lt\/produktas\/rudo-plastiko-pet-buteliukas\/#breadcrumb"},"inLanguage":"en-GB","potentialAction":[{"@type":"ReadAction","target":["https:\/\/levandupieva.lt\/produktas\/rudo-plastiko-pet-buteliukas\/"]}]},{"@type":"ImageObject","inLanguage":"en-GB","@id":"https:\/\/levandupieva.lt\/produktas\/rudo-plastiko-pet-buteliukas\/#primaryimage","url":"https:\/\/levandupieva.lt\/wp-content\/uploads\/2024\/02\/200-ml-plastikinis-butel.jpg","contentUrl":"https:\/\/levandupieva.lt\/wp-content\/uploads\/2024\/02\/200-ml-plastikinis-butel.jpg","width":1080,"height":720},{"@type":"BreadcrumbList","@id":"https:\/\/levandupieva.lt\/produktas\/rudo-plastiko-pet-buteliukas\/#breadcrumb","itemListElement":[{"@type":"ListItem","position":1,"name":"Home","item":"https:\/\/levandupieva.lt\/"},{"@type":"ListItem","position":2,"name":"Parduotuv\u0117","item":"https:\/\/levandupieva.lt\/parduotuve\/"},{"@type":"ListItem","position":3,"name":"Rudo plastiko PET buteliukas 200 ml talpos"}]},{"@type":"WebSite","@id":"https:\/\/levandupieva.lt\/#website","url":"https:\/\/levandupieva.lt\/","name":"Levand\u0173 pieva","description":"","publisher":{"@id":"https:\/\/levandupieva.lt\/#organization"},"potentialAction":[{"@type":"SearchAction","target":{"@type":"EntryPoint","urlTemplate":"https:\/\/levandupieva.lt\/?s={search_term_string}"},"query-input":{"@type":"PropertyValueSpecification","valueRequired":true,"valueName":"search_term_string"}}],"inLanguage":"en-GB"},{"@type":"Organization","@id":"https:\/\/levandupieva.lt\/#organization","name":"Levan\u0173 Pieva","url":"https:\/\/levandupieva.lt\/","logo":{"@type":"ImageObject","inLanguage":"en-GB","@id":"https:\/\/levandupieva.lt\/#\/schema\/logo\/image\/","url":"https:\/\/levandupieva.lt\/wp-content\/uploads\/2021\/03\/cropped-logo-e1446013442350.png","contentUrl":"https:\/\/levandupieva.lt\/wp-content\/uploads\/2021\/03\/cropped-logo-e1446013442350.png","width":654,"height":287,"caption":"Levan\u0173 Pieva"},"image":{"@id":"https:\/\/levandupieva.lt\/#\/schema\/logo\/image\/"},"sameAs":["https:\/\/www.facebook.com\/Levandupieva"]}]}},"_links":{"self":[{"href":"https:\/\/levandupieva.lt\/en\/wp-json\/wp\/v2\/product\/6041","targetHints":{"allow":["GET"]}}],"collection":[{"href":"https:\/\/levandupieva.lt\/en\/wp-json\/wp\/v2\/product"}],"about":[{"href":"https:\/\/levandupieva.lt\/en\/wp-json\/wp\/v2\/types\/product"}],"replies":[{"embeddable":true,"href":"https:\/\/levandupieva.lt\/en\/wp-json\/wp\/v2\/comments?post=6041"}],"wp:featuredmedia":[{"embeddable":true,"href":"https:\/\/levandupieva.lt\/en\/wp-json\/wp\/v2\/media\/6042"}],"wp:attachment":[{"href":"https:\/\/levandupieva.lt\/en\/wp-json\/wp\/v2\/media?parent=6041"}],"wp:term":[{"taxonomy":"product_brand","embeddable":true,"href":"https:\/\/levandupieva.lt\/en\/wp-json\/wp\/v2\/product_brand?post=6041"},{"taxonomy":"product_cat","embeddable":true,"href":"https:\/\/levandupieva.lt\/en\/wp-json\/wp\/v2\/product_cat?post=6041"},{"taxonomy":"product_tag","embeddable":true,"href":"https:\/\/levandupieva.lt\/en\/wp-json\/wp\/v2\/product_tag?post=6041"}],"curies":[{"name":"wp","href":"https:\/\/api.w.org\/{rel}","templated":true}]}}