{"id":6389,"date":"2024-06-16T09:00:41","date_gmt":"2024-06-16T09:00:41","guid":{"rendered":"https:\/\/levandupieva.lt\/?post_type=product&#038;p=6389"},"modified":"2026-04-10T11:20:50","modified_gmt":"2026-04-10T11:20:50","slug":"zalio-stiklo-indelis-be-dangtelio-30-ml-arba-50-ml-talpos","status":"publish","type":"product","link":"https:\/\/levandupieva.lt\/en\/product\/zalio-stiklo-indelis-be-dangtelio-30-ml-arba-50-ml-talpos\/","title":{"rendered":"\u017dalio stiklo indelis (be dangtelio) 30 ml arba 50 ml talpos"},"content":{"rendered":"<p><strong>D\u0117mesio! Jeigu reikalingas i\u0161ankstinis u\u017esakymas 50 ml \u017ealio stillo indeli\u0173 50 ml, pra\u0161ome kreiptis!\u00a0<\/strong><\/p>\n<p>\u017dalio stiklo indelis be dangtelio <strong>(dangtelius reikalinga u\u017esakyti atskirai,\u00a0 ie\u0161koti skiltyje \u201ePriedai tarai\u201d).<\/strong>. Puikiai tinka naudoti: kremams, \u017evaki\u0173 gamybai, kt. pana\u0161ios tekst\u016bros gaminiams.<\/p>\n<p>30 ml indeliams tinka aliumininis dangtelis, kodu: PR-18-30 arba juodo skaidraus plastiko dangtelis, kodu: PR-19-30.<\/p>\n<p>50 ml indeliams tinka aliumininis dangtelis, kodu: PR-18-50 arba juodo skaidraus plastiko dangtelis, kodu: PR-19-50.<\/p>\n<p>Galima taip pat atskirai \u012fsigyti \u201eSealed for Your Protection\u201d\u00a0 apsaugin\u012f \u012fd\u0117kl\u0105\u00a0 ant indelio (ie\u0161koti skiltyje \u201ePriedai tarai\u201d). 30 ml indeliams\u00a0 kodu PR-20-30, o 50 ml indeliams\u00a0 kodu: PR-20-50.<\/p>\n<p>30 ml talpos indelio auk\u0161tis \u2013 35 mm, skersmuo \u2013 50 mm.,<\/p>\n<p>50 ml talpos indelio auk\u0161tis \u2013 45mm, skersmuo \u2013 55 mm,<\/p>","protected":false},"excerpt":{"rendered":"<p><strong>D\u0117mesio! Jeigu reikalingas i\u0161ankstinis u\u017esakymas 50 ml \u017ealio stillo indeli\u0173 50 ml, pra\u0161ome kreiptis!\u00a0<\/strong><\/p>\n<p>\u017dalio stiklo indelis be dangtelio <strong>(dangtelius reikalinga u\u017esakyti atskirai,\u00a0 ie\u0161koti skiltyje \u201ePriedai tarai\u201d).<\/strong>. Puikiai tinka naudoti: kremams, \u017evaki\u0173 gamybai, kt. pana\u0161ios tekst\u016bros gaminiams.<\/p>\n<p>30 ml indeliams tinka aliumininis dangtelis, kodu: PR-18-30 arba juodo skaidraus plastiko dangtelis, kodu: PR-19-30.<\/p>\n<p>50 ml indeliams tinka aliumininis dangtelis, kodu: PR-18-50 arba juodo skaidraus plastiko dangtelis, kodu: PR-19-50.<\/p>\n<p>Galima taip pat atskirai \u012fsigyti \u201eSealed for Your Protection\u201d\u00a0 apsaugin\u012f \u012fd\u0117kl\u0105\u00a0 ant indelio (ie\u0161koti skiltyje \u201ePriedai tarai\u201d). 30 ml indeliams\u00a0 kodu PR-20-30, o 50 ml indeliams\u00a0 kodu: PR-20-50.<\/p>\n<p>30 ml talpos indelio auk\u0161tis \u2013 35 mm, skersmuo \u2013 50 mm.,<\/p>\n<p>50 ml talpos indelio auk\u0161tis \u2013 45mm, skersmuo \u2013 55 mm,<\/p>\n[embed]https:\/\/levandupieva.lt\/produktas\/juodi-dangteliai-melyno-arba-zalio-stiklo-indeliams-kremu-indeliai\/[\/embed]\n[embed]https:\/\/levandupieva.lt\/produktas\/aliumininis-dangtelis-melyno-arba-zalio-stiklo-indeliams-kremu-indeliai\/[\/embed]","protected":false},"featured_media":6397,"comment_status":"open","ping_status":"closed","template":"","meta":[],"product_brand":[],"product_cat":[69,73],"product_tag":[154],"class_list":{"0":"post-6389","1":"product","2":"type-product","3":"status-publish","4":"has-post-thumbnail","6":"product_cat-tara","7":"product_cat-stiklo-tara","8":"product_tag-melyno-stiklo-indelis-kremams","10":"first","11":"instock","12":"shipping-taxable","13":"purchasable","14":"product-type-variable","15":"has-default-attributes"},"yoast_head":"<!-- This site is optimized with the Yoast SEO plugin v24.8.1 - https:\/\/yoast.com\/wordpress\/plugins\/seo\/ -->\n<title>\u017dalio stiklo indelis (be dangtelio) 30 ml arba 50 ml talpos - Levand\u0173 pieva<\/title>\n<meta name=\"robots\" content=\"index, follow, max-snippet:-1, max-image-preview:large, max-video-preview:-1\" \/>\n<link rel=\"canonical\" href=\"https:\/\/levandupieva.lt\/en\/product\/zalio-stiklo-indelis-be-dangtelio-30-ml-arba-50-ml-talpos\/\" \/>\n<meta property=\"og:locale\" content=\"en_GB\" \/>\n<meta property=\"og:type\" content=\"article\" \/>\n<meta property=\"og:title\" content=\"\u017dalio stiklo indelis (be dangtelio) 30 ml arba 50 ml talpos - Levand\u0173 pieva\" \/>\n<meta property=\"og:description\" content=\"D\u0117mesio! Jeigu reikalingas i\u0161ankstinis u\u017esakymas 50 ml \u017ealio stillo indeli\u0173 50 ml, pra\u0161ome kreiptis!\u00a0  \u017dalio stiklo indelis be dangtelio (dangtelius reikalinga u\u017esakyti atskirai,\u00a0 ie\u0161koti skiltyje \u201ePriedai tarai\u201d).. Puikiai tinka naudoti: kremams, \u017evaki\u0173 gamybai, kt. pana\u0161ios tekst\u016bros gaminiams.  30 ml indeliams tinka aliumininis dangtelis, kodu: PR-18-30 arba juodo skaidraus plastiko dangtelis, kodu: PR-19-30.  50 ml indeliams tinka aliumininis dangtelis, kodu: PR-18-50 arba juodo skaidraus plastiko dangtelis, kodu: PR-19-50.  Galima taip pat atskirai \u012fsigyti \u201eSealed for Your Protection\u201d\u00a0 apsaugin\u012f \u012fd\u0117kl\u0105\u00a0 ant indelio (ie\u0161koti skiltyje \u201ePriedai tarai\u201d). 30 ml indeliams\u00a0 kodu PR-20-30, o 50 ml indeliams\u00a0 kodu: PR-20-50.  30 ml talpos indelio auk\u0161tis \u2013 35 mm, skersmuo \u2013 50 mm.,  50 ml talpos indelio auk\u0161tis \u2013 45mm, skersmuo \u2013 55 mm,\" \/>\n<meta property=\"og:url\" content=\"https:\/\/levandupieva.lt\/en\/product\/zalio-stiklo-indelis-be-dangtelio-30-ml-arba-50-ml-talpos\/\" \/>\n<meta property=\"og:site_name\" content=\"Levand\u0173 pieva\" \/>\n<meta property=\"article:publisher\" content=\"https:\/\/www.facebook.com\/Levandupieva\" \/>\n<meta property=\"article:modified_time\" content=\"2026-04-10T11:20:50+00:00\" \/>\n<meta property=\"og:image\" content=\"https:\/\/levandupieva.lt\/wp-content\/uploads\/2024\/06\/zali-30-ir-50-scaled.jpg\" \/>\n\t<meta property=\"og:image:width\" content=\"2181\" \/>\n\t<meta property=\"og:image:height\" content=\"2560\" \/>\n\t<meta property=\"og:image:type\" content=\"image\/jpeg\" \/>\n<meta name=\"twitter:card\" content=\"summary_large_image\" \/>\n<meta name=\"twitter:label1\" content=\"Estimated reading time\" \/>\n\t<meta name=\"twitter:data1\" content=\"1 minute\" \/>\n<script type=\"application\/ld+json\" class=\"yoast-schema-graph\">{\"@context\":\"https:\/\/schema.org\",\"@graph\":[{\"@type\":\"WebPage\",\"@id\":\"https:\/\/levandupieva.lt\/produktas\/zalio-stiklo-indelis-be-dangtelio-30-ml-arba-50-ml-talpos\/\",\"url\":\"https:\/\/levandupieva.lt\/produktas\/zalio-stiklo-indelis-be-dangtelio-30-ml-arba-50-ml-talpos\/\",\"name\":\"\u017dalio stiklo indelis (be dangtelio) 30 ml arba 50 ml talpos - Levand\u0173 pieva\",\"isPartOf\":{\"@id\":\"https:\/\/levandupieva.lt\/#website\"},\"primaryImageOfPage\":{\"@id\":\"https:\/\/levandupieva.lt\/produktas\/zalio-stiklo-indelis-be-dangtelio-30-ml-arba-50-ml-talpos\/#primaryimage\"},\"image\":{\"@id\":\"https:\/\/levandupieva.lt\/produktas\/zalio-stiklo-indelis-be-dangtelio-30-ml-arba-50-ml-talpos\/#primaryimage\"},\"thumbnailUrl\":\"https:\/\/levandupieva.lt\/wp-content\/uploads\/2024\/06\/zali-30-ir-50-scaled.jpg\",\"datePublished\":\"2024-06-16T09:00:41+00:00\",\"dateModified\":\"2026-04-10T11:20:50+00:00\",\"breadcrumb\":{\"@id\":\"https:\/\/levandupieva.lt\/produktas\/zalio-stiklo-indelis-be-dangtelio-30-ml-arba-50-ml-talpos\/#breadcrumb\"},\"inLanguage\":\"en-GB\",\"potentialAction\":[{\"@type\":\"ReadAction\",\"target\":[\"https:\/\/levandupieva.lt\/produktas\/zalio-stiklo-indelis-be-dangtelio-30-ml-arba-50-ml-talpos\/\"]}]},{\"@type\":\"ImageObject\",\"inLanguage\":\"en-GB\",\"@id\":\"https:\/\/levandupieva.lt\/produktas\/zalio-stiklo-indelis-be-dangtelio-30-ml-arba-50-ml-talpos\/#primaryimage\",\"url\":\"https:\/\/levandupieva.lt\/wp-content\/uploads\/2024\/06\/zali-30-ir-50-scaled.jpg\",\"contentUrl\":\"https:\/\/levandupieva.lt\/wp-content\/uploads\/2024\/06\/zali-30-ir-50-scaled.jpg\",\"width\":2181,\"height\":2560},{\"@type\":\"BreadcrumbList\",\"@id\":\"https:\/\/levandupieva.lt\/produktas\/zalio-stiklo-indelis-be-dangtelio-30-ml-arba-50-ml-talpos\/#breadcrumb\",\"itemListElement\":[{\"@type\":\"ListItem\",\"position\":1,\"name\":\"Home\",\"item\":\"https:\/\/levandupieva.lt\/\"},{\"@type\":\"ListItem\",\"position\":2,\"name\":\"Parduotuv\u0117\",\"item\":\"https:\/\/levandupieva.lt\/parduotuve\/\"},{\"@type\":\"ListItem\",\"position\":3,\"name\":\"\u017dalio stiklo indelis (be dangtelio) 30 ml arba 50 ml talpos\"}]},{\"@type\":\"WebSite\",\"@id\":\"https:\/\/levandupieva.lt\/#website\",\"url\":\"https:\/\/levandupieva.lt\/\",\"name\":\"Levand\u0173 pieva\",\"description\":\"\",\"publisher\":{\"@id\":\"https:\/\/levandupieva.lt\/#organization\"},\"potentialAction\":[{\"@type\":\"SearchAction\",\"target\":{\"@type\":\"EntryPoint\",\"urlTemplate\":\"https:\/\/levandupieva.lt\/?s={search_term_string}\"},\"query-input\":{\"@type\":\"PropertyValueSpecification\",\"valueRequired\":true,\"valueName\":\"search_term_string\"}}],\"inLanguage\":\"en-GB\"},{\"@type\":\"Organization\",\"@id\":\"https:\/\/levandupieva.lt\/#organization\",\"name\":\"Levan\u0173 Pieva\",\"url\":\"https:\/\/levandupieva.lt\/\",\"logo\":{\"@type\":\"ImageObject\",\"inLanguage\":\"en-GB\",\"@id\":\"https:\/\/levandupieva.lt\/#\/schema\/logo\/image\/\",\"url\":\"https:\/\/levandupieva.lt\/wp-content\/uploads\/2021\/03\/cropped-logo-e1446013442350.png\",\"contentUrl\":\"https:\/\/levandupieva.lt\/wp-content\/uploads\/2021\/03\/cropped-logo-e1446013442350.png\",\"width\":654,\"height\":287,\"caption\":\"Levan\u0173 Pieva\"},\"image\":{\"@id\":\"https:\/\/levandupieva.lt\/#\/schema\/logo\/image\/\"},\"sameAs\":[\"https:\/\/www.facebook.com\/Levandupieva\"]}]}<\/script>\n<!-- \/ Yoast SEO plugin. -->","yoast_head_json":{"title":"\u017dalio stiklo indelis (be dangtelio) 30 ml arba 50 ml talpos - Levand\u0173 pieva","robots":{"index":"index","follow":"follow","max-snippet":"max-snippet:-1","max-image-preview":"max-image-preview:large","max-video-preview":"max-video-preview:-1"},"canonical":"https:\/\/levandupieva.lt\/en\/product\/zalio-stiklo-indelis-be-dangtelio-30-ml-arba-50-ml-talpos\/","og_locale":"en_GB","og_type":"article","og_title":"\u017dalio stiklo indelis (be dangtelio) 30 ml arba 50 ml talpos - Levand\u0173 pieva","og_description":"D\u0117mesio! Jeigu reikalingas i\u0161ankstinis u\u017esakymas 50 ml \u017ealio stillo indeli\u0173 50 ml, pra\u0161ome kreiptis!\u00a0  \u017dalio stiklo indelis be dangtelio (dangtelius reikalinga u\u017esakyti atskirai,\u00a0 ie\u0161koti skiltyje \u201ePriedai tarai\u201d).. Puikiai tinka naudoti: kremams, \u017evaki\u0173 gamybai, kt. pana\u0161ios tekst\u016bros gaminiams.  30 ml indeliams tinka aliumininis dangtelis, kodu: PR-18-30 arba juodo skaidraus plastiko dangtelis, kodu: PR-19-30.  50 ml indeliams tinka aliumininis dangtelis, kodu: PR-18-50 arba juodo skaidraus plastiko dangtelis, kodu: PR-19-50.  Galima taip pat atskirai \u012fsigyti \u201eSealed for Your Protection\u201d\u00a0 apsaugin\u012f \u012fd\u0117kl\u0105\u00a0 ant indelio (ie\u0161koti skiltyje \u201ePriedai tarai\u201d). 30 ml indeliams\u00a0 kodu PR-20-30, o 50 ml indeliams\u00a0 kodu: PR-20-50.  30 ml talpos indelio auk\u0161tis \u2013 35 mm, skersmuo \u2013 50 mm.,  50 ml talpos indelio auk\u0161tis \u2013 45mm, skersmuo \u2013 55 mm,","og_url":"https:\/\/levandupieva.lt\/en\/product\/zalio-stiklo-indelis-be-dangtelio-30-ml-arba-50-ml-talpos\/","og_site_name":"Levand\u0173 pieva","article_publisher":"https:\/\/www.facebook.com\/Levandupieva","article_modified_time":"2026-04-10T11:20:50+00:00","og_image":[{"width":2181,"height":2560,"url":"https:\/\/levandupieva.lt\/wp-content\/uploads\/2024\/06\/zali-30-ir-50-scaled.jpg","type":"image\/jpeg"}],"twitter_card":"summary_large_image","twitter_misc":{"Estimated reading time":"1 minute"},"schema":{"@context":"https:\/\/schema.org","@graph":[{"@type":"WebPage","@id":"https:\/\/levandupieva.lt\/produktas\/zalio-stiklo-indelis-be-dangtelio-30-ml-arba-50-ml-talpos\/","url":"https:\/\/levandupieva.lt\/produktas\/zalio-stiklo-indelis-be-dangtelio-30-ml-arba-50-ml-talpos\/","name":"\u017dalio stiklo indelis (be dangtelio) 30 ml arba 50 ml talpos - Levand\u0173 pieva","isPartOf":{"@id":"https:\/\/levandupieva.lt\/#website"},"primaryImageOfPage":{"@id":"https:\/\/levandupieva.lt\/produktas\/zalio-stiklo-indelis-be-dangtelio-30-ml-arba-50-ml-talpos\/#primaryimage"},"image":{"@id":"https:\/\/levandupieva.lt\/produktas\/zalio-stiklo-indelis-be-dangtelio-30-ml-arba-50-ml-talpos\/#primaryimage"},"thumbnailUrl":"https:\/\/levandupieva.lt\/wp-content\/uploads\/2024\/06\/zali-30-ir-50-scaled.jpg","datePublished":"2024-06-16T09:00:41+00:00","dateModified":"2026-04-10T11:20:50+00:00","breadcrumb":{"@id":"https:\/\/levandupieva.lt\/produktas\/zalio-stiklo-indelis-be-dangtelio-30-ml-arba-50-ml-talpos\/#breadcrumb"},"inLanguage":"en-GB","potentialAction":[{"@type":"ReadAction","target":["https:\/\/levandupieva.lt\/produktas\/zalio-stiklo-indelis-be-dangtelio-30-ml-arba-50-ml-talpos\/"]}]},{"@type":"ImageObject","inLanguage":"en-GB","@id":"https:\/\/levandupieva.lt\/produktas\/zalio-stiklo-indelis-be-dangtelio-30-ml-arba-50-ml-talpos\/#primaryimage","url":"https:\/\/levandupieva.lt\/wp-content\/uploads\/2024\/06\/zali-30-ir-50-scaled.jpg","contentUrl":"https:\/\/levandupieva.lt\/wp-content\/uploads\/2024\/06\/zali-30-ir-50-scaled.jpg","width":2181,"height":2560},{"@type":"BreadcrumbList","@id":"https:\/\/levandupieva.lt\/produktas\/zalio-stiklo-indelis-be-dangtelio-30-ml-arba-50-ml-talpos\/#breadcrumb","itemListElement":[{"@type":"ListItem","position":1,"name":"Home","item":"https:\/\/levandupieva.lt\/"},{"@type":"ListItem","position":2,"name":"Parduotuv\u0117","item":"https:\/\/levandupieva.lt\/parduotuve\/"},{"@type":"ListItem","position":3,"name":"\u017dalio stiklo indelis (be dangtelio) 30 ml arba 50 ml talpos"}]},{"@type":"WebSite","@id":"https:\/\/levandupieva.lt\/#website","url":"https:\/\/levandupieva.lt\/","name":"Levand\u0173 pieva","description":"","publisher":{"@id":"https:\/\/levandupieva.lt\/#organization"},"potentialAction":[{"@type":"SearchAction","target":{"@type":"EntryPoint","urlTemplate":"https:\/\/levandupieva.lt\/?s={search_term_string}"},"query-input":{"@type":"PropertyValueSpecification","valueRequired":true,"valueName":"search_term_string"}}],"inLanguage":"en-GB"},{"@type":"Organization","@id":"https:\/\/levandupieva.lt\/#organization","name":"Levan\u0173 Pieva","url":"https:\/\/levandupieva.lt\/","logo":{"@type":"ImageObject","inLanguage":"en-GB","@id":"https:\/\/levandupieva.lt\/#\/schema\/logo\/image\/","url":"https:\/\/levandupieva.lt\/wp-content\/uploads\/2021\/03\/cropped-logo-e1446013442350.png","contentUrl":"https:\/\/levandupieva.lt\/wp-content\/uploads\/2021\/03\/cropped-logo-e1446013442350.png","width":654,"height":287,"caption":"Levan\u0173 Pieva"},"image":{"@id":"https:\/\/levandupieva.lt\/#\/schema\/logo\/image\/"},"sameAs":["https:\/\/www.facebook.com\/Levandupieva"]}]}},"_links":{"self":[{"href":"https:\/\/levandupieva.lt\/en\/wp-json\/wp\/v2\/product\/6389","targetHints":{"allow":["GET"]}}],"collection":[{"href":"https:\/\/levandupieva.lt\/en\/wp-json\/wp\/v2\/product"}],"about":[{"href":"https:\/\/levandupieva.lt\/en\/wp-json\/wp\/v2\/types\/product"}],"replies":[{"embeddable":true,"href":"https:\/\/levandupieva.lt\/en\/wp-json\/wp\/v2\/comments?post=6389"}],"wp:featuredmedia":[{"embeddable":true,"href":"https:\/\/levandupieva.lt\/en\/wp-json\/wp\/v2\/media\/6397"}],"wp:attachment":[{"href":"https:\/\/levandupieva.lt\/en\/wp-json\/wp\/v2\/media?parent=6389"}],"wp:term":[{"taxonomy":"product_brand","embeddable":true,"href":"https:\/\/levandupieva.lt\/en\/wp-json\/wp\/v2\/product_brand?post=6389"},{"taxonomy":"product_cat","embeddable":true,"href":"https:\/\/levandupieva.lt\/en\/wp-json\/wp\/v2\/product_cat?post=6389"},{"taxonomy":"product_tag","embeddable":true,"href":"https:\/\/levandupieva.lt\/en\/wp-json\/wp\/v2\/product_tag?post=6389"}],"curies":[{"name":"wp","href":"https:\/\/api.w.org\/{rel}","templated":true}]}}