{"id":6408,"date":"2024-06-17T12:25:39","date_gmt":"2024-06-17T12:25:39","guid":{"rendered":"https:\/\/levandupieva.lt\/?post_type=product&#038;p=6408"},"modified":"2026-04-10T11:21:13","modified_gmt":"2026-04-10T11:21:13","slug":"juodi-dangteliai-melyno-arba-zalio-stiklo-indeliams-kremu-indeliai","status":"publish","type":"product","link":"https:\/\/levandupieva.lt\/en\/product\/juodi-dangteliai-melyno-arba-zalio-stiklo-indeliams-kremu-indeliai\/","title":{"rendered":"Juodi plastikiniai dangteliai m\u0117lyno arba \u017ealio stiklo indeliams (20ml\/30ml\/50ml\/100ml)"},"content":{"rendered":"<p>Juodi plastikiniai blizg\u016bs dangteliai su tarpin\u0117mis, tinkantys m\u016bs\u0173 si\u016blomiems n\u0117lyno ir \u017ealio stiklo indeliams\u00a0 20\/ 30 ir 50 ml talpos (krem\u0173 indeliai)<\/p>\n<p>Indeli\u0173 tipas ir jam tinkantis dangtelis:<\/p>\n<p>20 ml indeliams &#8211; dangtelis 20 ml (kodas PR-19-20), diametras dangtelio vir\u0161aus 41 \u00b1 0,4mm,<\/p>\n<p>30 ml indeliams &#8211; dangtelis 30 ml (kodas PR-19-30), diametras dangtelio vir\u0161aus 46,3 \u00b1 0,3mm,<\/p>\n<p>50 ml indeliams &#8211; dangtelis 50 ml (kodas PR-19-50), diametras dangtelio vir\u0161aus 42,5 \u00b1 0,8mm,<\/p>\n<p>100 ml indeliams &#8211; dangtelis 50 ml (kodas PR-19-50), diametras dangtelio vir\u0161aus 64 \u00b1 0,7mm.<\/p>","protected":false},"excerpt":{"rendered":"<p>Juodi plastikiniai blizg\u016bs dangteliai su tarpin\u0117mis, tinkantys m\u016bs\u0173 si\u016blomiems n\u0117lyno ir \u017ealio stiklo indeliams\u00a0 20\/ 30 ir 50 ml talpos (krem\u0173 indeliai)<\/p>\n<p>Indeli\u0173 tipas ir jam tinkantis dangtelis:<\/p>\n<p>20 ml indeliams &#8211; dangtelis 20 ml (kodas PR-19-20), diametras dangtelio vir\u0161aus 41 \u00b1 0,4mm,<\/p>\n<p>30 ml indeliams &#8211; dangtelis 30 ml (kodas PR-19-30), diametras dangtelio vir\u0161aus 46,3 \u00b1 0,3mm,<\/p>\n<p>50 ml indeliams &#8211; dangtelis 50 ml (kodas PR-19-50), diametras dangtelio vir\u0161aus 42,5 \u00b1 0,8mm,<\/p>\n<p>100 ml indeliams &#8211; dangtelis 50 ml (kodas PR-19-50), diametras dangtelio vir\u0161aus 64 \u00b1 0,7mm.<\/p>","protected":false},"featured_media":7351,"comment_status":"open","ping_status":"closed","template":"","meta":[],"product_brand":[],"product_cat":[69,78],"product_tag":[201],"class_list":{"0":"post-6408","1":"product","2":"type-product","3":"status-publish","4":"has-post-thumbnail","6":"product_cat-tara","7":"product_cat-priedai-tarai","8":"product_tag-kremu-indeliai","10":"first","11":"instock","12":"shipping-taxable","13":"purchasable","14":"product-type-variable","15":"has-default-attributes"},"yoast_head":"<!-- This site is optimized with the Yoast SEO plugin v24.8.1 - https:\/\/yoast.com\/wordpress\/plugins\/seo\/ -->\n<title>Juodi plastikiniai dangteliai m\u0117lyno arba \u017ealio stiklo indeliams (20ml\/30ml\/50ml\/100ml) - Levand\u0173 pieva<\/title>\n<meta name=\"robots\" content=\"index, follow, max-snippet:-1, max-image-preview:large, max-video-preview:-1\" \/>\n<link rel=\"canonical\" href=\"https:\/\/levandupieva.lt\/en\/product\/juodi-dangteliai-melyno-arba-zalio-stiklo-indeliams-kremu-indeliai\/\" \/>\n<meta property=\"og:locale\" content=\"en_GB\" \/>\n<meta property=\"og:type\" content=\"article\" \/>\n<meta property=\"og:title\" content=\"Juodi plastikiniai dangteliai m\u0117lyno arba \u017ealio stiklo indeliams (20ml\/30ml\/50ml\/100ml) - Levand\u0173 pieva\" \/>\n<meta property=\"og:description\" content=\"Juodi plastikiniai blizg\u016bs dangteliai su tarpin\u0117mis, tinkantys m\u016bs\u0173 si\u016blomiems n\u0117lyno ir \u017ealio stiklo indeliams\u00a0 20\/ 30 ir 50 ml talpos (krem\u0173 indeliai)  Indeli\u0173 tipas ir jam tinkantis dangtelis:  20 ml indeliams - dangtelis 20 ml (kodas PR-19-20), diametras dangtelio vir\u0161aus 41 \u00b1 0,4mm,  30 ml indeliams - dangtelis 30 ml (kodas PR-19-30), diametras dangtelio vir\u0161aus 46,3 \u00b1 0,3mm,  50 ml indeliams - dangtelis 50 ml (kodas PR-19-50), diametras dangtelio vir\u0161aus 42,5 \u00b1 0,8mm,  100 ml indeliams - dangtelis 50 ml (kodas PR-19-50), diametras dangtelio vir\u0161aus 64 \u00b1 0,7mm.\" \/>\n<meta property=\"og:url\" content=\"https:\/\/levandupieva.lt\/en\/product\/juodi-dangteliai-melyno-arba-zalio-stiklo-indeliams-kremu-indeliai\/\" \/>\n<meta property=\"og:site_name\" content=\"Levand\u0173 pieva\" \/>\n<meta property=\"article:publisher\" content=\"https:\/\/www.facebook.com\/Levandupieva\" \/>\n<meta property=\"article:modified_time\" content=\"2026-04-10T11:21:13+00:00\" \/>\n<meta property=\"og:image\" content=\"https:\/\/levandupieva.lt\/wp-content\/uploads\/2024\/06\/IMG_5384-scaled.jpg\" \/>\n\t<meta property=\"og:image:width\" content=\"2560\" \/>\n\t<meta property=\"og:image:height\" content=\"1920\" \/>\n\t<meta property=\"og:image:type\" content=\"image\/jpeg\" \/>\n<meta name=\"twitter:card\" content=\"summary_large_image\" \/>\n<meta name=\"twitter:label1\" content=\"Estimated reading time\" \/>\n\t<meta name=\"twitter:data1\" content=\"1 minute\" \/>\n<script type=\"application\/ld+json\" class=\"yoast-schema-graph\">{\"@context\":\"https:\/\/schema.org\",\"@graph\":[{\"@type\":\"WebPage\",\"@id\":\"https:\/\/levandupieva.lt\/produktas\/juodi-dangteliai-melyno-arba-zalio-stiklo-indeliams-kremu-indeliai\/\",\"url\":\"https:\/\/levandupieva.lt\/produktas\/juodi-dangteliai-melyno-arba-zalio-stiklo-indeliams-kremu-indeliai\/\",\"name\":\"Juodi plastikiniai dangteliai m\u0117lyno arba \u017ealio stiklo indeliams (20ml\/30ml\/50ml\/100ml) - Levand\u0173 pieva\",\"isPartOf\":{\"@id\":\"https:\/\/levandupieva.lt\/#website\"},\"primaryImageOfPage\":{\"@id\":\"https:\/\/levandupieva.lt\/produktas\/juodi-dangteliai-melyno-arba-zalio-stiklo-indeliams-kremu-indeliai\/#primaryimage\"},\"image\":{\"@id\":\"https:\/\/levandupieva.lt\/produktas\/juodi-dangteliai-melyno-arba-zalio-stiklo-indeliams-kremu-indeliai\/#primaryimage\"},\"thumbnailUrl\":\"https:\/\/levandupieva.lt\/wp-content\/uploads\/2024\/06\/IMG_5384-scaled.jpg\",\"datePublished\":\"2024-06-17T12:25:39+00:00\",\"dateModified\":\"2026-04-10T11:21:13+00:00\",\"breadcrumb\":{\"@id\":\"https:\/\/levandupieva.lt\/produktas\/juodi-dangteliai-melyno-arba-zalio-stiklo-indeliams-kremu-indeliai\/#breadcrumb\"},\"inLanguage\":\"en-GB\",\"potentialAction\":[{\"@type\":\"ReadAction\",\"target\":[\"https:\/\/levandupieva.lt\/produktas\/juodi-dangteliai-melyno-arba-zalio-stiklo-indeliams-kremu-indeliai\/\"]}]},{\"@type\":\"ImageObject\",\"inLanguage\":\"en-GB\",\"@id\":\"https:\/\/levandupieva.lt\/produktas\/juodi-dangteliai-melyno-arba-zalio-stiklo-indeliams-kremu-indeliai\/#primaryimage\",\"url\":\"https:\/\/levandupieva.lt\/wp-content\/uploads\/2024\/06\/IMG_5384-scaled.jpg\",\"contentUrl\":\"https:\/\/levandupieva.lt\/wp-content\/uploads\/2024\/06\/IMG_5384-scaled.jpg\",\"width\":2560,\"height\":1920},{\"@type\":\"BreadcrumbList\",\"@id\":\"https:\/\/levandupieva.lt\/produktas\/juodi-dangteliai-melyno-arba-zalio-stiklo-indeliams-kremu-indeliai\/#breadcrumb\",\"itemListElement\":[{\"@type\":\"ListItem\",\"position\":1,\"name\":\"Home\",\"item\":\"https:\/\/levandupieva.lt\/\"},{\"@type\":\"ListItem\",\"position\":2,\"name\":\"Parduotuv\u0117\",\"item\":\"https:\/\/levandupieva.lt\/parduotuve\/\"},{\"@type\":\"ListItem\",\"position\":3,\"name\":\"Juodi plastikiniai dangteliai m\u0117lyno arba \u017ealio stiklo indeliams (20ml\/30ml\/50ml\/100ml)\"}]},{\"@type\":\"WebSite\",\"@id\":\"https:\/\/levandupieva.lt\/#website\",\"url\":\"https:\/\/levandupieva.lt\/\",\"name\":\"Levand\u0173 pieva\",\"description\":\"\",\"publisher\":{\"@id\":\"https:\/\/levandupieva.lt\/#organization\"},\"potentialAction\":[{\"@type\":\"SearchAction\",\"target\":{\"@type\":\"EntryPoint\",\"urlTemplate\":\"https:\/\/levandupieva.lt\/?s={search_term_string}\"},\"query-input\":{\"@type\":\"PropertyValueSpecification\",\"valueRequired\":true,\"valueName\":\"search_term_string\"}}],\"inLanguage\":\"en-GB\"},{\"@type\":\"Organization\",\"@id\":\"https:\/\/levandupieva.lt\/#organization\",\"name\":\"Levan\u0173 Pieva\",\"url\":\"https:\/\/levandupieva.lt\/\",\"logo\":{\"@type\":\"ImageObject\",\"inLanguage\":\"en-GB\",\"@id\":\"https:\/\/levandupieva.lt\/#\/schema\/logo\/image\/\",\"url\":\"https:\/\/levandupieva.lt\/wp-content\/uploads\/2021\/03\/cropped-logo-e1446013442350.png\",\"contentUrl\":\"https:\/\/levandupieva.lt\/wp-content\/uploads\/2021\/03\/cropped-logo-e1446013442350.png\",\"width\":654,\"height\":287,\"caption\":\"Levan\u0173 Pieva\"},\"image\":{\"@id\":\"https:\/\/levandupieva.lt\/#\/schema\/logo\/image\/\"},\"sameAs\":[\"https:\/\/www.facebook.com\/Levandupieva\"]}]}<\/script>\n<!-- \/ Yoast SEO plugin. -->","yoast_head_json":{"title":"Juodi plastikiniai dangteliai m\u0117lyno arba \u017ealio stiklo indeliams (20ml\/30ml\/50ml\/100ml) - Levand\u0173 pieva","robots":{"index":"index","follow":"follow","max-snippet":"max-snippet:-1","max-image-preview":"max-image-preview:large","max-video-preview":"max-video-preview:-1"},"canonical":"https:\/\/levandupieva.lt\/en\/product\/juodi-dangteliai-melyno-arba-zalio-stiklo-indeliams-kremu-indeliai\/","og_locale":"en_GB","og_type":"article","og_title":"Juodi plastikiniai dangteliai m\u0117lyno arba \u017ealio stiklo indeliams (20ml\/30ml\/50ml\/100ml) - Levand\u0173 pieva","og_description":"Juodi plastikiniai blizg\u016bs dangteliai su tarpin\u0117mis, tinkantys m\u016bs\u0173 si\u016blomiems n\u0117lyno ir \u017ealio stiklo indeliams\u00a0 20\/ 30 ir 50 ml talpos (krem\u0173 indeliai)  Indeli\u0173 tipas ir jam tinkantis dangtelis:  20 ml indeliams - dangtelis 20 ml (kodas PR-19-20), diametras dangtelio vir\u0161aus 41 \u00b1 0,4mm,  30 ml indeliams - dangtelis 30 ml (kodas PR-19-30), diametras dangtelio vir\u0161aus 46,3 \u00b1 0,3mm,  50 ml indeliams - dangtelis 50 ml (kodas PR-19-50), diametras dangtelio vir\u0161aus 42,5 \u00b1 0,8mm,  100 ml indeliams - dangtelis 50 ml (kodas PR-19-50), diametras dangtelio vir\u0161aus 64 \u00b1 0,7mm.","og_url":"https:\/\/levandupieva.lt\/en\/product\/juodi-dangteliai-melyno-arba-zalio-stiklo-indeliams-kremu-indeliai\/","og_site_name":"Levand\u0173 pieva","article_publisher":"https:\/\/www.facebook.com\/Levandupieva","article_modified_time":"2026-04-10T11:21:13+00:00","og_image":[{"width":2560,"height":1920,"url":"https:\/\/levandupieva.lt\/wp-content\/uploads\/2024\/06\/IMG_5384-scaled.jpg","type":"image\/jpeg"}],"twitter_card":"summary_large_image","twitter_misc":{"Estimated reading time":"1 minute"},"schema":{"@context":"https:\/\/schema.org","@graph":[{"@type":"WebPage","@id":"https:\/\/levandupieva.lt\/produktas\/juodi-dangteliai-melyno-arba-zalio-stiklo-indeliams-kremu-indeliai\/","url":"https:\/\/levandupieva.lt\/produktas\/juodi-dangteliai-melyno-arba-zalio-stiklo-indeliams-kremu-indeliai\/","name":"Juodi plastikiniai dangteliai m\u0117lyno arba \u017ealio stiklo indeliams (20ml\/30ml\/50ml\/100ml) - Levand\u0173 pieva","isPartOf":{"@id":"https:\/\/levandupieva.lt\/#website"},"primaryImageOfPage":{"@id":"https:\/\/levandupieva.lt\/produktas\/juodi-dangteliai-melyno-arba-zalio-stiklo-indeliams-kremu-indeliai\/#primaryimage"},"image":{"@id":"https:\/\/levandupieva.lt\/produktas\/juodi-dangteliai-melyno-arba-zalio-stiklo-indeliams-kremu-indeliai\/#primaryimage"},"thumbnailUrl":"https:\/\/levandupieva.lt\/wp-content\/uploads\/2024\/06\/IMG_5384-scaled.jpg","datePublished":"2024-06-17T12:25:39+00:00","dateModified":"2026-04-10T11:21:13+00:00","breadcrumb":{"@id":"https:\/\/levandupieva.lt\/produktas\/juodi-dangteliai-melyno-arba-zalio-stiklo-indeliams-kremu-indeliai\/#breadcrumb"},"inLanguage":"en-GB","potentialAction":[{"@type":"ReadAction","target":["https:\/\/levandupieva.lt\/produktas\/juodi-dangteliai-melyno-arba-zalio-stiklo-indeliams-kremu-indeliai\/"]}]},{"@type":"ImageObject","inLanguage":"en-GB","@id":"https:\/\/levandupieva.lt\/produktas\/juodi-dangteliai-melyno-arba-zalio-stiklo-indeliams-kremu-indeliai\/#primaryimage","url":"https:\/\/levandupieva.lt\/wp-content\/uploads\/2024\/06\/IMG_5384-scaled.jpg","contentUrl":"https:\/\/levandupieva.lt\/wp-content\/uploads\/2024\/06\/IMG_5384-scaled.jpg","width":2560,"height":1920},{"@type":"BreadcrumbList","@id":"https:\/\/levandupieva.lt\/produktas\/juodi-dangteliai-melyno-arba-zalio-stiklo-indeliams-kremu-indeliai\/#breadcrumb","itemListElement":[{"@type":"ListItem","position":1,"name":"Home","item":"https:\/\/levandupieva.lt\/"},{"@type":"ListItem","position":2,"name":"Parduotuv\u0117","item":"https:\/\/levandupieva.lt\/parduotuve\/"},{"@type":"ListItem","position":3,"name":"Juodi plastikiniai dangteliai m\u0117lyno arba \u017ealio stiklo indeliams (20ml\/30ml\/50ml\/100ml)"}]},{"@type":"WebSite","@id":"https:\/\/levandupieva.lt\/#website","url":"https:\/\/levandupieva.lt\/","name":"Levand\u0173 pieva","description":"","publisher":{"@id":"https:\/\/levandupieva.lt\/#organization"},"potentialAction":[{"@type":"SearchAction","target":{"@type":"EntryPoint","urlTemplate":"https:\/\/levandupieva.lt\/?s={search_term_string}"},"query-input":{"@type":"PropertyValueSpecification","valueRequired":true,"valueName":"search_term_string"}}],"inLanguage":"en-GB"},{"@type":"Organization","@id":"https:\/\/levandupieva.lt\/#organization","name":"Levan\u0173 Pieva","url":"https:\/\/levandupieva.lt\/","logo":{"@type":"ImageObject","inLanguage":"en-GB","@id":"https:\/\/levandupieva.lt\/#\/schema\/logo\/image\/","url":"https:\/\/levandupieva.lt\/wp-content\/uploads\/2021\/03\/cropped-logo-e1446013442350.png","contentUrl":"https:\/\/levandupieva.lt\/wp-content\/uploads\/2021\/03\/cropped-logo-e1446013442350.png","width":654,"height":287,"caption":"Levan\u0173 Pieva"},"image":{"@id":"https:\/\/levandupieva.lt\/#\/schema\/logo\/image\/"},"sameAs":["https:\/\/www.facebook.com\/Levandupieva"]}]}},"_links":{"self":[{"href":"https:\/\/levandupieva.lt\/en\/wp-json\/wp\/v2\/product\/6408","targetHints":{"allow":["GET"]}}],"collection":[{"href":"https:\/\/levandupieva.lt\/en\/wp-json\/wp\/v2\/product"}],"about":[{"href":"https:\/\/levandupieva.lt\/en\/wp-json\/wp\/v2\/types\/product"}],"replies":[{"embeddable":true,"href":"https:\/\/levandupieva.lt\/en\/wp-json\/wp\/v2\/comments?post=6408"}],"wp:featuredmedia":[{"embeddable":true,"href":"https:\/\/levandupieva.lt\/en\/wp-json\/wp\/v2\/media\/7351"}],"wp:attachment":[{"href":"https:\/\/levandupieva.lt\/en\/wp-json\/wp\/v2\/media?parent=6408"}],"wp:term":[{"taxonomy":"product_brand","embeddable":true,"href":"https:\/\/levandupieva.lt\/en\/wp-json\/wp\/v2\/product_brand?post=6408"},{"taxonomy":"product_cat","embeddable":true,"href":"https:\/\/levandupieva.lt\/en\/wp-json\/wp\/v2\/product_cat?post=6408"},{"taxonomy":"product_tag","embeddable":true,"href":"https:\/\/levandupieva.lt\/en\/wp-json\/wp\/v2\/product_tag?post=6408"}],"curies":[{"name":"wp","href":"https:\/\/api.w.org\/{rel}","templated":true}]}}