{"id":6637,"date":"2024-08-21T06:21:01","date_gmt":"2024-08-21T06:21:01","guid":{"rendered":"https:\/\/levandupieva.lt\/?post_type=product&#038;p=6637"},"modified":"2026-04-07T08:04:47","modified_gmt":"2026-04-07T08:04:47","slug":"levandu-ziedai-dziovinti-lietuviski","status":"publish","type":"product","link":"https:\/\/levandupieva.lt\/en\/product\/levandu-ziedai-dziovinti-lietuviski\/","title":{"rendered":"Levand\u0173 \u017eiedai d\u017eiovinti (lietuvi\u0161ki)"},"content":{"rendered":"<p>Tikrosos levandos (lot. Lavandula angustifolia) \u017eiedai i\u0161 lietuvi\u0161kos levand\u0173 pievos, malonaus \u0161velnaus kvapo. Puikiai tinka arbatai, \u0161i arbata turi raminam\u0105j\u012f poveik\u012f, padeda atsipalaiduoti ir pagerinti nuotaik\u0105, padeda gerinti miego kokyb\u0119, levand\u0173 arbata gali pad\u0117ti suma\u017einti vir\u0161kinimo sutrikimus, tokius kaip pilvo p\u016btimas, spazmai ar dujos, taip pat gali pad\u0117ti nuraminti sudirgusi\u0105 skrand\u017eio gleivin\u0119, gali pad\u0117ti palengvinti galvos skausm\u0105, stiprinti imunin\u0119 sistem\u0105.<\/p>\n<p>Levandos taip pat naudojamos kaip prieskonis \u012f pada\u017eus, sriubas, \u017euvies, pauk\u0161tienos, avienos ar dar\u017eovi\u0173 patiekalus bei desertus.\u00a0 Svarbiausia, nepadauginti. Tinka kvapiesiems mai\u0161eliams pripildyti, puo\u0161ti muilus ir pan.<\/p>","protected":false},"excerpt":{"rendered":"<p>Tikrosos levandos <em>(lot. Lavandula angustifolia)<\/em> \u017eiedai i\u0161 lietuvi\u0161kos levand\u0173 pievos, malonaus \u0161velnaus kvapo. Puikiai tinka arbatai, \u0161i arbata turi raminam\u0105j\u012f poveik\u012f, padeda atsipalaiduoti ir pagerinti nuotaik\u0105, padeda gerinti miego kokyb\u0119, levand\u0173 arbata gali pad\u0117ti suma\u017einti vir\u0161kinimo sutrikimus, tokius kaip pilvo p\u016btimas, spazmai ar dujos, taip pat gali pad\u0117ti nuraminti sudirgusi\u0105 skrand\u017eio gleivin\u0119, gali pad\u0117ti palengvinti galvos skausm\u0105, stiprinti imunin\u0119 sistem\u0105.<\/p>\n<p>Levandos taip pat naudojamos kaip prieskonis \u012f pada\u017eus, sriubas, \u017euvies, pauk\u0161tienos, avienos ar dar\u017eovi\u0173 patiekalus bei desertus.\u00a0 Svarbiausia, nepadauginti. Tinka kvapiesiems mai\u0161eliams pripildyti, puo\u0161ti muilus ir pan.<\/p>","protected":false},"featured_media":6641,"comment_status":"open","ping_status":"closed","template":"","meta":[],"product_brand":[],"product_cat":[70],"product_tag":[],"class_list":{"0":"post-6637","1":"product","2":"type-product","3":"status-publish","4":"has-post-thumbnail","6":"product_cat-zaliava","8":"first","9":"outofstock","10":"shipping-taxable","11":"purchasable","12":"product-type-variable","13":"has-default-attributes"},"yoast_head":"<!-- This site is optimized with the Yoast SEO plugin v24.8.1 - https:\/\/yoast.com\/wordpress\/plugins\/seo\/ -->\n<title>Levand\u0173 \u017eiedai d\u017eiovinti (lietuvi\u0161ki) - Levand\u0173 pieva<\/title>\n<meta name=\"description\" content=\"Tikrosos levandos (lot. Lavandula angustifolia) \u017eiedai i\u0161 lietuvi\u0161kos levand\u0173 pievos, malonaus \u0161velnaus kvapo. Puikiai tinka arbatai, \u0161i arbata turi raminam\u0105j\u012f poveik\u012f, padeda atsipalaiduoti ir pagerinti nuotaik\u0105, padeda gerinti miego kokyb\u0119, levand\u0173 arbata gali pad\u0117ti suma\u017einti vir\u0161kinimo sutrikimus, tokius kaip pilvo p\u016btimas, spazmai ar dujos, taip pat gali pad\u0117ti nuraminti sudirgusi\u0105 skrand\u017eio gleivin\u0119, gali pad\u0117ti palengvinti galvos skausm\u0105, stiprinti imunin\u0119 sistem\u0105.\" \/>\n<meta name=\"robots\" content=\"index, follow, max-snippet:-1, max-image-preview:large, max-video-preview:-1\" \/>\n<link rel=\"canonical\" href=\"https:\/\/levandupieva.lt\/en\/product\/levandu-ziedai-dziovinti-lietuviski\/\" \/>\n<meta property=\"og:locale\" content=\"en_GB\" \/>\n<meta property=\"og:type\" content=\"article\" \/>\n<meta property=\"og:title\" content=\"Levand\u0173 \u017eiedai d\u017eiovinti (lietuvi\u0161ki) - Levand\u0173 pieva\" \/>\n<meta property=\"og:description\" content=\"Tikrosos levandos (lot. Lavandula angustifolia) \u017eiedai i\u0161 lietuvi\u0161kos levand\u0173 pievos, malonaus \u0161velnaus kvapo. Puikiai tinka arbatai, \u0161i arbata turi raminam\u0105j\u012f poveik\u012f, padeda atsipalaiduoti ir pagerinti nuotaik\u0105, padeda gerinti miego kokyb\u0119, levand\u0173 arbata gali pad\u0117ti suma\u017einti vir\u0161kinimo sutrikimus, tokius kaip pilvo p\u016btimas, spazmai ar dujos, taip pat gali pad\u0117ti nuraminti sudirgusi\u0105 skrand\u017eio gleivin\u0119, gali pad\u0117ti palengvinti galvos skausm\u0105, stiprinti imunin\u0119 sistem\u0105.\" \/>\n<meta property=\"og:url\" content=\"https:\/\/levandupieva.lt\/en\/product\/levandu-ziedai-dziovinti-lietuviski\/\" \/>\n<meta property=\"og:site_name\" content=\"Levand\u0173 pieva\" \/>\n<meta property=\"article:publisher\" content=\"https:\/\/www.facebook.com\/Levandupieva\" \/>\n<meta property=\"article:modified_time\" content=\"2026-04-07T08:04:47+00:00\" \/>\n<meta property=\"og:image\" content=\"https:\/\/levandupieva.lt\/wp-content\/uploads\/2024\/08\/lietuviskos-levandos-scaled.jpg\" \/>\n\t<meta property=\"og:image:width\" content=\"1985\" \/>\n\t<meta property=\"og:image:height\" content=\"2560\" \/>\n\t<meta property=\"og:image:type\" content=\"image\/jpeg\" \/>\n<meta name=\"twitter:card\" content=\"summary_large_image\" \/>\n<meta name=\"twitter:label1\" content=\"Estimated reading time\" \/>\n\t<meta name=\"twitter:data1\" content=\"1 minute\" \/>\n<script type=\"application\/ld+json\" class=\"yoast-schema-graph\">{\"@context\":\"https:\/\/schema.org\",\"@graph\":[{\"@type\":\"WebPage\",\"@id\":\"https:\/\/levandupieva.lt\/produktas\/levandu-ziedai-dziovinti-lietuviski\/\",\"url\":\"https:\/\/levandupieva.lt\/produktas\/levandu-ziedai-dziovinti-lietuviski\/\",\"name\":\"Levand\u0173 \u017eiedai d\u017eiovinti (lietuvi\u0161ki) - Levand\u0173 pieva\",\"isPartOf\":{\"@id\":\"https:\/\/levandupieva.lt\/#website\"},\"primaryImageOfPage\":{\"@id\":\"https:\/\/levandupieva.lt\/produktas\/levandu-ziedai-dziovinti-lietuviski\/#primaryimage\"},\"image\":{\"@id\":\"https:\/\/levandupieva.lt\/produktas\/levandu-ziedai-dziovinti-lietuviski\/#primaryimage\"},\"thumbnailUrl\":\"https:\/\/levandupieva.lt\/wp-content\/uploads\/2024\/08\/lietuviskos-levandos-scaled.jpg\",\"datePublished\":\"2024-08-21T06:21:01+00:00\",\"dateModified\":\"2026-04-07T08:04:47+00:00\",\"description\":\"Tikrosos levandos (lot. Lavandula angustifolia) \u017eiedai i\u0161 lietuvi\u0161kos levand\u0173 pievos, malonaus \u0161velnaus kvapo. Puikiai tinka arbatai, \u0161i arbata turi raminam\u0105j\u012f poveik\u012f, padeda atsipalaiduoti ir pagerinti nuotaik\u0105, padeda gerinti miego kokyb\u0119, levand\u0173 arbata gali pad\u0117ti suma\u017einti vir\u0161kinimo sutrikimus, tokius kaip pilvo p\u016btimas, spazmai ar dujos, taip pat gali pad\u0117ti nuraminti sudirgusi\u0105 skrand\u017eio gleivin\u0119, gali pad\u0117ti palengvinti galvos skausm\u0105, stiprinti imunin\u0119 sistem\u0105.\",\"breadcrumb\":{\"@id\":\"https:\/\/levandupieva.lt\/produktas\/levandu-ziedai-dziovinti-lietuviski\/#breadcrumb\"},\"inLanguage\":\"en-GB\",\"potentialAction\":[{\"@type\":\"ReadAction\",\"target\":[\"https:\/\/levandupieva.lt\/produktas\/levandu-ziedai-dziovinti-lietuviski\/\"]}]},{\"@type\":\"ImageObject\",\"inLanguage\":\"en-GB\",\"@id\":\"https:\/\/levandupieva.lt\/produktas\/levandu-ziedai-dziovinti-lietuviski\/#primaryimage\",\"url\":\"https:\/\/levandupieva.lt\/wp-content\/uploads\/2024\/08\/lietuviskos-levandos-scaled.jpg\",\"contentUrl\":\"https:\/\/levandupieva.lt\/wp-content\/uploads\/2024\/08\/lietuviskos-levandos-scaled.jpg\",\"width\":1985,\"height\":2560},{\"@type\":\"BreadcrumbList\",\"@id\":\"https:\/\/levandupieva.lt\/produktas\/levandu-ziedai-dziovinti-lietuviski\/#breadcrumb\",\"itemListElement\":[{\"@type\":\"ListItem\",\"position\":1,\"name\":\"Home\",\"item\":\"https:\/\/levandupieva.lt\/\"},{\"@type\":\"ListItem\",\"position\":2,\"name\":\"Parduotuv\u0117\",\"item\":\"https:\/\/levandupieva.lt\/parduotuve\/\"},{\"@type\":\"ListItem\",\"position\":3,\"name\":\"Levand\u0173 \u017eiedai d\u017eiovinti (lietuvi\u0161ki)\"}]},{\"@type\":\"WebSite\",\"@id\":\"https:\/\/levandupieva.lt\/#website\",\"url\":\"https:\/\/levandupieva.lt\/\",\"name\":\"Levand\u0173 pieva\",\"description\":\"\",\"publisher\":{\"@id\":\"https:\/\/levandupieva.lt\/#organization\"},\"potentialAction\":[{\"@type\":\"SearchAction\",\"target\":{\"@type\":\"EntryPoint\",\"urlTemplate\":\"https:\/\/levandupieva.lt\/?s={search_term_string}\"},\"query-input\":{\"@type\":\"PropertyValueSpecification\",\"valueRequired\":true,\"valueName\":\"search_term_string\"}}],\"inLanguage\":\"en-GB\"},{\"@type\":\"Organization\",\"@id\":\"https:\/\/levandupieva.lt\/#organization\",\"name\":\"Levan\u0173 Pieva\",\"url\":\"https:\/\/levandupieva.lt\/\",\"logo\":{\"@type\":\"ImageObject\",\"inLanguage\":\"en-GB\",\"@id\":\"https:\/\/levandupieva.lt\/#\/schema\/logo\/image\/\",\"url\":\"https:\/\/levandupieva.lt\/wp-content\/uploads\/2021\/03\/cropped-logo-e1446013442350.png\",\"contentUrl\":\"https:\/\/levandupieva.lt\/wp-content\/uploads\/2021\/03\/cropped-logo-e1446013442350.png\",\"width\":654,\"height\":287,\"caption\":\"Levan\u0173 Pieva\"},\"image\":{\"@id\":\"https:\/\/levandupieva.lt\/#\/schema\/logo\/image\/\"},\"sameAs\":[\"https:\/\/www.facebook.com\/Levandupieva\"]}]}<\/script>\n<!-- \/ Yoast SEO plugin. -->","yoast_head_json":{"title":"Levand\u0173 \u017eiedai d\u017eiovinti (lietuvi\u0161ki) - Levand\u0173 pieva","description":"Tikrosos levandos (lot. Lavandula angustifolia) \u017eiedai i\u0161 lietuvi\u0161kos levand\u0173 pievos, malonaus \u0161velnaus kvapo. Puikiai tinka arbatai, \u0161i arbata turi raminam\u0105j\u012f poveik\u012f, padeda atsipalaiduoti ir pagerinti nuotaik\u0105, padeda gerinti miego kokyb\u0119, levand\u0173 arbata gali pad\u0117ti suma\u017einti vir\u0161kinimo sutrikimus, tokius kaip pilvo p\u016btimas, spazmai ar dujos, taip pat gali pad\u0117ti nuraminti sudirgusi\u0105 skrand\u017eio gleivin\u0119, gali pad\u0117ti palengvinti galvos skausm\u0105, stiprinti imunin\u0119 sistem\u0105.","robots":{"index":"index","follow":"follow","max-snippet":"max-snippet:-1","max-image-preview":"max-image-preview:large","max-video-preview":"max-video-preview:-1"},"canonical":"https:\/\/levandupieva.lt\/en\/product\/levandu-ziedai-dziovinti-lietuviski\/","og_locale":"en_GB","og_type":"article","og_title":"Levand\u0173 \u017eiedai d\u017eiovinti (lietuvi\u0161ki) - Levand\u0173 pieva","og_description":"Tikrosos levandos (lot. Lavandula angustifolia) \u017eiedai i\u0161 lietuvi\u0161kos levand\u0173 pievos, malonaus \u0161velnaus kvapo. Puikiai tinka arbatai, \u0161i arbata turi raminam\u0105j\u012f poveik\u012f, padeda atsipalaiduoti ir pagerinti nuotaik\u0105, padeda gerinti miego kokyb\u0119, levand\u0173 arbata gali pad\u0117ti suma\u017einti vir\u0161kinimo sutrikimus, tokius kaip pilvo p\u016btimas, spazmai ar dujos, taip pat gali pad\u0117ti nuraminti sudirgusi\u0105 skrand\u017eio gleivin\u0119, gali pad\u0117ti palengvinti galvos skausm\u0105, stiprinti imunin\u0119 sistem\u0105.","og_url":"https:\/\/levandupieva.lt\/en\/product\/levandu-ziedai-dziovinti-lietuviski\/","og_site_name":"Levand\u0173 pieva","article_publisher":"https:\/\/www.facebook.com\/Levandupieva","article_modified_time":"2026-04-07T08:04:47+00:00","og_image":[{"width":1985,"height":2560,"url":"https:\/\/levandupieva.lt\/wp-content\/uploads\/2024\/08\/lietuviskos-levandos-scaled.jpg","type":"image\/jpeg"}],"twitter_card":"summary_large_image","twitter_misc":{"Estimated reading time":"1 minute"},"schema":{"@context":"https:\/\/schema.org","@graph":[{"@type":"WebPage","@id":"https:\/\/levandupieva.lt\/produktas\/levandu-ziedai-dziovinti-lietuviski\/","url":"https:\/\/levandupieva.lt\/produktas\/levandu-ziedai-dziovinti-lietuviski\/","name":"Levand\u0173 \u017eiedai d\u017eiovinti (lietuvi\u0161ki) - Levand\u0173 pieva","isPartOf":{"@id":"https:\/\/levandupieva.lt\/#website"},"primaryImageOfPage":{"@id":"https:\/\/levandupieva.lt\/produktas\/levandu-ziedai-dziovinti-lietuviski\/#primaryimage"},"image":{"@id":"https:\/\/levandupieva.lt\/produktas\/levandu-ziedai-dziovinti-lietuviski\/#primaryimage"},"thumbnailUrl":"https:\/\/levandupieva.lt\/wp-content\/uploads\/2024\/08\/lietuviskos-levandos-scaled.jpg","datePublished":"2024-08-21T06:21:01+00:00","dateModified":"2026-04-07T08:04:47+00:00","description":"Tikrosos levandos (lot. Lavandula angustifolia) \u017eiedai i\u0161 lietuvi\u0161kos levand\u0173 pievos, malonaus \u0161velnaus kvapo. Puikiai tinka arbatai, \u0161i arbata turi raminam\u0105j\u012f poveik\u012f, padeda atsipalaiduoti ir pagerinti nuotaik\u0105, padeda gerinti miego kokyb\u0119, levand\u0173 arbata gali pad\u0117ti suma\u017einti vir\u0161kinimo sutrikimus, tokius kaip pilvo p\u016btimas, spazmai ar dujos, taip pat gali pad\u0117ti nuraminti sudirgusi\u0105 skrand\u017eio gleivin\u0119, gali pad\u0117ti palengvinti galvos skausm\u0105, stiprinti imunin\u0119 sistem\u0105.","breadcrumb":{"@id":"https:\/\/levandupieva.lt\/produktas\/levandu-ziedai-dziovinti-lietuviski\/#breadcrumb"},"inLanguage":"en-GB","potentialAction":[{"@type":"ReadAction","target":["https:\/\/levandupieva.lt\/produktas\/levandu-ziedai-dziovinti-lietuviski\/"]}]},{"@type":"ImageObject","inLanguage":"en-GB","@id":"https:\/\/levandupieva.lt\/produktas\/levandu-ziedai-dziovinti-lietuviski\/#primaryimage","url":"https:\/\/levandupieva.lt\/wp-content\/uploads\/2024\/08\/lietuviskos-levandos-scaled.jpg","contentUrl":"https:\/\/levandupieva.lt\/wp-content\/uploads\/2024\/08\/lietuviskos-levandos-scaled.jpg","width":1985,"height":2560},{"@type":"BreadcrumbList","@id":"https:\/\/levandupieva.lt\/produktas\/levandu-ziedai-dziovinti-lietuviski\/#breadcrumb","itemListElement":[{"@type":"ListItem","position":1,"name":"Home","item":"https:\/\/levandupieva.lt\/"},{"@type":"ListItem","position":2,"name":"Parduotuv\u0117","item":"https:\/\/levandupieva.lt\/parduotuve\/"},{"@type":"ListItem","position":3,"name":"Levand\u0173 \u017eiedai d\u017eiovinti (lietuvi\u0161ki)"}]},{"@type":"WebSite","@id":"https:\/\/levandupieva.lt\/#website","url":"https:\/\/levandupieva.lt\/","name":"Levand\u0173 pieva","description":"","publisher":{"@id":"https:\/\/levandupieva.lt\/#organization"},"potentialAction":[{"@type":"SearchAction","target":{"@type":"EntryPoint","urlTemplate":"https:\/\/levandupieva.lt\/?s={search_term_string}"},"query-input":{"@type":"PropertyValueSpecification","valueRequired":true,"valueName":"search_term_string"}}],"inLanguage":"en-GB"},{"@type":"Organization","@id":"https:\/\/levandupieva.lt\/#organization","name":"Levan\u0173 Pieva","url":"https:\/\/levandupieva.lt\/","logo":{"@type":"ImageObject","inLanguage":"en-GB","@id":"https:\/\/levandupieva.lt\/#\/schema\/logo\/image\/","url":"https:\/\/levandupieva.lt\/wp-content\/uploads\/2021\/03\/cropped-logo-e1446013442350.png","contentUrl":"https:\/\/levandupieva.lt\/wp-content\/uploads\/2021\/03\/cropped-logo-e1446013442350.png","width":654,"height":287,"caption":"Levan\u0173 Pieva"},"image":{"@id":"https:\/\/levandupieva.lt\/#\/schema\/logo\/image\/"},"sameAs":["https:\/\/www.facebook.com\/Levandupieva"]}]}},"_links":{"self":[{"href":"https:\/\/levandupieva.lt\/en\/wp-json\/wp\/v2\/product\/6637","targetHints":{"allow":["GET"]}}],"collection":[{"href":"https:\/\/levandupieva.lt\/en\/wp-json\/wp\/v2\/product"}],"about":[{"href":"https:\/\/levandupieva.lt\/en\/wp-json\/wp\/v2\/types\/product"}],"replies":[{"embeddable":true,"href":"https:\/\/levandupieva.lt\/en\/wp-json\/wp\/v2\/comments?post=6637"}],"wp:featuredmedia":[{"embeddable":true,"href":"https:\/\/levandupieva.lt\/en\/wp-json\/wp\/v2\/media\/6641"}],"wp:attachment":[{"href":"https:\/\/levandupieva.lt\/en\/wp-json\/wp\/v2\/media?parent=6637"}],"wp:term":[{"taxonomy":"product_brand","embeddable":true,"href":"https:\/\/levandupieva.lt\/en\/wp-json\/wp\/v2\/product_brand?post=6637"},{"taxonomy":"product_cat","embeddable":true,"href":"https:\/\/levandupieva.lt\/en\/wp-json\/wp\/v2\/product_cat?post=6637"},{"taxonomy":"product_tag","embeddable":true,"href":"https:\/\/levandupieva.lt\/en\/wp-json\/wp\/v2\/product_tag?post=6637"}],"curies":[{"name":"wp","href":"https:\/\/api.w.org\/{rel}","templated":true}]}}