{"id":7119,"date":"2025-01-11T16:47:39","date_gmt":"2025-01-11T16:47:39","guid":{"rendered":"https:\/\/levandupieva.lt\/?post_type=product&#038;p=7119"},"modified":"2026-01-14T11:40:15","modified_gmt":"2026-01-14T11:40:15","slug":"kraftinio-popieriaus-etiketes-5-cm-diametro-su-aukso-spalvos-ornamentais","status":"publish","type":"product","link":"https:\/\/levandupieva.lt\/en\/product\/kraftinio-popieriaus-etiketes-5-cm-diametro-su-aukso-spalvos-ornamentais\/","title":{"rendered":"Kraftinio popieriaus etiket\u0117s (5 cm diametro) su aukso spalvos ornamentais"},"content":{"rendered":"<p>Apvalios kraftinio popieriaus etiket\u0117s (5 cm diametro) su aukso spalvos ornamentais. Puikiai tinka klijuoti ant m\u016bs\u0173 si\u016blom\u0173 50 ml ir 100 ml buteliuk\u0173 nuo hidrolato, taip pat ant 120 ml, 60 ml ir 50 ml krem\u0173 indeli\u0173.<\/p>\n<p>Etiket\u0117s yra keturi\u0173 skirting\u0173 paveiksliuk\u0173. Etike\u010di\u0173 paveiksliukai parenkami i\u0161 eil\u0117s, t.y. kartojasi kas penktas paveiksliukas.<\/p>\n<p><em>Galima \u012fsigyti po 1 vnt arba vis\u0105 pakuot\u0119 (viduje 250 vnt kraftinio popieriaus etike\u010di\u0173).<\/em><\/p>","protected":false},"excerpt":{"rendered":"<p>Apvalios kraftinio popieriaus etiket\u0117s (5 cm diametro) su aukso spalvos ornamentais. Puikiai tinka klijuoti ant m\u016bs\u0173 si\u016blom\u0173 50 ml ir 100 ml buteliuk\u0173 nuo hidrolato, taip pat ant 120 ml, 60 ml ir 50 ml krem\u0173 indeli\u0173.<\/p>\n<p>Etiket\u0117s yra keturi\u0173 skirting\u0173 paveiksliuk\u0173. Etike\u010di\u0173 paveiksliukai parenkami i\u0161 eil\u0117s, t.y. kartojasi kas penktas paveiksliukas.<\/p>\n<p><em>Galima \u012fsigyti po 1 vnt arba vis\u0105 pakuot\u0119 (viduje 500 vnt kraftinio popieriaus etike\u010di\u0173).<\/em><\/p>","protected":false},"featured_media":7115,"comment_status":"open","ping_status":"closed","template":"","meta":[],"product_brand":[],"product_cat":[15],"product_tag":[],"class_list":{"0":"post-7119","1":"product","2":"type-product","3":"status-publish","4":"has-post-thumbnail","6":"product_cat-etiketes-ir-maiseliai","8":"first","9":"instock","10":"shipping-taxable","11":"purchasable","12":"product-type-variable","13":"has-default-attributes"},"yoast_head":"<!-- This site is optimized with the Yoast SEO plugin v24.8.1 - https:\/\/yoast.com\/wordpress\/plugins\/seo\/ -->\n<title>Kraftinio popieriaus etiket\u0117s (5 cm diametro) su aukso spalvos ornamentais - Levand\u0173 pieva<\/title>\n<meta name=\"description\" content=\"kraftinio popieriaus etiket\u0117s su auksiniais apvadais (ornamentais)\" \/>\n<meta name=\"robots\" content=\"index, follow, max-snippet:-1, max-image-preview:large, max-video-preview:-1\" \/>\n<link rel=\"canonical\" href=\"https:\/\/levandupieva.lt\/en\/product\/kraftinio-popieriaus-etiketes-5-cm-diametro-su-aukso-spalvos-ornamentais\/\" \/>\n<meta property=\"og:locale\" content=\"en_GB\" \/>\n<meta property=\"og:type\" content=\"article\" \/>\n<meta property=\"og:title\" content=\"Kraftinio popieriaus etiket\u0117s (5 cm diametro) su aukso spalvos ornamentais - Levand\u0173 pieva\" \/>\n<meta property=\"og:description\" content=\"kraftinio popieriaus etiket\u0117s su auksiniais apvadais (ornamentais)\" \/>\n<meta property=\"og:url\" content=\"https:\/\/levandupieva.lt\/en\/product\/kraftinio-popieriaus-etiketes-5-cm-diametro-su-aukso-spalvos-ornamentais\/\" \/>\n<meta property=\"og:site_name\" content=\"Levand\u0173 pieva\" \/>\n<meta property=\"article:publisher\" content=\"https:\/\/www.facebook.com\/Levandupieva\" \/>\n<meta property=\"article:modified_time\" content=\"2026-01-14T11:40:15+00:00\" \/>\n<meta property=\"og:image\" content=\"https:\/\/levandupieva.lt\/wp-content\/uploads\/2025\/01\/5_1.png\" \/>\n\t<meta property=\"og:image:width\" content=\"800\" \/>\n\t<meta property=\"og:image:height\" content=\"800\" \/>\n\t<meta property=\"og:image:type\" content=\"image\/png\" \/>\n<meta name=\"twitter:card\" content=\"summary_large_image\" \/>\n<meta name=\"twitter:label1\" content=\"Estimated reading time\" \/>\n\t<meta name=\"twitter:data1\" content=\"1 minute\" \/>\n<script type=\"application\/ld+json\" class=\"yoast-schema-graph\">{\"@context\":\"https:\/\/schema.org\",\"@graph\":[{\"@type\":\"WebPage\",\"@id\":\"https:\/\/levandupieva.lt\/produktas\/kraftinio-popieriaus-etiketes-5-cm-diametro-su-aukso-spalvos-ornamentais\/\",\"url\":\"https:\/\/levandupieva.lt\/produktas\/kraftinio-popieriaus-etiketes-5-cm-diametro-su-aukso-spalvos-ornamentais\/\",\"name\":\"Kraftinio popieriaus etiket\u0117s (5 cm diametro) su aukso spalvos ornamentais - Levand\u0173 pieva\",\"isPartOf\":{\"@id\":\"https:\/\/levandupieva.lt\/#website\"},\"primaryImageOfPage\":{\"@id\":\"https:\/\/levandupieva.lt\/produktas\/kraftinio-popieriaus-etiketes-5-cm-diametro-su-aukso-spalvos-ornamentais\/#primaryimage\"},\"image\":{\"@id\":\"https:\/\/levandupieva.lt\/produktas\/kraftinio-popieriaus-etiketes-5-cm-diametro-su-aukso-spalvos-ornamentais\/#primaryimage\"},\"thumbnailUrl\":\"https:\/\/levandupieva.lt\/wp-content\/uploads\/2025\/01\/5_1.png\",\"datePublished\":\"2025-01-11T16:47:39+00:00\",\"dateModified\":\"2026-01-14T11:40:15+00:00\",\"description\":\"kraftinio popieriaus etiket\u0117s su auksiniais apvadais (ornamentais)\",\"breadcrumb\":{\"@id\":\"https:\/\/levandupieva.lt\/produktas\/kraftinio-popieriaus-etiketes-5-cm-diametro-su-aukso-spalvos-ornamentais\/#breadcrumb\"},\"inLanguage\":\"en-GB\",\"potentialAction\":[{\"@type\":\"ReadAction\",\"target\":[\"https:\/\/levandupieva.lt\/produktas\/kraftinio-popieriaus-etiketes-5-cm-diametro-su-aukso-spalvos-ornamentais\/\"]}]},{\"@type\":\"ImageObject\",\"inLanguage\":\"en-GB\",\"@id\":\"https:\/\/levandupieva.lt\/produktas\/kraftinio-popieriaus-etiketes-5-cm-diametro-su-aukso-spalvos-ornamentais\/#primaryimage\",\"url\":\"https:\/\/levandupieva.lt\/wp-content\/uploads\/2025\/01\/5_1.png\",\"contentUrl\":\"https:\/\/levandupieva.lt\/wp-content\/uploads\/2025\/01\/5_1.png\",\"width\":800,\"height\":800},{\"@type\":\"BreadcrumbList\",\"@id\":\"https:\/\/levandupieva.lt\/produktas\/kraftinio-popieriaus-etiketes-5-cm-diametro-su-aukso-spalvos-ornamentais\/#breadcrumb\",\"itemListElement\":[{\"@type\":\"ListItem\",\"position\":1,\"name\":\"Home\",\"item\":\"https:\/\/levandupieva.lt\/\"},{\"@type\":\"ListItem\",\"position\":2,\"name\":\"Parduotuv\u0117\",\"item\":\"https:\/\/levandupieva.lt\/parduotuve\/\"},{\"@type\":\"ListItem\",\"position\":3,\"name\":\"Kraftinio popieriaus etiket\u0117s (5 cm diametro) su aukso spalvos ornamentais\"}]},{\"@type\":\"WebSite\",\"@id\":\"https:\/\/levandupieva.lt\/#website\",\"url\":\"https:\/\/levandupieva.lt\/\",\"name\":\"Levand\u0173 pieva\",\"description\":\"\",\"publisher\":{\"@id\":\"https:\/\/levandupieva.lt\/#organization\"},\"potentialAction\":[{\"@type\":\"SearchAction\",\"target\":{\"@type\":\"EntryPoint\",\"urlTemplate\":\"https:\/\/levandupieva.lt\/?s={search_term_string}\"},\"query-input\":{\"@type\":\"PropertyValueSpecification\",\"valueRequired\":true,\"valueName\":\"search_term_string\"}}],\"inLanguage\":\"en-GB\"},{\"@type\":\"Organization\",\"@id\":\"https:\/\/levandupieva.lt\/#organization\",\"name\":\"Levan\u0173 Pieva\",\"url\":\"https:\/\/levandupieva.lt\/\",\"logo\":{\"@type\":\"ImageObject\",\"inLanguage\":\"en-GB\",\"@id\":\"https:\/\/levandupieva.lt\/#\/schema\/logo\/image\/\",\"url\":\"https:\/\/levandupieva.lt\/wp-content\/uploads\/2021\/03\/cropped-logo-e1446013442350.png\",\"contentUrl\":\"https:\/\/levandupieva.lt\/wp-content\/uploads\/2021\/03\/cropped-logo-e1446013442350.png\",\"width\":654,\"height\":287,\"caption\":\"Levan\u0173 Pieva\"},\"image\":{\"@id\":\"https:\/\/levandupieva.lt\/#\/schema\/logo\/image\/\"},\"sameAs\":[\"https:\/\/www.facebook.com\/Levandupieva\"]}]}<\/script>\n<!-- \/ Yoast SEO plugin. -->","yoast_head_json":{"title":"Kraftinio popieriaus etiket\u0117s (5 cm diametro) su aukso spalvos ornamentais - Levand\u0173 pieva","description":"kraftinio popieriaus etiket\u0117s su auksiniais apvadais (ornamentais)","robots":{"index":"index","follow":"follow","max-snippet":"max-snippet:-1","max-image-preview":"max-image-preview:large","max-video-preview":"max-video-preview:-1"},"canonical":"https:\/\/levandupieva.lt\/en\/product\/kraftinio-popieriaus-etiketes-5-cm-diametro-su-aukso-spalvos-ornamentais\/","og_locale":"en_GB","og_type":"article","og_title":"Kraftinio popieriaus etiket\u0117s (5 cm diametro) su aukso spalvos ornamentais - Levand\u0173 pieva","og_description":"kraftinio popieriaus etiket\u0117s su auksiniais apvadais (ornamentais)","og_url":"https:\/\/levandupieva.lt\/en\/product\/kraftinio-popieriaus-etiketes-5-cm-diametro-su-aukso-spalvos-ornamentais\/","og_site_name":"Levand\u0173 pieva","article_publisher":"https:\/\/www.facebook.com\/Levandupieva","article_modified_time":"2026-01-14T11:40:15+00:00","og_image":[{"width":800,"height":800,"url":"https:\/\/levandupieva.lt\/wp-content\/uploads\/2025\/01\/5_1.png","type":"image\/png"}],"twitter_card":"summary_large_image","twitter_misc":{"Estimated reading time":"1 minute"},"schema":{"@context":"https:\/\/schema.org","@graph":[{"@type":"WebPage","@id":"https:\/\/levandupieva.lt\/produktas\/kraftinio-popieriaus-etiketes-5-cm-diametro-su-aukso-spalvos-ornamentais\/","url":"https:\/\/levandupieva.lt\/produktas\/kraftinio-popieriaus-etiketes-5-cm-diametro-su-aukso-spalvos-ornamentais\/","name":"Kraftinio popieriaus etiket\u0117s (5 cm diametro) su aukso spalvos ornamentais - Levand\u0173 pieva","isPartOf":{"@id":"https:\/\/levandupieva.lt\/#website"},"primaryImageOfPage":{"@id":"https:\/\/levandupieva.lt\/produktas\/kraftinio-popieriaus-etiketes-5-cm-diametro-su-aukso-spalvos-ornamentais\/#primaryimage"},"image":{"@id":"https:\/\/levandupieva.lt\/produktas\/kraftinio-popieriaus-etiketes-5-cm-diametro-su-aukso-spalvos-ornamentais\/#primaryimage"},"thumbnailUrl":"https:\/\/levandupieva.lt\/wp-content\/uploads\/2025\/01\/5_1.png","datePublished":"2025-01-11T16:47:39+00:00","dateModified":"2026-01-14T11:40:15+00:00","description":"kraftinio popieriaus etiket\u0117s su auksiniais apvadais (ornamentais)","breadcrumb":{"@id":"https:\/\/levandupieva.lt\/produktas\/kraftinio-popieriaus-etiketes-5-cm-diametro-su-aukso-spalvos-ornamentais\/#breadcrumb"},"inLanguage":"en-GB","potentialAction":[{"@type":"ReadAction","target":["https:\/\/levandupieva.lt\/produktas\/kraftinio-popieriaus-etiketes-5-cm-diametro-su-aukso-spalvos-ornamentais\/"]}]},{"@type":"ImageObject","inLanguage":"en-GB","@id":"https:\/\/levandupieva.lt\/produktas\/kraftinio-popieriaus-etiketes-5-cm-diametro-su-aukso-spalvos-ornamentais\/#primaryimage","url":"https:\/\/levandupieva.lt\/wp-content\/uploads\/2025\/01\/5_1.png","contentUrl":"https:\/\/levandupieva.lt\/wp-content\/uploads\/2025\/01\/5_1.png","width":800,"height":800},{"@type":"BreadcrumbList","@id":"https:\/\/levandupieva.lt\/produktas\/kraftinio-popieriaus-etiketes-5-cm-diametro-su-aukso-spalvos-ornamentais\/#breadcrumb","itemListElement":[{"@type":"ListItem","position":1,"name":"Home","item":"https:\/\/levandupieva.lt\/"},{"@type":"ListItem","position":2,"name":"Parduotuv\u0117","item":"https:\/\/levandupieva.lt\/parduotuve\/"},{"@type":"ListItem","position":3,"name":"Kraftinio popieriaus etiket\u0117s (5 cm diametro) su aukso spalvos ornamentais"}]},{"@type":"WebSite","@id":"https:\/\/levandupieva.lt\/#website","url":"https:\/\/levandupieva.lt\/","name":"Levand\u0173 pieva","description":"","publisher":{"@id":"https:\/\/levandupieva.lt\/#organization"},"potentialAction":[{"@type":"SearchAction","target":{"@type":"EntryPoint","urlTemplate":"https:\/\/levandupieva.lt\/?s={search_term_string}"},"query-input":{"@type":"PropertyValueSpecification","valueRequired":true,"valueName":"search_term_string"}}],"inLanguage":"en-GB"},{"@type":"Organization","@id":"https:\/\/levandupieva.lt\/#organization","name":"Levan\u0173 Pieva","url":"https:\/\/levandupieva.lt\/","logo":{"@type":"ImageObject","inLanguage":"en-GB","@id":"https:\/\/levandupieva.lt\/#\/schema\/logo\/image\/","url":"https:\/\/levandupieva.lt\/wp-content\/uploads\/2021\/03\/cropped-logo-e1446013442350.png","contentUrl":"https:\/\/levandupieva.lt\/wp-content\/uploads\/2021\/03\/cropped-logo-e1446013442350.png","width":654,"height":287,"caption":"Levan\u0173 Pieva"},"image":{"@id":"https:\/\/levandupieva.lt\/#\/schema\/logo\/image\/"},"sameAs":["https:\/\/www.facebook.com\/Levandupieva"]}]}},"_links":{"self":[{"href":"https:\/\/levandupieva.lt\/en\/wp-json\/wp\/v2\/product\/7119","targetHints":{"allow":["GET"]}}],"collection":[{"href":"https:\/\/levandupieva.lt\/en\/wp-json\/wp\/v2\/product"}],"about":[{"href":"https:\/\/levandupieva.lt\/en\/wp-json\/wp\/v2\/types\/product"}],"replies":[{"embeddable":true,"href":"https:\/\/levandupieva.lt\/en\/wp-json\/wp\/v2\/comments?post=7119"}],"wp:featuredmedia":[{"embeddable":true,"href":"https:\/\/levandupieva.lt\/en\/wp-json\/wp\/v2\/media\/7115"}],"wp:attachment":[{"href":"https:\/\/levandupieva.lt\/en\/wp-json\/wp\/v2\/media?parent=7119"}],"wp:term":[{"taxonomy":"product_brand","embeddable":true,"href":"https:\/\/levandupieva.lt\/en\/wp-json\/wp\/v2\/product_brand?post=7119"},{"taxonomy":"product_cat","embeddable":true,"href":"https:\/\/levandupieva.lt\/en\/wp-json\/wp\/v2\/product_cat?post=7119"},{"taxonomy":"product_tag","embeddable":true,"href":"https:\/\/levandupieva.lt\/en\/wp-json\/wp\/v2\/product_tag?post=7119"}],"curies":[{"name":"wp","href":"https:\/\/api.w.org\/{rel}","templated":true}]}}