{"id":7130,"date":"2025-01-11T17:28:49","date_gmt":"2025-01-11T17:28:49","guid":{"rendered":"https:\/\/levandupieva.lt\/?post_type=product&#038;p=7130"},"modified":"2026-02-15T16:04:09","modified_gmt":"2026-02-15T16:04:09","slug":"laikiklis-parfumeriniams-lapeliams-ar-kt-susegti","status":"publish","type":"product","link":"https:\/\/levandupieva.lt\/en\/product\/laikiklis-parfumeriniams-lapeliams-ar-kt-susegti\/","title":{"rendered":"Laikiklis parfumeriniams lapeliams ar kt. susegti"},"content":{"rendered":"<p>Laikiklis gali b\u016bti naudojamas kvepal\u0173 gamyboje, t.y. parfumeriniams lapeliams (bloteriams) susegti ar vizit\u0117ms kortel\u0117ms, nuotraukoms ar kt. susegti, su mediniu pagrindu.<\/p>\n<p>&nbsp;<\/p>","protected":false},"excerpt":{"rendered":"<p>Laikiklis, skirtas parfumeriniams lapeliams, vizit\u0117ms kortel\u0117ms, nuotraukoms ar kt. susegti, su mediniu pagrindu.<\/p>\n<p>Medinio pagrindo i\u0161matavimai yra apie: 2.5*2.5*2.5cm, laikiklio ilgis yra apie 10,5 cm.<\/p>\n<p>&nbsp;<\/p>","protected":false},"featured_media":7131,"comment_status":"open","ping_status":"closed","template":"","meta":[],"product_brand":[],"product_cat":[167],"product_tag":[190,188,189,187,161],"class_list":{"0":"post-7130","1":"product","2":"type-product","3":"status-publish","4":"has-post-thumbnail","6":"product_cat-laboratoriju-priemones","7":"product_tag-laikiklis-bloteriams","8":"product_tag-laikiklis-nuotraukoms","9":"product_tag-laikiklis-parfumeriniams-lapeliams","10":"product_tag-laikiklis-vizitinems","11":"product_tag-menzura","13":"first","14":"instock","15":"shipping-taxable","16":"purchasable","17":"product-type-simple"},"yoast_head":"<!-- This site is optimized with the Yoast SEO plugin v24.8.1 - https:\/\/yoast.com\/wordpress\/plugins\/seo\/ -->\n<title>Laikiklis parfumeriniams lapeliams ar kt. susegti - Levand\u0173 pieva<\/title>\n<meta name=\"description\" content=\"Laikiklis gali b\u016bti naudojamas kvepal\u0173 gamyboje, t.y. parfumeriniams lapeliams (bloteriams) susegti ar vizit\u0117ms kortel\u0117ms, nuotraukoms ar kt. susegti, su mediniu pagrindu.\u00a0\" \/>\n<meta name=\"robots\" content=\"index, follow, max-snippet:-1, max-image-preview:large, max-video-preview:-1\" \/>\n<link rel=\"canonical\" href=\"https:\/\/levandupieva.lt\/en\/product\/laikiklis-parfumeriniams-lapeliams-ar-kt-susegti\/\" \/>\n<meta property=\"og:locale\" content=\"en_GB\" \/>\n<meta property=\"og:type\" content=\"article\" \/>\n<meta property=\"og:title\" content=\"Laikiklis parfumeriniams lapeliams ar kt. susegti - Levand\u0173 pieva\" \/>\n<meta property=\"og:description\" content=\"Laikiklis gali b\u016bti naudojamas kvepal\u0173 gamyboje, t.y. parfumeriniams lapeliams (bloteriams) susegti ar vizit\u0117ms kortel\u0117ms, nuotraukoms ar kt. susegti, su mediniu pagrindu.\u00a0\" \/>\n<meta property=\"og:url\" content=\"https:\/\/levandupieva.lt\/en\/product\/laikiklis-parfumeriniams-lapeliams-ar-kt-susegti\/\" \/>\n<meta property=\"og:site_name\" content=\"Levand\u0173 pieva\" \/>\n<meta property=\"article:publisher\" content=\"https:\/\/www.facebook.com\/Levandupieva\" \/>\n<meta property=\"article:modified_time\" content=\"2026-02-15T16:04:09+00:00\" \/>\n<meta property=\"og:image\" content=\"https:\/\/levandupieva.lt\/wp-content\/uploads\/2025\/01\/bloter.png\" \/>\n\t<meta property=\"og:image:width\" content=\"800\" \/>\n\t<meta property=\"og:image:height\" content=\"800\" \/>\n\t<meta property=\"og:image:type\" content=\"image\/png\" \/>\n<meta name=\"twitter:card\" content=\"summary_large_image\" \/>\n<meta name=\"twitter:label1\" content=\"Estimated reading time\" \/>\n\t<meta name=\"twitter:data1\" content=\"1 minute\" \/>\n<script type=\"application\/ld+json\" class=\"yoast-schema-graph\">{\"@context\":\"https:\/\/schema.org\",\"@graph\":[{\"@type\":\"WebPage\",\"@id\":\"https:\/\/levandupieva.lt\/produktas\/laikiklis-parfumeriniams-lapeliams-ar-kt-susegti\/\",\"url\":\"https:\/\/levandupieva.lt\/produktas\/laikiklis-parfumeriniams-lapeliams-ar-kt-susegti\/\",\"name\":\"Laikiklis parfumeriniams lapeliams ar kt. susegti - Levand\u0173 pieva\",\"isPartOf\":{\"@id\":\"https:\/\/levandupieva.lt\/#website\"},\"primaryImageOfPage\":{\"@id\":\"https:\/\/levandupieva.lt\/produktas\/laikiklis-parfumeriniams-lapeliams-ar-kt-susegti\/#primaryimage\"},\"image\":{\"@id\":\"https:\/\/levandupieva.lt\/produktas\/laikiklis-parfumeriniams-lapeliams-ar-kt-susegti\/#primaryimage\"},\"thumbnailUrl\":\"https:\/\/levandupieva.lt\/wp-content\/uploads\/2025\/01\/bloter.png\",\"datePublished\":\"2025-01-11T17:28:49+00:00\",\"dateModified\":\"2026-02-15T16:04:09+00:00\",\"description\":\"Laikiklis gali b\u016bti naudojamas kvepal\u0173 gamyboje, t.y. parfumeriniams lapeliams (bloteriams) susegti ar vizit\u0117ms kortel\u0117ms, nuotraukoms ar kt. susegti, su mediniu pagrindu.\u00a0\",\"breadcrumb\":{\"@id\":\"https:\/\/levandupieva.lt\/produktas\/laikiklis-parfumeriniams-lapeliams-ar-kt-susegti\/#breadcrumb\"},\"inLanguage\":\"en-GB\",\"potentialAction\":[{\"@type\":\"ReadAction\",\"target\":[\"https:\/\/levandupieva.lt\/produktas\/laikiklis-parfumeriniams-lapeliams-ar-kt-susegti\/\"]}]},{\"@type\":\"ImageObject\",\"inLanguage\":\"en-GB\",\"@id\":\"https:\/\/levandupieva.lt\/produktas\/laikiklis-parfumeriniams-lapeliams-ar-kt-susegti\/#primaryimage\",\"url\":\"https:\/\/levandupieva.lt\/wp-content\/uploads\/2025\/01\/bloter.png\",\"contentUrl\":\"https:\/\/levandupieva.lt\/wp-content\/uploads\/2025\/01\/bloter.png\",\"width\":800,\"height\":800},{\"@type\":\"BreadcrumbList\",\"@id\":\"https:\/\/levandupieva.lt\/produktas\/laikiklis-parfumeriniams-lapeliams-ar-kt-susegti\/#breadcrumb\",\"itemListElement\":[{\"@type\":\"ListItem\",\"position\":1,\"name\":\"Home\",\"item\":\"https:\/\/levandupieva.lt\/\"},{\"@type\":\"ListItem\",\"position\":2,\"name\":\"Parduotuv\u0117\",\"item\":\"https:\/\/levandupieva.lt\/parduotuve\/\"},{\"@type\":\"ListItem\",\"position\":3,\"name\":\"Laikiklis parfumeriniams lapeliams ar kt. susegti\"}]},{\"@type\":\"WebSite\",\"@id\":\"https:\/\/levandupieva.lt\/#website\",\"url\":\"https:\/\/levandupieva.lt\/\",\"name\":\"Levand\u0173 pieva\",\"description\":\"\",\"publisher\":{\"@id\":\"https:\/\/levandupieva.lt\/#organization\"},\"potentialAction\":[{\"@type\":\"SearchAction\",\"target\":{\"@type\":\"EntryPoint\",\"urlTemplate\":\"https:\/\/levandupieva.lt\/?s={search_term_string}\"},\"query-input\":{\"@type\":\"PropertyValueSpecification\",\"valueRequired\":true,\"valueName\":\"search_term_string\"}}],\"inLanguage\":\"en-GB\"},{\"@type\":\"Organization\",\"@id\":\"https:\/\/levandupieva.lt\/#organization\",\"name\":\"Levan\u0173 Pieva\",\"url\":\"https:\/\/levandupieva.lt\/\",\"logo\":{\"@type\":\"ImageObject\",\"inLanguage\":\"en-GB\",\"@id\":\"https:\/\/levandupieva.lt\/#\/schema\/logo\/image\/\",\"url\":\"https:\/\/levandupieva.lt\/wp-content\/uploads\/2021\/03\/cropped-logo-e1446013442350.png\",\"contentUrl\":\"https:\/\/levandupieva.lt\/wp-content\/uploads\/2021\/03\/cropped-logo-e1446013442350.png\",\"width\":654,\"height\":287,\"caption\":\"Levan\u0173 Pieva\"},\"image\":{\"@id\":\"https:\/\/levandupieva.lt\/#\/schema\/logo\/image\/\"},\"sameAs\":[\"https:\/\/www.facebook.com\/Levandupieva\"]}]}<\/script>\n<!-- \/ Yoast SEO plugin. -->","yoast_head_json":{"title":"Laikiklis parfumeriniams lapeliams ar kt. susegti - Levand\u0173 pieva","description":"Laikiklis gali b\u016bti naudojamas kvepal\u0173 gamyboje, t.y. parfumeriniams lapeliams (bloteriams) susegti ar vizit\u0117ms kortel\u0117ms, nuotraukoms ar kt. susegti, su mediniu pagrindu.\u00a0","robots":{"index":"index","follow":"follow","max-snippet":"max-snippet:-1","max-image-preview":"max-image-preview:large","max-video-preview":"max-video-preview:-1"},"canonical":"https:\/\/levandupieva.lt\/en\/product\/laikiklis-parfumeriniams-lapeliams-ar-kt-susegti\/","og_locale":"en_GB","og_type":"article","og_title":"Laikiklis parfumeriniams lapeliams ar kt. susegti - Levand\u0173 pieva","og_description":"Laikiklis gali b\u016bti naudojamas kvepal\u0173 gamyboje, t.y. parfumeriniams lapeliams (bloteriams) susegti ar vizit\u0117ms kortel\u0117ms, nuotraukoms ar kt. susegti, su mediniu pagrindu.\u00a0","og_url":"https:\/\/levandupieva.lt\/en\/product\/laikiklis-parfumeriniams-lapeliams-ar-kt-susegti\/","og_site_name":"Levand\u0173 pieva","article_publisher":"https:\/\/www.facebook.com\/Levandupieva","article_modified_time":"2026-02-15T16:04:09+00:00","og_image":[{"width":800,"height":800,"url":"https:\/\/levandupieva.lt\/wp-content\/uploads\/2025\/01\/bloter.png","type":"image\/png"}],"twitter_card":"summary_large_image","twitter_misc":{"Estimated reading time":"1 minute"},"schema":{"@context":"https:\/\/schema.org","@graph":[{"@type":"WebPage","@id":"https:\/\/levandupieva.lt\/produktas\/laikiklis-parfumeriniams-lapeliams-ar-kt-susegti\/","url":"https:\/\/levandupieva.lt\/produktas\/laikiklis-parfumeriniams-lapeliams-ar-kt-susegti\/","name":"Laikiklis parfumeriniams lapeliams ar kt. susegti - Levand\u0173 pieva","isPartOf":{"@id":"https:\/\/levandupieva.lt\/#website"},"primaryImageOfPage":{"@id":"https:\/\/levandupieva.lt\/produktas\/laikiklis-parfumeriniams-lapeliams-ar-kt-susegti\/#primaryimage"},"image":{"@id":"https:\/\/levandupieva.lt\/produktas\/laikiklis-parfumeriniams-lapeliams-ar-kt-susegti\/#primaryimage"},"thumbnailUrl":"https:\/\/levandupieva.lt\/wp-content\/uploads\/2025\/01\/bloter.png","datePublished":"2025-01-11T17:28:49+00:00","dateModified":"2026-02-15T16:04:09+00:00","description":"Laikiklis gali b\u016bti naudojamas kvepal\u0173 gamyboje, t.y. parfumeriniams lapeliams (bloteriams) susegti ar vizit\u0117ms kortel\u0117ms, nuotraukoms ar kt. susegti, su mediniu pagrindu.\u00a0","breadcrumb":{"@id":"https:\/\/levandupieva.lt\/produktas\/laikiklis-parfumeriniams-lapeliams-ar-kt-susegti\/#breadcrumb"},"inLanguage":"en-GB","potentialAction":[{"@type":"ReadAction","target":["https:\/\/levandupieva.lt\/produktas\/laikiklis-parfumeriniams-lapeliams-ar-kt-susegti\/"]}]},{"@type":"ImageObject","inLanguage":"en-GB","@id":"https:\/\/levandupieva.lt\/produktas\/laikiklis-parfumeriniams-lapeliams-ar-kt-susegti\/#primaryimage","url":"https:\/\/levandupieva.lt\/wp-content\/uploads\/2025\/01\/bloter.png","contentUrl":"https:\/\/levandupieva.lt\/wp-content\/uploads\/2025\/01\/bloter.png","width":800,"height":800},{"@type":"BreadcrumbList","@id":"https:\/\/levandupieva.lt\/produktas\/laikiklis-parfumeriniams-lapeliams-ar-kt-susegti\/#breadcrumb","itemListElement":[{"@type":"ListItem","position":1,"name":"Home","item":"https:\/\/levandupieva.lt\/"},{"@type":"ListItem","position":2,"name":"Parduotuv\u0117","item":"https:\/\/levandupieva.lt\/parduotuve\/"},{"@type":"ListItem","position":3,"name":"Laikiklis parfumeriniams lapeliams ar kt. susegti"}]},{"@type":"WebSite","@id":"https:\/\/levandupieva.lt\/#website","url":"https:\/\/levandupieva.lt\/","name":"Levand\u0173 pieva","description":"","publisher":{"@id":"https:\/\/levandupieva.lt\/#organization"},"potentialAction":[{"@type":"SearchAction","target":{"@type":"EntryPoint","urlTemplate":"https:\/\/levandupieva.lt\/?s={search_term_string}"},"query-input":{"@type":"PropertyValueSpecification","valueRequired":true,"valueName":"search_term_string"}}],"inLanguage":"en-GB"},{"@type":"Organization","@id":"https:\/\/levandupieva.lt\/#organization","name":"Levan\u0173 Pieva","url":"https:\/\/levandupieva.lt\/","logo":{"@type":"ImageObject","inLanguage":"en-GB","@id":"https:\/\/levandupieva.lt\/#\/schema\/logo\/image\/","url":"https:\/\/levandupieva.lt\/wp-content\/uploads\/2021\/03\/cropped-logo-e1446013442350.png","contentUrl":"https:\/\/levandupieva.lt\/wp-content\/uploads\/2021\/03\/cropped-logo-e1446013442350.png","width":654,"height":287,"caption":"Levan\u0173 Pieva"},"image":{"@id":"https:\/\/levandupieva.lt\/#\/schema\/logo\/image\/"},"sameAs":["https:\/\/www.facebook.com\/Levandupieva"]}]}},"_links":{"self":[{"href":"https:\/\/levandupieva.lt\/en\/wp-json\/wp\/v2\/product\/7130","targetHints":{"allow":["GET"]}}],"collection":[{"href":"https:\/\/levandupieva.lt\/en\/wp-json\/wp\/v2\/product"}],"about":[{"href":"https:\/\/levandupieva.lt\/en\/wp-json\/wp\/v2\/types\/product"}],"replies":[{"embeddable":true,"href":"https:\/\/levandupieva.lt\/en\/wp-json\/wp\/v2\/comments?post=7130"}],"wp:featuredmedia":[{"embeddable":true,"href":"https:\/\/levandupieva.lt\/en\/wp-json\/wp\/v2\/media\/7131"}],"wp:attachment":[{"href":"https:\/\/levandupieva.lt\/en\/wp-json\/wp\/v2\/media?parent=7130"}],"wp:term":[{"taxonomy":"product_brand","embeddable":true,"href":"https:\/\/levandupieva.lt\/en\/wp-json\/wp\/v2\/product_brand?post=7130"},{"taxonomy":"product_cat","embeddable":true,"href":"https:\/\/levandupieva.lt\/en\/wp-json\/wp\/v2\/product_cat?post=7130"},{"taxonomy":"product_tag","embeddable":true,"href":"https:\/\/levandupieva.lt\/en\/wp-json\/wp\/v2\/product_tag?post=7130"}],"curies":[{"name":"wp","href":"https:\/\/api.w.org\/{rel}","templated":true}]}}