{"id":7216,"date":"2025-01-24T14:56:29","date_gmt":"2025-01-24T14:56:29","guid":{"rendered":"https:\/\/levandupieva.lt\/?post_type=product&#038;p=7216"},"modified":"2026-03-20T15:28:40","modified_gmt":"2026-03-20T15:28:40","slug":"matrinio-stiklo-buteliukas-10-ml-su-purkstuku","status":"publish","type":"product","link":"https:\/\/levandupieva.lt\/en\/product\/matrinio-stiklo-buteliukas-10-ml-su-purkstuku\/","title":{"rendered":"Matinio stiklo buteliukas 10 ml su purk\u0161tuku (sidabrin\u0117s spalvos) kvepalams"},"content":{"rendered":"<p class=\"p1\"><span data-sheets-value=\"{&quot;1&quot;:2,&quot;2&quot;:&quot;Skaidraus stiklo buteliukas su stikline pipete (balto plastiko korpuso, dengta sidabro spalvos aliuminiu), 6 ml talpos. Puikiai tinka naudoti aliejams, serumams, aliejiniams kvepalams,kt. pana\u0161ios tekst\u016bros gaminiams. &quot;}\" data-sheets-userformat=\"{&quot;2&quot;:14847,&quot;3&quot;:{&quot;1&quot;:0,&quot;3&quot;:1},&quot;4&quot;:[null,2,16777215],&quot;5&quot;:{&quot;1&quot;:[{&quot;1&quot;:2,&quot;2&quot;:0,&quot;5&quot;:[null,2,0]},{&quot;1&quot;:0,&quot;2&quot;:0,&quot;3&quot;:3},{&quot;1&quot;:1,&quot;2&quot;:0,&quot;4&quot;:1}]},&quot;6&quot;:{&quot;1&quot;:[{&quot;1&quot;:2,&quot;2&quot;:0,&quot;5&quot;:[null,2,0]},{&quot;1&quot;:0,&quot;2&quot;:0,&quot;3&quot;:3},{&quot;1&quot;:1,&quot;2&quot;:0,&quot;4&quot;:1}]},&quot;7&quot;:{&quot;1&quot;:[{&quot;1&quot;:2,&quot;2&quot;:0,&quot;5&quot;:[null,2,0]},{&quot;1&quot;:0,&quot;2&quot;:0,&quot;3&quot;:3},{&quot;1&quot;:1,&quot;2&quot;:0,&quot;4&quot;:1}]},&quot;8&quot;:{&quot;1&quot;:[{&quot;1&quot;:2,&quot;2&quot;:0,&quot;5&quot;:[null,2,0]},{&quot;1&quot;:0,&quot;2&quot;:0,&quot;3&quot;:3},{&quot;1&quot;:1,&quot;2&quot;:0,&quot;4&quot;:1}]},&quot;9&quot;:0,&quot;10&quot;:1,&quot;11&quot;:4,&quot;14&quot;:[null,2,0],&quot;15&quot;:&quot;Arial&quot;,&quot;16&quot;:11}\">Matinio stiklo buteliukas 10 ml su purk\u0161tuku ir gaubteliu (sidabrin\u0117s spalvos).\u00a0 Puikiai tinka naudoti pur\u0161kiamiems kvepalams, kt. pana\u0161ios tekst\u016bros gaminiams.<\/span><\/p>\n<p>&nbsp;<\/p>","protected":false},"excerpt":{"rendered":"<p class=\"p1\"><span data-sheets-value=\"{&quot;1&quot;:2,&quot;2&quot;:&quot;Skaidraus stiklo buteliukas su stikline pipete (balto plastiko korpuso, dengta sidabro spalvos aliuminiu), 6 ml talpos. Puikiai tinka naudoti aliejams, serumams, aliejiniams kvepalams,kt. pana\u0161ios tekst\u016bros gaminiams. &quot;}\" data-sheets-userformat=\"{&quot;2&quot;:14847,&quot;3&quot;:{&quot;1&quot;:0,&quot;3&quot;:1},&quot;4&quot;:[null,2,16777215],&quot;5&quot;:{&quot;1&quot;:[{&quot;1&quot;:2,&quot;2&quot;:0,&quot;5&quot;:[null,2,0]},{&quot;1&quot;:0,&quot;2&quot;:0,&quot;3&quot;:3},{&quot;1&quot;:1,&quot;2&quot;:0,&quot;4&quot;:1}]},&quot;6&quot;:{&quot;1&quot;:[{&quot;1&quot;:2,&quot;2&quot;:0,&quot;5&quot;:[null,2,0]},{&quot;1&quot;:0,&quot;2&quot;:0,&quot;3&quot;:3},{&quot;1&quot;:1,&quot;2&quot;:0,&quot;4&quot;:1}]},&quot;7&quot;:{&quot;1&quot;:[{&quot;1&quot;:2,&quot;2&quot;:0,&quot;5&quot;:[null,2,0]},{&quot;1&quot;:0,&quot;2&quot;:0,&quot;3&quot;:3},{&quot;1&quot;:1,&quot;2&quot;:0,&quot;4&quot;:1}]},&quot;8&quot;:{&quot;1&quot;:[{&quot;1&quot;:2,&quot;2&quot;:0,&quot;5&quot;:[null,2,0]},{&quot;1&quot;:0,&quot;2&quot;:0,&quot;3&quot;:3},{&quot;1&quot;:1,&quot;2&quot;:0,&quot;4&quot;:1}]},&quot;9&quot;:0,&quot;10&quot;:1,&quot;11&quot;:4,&quot;14&quot;:[null,2,0],&quot;15&quot;:&quot;Arial&quot;,&quot;16&quot;:11}\">Matinio stiklo buteliukas 10 ml su purk\u0161tuku ir gaubteliu (sidabrin\u0117s spalvos).\u00a0 Puikiai tinka naudoti pur\u0161kiamiems kvepalams, kt. pana\u0161ios tekst\u016bros gaminiams.<\/span><\/p>\n<p>&nbsp;<\/p>\n<p>&nbsp;<\/p>\n<p>&nbsp;<\/p>","protected":false},"featured_media":7217,"comment_status":"closed","ping_status":"closed","template":"","meta":[],"product_brand":[],"product_cat":[73],"product_tag":[212,179],"class_list":{"0":"post-7216","1":"product","2":"type-product","3":"status-publish","4":"has-post-thumbnail","6":"product_cat-stiklo-tara","7":"product_tag-kvepalams","8":"product_tag-stiklo-buteliukas","10":"first","11":"instock","12":"sale","13":"shipping-taxable","14":"purchasable","15":"product-type-simple"},"yoast_head":"<!-- This site is optimized with the Yoast SEO plugin v24.8.1 - https:\/\/yoast.com\/wordpress\/plugins\/seo\/ -->\n<title>Matinio stiklo buteliukas 10 ml su purk\u0161tuku (sidabrin\u0117s spalvos) kvepalams - Levand\u0173 pieva<\/title>\n<meta name=\"description\" content=\"matrinio stiklo-buteliukas-10 ml-su-purkstuku (sidabrines spalvos)\" \/>\n<meta name=\"robots\" content=\"index, follow, max-snippet:-1, max-image-preview:large, max-video-preview:-1\" \/>\n<link rel=\"canonical\" href=\"https:\/\/levandupieva.lt\/en\/product\/matrinio-stiklo-buteliukas-10-ml-su-purkstuku\/\" \/>\n<meta property=\"og:locale\" content=\"en_GB\" \/>\n<meta property=\"og:type\" content=\"article\" \/>\n<meta property=\"og:title\" content=\"Matinio stiklo buteliukas 10 ml su purk\u0161tuku (sidabrin\u0117s spalvos) kvepalams - Levand\u0173 pieva\" \/>\n<meta property=\"og:description\" content=\"matrinio stiklo-buteliukas-10 ml-su-purkstuku (sidabrines spalvos)\" \/>\n<meta property=\"og:url\" content=\"https:\/\/levandupieva.lt\/en\/product\/matrinio-stiklo-buteliukas-10-ml-su-purkstuku\/\" \/>\n<meta property=\"og:site_name\" content=\"Levand\u0173 pieva\" \/>\n<meta property=\"article:publisher\" content=\"https:\/\/www.facebook.com\/Levandupieva\" \/>\n<meta property=\"article:modified_time\" content=\"2026-03-20T15:28:40+00:00\" \/>\n<meta property=\"og:image\" content=\"https:\/\/levandupieva.lt\/wp-content\/uploads\/2025\/01\/IMG_5006-scaled.jpg\" \/>\n\t<meta property=\"og:image:width\" content=\"1920\" \/>\n\t<meta property=\"og:image:height\" content=\"2560\" \/>\n\t<meta property=\"og:image:type\" content=\"image\/jpeg\" \/>\n<meta name=\"twitter:card\" content=\"summary_large_image\" \/>\n<meta name=\"twitter:label1\" content=\"Estimated reading time\" \/>\n\t<meta name=\"twitter:data1\" content=\"1 minute\" \/>\n<script type=\"application\/ld+json\" class=\"yoast-schema-graph\">{\"@context\":\"https:\/\/schema.org\",\"@graph\":[{\"@type\":\"WebPage\",\"@id\":\"https:\/\/levandupieva.lt\/produktas\/matrinio-stiklo-buteliukas-10-ml-su-purkstuku\/\",\"url\":\"https:\/\/levandupieva.lt\/produktas\/matrinio-stiklo-buteliukas-10-ml-su-purkstuku\/\",\"name\":\"Matinio stiklo buteliukas 10 ml su purk\u0161tuku (sidabrin\u0117s spalvos) kvepalams - Levand\u0173 pieva\",\"isPartOf\":{\"@id\":\"https:\/\/levandupieva.lt\/#website\"},\"primaryImageOfPage\":{\"@id\":\"https:\/\/levandupieva.lt\/produktas\/matrinio-stiklo-buteliukas-10-ml-su-purkstuku\/#primaryimage\"},\"image\":{\"@id\":\"https:\/\/levandupieva.lt\/produktas\/matrinio-stiklo-buteliukas-10-ml-su-purkstuku\/#primaryimage\"},\"thumbnailUrl\":\"https:\/\/levandupieva.lt\/wp-content\/uploads\/2025\/01\/IMG_5006-scaled.jpg\",\"datePublished\":\"2025-01-24T14:56:29+00:00\",\"dateModified\":\"2026-03-20T15:28:40+00:00\",\"description\":\"matrinio stiklo-buteliukas-10 ml-su-purkstuku (sidabrines spalvos)\",\"breadcrumb\":{\"@id\":\"https:\/\/levandupieva.lt\/produktas\/matrinio-stiklo-buteliukas-10-ml-su-purkstuku\/#breadcrumb\"},\"inLanguage\":\"en-GB\",\"potentialAction\":[{\"@type\":\"ReadAction\",\"target\":[\"https:\/\/levandupieva.lt\/produktas\/matrinio-stiklo-buteliukas-10-ml-su-purkstuku\/\"]}]},{\"@type\":\"ImageObject\",\"inLanguage\":\"en-GB\",\"@id\":\"https:\/\/levandupieva.lt\/produktas\/matrinio-stiklo-buteliukas-10-ml-su-purkstuku\/#primaryimage\",\"url\":\"https:\/\/levandupieva.lt\/wp-content\/uploads\/2025\/01\/IMG_5006-scaled.jpg\",\"contentUrl\":\"https:\/\/levandupieva.lt\/wp-content\/uploads\/2025\/01\/IMG_5006-scaled.jpg\",\"width\":1920,\"height\":2560},{\"@type\":\"BreadcrumbList\",\"@id\":\"https:\/\/levandupieva.lt\/produktas\/matrinio-stiklo-buteliukas-10-ml-su-purkstuku\/#breadcrumb\",\"itemListElement\":[{\"@type\":\"ListItem\",\"position\":1,\"name\":\"Home\",\"item\":\"https:\/\/levandupieva.lt\/\"},{\"@type\":\"ListItem\",\"position\":2,\"name\":\"Parduotuv\u0117\",\"item\":\"https:\/\/levandupieva.lt\/parduotuve\/\"},{\"@type\":\"ListItem\",\"position\":3,\"name\":\"Matinio stiklo buteliukas 10 ml su purk\u0161tuku (sidabrin\u0117s spalvos) kvepalams\"}]},{\"@type\":\"WebSite\",\"@id\":\"https:\/\/levandupieva.lt\/#website\",\"url\":\"https:\/\/levandupieva.lt\/\",\"name\":\"Levand\u0173 pieva\",\"description\":\"\",\"publisher\":{\"@id\":\"https:\/\/levandupieva.lt\/#organization\"},\"potentialAction\":[{\"@type\":\"SearchAction\",\"target\":{\"@type\":\"EntryPoint\",\"urlTemplate\":\"https:\/\/levandupieva.lt\/?s={search_term_string}\"},\"query-input\":{\"@type\":\"PropertyValueSpecification\",\"valueRequired\":true,\"valueName\":\"search_term_string\"}}],\"inLanguage\":\"en-GB\"},{\"@type\":\"Organization\",\"@id\":\"https:\/\/levandupieva.lt\/#organization\",\"name\":\"Levan\u0173 Pieva\",\"url\":\"https:\/\/levandupieva.lt\/\",\"logo\":{\"@type\":\"ImageObject\",\"inLanguage\":\"en-GB\",\"@id\":\"https:\/\/levandupieva.lt\/#\/schema\/logo\/image\/\",\"url\":\"https:\/\/levandupieva.lt\/wp-content\/uploads\/2021\/03\/cropped-logo-e1446013442350.png\",\"contentUrl\":\"https:\/\/levandupieva.lt\/wp-content\/uploads\/2021\/03\/cropped-logo-e1446013442350.png\",\"width\":654,\"height\":287,\"caption\":\"Levan\u0173 Pieva\"},\"image\":{\"@id\":\"https:\/\/levandupieva.lt\/#\/schema\/logo\/image\/\"},\"sameAs\":[\"https:\/\/www.facebook.com\/Levandupieva\"]}]}<\/script>\n<!-- \/ Yoast SEO plugin. -->","yoast_head_json":{"title":"Matinio stiklo buteliukas 10 ml su purk\u0161tuku (sidabrin\u0117s spalvos) kvepalams - Levand\u0173 pieva","description":"matrinio stiklo-buteliukas-10 ml-su-purkstuku (sidabrines spalvos)","robots":{"index":"index","follow":"follow","max-snippet":"max-snippet:-1","max-image-preview":"max-image-preview:large","max-video-preview":"max-video-preview:-1"},"canonical":"https:\/\/levandupieva.lt\/en\/product\/matrinio-stiklo-buteliukas-10-ml-su-purkstuku\/","og_locale":"en_GB","og_type":"article","og_title":"Matinio stiklo buteliukas 10 ml su purk\u0161tuku (sidabrin\u0117s spalvos) kvepalams - Levand\u0173 pieva","og_description":"matrinio stiklo-buteliukas-10 ml-su-purkstuku (sidabrines spalvos)","og_url":"https:\/\/levandupieva.lt\/en\/product\/matrinio-stiklo-buteliukas-10-ml-su-purkstuku\/","og_site_name":"Levand\u0173 pieva","article_publisher":"https:\/\/www.facebook.com\/Levandupieva","article_modified_time":"2026-03-20T15:28:40+00:00","og_image":[{"width":1920,"height":2560,"url":"https:\/\/levandupieva.lt\/wp-content\/uploads\/2025\/01\/IMG_5006-scaled.jpg","type":"image\/jpeg"}],"twitter_card":"summary_large_image","twitter_misc":{"Estimated reading time":"1 minute"},"schema":{"@context":"https:\/\/schema.org","@graph":[{"@type":"WebPage","@id":"https:\/\/levandupieva.lt\/produktas\/matrinio-stiklo-buteliukas-10-ml-su-purkstuku\/","url":"https:\/\/levandupieva.lt\/produktas\/matrinio-stiklo-buteliukas-10-ml-su-purkstuku\/","name":"Matinio stiklo buteliukas 10 ml su purk\u0161tuku (sidabrin\u0117s spalvos) kvepalams - Levand\u0173 pieva","isPartOf":{"@id":"https:\/\/levandupieva.lt\/#website"},"primaryImageOfPage":{"@id":"https:\/\/levandupieva.lt\/produktas\/matrinio-stiklo-buteliukas-10-ml-su-purkstuku\/#primaryimage"},"image":{"@id":"https:\/\/levandupieva.lt\/produktas\/matrinio-stiklo-buteliukas-10-ml-su-purkstuku\/#primaryimage"},"thumbnailUrl":"https:\/\/levandupieva.lt\/wp-content\/uploads\/2025\/01\/IMG_5006-scaled.jpg","datePublished":"2025-01-24T14:56:29+00:00","dateModified":"2026-03-20T15:28:40+00:00","description":"matrinio stiklo-buteliukas-10 ml-su-purkstuku (sidabrines spalvos)","breadcrumb":{"@id":"https:\/\/levandupieva.lt\/produktas\/matrinio-stiklo-buteliukas-10-ml-su-purkstuku\/#breadcrumb"},"inLanguage":"en-GB","potentialAction":[{"@type":"ReadAction","target":["https:\/\/levandupieva.lt\/produktas\/matrinio-stiklo-buteliukas-10-ml-su-purkstuku\/"]}]},{"@type":"ImageObject","inLanguage":"en-GB","@id":"https:\/\/levandupieva.lt\/produktas\/matrinio-stiklo-buteliukas-10-ml-su-purkstuku\/#primaryimage","url":"https:\/\/levandupieva.lt\/wp-content\/uploads\/2025\/01\/IMG_5006-scaled.jpg","contentUrl":"https:\/\/levandupieva.lt\/wp-content\/uploads\/2025\/01\/IMG_5006-scaled.jpg","width":1920,"height":2560},{"@type":"BreadcrumbList","@id":"https:\/\/levandupieva.lt\/produktas\/matrinio-stiklo-buteliukas-10-ml-su-purkstuku\/#breadcrumb","itemListElement":[{"@type":"ListItem","position":1,"name":"Home","item":"https:\/\/levandupieva.lt\/"},{"@type":"ListItem","position":2,"name":"Parduotuv\u0117","item":"https:\/\/levandupieva.lt\/parduotuve\/"},{"@type":"ListItem","position":3,"name":"Matinio stiklo buteliukas 10 ml su purk\u0161tuku (sidabrin\u0117s spalvos) kvepalams"}]},{"@type":"WebSite","@id":"https:\/\/levandupieva.lt\/#website","url":"https:\/\/levandupieva.lt\/","name":"Levand\u0173 pieva","description":"","publisher":{"@id":"https:\/\/levandupieva.lt\/#organization"},"potentialAction":[{"@type":"SearchAction","target":{"@type":"EntryPoint","urlTemplate":"https:\/\/levandupieva.lt\/?s={search_term_string}"},"query-input":{"@type":"PropertyValueSpecification","valueRequired":true,"valueName":"search_term_string"}}],"inLanguage":"en-GB"},{"@type":"Organization","@id":"https:\/\/levandupieva.lt\/#organization","name":"Levan\u0173 Pieva","url":"https:\/\/levandupieva.lt\/","logo":{"@type":"ImageObject","inLanguage":"en-GB","@id":"https:\/\/levandupieva.lt\/#\/schema\/logo\/image\/","url":"https:\/\/levandupieva.lt\/wp-content\/uploads\/2021\/03\/cropped-logo-e1446013442350.png","contentUrl":"https:\/\/levandupieva.lt\/wp-content\/uploads\/2021\/03\/cropped-logo-e1446013442350.png","width":654,"height":287,"caption":"Levan\u0173 Pieva"},"image":{"@id":"https:\/\/levandupieva.lt\/#\/schema\/logo\/image\/"},"sameAs":["https:\/\/www.facebook.com\/Levandupieva"]}]}},"_links":{"self":[{"href":"https:\/\/levandupieva.lt\/en\/wp-json\/wp\/v2\/product\/7216","targetHints":{"allow":["GET"]}}],"collection":[{"href":"https:\/\/levandupieva.lt\/en\/wp-json\/wp\/v2\/product"}],"about":[{"href":"https:\/\/levandupieva.lt\/en\/wp-json\/wp\/v2\/types\/product"}],"replies":[{"embeddable":true,"href":"https:\/\/levandupieva.lt\/en\/wp-json\/wp\/v2\/comments?post=7216"}],"wp:featuredmedia":[{"embeddable":true,"href":"https:\/\/levandupieva.lt\/en\/wp-json\/wp\/v2\/media\/7217"}],"wp:attachment":[{"href":"https:\/\/levandupieva.lt\/en\/wp-json\/wp\/v2\/media?parent=7216"}],"wp:term":[{"taxonomy":"product_brand","embeddable":true,"href":"https:\/\/levandupieva.lt\/en\/wp-json\/wp\/v2\/product_brand?post=7216"},{"taxonomy":"product_cat","embeddable":true,"href":"https:\/\/levandupieva.lt\/en\/wp-json\/wp\/v2\/product_cat?post=7216"},{"taxonomy":"product_tag","embeddable":true,"href":"https:\/\/levandupieva.lt\/en\/wp-json\/wp\/v2\/product_tag?post=7216"}],"curies":[{"name":"wp","href":"https:\/\/api.w.org\/{rel}","templated":true}]}}