{"id":7243,"date":"2025-02-07T13:43:48","date_gmt":"2025-02-07T13:43:48","guid":{"rendered":"https:\/\/levandupieva.lt\/?post_type=product&#038;p=7243"},"modified":"2026-02-04T09:27:20","modified_gmt":"2026-02-04T09:27:20","slug":"kapsuliavimo-aparatas-00-dydis","status":"publish","type":"product","link":"https:\/\/levandupieva.lt\/en\/product\/kapsuliavimo-aparatas-00-dydis\/","title":{"rendered":"Kapsuliavimo aparatas 24 kapsul\u0117ms 00 dydis"},"content":{"rendered":"<p>\u0160is kapsulavimo \u012frenginys bus j\u016bs\u0173 idealus kompanionas gaminant asmenines aliejinio pagrindo ar biraus pagrindo kapsules. D\u0117l 24 skyli\u0173 greitai paruo\u0161ite savo nat\u016bralaus gro\u017eio ir geros savijautos mi\u0161inius. \u0160is kapsulinis buteliukas buvo specialiai sukurtas taip, kad puikiai prisitaikyt\u0173 prie 00 dyd\u017eio kapsuli\u0173. Dydis 00 yra standartinis dydis (ilgis 23,5 mm plotis 8,5 mm), kur kapsules galite \u012fsigyti i\u0161 savo turimo tiek\u0117jo.<\/p>\n<p><strong>Kaip naudoti (u\u017epildant aliejiniu mi\u0161iniu):\u00a0<\/strong><\/p>\n<p><iframe loading=\"lazy\" title=\"Pr\u00e9parer des m\u00e9langes d&#039;huiles avec le g\u00e9lulier Aroma-Zone\" width=\"1140\" height=\"641\" src=\"https:\/\/www.youtube.com\/embed\/7DjjeiT7F30?feature=oembed\" frameborder=\"0\" allow=\"accelerometer; autoplay; clipboard-write; encrypted-media; gyroscope; picture-in-picture; web-share\" referrerpolicy=\"strict-origin-when-cross-origin\" allowfullscreen><\/iframe><\/p>\n<p><strong>Kaip naudoti (<\/strong><strong>u\u017epildyti savo kapsules augal\u0173 milteliais):\u00a0<\/strong><\/p>\n<p>&nbsp;<\/p>\n<p><iframe loading=\"lazy\" title=\"Pr\u00e9parer des m\u00e9langes poudreux avec le g\u00e9lulier Aroma-Zone\" width=\"1140\" height=\"641\" src=\"https:\/\/www.youtube.com\/embed\/0gExuPWldG0?start=70&#038;feature=oembed\" frameborder=\"0\" allow=\"accelerometer; autoplay; clipboard-write; encrypted-media; gyroscope; picture-in-picture; web-share\" referrerpolicy=\"strict-origin-when-cross-origin\" allowfullscreen><\/iframe><\/p>","protected":false},"excerpt":{"rendered":"<p>\u0160is kapsulavimo \u012frenginys bus j\u016bs\u0173 idealus kompanionas gaminant asmenines aliejinio pagrindo ar biraus pagrindo kapsules. D\u0117l 24 skyli\u0173 greitai paruo\u0161ite savo nat\u016bralaus gro\u017eio ir geros savijautos mi\u0161inius. \u0160is kapsulinis buteliukas buvo specialiai sukurtas taip, kad puikiai prisitaikyt\u0173 prie 00 dyd\u017eio kapsuli\u0173. Dydis 00 yra standartinis dydis (ilgis 23,5 mm plotis 8,5 mm), kur kapsules galite \u012fsigyti i\u0161 savo turimo tiek\u0117jo.<\/p>\n<p><strong>Kaip naudoti (u\u017epildant aliejiniu mi\u0161iniu):\u00a0<\/strong><\/p>\n[embed]https:\/\/www.youtube.com\/watch?v=7DjjeiT7F30[\/embed]\n<p>&nbsp;<\/p>\n<p><strong>Kaip naudoti (<\/strong><strong>u\u017epildyti savo kapsules augal\u0173 milteliais):\u00a0<\/strong><\/p>\n<p>&nbsp;<\/p>\n[embed]https:\/\/www.youtube.com\/watch?v=0gExuPWldG0&amp;t=70s[\/embed]","protected":false},"featured_media":7244,"comment_status":"open","ping_status":"closed","template":"","meta":[],"product_brand":[],"product_cat":[167],"product_tag":[198,205,200,199],"class_list":{"0":"post-7243","1":"product","2":"type-product","3":"status-publish","4":"has-post-thumbnail","6":"product_cat-laboratoriju-priemones","7":"product_tag-kapsules","8":"product_tag-kapsuliavimo-aparatas","9":"product_tag-tuscios-kapsules","10":"product_tag-zelatino-kapsules","12":"first","13":"outofstock","14":"shipping-taxable","15":"purchasable","16":"product-type-simple"},"yoast_head":"<!-- This site is optimized with the Yoast SEO plugin v24.8.1 - https:\/\/yoast.com\/wordpress\/plugins\/seo\/ -->\n<title>Kapsuliavimo aparatas 24 kapsul\u0117ms 00 dydis - Levand\u0173 pieva<\/title>\n<meta name=\"description\" content=\"\u0160ios skaidrios\u00a0 00\u00a0 dyd\u017eio kapsul\u0117s ( ilgis 23,5 mm, diametras 8,,5 mm, talpa 0,91 ml) yra pagamintos i\u0161 pululano, gauto nat\u016bralios fermentacijos b\u016bdu i\u0161 tapijokos. Lengva naudoti, gal\u0117site pasidaryti savo asmenines kapsules u\u017epildydami jas milteliais arba augaliniais aliejais.\u00a0 Be GMO, be glitimo, be titano ir be konservant\u0173, \u0161ios kapsul\u0117s visi\u0161kai atitinka j\u016bs\u0173 po\u017ei\u016br\u012f \u012f nat\u016brali\u0173 ir sveik\u0173 produkt\u0173 vartojim\u0105. Jie taip pat tinka vegani\u0161kai, ko\u0161erinei mitybai.\u00a0Kapsuli\u0173 sud\u0117tis: pululanas, kalio chloridas (&lt;2%), karageninas (&lt;0,5%) - nat\u016bralus maisto priedas, i\u0161gaunamas i\u0161 raudon\u0173j\u0173 j\u016bros dumbli\u0173.\" \/>\n<meta name=\"robots\" content=\"index, follow, max-snippet:-1, max-image-preview:large, max-video-preview:-1\" \/>\n<link rel=\"canonical\" href=\"https:\/\/levandupieva.lt\/en\/product\/kapsuliavimo-aparatas-00-dydis\/\" \/>\n<meta property=\"og:locale\" content=\"en_GB\" \/>\n<meta property=\"og:type\" content=\"article\" \/>\n<meta property=\"og:title\" content=\"Kapsuliavimo aparatas 24 kapsul\u0117ms 00 dydis - Levand\u0173 pieva\" \/>\n<meta property=\"og:description\" content=\"\u0160ios skaidrios\u00a0 00\u00a0 dyd\u017eio kapsul\u0117s ( ilgis 23,5 mm, diametras 8,,5 mm, talpa 0,91 ml) yra pagamintos i\u0161 pululano, gauto nat\u016bralios fermentacijos b\u016bdu i\u0161 tapijokos. Lengva naudoti, gal\u0117site pasidaryti savo asmenines kapsules u\u017epildydami jas milteliais arba augaliniais aliejais.\u00a0 Be GMO, be glitimo, be titano ir be konservant\u0173, \u0161ios kapsul\u0117s visi\u0161kai atitinka j\u016bs\u0173 po\u017ei\u016br\u012f \u012f nat\u016brali\u0173 ir sveik\u0173 produkt\u0173 vartojim\u0105. Jie taip pat tinka vegani\u0161kai, ko\u0161erinei mitybai.\u00a0Kapsuli\u0173 sud\u0117tis: pululanas, kalio chloridas (&lt;2%), karageninas (&lt;0,5%) - nat\u016bralus maisto priedas, i\u0161gaunamas i\u0161 raudon\u0173j\u0173 j\u016bros dumbli\u0173.\" \/>\n<meta property=\"og:url\" content=\"https:\/\/levandupieva.lt\/en\/product\/kapsuliavimo-aparatas-00-dydis\/\" \/>\n<meta property=\"og:site_name\" content=\"Levand\u0173 pieva\" \/>\n<meta property=\"article:publisher\" content=\"https:\/\/www.facebook.com\/Levandupieva\" \/>\n<meta property=\"article:modified_time\" content=\"2026-02-04T09:27:20+00:00\" \/>\n<meta property=\"og:image\" content=\"https:\/\/levandupieva.lt\/wp-content\/uploads\/2025\/02\/IMG_5082-scaled.jpeg\" \/>\n\t<meta property=\"og:image:width\" content=\"2130\" \/>\n\t<meta property=\"og:image:height\" content=\"2560\" \/>\n\t<meta property=\"og:image:type\" content=\"image\/jpeg\" \/>\n<meta name=\"twitter:card\" content=\"summary_large_image\" \/>\n<meta name=\"twitter:label1\" content=\"Estimated reading time\" \/>\n\t<meta name=\"twitter:data1\" content=\"1 minute\" \/>\n<script type=\"application\/ld+json\" class=\"yoast-schema-graph\">{\"@context\":\"https:\/\/schema.org\",\"@graph\":[{\"@type\":\"WebPage\",\"@id\":\"https:\/\/levandupieva.lt\/produktas\/kapsuliavimo-aparatas-00-dydis\/\",\"url\":\"https:\/\/levandupieva.lt\/produktas\/kapsuliavimo-aparatas-00-dydis\/\",\"name\":\"Kapsuliavimo aparatas 24 kapsul\u0117ms 00 dydis - Levand\u0173 pieva\",\"isPartOf\":{\"@id\":\"https:\/\/levandupieva.lt\/#website\"},\"primaryImageOfPage\":{\"@id\":\"https:\/\/levandupieva.lt\/produktas\/kapsuliavimo-aparatas-00-dydis\/#primaryimage\"},\"image\":{\"@id\":\"https:\/\/levandupieva.lt\/produktas\/kapsuliavimo-aparatas-00-dydis\/#primaryimage\"},\"thumbnailUrl\":\"https:\/\/levandupieva.lt\/wp-content\/uploads\/2025\/02\/IMG_5082-scaled.jpeg\",\"datePublished\":\"2025-02-07T13:43:48+00:00\",\"dateModified\":\"2026-02-04T09:27:20+00:00\",\"description\":\"\u0160ios skaidrios\u00a0 00\u00a0 dyd\u017eio kapsul\u0117s ( ilgis 23,5 mm, diametras 8,,5 mm, talpa 0,91 ml) yra pagamintos i\u0161 pululano, gauto nat\u016bralios fermentacijos b\u016bdu i\u0161 tapijokos. Lengva naudoti, gal\u0117site pasidaryti savo asmenines kapsules u\u017epildydami jas milteliais arba augaliniais aliejais.\u00a0 Be GMO, be glitimo, be titano ir be konservant\u0173, \u0161ios kapsul\u0117s visi\u0161kai atitinka j\u016bs\u0173 po\u017ei\u016br\u012f \u012f nat\u016brali\u0173 ir sveik\u0173 produkt\u0173 vartojim\u0105. Jie taip pat tinka vegani\u0161kai, ko\u0161erinei mitybai.\u00a0Kapsuli\u0173 sud\u0117tis: pululanas, kalio chloridas (&lt;2%), karageninas (&lt;0,5%) - nat\u016bralus maisto priedas, i\u0161gaunamas i\u0161 raudon\u0173j\u0173 j\u016bros dumbli\u0173.\",\"breadcrumb\":{\"@id\":\"https:\/\/levandupieva.lt\/produktas\/kapsuliavimo-aparatas-00-dydis\/#breadcrumb\"},\"inLanguage\":\"en-GB\",\"potentialAction\":[{\"@type\":\"ReadAction\",\"target\":[\"https:\/\/levandupieva.lt\/produktas\/kapsuliavimo-aparatas-00-dydis\/\"]}]},{\"@type\":\"ImageObject\",\"inLanguage\":\"en-GB\",\"@id\":\"https:\/\/levandupieva.lt\/produktas\/kapsuliavimo-aparatas-00-dydis\/#primaryimage\",\"url\":\"https:\/\/levandupieva.lt\/wp-content\/uploads\/2025\/02\/IMG_5082-scaled.jpeg\",\"contentUrl\":\"https:\/\/levandupieva.lt\/wp-content\/uploads\/2025\/02\/IMG_5082-scaled.jpeg\",\"width\":2130,\"height\":2560},{\"@type\":\"BreadcrumbList\",\"@id\":\"https:\/\/levandupieva.lt\/produktas\/kapsuliavimo-aparatas-00-dydis\/#breadcrumb\",\"itemListElement\":[{\"@type\":\"ListItem\",\"position\":1,\"name\":\"Home\",\"item\":\"https:\/\/levandupieva.lt\/\"},{\"@type\":\"ListItem\",\"position\":2,\"name\":\"Parduotuv\u0117\",\"item\":\"https:\/\/levandupieva.lt\/parduotuve\/\"},{\"@type\":\"ListItem\",\"position\":3,\"name\":\"Kapsuliavimo aparatas 24 kapsul\u0117ms 00 dydis\"}]},{\"@type\":\"WebSite\",\"@id\":\"https:\/\/levandupieva.lt\/#website\",\"url\":\"https:\/\/levandupieva.lt\/\",\"name\":\"Levand\u0173 pieva\",\"description\":\"\",\"publisher\":{\"@id\":\"https:\/\/levandupieva.lt\/#organization\"},\"potentialAction\":[{\"@type\":\"SearchAction\",\"target\":{\"@type\":\"EntryPoint\",\"urlTemplate\":\"https:\/\/levandupieva.lt\/?s={search_term_string}\"},\"query-input\":{\"@type\":\"PropertyValueSpecification\",\"valueRequired\":true,\"valueName\":\"search_term_string\"}}],\"inLanguage\":\"en-GB\"},{\"@type\":\"Organization\",\"@id\":\"https:\/\/levandupieva.lt\/#organization\",\"name\":\"Levan\u0173 Pieva\",\"url\":\"https:\/\/levandupieva.lt\/\",\"logo\":{\"@type\":\"ImageObject\",\"inLanguage\":\"en-GB\",\"@id\":\"https:\/\/levandupieva.lt\/#\/schema\/logo\/image\/\",\"url\":\"https:\/\/levandupieva.lt\/wp-content\/uploads\/2021\/03\/cropped-logo-e1446013442350.png\",\"contentUrl\":\"https:\/\/levandupieva.lt\/wp-content\/uploads\/2021\/03\/cropped-logo-e1446013442350.png\",\"width\":654,\"height\":287,\"caption\":\"Levan\u0173 Pieva\"},\"image\":{\"@id\":\"https:\/\/levandupieva.lt\/#\/schema\/logo\/image\/\"},\"sameAs\":[\"https:\/\/www.facebook.com\/Levandupieva\"]}]}<\/script>\n<!-- \/ Yoast SEO plugin. -->","yoast_head_json":{"title":"Kapsuliavimo aparatas 24 kapsul\u0117ms 00 dydis - Levand\u0173 pieva","description":"\u0160ios skaidrios\u00a0 00\u00a0 dyd\u017eio kapsul\u0117s ( ilgis 23,5 mm, diametras 8,,5 mm, talpa 0,91 ml) yra pagamintos i\u0161 pululano, gauto nat\u016bralios fermentacijos b\u016bdu i\u0161 tapijokos. Lengva naudoti, gal\u0117site pasidaryti savo asmenines kapsules u\u017epildydami jas milteliais arba augaliniais aliejais.\u00a0 Be GMO, be glitimo, be titano ir be konservant\u0173, \u0161ios kapsul\u0117s visi\u0161kai atitinka j\u016bs\u0173 po\u017ei\u016br\u012f \u012f nat\u016brali\u0173 ir sveik\u0173 produkt\u0173 vartojim\u0105. Jie taip pat tinka vegani\u0161kai, ko\u0161erinei mitybai.\u00a0Kapsuli\u0173 sud\u0117tis: pululanas, kalio chloridas (&lt;2%), karageninas (&lt;0,5%) - nat\u016bralus maisto priedas, i\u0161gaunamas i\u0161 raudon\u0173j\u0173 j\u016bros dumbli\u0173.","robots":{"index":"index","follow":"follow","max-snippet":"max-snippet:-1","max-image-preview":"max-image-preview:large","max-video-preview":"max-video-preview:-1"},"canonical":"https:\/\/levandupieva.lt\/en\/product\/kapsuliavimo-aparatas-00-dydis\/","og_locale":"en_GB","og_type":"article","og_title":"Kapsuliavimo aparatas 24 kapsul\u0117ms 00 dydis - Levand\u0173 pieva","og_description":"\u0160ios skaidrios\u00a0 00\u00a0 dyd\u017eio kapsul\u0117s ( ilgis 23,5 mm, diametras 8,,5 mm, talpa 0,91 ml) yra pagamintos i\u0161 pululano, gauto nat\u016bralios fermentacijos b\u016bdu i\u0161 tapijokos. Lengva naudoti, gal\u0117site pasidaryti savo asmenines kapsules u\u017epildydami jas milteliais arba augaliniais aliejais.\u00a0 Be GMO, be glitimo, be titano ir be konservant\u0173, \u0161ios kapsul\u0117s visi\u0161kai atitinka j\u016bs\u0173 po\u017ei\u016br\u012f \u012f nat\u016brali\u0173 ir sveik\u0173 produkt\u0173 vartojim\u0105. Jie taip pat tinka vegani\u0161kai, ko\u0161erinei mitybai.\u00a0Kapsuli\u0173 sud\u0117tis: pululanas, kalio chloridas (&lt;2%), karageninas (&lt;0,5%) - nat\u016bralus maisto priedas, i\u0161gaunamas i\u0161 raudon\u0173j\u0173 j\u016bros dumbli\u0173.","og_url":"https:\/\/levandupieva.lt\/en\/product\/kapsuliavimo-aparatas-00-dydis\/","og_site_name":"Levand\u0173 pieva","article_publisher":"https:\/\/www.facebook.com\/Levandupieva","article_modified_time":"2026-02-04T09:27:20+00:00","og_image":[{"width":2130,"height":2560,"url":"https:\/\/levandupieva.lt\/wp-content\/uploads\/2025\/02\/IMG_5082-scaled.jpeg","type":"image\/jpeg"}],"twitter_card":"summary_large_image","twitter_misc":{"Estimated reading time":"1 minute"},"schema":{"@context":"https:\/\/schema.org","@graph":[{"@type":"WebPage","@id":"https:\/\/levandupieva.lt\/produktas\/kapsuliavimo-aparatas-00-dydis\/","url":"https:\/\/levandupieva.lt\/produktas\/kapsuliavimo-aparatas-00-dydis\/","name":"Kapsuliavimo aparatas 24 kapsul\u0117ms 00 dydis - Levand\u0173 pieva","isPartOf":{"@id":"https:\/\/levandupieva.lt\/#website"},"primaryImageOfPage":{"@id":"https:\/\/levandupieva.lt\/produktas\/kapsuliavimo-aparatas-00-dydis\/#primaryimage"},"image":{"@id":"https:\/\/levandupieva.lt\/produktas\/kapsuliavimo-aparatas-00-dydis\/#primaryimage"},"thumbnailUrl":"https:\/\/levandupieva.lt\/wp-content\/uploads\/2025\/02\/IMG_5082-scaled.jpeg","datePublished":"2025-02-07T13:43:48+00:00","dateModified":"2026-02-04T09:27:20+00:00","description":"\u0160ios skaidrios\u00a0 00\u00a0 dyd\u017eio kapsul\u0117s ( ilgis 23,5 mm, diametras 8,,5 mm, talpa 0,91 ml) yra pagamintos i\u0161 pululano, gauto nat\u016bralios fermentacijos b\u016bdu i\u0161 tapijokos. Lengva naudoti, gal\u0117site pasidaryti savo asmenines kapsules u\u017epildydami jas milteliais arba augaliniais aliejais.\u00a0 Be GMO, be glitimo, be titano ir be konservant\u0173, \u0161ios kapsul\u0117s visi\u0161kai atitinka j\u016bs\u0173 po\u017ei\u016br\u012f \u012f nat\u016brali\u0173 ir sveik\u0173 produkt\u0173 vartojim\u0105. Jie taip pat tinka vegani\u0161kai, ko\u0161erinei mitybai.\u00a0Kapsuli\u0173 sud\u0117tis: pululanas, kalio chloridas (&lt;2%), karageninas (&lt;0,5%) - nat\u016bralus maisto priedas, i\u0161gaunamas i\u0161 raudon\u0173j\u0173 j\u016bros dumbli\u0173.","breadcrumb":{"@id":"https:\/\/levandupieva.lt\/produktas\/kapsuliavimo-aparatas-00-dydis\/#breadcrumb"},"inLanguage":"en-GB","potentialAction":[{"@type":"ReadAction","target":["https:\/\/levandupieva.lt\/produktas\/kapsuliavimo-aparatas-00-dydis\/"]}]},{"@type":"ImageObject","inLanguage":"en-GB","@id":"https:\/\/levandupieva.lt\/produktas\/kapsuliavimo-aparatas-00-dydis\/#primaryimage","url":"https:\/\/levandupieva.lt\/wp-content\/uploads\/2025\/02\/IMG_5082-scaled.jpeg","contentUrl":"https:\/\/levandupieva.lt\/wp-content\/uploads\/2025\/02\/IMG_5082-scaled.jpeg","width":2130,"height":2560},{"@type":"BreadcrumbList","@id":"https:\/\/levandupieva.lt\/produktas\/kapsuliavimo-aparatas-00-dydis\/#breadcrumb","itemListElement":[{"@type":"ListItem","position":1,"name":"Home","item":"https:\/\/levandupieva.lt\/"},{"@type":"ListItem","position":2,"name":"Parduotuv\u0117","item":"https:\/\/levandupieva.lt\/parduotuve\/"},{"@type":"ListItem","position":3,"name":"Kapsuliavimo aparatas 24 kapsul\u0117ms 00 dydis"}]},{"@type":"WebSite","@id":"https:\/\/levandupieva.lt\/#website","url":"https:\/\/levandupieva.lt\/","name":"Levand\u0173 pieva","description":"","publisher":{"@id":"https:\/\/levandupieva.lt\/#organization"},"potentialAction":[{"@type":"SearchAction","target":{"@type":"EntryPoint","urlTemplate":"https:\/\/levandupieva.lt\/?s={search_term_string}"},"query-input":{"@type":"PropertyValueSpecification","valueRequired":true,"valueName":"search_term_string"}}],"inLanguage":"en-GB"},{"@type":"Organization","@id":"https:\/\/levandupieva.lt\/#organization","name":"Levan\u0173 Pieva","url":"https:\/\/levandupieva.lt\/","logo":{"@type":"ImageObject","inLanguage":"en-GB","@id":"https:\/\/levandupieva.lt\/#\/schema\/logo\/image\/","url":"https:\/\/levandupieva.lt\/wp-content\/uploads\/2021\/03\/cropped-logo-e1446013442350.png","contentUrl":"https:\/\/levandupieva.lt\/wp-content\/uploads\/2021\/03\/cropped-logo-e1446013442350.png","width":654,"height":287,"caption":"Levan\u0173 Pieva"},"image":{"@id":"https:\/\/levandupieva.lt\/#\/schema\/logo\/image\/"},"sameAs":["https:\/\/www.facebook.com\/Levandupieva"]}]}},"_links":{"self":[{"href":"https:\/\/levandupieva.lt\/en\/wp-json\/wp\/v2\/product\/7243","targetHints":{"allow":["GET"]}}],"collection":[{"href":"https:\/\/levandupieva.lt\/en\/wp-json\/wp\/v2\/product"}],"about":[{"href":"https:\/\/levandupieva.lt\/en\/wp-json\/wp\/v2\/types\/product"}],"replies":[{"embeddable":true,"href":"https:\/\/levandupieva.lt\/en\/wp-json\/wp\/v2\/comments?post=7243"}],"wp:featuredmedia":[{"embeddable":true,"href":"https:\/\/levandupieva.lt\/en\/wp-json\/wp\/v2\/media\/7244"}],"wp:attachment":[{"href":"https:\/\/levandupieva.lt\/en\/wp-json\/wp\/v2\/media?parent=7243"}],"wp:term":[{"taxonomy":"product_brand","embeddable":true,"href":"https:\/\/levandupieva.lt\/en\/wp-json\/wp\/v2\/product_brand?post=7243"},{"taxonomy":"product_cat","embeddable":true,"href":"https:\/\/levandupieva.lt\/en\/wp-json\/wp\/v2\/product_cat?post=7243"},{"taxonomy":"product_tag","embeddable":true,"href":"https:\/\/levandupieva.lt\/en\/wp-json\/wp\/v2\/product_tag?post=7243"}],"curies":[{"name":"wp","href":"https:\/\/api.w.org\/{rel}","templated":true}]}}