{"id":7282,"date":"2025-02-12T10:09:14","date_gmt":"2025-02-12T10:09:14","guid":{"rendered":"https:\/\/levandupieva.lt\/?post_type=product&#038;p=7282"},"modified":"2025-12-29T07:43:34","modified_gmt":"2025-12-29T07:43:34","slug":"kisenines-svarstykles-padalos-verte-001-g","status":"publish","type":"product","link":"https:\/\/levandupieva.lt\/en\/product\/kisenines-svarstykles-padalos-verte-001-g\/","title":{"rendered":"Ki\u0161enin\u0117s svarstykl\u0117s, padalos vert\u0117 0,01 g"},"content":{"rendered":"<p>Ki\u0161enin\u0117s svarstykl\u0117s su ypa\u010d greita reakcija ir stabilizavimo laiku, tod\u0117l galite dirbti itin efektyviai. Tikslumas &#8211; 0,01 g., maksimali apkrova 500 g.. Svarstykli\u0173 plotis 10,5 cm*12,8 cm. Gali b\u016bti naudojama tiek kosmetikos tiek maisto produktams sverti. Sv\u0117rimo plok\u0161tel\u0117 i\u0161 ner\u016bdijan\u010dio plieno, lengvai valoma. Turi plastikin\u012f pad\u0117kliuk\u0105, anr kurio galima u\u017ed\u0117ti birius produktus arba pad\u0117ti ant svarstykli\u0173 prie\u0161 sveriant, kad ma\u017eiau brai\u017eyt\u0173si.. <strong>\u012e svarstykles dedamos dvi AAA baterijos (baterijos ne\u012feina \u012f svarstykli\u0173 komplekt\u0105).<\/strong><\/p>","protected":false},"excerpt":{"rendered":"<p>Ki\u0161enin\u0117s svarstykl\u0117s su ypa\u010d greita reakcija ir stabilizavimo laiku, tod\u0117l galite dirbti itin efektyviai. Tikslumas &#8211; 0,01 g., maksimali apkrova 500 g.. Svarstykli\u0173 plotis 10,5 cm*12,8 cm. Gali b\u016bti naudojama tiek kosmetikos tiek maisto produktams sverti. Sv\u0117rimo plok\u0161tel\u0117 i\u0161 ner\u016bdijan\u010dio plieno, lengvai valoma. Turi plastikin\u012f pad\u0117kliuk\u0105, anr kurio galima u\u017ed\u0117ti birius produktus arba pad\u0117ti ant svarstykli\u0173 prie\u0161 sveriant, kad ma\u017eiau brai\u017eyt\u0173si.. <strong>\u012e svarstykles dedamos dvi AAA baterijos (baterijos ne\u012feina \u012f svarstykli\u0173 komplekt\u0105).<\/strong><\/p>","protected":false},"featured_media":7283,"comment_status":"open","ping_status":"closed","template":"","meta":[],"product_brand":[],"product_cat":[167],"product_tag":[213,215],"class_list":{"0":"post-7282","1":"product","2":"type-product","3":"status-publish","4":"has-post-thumbnail","6":"product_cat-laboratoriju-priemones","7":"product_tag-kosmetikos-gamybai","8":"product_tag-kvepalu-gamybai","10":"first","11":"instock","12":"shipping-taxable","13":"purchasable","14":"product-type-simple"},"yoast_head":"<!-- This site is optimized with the Yoast SEO plugin v24.8.1 - https:\/\/yoast.com\/wordpress\/plugins\/seo\/ -->\n<title>Ki\u0161enin\u0117s svarstykl\u0117s, padalos vert\u0117 0,01 g - Levand\u0173 pieva<\/title>\n<meta name=\"description\" content=\"Mai\u0161ymo lazdel\u0117 (stiklin\u0117) apvalintais galiukais, ilgis - 15 cm. Mentel\u0117 puikiai tinka ingredientams mai\u0161yti, atspari auk\u0161tai ar \u017eemai temperat\u016brai.\" \/>\n<meta name=\"robots\" content=\"index, follow, max-snippet:-1, max-image-preview:large, max-video-preview:-1\" \/>\n<link rel=\"canonical\" href=\"https:\/\/levandupieva.lt\/en\/product\/kisenines-svarstykles-padalos-verte-001-g\/\" \/>\n<meta property=\"og:locale\" content=\"en_GB\" \/>\n<meta property=\"og:type\" content=\"article\" \/>\n<meta property=\"og:title\" content=\"Ki\u0161enin\u0117s svarstykl\u0117s, padalos vert\u0117 0,01 g - Levand\u0173 pieva\" \/>\n<meta property=\"og:description\" content=\"Mai\u0161ymo lazdel\u0117 (stiklin\u0117) apvalintais galiukais, ilgis - 15 cm. Mentel\u0117 puikiai tinka ingredientams mai\u0161yti, atspari auk\u0161tai ar \u017eemai temperat\u016brai.\" \/>\n<meta property=\"og:url\" content=\"https:\/\/levandupieva.lt\/en\/product\/kisenines-svarstykles-padalos-verte-001-g\/\" \/>\n<meta property=\"og:site_name\" content=\"Levand\u0173 pieva\" \/>\n<meta property=\"article:publisher\" content=\"https:\/\/www.facebook.com\/Levandupieva\" \/>\n<meta property=\"article:modified_time\" content=\"2025-12-29T07:43:34+00:00\" \/>\n<meta property=\"og:image\" content=\"https:\/\/levandupieva.lt\/wp-content\/uploads\/2025\/02\/svarstykles_1.jpg\" \/>\n\t<meta property=\"og:image:width\" content=\"1163\" \/>\n\t<meta property=\"og:image:height\" content=\"938\" \/>\n\t<meta property=\"og:image:type\" content=\"image\/jpeg\" \/>\n<meta name=\"twitter:card\" content=\"summary_large_image\" \/>\n<meta name=\"twitter:label1\" content=\"Estimated reading time\" \/>\n\t<meta name=\"twitter:data1\" content=\"1 minute\" \/>\n<script type=\"application\/ld+json\" class=\"yoast-schema-graph\">{\"@context\":\"https:\/\/schema.org\",\"@graph\":[{\"@type\":\"WebPage\",\"@id\":\"https:\/\/levandupieva.lt\/produktas\/kisenines-svarstykles-padalos-verte-001-g\/\",\"url\":\"https:\/\/levandupieva.lt\/produktas\/kisenines-svarstykles-padalos-verte-001-g\/\",\"name\":\"Ki\u0161enin\u0117s svarstykl\u0117s, padalos vert\u0117 0,01 g - Levand\u0173 pieva\",\"isPartOf\":{\"@id\":\"https:\/\/levandupieva.lt\/#website\"},\"primaryImageOfPage\":{\"@id\":\"https:\/\/levandupieva.lt\/produktas\/kisenines-svarstykles-padalos-verte-001-g\/#primaryimage\"},\"image\":{\"@id\":\"https:\/\/levandupieva.lt\/produktas\/kisenines-svarstykles-padalos-verte-001-g\/#primaryimage\"},\"thumbnailUrl\":\"https:\/\/levandupieva.lt\/wp-content\/uploads\/2025\/02\/svarstykles_1.jpg\",\"datePublished\":\"2025-02-12T10:09:14+00:00\",\"dateModified\":\"2025-12-29T07:43:34+00:00\",\"description\":\"Mai\u0161ymo lazdel\u0117 (stiklin\u0117) apvalintais galiukais, ilgis - 15 cm. Mentel\u0117 puikiai tinka ingredientams mai\u0161yti, atspari auk\u0161tai ar \u017eemai temperat\u016brai.\",\"breadcrumb\":{\"@id\":\"https:\/\/levandupieva.lt\/produktas\/kisenines-svarstykles-padalos-verte-001-g\/#breadcrumb\"},\"inLanguage\":\"en-GB\",\"potentialAction\":[{\"@type\":\"ReadAction\",\"target\":[\"https:\/\/levandupieva.lt\/produktas\/kisenines-svarstykles-padalos-verte-001-g\/\"]}]},{\"@type\":\"ImageObject\",\"inLanguage\":\"en-GB\",\"@id\":\"https:\/\/levandupieva.lt\/produktas\/kisenines-svarstykles-padalos-verte-001-g\/#primaryimage\",\"url\":\"https:\/\/levandupieva.lt\/wp-content\/uploads\/2025\/02\/svarstykles_1.jpg\",\"contentUrl\":\"https:\/\/levandupieva.lt\/wp-content\/uploads\/2025\/02\/svarstykles_1.jpg\",\"width\":1163,\"height\":938},{\"@type\":\"BreadcrumbList\",\"@id\":\"https:\/\/levandupieva.lt\/produktas\/kisenines-svarstykles-padalos-verte-001-g\/#breadcrumb\",\"itemListElement\":[{\"@type\":\"ListItem\",\"position\":1,\"name\":\"Home\",\"item\":\"https:\/\/levandupieva.lt\/\"},{\"@type\":\"ListItem\",\"position\":2,\"name\":\"Parduotuv\u0117\",\"item\":\"https:\/\/levandupieva.lt\/parduotuve\/\"},{\"@type\":\"ListItem\",\"position\":3,\"name\":\"Ki\u0161enin\u0117s svarstykl\u0117s, padalos vert\u0117 0,01 g\"}]},{\"@type\":\"WebSite\",\"@id\":\"https:\/\/levandupieva.lt\/#website\",\"url\":\"https:\/\/levandupieva.lt\/\",\"name\":\"Levand\u0173 pieva\",\"description\":\"\",\"publisher\":{\"@id\":\"https:\/\/levandupieva.lt\/#organization\"},\"potentialAction\":[{\"@type\":\"SearchAction\",\"target\":{\"@type\":\"EntryPoint\",\"urlTemplate\":\"https:\/\/levandupieva.lt\/?s={search_term_string}\"},\"query-input\":{\"@type\":\"PropertyValueSpecification\",\"valueRequired\":true,\"valueName\":\"search_term_string\"}}],\"inLanguage\":\"en-GB\"},{\"@type\":\"Organization\",\"@id\":\"https:\/\/levandupieva.lt\/#organization\",\"name\":\"Levan\u0173 Pieva\",\"url\":\"https:\/\/levandupieva.lt\/\",\"logo\":{\"@type\":\"ImageObject\",\"inLanguage\":\"en-GB\",\"@id\":\"https:\/\/levandupieva.lt\/#\/schema\/logo\/image\/\",\"url\":\"https:\/\/levandupieva.lt\/wp-content\/uploads\/2021\/03\/cropped-logo-e1446013442350.png\",\"contentUrl\":\"https:\/\/levandupieva.lt\/wp-content\/uploads\/2021\/03\/cropped-logo-e1446013442350.png\",\"width\":654,\"height\":287,\"caption\":\"Levan\u0173 Pieva\"},\"image\":{\"@id\":\"https:\/\/levandupieva.lt\/#\/schema\/logo\/image\/\"},\"sameAs\":[\"https:\/\/www.facebook.com\/Levandupieva\"]}]}<\/script>\n<!-- \/ Yoast SEO plugin. -->","yoast_head_json":{"title":"Ki\u0161enin\u0117s svarstykl\u0117s, padalos vert\u0117 0,01 g - Levand\u0173 pieva","description":"Mai\u0161ymo lazdel\u0117 (stiklin\u0117) apvalintais galiukais, ilgis - 15 cm. Mentel\u0117 puikiai tinka ingredientams mai\u0161yti, atspari auk\u0161tai ar \u017eemai temperat\u016brai.","robots":{"index":"index","follow":"follow","max-snippet":"max-snippet:-1","max-image-preview":"max-image-preview:large","max-video-preview":"max-video-preview:-1"},"canonical":"https:\/\/levandupieva.lt\/en\/product\/kisenines-svarstykles-padalos-verte-001-g\/","og_locale":"en_GB","og_type":"article","og_title":"Ki\u0161enin\u0117s svarstykl\u0117s, padalos vert\u0117 0,01 g - Levand\u0173 pieva","og_description":"Mai\u0161ymo lazdel\u0117 (stiklin\u0117) apvalintais galiukais, ilgis - 15 cm. Mentel\u0117 puikiai tinka ingredientams mai\u0161yti, atspari auk\u0161tai ar \u017eemai temperat\u016brai.","og_url":"https:\/\/levandupieva.lt\/en\/product\/kisenines-svarstykles-padalos-verte-001-g\/","og_site_name":"Levand\u0173 pieva","article_publisher":"https:\/\/www.facebook.com\/Levandupieva","article_modified_time":"2025-12-29T07:43:34+00:00","og_image":[{"width":1163,"height":938,"url":"https:\/\/levandupieva.lt\/wp-content\/uploads\/2025\/02\/svarstykles_1.jpg","type":"image\/jpeg"}],"twitter_card":"summary_large_image","twitter_misc":{"Estimated reading time":"1 minute"},"schema":{"@context":"https:\/\/schema.org","@graph":[{"@type":"WebPage","@id":"https:\/\/levandupieva.lt\/produktas\/kisenines-svarstykles-padalos-verte-001-g\/","url":"https:\/\/levandupieva.lt\/produktas\/kisenines-svarstykles-padalos-verte-001-g\/","name":"Ki\u0161enin\u0117s svarstykl\u0117s, padalos vert\u0117 0,01 g - Levand\u0173 pieva","isPartOf":{"@id":"https:\/\/levandupieva.lt\/#website"},"primaryImageOfPage":{"@id":"https:\/\/levandupieva.lt\/produktas\/kisenines-svarstykles-padalos-verte-001-g\/#primaryimage"},"image":{"@id":"https:\/\/levandupieva.lt\/produktas\/kisenines-svarstykles-padalos-verte-001-g\/#primaryimage"},"thumbnailUrl":"https:\/\/levandupieva.lt\/wp-content\/uploads\/2025\/02\/svarstykles_1.jpg","datePublished":"2025-02-12T10:09:14+00:00","dateModified":"2025-12-29T07:43:34+00:00","description":"Mai\u0161ymo lazdel\u0117 (stiklin\u0117) apvalintais galiukais, ilgis - 15 cm. Mentel\u0117 puikiai tinka ingredientams mai\u0161yti, atspari auk\u0161tai ar \u017eemai temperat\u016brai.","breadcrumb":{"@id":"https:\/\/levandupieva.lt\/produktas\/kisenines-svarstykles-padalos-verte-001-g\/#breadcrumb"},"inLanguage":"en-GB","potentialAction":[{"@type":"ReadAction","target":["https:\/\/levandupieva.lt\/produktas\/kisenines-svarstykles-padalos-verte-001-g\/"]}]},{"@type":"ImageObject","inLanguage":"en-GB","@id":"https:\/\/levandupieva.lt\/produktas\/kisenines-svarstykles-padalos-verte-001-g\/#primaryimage","url":"https:\/\/levandupieva.lt\/wp-content\/uploads\/2025\/02\/svarstykles_1.jpg","contentUrl":"https:\/\/levandupieva.lt\/wp-content\/uploads\/2025\/02\/svarstykles_1.jpg","width":1163,"height":938},{"@type":"BreadcrumbList","@id":"https:\/\/levandupieva.lt\/produktas\/kisenines-svarstykles-padalos-verte-001-g\/#breadcrumb","itemListElement":[{"@type":"ListItem","position":1,"name":"Home","item":"https:\/\/levandupieva.lt\/"},{"@type":"ListItem","position":2,"name":"Parduotuv\u0117","item":"https:\/\/levandupieva.lt\/parduotuve\/"},{"@type":"ListItem","position":3,"name":"Ki\u0161enin\u0117s svarstykl\u0117s, padalos vert\u0117 0,01 g"}]},{"@type":"WebSite","@id":"https:\/\/levandupieva.lt\/#website","url":"https:\/\/levandupieva.lt\/","name":"Levand\u0173 pieva","description":"","publisher":{"@id":"https:\/\/levandupieva.lt\/#organization"},"potentialAction":[{"@type":"SearchAction","target":{"@type":"EntryPoint","urlTemplate":"https:\/\/levandupieva.lt\/?s={search_term_string}"},"query-input":{"@type":"PropertyValueSpecification","valueRequired":true,"valueName":"search_term_string"}}],"inLanguage":"en-GB"},{"@type":"Organization","@id":"https:\/\/levandupieva.lt\/#organization","name":"Levan\u0173 Pieva","url":"https:\/\/levandupieva.lt\/","logo":{"@type":"ImageObject","inLanguage":"en-GB","@id":"https:\/\/levandupieva.lt\/#\/schema\/logo\/image\/","url":"https:\/\/levandupieva.lt\/wp-content\/uploads\/2021\/03\/cropped-logo-e1446013442350.png","contentUrl":"https:\/\/levandupieva.lt\/wp-content\/uploads\/2021\/03\/cropped-logo-e1446013442350.png","width":654,"height":287,"caption":"Levan\u0173 Pieva"},"image":{"@id":"https:\/\/levandupieva.lt\/#\/schema\/logo\/image\/"},"sameAs":["https:\/\/www.facebook.com\/Levandupieva"]}]}},"_links":{"self":[{"href":"https:\/\/levandupieva.lt\/en\/wp-json\/wp\/v2\/product\/7282","targetHints":{"allow":["GET"]}}],"collection":[{"href":"https:\/\/levandupieva.lt\/en\/wp-json\/wp\/v2\/product"}],"about":[{"href":"https:\/\/levandupieva.lt\/en\/wp-json\/wp\/v2\/types\/product"}],"replies":[{"embeddable":true,"href":"https:\/\/levandupieva.lt\/en\/wp-json\/wp\/v2\/comments?post=7282"}],"wp:featuredmedia":[{"embeddable":true,"href":"https:\/\/levandupieva.lt\/en\/wp-json\/wp\/v2\/media\/7283"}],"wp:attachment":[{"href":"https:\/\/levandupieva.lt\/en\/wp-json\/wp\/v2\/media?parent=7282"}],"wp:term":[{"taxonomy":"product_brand","embeddable":true,"href":"https:\/\/levandupieva.lt\/en\/wp-json\/wp\/v2\/product_brand?post=7282"},{"taxonomy":"product_cat","embeddable":true,"href":"https:\/\/levandupieva.lt\/en\/wp-json\/wp\/v2\/product_cat?post=7282"},{"taxonomy":"product_tag","embeddable":true,"href":"https:\/\/levandupieva.lt\/en\/wp-json\/wp\/v2\/product_tag?post=7282"}],"curies":[{"name":"wp","href":"https:\/\/api.w.org\/{rel}","templated":true}]}}