{"id":7335,"date":"2025-03-07T13:45:36","date_gmt":"2025-03-07T13:45:36","guid":{"rendered":"https:\/\/levandupieva.lt\/?post_type=product&#038;p=7335"},"modified":"2026-04-13T12:31:17","modified_gmt":"2026-04-13T12:31:17","slug":"piltuvelis-trumpo-kotelio-stiklinis","status":"publish","type":"product","link":"https:\/\/levandupieva.lt\/en\/product\/piltuvelis-trumpo-kotelio-stiklinis\/","title":{"rendered":"Piltuv\u0117lis, trumpo kotelio, stiklinis"},"content":{"rendered":"<p>Piltuv\u0117lis, trumpo kotelio, stiklinis. vir\u0161aus diametras &#8211; 7,5 cm, kotelio ilgis &#8211; 7,5 cm, kotelio diametras &#8211; 0,8 cm. Puikiai tinka supilti \u012f buteliuk\u0173s skys\u010dius, pvz, hidrolatus ar pan.<\/p>\n<p>Pagaminta i\u0161 borosilikatinio stiklo LBG 3.3.<\/p>\n<p>Atitinka ISO 4798 standart\u0105.<\/p>","protected":false},"excerpt":{"rendered":"<p>Piltuv\u0117lis, trumpo kotelio, stiklinis. vir\u0161aus diametras &#8211; 7,5 cm, kotelio ilgis &#8211; 7,5 cm, kotelio diametras &#8211; 0,8 cm. Puikiai tinka supilti \u012f buteliuk\u0173s skys\u010dius, pvz, hidrolatus ar pan.<\/p>\n<p>Pagaminta i\u0161 borosilikatinio stiklo LBG 3.3.<\/p>\n<p>Atitinka ISO 4798 standart\u0105.<\/p>","protected":false},"featured_media":7336,"comment_status":"open","ping_status":"closed","template":"","meta":[],"product_brand":[],"product_cat":[167],"product_tag":[213,215],"class_list":{"0":"post-7335","1":"product","2":"type-product","3":"status-publish","4":"has-post-thumbnail","6":"product_cat-laboratoriju-priemones","7":"product_tag-kosmetikos-gamybai","8":"product_tag-kvepalu-gamybai","10":"first","11":"instock","12":"shipping-taxable","13":"purchasable","14":"product-type-simple"},"yoast_head":"<!-- This site is optimized with the Yoast SEO plugin v24.8.1 - https:\/\/yoast.com\/wordpress\/plugins\/seo\/ -->\n<title>Piltuv\u0117lis, trumpo kotelio, stiklinis - Levand\u0173 pieva<\/title>\n<meta name=\"description\" content=\"Mai\u0161ymo lazdel\u0117 (stiklin\u0117) apvalintais galiukais, ilgis - 15 cm. Mentel\u0117 puikiai tinka ingredientams mai\u0161yti, atspari auk\u0161tai ar \u017eemai temperat\u016brai.\" \/>\n<meta name=\"robots\" content=\"index, follow, max-snippet:-1, max-image-preview:large, max-video-preview:-1\" \/>\n<link rel=\"canonical\" href=\"https:\/\/levandupieva.lt\/en\/product\/piltuvelis-trumpo-kotelio-stiklinis\/\" \/>\n<meta property=\"og:locale\" content=\"en_GB\" \/>\n<meta property=\"og:type\" content=\"article\" \/>\n<meta property=\"og:title\" content=\"Piltuv\u0117lis, trumpo kotelio, stiklinis - Levand\u0173 pieva\" \/>\n<meta property=\"og:description\" content=\"Mai\u0161ymo lazdel\u0117 (stiklin\u0117) apvalintais galiukais, ilgis - 15 cm. Mentel\u0117 puikiai tinka ingredientams mai\u0161yti, atspari auk\u0161tai ar \u017eemai temperat\u016brai.\" \/>\n<meta property=\"og:url\" content=\"https:\/\/levandupieva.lt\/en\/product\/piltuvelis-trumpo-kotelio-stiklinis\/\" \/>\n<meta property=\"og:site_name\" content=\"Levand\u0173 pieva\" \/>\n<meta property=\"article:publisher\" content=\"https:\/\/www.facebook.com\/Levandupieva\" \/>\n<meta property=\"article:modified_time\" content=\"2026-04-13T12:31:17+00:00\" \/>\n<meta property=\"og:image\" content=\"https:\/\/levandupieva.lt\/wp-content\/uploads\/2025\/03\/piltuvelis-stiklinis.jpg\" \/>\n\t<meta property=\"og:image:width\" content=\"400\" \/>\n\t<meta property=\"og:image:height\" content=\"500\" \/>\n\t<meta property=\"og:image:type\" content=\"image\/jpeg\" \/>\n<meta name=\"twitter:card\" content=\"summary_large_image\" \/>\n<meta name=\"twitter:label1\" content=\"Estimated reading time\" \/>\n\t<meta name=\"twitter:data1\" content=\"1 minute\" \/>\n<script type=\"application\/ld+json\" class=\"yoast-schema-graph\">{\"@context\":\"https:\/\/schema.org\",\"@graph\":[{\"@type\":\"WebPage\",\"@id\":\"https:\/\/levandupieva.lt\/produktas\/piltuvelis-trumpo-kotelio-stiklinis\/\",\"url\":\"https:\/\/levandupieva.lt\/produktas\/piltuvelis-trumpo-kotelio-stiklinis\/\",\"name\":\"Piltuv\u0117lis, trumpo kotelio, stiklinis - Levand\u0173 pieva\",\"isPartOf\":{\"@id\":\"https:\/\/levandupieva.lt\/#website\"},\"primaryImageOfPage\":{\"@id\":\"https:\/\/levandupieva.lt\/produktas\/piltuvelis-trumpo-kotelio-stiklinis\/#primaryimage\"},\"image\":{\"@id\":\"https:\/\/levandupieva.lt\/produktas\/piltuvelis-trumpo-kotelio-stiklinis\/#primaryimage\"},\"thumbnailUrl\":\"https:\/\/levandupieva.lt\/wp-content\/uploads\/2025\/03\/piltuvelis-stiklinis.jpg\",\"datePublished\":\"2025-03-07T13:45:36+00:00\",\"dateModified\":\"2026-04-13T12:31:17+00:00\",\"description\":\"Mai\u0161ymo lazdel\u0117 (stiklin\u0117) apvalintais galiukais, ilgis - 15 cm. Mentel\u0117 puikiai tinka ingredientams mai\u0161yti, atspari auk\u0161tai ar \u017eemai temperat\u016brai.\",\"breadcrumb\":{\"@id\":\"https:\/\/levandupieva.lt\/produktas\/piltuvelis-trumpo-kotelio-stiklinis\/#breadcrumb\"},\"inLanguage\":\"en-GB\",\"potentialAction\":[{\"@type\":\"ReadAction\",\"target\":[\"https:\/\/levandupieva.lt\/produktas\/piltuvelis-trumpo-kotelio-stiklinis\/\"]}]},{\"@type\":\"ImageObject\",\"inLanguage\":\"en-GB\",\"@id\":\"https:\/\/levandupieva.lt\/produktas\/piltuvelis-trumpo-kotelio-stiklinis\/#primaryimage\",\"url\":\"https:\/\/levandupieva.lt\/wp-content\/uploads\/2025\/03\/piltuvelis-stiklinis.jpg\",\"contentUrl\":\"https:\/\/levandupieva.lt\/wp-content\/uploads\/2025\/03\/piltuvelis-stiklinis.jpg\",\"width\":400,\"height\":500},{\"@type\":\"BreadcrumbList\",\"@id\":\"https:\/\/levandupieva.lt\/produktas\/piltuvelis-trumpo-kotelio-stiklinis\/#breadcrumb\",\"itemListElement\":[{\"@type\":\"ListItem\",\"position\":1,\"name\":\"Home\",\"item\":\"https:\/\/levandupieva.lt\/\"},{\"@type\":\"ListItem\",\"position\":2,\"name\":\"Parduotuv\u0117\",\"item\":\"https:\/\/levandupieva.lt\/parduotuve\/\"},{\"@type\":\"ListItem\",\"position\":3,\"name\":\"Piltuv\u0117lis, trumpo kotelio, stiklinis\"}]},{\"@type\":\"WebSite\",\"@id\":\"https:\/\/levandupieva.lt\/#website\",\"url\":\"https:\/\/levandupieva.lt\/\",\"name\":\"Levand\u0173 pieva\",\"description\":\"\",\"publisher\":{\"@id\":\"https:\/\/levandupieva.lt\/#organization\"},\"potentialAction\":[{\"@type\":\"SearchAction\",\"target\":{\"@type\":\"EntryPoint\",\"urlTemplate\":\"https:\/\/levandupieva.lt\/?s={search_term_string}\"},\"query-input\":{\"@type\":\"PropertyValueSpecification\",\"valueRequired\":true,\"valueName\":\"search_term_string\"}}],\"inLanguage\":\"en-GB\"},{\"@type\":\"Organization\",\"@id\":\"https:\/\/levandupieva.lt\/#organization\",\"name\":\"Levan\u0173 Pieva\",\"url\":\"https:\/\/levandupieva.lt\/\",\"logo\":{\"@type\":\"ImageObject\",\"inLanguage\":\"en-GB\",\"@id\":\"https:\/\/levandupieva.lt\/#\/schema\/logo\/image\/\",\"url\":\"https:\/\/levandupieva.lt\/wp-content\/uploads\/2021\/03\/cropped-logo-e1446013442350.png\",\"contentUrl\":\"https:\/\/levandupieva.lt\/wp-content\/uploads\/2021\/03\/cropped-logo-e1446013442350.png\",\"width\":654,\"height\":287,\"caption\":\"Levan\u0173 Pieva\"},\"image\":{\"@id\":\"https:\/\/levandupieva.lt\/#\/schema\/logo\/image\/\"},\"sameAs\":[\"https:\/\/www.facebook.com\/Levandupieva\"]}]}<\/script>\n<!-- \/ Yoast SEO plugin. -->","yoast_head_json":{"title":"Piltuv\u0117lis, trumpo kotelio, stiklinis - Levand\u0173 pieva","description":"Mai\u0161ymo lazdel\u0117 (stiklin\u0117) apvalintais galiukais, ilgis - 15 cm. Mentel\u0117 puikiai tinka ingredientams mai\u0161yti, atspari auk\u0161tai ar \u017eemai temperat\u016brai.","robots":{"index":"index","follow":"follow","max-snippet":"max-snippet:-1","max-image-preview":"max-image-preview:large","max-video-preview":"max-video-preview:-1"},"canonical":"https:\/\/levandupieva.lt\/en\/product\/piltuvelis-trumpo-kotelio-stiklinis\/","og_locale":"en_GB","og_type":"article","og_title":"Piltuv\u0117lis, trumpo kotelio, stiklinis - Levand\u0173 pieva","og_description":"Mai\u0161ymo lazdel\u0117 (stiklin\u0117) apvalintais galiukais, ilgis - 15 cm. Mentel\u0117 puikiai tinka ingredientams mai\u0161yti, atspari auk\u0161tai ar \u017eemai temperat\u016brai.","og_url":"https:\/\/levandupieva.lt\/en\/product\/piltuvelis-trumpo-kotelio-stiklinis\/","og_site_name":"Levand\u0173 pieva","article_publisher":"https:\/\/www.facebook.com\/Levandupieva","article_modified_time":"2026-04-13T12:31:17+00:00","og_image":[{"width":400,"height":500,"url":"https:\/\/levandupieva.lt\/wp-content\/uploads\/2025\/03\/piltuvelis-stiklinis.jpg","type":"image\/jpeg"}],"twitter_card":"summary_large_image","twitter_misc":{"Estimated reading time":"1 minute"},"schema":{"@context":"https:\/\/schema.org","@graph":[{"@type":"WebPage","@id":"https:\/\/levandupieva.lt\/produktas\/piltuvelis-trumpo-kotelio-stiklinis\/","url":"https:\/\/levandupieva.lt\/produktas\/piltuvelis-trumpo-kotelio-stiklinis\/","name":"Piltuv\u0117lis, trumpo kotelio, stiklinis - Levand\u0173 pieva","isPartOf":{"@id":"https:\/\/levandupieva.lt\/#website"},"primaryImageOfPage":{"@id":"https:\/\/levandupieva.lt\/produktas\/piltuvelis-trumpo-kotelio-stiklinis\/#primaryimage"},"image":{"@id":"https:\/\/levandupieva.lt\/produktas\/piltuvelis-trumpo-kotelio-stiklinis\/#primaryimage"},"thumbnailUrl":"https:\/\/levandupieva.lt\/wp-content\/uploads\/2025\/03\/piltuvelis-stiklinis.jpg","datePublished":"2025-03-07T13:45:36+00:00","dateModified":"2026-04-13T12:31:17+00:00","description":"Mai\u0161ymo lazdel\u0117 (stiklin\u0117) apvalintais galiukais, ilgis - 15 cm. Mentel\u0117 puikiai tinka ingredientams mai\u0161yti, atspari auk\u0161tai ar \u017eemai temperat\u016brai.","breadcrumb":{"@id":"https:\/\/levandupieva.lt\/produktas\/piltuvelis-trumpo-kotelio-stiklinis\/#breadcrumb"},"inLanguage":"en-GB","potentialAction":[{"@type":"ReadAction","target":["https:\/\/levandupieva.lt\/produktas\/piltuvelis-trumpo-kotelio-stiklinis\/"]}]},{"@type":"ImageObject","inLanguage":"en-GB","@id":"https:\/\/levandupieva.lt\/produktas\/piltuvelis-trumpo-kotelio-stiklinis\/#primaryimage","url":"https:\/\/levandupieva.lt\/wp-content\/uploads\/2025\/03\/piltuvelis-stiklinis.jpg","contentUrl":"https:\/\/levandupieva.lt\/wp-content\/uploads\/2025\/03\/piltuvelis-stiklinis.jpg","width":400,"height":500},{"@type":"BreadcrumbList","@id":"https:\/\/levandupieva.lt\/produktas\/piltuvelis-trumpo-kotelio-stiklinis\/#breadcrumb","itemListElement":[{"@type":"ListItem","position":1,"name":"Home","item":"https:\/\/levandupieva.lt\/"},{"@type":"ListItem","position":2,"name":"Parduotuv\u0117","item":"https:\/\/levandupieva.lt\/parduotuve\/"},{"@type":"ListItem","position":3,"name":"Piltuv\u0117lis, trumpo kotelio, stiklinis"}]},{"@type":"WebSite","@id":"https:\/\/levandupieva.lt\/#website","url":"https:\/\/levandupieva.lt\/","name":"Levand\u0173 pieva","description":"","publisher":{"@id":"https:\/\/levandupieva.lt\/#organization"},"potentialAction":[{"@type":"SearchAction","target":{"@type":"EntryPoint","urlTemplate":"https:\/\/levandupieva.lt\/?s={search_term_string}"},"query-input":{"@type":"PropertyValueSpecification","valueRequired":true,"valueName":"search_term_string"}}],"inLanguage":"en-GB"},{"@type":"Organization","@id":"https:\/\/levandupieva.lt\/#organization","name":"Levan\u0173 Pieva","url":"https:\/\/levandupieva.lt\/","logo":{"@type":"ImageObject","inLanguage":"en-GB","@id":"https:\/\/levandupieva.lt\/#\/schema\/logo\/image\/","url":"https:\/\/levandupieva.lt\/wp-content\/uploads\/2021\/03\/cropped-logo-e1446013442350.png","contentUrl":"https:\/\/levandupieva.lt\/wp-content\/uploads\/2021\/03\/cropped-logo-e1446013442350.png","width":654,"height":287,"caption":"Levan\u0173 Pieva"},"image":{"@id":"https:\/\/levandupieva.lt\/#\/schema\/logo\/image\/"},"sameAs":["https:\/\/www.facebook.com\/Levandupieva"]}]}},"_links":{"self":[{"href":"https:\/\/levandupieva.lt\/en\/wp-json\/wp\/v2\/product\/7335","targetHints":{"allow":["GET"]}}],"collection":[{"href":"https:\/\/levandupieva.lt\/en\/wp-json\/wp\/v2\/product"}],"about":[{"href":"https:\/\/levandupieva.lt\/en\/wp-json\/wp\/v2\/types\/product"}],"replies":[{"embeddable":true,"href":"https:\/\/levandupieva.lt\/en\/wp-json\/wp\/v2\/comments?post=7335"}],"wp:featuredmedia":[{"embeddable":true,"href":"https:\/\/levandupieva.lt\/en\/wp-json\/wp\/v2\/media\/7336"}],"wp:attachment":[{"href":"https:\/\/levandupieva.lt\/en\/wp-json\/wp\/v2\/media?parent=7335"}],"wp:term":[{"taxonomy":"product_brand","embeddable":true,"href":"https:\/\/levandupieva.lt\/en\/wp-json\/wp\/v2\/product_brand?post=7335"},{"taxonomy":"product_cat","embeddable":true,"href":"https:\/\/levandupieva.lt\/en\/wp-json\/wp\/v2\/product_cat?post=7335"},{"taxonomy":"product_tag","embeddable":true,"href":"https:\/\/levandupieva.lt\/en\/wp-json\/wp\/v2\/product_tag?post=7335"}],"curies":[{"name":"wp","href":"https:\/\/api.w.org\/{rel}","templated":true}]}}