{"id":7389,"date":"2025-03-16T17:21:35","date_gmt":"2025-03-16T17:21:35","guid":{"rendered":"https:\/\/levandupieva.lt\/?post_type=product&#038;p=7389"},"modified":"2026-03-23T09:27:54","modified_gmt":"2026-03-23T09:27:54","slug":"baltas-plastikinis-gaubtelis-su-apsauga-nuo-vaiku-ir-su-lasintuvu-gl18","status":"publish","type":"product","link":"https:\/\/levandupieva.lt\/en\/product\/baltas-plastikinis-gaubtelis-su-apsauga-nuo-vaiku-ir-su-lasintuvu-gl18\/","title":{"rendered":"Baltas plastikinis gaubtelis GL18 su apsauga nuo vaik\u0173 ir su la\u0161intuvu"},"content":{"rendered":"<p>Baltas plastikinis gaubtelis su apsauga nuo vaiku <strong>ir su la\u0161intuvu.<\/strong> Tinka buteliukams, turintiems srieg\u012f GL18. Puikiai tinka naudoti: eteriniams aliejams, kt. pana\u0161ios tekst\u016bros gaminiams.<\/p>\n<p><strong>La\u0161intuvo angos dydis: 0,6 mm +\/-0,2 mm, pa\u010dio la\u0161intuvo ilgis 29,3+\/-0,2 mm.<\/strong><\/p>\n<p>&nbsp;<\/p>","protected":false},"excerpt":{"rendered":"<p>Baltas plastikinis gaubtelis su apsauga nuo vaiku <strong>ir su la\u0161intuvu.<\/strong> Tinka buteliukams, turintiems srieg\u012f GL18. Puikiai tinka naudoti: eteriniams aliejams, kt. pana\u0161ios tekst\u016bros gaminiams.<\/p>\n<p><strong>La\u0161intuvo angos dydis: 0,6 mm +\/-0,2 mm, pa\u010dio la\u0161intuvo ilgis 29,3+\/-0,2 mm.<\/strong><\/p>\n<p>&nbsp;<\/p>","protected":false},"featured_media":7390,"comment_status":"closed","ping_status":"closed","template":"","meta":[],"product_brand":[],"product_cat":[78],"product_tag":[227],"class_list":{"0":"post-7389","1":"product","2":"type-product","3":"status-publish","4":"has-post-thumbnail","6":"product_cat-priedai-tarai","7":"product_tag-baltas-plastikinis-gaubtelis","9":"first","10":"instock","11":"downloadable","12":"shipping-taxable","13":"purchasable","14":"product-type-simple"},"yoast_head":"<!-- This site is optimized with the Yoast SEO plugin v24.8.1 - https:\/\/yoast.com\/wordpress\/plugins\/seo\/ -->\n<title>Baltas plastikinis gaubtelis GL18 su apsauga nuo vaik\u0173 ir su la\u0161intuvu - Levand\u0173 pieva<\/title>\n<meta name=\"description\" content=\"Baltas plastikinis gaubtelis su apsauga nuo vaiku ir su la\u0161intuvu. Tinka buteliukams, turintiems srieg\u012f GL18. Puikiai tinka naudoti: eteriniams aliejams, kt. pana\u0161ios tekst\u016bros gaminiams.\" \/>\n<meta name=\"robots\" content=\"index, follow, max-snippet:-1, max-image-preview:large, max-video-preview:-1\" \/>\n<link rel=\"canonical\" href=\"https:\/\/levandupieva.lt\/en\/product\/baltas-plastikinis-gaubtelis-su-apsauga-nuo-vaiku-ir-su-lasintuvu-gl18\/\" \/>\n<meta property=\"og:locale\" content=\"en_GB\" \/>\n<meta property=\"og:type\" content=\"article\" \/>\n<meta property=\"og:title\" content=\"Baltas plastikinis gaubtelis GL18 su apsauga nuo vaik\u0173 ir su la\u0161intuvu - Levand\u0173 pieva\" \/>\n<meta property=\"og:description\" content=\"Baltas plastikinis gaubtelis su apsauga nuo vaiku ir su la\u0161intuvu. Tinka buteliukams, turintiems srieg\u012f GL18. Puikiai tinka naudoti: eteriniams aliejams, kt. pana\u0161ios tekst\u016bros gaminiams.\" \/>\n<meta property=\"og:url\" content=\"https:\/\/levandupieva.lt\/en\/product\/baltas-plastikinis-gaubtelis-su-apsauga-nuo-vaiku-ir-su-lasintuvu-gl18\/\" \/>\n<meta property=\"og:site_name\" content=\"Levand\u0173 pieva\" \/>\n<meta property=\"article:publisher\" content=\"https:\/\/www.facebook.com\/Levandupieva\" \/>\n<meta property=\"article:modified_time\" content=\"2026-03-23T09:27:54+00:00\" \/>\n<meta property=\"og:image\" content=\"https:\/\/levandupieva.lt\/wp-content\/uploads\/2025\/03\/IMG_5400.jpg\" \/>\n\t<meta property=\"og:image:width\" content=\"1562\" \/>\n\t<meta property=\"og:image:height\" content=\"2043\" \/>\n\t<meta property=\"og:image:type\" content=\"image\/jpeg\" \/>\n<meta name=\"twitter:card\" content=\"summary_large_image\" \/>\n<meta name=\"twitter:label1\" content=\"Estimated reading time\" \/>\n\t<meta name=\"twitter:data1\" content=\"1 minute\" \/>\n<script type=\"application\/ld+json\" class=\"yoast-schema-graph\">{\"@context\":\"https:\/\/schema.org\",\"@graph\":[{\"@type\":\"WebPage\",\"@id\":\"https:\/\/levandupieva.lt\/produktas\/baltas-plastikinis-gaubtelis-su-apsauga-nuo-vaiku-ir-su-lasintuvu-gl18\/\",\"url\":\"https:\/\/levandupieva.lt\/produktas\/baltas-plastikinis-gaubtelis-su-apsauga-nuo-vaiku-ir-su-lasintuvu-gl18\/\",\"name\":\"Baltas plastikinis gaubtelis GL18 su apsauga nuo vaik\u0173 ir su la\u0161intuvu - Levand\u0173 pieva\",\"isPartOf\":{\"@id\":\"https:\/\/levandupieva.lt\/#website\"},\"primaryImageOfPage\":{\"@id\":\"https:\/\/levandupieva.lt\/produktas\/baltas-plastikinis-gaubtelis-su-apsauga-nuo-vaiku-ir-su-lasintuvu-gl18\/#primaryimage\"},\"image\":{\"@id\":\"https:\/\/levandupieva.lt\/produktas\/baltas-plastikinis-gaubtelis-su-apsauga-nuo-vaiku-ir-su-lasintuvu-gl18\/#primaryimage\"},\"thumbnailUrl\":\"https:\/\/levandupieva.lt\/wp-content\/uploads\/2025\/03\/IMG_5400.jpg\",\"datePublished\":\"2025-03-16T17:21:35+00:00\",\"dateModified\":\"2026-03-23T09:27:54+00:00\",\"description\":\"Baltas plastikinis gaubtelis su apsauga nuo vaiku ir su la\u0161intuvu. Tinka buteliukams, turintiems srieg\u012f GL18. Puikiai tinka naudoti: eteriniams aliejams, kt. pana\u0161ios tekst\u016bros gaminiams.\",\"breadcrumb\":{\"@id\":\"https:\/\/levandupieva.lt\/produktas\/baltas-plastikinis-gaubtelis-su-apsauga-nuo-vaiku-ir-su-lasintuvu-gl18\/#breadcrumb\"},\"inLanguage\":\"en-GB\",\"potentialAction\":[{\"@type\":\"ReadAction\",\"target\":[\"https:\/\/levandupieva.lt\/produktas\/baltas-plastikinis-gaubtelis-su-apsauga-nuo-vaiku-ir-su-lasintuvu-gl18\/\"]}]},{\"@type\":\"ImageObject\",\"inLanguage\":\"en-GB\",\"@id\":\"https:\/\/levandupieva.lt\/produktas\/baltas-plastikinis-gaubtelis-su-apsauga-nuo-vaiku-ir-su-lasintuvu-gl18\/#primaryimage\",\"url\":\"https:\/\/levandupieva.lt\/wp-content\/uploads\/2025\/03\/IMG_5400.jpg\",\"contentUrl\":\"https:\/\/levandupieva.lt\/wp-content\/uploads\/2025\/03\/IMG_5400.jpg\",\"width\":1562,\"height\":2043},{\"@type\":\"BreadcrumbList\",\"@id\":\"https:\/\/levandupieva.lt\/produktas\/baltas-plastikinis-gaubtelis-su-apsauga-nuo-vaiku-ir-su-lasintuvu-gl18\/#breadcrumb\",\"itemListElement\":[{\"@type\":\"ListItem\",\"position\":1,\"name\":\"Home\",\"item\":\"https:\/\/levandupieva.lt\/\"},{\"@type\":\"ListItem\",\"position\":2,\"name\":\"Parduotuv\u0117\",\"item\":\"https:\/\/levandupieva.lt\/parduotuve\/\"},{\"@type\":\"ListItem\",\"position\":3,\"name\":\"Baltas plastikinis gaubtelis GL18 su apsauga nuo vaik\u0173 ir su la\u0161intuvu\"}]},{\"@type\":\"WebSite\",\"@id\":\"https:\/\/levandupieva.lt\/#website\",\"url\":\"https:\/\/levandupieva.lt\/\",\"name\":\"Levand\u0173 pieva\",\"description\":\"\",\"publisher\":{\"@id\":\"https:\/\/levandupieva.lt\/#organization\"},\"potentialAction\":[{\"@type\":\"SearchAction\",\"target\":{\"@type\":\"EntryPoint\",\"urlTemplate\":\"https:\/\/levandupieva.lt\/?s={search_term_string}\"},\"query-input\":{\"@type\":\"PropertyValueSpecification\",\"valueRequired\":true,\"valueName\":\"search_term_string\"}}],\"inLanguage\":\"en-GB\"},{\"@type\":\"Organization\",\"@id\":\"https:\/\/levandupieva.lt\/#organization\",\"name\":\"Levan\u0173 Pieva\",\"url\":\"https:\/\/levandupieva.lt\/\",\"logo\":{\"@type\":\"ImageObject\",\"inLanguage\":\"en-GB\",\"@id\":\"https:\/\/levandupieva.lt\/#\/schema\/logo\/image\/\",\"url\":\"https:\/\/levandupieva.lt\/wp-content\/uploads\/2021\/03\/cropped-logo-e1446013442350.png\",\"contentUrl\":\"https:\/\/levandupieva.lt\/wp-content\/uploads\/2021\/03\/cropped-logo-e1446013442350.png\",\"width\":654,\"height\":287,\"caption\":\"Levan\u0173 Pieva\"},\"image\":{\"@id\":\"https:\/\/levandupieva.lt\/#\/schema\/logo\/image\/\"},\"sameAs\":[\"https:\/\/www.facebook.com\/Levandupieva\"]}]}<\/script>\n<!-- \/ Yoast SEO plugin. -->","yoast_head_json":{"title":"Baltas plastikinis gaubtelis GL18 su apsauga nuo vaik\u0173 ir su la\u0161intuvu - Levand\u0173 pieva","description":"Baltas plastikinis gaubtelis su apsauga nuo vaiku ir su la\u0161intuvu. Tinka buteliukams, turintiems srieg\u012f GL18. Puikiai tinka naudoti: eteriniams aliejams, kt. pana\u0161ios tekst\u016bros gaminiams.","robots":{"index":"index","follow":"follow","max-snippet":"max-snippet:-1","max-image-preview":"max-image-preview:large","max-video-preview":"max-video-preview:-1"},"canonical":"https:\/\/levandupieva.lt\/en\/product\/baltas-plastikinis-gaubtelis-su-apsauga-nuo-vaiku-ir-su-lasintuvu-gl18\/","og_locale":"en_GB","og_type":"article","og_title":"Baltas plastikinis gaubtelis GL18 su apsauga nuo vaik\u0173 ir su la\u0161intuvu - Levand\u0173 pieva","og_description":"Baltas plastikinis gaubtelis su apsauga nuo vaiku ir su la\u0161intuvu. Tinka buteliukams, turintiems srieg\u012f GL18. Puikiai tinka naudoti: eteriniams aliejams, kt. pana\u0161ios tekst\u016bros gaminiams.","og_url":"https:\/\/levandupieva.lt\/en\/product\/baltas-plastikinis-gaubtelis-su-apsauga-nuo-vaiku-ir-su-lasintuvu-gl18\/","og_site_name":"Levand\u0173 pieva","article_publisher":"https:\/\/www.facebook.com\/Levandupieva","article_modified_time":"2026-03-23T09:27:54+00:00","og_image":[{"width":1562,"height":2043,"url":"https:\/\/levandupieva.lt\/wp-content\/uploads\/2025\/03\/IMG_5400.jpg","type":"image\/jpeg"}],"twitter_card":"summary_large_image","twitter_misc":{"Estimated reading time":"1 minute"},"schema":{"@context":"https:\/\/schema.org","@graph":[{"@type":"WebPage","@id":"https:\/\/levandupieva.lt\/produktas\/baltas-plastikinis-gaubtelis-su-apsauga-nuo-vaiku-ir-su-lasintuvu-gl18\/","url":"https:\/\/levandupieva.lt\/produktas\/baltas-plastikinis-gaubtelis-su-apsauga-nuo-vaiku-ir-su-lasintuvu-gl18\/","name":"Baltas plastikinis gaubtelis GL18 su apsauga nuo vaik\u0173 ir su la\u0161intuvu - Levand\u0173 pieva","isPartOf":{"@id":"https:\/\/levandupieva.lt\/#website"},"primaryImageOfPage":{"@id":"https:\/\/levandupieva.lt\/produktas\/baltas-plastikinis-gaubtelis-su-apsauga-nuo-vaiku-ir-su-lasintuvu-gl18\/#primaryimage"},"image":{"@id":"https:\/\/levandupieva.lt\/produktas\/baltas-plastikinis-gaubtelis-su-apsauga-nuo-vaiku-ir-su-lasintuvu-gl18\/#primaryimage"},"thumbnailUrl":"https:\/\/levandupieva.lt\/wp-content\/uploads\/2025\/03\/IMG_5400.jpg","datePublished":"2025-03-16T17:21:35+00:00","dateModified":"2026-03-23T09:27:54+00:00","description":"Baltas plastikinis gaubtelis su apsauga nuo vaiku ir su la\u0161intuvu. Tinka buteliukams, turintiems srieg\u012f GL18. Puikiai tinka naudoti: eteriniams aliejams, kt. pana\u0161ios tekst\u016bros gaminiams.","breadcrumb":{"@id":"https:\/\/levandupieva.lt\/produktas\/baltas-plastikinis-gaubtelis-su-apsauga-nuo-vaiku-ir-su-lasintuvu-gl18\/#breadcrumb"},"inLanguage":"en-GB","potentialAction":[{"@type":"ReadAction","target":["https:\/\/levandupieva.lt\/produktas\/baltas-plastikinis-gaubtelis-su-apsauga-nuo-vaiku-ir-su-lasintuvu-gl18\/"]}]},{"@type":"ImageObject","inLanguage":"en-GB","@id":"https:\/\/levandupieva.lt\/produktas\/baltas-plastikinis-gaubtelis-su-apsauga-nuo-vaiku-ir-su-lasintuvu-gl18\/#primaryimage","url":"https:\/\/levandupieva.lt\/wp-content\/uploads\/2025\/03\/IMG_5400.jpg","contentUrl":"https:\/\/levandupieva.lt\/wp-content\/uploads\/2025\/03\/IMG_5400.jpg","width":1562,"height":2043},{"@type":"BreadcrumbList","@id":"https:\/\/levandupieva.lt\/produktas\/baltas-plastikinis-gaubtelis-su-apsauga-nuo-vaiku-ir-su-lasintuvu-gl18\/#breadcrumb","itemListElement":[{"@type":"ListItem","position":1,"name":"Home","item":"https:\/\/levandupieva.lt\/"},{"@type":"ListItem","position":2,"name":"Parduotuv\u0117","item":"https:\/\/levandupieva.lt\/parduotuve\/"},{"@type":"ListItem","position":3,"name":"Baltas plastikinis gaubtelis GL18 su apsauga nuo vaik\u0173 ir su la\u0161intuvu"}]},{"@type":"WebSite","@id":"https:\/\/levandupieva.lt\/#website","url":"https:\/\/levandupieva.lt\/","name":"Levand\u0173 pieva","description":"","publisher":{"@id":"https:\/\/levandupieva.lt\/#organization"},"potentialAction":[{"@type":"SearchAction","target":{"@type":"EntryPoint","urlTemplate":"https:\/\/levandupieva.lt\/?s={search_term_string}"},"query-input":{"@type":"PropertyValueSpecification","valueRequired":true,"valueName":"search_term_string"}}],"inLanguage":"en-GB"},{"@type":"Organization","@id":"https:\/\/levandupieva.lt\/#organization","name":"Levan\u0173 Pieva","url":"https:\/\/levandupieva.lt\/","logo":{"@type":"ImageObject","inLanguage":"en-GB","@id":"https:\/\/levandupieva.lt\/#\/schema\/logo\/image\/","url":"https:\/\/levandupieva.lt\/wp-content\/uploads\/2021\/03\/cropped-logo-e1446013442350.png","contentUrl":"https:\/\/levandupieva.lt\/wp-content\/uploads\/2021\/03\/cropped-logo-e1446013442350.png","width":654,"height":287,"caption":"Levan\u0173 Pieva"},"image":{"@id":"https:\/\/levandupieva.lt\/#\/schema\/logo\/image\/"},"sameAs":["https:\/\/www.facebook.com\/Levandupieva"]}]}},"_links":{"self":[{"href":"https:\/\/levandupieva.lt\/en\/wp-json\/wp\/v2\/product\/7389","targetHints":{"allow":["GET"]}}],"collection":[{"href":"https:\/\/levandupieva.lt\/en\/wp-json\/wp\/v2\/product"}],"about":[{"href":"https:\/\/levandupieva.lt\/en\/wp-json\/wp\/v2\/types\/product"}],"replies":[{"embeddable":true,"href":"https:\/\/levandupieva.lt\/en\/wp-json\/wp\/v2\/comments?post=7389"}],"wp:featuredmedia":[{"embeddable":true,"href":"https:\/\/levandupieva.lt\/en\/wp-json\/wp\/v2\/media\/7390"}],"wp:attachment":[{"href":"https:\/\/levandupieva.lt\/en\/wp-json\/wp\/v2\/media?parent=7389"}],"wp:term":[{"taxonomy":"product_brand","embeddable":true,"href":"https:\/\/levandupieva.lt\/en\/wp-json\/wp\/v2\/product_brand?post=7389"},{"taxonomy":"product_cat","embeddable":true,"href":"https:\/\/levandupieva.lt\/en\/wp-json\/wp\/v2\/product_cat?post=7389"},{"taxonomy":"product_tag","embeddable":true,"href":"https:\/\/levandupieva.lt\/en\/wp-json\/wp\/v2\/product_tag?post=7389"}],"curies":[{"name":"wp","href":"https:\/\/api.w.org\/{rel}","templated":true}]}}