{"id":7439,"date":"2025-03-25T11:30:05","date_gmt":"2025-03-25T11:30:05","guid":{"rendered":"https:\/\/levandupieva.lt\/?post_type=product&#038;p=7439"},"modified":"2026-01-05T07:49:50","modified_gmt":"2026-01-05T07:49:50","slug":"provanso-levandinu-hidrolatas","status":"publish","type":"product","link":"https:\/\/levandupieva.lt\/en\/product\/provanso-levandinu-hidrolatas\/","title":{"rendered":"Provanso levandin\u0173 hidrolatas"},"content":{"rendered":"<p><strong><em>bot. Lavandula Hybrida.<\/em> Ekologi\u0161kas levandin\u0173 hidrotas. Kilm\u0117s vieta: Pranc\u016bzija, Provansas. Distiliuota: 2024 m. bir\u017eelio m\u0117nes\u012f. \u0160is produktas i\u0161distiliuotas i\u0161 levandin\u0173, auginam\u0173 de La Gabelle pilies apylink\u0117se.<\/strong><\/p>\n<p>Pilies \u017eem\u0117se auginamos sertifikuotos ekologi\u0161kos levandos, levandinai. Levandos \u010dia buvo auginamos nuo 1838 m., kai apsigyveno Blanc \u0161eima. V\u0117liau Roux \u0161eimai, kai Fran\u00e7ois-Xavier \u012fsigijo \u0161\u012f Provanso pastat\u0105. Tada\u00a0 pilies \u017eem\u0117je buvo prad\u0117tos gaminti levandos.. B\u0117gant metams \u0161eima apsigyveno Buis-les-Baronnies. Pilis liko apleista, bet ne \u017eem\u0117s. \u0160eima toliau augino levandas. J\u0173 auginimo b\u016bdas laikui b\u0117gant labai keit\u0117si, ta\u010diau perduota tradicin\u0117 patirtis leido jiems sukurti i\u0161tobulintus levand\u0173 ir levandin\u0173 produkcijos gamybos metodus. \u0160iandien j\u0173 asortimentas sudarytas i\u0161 g\u0117li\u0173 vandens (hidrolato), eterinio aliejaus, d\u017eiovint\u0173 g\u0117li\u0173 ar puok\u0161\u010di\u0173.<\/p>\n<p>Levandinai yra tikrosios levandos (Lavandula angustafolia) ir varpin\u0117s levandos (Lavandula latifolia)\u00a0 hibridas. Levandin\u0173 hidrolatas rekomenduojamas naudoti vietoje veido toniko, veido dr\u0117kiklio ir odos gaiviklio. Puikiai tinka visiems odos tipams, o ypa\u010d riebiai ir mi\u0161riai odai. Levandin\u0173 hidrolatu taip pat galite nuraminti saul\u0117s nudegimus, vabzd\u017ei\u0173 \u012fkandimus, nie\u017e\u0117jim\u0105, nubrozdinimus, purk\u0161ti od\u0105 po sutimosi ar depiliacijos.<\/p>\n<p><span data-sheets-value=\"{&quot;1&quot;:2,&quot;2&quot;:&quot;Levand\u0173 vanduo (hidrolatas). Kilm\u0117s \u0161alis - Bulgarija. \u0160eimos \u016bkio g\u0117li\u0173 sodai driekiasi Kazanlako sl\u0117nyje, kaln\u0173 pap\u0117d\u0117je, distiliuoja savo turimoje distiliatorin\u0117je, kur \u017eiedai distiliuojami i\u0161karto nuskynus juos. Tai ne pramoninis skynimas, o rankomis skinami \u017eiedai. \u0160io \u016bkio prioritetai yra aplinkosauga, saugios darbo s\u0105lygos bei auk\u0161\u010diausios kokyb\u0117s produktai. nPasirinkti: (100 ml (su purk\u0161tuku) - 6 Eur, 1 litras - 30 Eur)&quot;}\" data-sheets-userformat=\"{&quot;2&quot;:15359,&quot;3&quot;:{&quot;1&quot;:0},&quot;4&quot;:[null,2,16777215],&quot;5&quot;:{&quot;1&quot;:[{&quot;1&quot;:2,&quot;2&quot;:0,&quot;5&quot;:[null,2,0]},{&quot;1&quot;:0,&quot;2&quot;:0,&quot;3&quot;:3},{&quot;1&quot;:1,&quot;2&quot;:0,&quot;4&quot;:1}]},&quot;6&quot;:{&quot;1&quot;:[{&quot;1&quot;:2,&quot;2&quot;:0,&quot;5&quot;:[null,2,0]},{&quot;1&quot;:0,&quot;2&quot;:0,&quot;3&quot;:3},{&quot;1&quot;:1,&quot;2&quot;:0,&quot;4&quot;:1}]},&quot;7&quot;:{&quot;1&quot;:[{&quot;1&quot;:2,&quot;2&quot;:0,&quot;5&quot;:[null,2,0]},{&quot;1&quot;:0,&quot;2&quot;:0,&quot;3&quot;:3},{&quot;1&quot;:1,&quot;2&quot;:0,&quot;4&quot;:1}]},&quot;8&quot;:{&quot;1&quot;:[{&quot;1&quot;:2,&quot;2&quot;:0,&quot;5&quot;:[null,2,0]},{&quot;1&quot;:0,&quot;2&quot;:0,&quot;3&quot;:3},{&quot;1&quot;:1,&quot;2&quot;:0,&quot;4&quot;:1}]},&quot;9&quot;:0,&quot;10&quot;:1,&quot;11&quot;:4,&quot;12&quot;:0,&quot;14&quot;:[null,2,0],&quot;15&quot;:&quot;Arial&quot;,&quot;16&quot;:11}\">50 ml ir 100 ml hidrolatas fasuojamas \u012f rudo stiklo buteliuk\u0105 su purk\u0161tuku.\u00a0 1 litro hidrolatas fasuojamas \u012f bute<\/span><span data-sheets-value=\"{&quot;1&quot;:2,&quot;2&quot;:&quot;Levand\u0173 vanduo (hidrolatas). Kilm\u0117s \u0161alis - Bulgarija. \u0160eimos \u016bkio g\u0117li\u0173 sodai driekiasi Kazanlako sl\u0117nyje, kaln\u0173 pap\u0117d\u0117je, distiliuoja savo turimoje distiliatorin\u0117je, kur \u017eiedai distiliuojami i\u0161karto nuskynus juos. Tai ne pramoninis skynimas, o rankomis skinami \u017eiedai. \u0160io \u016bkio prioritetai yra aplinkosauga, saugios darbo s\u0105lygos bei auk\u0161\u010diausios kokyb\u0117s produktai. nPasirinkti: (100 ml (su purk\u0161tuku) - 6 Eur, 1 litras - 30 Eur)&quot;}\" data-sheets-userformat=\"{&quot;2&quot;:15359,&quot;3&quot;:{&quot;1&quot;:0},&quot;4&quot;:[null,2,16777215],&quot;5&quot;:{&quot;1&quot;:[{&quot;1&quot;:2,&quot;2&quot;:0,&quot;5&quot;:[null,2,0]},{&quot;1&quot;:0,&quot;2&quot;:0,&quot;3&quot;:3},{&quot;1&quot;:1,&quot;2&quot;:0,&quot;4&quot;:1}]},&quot;6&quot;:{&quot;1&quot;:[{&quot;1&quot;:2,&quot;2&quot;:0,&quot;5&quot;:[null,2,0]},{&quot;1&quot;:0,&quot;2&quot;:0,&quot;3&quot;:3},{&quot;1&quot;:1,&quot;2&quot;:0,&quot;4&quot;:1}]},&quot;7&quot;:{&quot;1&quot;:[{&quot;1&quot;:2,&quot;2&quot;:0,&quot;5&quot;:[null,2,0]},{&quot;1&quot;:0,&quot;2&quot;:0,&quot;3&quot;:3},{&quot;1&quot;:1,&quot;2&quot;:0,&quot;4&quot;:1}]},&quot;8&quot;:{&quot;1&quot;:[{&quot;1&quot;:2,&quot;2&quot;:0,&quot;5&quot;:[null,2,0]},{&quot;1&quot;:0,&quot;2&quot;:0,&quot;3&quot;:3},{&quot;1&quot;:1,&quot;2&quot;:0,&quot;4&quot;:1}]},&quot;9&quot;:0,&quot;10&quot;:1,&quot;11&quot;:4,&quot;12&quot;:0,&quot;14&quot;:[null,2,0],&quot;15&quot;:&quot;Arial&quot;,&quot;16&quot;:11}\">l\u012f su gaubteliu, 300\u00a0 ml hidrolatas fasuojamas \u012f tams\u0173 stiklin\u012f butel\u012f su gaubteliu. N<\/span>orint u\u017esakyti papildomai buteliuk\u0105 su purk\u0161tuku, reikia atskirai u\u017esakyti parduotuv\u0117s \u201eTara\u201d kategorijoje.<\/p>","protected":false},"excerpt":{"rendered":"<p><a href=\"https:\/\/levandupieva.lt\/en\/2025\/03\/26\/levandinu-vandens-hidrolato-nauda\/\">https:\/\/levandupieva.lt\/2025\/03\/26\/levandinu-vandens-hidrolato-nauda\/<\/a><\/p>\n<p>&nbsp;<\/p>\n<p><strong><em>bot. Lavandula Hybrida.<\/em> Ekologi\u0161kas levandin\u0173 hidrotas. Kilm\u0117s vieta: Pranc\u016bzija, Provansas. Distiliuota: 2024 m. bir\u017eelio m\u0117nes\u012f. \u0160is produktas i\u0161distiliuotas i\u0161 levandin\u0173, auginam\u0173 de La Gabelle pilies apylink\u0117se.<\/strong><\/p>\n<p>Pilies \u017eem\u0117se auginamos sertifikuotos ekologi\u0161kos levandos, levandinai. Levandos \u010dia buvo auginamos nuo 1838 m., kai apsigyveno Blanc \u0161eima. V\u0117liau jas augino Roux \u0161eima, kai Fran\u00e7ois-Xavier \u012fsigijo \u0161\u012f Provanso pastat\u0105. Tada pilies \u017eem\u0117je buvo prad\u0117ta gaminti levand\u0173 produkcija. B\u0117gant metams \u0161eima apsigyveno Buis-les-Baronnies. Pilis liko apleista, bet ne \u017eem\u0117s. \u0160eima toliau augino levandas. J\u0173 auginimo b\u016bdas laikui b\u0117gant labai keit\u0117si, ta\u010diau perduota tradicin\u0117 patirtis leido jiems sukurti i\u0161tobulintus levand\u0173 produkcijos gamybos metodus. \u0160iandien j\u0173 asortimentas sudarytas i\u0161 g\u0117li\u0173 vandens (hidrolato), eterinio aliejaus, d\u017eiovint\u0173 g\u0117li\u0173 ar puok\u0161\u010di\u0173.<\/p>\n<p>Levandinai yra tikrosios levandos (Lavandula angustafolia) ir varpin\u0117s levandos (Lavandula latifolia)\u00a0 hibridas. Levandin\u0173 hidrolatas rekomenduojamas naudoti vietoje veido toniko, veido dr\u0117kiklio ir odos gaiviklio. Puikiai tinka visiems odos tipams, o ypa\u010d riebiai ir mi\u0161riai odai. Levandin\u0173 hidrolatu taip pat galite nuraminti saul\u0117s nudegimus, vabzd\u017ei\u0173 \u012fkandimus, nie\u017e\u0117jim\u0105, nubrozdinimus, purk\u0161ti od\u0105 po sutimosi ar depiliacijos.<\/p>\n<p><span data-sheets-value=\"{&quot;1&quot;:2,&quot;2&quot;:&quot;Levand\u0173 vanduo (hidrolatas). Kilm\u0117s \u0161alis - Bulgarija. \u0160eimos \u016bkio g\u0117li\u0173 sodai driekiasi Kazanlako sl\u0117nyje, kaln\u0173 pap\u0117d\u0117je, distiliuoja savo turimoje distiliatorin\u0117je, kur \u017eiedai distiliuojami i\u0161karto nuskynus juos. Tai ne pramoninis skynimas, o rankomis skinami \u017eiedai. \u0160io \u016bkio prioritetai yra aplinkosauga, saugios darbo s\u0105lygos bei auk\u0161\u010diausios kokyb\u0117s produktai. nPasirinkti: (100 ml (su purk\u0161tuku) - 6 Eur, 1 litras - 30 Eur)&quot;}\" data-sheets-userformat=\"{&quot;2&quot;:15359,&quot;3&quot;:{&quot;1&quot;:0},&quot;4&quot;:[null,2,16777215],&quot;5&quot;:{&quot;1&quot;:[{&quot;1&quot;:2,&quot;2&quot;:0,&quot;5&quot;:[null,2,0]},{&quot;1&quot;:0,&quot;2&quot;:0,&quot;3&quot;:3},{&quot;1&quot;:1,&quot;2&quot;:0,&quot;4&quot;:1}]},&quot;6&quot;:{&quot;1&quot;:[{&quot;1&quot;:2,&quot;2&quot;:0,&quot;5&quot;:[null,2,0]},{&quot;1&quot;:0,&quot;2&quot;:0,&quot;3&quot;:3},{&quot;1&quot;:1,&quot;2&quot;:0,&quot;4&quot;:1}]},&quot;7&quot;:{&quot;1&quot;:[{&quot;1&quot;:2,&quot;2&quot;:0,&quot;5&quot;:[null,2,0]},{&quot;1&quot;:0,&quot;2&quot;:0,&quot;3&quot;:3},{&quot;1&quot;:1,&quot;2&quot;:0,&quot;4&quot;:1}]},&quot;8&quot;:{&quot;1&quot;:[{&quot;1&quot;:2,&quot;2&quot;:0,&quot;5&quot;:[null,2,0]},{&quot;1&quot;:0,&quot;2&quot;:0,&quot;3&quot;:3},{&quot;1&quot;:1,&quot;2&quot;:0,&quot;4&quot;:1}]},&quot;9&quot;:0,&quot;10&quot;:1,&quot;11&quot;:4,&quot;12&quot;:0,&quot;14&quot;:[null,2,0],&quot;15&quot;:&quot;Arial&quot;,&quot;16&quot;:11}\">50 ml ir 100 ml hidrolatas fasuojamas \u012f rudo stiklo buteliuk\u0105 su purk\u0161tuku.\u00a0 1 litro hidrolatas fasuojamas \u012f bute<\/span><span data-sheets-value=\"{&quot;1&quot;:2,&quot;2&quot;:&quot;Levand\u0173 vanduo (hidrolatas). Kilm\u0117s \u0161alis - Bulgarija. \u0160eimos \u016bkio g\u0117li\u0173 sodai driekiasi Kazanlako sl\u0117nyje, kaln\u0173 pap\u0117d\u0117je, distiliuoja savo turimoje distiliatorin\u0117je, kur \u017eiedai distiliuojami i\u0161karto nuskynus juos. Tai ne pramoninis skynimas, o rankomis skinami \u017eiedai. \u0160io \u016bkio prioritetai yra aplinkosauga, saugios darbo s\u0105lygos bei auk\u0161\u010diausios kokyb\u0117s produktai. nPasirinkti: (100 ml (su purk\u0161tuku) - 6 Eur, 1 litras - 30 Eur)&quot;}\" data-sheets-userformat=\"{&quot;2&quot;:15359,&quot;3&quot;:{&quot;1&quot;:0},&quot;4&quot;:[null,2,16777215],&quot;5&quot;:{&quot;1&quot;:[{&quot;1&quot;:2,&quot;2&quot;:0,&quot;5&quot;:[null,2,0]},{&quot;1&quot;:0,&quot;2&quot;:0,&quot;3&quot;:3},{&quot;1&quot;:1,&quot;2&quot;:0,&quot;4&quot;:1}]},&quot;6&quot;:{&quot;1&quot;:[{&quot;1&quot;:2,&quot;2&quot;:0,&quot;5&quot;:[null,2,0]},{&quot;1&quot;:0,&quot;2&quot;:0,&quot;3&quot;:3},{&quot;1&quot;:1,&quot;2&quot;:0,&quot;4&quot;:1}]},&quot;7&quot;:{&quot;1&quot;:[{&quot;1&quot;:2,&quot;2&quot;:0,&quot;5&quot;:[null,2,0]},{&quot;1&quot;:0,&quot;2&quot;:0,&quot;3&quot;:3},{&quot;1&quot;:1,&quot;2&quot;:0,&quot;4&quot;:1}]},&quot;8&quot;:{&quot;1&quot;:[{&quot;1&quot;:2,&quot;2&quot;:0,&quot;5&quot;:[null,2,0]},{&quot;1&quot;:0,&quot;2&quot;:0,&quot;3&quot;:3},{&quot;1&quot;:1,&quot;2&quot;:0,&quot;4&quot;:1}]},&quot;9&quot;:0,&quot;10&quot;:1,&quot;11&quot;:4,&quot;12&quot;:0,&quot;14&quot;:[null,2,0],&quot;15&quot;:&quot;Arial&quot;,&quot;16&quot;:11}\">l\u012f su gaubteliu, 300\u00a0 ml hidrolatas fasuojamas \u012f tams\u0173 stiklin\u012f butel\u012f su gaubteliu. N<\/span>orint u\u017esakyti papildomai buteliuk\u0105 su purk\u0161tuku, reikia atskirai u\u017esakyti parduotuv\u0117s \u201eTara\u201d kategorijoje.<\/p>\n<p>&nbsp;<\/p>","protected":false},"featured_media":7432,"comment_status":"open","ping_status":"closed","template":"","meta":[],"product_brand":[],"product_cat":[70],"product_tag":[218,219],"class_list":{"0":"post-7439","1":"product","2":"type-product","3":"status-publish","4":"has-post-thumbnail","6":"product_cat-zaliava","7":"product_tag-levandinu-hidrolatas","8":"product_tag-levandinu-vanduo","10":"first","11":"instock","12":"shipping-taxable","13":"purchasable","14":"product-type-variable","15":"has-default-attributes"},"yoast_head":"<!-- This site is optimized with the Yoast SEO plugin v24.8.1 - https:\/\/yoast.com\/wordpress\/plugins\/seo\/ -->\n<title>Provanso levandin\u0173 hidrolatas - Levand\u0173 pieva<\/title>\n<meta name=\"description\" content=\"bot. Lavandula angustifolia. Ekologi\u0161kas levand\u0173 hidrolatas Kilm\u0117s vieta: Pranc\u016bzija, Provansas. Distiliuota: 2024 m, bir\u017eelio m\u0117nes\u012f. \u0160is produktas i\u0161distiliuotas i\u0161 levand\u0173, auginam\u0173 de La Gabelle pilies apylink\u0117se.\" \/>\n<meta name=\"robots\" content=\"index, follow, max-snippet:-1, max-image-preview:large, max-video-preview:-1\" \/>\n<link rel=\"canonical\" href=\"https:\/\/levandupieva.lt\/en\/product\/provanso-levandinu-hidrolatas\/\" \/>\n<meta property=\"og:locale\" content=\"en_GB\" \/>\n<meta property=\"og:type\" content=\"article\" \/>\n<meta property=\"og:title\" content=\"Provanso levandin\u0173 hidrolatas - Levand\u0173 pieva\" \/>\n<meta property=\"og:description\" content=\"bot. Lavandula angustifolia. Ekologi\u0161kas levand\u0173 hidrolatas Kilm\u0117s vieta: Pranc\u016bzija, Provansas. Distiliuota: 2024 m, bir\u017eelio m\u0117nes\u012f. \u0160is produktas i\u0161distiliuotas i\u0161 levand\u0173, auginam\u0173 de La Gabelle pilies apylink\u0117se.\" \/>\n<meta property=\"og:url\" content=\"https:\/\/levandupieva.lt\/en\/product\/provanso-levandinu-hidrolatas\/\" \/>\n<meta property=\"og:site_name\" content=\"Levand\u0173 pieva\" \/>\n<meta property=\"article:publisher\" content=\"https:\/\/www.facebook.com\/Levandupieva\" \/>\n<meta property=\"article:modified_time\" content=\"2026-01-05T07:49:50+00:00\" \/>\n<meta property=\"og:image\" content=\"https:\/\/levandupieva.lt\/wp-content\/uploads\/2025\/03\/levandin.jpg\" \/>\n\t<meta property=\"og:image:width\" content=\"1000\" \/>\n\t<meta property=\"og:image:height\" content=\"563\" \/>\n\t<meta property=\"og:image:type\" content=\"image\/jpeg\" \/>\n<meta name=\"twitter:card\" content=\"summary_large_image\" \/>\n<meta name=\"twitter:label1\" content=\"Estimated reading time\" \/>\n\t<meta name=\"twitter:data1\" content=\"2 minutes\" \/>\n<script type=\"application\/ld+json\" class=\"yoast-schema-graph\">{\"@context\":\"https:\/\/schema.org\",\"@graph\":[{\"@type\":\"WebPage\",\"@id\":\"https:\/\/levandupieva.lt\/produktas\/provanso-levandinu-hidrolatas\/\",\"url\":\"https:\/\/levandupieva.lt\/produktas\/provanso-levandinu-hidrolatas\/\",\"name\":\"Provanso levandin\u0173 hidrolatas - Levand\u0173 pieva\",\"isPartOf\":{\"@id\":\"https:\/\/levandupieva.lt\/#website\"},\"primaryImageOfPage\":{\"@id\":\"https:\/\/levandupieva.lt\/produktas\/provanso-levandinu-hidrolatas\/#primaryimage\"},\"image\":{\"@id\":\"https:\/\/levandupieva.lt\/produktas\/provanso-levandinu-hidrolatas\/#primaryimage\"},\"thumbnailUrl\":\"https:\/\/levandupieva.lt\/wp-content\/uploads\/2025\/03\/levandin.jpg\",\"datePublished\":\"2025-03-25T11:30:05+00:00\",\"dateModified\":\"2026-01-05T07:49:50+00:00\",\"description\":\"bot. Lavandula angustifolia. Ekologi\u0161kas levand\u0173 hidrolatas Kilm\u0117s vieta: Pranc\u016bzija, Provansas. Distiliuota: 2024 m, bir\u017eelio m\u0117nes\u012f. \u0160is produktas i\u0161distiliuotas i\u0161 levand\u0173, auginam\u0173 de La Gabelle pilies apylink\u0117se.\",\"breadcrumb\":{\"@id\":\"https:\/\/levandupieva.lt\/produktas\/provanso-levandinu-hidrolatas\/#breadcrumb\"},\"inLanguage\":\"en-GB\",\"potentialAction\":[{\"@type\":\"ReadAction\",\"target\":[\"https:\/\/levandupieva.lt\/produktas\/provanso-levandinu-hidrolatas\/\"]}]},{\"@type\":\"ImageObject\",\"inLanguage\":\"en-GB\",\"@id\":\"https:\/\/levandupieva.lt\/produktas\/provanso-levandinu-hidrolatas\/#primaryimage\",\"url\":\"https:\/\/levandupieva.lt\/wp-content\/uploads\/2025\/03\/levandin.jpg\",\"contentUrl\":\"https:\/\/levandupieva.lt\/wp-content\/uploads\/2025\/03\/levandin.jpg\",\"width\":1000,\"height\":563},{\"@type\":\"BreadcrumbList\",\"@id\":\"https:\/\/levandupieva.lt\/produktas\/provanso-levandinu-hidrolatas\/#breadcrumb\",\"itemListElement\":[{\"@type\":\"ListItem\",\"position\":1,\"name\":\"Home\",\"item\":\"https:\/\/levandupieva.lt\/\"},{\"@type\":\"ListItem\",\"position\":2,\"name\":\"Parduotuv\u0117\",\"item\":\"https:\/\/levandupieva.lt\/parduotuve\/\"},{\"@type\":\"ListItem\",\"position\":3,\"name\":\"Provanso levandin\u0173 hidrolatas\"}]},{\"@type\":\"WebSite\",\"@id\":\"https:\/\/levandupieva.lt\/#website\",\"url\":\"https:\/\/levandupieva.lt\/\",\"name\":\"Levand\u0173 pieva\",\"description\":\"\",\"publisher\":{\"@id\":\"https:\/\/levandupieva.lt\/#organization\"},\"potentialAction\":[{\"@type\":\"SearchAction\",\"target\":{\"@type\":\"EntryPoint\",\"urlTemplate\":\"https:\/\/levandupieva.lt\/?s={search_term_string}\"},\"query-input\":{\"@type\":\"PropertyValueSpecification\",\"valueRequired\":true,\"valueName\":\"search_term_string\"}}],\"inLanguage\":\"en-GB\"},{\"@type\":\"Organization\",\"@id\":\"https:\/\/levandupieva.lt\/#organization\",\"name\":\"Levan\u0173 Pieva\",\"url\":\"https:\/\/levandupieva.lt\/\",\"logo\":{\"@type\":\"ImageObject\",\"inLanguage\":\"en-GB\",\"@id\":\"https:\/\/levandupieva.lt\/#\/schema\/logo\/image\/\",\"url\":\"https:\/\/levandupieva.lt\/wp-content\/uploads\/2021\/03\/cropped-logo-e1446013442350.png\",\"contentUrl\":\"https:\/\/levandupieva.lt\/wp-content\/uploads\/2021\/03\/cropped-logo-e1446013442350.png\",\"width\":654,\"height\":287,\"caption\":\"Levan\u0173 Pieva\"},\"image\":{\"@id\":\"https:\/\/levandupieva.lt\/#\/schema\/logo\/image\/\"},\"sameAs\":[\"https:\/\/www.facebook.com\/Levandupieva\"]}]}<\/script>\n<!-- \/ Yoast SEO plugin. -->","yoast_head_json":{"title":"Provanso levandin\u0173 hidrolatas - Levand\u0173 pieva","description":"bot. Lavandula angustifolia. Ekologi\u0161kas levand\u0173 hidrolatas Kilm\u0117s vieta: Pranc\u016bzija, Provansas. Distiliuota: 2024 m, bir\u017eelio m\u0117nes\u012f. \u0160is produktas i\u0161distiliuotas i\u0161 levand\u0173, auginam\u0173 de La Gabelle pilies apylink\u0117se.","robots":{"index":"index","follow":"follow","max-snippet":"max-snippet:-1","max-image-preview":"max-image-preview:large","max-video-preview":"max-video-preview:-1"},"canonical":"https:\/\/levandupieva.lt\/en\/product\/provanso-levandinu-hidrolatas\/","og_locale":"en_GB","og_type":"article","og_title":"Provanso levandin\u0173 hidrolatas - Levand\u0173 pieva","og_description":"bot. Lavandula angustifolia. Ekologi\u0161kas levand\u0173 hidrolatas Kilm\u0117s vieta: Pranc\u016bzija, Provansas. Distiliuota: 2024 m, bir\u017eelio m\u0117nes\u012f. \u0160is produktas i\u0161distiliuotas i\u0161 levand\u0173, auginam\u0173 de La Gabelle pilies apylink\u0117se.","og_url":"https:\/\/levandupieva.lt\/en\/product\/provanso-levandinu-hidrolatas\/","og_site_name":"Levand\u0173 pieva","article_publisher":"https:\/\/www.facebook.com\/Levandupieva","article_modified_time":"2026-01-05T07:49:50+00:00","og_image":[{"width":1000,"height":563,"url":"https:\/\/levandupieva.lt\/wp-content\/uploads\/2025\/03\/levandin.jpg","type":"image\/jpeg"}],"twitter_card":"summary_large_image","twitter_misc":{"Estimated reading time":"2 minutes"},"schema":{"@context":"https:\/\/schema.org","@graph":[{"@type":"WebPage","@id":"https:\/\/levandupieva.lt\/produktas\/provanso-levandinu-hidrolatas\/","url":"https:\/\/levandupieva.lt\/produktas\/provanso-levandinu-hidrolatas\/","name":"Provanso levandin\u0173 hidrolatas - Levand\u0173 pieva","isPartOf":{"@id":"https:\/\/levandupieva.lt\/#website"},"primaryImageOfPage":{"@id":"https:\/\/levandupieva.lt\/produktas\/provanso-levandinu-hidrolatas\/#primaryimage"},"image":{"@id":"https:\/\/levandupieva.lt\/produktas\/provanso-levandinu-hidrolatas\/#primaryimage"},"thumbnailUrl":"https:\/\/levandupieva.lt\/wp-content\/uploads\/2025\/03\/levandin.jpg","datePublished":"2025-03-25T11:30:05+00:00","dateModified":"2026-01-05T07:49:50+00:00","description":"bot. Lavandula angustifolia. Ekologi\u0161kas levand\u0173 hidrolatas Kilm\u0117s vieta: Pranc\u016bzija, Provansas. Distiliuota: 2024 m, bir\u017eelio m\u0117nes\u012f. \u0160is produktas i\u0161distiliuotas i\u0161 levand\u0173, auginam\u0173 de La Gabelle pilies apylink\u0117se.","breadcrumb":{"@id":"https:\/\/levandupieva.lt\/produktas\/provanso-levandinu-hidrolatas\/#breadcrumb"},"inLanguage":"en-GB","potentialAction":[{"@type":"ReadAction","target":["https:\/\/levandupieva.lt\/produktas\/provanso-levandinu-hidrolatas\/"]}]},{"@type":"ImageObject","inLanguage":"en-GB","@id":"https:\/\/levandupieva.lt\/produktas\/provanso-levandinu-hidrolatas\/#primaryimage","url":"https:\/\/levandupieva.lt\/wp-content\/uploads\/2025\/03\/levandin.jpg","contentUrl":"https:\/\/levandupieva.lt\/wp-content\/uploads\/2025\/03\/levandin.jpg","width":1000,"height":563},{"@type":"BreadcrumbList","@id":"https:\/\/levandupieva.lt\/produktas\/provanso-levandinu-hidrolatas\/#breadcrumb","itemListElement":[{"@type":"ListItem","position":1,"name":"Home","item":"https:\/\/levandupieva.lt\/"},{"@type":"ListItem","position":2,"name":"Parduotuv\u0117","item":"https:\/\/levandupieva.lt\/parduotuve\/"},{"@type":"ListItem","position":3,"name":"Provanso levandin\u0173 hidrolatas"}]},{"@type":"WebSite","@id":"https:\/\/levandupieva.lt\/#website","url":"https:\/\/levandupieva.lt\/","name":"Levand\u0173 pieva","description":"","publisher":{"@id":"https:\/\/levandupieva.lt\/#organization"},"potentialAction":[{"@type":"SearchAction","target":{"@type":"EntryPoint","urlTemplate":"https:\/\/levandupieva.lt\/?s={search_term_string}"},"query-input":{"@type":"PropertyValueSpecification","valueRequired":true,"valueName":"search_term_string"}}],"inLanguage":"en-GB"},{"@type":"Organization","@id":"https:\/\/levandupieva.lt\/#organization","name":"Levan\u0173 Pieva","url":"https:\/\/levandupieva.lt\/","logo":{"@type":"ImageObject","inLanguage":"en-GB","@id":"https:\/\/levandupieva.lt\/#\/schema\/logo\/image\/","url":"https:\/\/levandupieva.lt\/wp-content\/uploads\/2021\/03\/cropped-logo-e1446013442350.png","contentUrl":"https:\/\/levandupieva.lt\/wp-content\/uploads\/2021\/03\/cropped-logo-e1446013442350.png","width":654,"height":287,"caption":"Levan\u0173 Pieva"},"image":{"@id":"https:\/\/levandupieva.lt\/#\/schema\/logo\/image\/"},"sameAs":["https:\/\/www.facebook.com\/Levandupieva"]}]}},"_links":{"self":[{"href":"https:\/\/levandupieva.lt\/en\/wp-json\/wp\/v2\/product\/7439","targetHints":{"allow":["GET"]}}],"collection":[{"href":"https:\/\/levandupieva.lt\/en\/wp-json\/wp\/v2\/product"}],"about":[{"href":"https:\/\/levandupieva.lt\/en\/wp-json\/wp\/v2\/types\/product"}],"replies":[{"embeddable":true,"href":"https:\/\/levandupieva.lt\/en\/wp-json\/wp\/v2\/comments?post=7439"}],"wp:featuredmedia":[{"embeddable":true,"href":"https:\/\/levandupieva.lt\/en\/wp-json\/wp\/v2\/media\/7432"}],"wp:attachment":[{"href":"https:\/\/levandupieva.lt\/en\/wp-json\/wp\/v2\/media?parent=7439"}],"wp:term":[{"taxonomy":"product_brand","embeddable":true,"href":"https:\/\/levandupieva.lt\/en\/wp-json\/wp\/v2\/product_brand?post=7439"},{"taxonomy":"product_cat","embeddable":true,"href":"https:\/\/levandupieva.lt\/en\/wp-json\/wp\/v2\/product_cat?post=7439"},{"taxonomy":"product_tag","embeddable":true,"href":"https:\/\/levandupieva.lt\/en\/wp-json\/wp\/v2\/product_tag?post=7439"}],"curies":[{"name":"wp","href":"https:\/\/api.w.org\/{rel}","templated":true}]}}