{"id":7545,"date":"2025-04-22T12:34:33","date_gmt":"2025-04-22T12:34:33","guid":{"rendered":"https:\/\/levandupieva.lt\/?post_type=product&#038;p=7545"},"modified":"2026-02-09T17:04:38","modified_gmt":"2026-02-09T17:04:38","slug":"inhaliatorius-aliumininis-uostukas-eteriniams-aliejams","status":"publish","type":"product","link":"https:\/\/levandupieva.lt\/en\/product\/inhaliatorius-aliumininis-uostukas-eteriniams-aliejams\/","title":{"rendered":"Inhaliatorius (ALIUMININIS) uostukas eteriniams aliejams"},"content":{"rendered":"<div class=\"x78zum5 xdt5ytf x6ikm8r x10wlt62 xh8yej3 xyzno7u x8dqta2\">\n<div class=\"x1iyjqo2 x6ikm8r x10wlt62\" data-pagelet=\"WatchPermalinkVideo\">\n<div class=\"xal61yo x5yr21d x1n2onr6 xh8yej3\">\n<div class=\"x5yr21d x6ikm8r x10wlt62 x1n2onr6 xh8yej3 x2bj2ny\">\n<div class=\"x1lliihq x5yr21d x1n2onr6 xh8yej3 x1ja2u2z\">\n<div data-instancekey=\"id-vpuid-f0a6534e6836a5578\">\n<div class=\"x5yr21d x10l6tqk x13vifvy xh8yej3\" data-visualcompletion=\"ignore\">\n<div class=\"x6s0dn4 x78zum5 x5yr21d xh8yej3\"><\/div>\n<\/div>\n<\/div>\n<\/div>\n<\/div>\n<\/div>\n<\/div>\n<\/div>\n<div class=\"x1jx94hy x78zum5 xdt5ytf x2lah0s xw2csxc x1odjw0f xmd6oqt x13o0s5z\">\n<div class=\"x1swvt13 x1pi30zi xyamay9\">\n<div><strong>INHALIATORIUS &#8211; UOSTUKAS \u2013 viena saugiausi\u0173 ir efektyviausi\u0173 aromaterapijos priemoni\u0173 visai \u0161eimai!<\/strong><\/div>\n<\/div>\n<\/div>\n<p>Esame \u012fprat\u0119 eterinius aliejus garinti difuzoriais, la\u0161inti ant servet\u0117li\u0173, r\u016bb\u0173 ar tiesiog \u012fkv\u0117pti i\u0161 buteliuko. Ta\u010diau vienas patogiausi\u0173, saugiausi\u0173\u00a0ir papras\u010diausi\u0173 b\u016bd\u0173 visada po ranka tur\u0117ti reikaling\u0105\u00a0eterin\u012f\u00a0aliej\u0173 &#8211;\u00a0individualus, ma\u017eas, nosinis inhaliatorius (uostukas) eteriniams aliejams.<\/p>\n<p>KAIP NAUDOTI. \u012e uostuk\u0105 dedama \u0161erdel\u0117, ant kurios u\u017ela\u0161inami keli eterinio aliejaus ar j\u0173 mi\u0161inio la\u0161ai, apatinis dangtelis yra \u012fspaud\u017eiamas, vir\u0161utinis dangtelis u\u017esukamas pagal laikrod\u017eio rodykl\u0119. Sandariai u\u017esukus, eteriniai aliejai negaruoja \u012f aplink\u0105. Esant poreikiui ar norui tereikia atsukti\u00a0 vir\u0161utin\u012f dangtel\u012f ir kelis kartus \u012fkv\u0117pti kvapnaus aromato.<\/p>\n<p>Keisdami eterinius aliejus gal\u0117site patirt\u012f vis kitok\u012f j\u0173 poveik\u012f. Inhaliatorius uostukas yra daugkartinio naudojimo, pagamintas i\u0161 aliuminio, parduodamas kartu su pakaitine medvilnine \u0161erdele.<\/p>\n<p><strong>Inhaliatori\u0173 spalvos: sidabrin\u0117, auksin\u0117, juoda, m\u0117lyna, violetin\u0117. Spalva parenkama atsitiktinai arba galite para\u0161yti pastabose prie u\u017esakymo, kokios norite spalvos.<\/strong><\/p>\n<p>Pateikiame kelet\u0105 eterini\u0173 alieju recept\u0173 \u0161iems uostukams ( galite la\u0161inti \u012f uostuk\u0105 po la\u0161\u0105 kiekvieno aliejaus arba i\u0161sirinkti i\u0161 s\u0105ra\u0161o kuriuos norite la\u0161inti)<\/p>\n<ul>\n<li><strong>Jeigu pykina (keliaujant): <\/strong>citrin\u0173 eterinis aliejus, peletr\u016bn\u0173 eterinis aliejus, didramuni\u0173 eterinis aliejus, pipirm\u0117\u010di\u0173 eterinis aliejus.<\/li>\n<li><strong>Esant per\u0161alimui, slogai:<\/strong> eukalipt\u0173 (spindulini\u0173 ar rutulini\u0173), arbatmed\u017ei\u0173, ravensar\u0173, \u010diobreli\u0173.<\/li>\n<li><strong>Koncentracijai:<\/strong> rozmarin\u0173, kvapi\u0173j\u0173 \u0161alavij\u0173, greipfrut\u0173, kamparini\u0173 cinamon\u0173 lap\u0173.<\/li>\n<li><strong>Atsipalaidavimui, nusiraminimui<\/strong>: tikr\u0173j\u0173 levand\u0173 (bot. <em>Lavandula angustifolia),<\/em> mandarin\u0173, apelsin\u0173, bergamo\u010di\u0173, mair\u016bn\u0173, didramuni\u0173, ylang ylang,\u00a0<em>neroli,<\/em> palmaroz\u0173 eteriniai aliejai.<\/li>\n<\/ul>\n<h1><\/h1>\n<p>&nbsp;<\/p>\n<p>&nbsp;<\/p>","protected":false},"excerpt":{"rendered":"<div class=\"x1jx94hy x78zum5 xdt5ytf x2lah0s xw2csxc x1odjw0f xmd6oqt x13o0s5z\">\n<div class=\"x1swvt13 x1pi30zi xyamay9\">\n<div><strong>INHALIATORIUS &#8211; UOSTUKAS \u2013 viena saugiausi\u0173 ir efektyviausi\u0173 aromaterapijos priemoni\u0173 visai \u0161eimai!<\/strong><\/div>\n<\/div>\n<\/div>\n<p>Esame \u012fprat\u0119 eterinius aliejus garinti difuzoriais, la\u0161inti ant servet\u0117li\u0173, r\u016bb\u0173 ar tiesiog \u012fkv\u0117pti i\u0161 buteliuko. Ta\u010diau vienas patogiausi\u0173, saugiausi\u0173\u00a0ir papras\u010diausi\u0173 b\u016bd\u0173 visada po ranka tur\u0117ti reikaling\u0105\u00a0eterin\u012f\u00a0aliej\u0173 &#8211;\u00a0individualus, ma\u017eas, nosinis inhaliatorius (uostukas) eteriniams aliejams.<\/p>\n<p>KAIP NAUDOTI. \u012e uostuk\u0105 dedama \u0161erdel\u0117, ant kurios u\u017ela\u0161inami keli eterinio aliejaus ar j\u0173 mi\u0161inio la\u0161ai, apatinis dangtelis yra \u012fspaud\u017eiamas, vir\u0161utinis dangtelis u\u017esukamas pagal laikrod\u017eio rodykl\u0119. Sandariai u\u017esukus, eteriniai aliejai negaruoja \u012f aplink\u0105. Esant poreikiui ar norui tereikia atsukti\u00a0 vir\u0161utin\u012f dangtel\u012f ir kelis kartus \u012fkv\u0117pti kvapnaus aromato.<\/p>\n<p>Keisdami eterinius aliejus gal\u0117site patirt\u012f vis kitok\u012f j\u0173 poveik\u012f. Inhaliatorius uostukas yra daugkartinio naudojimo, pagamintas i\u0161 aliuminio, parduodamas kartu su pakaitine medvilnine \u0161erdele.<\/p>\n<p><strong>Inhaliatori\u0173 spalvos: sidabrin\u0117, auksin\u0117, juoda, m\u0117lyna, violetin\u0117. Spalva parenkama atsitiktinai arba galite para\u0161yti pastabose prie u\u017esakymo, kokios norite spalvos<\/strong><\/p>\n<p>Pateikiame kelet\u0105 eterini\u0173 alieju recept\u0173 \u0161iems uostukams ( galite la\u0161inti \u012f uostuk\u0105 po la\u0161\u0105 kiekvieno aliejaus arba i\u0161sirinkti i\u0161 s\u0105ra\u0161o kuriuos norite la\u0161inti)<\/p>\n<ul>\n<li><strong>Jeigu pykina (keliaujant): <\/strong>citrin\u0173 eterinis aliejus, peletr\u016bn\u0173 eterinis aliejus, didramuni\u0173 eterinis aliejus, pipirm\u0117\u010di\u0173 eterinis aliejus.<\/li>\n<li><strong>Esant per\u0161alimui, slogai:<\/strong> eukalipt\u0173 (spindulini\u0173 ar rutulini\u0173), arbatmed\u017ei\u0173, ravensar\u0173, \u010diobreli\u0173.<\/li>\n<li><strong>Koncentracijai:<\/strong> rozmarin\u0173, kvapi\u0173j\u0173 \u0161alavij\u0173, greipfrut\u0173, kamparini\u0173 cinamon\u0173 lap\u0173.<\/li>\n<li><strong>Atsipalaidavimui, nusiraminimui<\/strong>: tikr\u0173j\u0173 levand\u0173 (bot. <em>Lavandula angustifolia),<\/em> mandarin\u0173, apelsin\u0173, bergamo\u010di\u0173, mair\u016bn\u0173, didramuni\u0173, ylang ylang,\u00a0<em>neroli,<\/em> palmaroz\u0173 eteriniai aliejai.<\/li>\n<\/ul>\n<h1><\/h1>","protected":false},"featured_media":7548,"comment_status":"open","ping_status":"closed","template":"","meta":[],"product_brand":[],"product_cat":[167],"product_tag":[195,197,196],"class_list":{"0":"post-7545","1":"product","2":"type-product","3":"status-publish","4":"has-post-thumbnail","6":"product_cat-laboratoriju-priemones","7":"product_tag-eteriniu-alieju-uostukas","8":"product_tag-inhaliatorius","9":"product_tag-uostukas","11":"first","12":"instock","13":"shipping-taxable","14":"purchasable","15":"product-type-simple"},"yoast_head":"<!-- This site is optimized with the Yoast SEO plugin v24.8.1 - https:\/\/yoast.com\/wordpress\/plugins\/seo\/ -->\n<title>Inhaliatorius (ALIUMININIS) uostukas eteriniams aliejams - Levand\u0173 pieva<\/title>\n<meta name=\"description\" content=\"INHALIATORIUS - UOSTUKAS \u2013 viena saugiausi\u0173 ir efektyviausi\u0173 aromaterapijos priemoni\u0173 visai \u0161eimai! \u012esidedi \u012f ki\u0161en\u0119 ir pauostai keliskart per dien\u0105!Esame \u012fprat\u0119 eterinius aliejus garinti difuzoriais, la\u0161inti ant servet\u0117li\u0173, r\u016bb\u0173 ar tiesiog \u012fkv\u0117pti i\u0161 buteliuko. Ta\u010diau vienas patogiausi\u0173, saugiausi\u0173\u00a0ir papras\u010diausi\u0173 b\u016bd\u0173 visada po ranka tur\u0117ti reikaling\u0105\u00a0eterin\u012f\u00a0aliej\u0173 -\u00a0individualus, ma\u017eas, nosinis inhaliatorius (uostukas) eteriniams aliejams.\" \/>\n<meta name=\"robots\" content=\"index, follow, max-snippet:-1, max-image-preview:large, max-video-preview:-1\" \/>\n<link rel=\"canonical\" href=\"https:\/\/levandupieva.lt\/en\/product\/inhaliatorius-aliumininis-uostukas-eteriniams-aliejams\/\" \/>\n<meta property=\"og:locale\" content=\"en_GB\" \/>\n<meta property=\"og:type\" content=\"article\" \/>\n<meta property=\"og:title\" content=\"Inhaliatorius (ALIUMININIS) uostukas eteriniams aliejams - Levand\u0173 pieva\" \/>\n<meta property=\"og:description\" content=\"INHALIATORIUS - UOSTUKAS \u2013 viena saugiausi\u0173 ir efektyviausi\u0173 aromaterapijos priemoni\u0173 visai \u0161eimai! \u012esidedi \u012f ki\u0161en\u0119 ir pauostai keliskart per dien\u0105!Esame \u012fprat\u0119 eterinius aliejus garinti difuzoriais, la\u0161inti ant servet\u0117li\u0173, r\u016bb\u0173 ar tiesiog \u012fkv\u0117pti i\u0161 buteliuko. Ta\u010diau vienas patogiausi\u0173, saugiausi\u0173\u00a0ir papras\u010diausi\u0173 b\u016bd\u0173 visada po ranka tur\u0117ti reikaling\u0105\u00a0eterin\u012f\u00a0aliej\u0173 -\u00a0individualus, ma\u017eas, nosinis inhaliatorius (uostukas) eteriniams aliejams.\" \/>\n<meta property=\"og:url\" content=\"https:\/\/levandupieva.lt\/en\/product\/inhaliatorius-aliumininis-uostukas-eteriniams-aliejams\/\" \/>\n<meta property=\"og:site_name\" content=\"Levand\u0173 pieva\" \/>\n<meta property=\"article:publisher\" content=\"https:\/\/www.facebook.com\/Levandupieva\" \/>\n<meta property=\"article:modified_time\" content=\"2026-02-09T17:04:38+00:00\" \/>\n<meta property=\"og:image\" content=\"https:\/\/levandupieva.lt\/wp-content\/uploads\/2025\/04\/IMG_5763.jpg\" \/>\n\t<meta property=\"og:image:width\" content=\"1179\" \/>\n\t<meta property=\"og:image:height\" content=\"1169\" \/>\n\t<meta property=\"og:image:type\" content=\"image\/jpeg\" \/>\n<meta name=\"twitter:card\" content=\"summary_large_image\" \/>\n<meta name=\"twitter:label1\" content=\"Estimated reading time\" \/>\n\t<meta name=\"twitter:data1\" content=\"2 minutes\" \/>\n<script type=\"application\/ld+json\" class=\"yoast-schema-graph\">{\"@context\":\"https:\/\/schema.org\",\"@graph\":[{\"@type\":\"WebPage\",\"@id\":\"https:\/\/levandupieva.lt\/produktas\/inhaliatorius-aliumininis-uostukas-eteriniams-aliejams\/\",\"url\":\"https:\/\/levandupieva.lt\/produktas\/inhaliatorius-aliumininis-uostukas-eteriniams-aliejams\/\",\"name\":\"Inhaliatorius (ALIUMININIS) uostukas eteriniams aliejams - Levand\u0173 pieva\",\"isPartOf\":{\"@id\":\"https:\/\/levandupieva.lt\/#website\"},\"primaryImageOfPage\":{\"@id\":\"https:\/\/levandupieva.lt\/produktas\/inhaliatorius-aliumininis-uostukas-eteriniams-aliejams\/#primaryimage\"},\"image\":{\"@id\":\"https:\/\/levandupieva.lt\/produktas\/inhaliatorius-aliumininis-uostukas-eteriniams-aliejams\/#primaryimage\"},\"thumbnailUrl\":\"https:\/\/levandupieva.lt\/wp-content\/uploads\/2025\/04\/IMG_5763.jpg\",\"datePublished\":\"2025-04-22T12:34:33+00:00\",\"dateModified\":\"2026-02-09T17:04:38+00:00\",\"description\":\"INHALIATORIUS - UOSTUKAS \u2013 viena saugiausi\u0173 ir efektyviausi\u0173 aromaterapijos priemoni\u0173 visai \u0161eimai! \u012esidedi \u012f ki\u0161en\u0119 ir pauostai keliskart per dien\u0105!Esame \u012fprat\u0119 eterinius aliejus garinti difuzoriais, la\u0161inti ant servet\u0117li\u0173, r\u016bb\u0173 ar tiesiog \u012fkv\u0117pti i\u0161 buteliuko. Ta\u010diau vienas patogiausi\u0173, saugiausi\u0173\u00a0ir papras\u010diausi\u0173 b\u016bd\u0173 visada po ranka tur\u0117ti reikaling\u0105\u00a0eterin\u012f\u00a0aliej\u0173 -\u00a0individualus, ma\u017eas, nosinis inhaliatorius (uostukas) eteriniams aliejams.\",\"breadcrumb\":{\"@id\":\"https:\/\/levandupieva.lt\/produktas\/inhaliatorius-aliumininis-uostukas-eteriniams-aliejams\/#breadcrumb\"},\"inLanguage\":\"en-GB\",\"potentialAction\":[{\"@type\":\"ReadAction\",\"target\":[\"https:\/\/levandupieva.lt\/produktas\/inhaliatorius-aliumininis-uostukas-eteriniams-aliejams\/\"]}]},{\"@type\":\"ImageObject\",\"inLanguage\":\"en-GB\",\"@id\":\"https:\/\/levandupieva.lt\/produktas\/inhaliatorius-aliumininis-uostukas-eteriniams-aliejams\/#primaryimage\",\"url\":\"https:\/\/levandupieva.lt\/wp-content\/uploads\/2025\/04\/IMG_5763.jpg\",\"contentUrl\":\"https:\/\/levandupieva.lt\/wp-content\/uploads\/2025\/04\/IMG_5763.jpg\",\"width\":1179,\"height\":1169,\"caption\":\"Screenshot\"},{\"@type\":\"BreadcrumbList\",\"@id\":\"https:\/\/levandupieva.lt\/produktas\/inhaliatorius-aliumininis-uostukas-eteriniams-aliejams\/#breadcrumb\",\"itemListElement\":[{\"@type\":\"ListItem\",\"position\":1,\"name\":\"Home\",\"item\":\"https:\/\/levandupieva.lt\/\"},{\"@type\":\"ListItem\",\"position\":2,\"name\":\"Parduotuv\u0117\",\"item\":\"https:\/\/levandupieva.lt\/parduotuve\/\"},{\"@type\":\"ListItem\",\"position\":3,\"name\":\"Inhaliatorius (ALIUMININIS) uostukas eteriniams aliejams\"}]},{\"@type\":\"WebSite\",\"@id\":\"https:\/\/levandupieva.lt\/#website\",\"url\":\"https:\/\/levandupieva.lt\/\",\"name\":\"Levand\u0173 pieva\",\"description\":\"\",\"publisher\":{\"@id\":\"https:\/\/levandupieva.lt\/#organization\"},\"potentialAction\":[{\"@type\":\"SearchAction\",\"target\":{\"@type\":\"EntryPoint\",\"urlTemplate\":\"https:\/\/levandupieva.lt\/?s={search_term_string}\"},\"query-input\":{\"@type\":\"PropertyValueSpecification\",\"valueRequired\":true,\"valueName\":\"search_term_string\"}}],\"inLanguage\":\"en-GB\"},{\"@type\":\"Organization\",\"@id\":\"https:\/\/levandupieva.lt\/#organization\",\"name\":\"Levan\u0173 Pieva\",\"url\":\"https:\/\/levandupieva.lt\/\",\"logo\":{\"@type\":\"ImageObject\",\"inLanguage\":\"en-GB\",\"@id\":\"https:\/\/levandupieva.lt\/#\/schema\/logo\/image\/\",\"url\":\"https:\/\/levandupieva.lt\/wp-content\/uploads\/2021\/03\/cropped-logo-e1446013442350.png\",\"contentUrl\":\"https:\/\/levandupieva.lt\/wp-content\/uploads\/2021\/03\/cropped-logo-e1446013442350.png\",\"width\":654,\"height\":287,\"caption\":\"Levan\u0173 Pieva\"},\"image\":{\"@id\":\"https:\/\/levandupieva.lt\/#\/schema\/logo\/image\/\"},\"sameAs\":[\"https:\/\/www.facebook.com\/Levandupieva\"]}]}<\/script>\n<!-- \/ Yoast SEO plugin. -->","yoast_head_json":{"title":"Inhaliatorius (ALIUMININIS) uostukas eteriniams aliejams - Levand\u0173 pieva","description":"INHALIATORIUS - UOSTUKAS \u2013 viena saugiausi\u0173 ir efektyviausi\u0173 aromaterapijos priemoni\u0173 visai \u0161eimai! \u012esidedi \u012f ki\u0161en\u0119 ir pauostai keliskart per dien\u0105!Esame \u012fprat\u0119 eterinius aliejus garinti difuzoriais, la\u0161inti ant servet\u0117li\u0173, r\u016bb\u0173 ar tiesiog \u012fkv\u0117pti i\u0161 buteliuko. Ta\u010diau vienas patogiausi\u0173, saugiausi\u0173\u00a0ir papras\u010diausi\u0173 b\u016bd\u0173 visada po ranka tur\u0117ti reikaling\u0105\u00a0eterin\u012f\u00a0aliej\u0173 -\u00a0individualus, ma\u017eas, nosinis inhaliatorius (uostukas) eteriniams aliejams.","robots":{"index":"index","follow":"follow","max-snippet":"max-snippet:-1","max-image-preview":"max-image-preview:large","max-video-preview":"max-video-preview:-1"},"canonical":"https:\/\/levandupieva.lt\/en\/product\/inhaliatorius-aliumininis-uostukas-eteriniams-aliejams\/","og_locale":"en_GB","og_type":"article","og_title":"Inhaliatorius (ALIUMININIS) uostukas eteriniams aliejams - Levand\u0173 pieva","og_description":"INHALIATORIUS - UOSTUKAS \u2013 viena saugiausi\u0173 ir efektyviausi\u0173 aromaterapijos priemoni\u0173 visai \u0161eimai! \u012esidedi \u012f ki\u0161en\u0119 ir pauostai keliskart per dien\u0105!Esame \u012fprat\u0119 eterinius aliejus garinti difuzoriais, la\u0161inti ant servet\u0117li\u0173, r\u016bb\u0173 ar tiesiog \u012fkv\u0117pti i\u0161 buteliuko. Ta\u010diau vienas patogiausi\u0173, saugiausi\u0173\u00a0ir papras\u010diausi\u0173 b\u016bd\u0173 visada po ranka tur\u0117ti reikaling\u0105\u00a0eterin\u012f\u00a0aliej\u0173 -\u00a0individualus, ma\u017eas, nosinis inhaliatorius (uostukas) eteriniams aliejams.","og_url":"https:\/\/levandupieva.lt\/en\/product\/inhaliatorius-aliumininis-uostukas-eteriniams-aliejams\/","og_site_name":"Levand\u0173 pieva","article_publisher":"https:\/\/www.facebook.com\/Levandupieva","article_modified_time":"2026-02-09T17:04:38+00:00","og_image":[{"width":1179,"height":1169,"url":"https:\/\/levandupieva.lt\/wp-content\/uploads\/2025\/04\/IMG_5763.jpg","type":"image\/jpeg"}],"twitter_card":"summary_large_image","twitter_misc":{"Estimated reading time":"2 minutes"},"schema":{"@context":"https:\/\/schema.org","@graph":[{"@type":"WebPage","@id":"https:\/\/levandupieva.lt\/produktas\/inhaliatorius-aliumininis-uostukas-eteriniams-aliejams\/","url":"https:\/\/levandupieva.lt\/produktas\/inhaliatorius-aliumininis-uostukas-eteriniams-aliejams\/","name":"Inhaliatorius (ALIUMININIS) uostukas eteriniams aliejams - Levand\u0173 pieva","isPartOf":{"@id":"https:\/\/levandupieva.lt\/#website"},"primaryImageOfPage":{"@id":"https:\/\/levandupieva.lt\/produktas\/inhaliatorius-aliumininis-uostukas-eteriniams-aliejams\/#primaryimage"},"image":{"@id":"https:\/\/levandupieva.lt\/produktas\/inhaliatorius-aliumininis-uostukas-eteriniams-aliejams\/#primaryimage"},"thumbnailUrl":"https:\/\/levandupieva.lt\/wp-content\/uploads\/2025\/04\/IMG_5763.jpg","datePublished":"2025-04-22T12:34:33+00:00","dateModified":"2026-02-09T17:04:38+00:00","description":"INHALIATORIUS - UOSTUKAS \u2013 viena saugiausi\u0173 ir efektyviausi\u0173 aromaterapijos priemoni\u0173 visai \u0161eimai! \u012esidedi \u012f ki\u0161en\u0119 ir pauostai keliskart per dien\u0105!Esame \u012fprat\u0119 eterinius aliejus garinti difuzoriais, la\u0161inti ant servet\u0117li\u0173, r\u016bb\u0173 ar tiesiog \u012fkv\u0117pti i\u0161 buteliuko. Ta\u010diau vienas patogiausi\u0173, saugiausi\u0173\u00a0ir papras\u010diausi\u0173 b\u016bd\u0173 visada po ranka tur\u0117ti reikaling\u0105\u00a0eterin\u012f\u00a0aliej\u0173 -\u00a0individualus, ma\u017eas, nosinis inhaliatorius (uostukas) eteriniams aliejams.","breadcrumb":{"@id":"https:\/\/levandupieva.lt\/produktas\/inhaliatorius-aliumininis-uostukas-eteriniams-aliejams\/#breadcrumb"},"inLanguage":"en-GB","potentialAction":[{"@type":"ReadAction","target":["https:\/\/levandupieva.lt\/produktas\/inhaliatorius-aliumininis-uostukas-eteriniams-aliejams\/"]}]},{"@type":"ImageObject","inLanguage":"en-GB","@id":"https:\/\/levandupieva.lt\/produktas\/inhaliatorius-aliumininis-uostukas-eteriniams-aliejams\/#primaryimage","url":"https:\/\/levandupieva.lt\/wp-content\/uploads\/2025\/04\/IMG_5763.jpg","contentUrl":"https:\/\/levandupieva.lt\/wp-content\/uploads\/2025\/04\/IMG_5763.jpg","width":1179,"height":1169,"caption":"Screenshot"},{"@type":"BreadcrumbList","@id":"https:\/\/levandupieva.lt\/produktas\/inhaliatorius-aliumininis-uostukas-eteriniams-aliejams\/#breadcrumb","itemListElement":[{"@type":"ListItem","position":1,"name":"Home","item":"https:\/\/levandupieva.lt\/"},{"@type":"ListItem","position":2,"name":"Parduotuv\u0117","item":"https:\/\/levandupieva.lt\/parduotuve\/"},{"@type":"ListItem","position":3,"name":"Inhaliatorius (ALIUMININIS) uostukas eteriniams aliejams"}]},{"@type":"WebSite","@id":"https:\/\/levandupieva.lt\/#website","url":"https:\/\/levandupieva.lt\/","name":"Levand\u0173 pieva","description":"","publisher":{"@id":"https:\/\/levandupieva.lt\/#organization"},"potentialAction":[{"@type":"SearchAction","target":{"@type":"EntryPoint","urlTemplate":"https:\/\/levandupieva.lt\/?s={search_term_string}"},"query-input":{"@type":"PropertyValueSpecification","valueRequired":true,"valueName":"search_term_string"}}],"inLanguage":"en-GB"},{"@type":"Organization","@id":"https:\/\/levandupieva.lt\/#organization","name":"Levan\u0173 Pieva","url":"https:\/\/levandupieva.lt\/","logo":{"@type":"ImageObject","inLanguage":"en-GB","@id":"https:\/\/levandupieva.lt\/#\/schema\/logo\/image\/","url":"https:\/\/levandupieva.lt\/wp-content\/uploads\/2021\/03\/cropped-logo-e1446013442350.png","contentUrl":"https:\/\/levandupieva.lt\/wp-content\/uploads\/2021\/03\/cropped-logo-e1446013442350.png","width":654,"height":287,"caption":"Levan\u0173 Pieva"},"image":{"@id":"https:\/\/levandupieva.lt\/#\/schema\/logo\/image\/"},"sameAs":["https:\/\/www.facebook.com\/Levandupieva"]}]}},"_links":{"self":[{"href":"https:\/\/levandupieva.lt\/en\/wp-json\/wp\/v2\/product\/7545","targetHints":{"allow":["GET"]}}],"collection":[{"href":"https:\/\/levandupieva.lt\/en\/wp-json\/wp\/v2\/product"}],"about":[{"href":"https:\/\/levandupieva.lt\/en\/wp-json\/wp\/v2\/types\/product"}],"replies":[{"embeddable":true,"href":"https:\/\/levandupieva.lt\/en\/wp-json\/wp\/v2\/comments?post=7545"}],"wp:featuredmedia":[{"embeddable":true,"href":"https:\/\/levandupieva.lt\/en\/wp-json\/wp\/v2\/media\/7548"}],"wp:attachment":[{"href":"https:\/\/levandupieva.lt\/en\/wp-json\/wp\/v2\/media?parent=7545"}],"wp:term":[{"taxonomy":"product_brand","embeddable":true,"href":"https:\/\/levandupieva.lt\/en\/wp-json\/wp\/v2\/product_brand?post=7545"},{"taxonomy":"product_cat","embeddable":true,"href":"https:\/\/levandupieva.lt\/en\/wp-json\/wp\/v2\/product_cat?post=7545"},{"taxonomy":"product_tag","embeddable":true,"href":"https:\/\/levandupieva.lt\/en\/wp-json\/wp\/v2\/product_tag?post=7545"}],"curies":[{"name":"wp","href":"https:\/\/api.w.org\/{rel}","templated":true}]}}