{"id":7634,"date":"2025-05-31T09:43:27","date_gmt":"2025-05-31T09:43:27","guid":{"rendered":"https:\/\/levandupieva.lt\/?post_type=product&#038;p=7634"},"modified":"2026-03-23T17:56:51","modified_gmt":"2026-03-23T17:56:51","slug":"aliumininis-indelis-su-dangteliu-30-ml","status":"publish","type":"product","link":"https:\/\/levandupieva.lt\/en\/product\/aliumininis-indelis-su-dangteliu-30-ml\/","title":{"rendered":"Aliumininis indelis su dangteliu 30 ml"},"content":{"rendered":"<p>Aliumininis indelis su dangtelis ir tarpine. Auk\u0161tis &#8211; 20 mm, skersmuo (dangtelio vir\u0161aus) 50 mm, talpa: 30 ml. Puikiai tinka naudoti: l\u016bp\u0173 balzamams, l\u016bpda\u017eiams, kietiesiems kvepalams, kt. pana\u0161ios tekst\u016bros gaminiams.<\/p>","protected":false},"excerpt":{"rendered":"<p>Aliumininis indelis su dangtelis ir tarpine. Auk\u0161tis &#8211; 20 mm, skersmuo (dangtelio vir\u0161aus) 50 mm, talpa: 30 ml. Puikiai tinka naudoti: l\u016bp\u0173 balzamams, l\u016bpda\u017eiams, kietiesiems kvepalams, kt. pana\u0161ios tekst\u016bros gaminiams.<\/p>","protected":false},"featured_media":8107,"comment_status":"open","ping_status":"closed","template":"","meta":[],"product_brand":[],"product_cat":[83],"product_tag":[],"class_list":{"0":"post-7634","1":"product","2":"type-product","3":"status-publish","4":"has-post-thumbnail","6":"product_cat-kita-tara","8":"first","9":"instock","10":"shipping-taxable","11":"purchasable","12":"product-type-simple"},"yoast_head":"<!-- This site is optimized with the Yoast SEO plugin v24.8.1 - https:\/\/yoast.com\/wordpress\/plugins\/seo\/ -->\n<title>Aliumininis indelis su dangteliu 30 ml - Levand\u0173 pieva<\/title>\n<meta name=\"robots\" content=\"index, follow, max-snippet:-1, max-image-preview:large, max-video-preview:-1\" \/>\n<link rel=\"canonical\" href=\"https:\/\/levandupieva.lt\/en\/product\/aliumininis-indelis-su-dangteliu-30-ml\/\" \/>\n<meta property=\"og:locale\" content=\"en_GB\" \/>\n<meta property=\"og:type\" content=\"article\" \/>\n<meta property=\"og:title\" content=\"Aliumininis indelis su dangteliu 30 ml - Levand\u0173 pieva\" \/>\n<meta property=\"og:description\" content=\"Aliumininis indelis su dangtelis ir tarpine. Auk\u0161tis - 20 mm, skersmuo (dangtelio vir\u0161aus) 50 mm, talpa: 30 ml. Puikiai tinka naudoti: l\u016bp\u0173 balzamams, l\u016bpda\u017eiams, kietiesiems kvepalams, kt. pana\u0161ios tekst\u016bros gaminiams.\" \/>\n<meta property=\"og:url\" content=\"https:\/\/levandupieva.lt\/en\/product\/aliumininis-indelis-su-dangteliu-30-ml\/\" \/>\n<meta property=\"og:site_name\" content=\"Levand\u0173 pieva\" \/>\n<meta property=\"article:publisher\" content=\"https:\/\/www.facebook.com\/Levandupieva\" \/>\n<meta property=\"article:modified_time\" content=\"2026-03-23T17:56:51+00:00\" \/>\n<meta property=\"og:image\" content=\"https:\/\/levandupieva.lt\/wp-content\/uploads\/2025\/05\/round-aluminum-jar-30-ml.jpg\" \/>\n\t<meta property=\"og:image:width\" content=\"600\" \/>\n\t<meta property=\"og:image:height\" content=\"400\" \/>\n\t<meta property=\"og:image:type\" content=\"image\/jpeg\" \/>\n<meta name=\"twitter:card\" content=\"summary_large_image\" \/>\n<meta name=\"twitter:label1\" content=\"Estimated reading time\" \/>\n\t<meta name=\"twitter:data1\" content=\"1 minute\" \/>\n<script type=\"application\/ld+json\" class=\"yoast-schema-graph\">{\"@context\":\"https:\/\/schema.org\",\"@graph\":[{\"@type\":\"WebPage\",\"@id\":\"https:\/\/levandupieva.lt\/produktas\/aliumininis-indelis-su-dangteliu-30-ml\/\",\"url\":\"https:\/\/levandupieva.lt\/produktas\/aliumininis-indelis-su-dangteliu-30-ml\/\",\"name\":\"Aliumininis indelis su dangteliu 30 ml - Levand\u0173 pieva\",\"isPartOf\":{\"@id\":\"https:\/\/levandupieva.lt\/#website\"},\"primaryImageOfPage\":{\"@id\":\"https:\/\/levandupieva.lt\/produktas\/aliumininis-indelis-su-dangteliu-30-ml\/#primaryimage\"},\"image\":{\"@id\":\"https:\/\/levandupieva.lt\/produktas\/aliumininis-indelis-su-dangteliu-30-ml\/#primaryimage\"},\"thumbnailUrl\":\"https:\/\/levandupieva.lt\/wp-content\/uploads\/2025\/05\/round-aluminum-jar-30-ml.jpg\",\"datePublished\":\"2025-05-31T09:43:27+00:00\",\"dateModified\":\"2026-03-23T17:56:51+00:00\",\"breadcrumb\":{\"@id\":\"https:\/\/levandupieva.lt\/produktas\/aliumininis-indelis-su-dangteliu-30-ml\/#breadcrumb\"},\"inLanguage\":\"en-GB\",\"potentialAction\":[{\"@type\":\"ReadAction\",\"target\":[\"https:\/\/levandupieva.lt\/produktas\/aliumininis-indelis-su-dangteliu-30-ml\/\"]}]},{\"@type\":\"ImageObject\",\"inLanguage\":\"en-GB\",\"@id\":\"https:\/\/levandupieva.lt\/produktas\/aliumininis-indelis-su-dangteliu-30-ml\/#primaryimage\",\"url\":\"https:\/\/levandupieva.lt\/wp-content\/uploads\/2025\/05\/round-aluminum-jar-30-ml.jpg\",\"contentUrl\":\"https:\/\/levandupieva.lt\/wp-content\/uploads\/2025\/05\/round-aluminum-jar-30-ml.jpg\",\"width\":600,\"height\":400},{\"@type\":\"BreadcrumbList\",\"@id\":\"https:\/\/levandupieva.lt\/produktas\/aliumininis-indelis-su-dangteliu-30-ml\/#breadcrumb\",\"itemListElement\":[{\"@type\":\"ListItem\",\"position\":1,\"name\":\"Home\",\"item\":\"https:\/\/levandupieva.lt\/\"},{\"@type\":\"ListItem\",\"position\":2,\"name\":\"Parduotuv\u0117\",\"item\":\"https:\/\/levandupieva.lt\/parduotuve\/\"},{\"@type\":\"ListItem\",\"position\":3,\"name\":\"Aliumininis indelis su dangteliu 30 ml\"}]},{\"@type\":\"WebSite\",\"@id\":\"https:\/\/levandupieva.lt\/#website\",\"url\":\"https:\/\/levandupieva.lt\/\",\"name\":\"Levand\u0173 pieva\",\"description\":\"\",\"publisher\":{\"@id\":\"https:\/\/levandupieva.lt\/#organization\"},\"potentialAction\":[{\"@type\":\"SearchAction\",\"target\":{\"@type\":\"EntryPoint\",\"urlTemplate\":\"https:\/\/levandupieva.lt\/?s={search_term_string}\"},\"query-input\":{\"@type\":\"PropertyValueSpecification\",\"valueRequired\":true,\"valueName\":\"search_term_string\"}}],\"inLanguage\":\"en-GB\"},{\"@type\":\"Organization\",\"@id\":\"https:\/\/levandupieva.lt\/#organization\",\"name\":\"Levan\u0173 Pieva\",\"url\":\"https:\/\/levandupieva.lt\/\",\"logo\":{\"@type\":\"ImageObject\",\"inLanguage\":\"en-GB\",\"@id\":\"https:\/\/levandupieva.lt\/#\/schema\/logo\/image\/\",\"url\":\"https:\/\/levandupieva.lt\/wp-content\/uploads\/2021\/03\/cropped-logo-e1446013442350.png\",\"contentUrl\":\"https:\/\/levandupieva.lt\/wp-content\/uploads\/2021\/03\/cropped-logo-e1446013442350.png\",\"width\":654,\"height\":287,\"caption\":\"Levan\u0173 Pieva\"},\"image\":{\"@id\":\"https:\/\/levandupieva.lt\/#\/schema\/logo\/image\/\"},\"sameAs\":[\"https:\/\/www.facebook.com\/Levandupieva\"]}]}<\/script>\n<!-- \/ Yoast SEO plugin. -->","yoast_head_json":{"title":"Aliumininis indelis su dangteliu 30 ml - Levand\u0173 pieva","robots":{"index":"index","follow":"follow","max-snippet":"max-snippet:-1","max-image-preview":"max-image-preview:large","max-video-preview":"max-video-preview:-1"},"canonical":"https:\/\/levandupieva.lt\/en\/product\/aliumininis-indelis-su-dangteliu-30-ml\/","og_locale":"en_GB","og_type":"article","og_title":"Aliumininis indelis su dangteliu 30 ml - Levand\u0173 pieva","og_description":"Aliumininis indelis su dangtelis ir tarpine. Auk\u0161tis - 20 mm, skersmuo (dangtelio vir\u0161aus) 50 mm, talpa: 30 ml. Puikiai tinka naudoti: l\u016bp\u0173 balzamams, l\u016bpda\u017eiams, kietiesiems kvepalams, kt. pana\u0161ios tekst\u016bros gaminiams.","og_url":"https:\/\/levandupieva.lt\/en\/product\/aliumininis-indelis-su-dangteliu-30-ml\/","og_site_name":"Levand\u0173 pieva","article_publisher":"https:\/\/www.facebook.com\/Levandupieva","article_modified_time":"2026-03-23T17:56:51+00:00","og_image":[{"width":600,"height":400,"url":"https:\/\/levandupieva.lt\/wp-content\/uploads\/2025\/05\/round-aluminum-jar-30-ml.jpg","type":"image\/jpeg"}],"twitter_card":"summary_large_image","twitter_misc":{"Estimated reading time":"1 minute"},"schema":{"@context":"https:\/\/schema.org","@graph":[{"@type":"WebPage","@id":"https:\/\/levandupieva.lt\/produktas\/aliumininis-indelis-su-dangteliu-30-ml\/","url":"https:\/\/levandupieva.lt\/produktas\/aliumininis-indelis-su-dangteliu-30-ml\/","name":"Aliumininis indelis su dangteliu 30 ml - Levand\u0173 pieva","isPartOf":{"@id":"https:\/\/levandupieva.lt\/#website"},"primaryImageOfPage":{"@id":"https:\/\/levandupieva.lt\/produktas\/aliumininis-indelis-su-dangteliu-30-ml\/#primaryimage"},"image":{"@id":"https:\/\/levandupieva.lt\/produktas\/aliumininis-indelis-su-dangteliu-30-ml\/#primaryimage"},"thumbnailUrl":"https:\/\/levandupieva.lt\/wp-content\/uploads\/2025\/05\/round-aluminum-jar-30-ml.jpg","datePublished":"2025-05-31T09:43:27+00:00","dateModified":"2026-03-23T17:56:51+00:00","breadcrumb":{"@id":"https:\/\/levandupieva.lt\/produktas\/aliumininis-indelis-su-dangteliu-30-ml\/#breadcrumb"},"inLanguage":"en-GB","potentialAction":[{"@type":"ReadAction","target":["https:\/\/levandupieva.lt\/produktas\/aliumininis-indelis-su-dangteliu-30-ml\/"]}]},{"@type":"ImageObject","inLanguage":"en-GB","@id":"https:\/\/levandupieva.lt\/produktas\/aliumininis-indelis-su-dangteliu-30-ml\/#primaryimage","url":"https:\/\/levandupieva.lt\/wp-content\/uploads\/2025\/05\/round-aluminum-jar-30-ml.jpg","contentUrl":"https:\/\/levandupieva.lt\/wp-content\/uploads\/2025\/05\/round-aluminum-jar-30-ml.jpg","width":600,"height":400},{"@type":"BreadcrumbList","@id":"https:\/\/levandupieva.lt\/produktas\/aliumininis-indelis-su-dangteliu-30-ml\/#breadcrumb","itemListElement":[{"@type":"ListItem","position":1,"name":"Home","item":"https:\/\/levandupieva.lt\/"},{"@type":"ListItem","position":2,"name":"Parduotuv\u0117","item":"https:\/\/levandupieva.lt\/parduotuve\/"},{"@type":"ListItem","position":3,"name":"Aliumininis indelis su dangteliu 30 ml"}]},{"@type":"WebSite","@id":"https:\/\/levandupieva.lt\/#website","url":"https:\/\/levandupieva.lt\/","name":"Levand\u0173 pieva","description":"","publisher":{"@id":"https:\/\/levandupieva.lt\/#organization"},"potentialAction":[{"@type":"SearchAction","target":{"@type":"EntryPoint","urlTemplate":"https:\/\/levandupieva.lt\/?s={search_term_string}"},"query-input":{"@type":"PropertyValueSpecification","valueRequired":true,"valueName":"search_term_string"}}],"inLanguage":"en-GB"},{"@type":"Organization","@id":"https:\/\/levandupieva.lt\/#organization","name":"Levan\u0173 Pieva","url":"https:\/\/levandupieva.lt\/","logo":{"@type":"ImageObject","inLanguage":"en-GB","@id":"https:\/\/levandupieva.lt\/#\/schema\/logo\/image\/","url":"https:\/\/levandupieva.lt\/wp-content\/uploads\/2021\/03\/cropped-logo-e1446013442350.png","contentUrl":"https:\/\/levandupieva.lt\/wp-content\/uploads\/2021\/03\/cropped-logo-e1446013442350.png","width":654,"height":287,"caption":"Levan\u0173 Pieva"},"image":{"@id":"https:\/\/levandupieva.lt\/#\/schema\/logo\/image\/"},"sameAs":["https:\/\/www.facebook.com\/Levandupieva"]}]}},"_links":{"self":[{"href":"https:\/\/levandupieva.lt\/en\/wp-json\/wp\/v2\/product\/7634","targetHints":{"allow":["GET"]}}],"collection":[{"href":"https:\/\/levandupieva.lt\/en\/wp-json\/wp\/v2\/product"}],"about":[{"href":"https:\/\/levandupieva.lt\/en\/wp-json\/wp\/v2\/types\/product"}],"replies":[{"embeddable":true,"href":"https:\/\/levandupieva.lt\/en\/wp-json\/wp\/v2\/comments?post=7634"}],"wp:featuredmedia":[{"embeddable":true,"href":"https:\/\/levandupieva.lt\/en\/wp-json\/wp\/v2\/media\/8107"}],"wp:attachment":[{"href":"https:\/\/levandupieva.lt\/en\/wp-json\/wp\/v2\/media?parent=7634"}],"wp:term":[{"taxonomy":"product_brand","embeddable":true,"href":"https:\/\/levandupieva.lt\/en\/wp-json\/wp\/v2\/product_brand?post=7634"},{"taxonomy":"product_cat","embeddable":true,"href":"https:\/\/levandupieva.lt\/en\/wp-json\/wp\/v2\/product_cat?post=7634"},{"taxonomy":"product_tag","embeddable":true,"href":"https:\/\/levandupieva.lt\/en\/wp-json\/wp\/v2\/product_tag?post=7634"}],"curies":[{"name":"wp","href":"https:\/\/api.w.org\/{rel}","templated":true}]}}