{"id":8081,"date":"2025-10-21T16:16:19","date_gmt":"2025-10-21T16:16:19","guid":{"rendered":"https:\/\/levandupieva.lt\/?post_type=product&#038;p=8081"},"modified":"2025-11-11T09:30:51","modified_gmt":"2025-11-11T09:30:51","slug":"tuscios-kapsules-0-dydis-100-vnt","status":"publish","type":"product","link":"https:\/\/levandupieva.lt\/en\/product\/tuscios-kapsules-0-dydis-100-vnt\/","title":{"rendered":"Tu\u0161\u010dios kapsul\u0117s 0 dydis (100 vnt)"},"content":{"rendered":"<p>\u0160ios skaidrios\u00a0 0\u00a0 dyd\u017eio kapsul\u0117s ( ilgis 21,7 mm, diametras 7,6 mm, talpa 0,68ml) yra pagamintos i\u0161 pululano, gauto nat\u016bralios fermentacijos b\u016bdu i\u0161 tapijokos. Lengva naudoti, gal\u0117site pasidaryti savo asmenines kapsules u\u017epildydami jas milteliais arba augaliniais aliejais.\u00a0 Be GMO, be glitimo, be titano ir be konservant\u0173, \u0161ios kapsul\u0117s visi\u0161kai atitinka j\u016bs\u0173 po\u017ei\u016br\u012f \u012f nat\u016brali\u0173 ir sveik\u0173 produkt\u0173 vartojim\u0105. Jie taip pat tinka vegani\u0161kai, ko\u0161erinei mitybai.<\/p>\n<p>Kapsuli\u0173 sud\u0117tis: pululanas, kalio chloridas (&lt;2%), karageninas (&lt;0,5%) &#8211; nat\u016bralus maisto priedas, i\u0161gaunamas i\u0161 raudon\u0173j\u0173 j\u016bros dumbli\u0173.<\/p>\n<p><strong>Kaip naudoti (u\u017epildant aliejiniu mi\u0161iniu): <\/strong>Atidarykite kapsul\u0119. Paimkite skyst\u0105 mi\u0161in\u012f naudodami 1 ml ar 3 ml\u00a0 pipet\u0119. Laikydami apatin\u0119 kapsul\u0117s dal\u012f (ilgiausi\u0105 dal\u012f) tarp pir\u0161t\u0173, pipete u\u017epildykite aliejiniu mi\u0161iniu, U\u017epildykite apatin\u0119 kapsul\u0117s dal\u012f iki kra\u0161t\u0173, kad gautum\u0117te \u0161iai kapsulei skirt\u0105 skys\u010dio kiek\u012f (0,68 ml). U\u017edarykite kapsul\u0119 u\u017ededant trumpiausi\u0105 dal\u012f (dangtel\u012f) ir pastumdami j\u012f iki galo. U\u017epildytas kapsules galima laikyti ma\u017edaug 2 m\u0117nesius sandariai u\u017edarytame inde, apsaugotame nuo \u0161viesos, dr\u0117gm\u0117s ir kar\u0161\u010dio. Kapsul\u0117s nuryjamos u\u017egeriant didele stikline vandens.<\/p>\n<p><strong>Kaip naudoti (<\/strong><strong>u\u017epildyti savo kapsules augal\u0173 milteliais): <\/strong>Atidarykite kapsul\u0119. Pasemkite apatin\u0119 kapsul\u0117s dal\u012f (ilgiausi\u0105 dal\u012f) indelyje su vaista\u017eoli\u0173 milteliais, kad j\u0105 u\u017epildytum\u0117te. Suspauskite miltelius bakstel\u0117dami kapsul\u0119 \u012f stal\u0105. Mentele supilkite miltelius iki kra\u0161t\u0173 (0,68 ml). U\u017edarykite kapsul\u0119 u\u017ededant trumpiausi\u0105 dal\u012f (dangtel\u012f) ir pastumdami j\u012f iki galo. U\u017epildytas kapsules galima laikyti ma\u017edaug 2 m\u0117nesius sandariai u\u017edarytame inde, apsaugotame nuo \u0161viesos, dr\u0117gm\u0117s ir kar\u0161\u010dio. Kapsul\u0117s nuryjamos u\u017egeriant didele stikline vandens.<\/p>","protected":false},"excerpt":{"rendered":"<p>\u0160ios skaidrios\u00a0 0\u00a0 dyd\u017eio kapsul\u0117s ( ilgis 21,7 mm, diametras 7,6 mm, talpa 0,68ml) yra pagamintos i\u0161 pululano, gauto nat\u016bralios fermentacijos b\u016bdu i\u0161 tapijokos. Lengva naudoti, gal\u0117site pasidaryti savo asmenines kapsules u\u017epildydami jas milteliais arba augaliniais aliejais.\u00a0 Be GMO, be glitimo, be titano ir be konservant\u0173, \u0161ios kapsul\u0117s visi\u0161kai atitinka j\u016bs\u0173 po\u017ei\u016br\u012f \u012f nat\u016brali\u0173 ir sveik\u0173 produkt\u0173 vartojim\u0105. Jie taip pat tinka vegani\u0161kai, ko\u0161erinei mitybai.<\/p>\n<p>Kapsuli\u0173 sud\u0117tis: pululanas, kalio chloridas (&lt;2%), karageninas (&lt;0,5%) &#8211; nat\u016bralus maisto priedas, i\u0161gaunamas i\u0161 raudon\u0173j\u0173 j\u016bros dumbli\u0173.<\/p>\n<p><strong>Kaip naudoti (u\u017epildant aliejiniu mi\u0161iniu): <\/strong>Atidarykite kapsul\u0119. Paimkite skyst\u0105 mi\u0161in\u012f naudodami 1 ml ar 3 ml\u00a0 pipet\u0119. Laikydami apatin\u0119 kapsul\u0117s dal\u012f (ilgiausi\u0105 dal\u012f) tarp pir\u0161t\u0173, pipete u\u017epildykite aliejiniu mi\u0161iniu, U\u017epildykite apatin\u0119 kapsul\u0117s dal\u012f iki kra\u0161t\u0173, kad gautum\u0117te \u0161iai kapsulei skirt\u0105 skys\u010dio kiek\u012f (0,68 ml). U\u017edarykite kapsul\u0119 u\u017ededant trumpiausi\u0105 dal\u012f (dangtel\u012f) ir pastumdami j\u012f iki galo. U\u017epildytas kapsules galima laikyti ma\u017edaug 2 m\u0117nesius sandariai u\u017edarytame inde, apsaugotame nuo \u0161viesos, dr\u0117gm\u0117s ir kar\u0161\u010dio. Kapsul\u0117s nuryjamos u\u017egeriant didele stikline vandens.<\/p>\n<p><strong>Kaip naudoti (<\/strong><strong>u\u017epildyti savo kapsules augal\u0173 milteliais): <\/strong>Atidarykite kapsul\u0119. Pasemkite apatin\u0119 kapsul\u0117s dal\u012f (ilgiausi\u0105 dal\u012f) indelyje su vaista\u017eoli\u0173 milteliais, kad j\u0105 u\u017epildytum\u0117te. Suspauskite miltelius bakstel\u0117dami kapsul\u0119 \u012f stal\u0105. Mentele supilkite miltelius iki kra\u0161t\u0173 (0,68 ml). U\u017edarykite kapsul\u0119 u\u017ededant trumpiausi\u0105 dal\u012f (dangtel\u012f) ir pastumdami j\u012f iki galo. U\u017epildytas kapsules galima laikyti ma\u017edaug 2 m\u0117nesius sandariai u\u017edarytame inde, apsaugotame nuo \u0161viesos, dr\u0117gm\u0117s ir kar\u0161\u010dio. Kapsul\u0117s nuryjamos u\u017egeriant didele stikline vandens.<\/p>","protected":false},"featured_media":8083,"comment_status":"open","ping_status":"closed","template":"","meta":[],"product_brand":[],"product_cat":[167],"product_tag":[198,200,199],"class_list":{"0":"post-8081","1":"product","2":"type-product","3":"status-publish","4":"has-post-thumbnail","6":"product_cat-laboratoriju-priemones","7":"product_tag-kapsules","8":"product_tag-tuscios-kapsules","9":"product_tag-zelatino-kapsules","11":"first","12":"instock","13":"sale","14":"shipping-taxable","15":"purchasable","16":"product-type-simple"},"yoast_head":"<!-- This site is optimized with the Yoast SEO plugin v24.8.1 - https:\/\/yoast.com\/wordpress\/plugins\/seo\/ -->\n<title>Tu\u0161\u010dios kapsul\u0117s 0 dydis (100 vnt) - Levand\u0173 pieva<\/title>\n<meta name=\"description\" content=\"\u0160ios skaidrios\u00a0 0\u00a0 dyd\u017eio kapsul\u0117s ( ilgis 23,5 mm, diametras 8,,5 mm, talpa 0,91 ml) yra pagamintos i\u0161 pululano, gauto nat\u016bralios fermentacijos b\u016bdu i\u0161 tapijokos. Lengva naudoti, gal\u0117site pasidaryti savo asmenines kapsules u\u017epildydami jas milteliais arba augaliniais aliejais.\u00a0 Be GMO, be glitimo, be titano ir be konservant\u0173, \u0161ios kapsul\u0117s visi\u0161kai atitinka j\u016bs\u0173 po\u017ei\u016br\u012f \u012f nat\u016brali\u0173 ir sveik\u0173 produkt\u0173 vartojim\u0105. Jie taip pat tinka vegani\u0161kai, ko\u0161erinei mitybai.\u00a0Kapsuli\u0173 sud\u0117tis: pululanas, kalio chloridas (&lt;2%), karageninas (&lt;0,5%) - nat\u016bralus maisto priedas, i\u0161gaunamas i\u0161 raudon\u0173j\u0173 j\u016bros dumbli\u0173.\" \/>\n<meta name=\"robots\" content=\"index, follow, max-snippet:-1, max-image-preview:large, max-video-preview:-1\" \/>\n<link rel=\"canonical\" href=\"https:\/\/levandupieva.lt\/en\/product\/tuscios-kapsules-0-dydis-100-vnt\/\" \/>\n<meta property=\"og:locale\" content=\"en_GB\" \/>\n<meta property=\"og:type\" content=\"article\" \/>\n<meta property=\"og:title\" content=\"Tu\u0161\u010dios kapsul\u0117s 0 dydis (100 vnt) - Levand\u0173 pieva\" \/>\n<meta property=\"og:description\" content=\"\u0160ios skaidrios\u00a0 0\u00a0 dyd\u017eio kapsul\u0117s ( ilgis 23,5 mm, diametras 8,,5 mm, talpa 0,91 ml) yra pagamintos i\u0161 pululano, gauto nat\u016bralios fermentacijos b\u016bdu i\u0161 tapijokos. Lengva naudoti, gal\u0117site pasidaryti savo asmenines kapsules u\u017epildydami jas milteliais arba augaliniais aliejais.\u00a0 Be GMO, be glitimo, be titano ir be konservant\u0173, \u0161ios kapsul\u0117s visi\u0161kai atitinka j\u016bs\u0173 po\u017ei\u016br\u012f \u012f nat\u016brali\u0173 ir sveik\u0173 produkt\u0173 vartojim\u0105. Jie taip pat tinka vegani\u0161kai, ko\u0161erinei mitybai.\u00a0Kapsuli\u0173 sud\u0117tis: pululanas, kalio chloridas (&lt;2%), karageninas (&lt;0,5%) - nat\u016bralus maisto priedas, i\u0161gaunamas i\u0161 raudon\u0173j\u0173 j\u016bros dumbli\u0173.\" \/>\n<meta property=\"og:url\" content=\"https:\/\/levandupieva.lt\/en\/product\/tuscios-kapsules-0-dydis-100-vnt\/\" \/>\n<meta property=\"og:site_name\" content=\"Levand\u0173 pieva\" \/>\n<meta property=\"article:publisher\" content=\"https:\/\/www.facebook.com\/Levandupieva\" \/>\n<meta property=\"article:modified_time\" content=\"2025-11-11T09:30:51+00:00\" \/>\n<meta property=\"og:image\" content=\"https:\/\/levandupieva.lt\/wp-content\/uploads\/2025\/10\/kapsules0.jpg\" \/>\n\t<meta property=\"og:image:width\" content=\"1179\" \/>\n\t<meta property=\"og:image:height\" content=\"963\" \/>\n\t<meta property=\"og:image:type\" content=\"image\/jpeg\" \/>\n<meta name=\"twitter:card\" content=\"summary_large_image\" \/>\n<meta name=\"twitter:label1\" content=\"Estimated reading time\" \/>\n\t<meta name=\"twitter:data1\" content=\"2 minutes\" \/>\n<script type=\"application\/ld+json\" class=\"yoast-schema-graph\">{\"@context\":\"https:\/\/schema.org\",\"@graph\":[{\"@type\":\"WebPage\",\"@id\":\"https:\/\/levandupieva.lt\/produktas\/tuscios-kapsules-0-dydis-100-vnt\/\",\"url\":\"https:\/\/levandupieva.lt\/produktas\/tuscios-kapsules-0-dydis-100-vnt\/\",\"name\":\"Tu\u0161\u010dios kapsul\u0117s 0 dydis (100 vnt) - Levand\u0173 pieva\",\"isPartOf\":{\"@id\":\"https:\/\/levandupieva.lt\/#website\"},\"primaryImageOfPage\":{\"@id\":\"https:\/\/levandupieva.lt\/produktas\/tuscios-kapsules-0-dydis-100-vnt\/#primaryimage\"},\"image\":{\"@id\":\"https:\/\/levandupieva.lt\/produktas\/tuscios-kapsules-0-dydis-100-vnt\/#primaryimage\"},\"thumbnailUrl\":\"https:\/\/levandupieva.lt\/wp-content\/uploads\/2025\/10\/kapsules0.jpg\",\"datePublished\":\"2025-10-21T16:16:19+00:00\",\"dateModified\":\"2025-11-11T09:30:51+00:00\",\"description\":\"\u0160ios skaidrios\u00a0 0\u00a0 dyd\u017eio kapsul\u0117s ( ilgis 23,5 mm, diametras 8,,5 mm, talpa 0,91 ml) yra pagamintos i\u0161 pululano, gauto nat\u016bralios fermentacijos b\u016bdu i\u0161 tapijokos. Lengva naudoti, gal\u0117site pasidaryti savo asmenines kapsules u\u017epildydami jas milteliais arba augaliniais aliejais.\u00a0 Be GMO, be glitimo, be titano ir be konservant\u0173, \u0161ios kapsul\u0117s visi\u0161kai atitinka j\u016bs\u0173 po\u017ei\u016br\u012f \u012f nat\u016brali\u0173 ir sveik\u0173 produkt\u0173 vartojim\u0105. Jie taip pat tinka vegani\u0161kai, ko\u0161erinei mitybai.\u00a0Kapsuli\u0173 sud\u0117tis: pululanas, kalio chloridas (&lt;2%), karageninas (&lt;0,5%) - nat\u016bralus maisto priedas, i\u0161gaunamas i\u0161 raudon\u0173j\u0173 j\u016bros dumbli\u0173.\",\"breadcrumb\":{\"@id\":\"https:\/\/levandupieva.lt\/produktas\/tuscios-kapsules-0-dydis-100-vnt\/#breadcrumb\"},\"inLanguage\":\"en-GB\",\"potentialAction\":[{\"@type\":\"ReadAction\",\"target\":[\"https:\/\/levandupieva.lt\/produktas\/tuscios-kapsules-0-dydis-100-vnt\/\"]}]},{\"@type\":\"ImageObject\",\"inLanguage\":\"en-GB\",\"@id\":\"https:\/\/levandupieva.lt\/produktas\/tuscios-kapsules-0-dydis-100-vnt\/#primaryimage\",\"url\":\"https:\/\/levandupieva.lt\/wp-content\/uploads\/2025\/10\/kapsules0.jpg\",\"contentUrl\":\"https:\/\/levandupieva.lt\/wp-content\/uploads\/2025\/10\/kapsules0.jpg\",\"width\":1179,\"height\":963,\"caption\":\"Screenshot\"},{\"@type\":\"BreadcrumbList\",\"@id\":\"https:\/\/levandupieva.lt\/produktas\/tuscios-kapsules-0-dydis-100-vnt\/#breadcrumb\",\"itemListElement\":[{\"@type\":\"ListItem\",\"position\":1,\"name\":\"Home\",\"item\":\"https:\/\/levandupieva.lt\/\"},{\"@type\":\"ListItem\",\"position\":2,\"name\":\"Parduotuv\u0117\",\"item\":\"https:\/\/levandupieva.lt\/parduotuve\/\"},{\"@type\":\"ListItem\",\"position\":3,\"name\":\"Tu\u0161\u010dios kapsul\u0117s 0 dydis (100 vnt)\"}]},{\"@type\":\"WebSite\",\"@id\":\"https:\/\/levandupieva.lt\/#website\",\"url\":\"https:\/\/levandupieva.lt\/\",\"name\":\"Levand\u0173 pieva\",\"description\":\"\",\"publisher\":{\"@id\":\"https:\/\/levandupieva.lt\/#organization\"},\"potentialAction\":[{\"@type\":\"SearchAction\",\"target\":{\"@type\":\"EntryPoint\",\"urlTemplate\":\"https:\/\/levandupieva.lt\/?s={search_term_string}\"},\"query-input\":{\"@type\":\"PropertyValueSpecification\",\"valueRequired\":true,\"valueName\":\"search_term_string\"}}],\"inLanguage\":\"en-GB\"},{\"@type\":\"Organization\",\"@id\":\"https:\/\/levandupieva.lt\/#organization\",\"name\":\"Levan\u0173 Pieva\",\"url\":\"https:\/\/levandupieva.lt\/\",\"logo\":{\"@type\":\"ImageObject\",\"inLanguage\":\"en-GB\",\"@id\":\"https:\/\/levandupieva.lt\/#\/schema\/logo\/image\/\",\"url\":\"https:\/\/levandupieva.lt\/wp-content\/uploads\/2021\/03\/cropped-logo-e1446013442350.png\",\"contentUrl\":\"https:\/\/levandupieva.lt\/wp-content\/uploads\/2021\/03\/cropped-logo-e1446013442350.png\",\"width\":654,\"height\":287,\"caption\":\"Levan\u0173 Pieva\"},\"image\":{\"@id\":\"https:\/\/levandupieva.lt\/#\/schema\/logo\/image\/\"},\"sameAs\":[\"https:\/\/www.facebook.com\/Levandupieva\"]}]}<\/script>\n<!-- \/ Yoast SEO plugin. -->","yoast_head_json":{"title":"Tu\u0161\u010dios kapsul\u0117s 0 dydis (100 vnt) - Levand\u0173 pieva","description":"\u0160ios skaidrios\u00a0 0\u00a0 dyd\u017eio kapsul\u0117s ( ilgis 23,5 mm, diametras 8,,5 mm, talpa 0,91 ml) yra pagamintos i\u0161 pululano, gauto nat\u016bralios fermentacijos b\u016bdu i\u0161 tapijokos. Lengva naudoti, gal\u0117site pasidaryti savo asmenines kapsules u\u017epildydami jas milteliais arba augaliniais aliejais.\u00a0 Be GMO, be glitimo, be titano ir be konservant\u0173, \u0161ios kapsul\u0117s visi\u0161kai atitinka j\u016bs\u0173 po\u017ei\u016br\u012f \u012f nat\u016brali\u0173 ir sveik\u0173 produkt\u0173 vartojim\u0105. Jie taip pat tinka vegani\u0161kai, ko\u0161erinei mitybai.\u00a0Kapsuli\u0173 sud\u0117tis: pululanas, kalio chloridas (&lt;2%), karageninas (&lt;0,5%) - nat\u016bralus maisto priedas, i\u0161gaunamas i\u0161 raudon\u0173j\u0173 j\u016bros dumbli\u0173.","robots":{"index":"index","follow":"follow","max-snippet":"max-snippet:-1","max-image-preview":"max-image-preview:large","max-video-preview":"max-video-preview:-1"},"canonical":"https:\/\/levandupieva.lt\/en\/product\/tuscios-kapsules-0-dydis-100-vnt\/","og_locale":"en_GB","og_type":"article","og_title":"Tu\u0161\u010dios kapsul\u0117s 0 dydis (100 vnt) - Levand\u0173 pieva","og_description":"\u0160ios skaidrios\u00a0 0\u00a0 dyd\u017eio kapsul\u0117s ( ilgis 23,5 mm, diametras 8,,5 mm, talpa 0,91 ml) yra pagamintos i\u0161 pululano, gauto nat\u016bralios fermentacijos b\u016bdu i\u0161 tapijokos. Lengva naudoti, gal\u0117site pasidaryti savo asmenines kapsules u\u017epildydami jas milteliais arba augaliniais aliejais.\u00a0 Be GMO, be glitimo, be titano ir be konservant\u0173, \u0161ios kapsul\u0117s visi\u0161kai atitinka j\u016bs\u0173 po\u017ei\u016br\u012f \u012f nat\u016brali\u0173 ir sveik\u0173 produkt\u0173 vartojim\u0105. Jie taip pat tinka vegani\u0161kai, ko\u0161erinei mitybai.\u00a0Kapsuli\u0173 sud\u0117tis: pululanas, kalio chloridas (&lt;2%), karageninas (&lt;0,5%) - nat\u016bralus maisto priedas, i\u0161gaunamas i\u0161 raudon\u0173j\u0173 j\u016bros dumbli\u0173.","og_url":"https:\/\/levandupieva.lt\/en\/product\/tuscios-kapsules-0-dydis-100-vnt\/","og_site_name":"Levand\u0173 pieva","article_publisher":"https:\/\/www.facebook.com\/Levandupieva","article_modified_time":"2025-11-11T09:30:51+00:00","og_image":[{"width":1179,"height":963,"url":"https:\/\/levandupieva.lt\/wp-content\/uploads\/2025\/10\/kapsules0.jpg","type":"image\/jpeg"}],"twitter_card":"summary_large_image","twitter_misc":{"Estimated reading time":"2 minutes"},"schema":{"@context":"https:\/\/schema.org","@graph":[{"@type":"WebPage","@id":"https:\/\/levandupieva.lt\/produktas\/tuscios-kapsules-0-dydis-100-vnt\/","url":"https:\/\/levandupieva.lt\/produktas\/tuscios-kapsules-0-dydis-100-vnt\/","name":"Tu\u0161\u010dios kapsul\u0117s 0 dydis (100 vnt) - Levand\u0173 pieva","isPartOf":{"@id":"https:\/\/levandupieva.lt\/#website"},"primaryImageOfPage":{"@id":"https:\/\/levandupieva.lt\/produktas\/tuscios-kapsules-0-dydis-100-vnt\/#primaryimage"},"image":{"@id":"https:\/\/levandupieva.lt\/produktas\/tuscios-kapsules-0-dydis-100-vnt\/#primaryimage"},"thumbnailUrl":"https:\/\/levandupieva.lt\/wp-content\/uploads\/2025\/10\/kapsules0.jpg","datePublished":"2025-10-21T16:16:19+00:00","dateModified":"2025-11-11T09:30:51+00:00","description":"\u0160ios skaidrios\u00a0 0\u00a0 dyd\u017eio kapsul\u0117s ( ilgis 23,5 mm, diametras 8,,5 mm, talpa 0,91 ml) yra pagamintos i\u0161 pululano, gauto nat\u016bralios fermentacijos b\u016bdu i\u0161 tapijokos. Lengva naudoti, gal\u0117site pasidaryti savo asmenines kapsules u\u017epildydami jas milteliais arba augaliniais aliejais.\u00a0 Be GMO, be glitimo, be titano ir be konservant\u0173, \u0161ios kapsul\u0117s visi\u0161kai atitinka j\u016bs\u0173 po\u017ei\u016br\u012f \u012f nat\u016brali\u0173 ir sveik\u0173 produkt\u0173 vartojim\u0105. Jie taip pat tinka vegani\u0161kai, ko\u0161erinei mitybai.\u00a0Kapsuli\u0173 sud\u0117tis: pululanas, kalio chloridas (&lt;2%), karageninas (&lt;0,5%) - nat\u016bralus maisto priedas, i\u0161gaunamas i\u0161 raudon\u0173j\u0173 j\u016bros dumbli\u0173.","breadcrumb":{"@id":"https:\/\/levandupieva.lt\/produktas\/tuscios-kapsules-0-dydis-100-vnt\/#breadcrumb"},"inLanguage":"en-GB","potentialAction":[{"@type":"ReadAction","target":["https:\/\/levandupieva.lt\/produktas\/tuscios-kapsules-0-dydis-100-vnt\/"]}]},{"@type":"ImageObject","inLanguage":"en-GB","@id":"https:\/\/levandupieva.lt\/produktas\/tuscios-kapsules-0-dydis-100-vnt\/#primaryimage","url":"https:\/\/levandupieva.lt\/wp-content\/uploads\/2025\/10\/kapsules0.jpg","contentUrl":"https:\/\/levandupieva.lt\/wp-content\/uploads\/2025\/10\/kapsules0.jpg","width":1179,"height":963,"caption":"Screenshot"},{"@type":"BreadcrumbList","@id":"https:\/\/levandupieva.lt\/produktas\/tuscios-kapsules-0-dydis-100-vnt\/#breadcrumb","itemListElement":[{"@type":"ListItem","position":1,"name":"Home","item":"https:\/\/levandupieva.lt\/"},{"@type":"ListItem","position":2,"name":"Parduotuv\u0117","item":"https:\/\/levandupieva.lt\/parduotuve\/"},{"@type":"ListItem","position":3,"name":"Tu\u0161\u010dios kapsul\u0117s 0 dydis (100 vnt)"}]},{"@type":"WebSite","@id":"https:\/\/levandupieva.lt\/#website","url":"https:\/\/levandupieva.lt\/","name":"Levand\u0173 pieva","description":"","publisher":{"@id":"https:\/\/levandupieva.lt\/#organization"},"potentialAction":[{"@type":"SearchAction","target":{"@type":"EntryPoint","urlTemplate":"https:\/\/levandupieva.lt\/?s={search_term_string}"},"query-input":{"@type":"PropertyValueSpecification","valueRequired":true,"valueName":"search_term_string"}}],"inLanguage":"en-GB"},{"@type":"Organization","@id":"https:\/\/levandupieva.lt\/#organization","name":"Levan\u0173 Pieva","url":"https:\/\/levandupieva.lt\/","logo":{"@type":"ImageObject","inLanguage":"en-GB","@id":"https:\/\/levandupieva.lt\/#\/schema\/logo\/image\/","url":"https:\/\/levandupieva.lt\/wp-content\/uploads\/2021\/03\/cropped-logo-e1446013442350.png","contentUrl":"https:\/\/levandupieva.lt\/wp-content\/uploads\/2021\/03\/cropped-logo-e1446013442350.png","width":654,"height":287,"caption":"Levan\u0173 Pieva"},"image":{"@id":"https:\/\/levandupieva.lt\/#\/schema\/logo\/image\/"},"sameAs":["https:\/\/www.facebook.com\/Levandupieva"]}]}},"_links":{"self":[{"href":"https:\/\/levandupieva.lt\/en\/wp-json\/wp\/v2\/product\/8081","targetHints":{"allow":["GET"]}}],"collection":[{"href":"https:\/\/levandupieva.lt\/en\/wp-json\/wp\/v2\/product"}],"about":[{"href":"https:\/\/levandupieva.lt\/en\/wp-json\/wp\/v2\/types\/product"}],"replies":[{"embeddable":true,"href":"https:\/\/levandupieva.lt\/en\/wp-json\/wp\/v2\/comments?post=8081"}],"wp:featuredmedia":[{"embeddable":true,"href":"https:\/\/levandupieva.lt\/en\/wp-json\/wp\/v2\/media\/8083"}],"wp:attachment":[{"href":"https:\/\/levandupieva.lt\/en\/wp-json\/wp\/v2\/media?parent=8081"}],"wp:term":[{"taxonomy":"product_brand","embeddable":true,"href":"https:\/\/levandupieva.lt\/en\/wp-json\/wp\/v2\/product_brand?post=8081"},{"taxonomy":"product_cat","embeddable":true,"href":"https:\/\/levandupieva.lt\/en\/wp-json\/wp\/v2\/product_cat?post=8081"},{"taxonomy":"product_tag","embeddable":true,"href":"https:\/\/levandupieva.lt\/en\/wp-json\/wp\/v2\/product_tag?post=8081"}],"curies":[{"name":"wp","href":"https:\/\/api.w.org\/{rel}","templated":true}]}}