{"id":8102,"date":"2025-10-29T13:19:53","date_gmt":"2025-10-29T13:19:53","guid":{"rendered":"https:\/\/levandupieva.lt\/?post_type=product&#038;p=8102"},"modified":"2026-03-19T08:07:48","modified_gmt":"2026-03-19T08:07:48","slug":"dispenseris-dozatorius-24-410","status":"publish","type":"product","link":"https:\/\/levandupieva.lt\/en\/product\/dispenseris-dozatorius-24-410\/","title":{"rendered":"Dispenseris (dozatorius) \u0161amp\u016bnui, du\u0161o ar rank\u0173 geliui, aliejui 24\/410"},"content":{"rendered":"<p>Juodo plastiko <i>dispenseris dozatorius)<\/i>. Su u\u017eraktu (dispenserio galvut\u0117s pasukimas).<br \/>\n\u012esiurbimo \u0161iaudelio ilgis -180 mm<\/p>\n<p>Tinka visiems buteliukams, kuri\u0173 sriegis 24\/410. \u0160is dispenseris (dozatorius) storu vamzdeliu, tad tinka ir tir\u0161tesniems gaminiams dozuoti (\u0161amp\u016bnui, rank\u0173 ar du\u0161o geliams, aliejui ir kt. pana\u0161ios tekst\u016bros gaminiams.. NETINKA HIDROLATAMS, G\u0116LI\u0172 VANDENIMS).<\/p>","protected":false},"excerpt":{"rendered":"<p>Juodo plastiko <i>dispenseris dozatorius)<\/i>. Su u\u017eraktu (dispenserio galvut\u0117s pasukimas).<br \/>\n\u012esiurbimo \u0161iaudelio ilgis -180 mm<\/p>\n<p>Tinka visiems buteliukams, kuri\u0173 sriegis 24\/410. \u0160is dispenseris (dozatorius) storu vamzdeliu, tad tinka ir tir\u0161tesniems gaminiams dozuoti (\u0161amp\u016bnui, rank\u0173 ar du\u0161o geliams, aliejui ir kt. pana\u0161ios tekst\u016bros gaminiams.. NETINKA HIDROLATAMS, G\u0116LI\u0172 VANDENIMS).<\/p>","protected":false},"featured_media":8103,"comment_status":"closed","ping_status":"closed","template":"","meta":[],"product_brand":[],"product_cat":[78],"product_tag":[231,230,232],"class_list":{"0":"post-8102","1":"product","2":"type-product","3":"status-publish","4":"has-post-thumbnail","6":"product_cat-priedai-tarai","7":"product_tag-dispenseris-24-410","8":"product_tag-dozatorius-24-410","9":"product_tag-pompa-24-410","11":"first","12":"instock","13":"sale","14":"shipping-taxable","15":"purchasable","16":"product-type-simple"},"yoast_head":"<!-- This site is optimized with the Yoast SEO plugin v24.8.1 - https:\/\/yoast.com\/wordpress\/plugins\/seo\/ -->\n<title>Dispenseris (dozatorius) \u0161amp\u016bnui, du\u0161o ar rank\u0173 geliui, aliejui 24\/410 - Levand\u0173 pieva<\/title>\n<meta name=\"description\" content=\"Juodo plastiko dispenseris dozatorius). Su u\u017eraktu (dispenserio galvut\u0117s pasukimas).\u012esiurbimo \u0161iaudelio ilgis -180 mmTinka visiems buteliukams, kuri\u0173 sriegis 24\/410. \u0160is dispenseris (dozatorius) storu vamzdeliu, tad tinka ir tir\u0161tesniems gaminiams dozuoti (\u0161amp\u016bnui, rank\u0173 ar du\u0161o geliams, aliejui ir kt. pana\u0161ios tekst\u016bros gaminiams.. NETINKA HIDROLATAMS, G\u0116LI\u0172 VANDENIMS).\" \/>\n<meta name=\"robots\" content=\"index, follow, max-snippet:-1, max-image-preview:large, max-video-preview:-1\" \/>\n<link rel=\"canonical\" href=\"https:\/\/levandupieva.lt\/en\/product\/dispenseris-dozatorius-24-410\/\" \/>\n<meta property=\"og:locale\" content=\"en_GB\" \/>\n<meta property=\"og:type\" content=\"article\" \/>\n<meta property=\"og:title\" content=\"Dispenseris (dozatorius) \u0161amp\u016bnui, du\u0161o ar rank\u0173 geliui, aliejui 24\/410 - Levand\u0173 pieva\" \/>\n<meta property=\"og:description\" content=\"Juodo plastiko dispenseris dozatorius). Su u\u017eraktu (dispenserio galvut\u0117s pasukimas).\u012esiurbimo \u0161iaudelio ilgis -180 mmTinka visiems buteliukams, kuri\u0173 sriegis 24\/410. \u0160is dispenseris (dozatorius) storu vamzdeliu, tad tinka ir tir\u0161tesniems gaminiams dozuoti (\u0161amp\u016bnui, rank\u0173 ar du\u0161o geliams, aliejui ir kt. pana\u0161ios tekst\u016bros gaminiams.. NETINKA HIDROLATAMS, G\u0116LI\u0172 VANDENIMS).\" \/>\n<meta property=\"og:url\" content=\"https:\/\/levandupieva.lt\/en\/product\/dispenseris-dozatorius-24-410\/\" \/>\n<meta property=\"og:site_name\" content=\"Levand\u0173 pieva\" \/>\n<meta property=\"article:publisher\" content=\"https:\/\/www.facebook.com\/Levandupieva\" \/>\n<meta property=\"article:modified_time\" content=\"2026-03-19T08:07:48+00:00\" \/>\n<meta property=\"og:image\" content=\"https:\/\/levandupieva.lt\/wp-content\/uploads\/2025\/10\/Dozatorius-24-410.jpg\" \/>\n\t<meta property=\"og:image:width\" content=\"1080\" \/>\n\t<meta property=\"og:image:height\" content=\"720\" \/>\n\t<meta property=\"og:image:type\" content=\"image\/jpeg\" \/>\n<meta name=\"twitter:card\" content=\"summary_large_image\" \/>\n<meta name=\"twitter:label1\" content=\"Estimated reading time\" \/>\n\t<meta name=\"twitter:data1\" content=\"1 minute\" \/>\n<script type=\"application\/ld+json\" class=\"yoast-schema-graph\">{\"@context\":\"https:\/\/schema.org\",\"@graph\":[{\"@type\":\"WebPage\",\"@id\":\"https:\/\/levandupieva.lt\/produktas\/dispenseris-dozatorius-24-410\/\",\"url\":\"https:\/\/levandupieva.lt\/produktas\/dispenseris-dozatorius-24-410\/\",\"name\":\"Dispenseris (dozatorius) \u0161amp\u016bnui, du\u0161o ar rank\u0173 geliui, aliejui 24\/410 - Levand\u0173 pieva\",\"isPartOf\":{\"@id\":\"https:\/\/levandupieva.lt\/#website\"},\"primaryImageOfPage\":{\"@id\":\"https:\/\/levandupieva.lt\/produktas\/dispenseris-dozatorius-24-410\/#primaryimage\"},\"image\":{\"@id\":\"https:\/\/levandupieva.lt\/produktas\/dispenseris-dozatorius-24-410\/#primaryimage\"},\"thumbnailUrl\":\"https:\/\/levandupieva.lt\/wp-content\/uploads\/2025\/10\/Dozatorius-24-410.jpg\",\"datePublished\":\"2025-10-29T13:19:53+00:00\",\"dateModified\":\"2026-03-19T08:07:48+00:00\",\"description\":\"Juodo plastiko dispenseris dozatorius). Su u\u017eraktu (dispenserio galvut\u0117s pasukimas).\u012esiurbimo \u0161iaudelio ilgis -180 mmTinka visiems buteliukams, kuri\u0173 sriegis 24\/410. \u0160is dispenseris (dozatorius) storu vamzdeliu, tad tinka ir tir\u0161tesniems gaminiams dozuoti (\u0161amp\u016bnui, rank\u0173 ar du\u0161o geliams, aliejui ir kt. pana\u0161ios tekst\u016bros gaminiams.. NETINKA HIDROLATAMS, G\u0116LI\u0172 VANDENIMS).\",\"breadcrumb\":{\"@id\":\"https:\/\/levandupieva.lt\/produktas\/dispenseris-dozatorius-24-410\/#breadcrumb\"},\"inLanguage\":\"en-GB\",\"potentialAction\":[{\"@type\":\"ReadAction\",\"target\":[\"https:\/\/levandupieva.lt\/produktas\/dispenseris-dozatorius-24-410\/\"]}]},{\"@type\":\"ImageObject\",\"inLanguage\":\"en-GB\",\"@id\":\"https:\/\/levandupieva.lt\/produktas\/dispenseris-dozatorius-24-410\/#primaryimage\",\"url\":\"https:\/\/levandupieva.lt\/wp-content\/uploads\/2025\/10\/Dozatorius-24-410.jpg\",\"contentUrl\":\"https:\/\/levandupieva.lt\/wp-content\/uploads\/2025\/10\/Dozatorius-24-410.jpg\",\"width\":1080,\"height\":720},{\"@type\":\"BreadcrumbList\",\"@id\":\"https:\/\/levandupieva.lt\/produktas\/dispenseris-dozatorius-24-410\/#breadcrumb\",\"itemListElement\":[{\"@type\":\"ListItem\",\"position\":1,\"name\":\"Home\",\"item\":\"https:\/\/levandupieva.lt\/\"},{\"@type\":\"ListItem\",\"position\":2,\"name\":\"Parduotuv\u0117\",\"item\":\"https:\/\/levandupieva.lt\/parduotuve\/\"},{\"@type\":\"ListItem\",\"position\":3,\"name\":\"Dispenseris (dozatorius) \u0161amp\u016bnui, du\u0161o ar rank\u0173 geliui, aliejui 24\/410\"}]},{\"@type\":\"WebSite\",\"@id\":\"https:\/\/levandupieva.lt\/#website\",\"url\":\"https:\/\/levandupieva.lt\/\",\"name\":\"Levand\u0173 pieva\",\"description\":\"\",\"publisher\":{\"@id\":\"https:\/\/levandupieva.lt\/#organization\"},\"potentialAction\":[{\"@type\":\"SearchAction\",\"target\":{\"@type\":\"EntryPoint\",\"urlTemplate\":\"https:\/\/levandupieva.lt\/?s={search_term_string}\"},\"query-input\":{\"@type\":\"PropertyValueSpecification\",\"valueRequired\":true,\"valueName\":\"search_term_string\"}}],\"inLanguage\":\"en-GB\"},{\"@type\":\"Organization\",\"@id\":\"https:\/\/levandupieva.lt\/#organization\",\"name\":\"Levan\u0173 Pieva\",\"url\":\"https:\/\/levandupieva.lt\/\",\"logo\":{\"@type\":\"ImageObject\",\"inLanguage\":\"en-GB\",\"@id\":\"https:\/\/levandupieva.lt\/#\/schema\/logo\/image\/\",\"url\":\"https:\/\/levandupieva.lt\/wp-content\/uploads\/2021\/03\/cropped-logo-e1446013442350.png\",\"contentUrl\":\"https:\/\/levandupieva.lt\/wp-content\/uploads\/2021\/03\/cropped-logo-e1446013442350.png\",\"width\":654,\"height\":287,\"caption\":\"Levan\u0173 Pieva\"},\"image\":{\"@id\":\"https:\/\/levandupieva.lt\/#\/schema\/logo\/image\/\"},\"sameAs\":[\"https:\/\/www.facebook.com\/Levandupieva\"]}]}<\/script>\n<!-- \/ Yoast SEO plugin. -->","yoast_head_json":{"title":"Dispenseris (dozatorius) \u0161amp\u016bnui, du\u0161o ar rank\u0173 geliui, aliejui 24\/410 - Levand\u0173 pieva","description":"Juodo plastiko dispenseris dozatorius). Su u\u017eraktu (dispenserio galvut\u0117s pasukimas).\u012esiurbimo \u0161iaudelio ilgis -180 mmTinka visiems buteliukams, kuri\u0173 sriegis 24\/410. \u0160is dispenseris (dozatorius) storu vamzdeliu, tad tinka ir tir\u0161tesniems gaminiams dozuoti (\u0161amp\u016bnui, rank\u0173 ar du\u0161o geliams, aliejui ir kt. pana\u0161ios tekst\u016bros gaminiams.. NETINKA HIDROLATAMS, G\u0116LI\u0172 VANDENIMS).","robots":{"index":"index","follow":"follow","max-snippet":"max-snippet:-1","max-image-preview":"max-image-preview:large","max-video-preview":"max-video-preview:-1"},"canonical":"https:\/\/levandupieva.lt\/en\/product\/dispenseris-dozatorius-24-410\/","og_locale":"en_GB","og_type":"article","og_title":"Dispenseris (dozatorius) \u0161amp\u016bnui, du\u0161o ar rank\u0173 geliui, aliejui 24\/410 - Levand\u0173 pieva","og_description":"Juodo plastiko dispenseris dozatorius). Su u\u017eraktu (dispenserio galvut\u0117s pasukimas).\u012esiurbimo \u0161iaudelio ilgis -180 mmTinka visiems buteliukams, kuri\u0173 sriegis 24\/410. \u0160is dispenseris (dozatorius) storu vamzdeliu, tad tinka ir tir\u0161tesniems gaminiams dozuoti (\u0161amp\u016bnui, rank\u0173 ar du\u0161o geliams, aliejui ir kt. pana\u0161ios tekst\u016bros gaminiams.. NETINKA HIDROLATAMS, G\u0116LI\u0172 VANDENIMS).","og_url":"https:\/\/levandupieva.lt\/en\/product\/dispenseris-dozatorius-24-410\/","og_site_name":"Levand\u0173 pieva","article_publisher":"https:\/\/www.facebook.com\/Levandupieva","article_modified_time":"2026-03-19T08:07:48+00:00","og_image":[{"width":1080,"height":720,"url":"https:\/\/levandupieva.lt\/wp-content\/uploads\/2025\/10\/Dozatorius-24-410.jpg","type":"image\/jpeg"}],"twitter_card":"summary_large_image","twitter_misc":{"Estimated reading time":"1 minute"},"schema":{"@context":"https:\/\/schema.org","@graph":[{"@type":"WebPage","@id":"https:\/\/levandupieva.lt\/produktas\/dispenseris-dozatorius-24-410\/","url":"https:\/\/levandupieva.lt\/produktas\/dispenseris-dozatorius-24-410\/","name":"Dispenseris (dozatorius) \u0161amp\u016bnui, du\u0161o ar rank\u0173 geliui, aliejui 24\/410 - Levand\u0173 pieva","isPartOf":{"@id":"https:\/\/levandupieva.lt\/#website"},"primaryImageOfPage":{"@id":"https:\/\/levandupieva.lt\/produktas\/dispenseris-dozatorius-24-410\/#primaryimage"},"image":{"@id":"https:\/\/levandupieva.lt\/produktas\/dispenseris-dozatorius-24-410\/#primaryimage"},"thumbnailUrl":"https:\/\/levandupieva.lt\/wp-content\/uploads\/2025\/10\/Dozatorius-24-410.jpg","datePublished":"2025-10-29T13:19:53+00:00","dateModified":"2026-03-19T08:07:48+00:00","description":"Juodo plastiko dispenseris dozatorius). Su u\u017eraktu (dispenserio galvut\u0117s pasukimas).\u012esiurbimo \u0161iaudelio ilgis -180 mmTinka visiems buteliukams, kuri\u0173 sriegis 24\/410. \u0160is dispenseris (dozatorius) storu vamzdeliu, tad tinka ir tir\u0161tesniems gaminiams dozuoti (\u0161amp\u016bnui, rank\u0173 ar du\u0161o geliams, aliejui ir kt. pana\u0161ios tekst\u016bros gaminiams.. NETINKA HIDROLATAMS, G\u0116LI\u0172 VANDENIMS).","breadcrumb":{"@id":"https:\/\/levandupieva.lt\/produktas\/dispenseris-dozatorius-24-410\/#breadcrumb"},"inLanguage":"en-GB","potentialAction":[{"@type":"ReadAction","target":["https:\/\/levandupieva.lt\/produktas\/dispenseris-dozatorius-24-410\/"]}]},{"@type":"ImageObject","inLanguage":"en-GB","@id":"https:\/\/levandupieva.lt\/produktas\/dispenseris-dozatorius-24-410\/#primaryimage","url":"https:\/\/levandupieva.lt\/wp-content\/uploads\/2025\/10\/Dozatorius-24-410.jpg","contentUrl":"https:\/\/levandupieva.lt\/wp-content\/uploads\/2025\/10\/Dozatorius-24-410.jpg","width":1080,"height":720},{"@type":"BreadcrumbList","@id":"https:\/\/levandupieva.lt\/produktas\/dispenseris-dozatorius-24-410\/#breadcrumb","itemListElement":[{"@type":"ListItem","position":1,"name":"Home","item":"https:\/\/levandupieva.lt\/"},{"@type":"ListItem","position":2,"name":"Parduotuv\u0117","item":"https:\/\/levandupieva.lt\/parduotuve\/"},{"@type":"ListItem","position":3,"name":"Dispenseris (dozatorius) \u0161amp\u016bnui, du\u0161o ar rank\u0173 geliui, aliejui 24\/410"}]},{"@type":"WebSite","@id":"https:\/\/levandupieva.lt\/#website","url":"https:\/\/levandupieva.lt\/","name":"Levand\u0173 pieva","description":"","publisher":{"@id":"https:\/\/levandupieva.lt\/#organization"},"potentialAction":[{"@type":"SearchAction","target":{"@type":"EntryPoint","urlTemplate":"https:\/\/levandupieva.lt\/?s={search_term_string}"},"query-input":{"@type":"PropertyValueSpecification","valueRequired":true,"valueName":"search_term_string"}}],"inLanguage":"en-GB"},{"@type":"Organization","@id":"https:\/\/levandupieva.lt\/#organization","name":"Levan\u0173 Pieva","url":"https:\/\/levandupieva.lt\/","logo":{"@type":"ImageObject","inLanguage":"en-GB","@id":"https:\/\/levandupieva.lt\/#\/schema\/logo\/image\/","url":"https:\/\/levandupieva.lt\/wp-content\/uploads\/2021\/03\/cropped-logo-e1446013442350.png","contentUrl":"https:\/\/levandupieva.lt\/wp-content\/uploads\/2021\/03\/cropped-logo-e1446013442350.png","width":654,"height":287,"caption":"Levan\u0173 Pieva"},"image":{"@id":"https:\/\/levandupieva.lt\/#\/schema\/logo\/image\/"},"sameAs":["https:\/\/www.facebook.com\/Levandupieva"]}]}},"_links":{"self":[{"href":"https:\/\/levandupieva.lt\/en\/wp-json\/wp\/v2\/product\/8102","targetHints":{"allow":["GET"]}}],"collection":[{"href":"https:\/\/levandupieva.lt\/en\/wp-json\/wp\/v2\/product"}],"about":[{"href":"https:\/\/levandupieva.lt\/en\/wp-json\/wp\/v2\/types\/product"}],"replies":[{"embeddable":true,"href":"https:\/\/levandupieva.lt\/en\/wp-json\/wp\/v2\/comments?post=8102"}],"wp:featuredmedia":[{"embeddable":true,"href":"https:\/\/levandupieva.lt\/en\/wp-json\/wp\/v2\/media\/8103"}],"wp:attachment":[{"href":"https:\/\/levandupieva.lt\/en\/wp-json\/wp\/v2\/media?parent=8102"}],"wp:term":[{"taxonomy":"product_brand","embeddable":true,"href":"https:\/\/levandupieva.lt\/en\/wp-json\/wp\/v2\/product_brand?post=8102"},{"taxonomy":"product_cat","embeddable":true,"href":"https:\/\/levandupieva.lt\/en\/wp-json\/wp\/v2\/product_cat?post=8102"},{"taxonomy":"product_tag","embeddable":true,"href":"https:\/\/levandupieva.lt\/en\/wp-json\/wp\/v2\/product_tag?post=8102"}],"curies":[{"name":"wp","href":"https:\/\/api.w.org\/{rel}","templated":true}]}}