{"id":8195,"date":"2025-11-27T15:33:43","date_gmt":"2025-11-27T15:33:43","guid":{"rendered":"https:\/\/levandupieva.lt\/?post_type=product&#038;p=8195"},"modified":"2026-04-13T12:20:03","modified_gmt":"2026-04-13T12:20:03","slug":"naturalus-nerafinuotas-kakavos-sviestas","status":"publish","type":"product","link":"https:\/\/levandupieva.lt\/en\/product\/naturalus-nerafinuotas-kakavos-sviestas\/","title":{"rendered":"Nat\u016bralus nerafinuotas kakavos sviestas"},"content":{"rendered":"<p><strong>Nat\u016bralus nerafinuotas kakavos sviestas<\/strong>\u00a0Bot.\u00a0<em>Theobroma cacao<\/em><strong data-start=\"80\" data-end=\"134\"> (pastil\u0117mis) &#8211; <\/strong>grynas augalin\u0117s kilm\u0117s sviestas, i\u0161gautas i\u0161 kakavos pupeli\u0173. Tinkamas naudoti tiek\u00a0<strong data-start=\"222\" data-end=\"239\">konditerijoje<\/strong>\u00a0(\u0161okoladams, triufeliams, desertams, glaz\u016broms), tiek\u00a0<strong data-start=\"294\" data-end=\"317\" data-is-only-node=\"\">kosmetikos gamyboje<\/strong>. D\u0117l savo tvirtos tekst\u016bros ir lengvai lydomos formos jis ypa\u010d patogus l\u016bp\u0173 balzam\u0173, k\u016bno krem\u0173, masa\u017eini\u0173 sviest\u0173, muil\u0173 ar kit\u0173 nam\u0173 gamybos produkt\u0173 receptuose. Baltasis kakavos sviestas pasi\u017eymi \u0161velniu, neutraliu kvapu ir \u0161viesia spalva, tod\u0117l lengvai dera su kitais ingredientais tiek maisto, tiek kosmetikos gaminiuose.<\/p>\n<p>Kiekis 100 g<\/p>\n<p><strong>Geriausia iki 2027\/09.\u00a0<\/strong><\/p>\n<p data-start=\"102\" data-end=\"357\">","protected":false},"excerpt":{"rendered":"<p><strong>Nat\u016bralus nerafinuotas kakavos sviestas<\/strong>\u00a0Bot.\u00a0<em>Theobroma cacao<\/em><strong data-start=\"80\" data-end=\"134\"> (pastil\u0117mis) &#8211; <\/strong>grynas augalin\u0117s kilm\u0117s sviestas, i\u0161gautas i\u0161 kakavos pupeli\u0173. Tinkamas naudoti tiek\u00a0<strong data-start=\"222\" data-end=\"239\">konditerijoje<\/strong>\u00a0(\u0161okoladams, triufeliams, desertams, glaz\u016broms), tiek\u00a0<strong data-start=\"294\" data-end=\"317\" data-is-only-node=\"\">kosmetikos gamyboje<\/strong>. D\u0117l savo tvirtos tekst\u016bros ir lengvai lydomos formos jis ypa\u010d patogus l\u016bp\u0173 balzam\u0173, k\u016bno krem\u0173, masa\u017eini\u0173 sviest\u0173, muil\u0173 ar kit\u0173 nam\u0173 gamybos produkt\u0173 receptuose. Baltasis kakavos sviestas pasi\u017eymi \u0161velniu, neutraliu kvapu ir \u0161viesia spalva, tod\u0117l lengvai dera su kitais ingredientais tiek maisto, tiek kosmetikos gaminiuose.<\/p>\n<p>Kiekis 100 g<\/p>\n<p><strong>Geriausia iki 2027\/09.\u00a0<\/strong><\/p>\n<p data-start=\"102\" data-end=\"357\">","protected":false},"featured_media":8196,"comment_status":"open","ping_status":"closed","template":"","meta":[],"product_brand":[],"product_cat":[70],"product_tag":[234],"class_list":{"0":"post-8195","1":"product","2":"type-product","3":"status-publish","4":"has-post-thumbnail","6":"product_cat-zaliava","7":"product_tag-kakavos-sviestas","9":"first","10":"instock","11":"sale","12":"shipping-taxable","13":"purchasable","14":"product-type-simple"},"yoast_head":"<!-- This site is optimized with the Yoast SEO plugin v24.8.1 - https:\/\/yoast.com\/wordpress\/plugins\/seo\/ -->\n<title>Nat\u016bralus nerafinuotas kakavos sviestas - Levand\u0173 pieva<\/title>\n<meta name=\"description\" content=\"Nat\u016bralus nerafinuotas kakavos sviestas\" \/>\n<meta name=\"robots\" content=\"index, follow, max-snippet:-1, max-image-preview:large, max-video-preview:-1\" \/>\n<link rel=\"canonical\" href=\"https:\/\/levandupieva.lt\/en\/product\/naturalus-nerafinuotas-kakavos-sviestas\/\" \/>\n<meta property=\"og:locale\" content=\"en_GB\" \/>\n<meta property=\"og:type\" content=\"article\" \/>\n<meta property=\"og:title\" content=\"Nat\u016bralus nerafinuotas kakavos sviestas - Levand\u0173 pieva\" \/>\n<meta property=\"og:description\" content=\"Nat\u016bralus nerafinuotas kakavos sviestas\" \/>\n<meta property=\"og:url\" content=\"https:\/\/levandupieva.lt\/en\/product\/naturalus-nerafinuotas-kakavos-sviestas\/\" \/>\n<meta property=\"og:site_name\" content=\"Levand\u0173 pieva\" \/>\n<meta property=\"article:publisher\" content=\"https:\/\/www.facebook.com\/Levandupieva\" \/>\n<meta property=\"article:modified_time\" content=\"2026-04-13T12:20:03+00:00\" \/>\n<meta property=\"og:image\" content=\"https:\/\/levandupieva.lt\/wp-content\/uploads\/2025\/11\/9b89e5d9-c331-4d50-a728-56ab458e305e-1024x683.png\" \/>\n\t<meta property=\"og:image:width\" content=\"1024\" \/>\n\t<meta property=\"og:image:height\" content=\"683\" \/>\n\t<meta property=\"og:image:type\" content=\"image\/png\" \/>\n<meta name=\"twitter:card\" content=\"summary_large_image\" \/>\n<meta name=\"twitter:label1\" content=\"Estimated reading time\" \/>\n\t<meta name=\"twitter:data1\" content=\"1 minute\" \/>\n<script type=\"application\/ld+json\" class=\"yoast-schema-graph\">{\"@context\":\"https:\/\/schema.org\",\"@graph\":[{\"@type\":\"WebPage\",\"@id\":\"https:\/\/levandupieva.lt\/produktas\/naturalus-nerafinuotas-kakavos-sviestas\/\",\"url\":\"https:\/\/levandupieva.lt\/produktas\/naturalus-nerafinuotas-kakavos-sviestas\/\",\"name\":\"Nat\u016bralus nerafinuotas kakavos sviestas - Levand\u0173 pieva\",\"isPartOf\":{\"@id\":\"https:\/\/levandupieva.lt\/#website\"},\"primaryImageOfPage\":{\"@id\":\"https:\/\/levandupieva.lt\/produktas\/naturalus-nerafinuotas-kakavos-sviestas\/#primaryimage\"},\"image\":{\"@id\":\"https:\/\/levandupieva.lt\/produktas\/naturalus-nerafinuotas-kakavos-sviestas\/#primaryimage\"},\"thumbnailUrl\":\"https:\/\/levandupieva.lt\/wp-content\/uploads\/2025\/11\/9b89e5d9-c331-4d50-a728-56ab458e305e.png\",\"datePublished\":\"2025-11-27T15:33:43+00:00\",\"dateModified\":\"2026-04-13T12:20:03+00:00\",\"description\":\"Nat\u016bralus nerafinuotas kakavos sviestas\",\"breadcrumb\":{\"@id\":\"https:\/\/levandupieva.lt\/produktas\/naturalus-nerafinuotas-kakavos-sviestas\/#breadcrumb\"},\"inLanguage\":\"en-GB\",\"potentialAction\":[{\"@type\":\"ReadAction\",\"target\":[\"https:\/\/levandupieva.lt\/produktas\/naturalus-nerafinuotas-kakavos-sviestas\/\"]}]},{\"@type\":\"ImageObject\",\"inLanguage\":\"en-GB\",\"@id\":\"https:\/\/levandupieva.lt\/produktas\/naturalus-nerafinuotas-kakavos-sviestas\/#primaryimage\",\"url\":\"https:\/\/levandupieva.lt\/wp-content\/uploads\/2025\/11\/9b89e5d9-c331-4d50-a728-56ab458e305e.png\",\"contentUrl\":\"https:\/\/levandupieva.lt\/wp-content\/uploads\/2025\/11\/9b89e5d9-c331-4d50-a728-56ab458e305e.png\",\"width\":1536,\"height\":1024},{\"@type\":\"BreadcrumbList\",\"@id\":\"https:\/\/levandupieva.lt\/produktas\/naturalus-nerafinuotas-kakavos-sviestas\/#breadcrumb\",\"itemListElement\":[{\"@type\":\"ListItem\",\"position\":1,\"name\":\"Home\",\"item\":\"https:\/\/levandupieva.lt\/\"},{\"@type\":\"ListItem\",\"position\":2,\"name\":\"Parduotuv\u0117\",\"item\":\"https:\/\/levandupieva.lt\/parduotuve\/\"},{\"@type\":\"ListItem\",\"position\":3,\"name\":\"Nat\u016bralus nerafinuotas kakavos sviestas\"}]},{\"@type\":\"WebSite\",\"@id\":\"https:\/\/levandupieva.lt\/#website\",\"url\":\"https:\/\/levandupieva.lt\/\",\"name\":\"Levand\u0173 pieva\",\"description\":\"\",\"publisher\":{\"@id\":\"https:\/\/levandupieva.lt\/#organization\"},\"potentialAction\":[{\"@type\":\"SearchAction\",\"target\":{\"@type\":\"EntryPoint\",\"urlTemplate\":\"https:\/\/levandupieva.lt\/?s={search_term_string}\"},\"query-input\":{\"@type\":\"PropertyValueSpecification\",\"valueRequired\":true,\"valueName\":\"search_term_string\"}}],\"inLanguage\":\"en-GB\"},{\"@type\":\"Organization\",\"@id\":\"https:\/\/levandupieva.lt\/#organization\",\"name\":\"Levan\u0173 Pieva\",\"url\":\"https:\/\/levandupieva.lt\/\",\"logo\":{\"@type\":\"ImageObject\",\"inLanguage\":\"en-GB\",\"@id\":\"https:\/\/levandupieva.lt\/#\/schema\/logo\/image\/\",\"url\":\"https:\/\/levandupieva.lt\/wp-content\/uploads\/2021\/03\/cropped-logo-e1446013442350.png\",\"contentUrl\":\"https:\/\/levandupieva.lt\/wp-content\/uploads\/2021\/03\/cropped-logo-e1446013442350.png\",\"width\":654,\"height\":287,\"caption\":\"Levan\u0173 Pieva\"},\"image\":{\"@id\":\"https:\/\/levandupieva.lt\/#\/schema\/logo\/image\/\"},\"sameAs\":[\"https:\/\/www.facebook.com\/Levandupieva\"]}]}<\/script>\n<!-- \/ Yoast SEO plugin. -->","yoast_head_json":{"title":"Nat\u016bralus nerafinuotas kakavos sviestas - Levand\u0173 pieva","description":"Nat\u016bralus nerafinuotas kakavos sviestas","robots":{"index":"index","follow":"follow","max-snippet":"max-snippet:-1","max-image-preview":"max-image-preview:large","max-video-preview":"max-video-preview:-1"},"canonical":"https:\/\/levandupieva.lt\/en\/product\/naturalus-nerafinuotas-kakavos-sviestas\/","og_locale":"en_GB","og_type":"article","og_title":"Nat\u016bralus nerafinuotas kakavos sviestas - Levand\u0173 pieva","og_description":"Nat\u016bralus nerafinuotas kakavos sviestas","og_url":"https:\/\/levandupieva.lt\/en\/product\/naturalus-nerafinuotas-kakavos-sviestas\/","og_site_name":"Levand\u0173 pieva","article_publisher":"https:\/\/www.facebook.com\/Levandupieva","article_modified_time":"2026-04-13T12:20:03+00:00","og_image":[{"width":1024,"height":683,"url":"https:\/\/levandupieva.lt\/wp-content\/uploads\/2025\/11\/9b89e5d9-c331-4d50-a728-56ab458e305e-1024x683.png","type":"image\/png"}],"twitter_card":"summary_large_image","twitter_misc":{"Estimated reading time":"1 minute"},"schema":{"@context":"https:\/\/schema.org","@graph":[{"@type":"WebPage","@id":"https:\/\/levandupieva.lt\/produktas\/naturalus-nerafinuotas-kakavos-sviestas\/","url":"https:\/\/levandupieva.lt\/produktas\/naturalus-nerafinuotas-kakavos-sviestas\/","name":"Nat\u016bralus nerafinuotas kakavos sviestas - Levand\u0173 pieva","isPartOf":{"@id":"https:\/\/levandupieva.lt\/#website"},"primaryImageOfPage":{"@id":"https:\/\/levandupieva.lt\/produktas\/naturalus-nerafinuotas-kakavos-sviestas\/#primaryimage"},"image":{"@id":"https:\/\/levandupieva.lt\/produktas\/naturalus-nerafinuotas-kakavos-sviestas\/#primaryimage"},"thumbnailUrl":"https:\/\/levandupieva.lt\/wp-content\/uploads\/2025\/11\/9b89e5d9-c331-4d50-a728-56ab458e305e.png","datePublished":"2025-11-27T15:33:43+00:00","dateModified":"2026-04-13T12:20:03+00:00","description":"Nat\u016bralus nerafinuotas kakavos sviestas","breadcrumb":{"@id":"https:\/\/levandupieva.lt\/produktas\/naturalus-nerafinuotas-kakavos-sviestas\/#breadcrumb"},"inLanguage":"en-GB","potentialAction":[{"@type":"ReadAction","target":["https:\/\/levandupieva.lt\/produktas\/naturalus-nerafinuotas-kakavos-sviestas\/"]}]},{"@type":"ImageObject","inLanguage":"en-GB","@id":"https:\/\/levandupieva.lt\/produktas\/naturalus-nerafinuotas-kakavos-sviestas\/#primaryimage","url":"https:\/\/levandupieva.lt\/wp-content\/uploads\/2025\/11\/9b89e5d9-c331-4d50-a728-56ab458e305e.png","contentUrl":"https:\/\/levandupieva.lt\/wp-content\/uploads\/2025\/11\/9b89e5d9-c331-4d50-a728-56ab458e305e.png","width":1536,"height":1024},{"@type":"BreadcrumbList","@id":"https:\/\/levandupieva.lt\/produktas\/naturalus-nerafinuotas-kakavos-sviestas\/#breadcrumb","itemListElement":[{"@type":"ListItem","position":1,"name":"Home","item":"https:\/\/levandupieva.lt\/"},{"@type":"ListItem","position":2,"name":"Parduotuv\u0117","item":"https:\/\/levandupieva.lt\/parduotuve\/"},{"@type":"ListItem","position":3,"name":"Nat\u016bralus nerafinuotas kakavos sviestas"}]},{"@type":"WebSite","@id":"https:\/\/levandupieva.lt\/#website","url":"https:\/\/levandupieva.lt\/","name":"Levand\u0173 pieva","description":"","publisher":{"@id":"https:\/\/levandupieva.lt\/#organization"},"potentialAction":[{"@type":"SearchAction","target":{"@type":"EntryPoint","urlTemplate":"https:\/\/levandupieva.lt\/?s={search_term_string}"},"query-input":{"@type":"PropertyValueSpecification","valueRequired":true,"valueName":"search_term_string"}}],"inLanguage":"en-GB"},{"@type":"Organization","@id":"https:\/\/levandupieva.lt\/#organization","name":"Levan\u0173 Pieva","url":"https:\/\/levandupieva.lt\/","logo":{"@type":"ImageObject","inLanguage":"en-GB","@id":"https:\/\/levandupieva.lt\/#\/schema\/logo\/image\/","url":"https:\/\/levandupieva.lt\/wp-content\/uploads\/2021\/03\/cropped-logo-e1446013442350.png","contentUrl":"https:\/\/levandupieva.lt\/wp-content\/uploads\/2021\/03\/cropped-logo-e1446013442350.png","width":654,"height":287,"caption":"Levan\u0173 Pieva"},"image":{"@id":"https:\/\/levandupieva.lt\/#\/schema\/logo\/image\/"},"sameAs":["https:\/\/www.facebook.com\/Levandupieva"]}]}},"_links":{"self":[{"href":"https:\/\/levandupieva.lt\/en\/wp-json\/wp\/v2\/product\/8195","targetHints":{"allow":["GET"]}}],"collection":[{"href":"https:\/\/levandupieva.lt\/en\/wp-json\/wp\/v2\/product"}],"about":[{"href":"https:\/\/levandupieva.lt\/en\/wp-json\/wp\/v2\/types\/product"}],"replies":[{"embeddable":true,"href":"https:\/\/levandupieva.lt\/en\/wp-json\/wp\/v2\/comments?post=8195"}],"wp:featuredmedia":[{"embeddable":true,"href":"https:\/\/levandupieva.lt\/en\/wp-json\/wp\/v2\/media\/8196"}],"wp:attachment":[{"href":"https:\/\/levandupieva.lt\/en\/wp-json\/wp\/v2\/media?parent=8195"}],"wp:term":[{"taxonomy":"product_brand","embeddable":true,"href":"https:\/\/levandupieva.lt\/en\/wp-json\/wp\/v2\/product_brand?post=8195"},{"taxonomy":"product_cat","embeddable":true,"href":"https:\/\/levandupieva.lt\/en\/wp-json\/wp\/v2\/product_cat?post=8195"},{"taxonomy":"product_tag","embeddable":true,"href":"https:\/\/levandupieva.lt\/en\/wp-json\/wp\/v2\/product_tag?post=8195"}],"curies":[{"name":"wp","href":"https:\/\/api.w.org\/{rel}","templated":true}]}}