{"id":8281,"date":"2026-01-01T17:50:22","date_gmt":"2026-01-01T17:50:22","guid":{"rendered":"https:\/\/levandupieva.lt\/?post_type=product&#038;p=8281"},"modified":"2026-01-31T11:41:02","modified_gmt":"2026-01-31T11:41:02","slug":"medinis-eteriniu-alieju-difuzorius","status":"publish","type":"product","link":"https:\/\/levandupieva.lt\/en\/product\/medinis-eteriniu-alieju-difuzorius\/","title":{"rendered":"Eterini\u0173 aliej\u0173 difuzorius"},"content":{"rendered":"<div class=\"x78zum5 xdt5ytf x6ikm8r x10wlt62 xh8yej3 xyzno7u x8dqta2\">\n<div class=\"x1iyjqo2 x6ikm8r x10wlt62\" data-pagelet=\"WatchPermalinkVideo\">\n<div class=\"xal61yo x5yr21d x1n2onr6 xh8yej3\">\n<div class=\"x5yr21d x6ikm8r x10wlt62 x1n2onr6 xh8yej3 x2bj2ny\">\n<div class=\"x1lliihq x5yr21d x1n2onr6 xh8yej3 x1ja2u2z\">\n<div data-instancekey=\"id-vpuid-f0a6534e6836a5578\">\n<div class=\"x5yr21d x10l6tqk x13vifvy xh8yej3\" data-visualcompletion=\"ignore\">\n<div class=\"x6s0dn4 x78zum5 x5yr21d xh8yej3\">\n<p data-start=\"0\" data-end=\"117\">\u0160is stilingas <strong data-start=\"14\" data-end=\"48\">pakabinamas medinio gaubtelio ir stiklinio pagrindo aromato difuzorius<\/strong> \u2013 paprastas ir eleganti\u0161kas b\u016bdas pripildyti erdv\u0119 m\u0117gstamu kvapu.<\/p>\n<p data-start=\"119\" data-end=\"134\"><strong data-start=\"119\" data-end=\"134\">Naudojimas:<\/strong><\/p>\n<ol data-start=\"135\" data-end=\"613\">\n<li data-start=\"135\" data-end=\"233\">\n<p data-start=\"138\" data-end=\"233\">Atsukite medin\u012f dangtel\u012f ir \u012f buteliuk\u0105 \u012fla\u0161inkite pasirinkt\u0105 eterin\u012f aliej\u0173 ar kvap\u0173 mi\u0161in\u012f.<\/p>\n<\/li>\n<li data-start=\"234\" data-end=\"317\">\n<p data-start=\"237\" data-end=\"317\">Jei norite, kad kvapas skleist\u0173si, <strong data-start=\"272\" data-end=\"314\">plastikinio vidinio kam\u0161telio ned\u0117kite<\/strong>.<\/p>\n<\/li>\n<li data-start=\"318\" data-end=\"402\">\n<p data-start=\"321\" data-end=\"402\">U\u017esukite medin\u012f dangtel\u012f \u2013 jis sugeria aliej\u0173 ir palaipsniui skleid\u017eia aromat\u0105.<\/p>\n<\/li>\n<li data-start=\"403\" data-end=\"507\">\n<p data-start=\"406\" data-end=\"507\">Su prid\u0117tais rai\u0161teliais pakabinkite difuzori\u0173 automobilyje, darbo vietoje, spintoje ar prie lovos.<\/p>\n<\/li>\n<li data-start=\"508\" data-end=\"613\">\n<p data-start=\"511\" data-end=\"613\">Nor\u0117dami sustiprinti kvap\u0105, <strong data-start=\"539\" data-end=\"572\">lengvai pavartykite buteliuk\u0105<\/strong>, kad aliejus sudr\u0117kint\u0173 medin\u012f dangtel\u012f.<\/p>\n<\/li>\n<\/ol>\n<p data-start=\"615\" data-end=\"746\" data-is-last-node=\"\" data-is-only-node=\"\">\u2728 Puikiai tinka tiek automobiliui, tiek nam\u0173 ar darbo aplinkai \u2013 nat\u016bralus, stilingas ir daugkartinio naudojimo aromato sprendimas.<\/p>\n<\/div>\n<\/div>\n<\/div>\n<\/div>\n<\/div>\n<\/div>\n<\/div>\n<\/div>\n<h1><\/h1>\n<p>&nbsp;<\/p>\n<p>&nbsp;<\/p>","protected":false},"excerpt":{"rendered":"<div class=\"x78zum5 xdt5ytf x6ikm8r x10wlt62 xh8yej3 xyzno7u x8dqta2\">\n<div class=\"x1iyjqo2 x6ikm8r x10wlt62\" data-pagelet=\"WatchPermalinkVideo\">\n<div class=\"xal61yo x5yr21d x1n2onr6 xh8yej3\">\n<div class=\"x5yr21d x6ikm8r x10wlt62 x1n2onr6 xh8yej3 x2bj2ny\">\n<div class=\"x1lliihq x5yr21d x1n2onr6 xh8yej3 x1ja2u2z\">\n<div data-instancekey=\"id-vpuid-f0a6534e6836a5578\">\n<div class=\"x5yr21d x10l6tqk x13vifvy xh8yej3\" data-visualcompletion=\"ignore\">\n<div class=\"x6s0dn4 x78zum5 x5yr21d xh8yej3\">\n<p data-start=\"0\" data-end=\"117\">\u0160is stilingas <strong data-start=\"14\" data-end=\"48\">pakabinamas medinio gaubtelio ir stiklinio pagrindo aromato difuzorius<\/strong> \u2013 paprastas ir eleganti\u0161kas b\u016bdas pripildyti erdv\u0119 m\u0117gstamu kvapu.<\/p>\n<p data-start=\"119\" data-end=\"134\"><strong data-start=\"119\" data-end=\"134\">Naudojimas:<\/strong><\/p>\n<ol data-start=\"135\" data-end=\"613\">\n<li data-start=\"135\" data-end=\"233\">\n<p data-start=\"138\" data-end=\"233\">Atsukite medin\u012f dangtel\u012f ir \u012f buteliuk\u0105 \u012fla\u0161inkite pasirinkt\u0105 eterin\u012f aliej\u0173 ar kvap\u0173 mi\u0161in\u012f.<\/p>\n<\/li>\n<li data-start=\"234\" data-end=\"317\">\n<p data-start=\"237\" data-end=\"317\">Jei norite, kad kvapas skleist\u0173si, <strong data-start=\"272\" data-end=\"314\">plastikinio vidinio kam\u0161telio ned\u0117kite<\/strong>.<\/p>\n<\/li>\n<li data-start=\"318\" data-end=\"402\">\n<p data-start=\"321\" data-end=\"402\">U\u017esukite medin\u012f dangtel\u012f \u2013 jis sugeria aliej\u0173 ir palaipsniui skleid\u017eia aromat\u0105.<\/p>\n<\/li>\n<li data-start=\"403\" data-end=\"507\">\n<p data-start=\"406\" data-end=\"507\">Su prid\u0117tais rai\u0161teliais pakabinkite difuzori\u0173 automobilyje, darbo vietoje, spintoje ar prie lovos.<\/p>\n<\/li>\n<li data-start=\"508\" data-end=\"613\">\n<p data-start=\"511\" data-end=\"613\">Nor\u0117dami sustiprinti kvap\u0105, <strong data-start=\"539\" data-end=\"572\">lengvai pavartykite buteliuk\u0105<\/strong>, kad aliejus sudr\u0117kint\u0173 medin\u012f dangtel\u012f.<\/p>\n<\/li>\n<\/ol>\n<p data-start=\"615\" data-end=\"746\" data-is-last-node=\"\" data-is-only-node=\"\">\u2728 Puikiai tinka tiek automobiliui, tiek nam\u0173 ar darbo aplinkai \u2013 nat\u016bralus, stilingas ir daugkartinio naudojimo aromato sprendimas.<\/p>\n<\/div>\n<\/div>\n<\/div>\n<\/div>\n<\/div>\n<\/div>\n<\/div>\n<\/div>\n<h1><\/h1>","protected":false},"featured_media":8283,"comment_status":"open","ping_status":"closed","template":"","meta":[],"product_brand":[],"product_cat":[167],"product_tag":[235,236],"class_list":{"0":"post-8281","1":"product","2":"type-product","3":"status-publish","4":"has-post-thumbnail","6":"product_cat-laboratoriju-priemones","7":"product_tag-automobilio-difuzorius","8":"product_tag-kvapas-automobiliui","10":"first","11":"instock","12":"sale","13":"shipping-taxable","14":"purchasable","15":"product-type-simple"},"yoast_head":"<!-- This site is optimized with the Yoast SEO plugin v24.8.1 - https:\/\/yoast.com\/wordpress\/plugins\/seo\/ -->\n<title>Eterini\u0173 aliej\u0173 difuzorius - Levand\u0173 pieva<\/title>\n<meta name=\"description\" content=\"\u0160is stilingas pakabinamas medinio gaubtelio ir stiklinio pagrindo aromato difuzorius \u2013 paprastas ir eleganti\u0161kas b\u016bdas pripildyti erdv\u0119 m\u0117gstamu kvapu.\" \/>\n<meta name=\"robots\" content=\"index, follow, max-snippet:-1, max-image-preview:large, max-video-preview:-1\" \/>\n<link rel=\"canonical\" href=\"https:\/\/levandupieva.lt\/en\/product\/medinis-eteriniu-alieju-difuzorius\/\" \/>\n<meta property=\"og:locale\" content=\"en_GB\" \/>\n<meta property=\"og:type\" content=\"article\" \/>\n<meta property=\"og:title\" content=\"Eterini\u0173 aliej\u0173 difuzorius - Levand\u0173 pieva\" \/>\n<meta property=\"og:description\" content=\"\u0160is stilingas pakabinamas medinio gaubtelio ir stiklinio pagrindo aromato difuzorius \u2013 paprastas ir eleganti\u0161kas b\u016bdas pripildyti erdv\u0119 m\u0117gstamu kvapu.\" \/>\n<meta property=\"og:url\" content=\"https:\/\/levandupieva.lt\/en\/product\/medinis-eteriniu-alieju-difuzorius\/\" \/>\n<meta property=\"og:site_name\" content=\"Levand\u0173 pieva\" \/>\n<meta property=\"article:publisher\" content=\"https:\/\/www.facebook.com\/Levandupieva\" \/>\n<meta property=\"article:modified_time\" content=\"2026-01-31T11:41:02+00:00\" \/>\n<meta property=\"og:image\" content=\"https:\/\/levandupieva.lt\/wp-content\/uploads\/2026\/01\/IMG_7953.jpg\" \/>\n\t<meta property=\"og:image:width\" content=\"1123\" \/>\n\t<meta property=\"og:image:height\" content=\"1092\" \/>\n\t<meta property=\"og:image:type\" content=\"image\/jpeg\" \/>\n<meta name=\"twitter:card\" content=\"summary_large_image\" \/>\n<meta name=\"twitter:label1\" content=\"Estimated reading time\" \/>\n\t<meta name=\"twitter:data1\" content=\"1 minute\" \/>\n<script type=\"application\/ld+json\" class=\"yoast-schema-graph\">{\"@context\":\"https:\/\/schema.org\",\"@graph\":[{\"@type\":\"WebPage\",\"@id\":\"https:\/\/levandupieva.lt\/produktas\/medinis-eteriniu-alieju-difuzorius\/\",\"url\":\"https:\/\/levandupieva.lt\/produktas\/medinis-eteriniu-alieju-difuzorius\/\",\"name\":\"Eterini\u0173 aliej\u0173 difuzorius - Levand\u0173 pieva\",\"isPartOf\":{\"@id\":\"https:\/\/levandupieva.lt\/#website\"},\"primaryImageOfPage\":{\"@id\":\"https:\/\/levandupieva.lt\/produktas\/medinis-eteriniu-alieju-difuzorius\/#primaryimage\"},\"image\":{\"@id\":\"https:\/\/levandupieva.lt\/produktas\/medinis-eteriniu-alieju-difuzorius\/#primaryimage\"},\"thumbnailUrl\":\"https:\/\/levandupieva.lt\/wp-content\/uploads\/2026\/01\/IMG_7953.jpg\",\"datePublished\":\"2026-01-01T17:50:22+00:00\",\"dateModified\":\"2026-01-31T11:41:02+00:00\",\"description\":\"\u0160is stilingas pakabinamas medinio gaubtelio ir stiklinio pagrindo aromato difuzorius \u2013 paprastas ir eleganti\u0161kas b\u016bdas pripildyti erdv\u0119 m\u0117gstamu kvapu.\",\"breadcrumb\":{\"@id\":\"https:\/\/levandupieva.lt\/produktas\/medinis-eteriniu-alieju-difuzorius\/#breadcrumb\"},\"inLanguage\":\"en-GB\",\"potentialAction\":[{\"@type\":\"ReadAction\",\"target\":[\"https:\/\/levandupieva.lt\/produktas\/medinis-eteriniu-alieju-difuzorius\/\"]}]},{\"@type\":\"ImageObject\",\"inLanguage\":\"en-GB\",\"@id\":\"https:\/\/levandupieva.lt\/produktas\/medinis-eteriniu-alieju-difuzorius\/#primaryimage\",\"url\":\"https:\/\/levandupieva.lt\/wp-content\/uploads\/2026\/01\/IMG_7953.jpg\",\"contentUrl\":\"https:\/\/levandupieva.lt\/wp-content\/uploads\/2026\/01\/IMG_7953.jpg\",\"width\":1123,\"height\":1092,\"caption\":\"Screenshot\"},{\"@type\":\"BreadcrumbList\",\"@id\":\"https:\/\/levandupieva.lt\/produktas\/medinis-eteriniu-alieju-difuzorius\/#breadcrumb\",\"itemListElement\":[{\"@type\":\"ListItem\",\"position\":1,\"name\":\"Home\",\"item\":\"https:\/\/levandupieva.lt\/\"},{\"@type\":\"ListItem\",\"position\":2,\"name\":\"Parduotuv\u0117\",\"item\":\"https:\/\/levandupieva.lt\/parduotuve\/\"},{\"@type\":\"ListItem\",\"position\":3,\"name\":\"Eterini\u0173 aliej\u0173 difuzorius\"}]},{\"@type\":\"WebSite\",\"@id\":\"https:\/\/levandupieva.lt\/#website\",\"url\":\"https:\/\/levandupieva.lt\/\",\"name\":\"Levand\u0173 pieva\",\"description\":\"\",\"publisher\":{\"@id\":\"https:\/\/levandupieva.lt\/#organization\"},\"potentialAction\":[{\"@type\":\"SearchAction\",\"target\":{\"@type\":\"EntryPoint\",\"urlTemplate\":\"https:\/\/levandupieva.lt\/?s={search_term_string}\"},\"query-input\":{\"@type\":\"PropertyValueSpecification\",\"valueRequired\":true,\"valueName\":\"search_term_string\"}}],\"inLanguage\":\"en-GB\"},{\"@type\":\"Organization\",\"@id\":\"https:\/\/levandupieva.lt\/#organization\",\"name\":\"Levan\u0173 Pieva\",\"url\":\"https:\/\/levandupieva.lt\/\",\"logo\":{\"@type\":\"ImageObject\",\"inLanguage\":\"en-GB\",\"@id\":\"https:\/\/levandupieva.lt\/#\/schema\/logo\/image\/\",\"url\":\"https:\/\/levandupieva.lt\/wp-content\/uploads\/2021\/03\/cropped-logo-e1446013442350.png\",\"contentUrl\":\"https:\/\/levandupieva.lt\/wp-content\/uploads\/2021\/03\/cropped-logo-e1446013442350.png\",\"width\":654,\"height\":287,\"caption\":\"Levan\u0173 Pieva\"},\"image\":{\"@id\":\"https:\/\/levandupieva.lt\/#\/schema\/logo\/image\/\"},\"sameAs\":[\"https:\/\/www.facebook.com\/Levandupieva\"]}]}<\/script>\n<!-- \/ Yoast SEO plugin. -->","yoast_head_json":{"title":"Eterini\u0173 aliej\u0173 difuzorius - Levand\u0173 pieva","description":"\u0160is stilingas pakabinamas medinio gaubtelio ir stiklinio pagrindo aromato difuzorius \u2013 paprastas ir eleganti\u0161kas b\u016bdas pripildyti erdv\u0119 m\u0117gstamu kvapu.","robots":{"index":"index","follow":"follow","max-snippet":"max-snippet:-1","max-image-preview":"max-image-preview:large","max-video-preview":"max-video-preview:-1"},"canonical":"https:\/\/levandupieva.lt\/en\/product\/medinis-eteriniu-alieju-difuzorius\/","og_locale":"en_GB","og_type":"article","og_title":"Eterini\u0173 aliej\u0173 difuzorius - Levand\u0173 pieva","og_description":"\u0160is stilingas pakabinamas medinio gaubtelio ir stiklinio pagrindo aromato difuzorius \u2013 paprastas ir eleganti\u0161kas b\u016bdas pripildyti erdv\u0119 m\u0117gstamu kvapu.","og_url":"https:\/\/levandupieva.lt\/en\/product\/medinis-eteriniu-alieju-difuzorius\/","og_site_name":"Levand\u0173 pieva","article_publisher":"https:\/\/www.facebook.com\/Levandupieva","article_modified_time":"2026-01-31T11:41:02+00:00","og_image":[{"width":1123,"height":1092,"url":"https:\/\/levandupieva.lt\/wp-content\/uploads\/2026\/01\/IMG_7953.jpg","type":"image\/jpeg"}],"twitter_card":"summary_large_image","twitter_misc":{"Estimated reading time":"1 minute"},"schema":{"@context":"https:\/\/schema.org","@graph":[{"@type":"WebPage","@id":"https:\/\/levandupieva.lt\/produktas\/medinis-eteriniu-alieju-difuzorius\/","url":"https:\/\/levandupieva.lt\/produktas\/medinis-eteriniu-alieju-difuzorius\/","name":"Eterini\u0173 aliej\u0173 difuzorius - Levand\u0173 pieva","isPartOf":{"@id":"https:\/\/levandupieva.lt\/#website"},"primaryImageOfPage":{"@id":"https:\/\/levandupieva.lt\/produktas\/medinis-eteriniu-alieju-difuzorius\/#primaryimage"},"image":{"@id":"https:\/\/levandupieva.lt\/produktas\/medinis-eteriniu-alieju-difuzorius\/#primaryimage"},"thumbnailUrl":"https:\/\/levandupieva.lt\/wp-content\/uploads\/2026\/01\/IMG_7953.jpg","datePublished":"2026-01-01T17:50:22+00:00","dateModified":"2026-01-31T11:41:02+00:00","description":"\u0160is stilingas pakabinamas medinio gaubtelio ir stiklinio pagrindo aromato difuzorius \u2013 paprastas ir eleganti\u0161kas b\u016bdas pripildyti erdv\u0119 m\u0117gstamu kvapu.","breadcrumb":{"@id":"https:\/\/levandupieva.lt\/produktas\/medinis-eteriniu-alieju-difuzorius\/#breadcrumb"},"inLanguage":"en-GB","potentialAction":[{"@type":"ReadAction","target":["https:\/\/levandupieva.lt\/produktas\/medinis-eteriniu-alieju-difuzorius\/"]}]},{"@type":"ImageObject","inLanguage":"en-GB","@id":"https:\/\/levandupieva.lt\/produktas\/medinis-eteriniu-alieju-difuzorius\/#primaryimage","url":"https:\/\/levandupieva.lt\/wp-content\/uploads\/2026\/01\/IMG_7953.jpg","contentUrl":"https:\/\/levandupieva.lt\/wp-content\/uploads\/2026\/01\/IMG_7953.jpg","width":1123,"height":1092,"caption":"Screenshot"},{"@type":"BreadcrumbList","@id":"https:\/\/levandupieva.lt\/produktas\/medinis-eteriniu-alieju-difuzorius\/#breadcrumb","itemListElement":[{"@type":"ListItem","position":1,"name":"Home","item":"https:\/\/levandupieva.lt\/"},{"@type":"ListItem","position":2,"name":"Parduotuv\u0117","item":"https:\/\/levandupieva.lt\/parduotuve\/"},{"@type":"ListItem","position":3,"name":"Eterini\u0173 aliej\u0173 difuzorius"}]},{"@type":"WebSite","@id":"https:\/\/levandupieva.lt\/#website","url":"https:\/\/levandupieva.lt\/","name":"Levand\u0173 pieva","description":"","publisher":{"@id":"https:\/\/levandupieva.lt\/#organization"},"potentialAction":[{"@type":"SearchAction","target":{"@type":"EntryPoint","urlTemplate":"https:\/\/levandupieva.lt\/?s={search_term_string}"},"query-input":{"@type":"PropertyValueSpecification","valueRequired":true,"valueName":"search_term_string"}}],"inLanguage":"en-GB"},{"@type":"Organization","@id":"https:\/\/levandupieva.lt\/#organization","name":"Levan\u0173 Pieva","url":"https:\/\/levandupieva.lt\/","logo":{"@type":"ImageObject","inLanguage":"en-GB","@id":"https:\/\/levandupieva.lt\/#\/schema\/logo\/image\/","url":"https:\/\/levandupieva.lt\/wp-content\/uploads\/2021\/03\/cropped-logo-e1446013442350.png","contentUrl":"https:\/\/levandupieva.lt\/wp-content\/uploads\/2021\/03\/cropped-logo-e1446013442350.png","width":654,"height":287,"caption":"Levan\u0173 Pieva"},"image":{"@id":"https:\/\/levandupieva.lt\/#\/schema\/logo\/image\/"},"sameAs":["https:\/\/www.facebook.com\/Levandupieva"]}]}},"_links":{"self":[{"href":"https:\/\/levandupieva.lt\/en\/wp-json\/wp\/v2\/product\/8281","targetHints":{"allow":["GET"]}}],"collection":[{"href":"https:\/\/levandupieva.lt\/en\/wp-json\/wp\/v2\/product"}],"about":[{"href":"https:\/\/levandupieva.lt\/en\/wp-json\/wp\/v2\/types\/product"}],"replies":[{"embeddable":true,"href":"https:\/\/levandupieva.lt\/en\/wp-json\/wp\/v2\/comments?post=8281"}],"wp:featuredmedia":[{"embeddable":true,"href":"https:\/\/levandupieva.lt\/en\/wp-json\/wp\/v2\/media\/8283"}],"wp:attachment":[{"href":"https:\/\/levandupieva.lt\/en\/wp-json\/wp\/v2\/media?parent=8281"}],"wp:term":[{"taxonomy":"product_brand","embeddable":true,"href":"https:\/\/levandupieva.lt\/en\/wp-json\/wp\/v2\/product_brand?post=8281"},{"taxonomy":"product_cat","embeddable":true,"href":"https:\/\/levandupieva.lt\/en\/wp-json\/wp\/v2\/product_cat?post=8281"},{"taxonomy":"product_tag","embeddable":true,"href":"https:\/\/levandupieva.lt\/en\/wp-json\/wp\/v2\/product_tag?post=8281"}],"curies":[{"name":"wp","href":"https:\/\/api.w.org\/{rel}","templated":true}]}}