{"id":8353,"date":"2026-02-24T12:45:58","date_gmt":"2026-02-24T12:45:58","guid":{"rendered":"https:\/\/levandupieva.lt\/?post_type=product&#038;p=8353"},"modified":"2026-02-24T13:04:01","modified_gmt":"2026-02-24T13:04:01","slug":"namu-kvapas-su-lazdelemis-50-ml-stiklinis-buteliukas-su-auksiniu-kaklelio-apvadu","status":"publish","type":"product","link":"https:\/\/levandupieva.lt\/en\/product\/namu-kvapas-su-lazdelemis-50-ml-stiklinis-buteliukas-su-auksiniu-kaklelio-apvadu\/","title":{"rendered":"Prabangus buteliukas nam\u0173 kvapui su lazdel\u0117mis, 50 ml talpos"},"content":{"rendered":"<p data-start=\"0\" data-end=\"47\"><strong data-start=\"0\" data-end=\"47\">Prabangaus dizaino nam\u0173 kvapo buteliukas su lazdel\u0117mis \u2013 50 ml<\/strong><\/p>\n<p data-start=\"49\" data-end=\"191\">50 ml talpos rai\u017eyto stiklo buteliukas su auksin\u0117s spalvos kaklelio apvadu. Eleganti\u0161kas dizainas, tinkantis \u012fvairiems interjerams.<\/p>\n<p data-start=\"193\" data-end=\"209\"><strong data-start=\"193\" data-end=\"209\">I\u0161matavimai:<\/strong><\/p>\n<ul data-start=\"210\" data-end=\"352\">\n<li data-start=\"210\" data-end=\"257\">\n<p data-start=\"212\" data-end=\"257\">Auk\u0161tis su plastikiniu dangteliu \u2013 ~11,5 cm<\/p>\n<\/li>\n<li data-start=\"258\" data-end=\"290\">\n<p data-start=\"260\" data-end=\"290\">Auk\u0161tis be dangtelio \u2013 ~9 cm<\/p>\n<\/li>\n<li data-start=\"291\" data-end=\"313\">\n<p data-start=\"293\" data-end=\"313\">Skersmuo \u2013 ~4,5 cm<\/p>\n<\/li>\n<li data-start=\"314\" data-end=\"352\">\n<p data-start=\"316\" data-end=\"352\">Kaklelio vidinis skersmuo \u2013 ~18 mm<\/p>\n<\/li>\n<\/ul>\n<p data-start=\"354\" data-end=\"421\" data-is-last-node=\"\" data-is-only-node=\"\"><strong data-start=\"354\" data-end=\"368\">Komplekte:<\/strong> plastikinis dangtelis ir 5 vnt. nam\u0173 kvapo lazdeli\u0173.<\/p>","protected":false},"excerpt":{"rendered":"<p data-start=\"0\" data-end=\"47\"><strong data-start=\"0\" data-end=\"47\">Prabangaus dizaino nam\u0173 kvapo buteliukas su lazdel\u0117mis \u2013 50 ml<\/strong><\/p>\n<p data-start=\"49\" data-end=\"191\">50 ml talpos rai\u017eyto stiklo buteliukas su auksin\u0117s spalvos kaklelio apvadu. Eleganti\u0161kas dizainas, tinkantis \u012fvairiems interjerams.<\/p>\n<p data-start=\"193\" data-end=\"209\"><strong data-start=\"193\" data-end=\"209\">I\u0161matavimai:<\/strong><\/p>\n<ul data-start=\"210\" data-end=\"352\">\n<li data-start=\"210\" data-end=\"257\">\n<p data-start=\"212\" data-end=\"257\">Auk\u0161tis su plastikiniu dangteliu \u2013 ~11,5 cm<\/p>\n<\/li>\n<li data-start=\"258\" data-end=\"290\">\n<p data-start=\"260\" data-end=\"290\">Auk\u0161tis be dangtelio \u2013 ~9 cm<\/p>\n<\/li>\n<li data-start=\"291\" data-end=\"313\">\n<p data-start=\"293\" data-end=\"313\">Skersmuo \u2013 ~4,5 cm<\/p>\n<\/li>\n<li data-start=\"314\" data-end=\"352\">\n<p data-start=\"316\" data-end=\"352\">Kaklelio vidinis skersmuo \u2013 ~18 mm<\/p>\n<\/li>\n<\/ul>\n<p data-start=\"354\" data-end=\"421\" data-is-last-node=\"\" data-is-only-node=\"\"><strong data-start=\"354\" data-end=\"368\">Komplekte:<\/strong> plastikinis dangtelis ir 5 vnt. nam\u0173 kvapo lazdeli\u0173.<\/p>\n<p>&nbsp;<\/p>\n<p>&nbsp;<\/p>","protected":false},"featured_media":8354,"comment_status":"closed","ping_status":"closed","template":"","meta":[],"product_brand":[],"product_cat":[73],"product_tag":[238,239,209,210,237,179],"class_list":{"0":"post-8353","1":"product","2":"type-product","3":"status-publish","4":"has-post-thumbnail","6":"product_cat-stiklo-tara","7":"product_tag-namu-kvapo-buteliukas","8":"product_tag-namu-kvapo-lazdeles","9":"product_tag-parfumeriams","10":"product_tag-prabangus-buteliukas","11":"product_tag-stiklinis-buteliukas-kvapui","12":"product_tag-stiklo-buteliukas","14":"first","15":"instock","16":"shipping-taxable","17":"purchasable","18":"product-type-simple"},"yoast_head":"<!-- This site is optimized with the Yoast SEO plugin v24.8.1 - https:\/\/yoast.com\/wordpress\/plugins\/seo\/ -->\n<title>Prabangus buteliukas nam\u0173 kvapui su lazdel\u0117mis, 50 ml talpos - Levand\u0173 pieva<\/title>\n<meta name=\"description\" content=\"Nam\u0173 kvapas su lazdel\u0117mis 50 ml \u2013 tai eleganti\u0161kas ir prakti\u0161kas sprendimas jaukiai nam\u0173 atmosferai kurti. Kompakti\u0161kos talpos stiklinis buteliukas su dekoratyviniu auksin\u0117s spalvos kaklelio apvadu subtiliai papildo interjer\u0105 ir tinka tiek moderniems, tiek klasikiniams namams.50 ml talpa idealiai pritaikyta ma\u017eesn\u0117ms erdv\u0117ms: vonios kambariui, miegamajam, darbo kambariui ar biurui. Kvapas skleid\u017eiamas tolygiai, o intensyvum\u0105 galima reguliuoti \u2013 kuo daugiau lazdeli\u0173 \u012fstatysite, tuo stipresnis bus aromatas.Produkto savyb\u0117s:Talpa \u2013 50 mlStiklinis buteliukasAuksin\u0117s spalvos kaklelio apvadasPlastikinis sandarinimo dangtelisKomplekte \u2013 5 vnt. nam\u0173 kvapo lazdeli\u0173Nam\u0173 kvapas su lazdel\u0117mis 50 ml puikiai tinka dovanai, testavimui ar ma\u017eoms patalpoms. Kompakti\u0161kas dydis leid\u017eia lengvai pritaikyti j\u012f lentynoje, komodoje ar vonios kambaryje, neu\u017eimant daug vietos.Jei ie\u0161kote subtilaus, esteti\u0161ko ir funkcionalaus sprendimo, \u0161is nam\u0173 kvapas su lazdel\u0117mis bus prakti\u0161kas pasirinkimas kasdieniam naudojimui.\" \/>\n<meta name=\"robots\" content=\"index, follow, max-snippet:-1, max-image-preview:large, max-video-preview:-1\" \/>\n<link rel=\"canonical\" href=\"https:\/\/levandupieva.lt\/en\/product\/namu-kvapas-su-lazdelemis-50-ml-stiklinis-buteliukas-su-auksiniu-kaklelio-apvadu\/\" \/>\n<meta property=\"og:locale\" content=\"en_GB\" \/>\n<meta property=\"og:type\" content=\"article\" \/>\n<meta property=\"og:title\" content=\"Prabangus buteliukas nam\u0173 kvapui su lazdel\u0117mis, 50 ml talpos - Levand\u0173 pieva\" \/>\n<meta property=\"og:description\" content=\"Nam\u0173 kvapas su lazdel\u0117mis 50 ml \u2013 tai eleganti\u0161kas ir prakti\u0161kas sprendimas jaukiai nam\u0173 atmosferai kurti. Kompakti\u0161kos talpos stiklinis buteliukas su dekoratyviniu auksin\u0117s spalvos kaklelio apvadu subtiliai papildo interjer\u0105 ir tinka tiek moderniems, tiek klasikiniams namams.50 ml talpa idealiai pritaikyta ma\u017eesn\u0117ms erdv\u0117ms: vonios kambariui, miegamajam, darbo kambariui ar biurui. Kvapas skleid\u017eiamas tolygiai, o intensyvum\u0105 galima reguliuoti \u2013 kuo daugiau lazdeli\u0173 \u012fstatysite, tuo stipresnis bus aromatas.Produkto savyb\u0117s:Talpa \u2013 50 mlStiklinis buteliukasAuksin\u0117s spalvos kaklelio apvadasPlastikinis sandarinimo dangtelisKomplekte \u2013 5 vnt. nam\u0173 kvapo lazdeli\u0173Nam\u0173 kvapas su lazdel\u0117mis 50 ml puikiai tinka dovanai, testavimui ar ma\u017eoms patalpoms. Kompakti\u0161kas dydis leid\u017eia lengvai pritaikyti j\u012f lentynoje, komodoje ar vonios kambaryje, neu\u017eimant daug vietos.Jei ie\u0161kote subtilaus, esteti\u0161ko ir funkcionalaus sprendimo, \u0161is nam\u0173 kvapas su lazdel\u0117mis bus prakti\u0161kas pasirinkimas kasdieniam naudojimui.\" \/>\n<meta property=\"og:url\" content=\"https:\/\/levandupieva.lt\/en\/product\/namu-kvapas-su-lazdelemis-50-ml-stiklinis-buteliukas-su-auksiniu-kaklelio-apvadu\/\" \/>\n<meta property=\"og:site_name\" content=\"Levand\u0173 pieva\" \/>\n<meta property=\"article:publisher\" content=\"https:\/\/www.facebook.com\/Levandupieva\" \/>\n<meta property=\"article:modified_time\" content=\"2026-02-24T13:04:01+00:00\" \/>\n<meta property=\"og:image\" content=\"https:\/\/levandupieva.lt\/wp-content\/uploads\/2026\/02\/IMG_8510.jpg\" \/>\n\t<meta property=\"og:image:width\" content=\"1135\" \/>\n\t<meta property=\"og:image:height\" content=\"1531\" \/>\n\t<meta property=\"og:image:type\" content=\"image\/jpeg\" \/>\n<meta name=\"twitter:card\" content=\"summary_large_image\" \/>\n<meta name=\"twitter:label1\" content=\"Estimated reading time\" \/>\n\t<meta name=\"twitter:data1\" content=\"1 minute\" \/>\n<script type=\"application\/ld+json\" class=\"yoast-schema-graph\">{\"@context\":\"https:\/\/schema.org\",\"@graph\":[{\"@type\":\"WebPage\",\"@id\":\"https:\/\/levandupieva.lt\/produktas\/namu-kvapas-su-lazdelemis-50-ml-stiklinis-buteliukas-su-auksiniu-kaklelio-apvadu\/\",\"url\":\"https:\/\/levandupieva.lt\/produktas\/namu-kvapas-su-lazdelemis-50-ml-stiklinis-buteliukas-su-auksiniu-kaklelio-apvadu\/\",\"name\":\"Prabangus buteliukas nam\u0173 kvapui su lazdel\u0117mis, 50 ml talpos - Levand\u0173 pieva\",\"isPartOf\":{\"@id\":\"https:\/\/levandupieva.lt\/#website\"},\"primaryImageOfPage\":{\"@id\":\"https:\/\/levandupieva.lt\/produktas\/namu-kvapas-su-lazdelemis-50-ml-stiklinis-buteliukas-su-auksiniu-kaklelio-apvadu\/#primaryimage\"},\"image\":{\"@id\":\"https:\/\/levandupieva.lt\/produktas\/namu-kvapas-su-lazdelemis-50-ml-stiklinis-buteliukas-su-auksiniu-kaklelio-apvadu\/#primaryimage\"},\"thumbnailUrl\":\"https:\/\/levandupieva.lt\/wp-content\/uploads\/2026\/02\/IMG_8510.jpg\",\"datePublished\":\"2026-02-24T12:45:58+00:00\",\"dateModified\":\"2026-02-24T13:04:01+00:00\",\"description\":\"Nam\u0173 kvapas su lazdel\u0117mis 50 ml \u2013 tai eleganti\u0161kas ir prakti\u0161kas sprendimas jaukiai nam\u0173 atmosferai kurti. Kompakti\u0161kos talpos stiklinis buteliukas su dekoratyviniu auksin\u0117s spalvos kaklelio apvadu subtiliai papildo interjer\u0105 ir tinka tiek moderniems, tiek klasikiniams namams.50 ml talpa idealiai pritaikyta ma\u017eesn\u0117ms erdv\u0117ms: vonios kambariui, miegamajam, darbo kambariui ar biurui. Kvapas skleid\u017eiamas tolygiai, o intensyvum\u0105 galima reguliuoti \u2013 kuo daugiau lazdeli\u0173 \u012fstatysite, tuo stipresnis bus aromatas.Produkto savyb\u0117s:Talpa \u2013 50 mlStiklinis buteliukasAuksin\u0117s spalvos kaklelio apvadasPlastikinis sandarinimo dangtelisKomplekte \u2013 5 vnt. nam\u0173 kvapo lazdeli\u0173Nam\u0173 kvapas su lazdel\u0117mis 50 ml puikiai tinka dovanai, testavimui ar ma\u017eoms patalpoms. Kompakti\u0161kas dydis leid\u017eia lengvai pritaikyti j\u012f lentynoje, komodoje ar vonios kambaryje, neu\u017eimant daug vietos.Jei ie\u0161kote subtilaus, esteti\u0161ko ir funkcionalaus sprendimo, \u0161is nam\u0173 kvapas su lazdel\u0117mis bus prakti\u0161kas pasirinkimas kasdieniam naudojimui.\",\"breadcrumb\":{\"@id\":\"https:\/\/levandupieva.lt\/produktas\/namu-kvapas-su-lazdelemis-50-ml-stiklinis-buteliukas-su-auksiniu-kaklelio-apvadu\/#breadcrumb\"},\"inLanguage\":\"en-GB\",\"potentialAction\":[{\"@type\":\"ReadAction\",\"target\":[\"https:\/\/levandupieva.lt\/produktas\/namu-kvapas-su-lazdelemis-50-ml-stiklinis-buteliukas-su-auksiniu-kaklelio-apvadu\/\"]}]},{\"@type\":\"ImageObject\",\"inLanguage\":\"en-GB\",\"@id\":\"https:\/\/levandupieva.lt\/produktas\/namu-kvapas-su-lazdelemis-50-ml-stiklinis-buteliukas-su-auksiniu-kaklelio-apvadu\/#primaryimage\",\"url\":\"https:\/\/levandupieva.lt\/wp-content\/uploads\/2026\/02\/IMG_8510.jpg\",\"contentUrl\":\"https:\/\/levandupieva.lt\/wp-content\/uploads\/2026\/02\/IMG_8510.jpg\",\"width\":1135,\"height\":1531,\"caption\":\"Screenshot\"},{\"@type\":\"BreadcrumbList\",\"@id\":\"https:\/\/levandupieva.lt\/produktas\/namu-kvapas-su-lazdelemis-50-ml-stiklinis-buteliukas-su-auksiniu-kaklelio-apvadu\/#breadcrumb\",\"itemListElement\":[{\"@type\":\"ListItem\",\"position\":1,\"name\":\"Home\",\"item\":\"https:\/\/levandupieva.lt\/\"},{\"@type\":\"ListItem\",\"position\":2,\"name\":\"Parduotuv\u0117\",\"item\":\"https:\/\/levandupieva.lt\/parduotuve\/\"},{\"@type\":\"ListItem\",\"position\":3,\"name\":\"Prabangus buteliukas nam\u0173 kvapui su lazdel\u0117mis, 50 ml talpos\"}]},{\"@type\":\"WebSite\",\"@id\":\"https:\/\/levandupieva.lt\/#website\",\"url\":\"https:\/\/levandupieva.lt\/\",\"name\":\"Levand\u0173 pieva\",\"description\":\"\",\"publisher\":{\"@id\":\"https:\/\/levandupieva.lt\/#organization\"},\"potentialAction\":[{\"@type\":\"SearchAction\",\"target\":{\"@type\":\"EntryPoint\",\"urlTemplate\":\"https:\/\/levandupieva.lt\/?s={search_term_string}\"},\"query-input\":{\"@type\":\"PropertyValueSpecification\",\"valueRequired\":true,\"valueName\":\"search_term_string\"}}],\"inLanguage\":\"en-GB\"},{\"@type\":\"Organization\",\"@id\":\"https:\/\/levandupieva.lt\/#organization\",\"name\":\"Levan\u0173 Pieva\",\"url\":\"https:\/\/levandupieva.lt\/\",\"logo\":{\"@type\":\"ImageObject\",\"inLanguage\":\"en-GB\",\"@id\":\"https:\/\/levandupieva.lt\/#\/schema\/logo\/image\/\",\"url\":\"https:\/\/levandupieva.lt\/wp-content\/uploads\/2021\/03\/cropped-logo-e1446013442350.png\",\"contentUrl\":\"https:\/\/levandupieva.lt\/wp-content\/uploads\/2021\/03\/cropped-logo-e1446013442350.png\",\"width\":654,\"height\":287,\"caption\":\"Levan\u0173 Pieva\"},\"image\":{\"@id\":\"https:\/\/levandupieva.lt\/#\/schema\/logo\/image\/\"},\"sameAs\":[\"https:\/\/www.facebook.com\/Levandupieva\"]}]}<\/script>\n<!-- \/ Yoast SEO plugin. -->","yoast_head_json":{"title":"Prabangus buteliukas nam\u0173 kvapui su lazdel\u0117mis, 50 ml talpos - Levand\u0173 pieva","description":"Nam\u0173 kvapas su lazdel\u0117mis 50 ml \u2013 tai eleganti\u0161kas ir prakti\u0161kas sprendimas jaukiai nam\u0173 atmosferai kurti. Kompakti\u0161kos talpos stiklinis buteliukas su dekoratyviniu auksin\u0117s spalvos kaklelio apvadu subtiliai papildo interjer\u0105 ir tinka tiek moderniems, tiek klasikiniams namams.50 ml talpa idealiai pritaikyta ma\u017eesn\u0117ms erdv\u0117ms: vonios kambariui, miegamajam, darbo kambariui ar biurui. Kvapas skleid\u017eiamas tolygiai, o intensyvum\u0105 galima reguliuoti \u2013 kuo daugiau lazdeli\u0173 \u012fstatysite, tuo stipresnis bus aromatas.Produkto savyb\u0117s:Talpa \u2013 50 mlStiklinis buteliukasAuksin\u0117s spalvos kaklelio apvadasPlastikinis sandarinimo dangtelisKomplekte \u2013 5 vnt. nam\u0173 kvapo lazdeli\u0173Nam\u0173 kvapas su lazdel\u0117mis 50 ml puikiai tinka dovanai, testavimui ar ma\u017eoms patalpoms. Kompakti\u0161kas dydis leid\u017eia lengvai pritaikyti j\u012f lentynoje, komodoje ar vonios kambaryje, neu\u017eimant daug vietos.Jei ie\u0161kote subtilaus, esteti\u0161ko ir funkcionalaus sprendimo, \u0161is nam\u0173 kvapas su lazdel\u0117mis bus prakti\u0161kas pasirinkimas kasdieniam naudojimui.","robots":{"index":"index","follow":"follow","max-snippet":"max-snippet:-1","max-image-preview":"max-image-preview:large","max-video-preview":"max-video-preview:-1"},"canonical":"https:\/\/levandupieva.lt\/en\/product\/namu-kvapas-su-lazdelemis-50-ml-stiklinis-buteliukas-su-auksiniu-kaklelio-apvadu\/","og_locale":"en_GB","og_type":"article","og_title":"Prabangus buteliukas nam\u0173 kvapui su lazdel\u0117mis, 50 ml talpos - Levand\u0173 pieva","og_description":"Nam\u0173 kvapas su lazdel\u0117mis 50 ml \u2013 tai eleganti\u0161kas ir prakti\u0161kas sprendimas jaukiai nam\u0173 atmosferai kurti. Kompakti\u0161kos talpos stiklinis buteliukas su dekoratyviniu auksin\u0117s spalvos kaklelio apvadu subtiliai papildo interjer\u0105 ir tinka tiek moderniems, tiek klasikiniams namams.50 ml talpa idealiai pritaikyta ma\u017eesn\u0117ms erdv\u0117ms: vonios kambariui, miegamajam, darbo kambariui ar biurui. Kvapas skleid\u017eiamas tolygiai, o intensyvum\u0105 galima reguliuoti \u2013 kuo daugiau lazdeli\u0173 \u012fstatysite, tuo stipresnis bus aromatas.Produkto savyb\u0117s:Talpa \u2013 50 mlStiklinis buteliukasAuksin\u0117s spalvos kaklelio apvadasPlastikinis sandarinimo dangtelisKomplekte \u2013 5 vnt. nam\u0173 kvapo lazdeli\u0173Nam\u0173 kvapas su lazdel\u0117mis 50 ml puikiai tinka dovanai, testavimui ar ma\u017eoms patalpoms. Kompakti\u0161kas dydis leid\u017eia lengvai pritaikyti j\u012f lentynoje, komodoje ar vonios kambaryje, neu\u017eimant daug vietos.Jei ie\u0161kote subtilaus, esteti\u0161ko ir funkcionalaus sprendimo, \u0161is nam\u0173 kvapas su lazdel\u0117mis bus prakti\u0161kas pasirinkimas kasdieniam naudojimui.","og_url":"https:\/\/levandupieva.lt\/en\/product\/namu-kvapas-su-lazdelemis-50-ml-stiklinis-buteliukas-su-auksiniu-kaklelio-apvadu\/","og_site_name":"Levand\u0173 pieva","article_publisher":"https:\/\/www.facebook.com\/Levandupieva","article_modified_time":"2026-02-24T13:04:01+00:00","og_image":[{"width":1135,"height":1531,"url":"https:\/\/levandupieva.lt\/wp-content\/uploads\/2026\/02\/IMG_8510.jpg","type":"image\/jpeg"}],"twitter_card":"summary_large_image","twitter_misc":{"Estimated reading time":"1 minute"},"schema":{"@context":"https:\/\/schema.org","@graph":[{"@type":"WebPage","@id":"https:\/\/levandupieva.lt\/produktas\/namu-kvapas-su-lazdelemis-50-ml-stiklinis-buteliukas-su-auksiniu-kaklelio-apvadu\/","url":"https:\/\/levandupieva.lt\/produktas\/namu-kvapas-su-lazdelemis-50-ml-stiklinis-buteliukas-su-auksiniu-kaklelio-apvadu\/","name":"Prabangus buteliukas nam\u0173 kvapui su lazdel\u0117mis, 50 ml talpos - Levand\u0173 pieva","isPartOf":{"@id":"https:\/\/levandupieva.lt\/#website"},"primaryImageOfPage":{"@id":"https:\/\/levandupieva.lt\/produktas\/namu-kvapas-su-lazdelemis-50-ml-stiklinis-buteliukas-su-auksiniu-kaklelio-apvadu\/#primaryimage"},"image":{"@id":"https:\/\/levandupieva.lt\/produktas\/namu-kvapas-su-lazdelemis-50-ml-stiklinis-buteliukas-su-auksiniu-kaklelio-apvadu\/#primaryimage"},"thumbnailUrl":"https:\/\/levandupieva.lt\/wp-content\/uploads\/2026\/02\/IMG_8510.jpg","datePublished":"2026-02-24T12:45:58+00:00","dateModified":"2026-02-24T13:04:01+00:00","description":"Nam\u0173 kvapas su lazdel\u0117mis 50 ml \u2013 tai eleganti\u0161kas ir prakti\u0161kas sprendimas jaukiai nam\u0173 atmosferai kurti. Kompakti\u0161kos talpos stiklinis buteliukas su dekoratyviniu auksin\u0117s spalvos kaklelio apvadu subtiliai papildo interjer\u0105 ir tinka tiek moderniems, tiek klasikiniams namams.50 ml talpa idealiai pritaikyta ma\u017eesn\u0117ms erdv\u0117ms: vonios kambariui, miegamajam, darbo kambariui ar biurui. Kvapas skleid\u017eiamas tolygiai, o intensyvum\u0105 galima reguliuoti \u2013 kuo daugiau lazdeli\u0173 \u012fstatysite, tuo stipresnis bus aromatas.Produkto savyb\u0117s:Talpa \u2013 50 mlStiklinis buteliukasAuksin\u0117s spalvos kaklelio apvadasPlastikinis sandarinimo dangtelisKomplekte \u2013 5 vnt. nam\u0173 kvapo lazdeli\u0173Nam\u0173 kvapas su lazdel\u0117mis 50 ml puikiai tinka dovanai, testavimui ar ma\u017eoms patalpoms. Kompakti\u0161kas dydis leid\u017eia lengvai pritaikyti j\u012f lentynoje, komodoje ar vonios kambaryje, neu\u017eimant daug vietos.Jei ie\u0161kote subtilaus, esteti\u0161ko ir funkcionalaus sprendimo, \u0161is nam\u0173 kvapas su lazdel\u0117mis bus prakti\u0161kas pasirinkimas kasdieniam naudojimui.","breadcrumb":{"@id":"https:\/\/levandupieva.lt\/produktas\/namu-kvapas-su-lazdelemis-50-ml-stiklinis-buteliukas-su-auksiniu-kaklelio-apvadu\/#breadcrumb"},"inLanguage":"en-GB","potentialAction":[{"@type":"ReadAction","target":["https:\/\/levandupieva.lt\/produktas\/namu-kvapas-su-lazdelemis-50-ml-stiklinis-buteliukas-su-auksiniu-kaklelio-apvadu\/"]}]},{"@type":"ImageObject","inLanguage":"en-GB","@id":"https:\/\/levandupieva.lt\/produktas\/namu-kvapas-su-lazdelemis-50-ml-stiklinis-buteliukas-su-auksiniu-kaklelio-apvadu\/#primaryimage","url":"https:\/\/levandupieva.lt\/wp-content\/uploads\/2026\/02\/IMG_8510.jpg","contentUrl":"https:\/\/levandupieva.lt\/wp-content\/uploads\/2026\/02\/IMG_8510.jpg","width":1135,"height":1531,"caption":"Screenshot"},{"@type":"BreadcrumbList","@id":"https:\/\/levandupieva.lt\/produktas\/namu-kvapas-su-lazdelemis-50-ml-stiklinis-buteliukas-su-auksiniu-kaklelio-apvadu\/#breadcrumb","itemListElement":[{"@type":"ListItem","position":1,"name":"Home","item":"https:\/\/levandupieva.lt\/"},{"@type":"ListItem","position":2,"name":"Parduotuv\u0117","item":"https:\/\/levandupieva.lt\/parduotuve\/"},{"@type":"ListItem","position":3,"name":"Prabangus buteliukas nam\u0173 kvapui su lazdel\u0117mis, 50 ml talpos"}]},{"@type":"WebSite","@id":"https:\/\/levandupieva.lt\/#website","url":"https:\/\/levandupieva.lt\/","name":"Levand\u0173 pieva","description":"","publisher":{"@id":"https:\/\/levandupieva.lt\/#organization"},"potentialAction":[{"@type":"SearchAction","target":{"@type":"EntryPoint","urlTemplate":"https:\/\/levandupieva.lt\/?s={search_term_string}"},"query-input":{"@type":"PropertyValueSpecification","valueRequired":true,"valueName":"search_term_string"}}],"inLanguage":"en-GB"},{"@type":"Organization","@id":"https:\/\/levandupieva.lt\/#organization","name":"Levan\u0173 Pieva","url":"https:\/\/levandupieva.lt\/","logo":{"@type":"ImageObject","inLanguage":"en-GB","@id":"https:\/\/levandupieva.lt\/#\/schema\/logo\/image\/","url":"https:\/\/levandupieva.lt\/wp-content\/uploads\/2021\/03\/cropped-logo-e1446013442350.png","contentUrl":"https:\/\/levandupieva.lt\/wp-content\/uploads\/2021\/03\/cropped-logo-e1446013442350.png","width":654,"height":287,"caption":"Levan\u0173 Pieva"},"image":{"@id":"https:\/\/levandupieva.lt\/#\/schema\/logo\/image\/"},"sameAs":["https:\/\/www.facebook.com\/Levandupieva"]}]}},"_links":{"self":[{"href":"https:\/\/levandupieva.lt\/en\/wp-json\/wp\/v2\/product\/8353","targetHints":{"allow":["GET"]}}],"collection":[{"href":"https:\/\/levandupieva.lt\/en\/wp-json\/wp\/v2\/product"}],"about":[{"href":"https:\/\/levandupieva.lt\/en\/wp-json\/wp\/v2\/types\/product"}],"replies":[{"embeddable":true,"href":"https:\/\/levandupieva.lt\/en\/wp-json\/wp\/v2\/comments?post=8353"}],"wp:featuredmedia":[{"embeddable":true,"href":"https:\/\/levandupieva.lt\/en\/wp-json\/wp\/v2\/media\/8354"}],"wp:attachment":[{"href":"https:\/\/levandupieva.lt\/en\/wp-json\/wp\/v2\/media?parent=8353"}],"wp:term":[{"taxonomy":"product_brand","embeddable":true,"href":"https:\/\/levandupieva.lt\/en\/wp-json\/wp\/v2\/product_brand?post=8353"},{"taxonomy":"product_cat","embeddable":true,"href":"https:\/\/levandupieva.lt\/en\/wp-json\/wp\/v2\/product_cat?post=8353"},{"taxonomy":"product_tag","embeddable":true,"href":"https:\/\/levandupieva.lt\/en\/wp-json\/wp\/v2\/product_tag?post=8353"}],"curies":[{"name":"wp","href":"https:\/\/api.w.org\/{rel}","templated":true}]}}